{"id":24138,"date":"2025-04-13T17:41:08","date_gmt":"2025-04-13T17:41:08","guid":{"rendered":"https:\/\/onderzoekschemicals.com\/?post_type=product&#038;p=24138"},"modified":"2025-10-13T10:25:12","modified_gmt":"2025-10-13T10:25:12","slug":"chem-mist-2f-dck-30-spray","status":"publish","type":"product","link":"https:\/\/onderzoekschemicals.com\/sl\/shop\/b2b\/chem-mist-2f-dck-30-spray\/","title":{"rendered":"Chem-mist 2F-DCK 30% sprej"},"content":{"rendered":"<p data-start=\"4763\" data-end=\"5327\">2F-DCK 30% sprej (Vanilla Sky) je natan\u010dno formulirana raziskovalna kemi\u010dna raztopina, zasnovana za laboratorijsko in znanstveno uporabo. Sprej vsebuje 2-fluorodeskloroketamin (2F-DCK) v koncentraciji 30 % % v stabilizirani vodni osnovi za pr\u0161enje, kar omogo\u010da nadzorovano odmerjanje z nosno uporabo. Ta inovativni sistem dajanja poenostavlja rokovanje, izbolj\u0161uje doslednost odmerka in optimizira absorpcijske profile v nadzorovanih eksperimentalnih okoljih. (Ni namenjeno za uporabo pri ljudeh) Chem-mist 2F-DCK 30% sprej<\/p>\n<hr data-start=\"5329\" data-end=\"5332\" \/>\n<h3 data-start=\"5334\" data-end=\"5367\">Klju\u010dne lastnosti<\/h3>\n<ul data-start=\"5368\" data-end=\"6003\">\n<li data-start=\"5368\" data-end=\"5469\">\n<p data-start=\"5370\" data-end=\"5469\"><strong data-start=\"5370\" data-end=\"5398\">Visoka koncentracija (30 %)<\/strong>: Zagotavlja mo\u010dan odmerek 2F-DCK v kompaktni obliki pr\u0161ila.<\/p>\n<\/li>\n<li data-start=\"5470\" data-end=\"5546\">\n<p data-start=\"5472\" data-end=\"5546\"><strong data-start=\"5472\" data-end=\"5504\">Okus vanilije (&quot;Vaniljevo nebo&quot;)<\/strong>: Blag vonj, ki prikrije grenkobo.<\/p>\n<\/li>\n<li data-start=\"5547\" data-end=\"5636\">\n<p data-start=\"5549\" data-end=\"5636\"><strong data-start=\"5549\" data-end=\"5580\">Ve\u010d kot 70 razpr\u0161kov na stekleni\u010dko<\/strong>Vsaka brizga dostavi pribli\u017eno 42 mg 2F-DCK na vdih.<\/p>\n<\/li>\n<li data-start=\"5637\" data-end=\"5776\">\n<p data-start=\"5639\" data-end=\"5776\"><strong data-start=\"5639\" data-end=\"5674\">Formulirano s stabilizatorji<\/strong>Vsebuje dodatke, kot so E1520, NaCl in puferske oblike (E150, E339) za vzdr\u017eevanje pH in stabilnosti.<\/p>\n<\/li>\n<li data-start=\"5777\" data-end=\"5928\">\n<p data-start=\"5779\" data-end=\"5928\"><strong data-start=\"5779\" data-end=\"5813\">Pakirano za raziskovalno uporabo<\/strong>Prodaja se in je ozna\u010deno samo za znanstvenoraziskovalno uporabo, z opozorili in navodili za shranjevanje.<\/p>\n<\/li>\n<li data-start=\"5929\" data-end=\"6003\">\n<p data-start=\"5931\" data-end=\"6003\"><strong data-start=\"5931\" data-end=\"5958\">Visoka \u010distost (&gt;98 %)<\/strong>V skladu s specifikacijami dobavitelja. Chem-mist 2F-DCK 30% sprej<\/p>\n<\/li>\n<\/ul>\n<hr data-start=\"6005\" data-end=\"6008\" \/>\n<h3 data-start=\"6010\" data-end=\"6064\">Prednosti (za raziskovalno\/laboratorijsko uporabo)<\/h3>\n<ol data-start=\"6065\" data-end=\"6906\">\n<li data-start=\"6065\" data-end=\"6242\">\n<p data-start=\"6068\" data-end=\"6242\"><strong data-start=\"6068\" data-end=\"6097\">Natan\u010den nadzor odmerka<\/strong><br data-start=\"6097\" data-end=\"6100\" \/>Format pr\u0161enja omogo\u010da ponovljivo mikrodoziranje, kar zmanj\u0161uje variabilnost, povezano s pipetiranjem ali tehtanjem.<\/p>\n<\/li>\n<li data-start=\"6244\" data-end=\"6429\">\n<p data-start=\"6247\" data-end=\"6429\"><strong data-start=\"6247\" data-end=\"6279\">Izbolj\u0161ana kinetika absorpcije<\/strong><br data-start=\"6279\" data-end=\"6282\" \/>Absorpcija skozi nosno sluznico je obi\u010dajno hitrej\u0161a kot pri peroralni uporabi in lahko v primerjalnih \u0161tudijah omogo\u010di takoj\u0161nji za\u010detek delovanja.<\/p>\n<\/li>\n<li data-start=\"6431\" data-end=\"6604\">\n<p data-start=\"6434\" data-end=\"6604\"><strong data-start=\"6434\" data-end=\"6469\">Enostavna uporaba in shranjevanje<\/strong><br data-start=\"6469\" data-end=\"6472\" \/>Zaprta pr\u0161ilka zmanj\u0161a tveganje razlitja, kontaminacije ali oksidacije v primerjavi z razsutimi pra\u0161ki ali teko\u010dinami v razsutem stanju.<\/p>\n<\/li>\n<li data-start=\"6606\" data-end=\"6777\">\n<p data-start=\"6609\" data-end=\"6777\"><strong data-start=\"6609\" data-end=\"6651\">Dosledna priprava vzorcev<\/strong><br data-start=\"6651\" data-end=\"6654\" \/>Vsako aktiviranje je standardizirano, kar podpira skladnost med meritvami in eksperimentalno ponovljivost.<\/p>\n<\/li>\n<li data-start=\"6779\" data-end=\"6906\">\n<p data-start=\"6782\" data-end=\"6906\"><strong data-start=\"6782\" data-end=\"6804\">Manj odpadkov<\/strong><br data-start=\"6804\" data-end=\"6807\" \/>V primerjavi z manj nadzorovanimi metodami nana\u0161anja obi\u010dajno ostane malo ostankov.<\/p>\n<\/li>\n<\/ol>\n<hr data-start=\"6908\" data-end=\"6911\" \/>\n<h3 data-start=\"6913\" data-end=\"6970\">Kako uporabljati (samo za raziskovalne namene)<\/h3>\n<blockquote data-start=\"6971\" data-end=\"7261\">\n<p data-start=\"6973\" data-end=\"7261\"><strong data-start=\"6973\" data-end=\"7012\">Pomembno varnostno opozorilo<\/strong>Ta izdelek je <strong data-start=\"7029\" data-end=\"7037\">ne<\/strong> Namenjeno za prehrano ljudi. Uporabljajte samo v nadzorovanih laboratorijskih okoljih, z ustrezno osebno za\u0161\u010ditno opremo (OZO), izpu\u0161nimi sistemi in v skladu z varnostnimi protokoli va\u0161e ustanove.<\/p>\n<\/blockquote>\n<ol data-start=\"7263\" data-end=\"8267\">\n<li data-start=\"7263\" data-end=\"7515\">\n<p data-start=\"7266\" data-end=\"7296\"><strong data-start=\"7266\" data-end=\"7294\">Pripravljalni pregledi<\/strong><\/p>\n<ul data-start=\"7300\" data-end=\"7515\">\n<li data-start=\"7300\" data-end=\"7365\">\n<p data-start=\"7302\" data-end=\"7365\">Preverite, ali pr\u0161ilo deluje (morda bo potrebno polnjenje).<\/p>\n<\/li>\n<li data-start=\"7369\" data-end=\"7411\">\n<p data-start=\"7371\" data-end=\"7411\">Preverite \u0161obo glede blokad.<\/p>\n<\/li>\n<li data-start=\"7415\" data-end=\"7515\">\n<p data-start=\"7417\" data-end=\"7515\">Prepri\u010dajte se, da je temperatura okolice v skladu s smernicami za shranjevanje (po mo\u017enosti hladno in temno).<\/p>\n<\/li>\n<\/ul>\n<\/li>\n<li data-start=\"7517\" data-end=\"7798\">\n<p data-start=\"7520\" data-end=\"7534\"><strong data-start=\"7520\" data-end=\"7532\">Odmerjanje<\/strong><\/p>\n<ul data-start=\"7538\" data-end=\"7798\">\n<li data-start=\"7538\" data-end=\"7683\">\n<p data-start=\"7540\" data-end=\"7683\">\u0160obo namestite na ponovljivo fiksno razdaljo (npr. 1\u20132 cm) od povr\u0161ine ali cilja (nosne sluznice in vitro ali ex vivo).<\/p>\n<\/li>\n<li data-start=\"7687\" data-end=\"7762\">\n<p data-start=\"7689\" data-end=\"7762\">Pritisnite razpr\u0161ilec enkrat (ali ve\u010dkrat, odvisno od va\u0161ega protokola).<\/p>\n<\/li>\n<li data-start=\"7766\" data-end=\"7798\">\n<p data-start=\"7768\" data-end=\"7798\">Upo\u0161tevajte \u0161tevilo spro\u017eitev.<\/p>\n<\/li>\n<\/ul>\n<\/li>\n<li data-start=\"7800\" data-end=\"8009\">\n<p data-start=\"7803\" data-end=\"7820\"><strong data-start=\"7803\" data-end=\"7818\">Po odmerku<\/strong><\/p>\n<ul data-start=\"7824\" data-end=\"8009\">\n<li data-start=\"7824\" data-end=\"7852\">\n<p data-start=\"7826\" data-end=\"7852\">Takoj namestite pokrov\u010dek nazaj.<\/p>\n<\/li>\n<li data-start=\"7856\" data-end=\"7914\">\n<p data-start=\"7858\" data-end=\"7914\">Hranite pokonci na hladnem, suhem in temnem mestu.<\/p>\n<\/li>\n<li data-start=\"7918\" data-end=\"8009\">\n<p data-start=\"7920\" data-end=\"8009\">Po potrebi \u0161obo sperite z ustreznim topilom (npr. deionizirano vodo).<\/p>\n<\/li>\n<\/ul>\n<\/li>\n<li data-start=\"8011\" data-end=\"8267\">\n<p data-start=\"8014\" data-end=\"8042\"><strong data-start=\"8014\" data-end=\"8040\">Varnostni ukrepi<\/strong><\/p>\n<ul data-start=\"8046\" data-end=\"8267\">\n<li data-start=\"8046\" data-end=\"8091\">\n<p data-start=\"8048\" data-end=\"8091\">Izogibajte se neposrednemu vdihavanju ali stiku s ko\u017eo.<\/p>\n<\/li>\n<li data-start=\"8095\" data-end=\"8194\">\n<p data-start=\"8097\" data-end=\"8194\">V primeru stika s ko\u017eo ali o\u010dmi: sperite z vodo in glejte varnostni list (SDS).<\/p>\n<\/li>\n<li data-start=\"8198\" data-end=\"8267\">\n<p data-start=\"8200\" data-end=\"8267\">Ostanke odstranite v skladu s predpisi o kemi\u010dnih odpadkih.<\/p>\n<\/li>\n<\/ul>\n<\/li>\n<\/ol>\n<hr data-start=\"8269\" data-end=\"8272\" \/>\n<h3 data-start=\"8274\" data-end=\"8305\">Pogosto zastavljena vpra\u0161anja (FAQ)<\/h3>\n<p data-start=\"8307\" data-end=\"8569\"><strong data-start=\"8307\" data-end=\"8392\">1. Ali je pr\u0161ilo Chem-mist 2F-DCK 30% namenjeno za uporabo pri ljudeh ali \u017eivalih?<\/strong><br data-start=\"8392\" data-end=\"8395\" \/>Ne. To je strogo za <strong data-start=\"8419\" data-end=\"8450\">samo za raziskovalne namene<\/strong>Dobavitelj in ozna\u010devanje poudarjata, da ni medicinski izdelek in ni primeren za uporabo v humani medicini.<\/p>\n<p data-start=\"8571\" data-end=\"8726\"><strong data-start=\"8571\" data-end=\"8614\">2. Koliko mg vsebuje en odmerek pr\u0161ila?<\/strong><br data-start=\"8614\" data-end=\"8617\" \/>Po navedbah dobavitelja en vbrizg povzro\u010di pribli\u017eno <strong data-start=\"8671\" data-end=\"8680\">42 mg<\/strong> 2F-DCK pri formulaciji koncentracije 30 %.<\/p>\n<p data-start=\"8728\" data-end=\"8963\"><strong data-start=\"8728\" data-end=\"8797\">3. Kako naj se pr\u0161ilo shranjuje in kak\u0161en je njegov rok uporabnosti?<\/strong><br data-start=\"8797\" data-end=\"8800\" \/>Prihranite pri <strong data-start=\"8814\" data-end=\"8839\">hladnem, temnem mestu<\/strong>, dobro zaprto. V teh pogojih ostane stabilno vsaj <strong data-start=\"8922\" data-end=\"8932\">2 leti<\/strong>, po trditvah dobavitelja.<\/p>","protected":false},"excerpt":{"rendered":"<p>2F-DCK 30% Spray (Vanilla Sky) is een precisie-geformuleerde onderzoekschemische oplossing, ontworpen voor laboratorium- en wetenschappelijk gebruik. De spray levert 2-fluorodeschloroketamine<\/p>","protected":false},"featured_media":20720,"comment_status":"closed","ping_status":"closed","template":"","meta":[],"product_brand":[],"product_cat":[555],"product_tag":[1096,326],"class_list":{"0":"post-24138","1":"product","2":"type-product","3":"status-publish","4":"has-post-thumbnail","6":"product_cat-b2b","7":"product_tag-chem-mist-2f-dck-30-spray","8":"product_tag-nl","10":"first","11":"instock","12":"taxable","13":"shipping-taxable","14":"purchasable","15":"product-type-variable"},"_links":{"self":[{"href":"https:\/\/onderzoekschemicals.com\/sl\/wp-json\/wp\/v2\/product\/24138","targetHints":{"allow":["GET"]}}],"collection":[{"href":"https:\/\/onderzoekschemicals.com\/sl\/wp-json\/wp\/v2\/product"}],"about":[{"href":"https:\/\/onderzoekschemicals.com\/sl\/wp-json\/wp\/v2\/types\/product"}],"replies":[{"embeddable":true,"href":"https:\/\/onderzoekschemicals.com\/sl\/wp-json\/wp\/v2\/comments?post=24138"}],"version-history":[{"count":3,"href":"https:\/\/onderzoekschemicals.com\/sl\/wp-json\/wp\/v2\/product\/24138\/revisions"}],"predecessor-version":[{"id":27856,"href":"https:\/\/onderzoekschemicals.com\/sl\/wp-json\/wp\/v2\/product\/24138\/revisions\/27856"}],"wp:featuredmedia":[{"embeddable":true,"href":"https:\/\/onderzoekschemicals.com\/sl\/wp-json\/wp\/v2\/media\/20720"}],"wp:attachment":[{"href":"https:\/\/onderzoekschemicals.com\/sl\/wp-json\/wp\/v2\/media?parent=24138"}],"wp:term":[{"taxonomy":"product_brand","embeddable":true,"href":"https:\/\/onderzoekschemicals.com\/sl\/wp-json\/wp\/v2\/product_brand?post=24138"},{"taxonomy":"product_cat","embeddable":true,"href":"https:\/\/onderzoekschemicals.com\/sl\/wp-json\/wp\/v2\/product_cat?post=24138"},{"taxonomy":"product_tag","embeddable":true,"href":"https:\/\/onderzoekschemicals.com\/sl\/wp-json\/wp\/v2\/product_tag?post=24138"}],"curies":[{"name":"delovni list","href":"https:\/\/api.w.org\/{rel}","templated":true}]}}