{"id":24119,"date":"2025-04-13T17:41:04","date_gmt":"2025-04-13T17:41:04","guid":{"rendered":"https:\/\/onderzoekschemicals.com\/?post_type=product&#038;p=24119"},"modified":"2025-10-14T08:34:47","modified_gmt":"2025-10-14T08:34:47","slug":"rc-metocin-blister","status":"publish","type":"product","link":"https:\/\/onderzoekschemicals.com\/sl\/shop\/b2b\/rc-metocin-blister\/","title":{"rendered":"RC+ Metocin pretisni omot"},"content":{"rendered":"<h3 data-start=\"5633\" data-end=\"5654\"><strong data-start=\"5637\" data-end=\"5652\">Uvod<\/strong><\/h3>\n<p data-start=\"5655\" data-end=\"6097\">The <strong data-start=\"5658\" data-end=\"5681\">RC+ Metocin pretisni omot<\/strong> je profesionalna raziskovalna kemi\u010dna formulacija, zasnovana za laboratorijske in analitske aplikacije. Vsebuje <strong data-start=\"5803\" data-end=\"5878\">4-hidroksi-N-metil-N-etiltriptamin (4-HO-MET, znan tudi kot Metocin)<\/strong> v individualno zaprtih peletih. Pakirani so v pretisnem omotu (obi\u010dajno 10 peletov), kar omogo\u010da la\u017eje odmerjanje, nadzor kontaminacije in sledljivo ravnanje. metocin<\/p>\n<p data-start=\"6099\" data-end=\"6290\">4-HO-MET je triptaminska spojina, sorodna psilocinu, ki se preiskuje v farmakologiji serotoninskih receptorjev in psihoaktivnih snovi.<\/p>\n<p data-start=\"6292\" data-end=\"6497\">Ta izdelek je namenjen samo za uporabo <strong data-start=\"6332\" data-end=\"6346\">laboratorijska uporaba<\/strong> \u2014 na primer \u0161tudije vezave receptorjev, analiti\u010dne kalibracije ali \u0161tudije strukture in aktivnosti \u2014 in je <strong data-start=\"6444\" data-end=\"6496\">ni primerno za uporabo pri ljudeh ali \u017eivalih<\/strong>.<\/p>\n<hr data-start=\"6499\" data-end=\"6502\" \/>\n<h3 data-start=\"6504\" data-end=\"6537\"><strong data-start=\"6508\" data-end=\"6535\">Klju\u010dne lastnosti<\/strong><\/h3>\n<ul data-start=\"6538\" data-end=\"7152\">\n<li data-start=\"6538\" data-end=\"6592\">\n<p data-start=\"6540\" data-end=\"6592\"><strong data-start=\"6540\" data-end=\"6557\">Aktivna sestavina:<\/strong> 4-HO-MET (Metocin) v obliki peletov<\/p>\n<\/li>\n<li data-start=\"6593\" data-end=\"6712\">\n<p data-start=\"6595\" data-end=\"6712\"><strong data-start=\"6595\" data-end=\"6619\">Odmerjanje na peleto:<\/strong> O nas <strong data-start=\"6629\" data-end=\"6638\">21 mg<\/strong> (kot so navedli dobavitelji)<\/p>\n<\/li>\n<li data-start=\"6713\" data-end=\"6839\">\n<p data-start=\"6715\" data-end=\"6839\"><strong data-start=\"6715\" data-end=\"6743\">Visoka \u010distost (\u2265 98 %)<\/strong>Ozna\u010deno kot visoko \u010dist raziskovalni material<\/p>\n<\/li>\n<li data-start=\"6840\" data-end=\"6931\">\n<p data-start=\"6842\" data-end=\"6931\"><strong data-start=\"6842\" data-end=\"6864\">Pretisni omot:<\/strong> Vsaka peleta je individualno zaprta za zmanj\u0161anje kontaminacije<\/p>\n<\/li>\n<li data-start=\"6932\" data-end=\"7070\">\n<p data-start=\"6934\" data-end=\"7070\"><strong data-start=\"6934\" data-end=\"6966\">Sledljivost serije in lota:<\/strong> Vsak pretisni omot vsebuje identifikacijske kode za nadzor kakovosti<\/p>\n<\/li>\n<li data-start=\"7071\" data-end=\"7152\">\n<p data-start=\"7073\" data-end=\"7152\"><strong data-start=\"7073\" data-end=\"7097\">Kompaktno in za\u0161\u010diteno:<\/strong> Embala\u017ea \u0161\u010diti pred svetlobo, vlago in razgradnjo<\/p>\n<\/li>\n<\/ul>\n<hr data-start=\"7154\" data-end=\"7157\" \/>\n<h3 data-start=\"7159\" data-end=\"7178\"><strong data-start=\"7163\" data-end=\"7176\">Prednosti<\/strong><\/h3>\n<p data-start=\"7179\" data-end=\"7723\">\u2705 <strong data-start=\"7181\" data-end=\"7210\">Ponovljiv odmerek:<\/strong> Vsaka peleta vsebuje dosledno, izmerjeno koli\u010dino 4-HO-MET, kar zmanj\u0161uje varianco v poskusih.<br data-start=\"7319\" data-end=\"7322\" \/>\u2705 <strong data-start=\"7324\" data-end=\"7351\">Izbolj\u0161ana stabilnost:<\/strong> Blister embala\u017ea \u0161\u010diti vzor\u010dni material pred okoljskimi dejavniki.<br data-start=\"7423\" data-end=\"7426\" \/>\u2705 <strong data-start=\"7428\" data-end=\"7462\">Zmanj\u0161ano tveganje kontaminacije:<\/strong> Individualno tesnjenje peletov omejuje navzkri\u017eno kontaminacijo.<br data-start=\"7517\" data-end=\"7520\" \/>\u2705 <strong data-start=\"7522\" data-end=\"7548\">Oblika, ki prihrani \u010das:<\/strong> Neposredno uporabno brez kompleksne priprave vzorcev ali tehtanja. metocin<br data-start=\"7610\" data-end=\"7613\" \/>\u2705 <strong data-start=\"7615\" data-end=\"7657\">Bolj\u0161a dokumentacija in sledljivost:<\/strong> Kode serij in identifikacijska \u0161tevilka peletov olaj\u0161ajo administracijo in revizije.<\/p>\n<hr data-start=\"7725\" data-end=\"7728\" \/>\n<h3 data-start=\"7730\" data-end=\"7790\"><strong data-start=\"7734\" data-end=\"7788\">Kako uporabljati (samo za raziskave\/analize)<\/strong><\/h3>\n<blockquote data-start=\"7791\" data-end=\"7973\">\n<p data-start=\"7793\" data-end=\"7973\">\u26a0\ufe0f <strong data-start=\"7796\" data-end=\"7810\">Opomba:<\/strong> Ta izdelek je <strong data-start=\"7826\" data-end=\"7869\">NI za uporabo pri ljudeh ali \u017eivalih<\/strong>Uporabljajte samo v nadzorovanih laboratorijskih pogojih z ustrezno varnostno opremo.<\/p>\n<\/blockquote>\n<ol data-start=\"7975\" data-end=\"9041\">\n<li data-start=\"7975\" data-end=\"8186\">\n<p data-start=\"7978\" data-end=\"8016\"><strong data-start=\"7978\" data-end=\"8014\">Preglejte pretisni omot in pelete<\/strong><\/p>\n<ul data-start=\"8020\" data-end=\"8186\">\n<li data-start=\"8020\" data-end=\"8069\">\n<p data-start=\"8022\" data-end=\"8069\">Preverite, ali je pretisni omot nepo\u0161kodovan.<\/p>\n<\/li>\n<li data-start=\"8073\" data-end=\"8118\">\n<p data-start=\"8075\" data-end=\"8118\">\u0160tevilko serije primerjajte z dokumentacijo.<\/p>\n<\/li>\n<li data-start=\"8122\" data-end=\"8186\">\n<p data-start=\"8124\" data-end=\"8186\">Preverite, da so peleti nepo\u0161kodovani in da se niso razbarvali.<\/p>\n<\/li>\n<\/ul>\n<\/li>\n<li data-start=\"8188\" data-end=\"8357\">\n<p data-start=\"8191\" data-end=\"8212\"><strong data-start=\"8191\" data-end=\"8210\">Ekstrakcija peletov<\/strong><\/p>\n<ul data-start=\"8216\" data-end=\"8357\">\n<li data-start=\"8216\" data-end=\"8309\">\n<p data-start=\"8218\" data-end=\"8309\">Z uporabo sterilnih instrumentov ali rokavic ne\u017eno iztisnite eno peleto iz pretisnega omota.<\/p>\n<\/li>\n<li data-start=\"8313\" data-end=\"8357\">\n<p data-start=\"8315\" data-end=\"8357\">Izogibajte se neposrednemu stiku s povr\u0161ino.<\/p>\n<\/li>\n<\/ul>\n<\/li>\n<li data-start=\"8359\" data-end=\"8559\">\n<p data-start=\"8362\" data-end=\"8391\"><strong data-start=\"8362\" data-end=\"8389\">Re\u0161i \/ Pripravi<\/strong><\/p>\n<ul data-start=\"8395\" data-end=\"8559\">\n<li data-start=\"8395\" data-end=\"8486\">\n<p data-start=\"8397\" data-end=\"8486\">Peleto raztopite ali suspendirajte v ustreznem topilu (npr. pufru, etanolu, vodi).<\/p>\n<\/li>\n<li data-start=\"8490\" data-end=\"8559\">\n<p data-start=\"8492\" data-end=\"8559\">Ne\u017eno me\u0161ajte, dokler se popolnoma ne raztopi in enakomerno porazdeli.<\/p>\n<\/li>\n<\/ul>\n<\/li>\n<li data-start=\"8561\" data-end=\"8795\">\n<p data-start=\"8564\" data-end=\"8594\"><strong data-start=\"8564\" data-end=\"8592\">Eksperimentalna uporaba<\/strong><\/p>\n<ul data-start=\"8598\" data-end=\"8795\">\n<li data-start=\"8598\" data-end=\"8716\">\n<p data-start=\"8600\" data-end=\"8716\">Pripravljeno raztopino uporabite v kromatografiji, vezavnih testih, receptorskih \u0161tudijah ali drugih odobrenih metodah.<\/p>\n<\/li>\n<li data-start=\"8720\" data-end=\"8795\">\n<p data-start=\"8722\" data-end=\"8795\">Zabele\u017eite ID pelete, koncentracijo, volumen raztapljanja in vse pomembne parametre.<\/p>\n<\/li>\n<\/ul>\n<\/li>\n<li data-start=\"8797\" data-end=\"9041\">\n<p data-start=\"8800\" data-end=\"8827\"><strong data-start=\"8800\" data-end=\"8825\">Shranjevanje in odstranitev<\/strong><\/p>\n<ul data-start=\"8831\" data-end=\"9041\">\n<li data-start=\"8831\" data-end=\"8882\">\n<p data-start=\"8833\" data-end=\"8882\">Neuporabljene pelete vrnite v pretisni omot.<\/p>\n<\/li>\n<li data-start=\"8886\" data-end=\"8949\">\n<p data-start=\"8888\" data-end=\"8949\">Shranjujte pokonci v <strong data-start=\"8910\" data-end=\"8937\">hladno, temno in suho<\/strong> okolje.<\/p>\n<\/li>\n<li data-start=\"8953\" data-end=\"9041\">\n<p data-start=\"8955\" data-end=\"9041\">Rabljene pelete, topila in embala\u017eo zavrzite v skladu s pravili o ravnanju s kemi\u010dnimi odpadki.<\/p>\n<\/li>\n<\/ul>\n<\/li>\n<\/ol>\n<hr data-start=\"9043\" data-end=\"9046\" \/>\n<h3 data-start=\"9048\" data-end=\"9083\"><strong data-start=\"9052\" data-end=\"9081\">Pogosto zastavljena vpra\u0161anja (FAQ)<\/strong><\/h3>\n<p data-start=\"9085\" data-end=\"9354\"><strong data-start=\"9085\" data-end=\"9118\">1. Kaj je 4-HO-MET (Metocin)?<\/strong><br data-start=\"9118\" data-end=\"9121\" \/>4-HO-MET (4-hidroksi-N-metil-N-etiltriptamin), znan tudi kot Metocin, je psihoaktivni analog triptamina, soroden psilocinu, ki se uporablja v farmakolo\u0161kih raziskavah serotoninskih receptorjev.<\/p>\n<p data-start=\"9356\" data-end=\"9535\"><strong data-start=\"9356\" data-end=\"9413\">2. Koliko mg vsebuje vsaka peleta v pretisnem omotu zdravila Metocin?<\/strong><br data-start=\"9413\" data-end=\"9416\" \/>Po podatkih dobavitelja vsaka peleta vsebuje pribli\u017eno <strong data-start=\"9474\" data-end=\"9483\">21 mg<\/strong> 4-HO-MET.<\/p>\n<p data-start=\"9537\" data-end=\"9741\"><strong data-start=\"9537\" data-end=\"9619\">3. Ali se lahko RC+ Metocin Blister uporablja za ljudi ali \u017eivali?<\/strong><br data-start=\"9619\" data-end=\"9622\" \/>Ne. Izdelek je ozna\u010den kot <strong data-start=\"9655\" data-end=\"9680\">samo za raziskave<\/strong>in je <strong data-start=\"9688\" data-end=\"9704\">ni bilo namenjeno<\/strong> za uporabo pri ljudeh ali \u017eivalih.<\/p>\n<p>&nbsp;<\/p>","protected":false},"excerpt":{"rendered":"<p><span style=\"vertical-align: inherit;\"><span style=\"vertical-align: inherit;\"><span dir=\"auto\" style=\"vertical-align: inherit;\"><span dir=\"auto\" style=\"vertical-align: inherit;\"><span dir=\"auto\" style=\"vertical-align: inherit;\"><span dir=\"auto\" style=\"vertical-align: inherit;\">\u0160tevilka CAS: 77872-41-4 <\/span><\/span><\/span><\/span><\/span><\/span><br \/>\n<span style=\"vertical-align: inherit;\"><span style=\"vertical-align: inherit;\"><span dir=\"auto\" style=\"vertical-align: inherit;\"><span dir=\"auto\" style=\"vertical-align: inherit;\"><span dir=\"auto\" style=\"vertical-align: inherit;\"><span dir=\"auto\" style=\"vertical-align: inherit;\">Formula: C13H18N2O <\/span><\/span><\/span><\/span><\/span><\/span><br \/>\n<span style=\"vertical-align: inherit;\"><span style=\"vertical-align: inherit;\"><span dir=\"auto\" style=\"vertical-align: inherit;\"><span dir=\"auto\" style=\"vertical-align: inherit;\"><span dir=\"auto\" style=\"vertical-align: inherit;\"><span dir=\"auto\" style=\"vertical-align: inherit;\">Molska masa: 218,3 g\/mol <\/span><\/span><\/span><\/span><\/span><\/span><br \/>\n<span style=\"vertical-align: inherit;\"><span style=\"vertical-align: inherit;\"><span dir=\"auto\" style=\"vertical-align: inherit;\"><span dir=\"auto\" style=\"vertical-align: inherit;\"><span dir=\"auto\" style=\"vertical-align: inherit;\"><span dir=\"auto\" style=\"vertical-align: inherit;\">\u010cistost: \u226598%<\/span><\/span><\/span><\/span><\/span><\/span><\/p>","protected":false},"featured_media":21164,"comment_status":"closed","ping_status":"closed","template":"","meta":[],"product_brand":[],"product_cat":[555],"product_tag":[636,635,326],"class_list":{"0":"post-24119","1":"product","2":"type-product","3":"status-publish","4":"has-post-thumbnail","6":"product_cat-b2b","7":"product_tag-metocin","8":"product_tag-metocin-kopen","9":"product_tag-nl","11":"first","12":"instock","13":"taxable","14":"shipping-taxable","15":"purchasable","16":"product-type-variable"},"_links":{"self":[{"href":"https:\/\/onderzoekschemicals.com\/sl\/wp-json\/wp\/v2\/product\/24119","targetHints":{"allow":["GET"]}}],"collection":[{"href":"https:\/\/onderzoekschemicals.com\/sl\/wp-json\/wp\/v2\/product"}],"about":[{"href":"https:\/\/onderzoekschemicals.com\/sl\/wp-json\/wp\/v2\/types\/product"}],"replies":[{"embeddable":true,"href":"https:\/\/onderzoekschemicals.com\/sl\/wp-json\/wp\/v2\/comments?post=24119"}],"version-history":[{"count":5,"href":"https:\/\/onderzoekschemicals.com\/sl\/wp-json\/wp\/v2\/product\/24119\/revisions"}],"predecessor-version":[{"id":26511,"href":"https:\/\/onderzoekschemicals.com\/sl\/wp-json\/wp\/v2\/product\/24119\/revisions\/26511"}],"wp:featuredmedia":[{"embeddable":true,"href":"https:\/\/onderzoekschemicals.com\/sl\/wp-json\/wp\/v2\/media\/21164"}],"wp:attachment":[{"href":"https:\/\/onderzoekschemicals.com\/sl\/wp-json\/wp\/v2\/media?parent=24119"}],"wp:term":[{"taxonomy":"product_brand","embeddable":true,"href":"https:\/\/onderzoekschemicals.com\/sl\/wp-json\/wp\/v2\/product_brand?post=24119"},{"taxonomy":"product_cat","embeddable":true,"href":"https:\/\/onderzoekschemicals.com\/sl\/wp-json\/wp\/v2\/product_cat?post=24119"},{"taxonomy":"product_tag","embeddable":true,"href":"https:\/\/onderzoekschemicals.com\/sl\/wp-json\/wp\/v2\/product_tag?post=24119"}],"curies":[{"name":"delovni list","href":"https:\/\/api.w.org\/{rel}","templated":true}]}}