{"id":24111,"date":"2025-04-13T17:41:04","date_gmt":"2025-04-13T17:41:04","guid":{"rendered":"https:\/\/onderzoekschemicals.com\/?post_type=product&#038;p=24111"},"modified":"2025-10-14T07:59:11","modified_gmt":"2025-10-14T07:59:11","slug":"2-fea-3-fea","status":"publish","type":"product","link":"https:\/\/onderzoekschemicals.com\/sl\/shop\/b2b\/2-fea-3-fea\/","title":{"rendered":"RC+ Newforijski pretisni omot"},"content":{"rendered":"<h3 data-start=\"5056\" data-end=\"5077\"><strong data-start=\"5060\" data-end=\"5075\">Uvod<\/strong><\/h3>\n<p data-start=\"5078\" data-end=\"5387\">The <strong data-start=\"5081\" data-end=\"5106\">RC+ Newforijski pretisni omot<\/strong> je visoke kakovosti <strong data-start=\"5127\" data-end=\"5152\">raziskovalna formulacija<\/strong>, posebej razvit za profesionalne laboratorijske in analitske raziskave. Vsak pretisni omot vsebuje <strong data-start=\"5251\" data-end=\"5288\">10 individualno zaprtih peletov<\/strong>, zasnovan za <strong data-start=\"5305\" data-end=\"5384\">natan\u010dno odmerjanje, dosledni rezultati in ravnanje brez kontaminacije<\/strong>2 fea 3 fea<\/p>\n<p data-start=\"5389\" data-end=\"5687\">Z nadzorovano kombinacijo <strong data-start=\"5427\" data-end=\"5477\">2-FEA in 3-FEA (izomeri fluoroetamfetamina)<\/strong> je ta izdelek idealen za <strong data-start=\"5505\" data-end=\"5567\">farmakolo\u0161ke, receptorske in analiti\u010dno-kemijske raziskave<\/strong>Pretisna embala\u017ea zagotavlja <strong data-start=\"5601\" data-end=\"5651\">stabilnost, sledljivost in varno skladi\u0161\u010denje<\/strong> v laboratorijskih pogojih.<\/p>\n<p data-start=\"5689\" data-end=\"5804\"><em data-start=\"5689\" data-end=\"5804\">(Ta izdelek je namenjen samo za raziskovalno uporabo. Ni primeren za uporabo pri ljudeh ali \u017eivalih.)<\/em><\/p>\n<hr data-start=\"5806\" data-end=\"5809\" \/>\n<h3 data-start=\"5811\" data-end=\"5844\"><strong data-start=\"5815\" data-end=\"5842\">Klju\u010dne lastnosti<\/strong><\/h3>\n<ul data-start=\"5845\" data-end=\"6426\">\n<li data-start=\"5845\" data-end=\"5952\">\n<p data-start=\"5847\" data-end=\"5952\"><strong data-start=\"5847\" data-end=\"5873\">Sestava 2\/3-FEA:<\/strong> Vsebuje kontrolirano me\u0161anico 2-FEA in 3-FEA za primerjalne raziskave.<\/p>\n<\/li>\n<li data-start=\"5953\" data-end=\"6043\">\n<p data-start=\"5955\" data-end=\"6043\"><strong data-start=\"5955\" data-end=\"5982\">Visoka \u010distost (\u226598%):<\/strong> Laboratorijska kakovost, potrjena z analizo dobavitelja.<\/p>\n<\/li>\n<li data-start=\"6044\" data-end=\"6149\">\n<p data-start=\"6046\" data-end=\"6149\"><strong data-start=\"6046\" data-end=\"6084\">10 posami\u010dno zaprtih peletov:<\/strong> Vsaka peleta je individualno zavita za maksimalno celovitost.<\/p>\n<\/li>\n<li data-start=\"6150\" data-end=\"6238\">\n<p data-start=\"6152\" data-end=\"6238\"><strong data-start=\"6152\" data-end=\"6174\">Pretisni omot:<\/strong> Enostaven za uporabo in \u0161\u010diti pred okoljskimi dejavniki.<\/p>\n<\/li>\n<li data-start=\"6239\" data-end=\"6341\">\n<p data-start=\"6241\" data-end=\"6341\"><strong data-start=\"6241\" data-end=\"6273\">Sledljivost serije in lota:<\/strong> Vsak paket vsebuje edinstveno identifikacijsko \u0161tevilko za namene dokumentacije.<\/p>\n<\/li>\n<li data-start=\"6342\" data-end=\"6426\">\n<p data-start=\"6344\" data-end=\"6426\"><strong data-start=\"6344\" data-end=\"6375\">Dosledna oblika in te\u017ea:<\/strong> Zagotavlja ponovljive rezultate raziskav.<\/p>\n<\/li>\n<\/ul>\n<hr data-start=\"6428\" data-end=\"6431\" \/>\n<h3 data-start=\"6433\" data-end=\"6481\"><strong data-start=\"6437\" data-end=\"6479\">Prednosti (za laboratorijske raziskave)<\/strong><\/h3>\n<p data-start=\"6482\" data-end=\"6577\">\u2705 <strong data-start=\"6484\" data-end=\"6514\">Natan\u010dnost in zanesljivost<\/strong> \u2013 Vsaka peleta dostavi natan\u010den odmerek za dosledne podatke.<\/p>\n<p data-start=\"6579\" data-end=\"6668\">\u2705 <strong data-start=\"6581\" data-end=\"6606\">Izbolj\u0161ana varnost<\/strong> \u2013 Individualna embala\u017ea prepre\u010duje kontaminacijo in razgradnjo.<\/p>\n<p data-start=\"6670\" data-end=\"6764\">\u2705 <strong data-start=\"6672\" data-end=\"6698\">Hitrej\u0161i delovni procesi<\/strong> \u2013 Pripravljeno za uporabo, tehtanje ali dodatna priprava ni potrebna.<\/p>\n<p data-start=\"6766\" data-end=\"6851\">\u2705 <strong data-start=\"6768\" data-end=\"6790\">Dolga \u017eivljenjska doba<\/strong> \u2013 Za\u0161\u010ditna embala\u017ea ohranja \u010distost in stabilnost.<\/p>\n<p data-start=\"6853\" data-end=\"6959\">\u2705 <strong data-start=\"6855\" data-end=\"6882\">Preprosta dokumentacija<\/strong> \u2013 \u0160ar\u017ene kode omogo\u010dajo enostavno sledljivost in nadzor kakovosti.<\/p>\n<hr data-start=\"6961\" data-end=\"6964\" \/>\n<h3 data-start=\"6966\" data-end=\"7018\"><strong data-start=\"6970\" data-end=\"7016\">Uporaba (samo za raziskovalne namene)<\/strong><\/h3>\n<blockquote data-start=\"7019\" data-end=\"7204\">\n<p data-start=\"7021\" data-end=\"7204\">\u26a0\ufe0f <strong data-start=\"7024\" data-end=\"7039\">Pomembno:<\/strong> Test RC+ Newphoria Blister je namenjen samo znanstvenim in analitskim raziskavam. Vedno nosite osebno za\u0161\u010ditno opremo in upo\u0161tevajte varnostne smernice za laboratorij.<\/p>\n<\/blockquote>\n<ol data-start=\"7206\" data-end=\"7975\">\n<li data-start=\"7206\" data-end=\"7322\">\n<p data-start=\"7209\" data-end=\"7224\"><strong data-start=\"7209\" data-end=\"7222\">In\u0161pekcijski pregled<\/strong><\/p>\n<ul data-start=\"7228\" data-end=\"7322\">\n<li data-start=\"7228\" data-end=\"7276\">\n<p data-start=\"7230\" data-end=\"7276\">Preverite embala\u017eo in \u0161tevilko serije.<\/p>\n<\/li>\n<li data-start=\"7280\" data-end=\"7322\">\n<p data-start=\"7282\" data-end=\"7322\">Prepri\u010dajte se, da so peleti nepo\u0161kodovani.<\/p>\n<\/li>\n<\/ul>\n<\/li>\n<li data-start=\"7324\" data-end=\"7463\">\n<p data-start=\"7327\" data-end=\"7351\"><strong data-start=\"7327\" data-end=\"7349\">Odstranjevanje peletov<\/strong><\/p>\n<ul data-start=\"7355\" data-end=\"7463\">\n<li data-start=\"7355\" data-end=\"7428\">\n<p data-start=\"7357\" data-end=\"7428\">Z uporabo sterilnega pribora previdno iztisnite eno peleto iz pretisnega omota.<\/p>\n<\/li>\n<li data-start=\"7432\" data-end=\"7463\">\n<p data-start=\"7434\" data-end=\"7463\">Izogibajte se neposrednemu stiku s ko\u017eo.<\/p>\n<\/li>\n<\/ul>\n<\/li>\n<li data-start=\"7465\" data-end=\"7640\">\n<p data-start=\"7468\" data-end=\"7494\"><strong data-start=\"7468\" data-end=\"7492\">Priprava vzorca<\/strong><\/p>\n<ul data-start=\"7498\" data-end=\"7640\">\n<li data-start=\"7498\" data-end=\"7594\">\n<p data-start=\"7500\" data-end=\"7594\">Peleto raztopite v ustreznem topilu (npr. etanolu, destilirani vodi ali pufru).<\/p>\n<\/li>\n<li data-start=\"7598\" data-end=\"7640\">\n<p data-start=\"7600\" data-end=\"7640\">Ne\u017eno me\u0161ajte, dokler se popolnoma ne raztopi.<\/p>\n<\/li>\n<\/ul>\n<\/li>\n<li data-start=\"7642\" data-end=\"7797\">\n<p data-start=\"7645\" data-end=\"7674\"><strong data-start=\"7645\" data-end=\"7672\">Uporaba v poskusih<\/strong><\/p>\n<ul data-start=\"7678\" data-end=\"7797\">\n<li data-start=\"7678\" data-end=\"7743\">\n<p data-start=\"7680\" data-end=\"7743\">Uporaba v analiti\u010dnih, receptorskih ali farmakolo\u0161kih \u0161tudijah.<\/p>\n<\/li>\n<li data-start=\"7747\" data-end=\"7797\">\n<p data-start=\"7749\" data-end=\"7797\">Zapi\u0161ite ID pelete, koncentracijo in volumen raztapljanja.<\/p>\n<\/li>\n<\/ul>\n<\/li>\n<li data-start=\"7799\" data-end=\"7975\">\n<p data-start=\"7802\" data-end=\"7829\"><strong data-start=\"7802\" data-end=\"7827\">Shranjevanje in odstranitev<\/strong><\/p>\n<ul data-start=\"7833\" data-end=\"7975\">\n<li data-start=\"7833\" data-end=\"7908\">\n<p data-start=\"7835\" data-end=\"7908\">Neuporabljene pelete shranite v <strong data-start=\"7869\" data-end=\"7896\">hladno, temno in suho<\/strong> okolje.<\/p>\n<\/li>\n<li data-start=\"7912\" data-end=\"7975\">\n<p data-start=\"7914\" data-end=\"7975\">Odpadke odstranite v skladu s predpisi o kemijski varnosti. 2 fea 3 fea<\/p>\n<\/li>\n<\/ul>\n<\/li>\n<\/ol>\n<hr data-start=\"7977\" data-end=\"7980\" \/>\n<h3 data-start=\"7982\" data-end=\"8017\"><strong data-start=\"7986\" data-end=\"8015\">Pogosto zastavljena vpra\u0161anja (FAQ)<\/strong><\/h3>\n<p data-start=\"8019\" data-end=\"8189\"><strong data-start=\"8019\" data-end=\"8058\">1. Kaj vsebuje zdravilo RC+ Newphoria Blister?<\/strong><br data-start=\"8058\" data-end=\"8061\" \/>Vsak pretisni omot vsebuje <strong data-start=\"8080\" data-end=\"8104\">10 raziskovalnih peletov<\/strong> s kombinacijo <strong data-start=\"8128\" data-end=\"8146\">2-FEA in 3-FEA<\/strong>, samo za laboratorijske preiskave.<\/p>\n<p data-start=\"8191\" data-end=\"8345\"><strong data-start=\"8191\" data-end=\"8239\">2. Kak\u0161na je \u010distost spojin?<\/strong><br data-start=\"8239\" data-end=\"8242\" \/>Dobavitelj zagotavlja <strong data-start=\"8272\" data-end=\"8295\">\u010distost \u226598%<\/strong>, kar zagotavlja zanesljivost in doslednost.<\/p>\n<p data-start=\"8347\" data-end=\"8559\"><strong data-start=\"8347\" data-end=\"8431\">3. Ali se lahko RC+ Newphoria Blister uporablja za ljudi ali \u017eivali?<\/strong><br data-start=\"8431\" data-end=\"8434\" \/>Ne \u2013 ta izdelek je <strong data-start=\"8455\" data-end=\"8504\">namenjeno samo za raziskovalne namene<\/strong> in <strong data-start=\"8508\" data-end=\"8556\">ni za prehrano ljudi ali \u017eivali<\/strong>.<\/p>","protected":false},"excerpt":{"rendered":"<p><strong>\u0160tevilka CAS<\/strong>: 1780004-19-4<br \/>\n<strong>Formula<\/strong>C11H16FN<br \/>\n<strong>Molska masa<\/strong>: 181,25 g\/mol<br \/>\n<strong>\u010cistost<\/strong>: \u226598%<\/p>","protected":false},"featured_media":21160,"comment_status":"closed","ping_status":"closed","template":"","meta":[],"product_brand":[82],"product_cat":[555],"product_tag":[757,755,753,756,326],"class_list":{"0":"post-24111","1":"product","2":"type-product","3":"status-publish","4":"has-post-thumbnail","6":"product_brand-research-chemical","7":"product_cat-b2b","8":"product_tag-2-3-fea-ervaringen","9":"product_tag-2-fea-3-fea","10":"product_tag-2-3-fea-pellets","11":"product_tag-2-3-fea","12":"product_tag-nl","14":"first","15":"instock","16":"taxable","17":"shipping-taxable","18":"purchasable","19":"product-type-variable"},"_links":{"self":[{"href":"https:\/\/onderzoekschemicals.com\/sl\/wp-json\/wp\/v2\/product\/24111","targetHints":{"allow":["GET"]}}],"collection":[{"href":"https:\/\/onderzoekschemicals.com\/sl\/wp-json\/wp\/v2\/product"}],"about":[{"href":"https:\/\/onderzoekschemicals.com\/sl\/wp-json\/wp\/v2\/types\/product"}],"replies":[{"embeddable":true,"href":"https:\/\/onderzoekschemicals.com\/sl\/wp-json\/wp\/v2\/comments?post=24111"}],"version-history":[{"count":4,"href":"https:\/\/onderzoekschemicals.com\/sl\/wp-json\/wp\/v2\/product\/24111\/revisions"}],"predecessor-version":[{"id":27876,"href":"https:\/\/onderzoekschemicals.com\/sl\/wp-json\/wp\/v2\/product\/24111\/revisions\/27876"}],"wp:featuredmedia":[{"embeddable":true,"href":"https:\/\/onderzoekschemicals.com\/sl\/wp-json\/wp\/v2\/media\/21160"}],"wp:attachment":[{"href":"https:\/\/onderzoekschemicals.com\/sl\/wp-json\/wp\/v2\/media?parent=24111"}],"wp:term":[{"taxonomy":"product_brand","embeddable":true,"href":"https:\/\/onderzoekschemicals.com\/sl\/wp-json\/wp\/v2\/product_brand?post=24111"},{"taxonomy":"product_cat","embeddable":true,"href":"https:\/\/onderzoekschemicals.com\/sl\/wp-json\/wp\/v2\/product_cat?post=24111"},{"taxonomy":"product_tag","embeddable":true,"href":"https:\/\/onderzoekschemicals.com\/sl\/wp-json\/wp\/v2\/product_tag?post=24111"}],"curies":[{"name":"delovni list","href":"https:\/\/api.w.org\/{rel}","templated":true}]}}