{"id":23896,"date":"2025-04-13T17:40:39","date_gmt":"2025-04-13T17:40:39","guid":{"rendered":"https:\/\/onderzoekschemicals.com\/?post_type=product&#038;p=23896"},"modified":"2025-11-28T07:26:09","modified_gmt":"2025-11-28T07:26:09","slug":"norflurazepam-10-mg-pellets","status":"publish","type":"product","link":"https:\/\/onderzoekschemicals.com\/sl\/shop\/benzodiazepinen\/norflurazepam-10-mg-pellets\/","title":{"rendered":"Norflurazepam 10 mg pelete"},"content":{"rendered":"<h3 data-start=\"6139\" data-end=\"6158\"><strong data-start=\"6143\" data-end=\"6158\">Uvod<\/strong><\/h3>\n<p data-start=\"6160\" data-end=\"6523\"><strong data-start=\"6160\" data-end=\"6190\">Norflurazepam 10 mg pelete<\/strong> so <strong data-start=\"6196\" data-end=\"6243\">raziskovalne snovi analitske kakovosti<\/strong>, razvit za <strong data-start=\"6261\" data-end=\"6315\">znanstvene, forenzi\u010dne in kemijske raziskave<\/strong>Norflurazepam 10 mg pelete<br data-start=\"6316\" data-end=\"6319\" \/>Znan tudi kot <strong data-start=\"6334\" data-end=\"6356\">Desalkilflurazepam<\/strong>, ali ta povezava pripada <strong data-start=\"6389\" data-end=\"6413\">razred benzodiazepinov<\/strong> in to je <strong data-start=\"6428\" data-end=\"6476\">presnovki razli\u010dnih benzodiazepinov<\/strong>, pod katerim <strong data-start=\"6488\" data-end=\"6502\">Diklazepam<\/strong> in <strong data-start=\"6506\" data-end=\"6520\">Flurazepam<\/strong>.<\/p>\n<p data-start=\"6525\" data-end=\"6758\">Vsaka peleta vsebuje <strong data-start=\"6543\" data-end=\"6573\">10 miligramov norflurazepama<\/strong> z zagotovljeno \u010distostjo <strong data-start=\"6611\" data-end=\"6619\">\u226599%<\/strong>, testirano pod <strong data-start=\"6634\" data-end=\"6668\">Dobra laboratorijska praksa (DLP)<\/strong>-standardi.<br data-start=\"6676\" data-end=\"6679\" \/>Idealno za <strong data-start=\"6691\" data-end=\"6755\">kromatografske, spektroskopske in toksikolo\u0161ke preiskave<\/strong>.<\/p>\n<blockquote data-start=\"6760\" data-end=\"6904\">\n<p data-start=\"6762\" data-end=\"6904\">\u26a0\ufe0f <strong data-start=\"6765\" data-end=\"6776\">Opomba:<\/strong> Ta izdelek je <strong data-start=\"6792\" data-end=\"6842\">namenjeno samo laboratorijskim raziskavam<\/strong> in <strong data-start=\"6846\" data-end=\"6903\">ni primerno za prehrano ljudi ali \u017eivali<\/strong>.<\/p>\n<\/blockquote>\n<hr data-start=\"6906\" data-end=\"6909\" \/>\n<h3 data-start=\"6911\" data-end=\"6942\"><strong data-start=\"6915\" data-end=\"6942\">Klju\u010dne lastnosti<\/strong><\/h3>\n<ul data-start=\"6944\" data-end=\"7442\">\n<li data-start=\"6944\" data-end=\"7043\">\n<p data-start=\"6946\" data-end=\"7043\"><strong data-start=\"6946\" data-end=\"6978\">Visoka analitska \u010distost:<\/strong> \u226599% testiran s kromatografsko in spektroskopsko analizo.<\/p>\n<\/li>\n<li data-start=\"7044\" data-end=\"7110\">\n<p data-start=\"7046\" data-end=\"7110\"><strong data-start=\"7046\" data-end=\"7066\">Natan\u010den odmerek:<\/strong> Vsaka peleta vsebuje <strong data-start=\"7085\" data-end=\"7107\">10 mg norflurazepama<\/strong>.<\/p>\n<\/li>\n<li data-start=\"7111\" data-end=\"7186\">\n<p data-start=\"7113\" data-end=\"7186\"><strong data-start=\"7113\" data-end=\"7134\">Kemi\u010dno stabilen:<\/strong> Odporno na razgradnjo pri ustreznih pogojih skladi\u0161\u010denja.<\/p>\n<\/li>\n<li data-start=\"7187\" data-end=\"7278\">\n<p data-start=\"7189\" data-end=\"7278\"><strong data-start=\"7189\" data-end=\"7207\">Proizvodnja v skladu z dobro laboratorijsko prakso:<\/strong> Proizvedeno pod strogimi pogoji <strong data-start=\"7235\" data-end=\"7263\">Dobra laboratorijska praksa<\/strong>-smernice.<\/p>\n<\/li>\n<li data-start=\"7279\" data-end=\"7362\">\n<p data-start=\"7281\" data-end=\"7362\"><strong data-start=\"7281\" data-end=\"7298\">Serijsko testirano:<\/strong> Vsaka serija se preveri glede identitete in skladnosti.<\/p>\n<\/li>\n<li data-start=\"7363\" data-end=\"7442\">\n<p data-start=\"7365\" data-end=\"7442\"><strong data-start=\"7365\" data-end=\"7388\">Varna embala\u017ea:<\/strong> Hermeti\u010dno zaprto in zape\u010dateno za optimalno \u017eivljenjsko dobo.<\/p>\n<\/li>\n<\/ul>\n<hr data-start=\"7444\" data-end=\"7447\" \/>\n<h3 data-start=\"7449\" data-end=\"7466\"><strong data-start=\"7453\" data-end=\"7466\">Prednosti<\/strong><\/h3>\n<ol data-start=\"7468\" data-end=\"7886\">\n<li data-start=\"7468\" data-end=\"7555\">\n<p data-start=\"7471\" data-end=\"7555\"><strong data-start=\"7471\" data-end=\"7508\">Zanesljivi rezultati raziskav:<\/strong> Visoka \u010distost zagotavlja dosledne podatke.<\/p>\n<\/li>\n<li data-start=\"7556\" data-end=\"7644\">\n<p data-start=\"7559\" data-end=\"7644\"><strong data-start=\"7559\" data-end=\"7586\">Dolgoro\u010dna stabilnost:<\/strong> Odporno na svetlobo, vlago in temperaturne spremembe.<\/p>\n<\/li>\n<li data-start=\"7645\" data-end=\"7717\">\n<p data-start=\"7648\" data-end=\"7717\"><strong data-start=\"7648\" data-end=\"7672\">Uporabniku prijazno:<\/strong> Oblika peletov omogo\u010da enostavno odmerjanje.<\/p>\n<\/li>\n<li data-start=\"7718\" data-end=\"7805\">\n<p data-start=\"7721\" data-end=\"7805\"><strong data-start=\"7721\" data-end=\"7749\">Profesionalna kakovost:<\/strong> Primerno za <strong data-start=\"7764\" data-end=\"7802\">forenzi\u010dne in analiti\u010dne raziskave<\/strong>.<\/p>\n<\/li>\n<li data-start=\"7806\" data-end=\"7886\">\n<p data-start=\"7809\" data-end=\"7886\"><strong data-start=\"7809\" data-end=\"7840\">Mednarodni standardi:<\/strong> Izdelano v skladu z varnostnimi standardi GLP.<\/p>\n<\/li>\n<\/ol>\n<hr data-start=\"7888\" data-end=\"7891\" \/>\n<h3 data-start=\"7893\" data-end=\"7932\"><strong data-start=\"7897\" data-end=\"7932\">Uporaba (samo za raziskave)<\/strong><\/h3>\n<ol data-start=\"7934\" data-end=\"8347\">\n<li data-start=\"7934\" data-end=\"8026\">\n<p data-start=\"7937\" data-end=\"8026\"><strong data-start=\"7937\" data-end=\"7968\">Nosite za\u0161\u010ditna obla\u010dila:<\/strong> Obvezne so rokavice, za\u0161\u010ditna o\u010dala in laboratorijska halja.<\/p>\n<\/li>\n<li data-start=\"8027\" data-end=\"8096\">\n<p data-start=\"8030\" data-end=\"8096\"><strong data-start=\"8030\" data-end=\"8067\">Uporabite kalibrirano opremo:<\/strong> Za natan\u010dne meritve.<\/p>\n<\/li>\n<li data-start=\"8097\" data-end=\"8167\">\n<p data-start=\"8100\" data-end=\"8167\"><strong data-start=\"8100\" data-end=\"8127\">Informacije o seriji upo\u0161tevajte:<\/strong> Zapi\u0161ite \u010distost in koli\u010dino.<\/p>\n<\/li>\n<li data-start=\"8168\" data-end=\"8254\">\n<p data-start=\"8171\" data-end=\"8254\"><strong data-start=\"8171\" data-end=\"8211\">Delo v nadzorovanem okolju:<\/strong> Uporabljajte sterilno laboratorijsko opremo.<\/p>\n<\/li>\n<li data-start=\"8255\" data-end=\"8347\">\n<p data-start=\"8258\" data-end=\"8347\"><strong data-start=\"8258\" data-end=\"8292\">Varno odvrzite odpadke:<\/strong> Upo\u0161tevajte varnostne smernice laboratorija.<\/p>\n<\/li>\n<\/ol>\n<blockquote data-start=\"8349\" data-end=\"8434\">\n<p data-start=\"8351\" data-end=\"8434\">\u2697\ufe0f <strong data-start=\"8354\" data-end=\"8434\">Samo za laboratorijske preiskave \u2013 ni za prehrano ljudi.<\/strong><\/p>\n<\/blockquote>\n<hr data-start=\"8436\" data-end=\"8439\" \/>\n<h3 data-start=\"8441\" data-end=\"8466\"><strong data-start=\"8445\" data-end=\"8466\">Navodila za shranjevanje<\/strong><\/h3>\n<ul data-start=\"8468\" data-end=\"8636\">\n<li data-start=\"8468\" data-end=\"8510\">\n<p data-start=\"8470\" data-end=\"8510\">Shrani pri <strong data-start=\"8481\" data-end=\"8490\">2\u20138 \u00b0C<\/strong>, suho in temno.<\/p>\n<\/li>\n<li data-start=\"8511\" data-end=\"8547\">\n<p data-start=\"8513\" data-end=\"8547\">Posodo hranite tesno zaprto.<\/p>\n<\/li>\n<li data-start=\"8548\" data-end=\"8593\">\n<p data-start=\"8550\" data-end=\"8593\">Za\u0161\u010ditite pred <strong data-start=\"8565\" data-end=\"8590\">svetloba, vlaga in toplota<\/strong>.<\/p>\n<\/li>\n<li data-start=\"8594\" data-end=\"8636\">\n<p data-start=\"8596\" data-end=\"8636\">Hraniti izven dosega nepoobla\u0161\u010denih oseb.<\/p>\n<\/li>\n<\/ul>\n<hr data-start=\"8638\" data-end=\"8641\" \/>\n<h3 data-start=\"8643\" data-end=\"8678\"><strong data-start=\"8647\" data-end=\"8678\">Pogosto zastavljena vpra\u0161anja (FAQs)<\/strong><\/h3>\n<p data-start=\"8680\" data-end=\"8839\"><strong data-start=\"8680\" data-end=\"8725\">1. Za kaj se uporablja norflurazepam?<\/strong><br data-start=\"8725\" data-end=\"8728\" \/>Za <strong data-start=\"8733\" data-end=\"8771\">analiti\u010dne in forenzi\u010dne raziskave<\/strong>, s poudarkom na <strong data-start=\"8787\" data-end=\"8836\">analiza benzodiazepinov in \u0161tudija metabolitov<\/strong>Norflurazepam 10 mg pelete<\/p>\n<p data-start=\"8841\" data-end=\"9059\"><strong data-start=\"8841\" data-end=\"8901\">2. Ali je norflurazepam primeren za u\u017eivanje ljudi?<\/strong><br data-start=\"8901\" data-end=\"8904\" \/>Ne. <strong data-start=\"8909\" data-end=\"8939\">Norflurazepam 10 mg pelete<\/strong> so <strong data-start=\"8945\" data-end=\"8995\">namenjeno samo laboratorijskim raziskavam<\/strong> in <strong data-start=\"8999\" data-end=\"9056\">ni primerno za prehrano ljudi ali \u017eivali<\/strong>.<\/p>\n<p data-start=\"9061\" data-end=\"9211\"><strong data-start=\"9061\" data-end=\"9106\">3. Kako najbolje shranjujem norflurazepam?<\/strong><br data-start=\"9106\" data-end=\"9109\" \/>Prihranite pri <strong data-start=\"9123\" data-end=\"9165\">hladnem, suhem in temnem prostoru (2\u20138 \u00b0C)<\/strong> v <strong data-start=\"9172\" data-end=\"9208\">originalna nepredu\u0161na embala\u017ea<\/strong>.<\/p>\n<hr data-start=\"9213\" data-end=\"9216\" \/>\n<h3 data-start=\"9218\" data-end=\"9235\"><strong data-start=\"9222\" data-end=\"9235\">Zaklju\u010dek<\/strong><\/h3>\n<p data-start=\"9237\" data-end=\"9533\"><strong data-start=\"9237\" data-end=\"9267\">Norflurazepam 10 mg pelete<\/strong> ponudba <strong data-start=\"9275\" data-end=\"9337\">odli\u010dna \u010distost, stabilnost in ponovljivost<\/strong>, idealno za <strong data-start=\"9351\" data-end=\"9399\">analitske, kemijske in forenzi\u010dne raziskave<\/strong>.<br data-start=\"9400\" data-end=\"9403\" \/>Zanesljiva izbira za laboratorije, ki se osredoto\u010dajo na <strong data-start=\"9462\" data-end=\"9530\">analiza benzodiazepinov, \u0161tudije receptorjev in strukturne raziskave<\/strong>.<\/p>","protected":false},"excerpt":{"rendered":"<h3><span data-sheets-value=\"{\" data-sheets-userformat=\"{\"><span dir=\"auto\" style=\"vertical-align: inherit;\"><span dir=\"auto\" style=\"vertical-align: inherit;\">Lastnosti norflurazepama<\/span><\/span><\/span><\/h3>\n<p><strong><span dir=\"auto\" style=\"vertical-align: inherit;\"><span dir=\"auto\" style=\"vertical-align: inherit;\">Sinonim:<\/span><\/span><\/strong><span dir=\"auto\" style=\"vertical-align: inherit;\"><span dir=\"auto\" style=\"vertical-align: inherit;\"> Norflurazepam <\/span><\/span><br \/>\n<strong><span dir=\"auto\" style=\"vertical-align: inherit;\"><span dir=\"auto\" style=\"vertical-align: inherit;\">\u0160tevilka CAS:<\/span><\/span><\/strong><span dir=\"auto\" style=\"vertical-align: inherit;\"><span dir=\"auto\" style=\"vertical-align: inherit;\"> 2886-65-9 <\/span><\/span><br \/>\n<strong><span dir=\"auto\" style=\"vertical-align: inherit;\"><span dir=\"auto\" style=\"vertical-align: inherit;\">Formula:<\/span><\/span><\/strong><span dir=\"auto\" style=\"vertical-align: inherit;\"><span dir=\"auto\" style=\"vertical-align: inherit;\"> 7-kloro-5-(2-fluorofenil)-1,3-dihidro-2H-1,4-benzodiazepin-2-on <\/span><\/span><br \/>\n<strong><span dir=\"auto\" style=\"vertical-align: inherit;\"><span dir=\"auto\" style=\"vertical-align: inherit;\">Molska masa:<\/span><\/span><\/strong><span dir=\"auto\" style=\"vertical-align: inherit;\"><span dir=\"auto\" style=\"vertical-align: inherit;\"> 299,3 g\/mol <\/span><\/span><br \/>\n<strong><span dir=\"auto\" style=\"vertical-align: inherit;\"><span dir=\"auto\" style=\"vertical-align: inherit;\">\u010cistost:<\/span><\/span><\/strong><span dir=\"auto\" style=\"vertical-align: inherit;\"><span dir=\"auto\" style=\"vertical-align: inherit;\"> &gt;97%<\/span><\/span><\/p>","protected":false},"featured_media":29389,"comment_status":"closed","ping_status":"closed","template":"","meta":[],"product_brand":[],"product_cat":[76,388,394,324,398],"product_tag":[326],"class_list":{"0":"post-23896","1":"product","2":"type-product","3":"status-publish","4":"has-post-thumbnail","6":"product_cat-benzodiazepinen","7":"product_cat-norflurazepam","8":"product_cat-norflurazepam-pellets","9":"product_cat-pellets-for-pellet","10":"product_cat-verkoop","11":"product_tag-nl","13":"first","14":"instock","15":"sale","16":"taxable","17":"shipping-taxable","18":"purchasable","19":"product-type-variable"},"_links":{"self":[{"href":"https:\/\/onderzoekschemicals.com\/sl\/wp-json\/wp\/v2\/product\/23896","targetHints":{"allow":["GET"]}}],"collection":[{"href":"https:\/\/onderzoekschemicals.com\/sl\/wp-json\/wp\/v2\/product"}],"about":[{"href":"https:\/\/onderzoekschemicals.com\/sl\/wp-json\/wp\/v2\/types\/product"}],"replies":[{"embeddable":true,"href":"https:\/\/onderzoekschemicals.com\/sl\/wp-json\/wp\/v2\/comments?post=23896"}],"version-history":[{"count":5,"href":"https:\/\/onderzoekschemicals.com\/sl\/wp-json\/wp\/v2\/product\/23896\/revisions"}],"predecessor-version":[{"id":27924,"href":"https:\/\/onderzoekschemicals.com\/sl\/wp-json\/wp\/v2\/product\/23896\/revisions\/27924"}],"wp:featuredmedia":[{"embeddable":true,"href":"https:\/\/onderzoekschemicals.com\/sl\/wp-json\/wp\/v2\/media\/29389"}],"wp:attachment":[{"href":"https:\/\/onderzoekschemicals.com\/sl\/wp-json\/wp\/v2\/media?parent=23896"}],"wp:term":[{"taxonomy":"product_brand","embeddable":true,"href":"https:\/\/onderzoekschemicals.com\/sl\/wp-json\/wp\/v2\/product_brand?post=23896"},{"taxonomy":"product_cat","embeddable":true,"href":"https:\/\/onderzoekschemicals.com\/sl\/wp-json\/wp\/v2\/product_cat?post=23896"},{"taxonomy":"product_tag","embeddable":true,"href":"https:\/\/onderzoekschemicals.com\/sl\/wp-json\/wp\/v2\/product_tag?post=23896"}],"curies":[{"name":"delovni list","href":"https:\/\/api.w.org\/{rel}","templated":true}]}}