{"id":23869,"date":"2025-04-13T17:40:36","date_gmt":"2025-04-13T17:40:36","guid":{"rendered":"https:\/\/onderzoekschemicals.com\/?post_type=product&#038;p=23869"},"modified":"2025-11-28T07:27:56","modified_gmt":"2025-11-28T07:27:56","slug":"34-dmmc-kopen","status":"publish","type":"product","link":"https:\/\/onderzoekschemicals.com\/sl\/shop\/3\/34-dmmc-kopen\/","title":{"rendered":"3,4-DMMC (3,4-dimetilmetakatinon)"},"content":{"rendered":"<p data-start=\"4596\" data-end=\"4908\"><strong data-start=\"4596\" data-end=\"4636\">3,4-DMMC (3,4-dimetilmetakatinon)<\/strong> je <strong data-start=\"4644\" data-end=\"4679\">oblikovalska stimulativna spojina<\/strong> znotraj razreda <strong data-start=\"4701\" data-end=\"4725\">nadomestiti katinone<\/strong>.\u00a0<br data-start=\"4764\" data-end=\"4767\" \/>Prvi\u010d so ga odkrili okoli leta 2010 kot analog mefedrona in drugih katinonov. <span class=\"___SBox_epc1q-ko_ ___SText_zko9t-ko_\" data-ui-name=\"Link.Text\">Kupite 34 dmmc<\/span><\/p>\n<p data-start=\"4910\" data-end=\"5190\">Kot raziskovalna kemikalija se 3,4-DMMC uporablja v <strong data-start=\"4966\" data-end=\"5017\">analiti\u010dne, strukturne in forenzi\u010dne \u0161tudije<\/strong> novih psihoaktivnih snovi (NPS). Slu\u017ei kot referen\u010dni standard v laboratorijih, ki preu\u010dujejo interakcije prena\u0161alcev, metabolite in spektralno identifikacijo.<\/p>\n<hr data-start=\"5192\" data-end=\"5195\" \/>\n<h3 data-start=\"5197\" data-end=\"5228\"><strong data-start=\"5201\" data-end=\"5228\">Klju\u010dne lastnosti<\/strong><\/h3>\n<ul data-start=\"5230\" data-end=\"6038\">\n<li data-start=\"5230\" data-end=\"5319\">\n<p data-start=\"5232\" data-end=\"5319\"><strong data-start=\"5232\" data-end=\"5264\">Visoka analitska \u010distost:<\/strong> Obi\u010dajno \u010distost \u2265 98\u201399% (odvisno od serije).<\/p>\n<\/li>\n<li data-start=\"5320\" data-end=\"5456\">\n<p data-start=\"5322\" data-end=\"5456\"><strong data-start=\"5322\" data-end=\"5346\">Strukturno analogno:<\/strong> Katinoni z metilnimi skupinami na polo\u017eajih 3 in 4 fenilnega obro\u010da.<\/p>\n<\/li>\n<li data-start=\"5457\" data-end=\"5650\">\n<p data-start=\"5459\" data-end=\"5650\"><strong data-start=\"5459\" data-end=\"5495\">Aktivnost monoaminskega transporterja:<\/strong> Deluje kot substrat\/zaviralec prena\u0161alcev serotonina in noradrenalina; manj\u0161i u\u010dinek na ponovni privzem dopamina.<\/p>\n<\/li>\n<li data-start=\"5651\" data-end=\"5785\">\n<p data-start=\"5653\" data-end=\"5785\"><strong data-start=\"5653\" data-end=\"5689\">Robustni podatki o karakterizaciji:<\/strong> Popolnoma karakterizirano z GC\/MS, IR, NMR, UV\/vis.<\/p>\n<\/li>\n<li data-start=\"5786\" data-end=\"5946\">\n<p data-start=\"5788\" data-end=\"5946\"><strong data-start=\"5788\" data-end=\"5815\">Edinstveni retencijski \u010das GC:<\/strong> \u010ceprav so IR\/UV profili podobni mefedronu, se retencijski \u010dasi in fragmentacija razlikujejo.<\/p>\n<\/li>\n<li data-start=\"5947\" data-end=\"6038\">\n<p data-start=\"5949\" data-end=\"6038\"><strong data-start=\"5949\" data-end=\"5979\">Stabilno pri pravilnem skladi\u0161\u010denju:<\/strong> Ohranja celovitost, \u010de je pravilno pokrita in za\u0161\u010ditena.<\/p>\n<\/li>\n<\/ul>\n<hr data-start=\"6040\" data-end=\"6043\" \/>\n<h3 data-start=\"6045\" data-end=\"6062\"><strong data-start=\"6049\" data-end=\"6062\">Prednosti<\/strong><\/h3>\n<ol data-start=\"6064\" data-end=\"6583\">\n<li data-start=\"6064\" data-end=\"6166\">\n<p data-start=\"6067\" data-end=\"6166\"><strong data-start=\"6067\" data-end=\"6098\">Zanesljiva referen\u010dna snov:<\/strong> Uporaba kot orodje za kalibracijo in primerjavo v forenzi\u010dnih laboratorijih.<\/p>\n<\/li>\n<li data-start=\"6167\" data-end=\"6262\">\n<p data-start=\"6170\" data-end=\"6262\"><strong data-start=\"6170\" data-end=\"6194\">Spektralni izziv:<\/strong> Slu\u017ei kot zahteven analog za testiranje selektivnosti instrumenta.<\/p>\n<\/li>\n<li data-start=\"6263\" data-end=\"6359\">\n<p data-start=\"6266\" data-end=\"6359\"><strong data-start=\"6266\" data-end=\"6291\">Raziskave transporterjev:<\/strong> Dragoceno v farmakolo\u0161kih raziskavah serotonina\/noradrenalina.<\/p>\n<\/li>\n<li data-start=\"6360\" data-end=\"6468\">\n<p data-start=\"6363\" data-end=\"6468\"><strong data-start=\"6363\" data-end=\"6387\">Raziskave presnovkov:<\/strong> Pomaga pri kartiranju presnovnih poti v biolo\u0161kih vzorcih.<\/p>\n<\/li>\n<li data-start=\"6469\" data-end=\"6583\">\n<p data-start=\"6472\" data-end=\"6583\"><strong data-start=\"6472\" data-end=\"6509\">Podpira forenzi\u010dno preiskavo:<\/strong> Omogo\u010da izdelavo spektralnih podatkovnih zbirk za nove snovi.<\/p>\n<\/li>\n<\/ol>\n<hr data-start=\"6585\" data-end=\"6588\" \/>\n<h3 data-start=\"6590\" data-end=\"6650\"><strong data-start=\"6594\" data-end=\"6650\">Navodila za uporabo (samo za laboratorijsko uporabo)<\/strong><\/h3>\n<ol data-start=\"6652\" data-end=\"7071\">\n<li data-start=\"6652\" data-end=\"6737\">\n<p data-start=\"6655\" data-end=\"6737\"><strong data-start=\"6655\" data-end=\"6696\">Nosite popolno za\u0161\u010ditno opremo:<\/strong> rokavice, za\u0161\u010ditna o\u010dala, laboratorijski pla\u0161\u010d.<\/p>\n<\/li>\n<li data-start=\"6738\" data-end=\"6819\">\n<p data-start=\"6741\" data-end=\"6819\"><strong data-start=\"6741\" data-end=\"6781\">Delo v nadzorovanem okolju:<\/strong> npr. digestor, \u010dist delovni prostor.<\/p>\n<\/li>\n<li data-start=\"6820\" data-end=\"6896\">\n<p data-start=\"6823\" data-end=\"6896\"><strong data-start=\"6823\" data-end=\"6857\">Uporabite natan\u010dne instrumente:<\/strong> tehtnice, pipete, spektrometri itd.<\/p>\n<\/li>\n<li data-start=\"6897\" data-end=\"6984\">\n<p data-start=\"6900\" data-end=\"6984\"><strong data-start=\"6900\" data-end=\"6932\">Vzor\u010dni podatki dokumenta:<\/strong> \u0161tevilka serije, te\u017ea, \u010distost, pogoji.<\/p>\n<\/li>\n<li data-start=\"6985\" data-end=\"7071\">\n<p data-start=\"6988\" data-end=\"7071\"><strong data-start=\"6988\" data-end=\"7018\">Varno odstranite ostanke:<\/strong> v skladu z varnostnimi protokoli va\u0161e ustanove.<\/p>\n<\/li>\n<\/ol>\n<blockquote data-start=\"7073\" data-end=\"7189\">\n<p data-start=\"7075\" data-end=\"7189\">\u2697\ufe0f <strong data-start=\"7078\" data-end=\"7189\">Samo za analiti\u010dne\/znanstvene raziskovalne namene \u2013 ne za prehrano ljudi ali \u017eivali.<\/strong><\/p>\n<\/blockquote>\n<hr data-start=\"7191\" data-end=\"7194\" \/>\n<h3 data-start=\"7196\" data-end=\"7221\"><strong data-start=\"7200\" data-end=\"7221\">Navodila za shranjevanje<\/strong><\/h3>\n<ul data-start=\"7223\" data-end=\"7494\">\n<li data-start=\"7223\" data-end=\"7283\">\n<p data-start=\"7225\" data-end=\"7283\">Shrani pri <strong data-start=\"7236\" data-end=\"7246\">2\u20138 \u00b0C<\/strong> na hladnem, suhem in temnem mestu.<\/p>\n<\/li>\n<li data-start=\"7284\" data-end=\"7370\">\n<p data-start=\"7286\" data-end=\"7370\">Za za\u0161\u010dito pred vlago in svetlobo uporabljajte inertne, nepredu\u0161no zaprte posode (npr. jantarne viale).<\/p>\n<\/li>\n<li data-start=\"7371\" data-end=\"7430\">\n<p data-start=\"7373\" data-end=\"7430\">Izogibajte se ponavljajo\u010di se izpostavljenosti vro\u010dini ali svetlobi.<\/p>\n<\/li>\n<li data-start=\"7431\" data-end=\"7494\">\n<p data-start=\"7433\" data-end=\"7494\">Dostopno le usposobljenemu analiti\u010dnemu osebju. <span class=\"___SBox_epc1q-ko_ ___SText_zko9t-ko_\" data-ui-name=\"Link.Text\">Kupite 34 dmmc<\/span><\/p>\n<\/li>\n<\/ul>\n<hr data-start=\"7496\" data-end=\"7499\" \/>\n<h3 data-start=\"7501\" data-end=\"7536\"><strong data-start=\"7505\" data-end=\"7536\">Pogosto zastavljena vpra\u0161anja (FAQs)<\/strong><\/h3>\n<p data-start=\"7538\" data-end=\"7781\"><strong data-start=\"7538\" data-end=\"7587\">1. Kak\u0161en je mehanizem delovanja 3,4-DMMC?<\/strong><br data-start=\"7587\" data-end=\"7590\" \/>In vitro deluje kot substrat\/zaviralec prena\u0161alcev serotonina in noradrenalina; njegov u\u010dinek na ponovni privzem dopamina je relativno \u0161ibkej\u0161i.<\/p>\n<p data-start=\"7783\" data-end=\"8013\"><strong data-start=\"7783\" data-end=\"7850\">2. Ali je 3,4-DMMC analiti\u010dno mogo\u010de lo\u010diti od mefedrona?<\/strong><br data-start=\"7850\" data-end=\"7853\" \/>Da. \u010ceprav se lahko IR\/UV profili prekrivajo, sta pomembna retencijski \u010dasi plinske kromatografije in fragmentacija mase.<\/p>\n<p data-start=\"8015\" data-end=\"8234\"><strong data-start=\"8015\" data-end=\"8058\">3. Ali je 3,4-DMMC reguliran ali nezakonit?<\/strong><br data-start=\"8058\" data-end=\"8061\" \/>V mnogih dr\u017eavah je 3,4-DMMC reguliran kot oblikovalski katinon. V ZDA je uvr\u0161\u010den med droge iz Priloge I kot pozicijski izomer 4-MEC. <a href=\"https:\/\/onderzoekschemicals.com\/sl\/shop\/pellets-for-pellet\/1p-lsd-microdose\/\">1P-LSD mikrodoza<\/a><\/p>","protected":false},"excerpt":{"rendered":"<h3><span style=\"vertical-align: inherit;\"><span style=\"vertical-align: inherit;\">3,4-DMMC je sorodna snov kot 3-MMC\/3-CMC.<\/span><\/span><\/h3>\n<p><span style=\"vertical-align: inherit;\"><span style=\"vertical-align: inherit;\">3,4-DMMC\/3,4-dimetilmetakatinon je snov, ki jo prodajamo le v raziskovalne namene in zato ni namenjena za u\u017eivanje. Snov spada v kategorijo katinonov. 3,4-DMMC se dobavlja v obliki prahu in ga je mogo\u010de raziskovati do 2 leti, \u010de je shranjen v ustreznem okolju.<\/span><\/span><\/p>","protected":false},"featured_media":29203,"comment_status":"closed","ping_status":"closed","template":"","meta":[],"product_brand":[],"product_cat":[493,494,322,79],"product_tag":[1105,326],"class_list":{"0":"post-23869","1":"product","2":"type-product","3":"status-publish","4":"has-post-thumbnail","6":"product_cat-493","7":"product_cat-4-dmmc","8":"product_cat-bijna-verboden","9":"product_cat-cathinonen","10":"product_tag-34-dmmc-kopen","11":"product_tag-nl","13":"first","14":"instock","15":"taxable","16":"shipping-taxable","17":"purchasable","18":"product-type-variable"},"_links":{"self":[{"href":"https:\/\/onderzoekschemicals.com\/sl\/wp-json\/wp\/v2\/product\/23869","targetHints":{"allow":["GET"]}}],"collection":[{"href":"https:\/\/onderzoekschemicals.com\/sl\/wp-json\/wp\/v2\/product"}],"about":[{"href":"https:\/\/onderzoekschemicals.com\/sl\/wp-json\/wp\/v2\/types\/product"}],"replies":[{"embeddable":true,"href":"https:\/\/onderzoekschemicals.com\/sl\/wp-json\/wp\/v2\/comments?post=23869"}],"version-history":[{"count":5,"href":"https:\/\/onderzoekschemicals.com\/sl\/wp-json\/wp\/v2\/product\/23869\/revisions"}],"predecessor-version":[{"id":27928,"href":"https:\/\/onderzoekschemicals.com\/sl\/wp-json\/wp\/v2\/product\/23869\/revisions\/27928"}],"wp:featuredmedia":[{"embeddable":true,"href":"https:\/\/onderzoekschemicals.com\/sl\/wp-json\/wp\/v2\/media\/29203"}],"wp:attachment":[{"href":"https:\/\/onderzoekschemicals.com\/sl\/wp-json\/wp\/v2\/media?parent=23869"}],"wp:term":[{"taxonomy":"product_brand","embeddable":true,"href":"https:\/\/onderzoekschemicals.com\/sl\/wp-json\/wp\/v2\/product_brand?post=23869"},{"taxonomy":"product_cat","embeddable":true,"href":"https:\/\/onderzoekschemicals.com\/sl\/wp-json\/wp\/v2\/product_cat?post=23869"},{"taxonomy":"product_tag","embeddable":true,"href":"https:\/\/onderzoekschemicals.com\/sl\/wp-json\/wp\/v2\/product_tag?post=23869"}],"curies":[{"name":"delovni list","href":"https:\/\/api.w.org\/{rel}","templated":true}]}}