{"id":23801,"date":"2025-04-13T17:40:27","date_gmt":"2025-04-13T17:40:27","guid":{"rendered":"https:\/\/onderzoekschemicals.com\/?post_type=product&#038;p=23801"},"modified":"2025-11-28T07:38:00","modified_gmt":"2025-11-28T07:38:00","slug":"4fmar","status":"publish","type":"product","link":"https:\/\/onderzoekschemicals.com\/sl\/shop\/aminorex\/4fmar\/","title":{"rendered":"4F-MAR (4-fluoro-4-metilaminoreks)"},"content":{"rendered":"<p data-start=\"4818\" data-end=\"5118\"><strong data-start=\"4818\" data-end=\"4856\">4F-MAR (4-fluoro-4-metilaminoreks)<\/strong> je <strong data-start=\"4864\" data-end=\"4897\">sinteti\u010dni derivat aminoreksa<\/strong> ki pripada <strong data-start=\"4917\" data-end=\"4937\">razred oksazolinov<\/strong>Uporablja se kot <strong data-start=\"4962\" data-end=\"4985\">referen\u010dno gradivo<\/strong> v analiti\u010dnih in forenzi\u010dnih laboratorijih za preu\u010devanje kemijske strukture in lastnosti podobnih spojin. 4FMAR<\/p>\n<p data-start=\"5120\" data-end=\"5377\">Ta izdelek je <strong data-start=\"5135\" data-end=\"5190\">namenjeno izklju\u010dno znanstvenim raziskavam<\/strong> in <strong data-start=\"5194\" data-end=\"5251\">ni primerno za prehrano ljudi ali \u017eivali<\/strong>Raziskave 4F-MAR prispevajo k razvoju metod odkrivanja in analize v forenzi\u010dni toksikologiji.<\/p>\n<hr data-start=\"5379\" data-end=\"5382\" \/>\n<h3 data-start=\"5384\" data-end=\"5415\"><strong data-start=\"5388\" data-end=\"5415\">Klju\u010dne lastnosti<\/strong><\/h3>\n<ul data-start=\"5417\" data-end=\"5939\">\n<li data-start=\"5417\" data-end=\"5519\">\n<p data-start=\"5419\" data-end=\"5519\"><strong data-start=\"5419\" data-end=\"5439\">Visoka \u010distost:<\/strong> Proizvedeno v nadzorovanih pogojih za zanesljive rezultate.<\/p>\n<\/li>\n<li data-start=\"5520\" data-end=\"5629\">\n<p data-start=\"5522\" data-end=\"5629\"><strong data-start=\"5522\" data-end=\"5561\">Certificiran referen\u010dni material:<\/strong> Prilo\u017eeno <strong data-start=\"5575\" data-end=\"5603\">potrdilo o analizi (COA)<\/strong> in podatke o \u010distosti.<\/p>\n<\/li>\n<li data-start=\"5630\" data-end=\"5734\">\n<p data-start=\"5632\" data-end=\"5734\"><strong data-start=\"5632\" data-end=\"5658\">Forenzi\u010dno uporabno:<\/strong> Primerno za kemijsko profiliranje in toksikolo\u0161ke referen\u010dne raziskave. 4FMAR<\/p>\n<\/li>\n<li data-start=\"5735\" data-end=\"5837\">\n<p data-start=\"5737\" data-end=\"5837\"><strong data-start=\"5737\" data-end=\"5774\">Zdru\u017eljivo z analiti\u010dno opremo:<\/strong> Primerno za uporabo z <strong data-start=\"5801\" data-end=\"5810\">GC-MS<\/strong>, <strong data-start=\"5812\" data-end=\"5821\">LC-MS<\/strong>in <strong data-start=\"5826\" data-end=\"5834\">HPLC<\/strong>.<\/p>\n<\/li>\n<li data-start=\"5838\" data-end=\"5939\">\n<p data-start=\"5840\" data-end=\"5939\"><strong data-start=\"5840\" data-end=\"5860\">Stabilen izdelek:<\/strong> Zasnovano za dolgotrajno shranjevanje v standardnih laboratorijskih pogojih.<\/p>\n<\/li>\n<\/ul>\n<hr data-start=\"5941\" data-end=\"5944\" \/>\n<h3 data-start=\"5946\" data-end=\"5963\"><strong data-start=\"5950\" data-end=\"5963\">Prednosti<\/strong><\/h3>\n<ul data-start=\"5965\" data-end=\"6483\">\n<li data-start=\"5965\" data-end=\"6078\">\n<p data-start=\"5967\" data-end=\"6078\"><strong data-start=\"5967\" data-end=\"6003\">Podpira forenzi\u010dno analizo:<\/strong> Pomaga pri prepoznavanju analogov aminoreksa v raziskovalnih vzorcih.<\/p>\n<\/li>\n<li data-start=\"6079\" data-end=\"6182\">\n<p data-start=\"6081\" data-end=\"6182\"><strong data-start=\"6081\" data-end=\"6121\">Pove\u010da analiti\u010dno natan\u010dnost:<\/strong> Zagotavlja zanesljivo merilo za laboratorijsko kalibracijo.<\/p>\n<\/li>\n<li data-start=\"6183\" data-end=\"6284\">\n<p data-start=\"6185\" data-end=\"6284\"><strong data-start=\"6185\" data-end=\"6218\">Znanstvena relevantnost:<\/strong> Primerno za kemijske, strukturne in toksikolo\u0161ke \u0161tudije.<\/p>\n<\/li>\n<li data-start=\"6285\" data-end=\"6383\">\n<p data-start=\"6287\" data-end=\"6383\"><strong data-start=\"6287\" data-end=\"6320\">Izpolnjuje standarde kakovosti:<\/strong> Izdelano v skladu z mednarodnimi laboratorijskimi smernicami.<\/p>\n<\/li>\n<li data-start=\"6384\" data-end=\"6483\">\n<p data-start=\"6386\" data-end=\"6483\"><strong data-start=\"6386\" data-end=\"6417\">\u0160iroka uporabnost raziskav:<\/strong> Uporablja se v toksikolo\u0161kem in analiti\u010dnem izobra\u017eevanju in raziskavah.<\/p>\n<\/li>\n<\/ul>\n<hr data-start=\"6485\" data-end=\"6488\" \/>\n<h3 data-start=\"6490\" data-end=\"6551\"><strong data-start=\"6494\" data-end=\"6551\">Navodila za uporabo (samo za raziskovalne namene)<\/strong><\/h3>\n<ol data-start=\"6553\" data-end=\"6940\">\n<li data-start=\"6553\" data-end=\"6655\">\n<p data-start=\"6556\" data-end=\"6655\"><strong data-start=\"6556\" data-end=\"6570\">Ravnanje:<\/strong> Uporabljajte samo v akreditiranih laboratorijih z ustrezno varnostno opremo.<\/p>\n<\/li>\n<li data-start=\"6656\" data-end=\"6746\">\n<p data-start=\"6659\" data-end=\"6746\"><strong data-start=\"6659\" data-end=\"6677\">Priprava:<\/strong> Pripravljeno v skladu z validiranimi protokoli za analitsko testiranje.<\/p>\n<\/li>\n<li data-start=\"6747\" data-end=\"6848\">\n<p data-start=\"6750\" data-end=\"6848\"><strong data-start=\"6750\" data-end=\"6761\">Shranjevanje:<\/strong> Hranite na hladnem, suhem in temnem mestu, tesno zaprto v kemi\u010dno odporni posodi.<\/p>\n<\/li>\n<li data-start=\"6849\" data-end=\"6940\">\n<p data-start=\"6852\" data-end=\"6940\"><strong data-start=\"6852\" data-end=\"6863\">Odstranjevanje:<\/strong> Ostanke odstranite v skladu z lokalnimi smernicami za ravnanje s kemi\u010dnimi odpadki.<\/p>\n<\/li>\n<\/ol>\n<hr data-start=\"6942\" data-end=\"6945\" \/>\n<h3 data-start=\"6947\" data-end=\"6981\"><strong data-start=\"6951\" data-end=\"6981\">Varnost in skladnost<\/strong><\/h3>\n<ul data-start=\"6983\" data-end=\"7382\">\n<li data-start=\"6983\" data-end=\"7077\">\n<p data-start=\"6985\" data-end=\"7077\"><strong data-start=\"6985\" data-end=\"7021\">Samo za laboratorijsko uporabo:<\/strong> Ni namenjeno za u\u017eivanje ljudi ali \u017eivali.<\/p>\n<\/li>\n<li data-start=\"7078\" data-end=\"7200\">\n<p data-start=\"7080\" data-end=\"7200\"><strong data-start=\"7080\" data-end=\"7108\">Pravni vidiki:<\/strong> Vedno preverite lokalne zakone glede posedovanja in uporabe 4F-MAR.<\/p>\n<\/li>\n<li data-start=\"7201\" data-end=\"7257\">\n<p data-start=\"7203\" data-end=\"7257\"><strong data-start=\"7203\" data-end=\"7221\">Varno delo:<\/strong> Izogibajte se vdihavanju in stiku s ko\u017eo.<\/p>\n<\/li>\n<li data-start=\"7258\" data-end=\"7382\">\n<p data-start=\"7260\" data-end=\"7382\"><strong data-start=\"7260\" data-end=\"7277\">Dokumentacija:<\/strong> A <strong data-start=\"7282\" data-end=\"7318\">varnostni list (MSDS)<\/strong> in <strong data-start=\"7322\" data-end=\"7350\">potrdilo o analizi (COA)<\/strong> so na voljo na zahtevo.<\/p>\n<\/li>\n<\/ul>\n<hr data-start=\"7384\" data-end=\"7387\" \/>\n<h3 data-start=\"7389\" data-end=\"7424\"><strong data-start=\"7393\" data-end=\"7424\">Pogosto zastavljena vpra\u0161anja (FAQs)<\/strong><\/h3>\n<p data-start=\"7426\" data-end=\"7579\"><strong data-start=\"7426\" data-end=\"7464\">1. Za kaj se uporablja 4F-MAR?<\/strong><br data-start=\"7464\" data-end=\"7467\" \/>4F-MAR se uporablja kot <strong data-start=\"7493\" data-end=\"7511\">referen\u010dna snov<\/strong> za analiti\u010dne in forenzi\u010dne \u0161tudije analogov aminoreksa.<\/p>\n<p data-start=\"7581\" data-end=\"7755\"><strong data-start=\"7581\" data-end=\"7632\">2. Ali je 4F-MAR varen za u\u017eivanje ljudi?<\/strong><br data-start=\"7632\" data-end=\"7635\" \/>Ne. Ta izdelek je <strong data-start=\"7655\" data-end=\"7693\">namenjeno samo za raziskovalne namene<\/strong> in <strong data-start=\"7697\" data-end=\"7754\">ni primerno za prehrano ljudi ali \u017eivali<\/strong>.<\/p>\n<p data-start=\"7757\" data-end=\"7871\"><strong data-start=\"7757\" data-end=\"7798\">3. Kako naj se shranjuje zdravilo 4F-MAR?<\/strong><br data-start=\"7798\" data-end=\"7801\" \/>Hranite na hladnem in temnem mestu, tesno zaprto, izven dosega nepoobla\u0161\u010denih oseb.<\/p>\n<p><em>.<a href=\"https:\/\/onderzoekschemicals.com\/sl\/shop\/iboga-ibogaine\/iboga-root-bark\/\">lubje korenine iboge<\/a> <a href=\"https:\/\/onderzoekschemicals.com\/sl\/shop\/iboga-ibogaine\/buy-ibogaine-hcl-online\/\">kupiti ibogain HCl na spletu<\/a> <a href=\"https:\/\/onderzoekschemicals.com\/sl\/shop\/lysergamides\/1cp-lsd\/\">1cp lsd<\/a> <a href=\"https:\/\/onderzoekschemicals.com\/sl\/shop\/pellets\/o-dsmt-50mg-pellets\/\">o-dsmt<\/a> <a href=\"https:\/\/onderzoekschemicals.com\/sl\/shop\/lysergamides\/1vlsd\/\">1vlsd<\/a>\u00a0<\/em><\/p>","protected":false},"excerpt":{"rendered":"<h2>4F-MAR \/ <b>4\u2032-fluoro-4-metilaminoreks \/ 4-FPO<\/b> lastnosti<\/h2>\n<p><strong>\u0160tevilka CAS<\/strong>: 1364933-64-1<br \/>\n<strong>Formula<\/strong>: <span title=\"Ogljik\">C<\/span><sub>10<\/sub><span title=\"Vodik\">H<\/span><sub>11<\/sub><span title=\"Fluor\">\u017d<\/span><span title=\"Du\u0161ik\">S<\/span><sub>2<\/sub><span title=\"Kisik\">O<\/span><br \/>\n<strong>Molska masa<\/strong>: <span class=\"nowrap\">194.209<\/span> g mol<br \/>\n<strong>\u010cistost<\/strong>: \u226598%<\/p>","protected":false},"featured_media":29246,"comment_status":"closed","ping_status":"closed","template":"","meta":[],"product_brand":[],"product_cat":[552],"product_tag":[776,1110,326],"class_list":{"0":"post-23801","1":"product","2":"type-product","3":"status-publish","4":"has-post-thumbnail","6":"product_cat-aminorex","7":"product_tag-4fma","8":"product_tag-4fmar-kopen","9":"product_tag-nl","11":"first","12":"instock","13":"taxable","14":"shipping-taxable","15":"purchasable","16":"product-type-variable"},"_links":{"self":[{"href":"https:\/\/onderzoekschemicals.com\/sl\/wp-json\/wp\/v2\/product\/23801","targetHints":{"allow":["GET"]}}],"collection":[{"href":"https:\/\/onderzoekschemicals.com\/sl\/wp-json\/wp\/v2\/product"}],"about":[{"href":"https:\/\/onderzoekschemicals.com\/sl\/wp-json\/wp\/v2\/types\/product"}],"replies":[{"embeddable":true,"href":"https:\/\/onderzoekschemicals.com\/sl\/wp-json\/wp\/v2\/comments?post=23801"}],"version-history":[{"count":6,"href":"https:\/\/onderzoekschemicals.com\/sl\/wp-json\/wp\/v2\/product\/23801\/revisions"}],"predecessor-version":[{"id":27951,"href":"https:\/\/onderzoekschemicals.com\/sl\/wp-json\/wp\/v2\/product\/23801\/revisions\/27951"}],"wp:featuredmedia":[{"embeddable":true,"href":"https:\/\/onderzoekschemicals.com\/sl\/wp-json\/wp\/v2\/media\/29246"}],"wp:attachment":[{"href":"https:\/\/onderzoekschemicals.com\/sl\/wp-json\/wp\/v2\/media?parent=23801"}],"wp:term":[{"taxonomy":"product_brand","embeddable":true,"href":"https:\/\/onderzoekschemicals.com\/sl\/wp-json\/wp\/v2\/product_brand?post=23801"},{"taxonomy":"product_cat","embeddable":true,"href":"https:\/\/onderzoekschemicals.com\/sl\/wp-json\/wp\/v2\/product_cat?post=23801"},{"taxonomy":"product_tag","embeddable":true,"href":"https:\/\/onderzoekschemicals.com\/sl\/wp-json\/wp\/v2\/product_tag?post=23801"}],"curies":[{"name":"delovni list","href":"https:\/\/api.w.org\/{rel}","templated":true}]}}