{"id":23587,"date":"2025-04-13T17:40:01","date_gmt":"2025-04-13T17:40:01","guid":{"rendered":"https:\/\/onderzoekschemicals.com\/?post_type=product&#038;p=23587"},"modified":"2025-11-28T08:05:39","modified_gmt":"2025-11-28T08:05:39","slug":"2-fea-3","status":"publish","type":"product","link":"https:\/\/onderzoekschemicals.com\/sl\/shop\/bijna-verboden\/2-fea-3\/","title":{"rendered":"2\/3-FEA 40 MG\/120 MG pelete"},"content":{"rendered":"<h3><strong><span dir=\"auto\" style=\"vertical-align: inherit;\"><span dir=\"auto\" style=\"vertical-align: inherit;\">2\/3-FEA 40 MG \/ 120 MG peleti \u2013 znanstveni opis izdelka<\/span><\/span><\/strong><\/h3>\n<p data-start=\"3981\" data-end=\"4200\"><strong data-start=\"3981\" data-end=\"4016\"><span dir=\"auto\" style=\"vertical-align: inherit;\"><span dir=\"auto\" style=\"vertical-align: inherit;\">2-FEA (2-fluoroetilamfetamin)<\/span><\/span><\/strong><span dir=\"auto\" style=\"vertical-align: inherit;\"><span dir=\"auto\" style=\"vertical-align: inherit;\"> in <\/span><\/span><strong data-start=\"4020\" data-end=\"4055\"><span dir=\"auto\" style=\"vertical-align: inherit;\"><span dir=\"auto\" style=\"vertical-align: inherit;\">3-FEA (3-fluoroetilamfetamin)<\/span><\/span><\/strong><span dir=\"auto\" style=\"vertical-align: inherit;\"><span dir=\"auto\" style=\"vertical-align: inherit;\"> Peleti so <\/span><\/span><strong data-start=\"4069\" data-end=\"4115\"><span dir=\"auto\" style=\"vertical-align: inherit;\"><span dir=\"auto\" style=\"vertical-align: inherit;\">visoko \u010diste raziskovalne spojine<\/span><\/span><\/strong><span dir=\"auto\" style=\"vertical-align: inherit;\"><span dir=\"auto\" style=\"vertical-align: inherit;\"> zasnovano za <\/span><\/span><strong data-start=\"4132\" data-end=\"4197\"><span dir=\"auto\" style=\"vertical-align: inherit;\"><span dir=\"auto\" style=\"vertical-align: inherit;\">nevroznanost, farmakologija in analiti\u010dne raziskave<\/span><\/span><\/strong><span dir=\"auto\" style=\"vertical-align: inherit;\"><span dir=\"auto\" style=\"vertical-align: inherit;\"> 2 fea<\/span><\/span><\/p>\n<p data-start=\"4202\" data-end=\"4469\"><span dir=\"auto\" style=\"vertical-align: inherit;\"><span dir=\"auto\" style=\"vertical-align: inherit;\">Te fluoro substitucije amfetamina in metamfetamina se preiskujejo zaradi njihovih <\/span><\/span><strong data-start=\"4285\" data-end=\"4329\"><span dir=\"auto\" style=\"vertical-align: inherit;\"><span dir=\"auto\" style=\"vertical-align: inherit;\">u\u010dinki na monoaminergi\u010dni nevrotransmisijo<\/span><\/span><\/strong><span dir=\"auto\" style=\"vertical-align: inherit;\"><span dir=\"auto\" style=\"vertical-align: inherit;\"> in <\/span><\/span><strong data-start=\"4333\" data-end=\"4370\"><span dir=\"auto\" style=\"vertical-align: inherit;\"><span dir=\"auto\" style=\"vertical-align: inherit;\">ponovni privzem dopamina\/norepinefrina<\/span><\/span><\/strong><span dir=\"auto\" style=\"vertical-align: inherit;\"><span dir=\"auto\" style=\"vertical-align: inherit;\"> Fluoro-substitucija ponuja dragocene vpoglede v <\/span><\/span><strong data-start=\"4424\" data-end=\"4466\"><span dir=\"auto\" style=\"vertical-align: inherit;\"><span dir=\"auto\" style=\"vertical-align: inherit;\">razmerja med strukturo in aktivnostjo (SAR)<\/span><\/span><\/strong><span dir=\"auto\" style=\"vertical-align: inherit;\"><span dir=\"auto\" style=\"vertical-align: inherit;\"> .<\/span><\/span><\/p>\n<p data-start=\"4471\" data-end=\"4606\"><span dir=\"auto\" style=\"vertical-align: inherit;\"><span dir=\"auto\" style=\"vertical-align: inherit;\">Vsaka peleta vsebuje <\/span><\/span><strong data-start=\"4489\" data-end=\"4504\"><span dir=\"auto\" style=\"vertical-align: inherit;\"><span dir=\"auto\" style=\"vertical-align: inherit;\">40 mg 2-FEA<\/span><\/span><\/strong><span dir=\"auto\" style=\"vertical-align: inherit;\"><span dir=\"auto\" style=\"vertical-align: inherit;\"> ali <\/span><\/span><strong data-start=\"4508\" data-end=\"4524\"><span dir=\"auto\" style=\"vertical-align: inherit;\"><span dir=\"auto\" style=\"vertical-align: inherit;\">120 mg 3-FEA<\/span><\/span><\/strong><span dir=\"auto\" style=\"vertical-align: inherit;\"><span dir=\"auto\" style=\"vertical-align: inherit;\"> , skrbno izmerjeno za natan\u010dne in ponovljive rezultate raziskav.<\/span><\/span><\/p>\n<blockquote data-start=\"4608\" data-end=\"4754\">\n<p data-start=\"4610\" data-end=\"4754\">\u26a0\ufe0f <strong data-start=\"4613\" data-end=\"4624\"><span dir=\"auto\" style=\"vertical-align: inherit;\"><span dir=\"auto\" style=\"vertical-align: inherit;\">Prosimo, upo\u0161tevajte:<\/span><\/span><\/strong><span dir=\"auto\" style=\"vertical-align: inherit;\"><span dir=\"auto\" style=\"vertical-align: inherit;\"> Te povezave so <\/span><\/span><strong data-start=\"4648\" data-end=\"4703\"><span dir=\"auto\" style=\"vertical-align: inherit;\"><span dir=\"auto\" style=\"vertical-align: inherit;\">samo za znanstvenoraziskovalno uporabo<\/span><\/span><\/strong><span dir=\"auto\" style=\"vertical-align: inherit;\"><span dir=\"auto\" style=\"vertical-align: inherit;\"> in <\/span><\/span><strong data-start=\"4707\" data-end=\"4751\"><span dir=\"auto\" style=\"vertical-align: inherit;\"><span dir=\"auto\" style=\"vertical-align: inherit;\">niso primerni za prehrano ljudi<\/span><\/span><\/strong><span dir=\"auto\" style=\"vertical-align: inherit;\"><span dir=\"auto\" style=\"vertical-align: inherit;\"> .<\/span><\/span><\/p>\n<\/blockquote>\n<hr data-start=\"4756\" data-end=\"4759\" \/>\n<h3 data-start=\"4761\" data-end=\"4792\"><strong data-start=\"4765\" data-end=\"4792\"><span dir=\"auto\" style=\"vertical-align: inherit;\"><span dir=\"auto\" style=\"vertical-align: inherit;\">Klju\u010dne lastnosti<\/span><\/span><\/strong><\/h3>\n<ul data-start=\"4793\" data-end=\"5227\">\n<li data-start=\"4793\" data-end=\"4877\">\n<p data-start=\"4795\" data-end=\"4877\"><strong data-start=\"4795\" data-end=\"4821\"><span dir=\"auto\" style=\"vertical-align: inherit;\"><span dir=\"auto\" style=\"vertical-align: inherit;\">Visoka \u010distost (\u226599%)<\/span><\/span><\/strong><span dir=\"auto\" style=\"vertical-align: inherit;\"><span dir=\"auto\" style=\"vertical-align: inherit;\"> \u2013 Laboratorijsko preizku\u0161eno glede identitete in doslednosti.<\/span><\/span><\/p>\n<\/li>\n<li data-start=\"4878\" data-end=\"4969\">\n<p data-start=\"4880\" data-end=\"4969\"><strong data-start=\"4880\" data-end=\"4921\"><span dir=\"auto\" style=\"vertical-align: inherit;\"><span dir=\"auto\" style=\"vertical-align: inherit;\">Natan\u010den odmerek (40 mg \/ 120 mg)<\/span><\/span><\/strong><span dir=\"auto\" style=\"vertical-align: inherit;\"><span dir=\"auto\" style=\"vertical-align: inherit;\"> \u2013 Za zanesljive in ponovljive rezultate.<\/span><\/span><\/p>\n<\/li>\n<li data-start=\"4970\" data-end=\"5059\">\n<p data-start=\"4972\" data-end=\"5059\"><strong data-start=\"4972\" data-end=\"4998\"><span dir=\"auto\" style=\"vertical-align: inherit;\"><span dir=\"auto\" style=\"vertical-align: inherit;\">Izbolj\u0161ana stabilnost<\/span><\/span><\/strong><span dir=\"auto\" style=\"vertical-align: inherit;\"><span dir=\"auto\" style=\"vertical-align: inherit;\"> \u2013 Oblika peletov podalj\u0161a rok uporabnosti in prepre\u010duje razgradnjo.<\/span><\/span><\/p>\n<\/li>\n<li data-start=\"5060\" data-end=\"5142\">\n<p data-start=\"5062\" data-end=\"5142\"><strong data-start=\"5062\" data-end=\"5087\"><span dir=\"auto\" style=\"vertical-align: inherit;\"><span dir=\"auto\" style=\"vertical-align: inherit;\">Proizvodnja, podobna dobri proizvodni praksi (GMP)<\/span><\/span><\/strong><span dir=\"auto\" style=\"vertical-align: inherit;\"><span dir=\"auto\" style=\"vertical-align: inherit;\"> \u2013 Zagotovljena kakovost za raziskovalne namene.<\/span><\/span><\/p>\n<\/li>\n<li data-start=\"5143\" data-end=\"5227\">\n<p data-start=\"5145\" data-end=\"5227\"><strong data-start=\"5145\" data-end=\"5167\"><span dir=\"auto\" style=\"vertical-align: inherit;\"><span dir=\"auto\" style=\"vertical-align: inherit;\">Varna embala\u017ea<\/span><\/span><\/strong><span dir=\"auto\" style=\"vertical-align: inherit;\"><span dir=\"auto\" style=\"vertical-align: inherit;\"> \u2013 Zrakotesno in odporno na vlago za maksimalno za\u0161\u010dito.<\/span><\/span><\/p>\n<\/li>\n<\/ul>\n<hr data-start=\"5229\" data-end=\"5232\" \/>\n<h3 data-start=\"5234\" data-end=\"5251\"><strong data-start=\"5238\" data-end=\"5251\"><span dir=\"auto\" style=\"vertical-align: inherit;\"><span dir=\"auto\" style=\"vertical-align: inherit;\">Prednosti<\/span><\/span><\/strong><\/h3>\n<ul data-start=\"5252\" data-end=\"5503\">\n<li data-start=\"5252\" data-end=\"5324\">\n<p data-start=\"5254\" data-end=\"5324\"><span dir=\"auto\" style=\"vertical-align: inherit;\"><span dir=\"auto\" style=\"vertical-align: inherit;\">Primerno za <\/span><\/span><strong data-start=\"5268\" data-end=\"5321\"><span dir=\"auto\" style=\"vertical-align: inherit;\"><span dir=\"auto\" style=\"vertical-align: inherit;\">farmakolo\u0161ke in nevroznanstvene raziskave<\/span><\/span><\/strong><span dir=\"auto\" style=\"vertical-align: inherit;\"><span dir=\"auto\" style=\"vertical-align: inherit;\"> .<\/span><\/span><\/p>\n<\/li>\n<li data-start=\"5325\" data-end=\"5389\">\n<p data-start=\"5327\" data-end=\"5389\"><strong data-start=\"5327\" data-end=\"5351\"><span dir=\"auto\" style=\"vertical-align: inherit;\"><span dir=\"auto\" style=\"vertical-align: inherit;\">Natan\u010dno odmerjanje<\/span><\/span><\/strong><span dir=\"auto\" style=\"vertical-align: inherit;\"><span dir=\"auto\" style=\"vertical-align: inherit;\"> in zanesljiva ponovljivost. 2 fea<\/span><\/span><\/p>\n<\/li>\n<li data-start=\"5390\" data-end=\"5450\">\n<p data-start=\"5392\" data-end=\"5450\"><span dir=\"auto\" style=\"vertical-align: inherit;\"><span dir=\"auto\" style=\"vertical-align: inherit;\">Podpora <\/span><\/span><strong data-start=\"5404\" data-end=\"5447\"><span dir=\"auto\" style=\"vertical-align: inherit;\"><span dir=\"auto\" style=\"vertical-align: inherit;\">raziskave analogov fluoroamfetamina<\/span><\/span><\/strong><span dir=\"auto\" style=\"vertical-align: inherit;\"><span dir=\"auto\" style=\"vertical-align: inherit;\"> .<\/span><\/span><\/p>\n<\/li>\n<li data-start=\"5451\" data-end=\"5503\">\n<p data-start=\"5453\" data-end=\"5503\"><strong data-start=\"5453\" data-end=\"5478\"><span dir=\"auto\" style=\"vertical-align: inherit;\"><span dir=\"auto\" style=\"vertical-align: inherit;\">Enostavno za uporabo<\/span><\/span><\/strong><span dir=\"auto\" style=\"vertical-align: inherit;\"><span dir=\"auto\" style=\"vertical-align: inherit;\"> in varno za shranjevanje.<\/span><\/span><\/p>\n<\/li>\n<\/ul>\n<hr data-start=\"5505\" data-end=\"5508\" \/>\n<h3 data-start=\"5510\" data-end=\"5525\"><strong data-start=\"5514\" data-end=\"5525\"><span dir=\"auto\" style=\"vertical-align: inherit;\"><span dir=\"auto\" style=\"vertical-align: inherit;\">Uporaba<\/span><\/span><\/strong><\/h3>\n<ul data-start=\"5526\" data-end=\"5807\">\n<li data-start=\"5526\" data-end=\"5596\">\n<p data-start=\"5528\" data-end=\"5596\"><span dir=\"auto\" style=\"vertical-align: inherit;\"><span dir=\"auto\" style=\"vertical-align: inherit;\">Za uporabo do <\/span><\/span><strong data-start=\"5553\" data-end=\"5593\"><span dir=\"auto\" style=\"vertical-align: inherit;\"><span dir=\"auto\" style=\"vertical-align: inherit;\">usposobljeno laboratorijsko osebje<\/span><\/span><\/strong><span dir=\"auto\" style=\"vertical-align: inherit;\"><span dir=\"auto\" style=\"vertical-align: inherit;\"> samo .<\/span><\/span><\/p>\n<\/li>\n<li data-start=\"5597\" data-end=\"5671\">\n<p data-start=\"5599\" data-end=\"5671\"><span dir=\"auto\" style=\"vertical-align: inherit;\"><span dir=\"auto\" style=\"vertical-align: inherit;\">Nosite primerno <\/span><\/span><strong data-start=\"5615\" data-end=\"5639\"><span dir=\"auto\" style=\"vertical-align: inherit;\"><span dir=\"auto\" style=\"vertical-align: inherit;\">za\u0161\u010ditna oprema<\/span><\/span><\/strong><span dir=\"auto\" style=\"vertical-align: inherit;\"><span dir=\"auto\" style=\"vertical-align: inherit;\"> (rokavice, za\u0161\u010ditna o\u010dala, laboratorijski pla\u0161\u010d).<\/span><\/span><\/p>\n<\/li>\n<li data-start=\"5672\" data-end=\"5748\">\n<p data-start=\"5674\" data-end=\"5748\"><span dir=\"auto\" style=\"vertical-align: inherit;\"><span dir=\"auto\" style=\"vertical-align: inherit;\">Shranjujte v <\/span><\/span><strong data-start=\"5689\" data-end=\"5712\"><span dir=\"auto\" style=\"vertical-align: inherit;\"><span dir=\"auto\" style=\"vertical-align: inherit;\">hladnem, suhem mestu<\/span><\/span><\/strong><span dir=\"auto\" style=\"vertical-align: inherit;\"><span dir=\"auto\" style=\"vertical-align: inherit;\"> , stran od svetlobe in vlage.<\/span><\/span><\/p>\n<\/li>\n<li data-start=\"5749\" data-end=\"5807\">\n<p data-start=\"5751\" data-end=\"5807\"><span dir=\"auto\" style=\"vertical-align: inherit;\"><span dir=\"auto\" style=\"vertical-align: inherit;\">Ni primerno za u\u017eivanje ljudi ali \u017eivali.<\/span><\/span><\/p>\n<\/li>\n<\/ul>\n<hr data-start=\"5809\" data-end=\"5812\" \/>\n<h3 data-start=\"5814\" data-end=\"5849\"><strong data-start=\"5818\" data-end=\"5849\"><span dir=\"auto\" style=\"vertical-align: inherit;\"><span dir=\"auto\" style=\"vertical-align: inherit;\">Pogosto zastavljena vpra\u0161anja (FAQs)<\/span><\/span><\/strong><\/h3>\n<p data-start=\"5851\" data-end=\"6023\"><strong data-start=\"5851\" data-end=\"5898\"><span dir=\"auto\" style=\"vertical-align: inherit;\"><span dir=\"auto\" style=\"vertical-align: inherit;\">1. Za kaj se uporabljata 2-FEA in 3-FEA?<\/span><\/span><\/strong><br data-start=\"5898\" data-end=\"5901\" \/><span dir=\"auto\" style=\"vertical-align: inherit;\"><span dir=\"auto\" style=\"vertical-align: inherit;\"> Uporabljajo se v <\/span><\/span><strong data-start=\"5925\" data-end=\"5978\"><span dir=\"auto\" style=\"vertical-align: inherit;\"><span dir=\"auto\" style=\"vertical-align: inherit;\">nevroznanstvene in farmakolo\u0161ke raziskave<\/span><\/span><\/strong><span dir=\"auto\" style=\"vertical-align: inherit;\"><span dir=\"auto\" style=\"vertical-align: inherit;\"> na stimulanse in monoaminergi\u010dne sisteme.<\/span><\/span><\/p>\n<p data-start=\"6025\" data-end=\"6210\"><strong data-start=\"6025\" data-end=\"6082\"><span dir=\"auto\" style=\"vertical-align: inherit;\"><span dir=\"auto\" style=\"vertical-align: inherit;\">2. Ali sta 2-FEA in 3-FEA varna za uporabo pri ljudeh?<\/span><\/span><\/strong><br data-start=\"6082\" data-end=\"6085\" \/><span dir=\"auto\" style=\"vertical-align: inherit;\"><span dir=\"auto\" style=\"vertical-align: inherit;\"> Ne. Ti izdelki so <\/span><\/span><strong data-start=\"6110\" data-end=\"6160\"><span dir=\"auto\" style=\"vertical-align: inherit;\"><span dir=\"auto\" style=\"vertical-align: inherit;\">namenjeno samo laboratorijskim raziskavam<\/span><\/span><\/strong><span dir=\"auto\" style=\"vertical-align: inherit;\"><span dir=\"auto\" style=\"vertical-align: inherit;\"> in niso odobreni za prehrano ljudi.<\/span><\/span><\/p>\n<p data-start=\"6212\" data-end=\"6384\"><strong data-start=\"6212\" data-end=\"6267\"><span dir=\"auto\" style=\"vertical-align: inherit;\"><span dir=\"auto\" style=\"vertical-align: inherit;\">3. Kako naj se shranjujejo peleti 2-FEA\/3-FEA?<\/span><\/span><\/strong><br data-start=\"6267\" data-end=\"6270\" \/><span dir=\"auto\" style=\"vertical-align: inherit;\"><span dir=\"auto\" style=\"vertical-align: inherit;\"> Shranjujte v <\/span><\/span><strong data-start=\"6285\" data-end=\"6315\"><span dir=\"auto\" style=\"vertical-align: inherit;\"><span dir=\"auto\" style=\"vertical-align: inherit;\">tesno zaprta posoda<\/span><\/span><\/strong><span dir=\"auto\" style=\"vertical-align: inherit;\"><span dir=\"auto\" style=\"vertical-align: inherit;\"> pri sobni temperaturi (15\u201325 \u00b0C), za\u0161\u010diteno pred vlago in son\u010dno svetlobo.<\/span><\/span><\/p>","protected":false},"excerpt":{"rendered":"<p><span style=\"color: #ff6600;\"><strong><span style=\"vertical-align: inherit;\"><span style=\"vertical-align: inherit;\"><span dir=\"auto\" style=\"vertical-align: inherit;\"><span dir=\"auto\" style=\"vertical-align: inherit;\">Nadome\u0161\u010deno s peleti Newphoria 2\/3-FEA &gt;&gt;<\/span><\/span><\/span><\/span><\/strong><\/span><\/p>","protected":false},"featured_media":29173,"comment_status":"closed","ping_status":"closed","template":"","meta":[],"product_brand":[],"product_cat":[322,333,324],"product_tag":[655,1149,1148,660,326],"class_list":{"0":"post-23587","1":"product","2":"type-product","3":"status-publish","4":"has-post-thumbnail","6":"product_cat-bijna-verboden","7":"product_cat-gefluoreerden","8":"product_cat-pellets-for-pellet","9":"product_tag-2-fea","10":"product_tag-2-fea-kopen","11":"product_tag-3-fea-kopen","12":"product_tag-3-fea","13":"product_tag-nl","15":"first","16":"instock","17":"taxable","18":"shipping-taxable","19":"purchasable","20":"product-type-variable"},"_links":{"self":[{"href":"https:\/\/onderzoekschemicals.com\/sl\/wp-json\/wp\/v2\/product\/23587","targetHints":{"allow":["GET"]}}],"collection":[{"href":"https:\/\/onderzoekschemicals.com\/sl\/wp-json\/wp\/v2\/product"}],"about":[{"href":"https:\/\/onderzoekschemicals.com\/sl\/wp-json\/wp\/v2\/types\/product"}],"replies":[{"embeddable":true,"href":"https:\/\/onderzoekschemicals.com\/sl\/wp-json\/wp\/v2\/comments?post=23587"}],"version-history":[{"count":6,"href":"https:\/\/onderzoekschemicals.com\/sl\/wp-json\/wp\/v2\/product\/23587\/revisions"}],"predecessor-version":[{"id":28727,"href":"https:\/\/onderzoekschemicals.com\/sl\/wp-json\/wp\/v2\/product\/23587\/revisions\/28727"}],"wp:featuredmedia":[{"embeddable":true,"href":"https:\/\/onderzoekschemicals.com\/sl\/wp-json\/wp\/v2\/media\/29173"}],"wp:attachment":[{"href":"https:\/\/onderzoekschemicals.com\/sl\/wp-json\/wp\/v2\/media?parent=23587"}],"wp:term":[{"taxonomy":"product_brand","embeddable":true,"href":"https:\/\/onderzoekschemicals.com\/sl\/wp-json\/wp\/v2\/product_brand?post=23587"},{"taxonomy":"product_cat","embeddable":true,"href":"https:\/\/onderzoekschemicals.com\/sl\/wp-json\/wp\/v2\/product_cat?post=23587"},{"taxonomy":"product_tag","embeddable":true,"href":"https:\/\/onderzoekschemicals.com\/sl\/wp-json\/wp\/v2\/product_tag?post=23587"}],"curies":[{"name":"delovni list","href":"https:\/\/api.w.org\/{rel}","templated":true}]}}