{"id":23476,"date":"2025-04-13T17:39:49","date_gmt":"2025-04-13T17:39:49","guid":{"rendered":"https:\/\/onderzoekschemicals.com\/?post_type=product&#038;p=23476"},"modified":"2025-10-19T20:43:31","modified_gmt":"2025-10-19T20:43:31","slug":"4-ho-mpt-fumarate","status":"publish","type":"product","link":"https:\/\/onderzoekschemicals.com\/sl\/shop\/4-ho-mpt\/4-ho-mpt-fumarate\/","title":{"rendered":"4-HO-MPT fumarat"},"content":{"rendered":"<h1><strong><span dir=\"auto\" style=\"vertical-align: inherit;\"><span dir=\"auto\" style=\"vertical-align: inherit;\">4-HO-MPT Fumarate \u2013 High-Quality Research Chemical for Advanced Studies<\/span><\/span><\/strong><\/h1>\n<p data-start=\"4191\" data-end=\"4388\"><strong data-start=\"4191\" data-end=\"4252\">4-HO-MPT Fumaraat (4-Hydroxy-N-Methyl-N-Propyltryptamine)<\/strong> je <strong data-start=\"4260\" data-end=\"4302\">visoko \u010dista raziskovalna spojina<\/strong>, razvit za <strong data-start=\"4320\" data-end=\"4385\">nevroznanstvene, farmakolo\u0161ke in analiti\u010dne raziskave<\/strong>. 4-ho-mpt fumarate<\/p>\n<p data-start=\"4390\" data-end=\"4735\">\u010ce <strong data-start=\"4394\" data-end=\"4431\">hidroksil-substituiran analog<\/strong> od <strong data-start=\"4436\" data-end=\"4443\">MPT<\/strong>, behoort 4-HO-MPT tot de <strong data-start=\"4469\" data-end=\"4505\">Razred 4-hidroksitriptamina (4-HO)<\/strong> en is het nauw verwant aan verbindingen zoals <strong data-start=\"4552\" data-end=\"4576\">4-HO-DMT (psilocin)<\/strong>. Het is van belang voor onderzoek naar <strong data-start=\"4616\" data-end=\"4658\">serotonine-receptoren (5-HT1A, 5-HT2A)<\/strong> in <strong data-start=\"4662\" data-end=\"4704\">razmerja med strukturo in aktivnostjo (SAR)<\/strong> binnen de tryptaminefamilie.<\/p>\n<p data-start=\"4737\" data-end=\"4924\">The <strong data-start=\"4740\" data-end=\"4760\">oblika fumaratne soli<\/strong> ponudbe <strong data-start=\"4767\" data-end=\"4825\">uitstekende stabiliteit, oplosbaarheid en houdbaarheid<\/strong>, waardoor dit product ideaal is voor langdurig gebruik in gecontroleerde laboratoriumomgevingen.<\/p>\n<blockquote data-start=\"4926\" data-end=\"5077\">\n<p data-start=\"4928\" data-end=\"5077\">\u26a0\ufe0f <strong data-start=\"4931\" data-end=\"4942\">Opomba:<\/strong> Ta izdelek je <strong data-start=\"4958\" data-end=\"5013\">namenjeno izklju\u010dno znanstvenim raziskavam<\/strong> in <strong data-start=\"5017\" data-end=\"5074\">ni primerno za prehrano ljudi ali \u017eivali<\/strong>.<\/p>\n<\/blockquote>\n<hr data-start=\"5079\" data-end=\"5082\" \/>\n<h3 data-start=\"5084\" data-end=\"5115\"><strong data-start=\"5088\" data-end=\"5115\">Klju\u010dne lastnosti<\/strong><\/h3>\n<ul data-start=\"5116\" data-end=\"5510\">\n<li data-start=\"5116\" data-end=\"5180\">\n<p data-start=\"5118\" data-end=\"5180\"><strong data-start=\"5118\" data-end=\"5144\">Visoka \u010distost (\u226599%)<\/strong> \u2013 Analizirano s HPLC in GC-MS.<\/p>\n<\/li>\n<li data-start=\"5181\" data-end=\"5254\">\n<p data-start=\"5183\" data-end=\"5254\"><strong data-start=\"5183\" data-end=\"5212\">Stabilna fumaratna sol<\/strong> \u2013 Podalj\u0161a rok trajanja in stabilnost.<\/p>\n<\/li>\n<li data-start=\"5255\" data-end=\"5342\">\n<p data-start=\"5257\" data-end=\"5342\"><strong data-start=\"5257\" data-end=\"5296\">Standard farmakolo\u0161kih raziskav<\/strong> \u2013 Primerno za raziskave receptorjev in SAR.<\/p>\n<\/li>\n<li data-start=\"5343\" data-end=\"5421\">\n<p data-start=\"5345\" data-end=\"5421\"><strong data-start=\"5345\" data-end=\"5370\">Dosledna kakovost<\/strong> \u2013 Geproduceerd onder GMP-achtige omstandigheden.<\/p>\n<\/li>\n<li data-start=\"5422\" data-end=\"5510\">\n<p data-start=\"5424\" data-end=\"5510\"><strong data-start=\"5424\" data-end=\"5446\">Varna embala\u017ea<\/strong> \u2013 Hermeti\u010dno in svetlobo neprepustno pakirano za maksimalno za\u0161\u010dito.<\/p>\n<\/li>\n<\/ul>\n<hr data-start=\"5512\" data-end=\"5515\" \/>\n<h3 data-start=\"5517\" data-end=\"5534\"><strong data-start=\"5521\" data-end=\"5534\">Prednosti<\/strong><\/h3>\n<ul data-start=\"5535\" data-end=\"5830\">\n<li data-start=\"5535\" data-end=\"5615\">\n<p data-start=\"5537\" data-end=\"5615\">Podpora <strong data-start=\"5549\" data-end=\"5612\">raziskave serotoninskih receptorjev in analogov triptamina<\/strong>.<\/p>\n<\/li>\n<li data-start=\"5616\" data-end=\"5691\">\n<p data-start=\"5618\" data-end=\"5691\"><strong data-start=\"5618\" data-end=\"5663\">Natan\u010dni in ponovljivi rezultati<\/strong> v laboratorijskih raziskavah.<\/p>\n<\/li>\n<li data-start=\"5692\" data-end=\"5758\">\n<p data-start=\"5694\" data-end=\"5758\"><strong data-start=\"5694\" data-end=\"5733\">Bolj\u0161a stabilnost in topnost<\/strong> kot v obliki proste baze.<\/p>\n<\/li>\n<li data-start=\"5759\" data-end=\"5830\">\n<p data-start=\"5761\" data-end=\"5830\">Idealno za <strong data-start=\"5773\" data-end=\"5827\">akademske, farmakolo\u0161ke in analiti\u010dne raziskave<\/strong>.<\/p>\n<\/li>\n<\/ul>\n<hr data-start=\"5832\" data-end=\"5835\" \/>\n<h3 data-start=\"5837\" data-end=\"5852\"><strong data-start=\"5841\" data-end=\"5852\">Uporaba<\/strong><\/h3>\n<ul data-start=\"5853\" data-end=\"6124\">\n<li data-start=\"5853\" data-end=\"5923\">\n<p data-start=\"5855\" data-end=\"5923\">Samo za uporabo <strong data-start=\"5880\" data-end=\"5920\">usposobljeno laboratorijsko osebje<\/strong>.<\/p>\n<\/li>\n<li data-start=\"5924\" data-end=\"6000\">\n<p data-start=\"5926\" data-end=\"6000\">Uporabite primerno <strong data-start=\"5944\" data-end=\"5968\">za\u0161\u010ditna oprema<\/strong> (rokavice, za\u0161\u010ditna o\u010dala, laboratorijski pla\u0161\u010d).<\/p>\n<\/li>\n<li data-start=\"6001\" data-end=\"6065\">\n<p data-start=\"6003\" data-end=\"6065\">Prihranite pri <strong data-start=\"6018\" data-end=\"6052\">hladnem, suhem in temnem mestu<\/strong> (15\u201325 \u00b0C).<\/p>\n<\/li>\n<li data-start=\"6066\" data-end=\"6124\">\n<p data-start=\"6068\" data-end=\"6124\">Ni primerno za u\u017eivanje ljudi ali \u017eivali.<\/p>\n<\/li>\n<\/ul>\n<hr data-start=\"6126\" data-end=\"6129\" \/>\n<h3 data-start=\"6131\" data-end=\"6166\"><strong data-start=\"6135\" data-end=\"6166\">Pogosto zastavljena vpra\u0161anja (FAQs)<\/strong><\/h3>\n<p data-start=\"6168\" data-end=\"6368\"><strong data-start=\"6168\" data-end=\"6217\">1. Waarvoor wordt 4-HO-MPT Fumaraat gebruikt?<\/strong><br data-start=\"6217\" data-end=\"6220\" \/>4-HO-MPT Fumaraat wordt gebruikt voor <strong data-start=\"6258\" data-end=\"6303\">farmakolo\u0161ke in nevrokemijske raziskave<\/strong> na serotoninske receptorje in strukturne analoge triptamina.<\/p>\n<p data-start=\"6370\" data-end=\"6550\"><strong data-start=\"6370\" data-end=\"6428\">2. Is 4-HO-MPT Fumaraat veilig voor menselijk gebruik?<\/strong><br data-start=\"6428\" data-end=\"6431\" \/>Ne. Ta izdelek je <strong data-start=\"6451\" data-end=\"6500\">namenjeno samo za raziskovalne namene<\/strong> in ni odobreno za prehrano ljudi.<\/p>\n<p data-start=\"6552\" data-end=\"6723\"><strong data-start=\"6552\" data-end=\"6601\">3. Hoe moet 4-HO-MPT Fumaraat worden bewaard?<\/strong><br data-start=\"6601\" data-end=\"6604\" \/>Shranjujte v <strong data-start=\"6619\" data-end=\"6649\">dobro zaprta embala\u017ea<\/strong> pri sobni temperaturi (15\u201325 \u00b0C), za\u0161\u010diteno pred vlago, vro\u010dino in svetlobo.<\/p>","protected":false},"excerpt":{"rendered":"<h3><span style=\"vertical-align: inherit;\"><span style=\"vertical-align: inherit;\"><span dir=\"auto\" style=\"vertical-align: inherit;\"><span dir=\"auto\" style=\"vertical-align: inherit;\">Lastnosti 4-HO-MPT fumarata<\/span><\/span><\/span><\/span><\/h3>\n<p><strong><span style=\"vertical-align: inherit;\"><span style=\"vertical-align: inherit;\"><span dir=\"auto\" style=\"vertical-align: inherit;\"><span dir=\"auto\" style=\"vertical-align: inherit;\">Sinonim:<\/span><\/span><\/span><\/span><\/strong><span style=\"vertical-align: inherit;\"><span style=\"vertical-align: inherit;\"><span dir=\"auto\" style=\"vertical-align: inherit;\"><span dir=\"auto\" style=\"vertical-align: inherit;\"> 4-hidroksi-N-metil-N-propiltriptamin fumarat <\/span><\/span><\/span><\/span><br \/>\n<strong><span style=\"vertical-align: inherit;\"><span style=\"vertical-align: inherit;\"><span dir=\"auto\" style=\"vertical-align: inherit;\"><span dir=\"auto\" style=\"vertical-align: inherit;\">\u0160tevilka CAS:<\/span><\/span><\/span><\/span><\/strong><span style=\"vertical-align: inherit;\"><span style=\"vertical-align: inherit;\"><span dir=\"auto\" style=\"vertical-align: inherit;\"><span dir=\"auto\" style=\"vertical-align: inherit;\"> 763035-03-6 <\/span><\/span><\/span><\/span><br \/>\n<strong><span style=\"vertical-align: inherit;\"><span style=\"vertical-align: inherit;\"><span dir=\"auto\" style=\"vertical-align: inherit;\"><span dir=\"auto\" style=\"vertical-align: inherit;\">Formula:<\/span><\/span><\/span><\/span><\/strong><span style=\"vertical-align: inherit;\"><span style=\"vertical-align: inherit;\"><span dir=\"auto\" style=\"vertical-align: inherit;\"><span dir=\"auto\" style=\"vertical-align: inherit;\"> 3-(2-(methyl(propyl)amino)ethyl)-1H-indole-4-ol fumarate <\/span><\/span><\/span><\/span><br \/>\n<strong><span style=\"vertical-align: inherit;\"><span style=\"vertical-align: inherit;\"><span dir=\"auto\" style=\"vertical-align: inherit;\"><span dir=\"auto\" style=\"vertical-align: inherit;\">Molska masa:<\/span><\/span><\/span><\/span><\/strong><span style=\"vertical-align: inherit;\"><span style=\"vertical-align: inherit;\"><span dir=\"auto\" style=\"vertical-align: inherit;\"><span dir=\"auto\" style=\"vertical-align: inherit;\"> 348,4 g\/mol <\/span><\/span><\/span><\/span><br \/>\n<strong><span style=\"vertical-align: inherit;\"><span style=\"vertical-align: inherit;\"><span dir=\"auto\" style=\"vertical-align: inherit;\"><span dir=\"auto\" style=\"vertical-align: inherit;\">\u010cistost:<\/span><\/span><\/span><\/span><\/strong><span style=\"vertical-align: inherit;\"><span style=\"vertical-align: inherit;\"><span dir=\"auto\" style=\"vertical-align: inherit;\"><span dir=\"auto\" style=\"vertical-align: inherit;\"> &gt;97%<\/span><\/span><\/span><\/span><\/p>","protected":false},"featured_media":20355,"comment_status":"closed","ping_status":"closed","template":"","meta":[],"product_brand":[],"product_cat":[544,381],"product_tag":[326],"class_list":{"0":"post-23476","1":"product","2":"type-product","3":"status-publish","4":"has-post-thumbnail","6":"product_cat-4-ho-mpt","7":"product_cat-tryptamines","8":"product_tag-nl","10":"first","11":"instock","12":"taxable","13":"shipping-taxable","14":"purchasable","15":"product-type-variable"},"_links":{"self":[{"href":"https:\/\/onderzoekschemicals.com\/sl\/wp-json\/wp\/v2\/product\/23476","targetHints":{"allow":["GET"]}}],"collection":[{"href":"https:\/\/onderzoekschemicals.com\/sl\/wp-json\/wp\/v2\/product"}],"about":[{"href":"https:\/\/onderzoekschemicals.com\/sl\/wp-json\/wp\/v2\/types\/product"}],"replies":[{"embeddable":true,"href":"https:\/\/onderzoekschemicals.com\/sl\/wp-json\/wp\/v2\/comments?post=23476"}],"version-history":[{"count":4,"href":"https:\/\/onderzoekschemicals.com\/sl\/wp-json\/wp\/v2\/product\/23476\/revisions"}],"predecessor-version":[{"id":28038,"href":"https:\/\/onderzoekschemicals.com\/sl\/wp-json\/wp\/v2\/product\/23476\/revisions\/28038"}],"wp:featuredmedia":[{"embeddable":true,"href":"https:\/\/onderzoekschemicals.com\/sl\/wp-json\/wp\/v2\/media\/20355"}],"wp:attachment":[{"href":"https:\/\/onderzoekschemicals.com\/sl\/wp-json\/wp\/v2\/media?parent=23476"}],"wp:term":[{"taxonomy":"product_brand","embeddable":true,"href":"https:\/\/onderzoekschemicals.com\/sl\/wp-json\/wp\/v2\/product_brand?post=23476"},{"taxonomy":"product_cat","embeddable":true,"href":"https:\/\/onderzoekschemicals.com\/sl\/wp-json\/wp\/v2\/product_cat?post=23476"},{"taxonomy":"product_tag","embeddable":true,"href":"https:\/\/onderzoekschemicals.com\/sl\/wp-json\/wp\/v2\/product_tag?post=23476"}],"curies":[{"name":"delovni list","href":"https:\/\/api.w.org\/{rel}","templated":true}]}}