{"id":27216,"date":"2025-08-14T11:20:44","date_gmt":"2025-08-14T11:20:44","guid":{"rendered":"https:\/\/onderzoekschemicals.com\/?page_id=27216"},"modified":"2025-10-11T18:11:31","modified_gmt":"2025-10-11T18:11:31","slug":"retourneren","status":"publish","type":"page","link":"https:\/\/onderzoekschemicals.com\/sl\/retourneren\/","title":{"rendered":"Vra\u010dila"},"content":{"rendered":"<p><strong>Politika vra\u010dil<\/strong><\/p>\n\n\n\n<p>V skladu z Zakonom o prodaji na daljavo imajo potro\u0161niki 14-dnevno obdobje za odlog nakupov prek spleta, ki za\u010dne te\u010di z datumom prejema izdelka. V tem obdobju lahko izdelek vrnejo brez navedbe razloga.<\/p>\n\n\n\n<p><strong>Pogoji poslovanja<\/strong><\/p>\n\n\n\n<p>Uveljavljanje pravice do odstopa od pogodbe je predmet dolo\u010denih zakonskih dolo\u010db. Med obdobjem za ohlajanje mora potro\u0161nik z izdelkom in njegovo embala\u017eo ravnati skrbno. Izdelek se lahko razpakira ali uporablja le v obsegu, ki je potreben za oceno, ali ga potro\u0161nik \u017eeli obdr\u017eati. \u010ce se uveljavlja pravica do odstopa od pogodbe, je treba izdelek skupaj z vso prilo\u017eeno opremo vrniti podjetju onderzoekschemicals.com v originalnem stanju in embala\u017ei.<\/p>\n\n\n\n<p>Izdelki, ki so po\u0161kodovani, vrnjeni nepopolni ali so bili mo\u010dno rabljeni, niso upravi\u010deni do celotnega povra\u010dila.<\/p>\n\n\n\n<p>Stro\u0161ki in tveganja povratne po\u0161iljke so odgovornost stranke. onderzoekschemicals.com je dol\u017ean vrniti pla\u010dani znesek, brez stro\u0161kov povratne po\u0161iljke, v 30 dneh.<\/p>\n\n\n\n<p><strong>Prekli\u010di pred po\u0161iljanjem<\/strong><\/p>\n\n\n\n<p>Dokler naro\u010dilo \u0161e ni pla\u010dano, zapakirano in\/ali odposlano, ga lahko prekli\u010dete tako, da po\u0161ljete e-po\u0161to na naslov info<a>@onderzoekschemicals.com<\/a><\/p>\n\n\n\n<p><strong>Vra\u010dila po prejemu<\/strong><\/p>\n\n\n\n<p>Po prejemu naro\u010dila in \u010de ga \u017eelite vrniti, morate najprej poslati e-po\u0161to na naslov info<a>@onderzoekschemicals.com<\/a><\/p>\n\n\n\n<p>Odgovorni ste samo za stro\u0161ke povratne po\u0161iljke. Celotno povra\u010dilo vam bomo izdali, ko bo onderzoekschemicals.com prejel vrnjen artikel.<\/p>\n\n\n\n<p>Upo\u0161tevajte, da morate ne glede na razlog za preklic ukrepati v zakonskem roku. To pomeni, da morate o tem obvestiti onderzoekschemicals.com v 14 dneh od prejema naro\u010dila in izdelek vrniti v 14 dneh.<\/p>\n\n\n\n<p><strong>Politika vra\u010dila<\/strong><\/p>\n\n\n\n<p>Izdelek lahko vrnete v okviru pravice do odstopa od pogodbe, \u010de:<\/p>\n\n\n\n<ul class=\"wp-block-list\">\n<li>Izdelek ni bil uporabljen.<\/li>\n\n\n\n<li>Ni vidnih po\u0161kodb ali o\u010ditnih znakov uporabe.<\/li>\n\n\n\n<li>Izdelek, vklju\u010dno z vsemi deli, se vrne v enakem stanju, kot je bil prejet.<\/li>\n<\/ul>\n\n\n\n<p>Znesek povra\u010dila se lahko zmanj\u0161a, \u010de:<\/p>\n\n\n\n<ul class=\"wp-block-list\">\n<li>Izdelek je bil po\u0161kodovan s strani uporabnika ali med vra\u010dilom po\u0161iljke.<\/li>\n\n\n\n<li>Embala\u017eni material ni v originalnem stanju (na primer, \u010de je bila embala\u017ea odprta ali po\u0161kodovana).<\/li>\n<\/ul>\n\n\n\n<p>\u010ce naro\u010dilo zavrnete ali v dolo\u010denem roku ne jasno navedete, da \u017eelite uveljaviti svojo pravico do odstopa od pogodbe, onderzoekschemicals.com ne more ugotoviti, zakaj je bilo naro\u010dilo zavrnjeno. V takih primerih vam bomo zara\u010dunali tako naro\u010dilo kot morebitne dodatne stro\u0161ke. Zakonsko ste dol\u017eni pravo\u010dasno obvestiti onderzoekschemicals.com o svoji nameri, da izdelke vrnete v dogovorjenem roku.<\/p>\n\n\n\n<p>Vrnjeni izdelki morajo biti v enakem stanju, kot so zapustili na\u0161e skladi\u0161\u010de.<\/p>","protected":false},"excerpt":{"rendered":"<p>Politika vra\u010dil V skladu z Zakonom o prodaji na daljavo imajo potro\u0161niki pravico do 14-dnevnega obdobja za razmislek pri spletnih nakupih.<\/p>","protected":false},"author":1,"featured_media":0,"parent":0,"menu_order":0,"comment_status":"closed","ping_status":"closed","template":"","meta":{"footnotes":""},"class_list":["post-27216","page","type-page","status-publish","hentry"],"_links":{"self":[{"href":"https:\/\/onderzoekschemicals.com\/sl\/wp-json\/wp\/v2\/pages\/27216","targetHints":{"allow":["GET"]}}],"collection":[{"href":"https:\/\/onderzoekschemicals.com\/sl\/wp-json\/wp\/v2\/pages"}],"about":[{"href":"https:\/\/onderzoekschemicals.com\/sl\/wp-json\/wp\/v2\/types\/page"}],"author":[{"embeddable":true,"href":"https:\/\/onderzoekschemicals.com\/sl\/wp-json\/wp\/v2\/users\/1"}],"replies":[{"embeddable":true,"href":"https:\/\/onderzoekschemicals.com\/sl\/wp-json\/wp\/v2\/comments?post=27216"}],"version-history":[{"count":3,"href":"https:\/\/onderzoekschemicals.com\/sl\/wp-json\/wp\/v2\/pages\/27216\/revisions"}],"predecessor-version":[{"id":27731,"href":"https:\/\/onderzoekschemicals.com\/sl\/wp-json\/wp\/v2\/pages\/27216\/revisions\/27731"}],"wp:attachment":[{"href":"https:\/\/onderzoekschemicals.com\/sl\/wp-json\/wp\/v2\/media?parent=27216"}],"curies":[{"name":"delovni list","href":"https:\/\/api.w.org\/{rel}","templated":true}]}}