{"id":27863,"date":"2025-10-20T13:38:36","date_gmt":"2025-10-20T13:38:36","guid":{"rendered":"https:\/\/onderzoekschemicals.com\/?post_type=product&#038;p=27863"},"modified":"2025-10-21T05:49:10","modified_gmt":"2025-10-21T05:49:10","slug":"fluorexetamine-fxe","status":"publish","type":"product","link":"https:\/\/onderzoekschemicals.com\/sk\/shop\/okategoriserad\/fluorexetamine-fxe\/","title":{"rendered":"Fluorexetamine (FXE)"},"content":{"rendered":"<h1>K\u00fapi\u0165 fluorexetam\u00edn (FXE) online<br \/>\nV\u0161eobecn\u00e9 inform\u00e1cie Flu\u00f3rexetam\u00edn<\/h1>\n<p>K\u00fapte si flu\u00f3rexetam\u00edn (FXE) online. Flu\u00f3rexetam\u00edn (hydrochlorid) je vedeck\u00fd analytick\u00fd \u0161tandard klasifikovan\u00fd ako arylcyklohexylam\u00edn. Tento produkt je ur\u010den\u00fd na v\u00fdskum a merate\u013en\u00e9 aplik\u00e1cie.<\/p>\n<p>Fluorexetam\u00edn je \u0161portov\u00e1 v\u00fdskumn\u00e1 chemik\u00e1lia s disociat\u00edvnymi \u00fa\u010dinkami. \u0160portov\u00e1 v\u00fdskumn\u00e1 chemik\u00e1lia zn\u00e1ma ako fluorexetam\u00edn (3-Fluoro-2-Oxo-PCE, FXE) sa pred\u00e1va online pribli\u017ene od roku 2017.<\/p>\n<p>Hoci existuje u\u017e nejak\u00fd \u010das, vo v\u0161eobecnosti zost\u00e1va menej \u010dast\u00fd. Fluorexetam\u00edn je v\u00fdskumn\u00e1 chemik\u00e1lia z rodiny arylcyklohexylam\u00ednov a jej vlastnosti m\u00f4\u017eu by\u0165 vysoko disociat\u00edvne. Je v\u0161ak dostupn\u00fd online od roku 2017 a jeho pou\u017eitie zost\u00e1va relat\u00edvne nezn\u00e1me.<\/p>\n<p>To sa zmenilo v apr\u00edli 2022, ke\u010f algoritmick\u00e1 detekcia chemik\u00e1lie na Reddite spustila poplach. Odvtedy sa po\u010det hl\u00e1sen\u00ed o flu\u00f3rexetam\u00edne viac ako zdvojn\u00e1sobil od ich vrcholu v apr\u00edli 2022. Fyziologick\u00e9 a toxikologick\u00e9 vlastnosti tejto zl\u00fa\u010deniny neboli \u0161tudovan\u00e9. Pou\u017eitie tejto chemik\u00e1lie by malo by\u0165 na v\u00fdskumn\u00e9 a merate\u013en\u00e9 \u00fa\u010dely, takpovediac. Upozornenie: t\u00e1to polo\u017eka nie je ur\u010den\u00e1 v\u00fdhradne na hum\u00e1nne ani veterin\u00e1rne pou\u017eitie.<\/p>\n<h3>Chemick\u00e9 zlo\u017eenie flu\u00f3rexetam\u00ednu<\/h3>\n<p>Fluorexetam\u00edn (3\u2032-Fluoro-2-oxo-PCE, FXE) je dizajn\u00e9rska v\u00fdskumn\u00e1 chemik\u00e1lia z rodiny arylcyklohexylam\u00ednov, ktor\u00e1 m\u00e1 disocia\u010dn\u00e9 \u00fa\u010dinky. Pred\u00e1va sa online pribli\u017ene od roku 2017, ale jej pou\u017eitie zost\u00e1va relat\u00edvne zriedkav\u00e9.<\/p>\n<p>Rovnica je C14H18FNO a mol\u00e1rna hmotnos\u0165 je 235,302 g-mol-1.<\/p>\n<p>&nbsp;<\/p>\n<h3>Farmakol\u00f3gia flu\u00f3rexetam\u00ednu<\/h3>\n<p>Fluoxet\u00edn \u00fa\u010dinkuje inhib\u00edciou sp\u00e4tn\u00e9ho vychyt\u00e1vania seroton\u00ednu v presynaptick\u00fdch neur\u00f3noch blokovan\u00edm prote\u00ednu pren\u00e1\u0161aj\u00faceho sp\u00e4tn\u00e9 vychyt\u00e1vanie, ktor\u00fd sa nach\u00e1dza v presynaptickom zakon\u010den\u00ed. Fluoxet\u00edn m\u00e1 tie\u017e mierny \u00fa\u010dinok na receptory 5HT2A a 5HT2C.<\/p>\n<p>Fluoxet\u00edn sa po peror\u00e1lnom podan\u00ed spotrebuje, je vysoko viazan\u00fd na bielkoviny a m\u00e1 ve\u013ek\u00fd transportn\u00fd objem. Pol\u010das rozpadu fluoxet\u00ednu je pribli\u017ene 1 a\u017e 4 dni, zatia\u013e \u010do pol\u010das jeho metabolitu, norfluoxet\u00ednu, je 7 a\u017e 15 dn\u00ed. Fluoxet\u00edn m\u00e1 neline\u00e1rny farmakokinetick\u00fd profil.<\/p>\n<p>&nbsp;<\/p>\n<h3>K\u00fapte si vysokokvalitn\u00fd flu\u00f3rexetam\u00edn<\/h3>\n<p>Spolo\u010dnos\u0165 ChemsXpress m\u00e1 dlhoro\u010dn\u00e9 sk\u00fasenosti v odvetv\u00ed n\u00e1vrhu v\u00fdskumn\u00fdch chemik\u00e1li\u00ed, \u010do zabezpe\u010duje najvy\u0161\u0161iu kvalitu t\u00fdchto v\u00fdskumn\u00fdch chemik\u00e1li\u00ed. T\u00edm chemick\u00e9ho v\u00fdskumu pred\u00e1va flu\u00f3rexetam\u00edn. V\u00fdskumn\u00e9 chemik\u00e1lie vr\u00e1tane flu\u00f3rexetam\u00ednu sp\u013a\u0148aj\u00fa v\u0161etky bezpe\u010dnostn\u00e9 po\u017eiadavky. V\u00fdskumn\u00e9 chemik\u00e1lie s\u00fa starostlivo distribuovan\u00e9 a skladovan\u00e9 na chladnom a suchom mieste.<\/p>\n<p>V\u0161etky produkty s\u00fa pravidelne kontrolovan\u00e9 z h\u013eadiska kvality, \u010distoty a bezpe\u010dnosti. Fluorexetam\u00edn v\u017edy skladujte pri izbovej teplote a mimo dosahu det\u00ed a dom\u00e1cich zvierat. N\u00e1\u0161 Fluorexetam\u00edn nie je ur\u010den\u00fd na osobn\u00e9 pou\u017eitie. Je ur\u010den\u00fd len na v\u00fdskumn\u00e9 \u00fa\u010dely.<\/p>\n<p>Pri sk\u00faman\u00ed tejto chemik\u00e1lie sa nesmie mie\u0161a\u0165 s alkoholom ani s v\u00fdskumn\u00fdmi chemik\u00e1liami!<\/p>\n<p>V\u0161etky na\u0161e produkty maj\u00fa f\u00e9rov\u00fa cenu!<\/p>\n<p>&nbsp;<\/p>\n<h3>Fluorexetam\u00edn testovan\u00fd v laborat\u00f3riu s v\u00fdsledkami.<\/h3>\n<p>Spolo\u010dnos\u0165 Remakes sa sna\u017e\u00ed o celkov\u00fa spokojnos\u0165 z\u00e1kazn\u00edkov. Nieko\u013eko \u0161t\u00fadi\u00ed uk\u00e1zalo, \u017ee z\u00e1kazn\u00edci si pred zak\u00fapen\u00edm syntetick\u00fdch v\u00fdskumn\u00fdch chemik\u00e1li\u00ed vy\u017eaduj\u00fa \u010do najviac inform\u00e1ci\u00ed. Okrem toho zverej\u0148ujeme v\u0161etky laborat\u00f3rne v\u00fdsledky pre ka\u017ed\u00fa v\u00fdskumn\u00fa zl\u00fa\u010deninu v s\u00fabore PDF.<\/p>\n<p>N\u00e1\u0161 fluorexetam\u00ednov\u00fd kry\u0161t\u00e1l konzistentne dod\u00e1va \u00fa\u010dinn\u00e9 l\u00e1tky a je okam\u017eite vidite\u013en\u00fd pre ka\u017ed\u00e9ho.<\/p>\n<p>V\u0161etky laborat\u00f3rne v\u00fdsledky ka\u017ed\u00e9ho chemick\u00e9ho vy\u0161etrenia distribuujeme v PDF dokumente.<\/p>\n<p>&nbsp;<\/p>\n<h3>Objednajte si bezpe\u010dne na Fluorexetamine.<\/h3>\n<p>V\u00fdskumn\u00e9 chemik\u00e1lie od spolo\u010dnosti Panacea Chems s\u00fa vynikaj\u00facej kvality a za primeran\u00fa cenu. Preto, ke\u010f si objedn\u00e1te v\u00fdskumn\u00e9 chemik\u00e1lie od spolo\u010dnosti ChemsXpress, garantujeme v\u00e1m r\u00fdchle a bezpe\u010dn\u00e9 doru\u010denie domov, preto\u017ee v\u00fdskumn\u00e9 chemik\u00e1lie s\u00fa v spolo\u010dnosti Panacea Chems v\u017edy k dispoz\u00edcii na predaj.<\/p>\n<p>Objedn\u00e1vanie syntetick\u00fdch v\u00fdskumn\u00fdch zl\u00fa\u010den\u00edn pomocou Bitcoinu alebo bankov\u00e9ho prevodu je na ChemsXpress jednoduch\u00e9.<\/p>\n<p>V\u00fdskumn\u00fd chemick\u00fd pr\u00e1\u0161ok odosielame v ten ist\u00fd pracovn\u00fd de\u0148, ak je platba prijat\u00e1 pred 15:00 SE\u010c.<\/p>\n<p>Nedod\u00e1vame tovar osob\u00e1m mlad\u0161\u00edm ako 18 rokov!<\/p>\n<p>Predaj chemik\u00e1li\u00ed na v\u00fdskumn\u00e9 \u00fa\u010dely je ur\u010den\u00fd len na v\u00fdskumn\u00e9 \u00fa\u010dely.<\/p>\n<p>Diskr\u00e9tna preprava v\u00fdskumn\u00fdch chemik\u00e1li\u00ed.<\/p>\n<p>ChemsXpress bezpe\u010dne zabal\u00ed va\u0161u objedn\u00e1vku, aby sa zabezpe\u010dila bezprobl\u00e9mov\u00e1 preprava. Navy\u0161e ju bal\u00edme dokonale nevidite\u013ene, tak\u017ee zvonku nie je vidie\u0165, \u010do by mohlo by\u0165 vo vn\u00fatri.<\/p>\n<p>&nbsp;<\/p>\n<h3>Prevent\u00edvne opatrenia<\/h3>\n<ul>\n<li>K\u00fapte si vhodn\u00e9 osobn\u00e9 ochrann\u00e9 prostriedky, ako s\u00fa ochrann\u00e9 okuliare a rukavice. Spr\u00e1vne ich \u010distite a udr\u017eiavajte. Pri manipul\u00e1cii s v\u00fdskumn\u00fdmi chemik\u00e1liami dodr\u017eiavajte bezpe\u010dn\u00e9 postupy a vyh\u00fdbajte sa skratk\u00e1m.<\/li>\n<li>Ak sa chemik\u00e1lia zo \u0161t\u00fadie dostane do kontaktu s o\u010dami, d\u00f4kladne ich vypl\u00e1chnite a v pr\u00edpade potreby vyberte kontaktn\u00e9 \u0161o\u0161ovky.<\/li>\n<li>Pri pou\u017e\u00edvan\u00ed t\u00fdchto chemik\u00e1li\u00ed sa sna\u017ete nosi\u0165 r\u00fa\u0161ko, aby sa v\u00e1m nedostali do tela pri d\u00fdchan\u00ed.<\/li>\n<li>Ako nazna\u010duj\u00fa uveden\u00e9 podporovan\u00e9 met\u00f3dy, s nebezpe\u010dn\u00fdmi materi\u00e1lmi mus\u00edte manipulova\u0165, skladova\u0165 ich a likvidova\u0165 bezpe\u010dne. Nikdy ich nevylievajte do kanaliz\u00e1cie alebo kan\u00e1lov.<\/li>\n<li>Chemik\u00e1lie na v\u00fdskum skladujte spr\u00e1vne, ako to nazna\u010duj\u00fa ich n\u00e1zvy. Hor\u013eav\u00e9 chemik\u00e1lie by sa mali skladova\u0165 vo v\u00fdbornom, suchom kanabise mimo dosahu intenz\u00edvneho tepla a denn\u00e9ho svetla. Niektor\u00e9 syntetick\u00e9 l\u00e1tky, ako napr\u00edklad kyseliny, by sa mali skladova\u0165 oddelene.<\/li>\n<li>ChemsXpress pon\u00fakan\u00fd na rc je ur\u010den\u00fd len na v\u00fdskumn\u00e9 \u00fa\u010dely; \u013eudsk\u00e1 konzum\u00e1cia je pr\u00edsne zak\u00e1zan\u00e1.<\/li>\n<\/ul>","protected":false},"excerpt":{"rendered":"<p><strong>N\u00e1zov UPAC:\u00a0<\/strong>2-(etylamino)-2-(3-flu\u00f3rfenyl)cyklohex\u00e1n-1-\u00f3n<\/p>\n<p><strong>In\u00e9 meno:\u00a0<\/strong>FXE<\/p>\n<p><strong>Formul\u00e1r:\u00a0<\/strong>kri\u0161t\u00e1\u013e<\/p>\n<p><strong>NMR anal\u00fdza:\u00a0<\/strong>C14H18FNO<\/p>","protected":false},"featured_media":27870,"comment_status":"open","ping_status":"closed","template":"","meta":[],"product_brand":[],"product_cat":[1085],"product_tag":[],"class_list":{"0":"post-27863","1":"product","2":"type-product","3":"status-publish","4":"has-post-thumbnail","6":"product_cat-okategoriserad","8":"first","9":"instock","10":"taxable","11":"shipping-taxable","12":"purchasable","13":"product-type-variable"},"_links":{"self":[{"href":"https:\/\/onderzoekschemicals.com\/sk\/wp-json\/wp\/v2\/product\/27863","targetHints":{"allow":["GET"]}}],"collection":[{"href":"https:\/\/onderzoekschemicals.com\/sk\/wp-json\/wp\/v2\/product"}],"about":[{"href":"https:\/\/onderzoekschemicals.com\/sk\/wp-json\/wp\/v2\/types\/product"}],"replies":[{"embeddable":true,"href":"https:\/\/onderzoekschemicals.com\/sk\/wp-json\/wp\/v2\/comments?post=27863"}],"version-history":[{"count":1,"href":"https:\/\/onderzoekschemicals.com\/sk\/wp-json\/wp\/v2\/product\/27863\/revisions"}],"predecessor-version":[{"id":27871,"href":"https:\/\/onderzoekschemicals.com\/sk\/wp-json\/wp\/v2\/product\/27863\/revisions\/27871"}],"wp:featuredmedia":[{"embeddable":true,"href":"https:\/\/onderzoekschemicals.com\/sk\/wp-json\/wp\/v2\/media\/27870"}],"wp:attachment":[{"href":"https:\/\/onderzoekschemicals.com\/sk\/wp-json\/wp\/v2\/media?parent=27863"}],"wp:term":[{"taxonomy":"product_brand","embeddable":true,"href":"https:\/\/onderzoekschemicals.com\/sk\/wp-json\/wp\/v2\/product_brand?post=27863"},{"taxonomy":"product_cat","embeddable":true,"href":"https:\/\/onderzoekschemicals.com\/sk\/wp-json\/wp\/v2\/product_cat?post=27863"},{"taxonomy":"product_tag","embeddable":true,"href":"https:\/\/onderzoekschemicals.com\/sk\/wp-json\/wp\/v2\/product_tag?post=27863"}],"curies":[{"name":"pracovn\u00fd list","href":"https:\/\/api.w.org\/{rel}","templated":true}]}}