{"id":27449,"date":"2025-10-20T16:11:46","date_gmt":"2025-10-20T16:11:46","guid":{"rendered":"https:\/\/onderzoekschemicals.com\/?post_type=product&#038;p=27449"},"modified":"2025-10-21T05:54:54","modified_gmt":"2025-10-21T05:54:54","slug":"fentanyl-kopen","status":"publish","type":"product","link":"https:\/\/onderzoekschemicals.com\/sk\/shop\/okategoriserad\/fentanyl-kopen\/","title":{"rendered":"fentanyl"},"content":{"rendered":"<h2 data-start=\"516\" data-end=\"545\"><strong data-start=\"519\" data-end=\"545\">\u00davod do fentanylu<\/strong><\/h2>\n<p data-start=\"547\" data-end=\"865\">Fentanyl je jeden <strong data-start=\"564\" data-end=\"588\">syntetick\u00fd opioid<\/strong>, das in der Medizin zur Behandlung <strong data-start=\"624\" data-end=\"662\">starker bis sehr starker Schmerzen<\/strong> eingesetzt wird \u2013 beispielsweise bei <strong data-start=\"700\" data-end=\"718\">Pacienti s Krebsovou chorobou<\/strong> alebo po ve\u013ek\u00fdch oper\u00e1ci\u00e1ch. Es po\u010dul zu den <strong data-start=\"768\" data-end=\"808\">najsilnej\u0161ie pretierate\u013en\u00fd Schmerzmitteln<\/strong> a je to aj <strong data-start=\"822\" data-end=\"862\">50 a\u017e 100-kr\u00e1t silnej\u0161\u00ed ako morf\u00edn<\/strong>k\u00fapi\u0165 fentanyl<\/p>\n<p data-start=\"867\" data-end=\"1083\">Fentanyl sa pou\u017e\u00edval a pou\u017e\u00edva sa aj v s\u00fa\u010dasnosti od za\u010diatku 60. rokov 20. storo\u010dia. <strong data-start=\"958\" data-end=\"980\">Obj\u00edmky<\/strong> SZO <strong data-start=\"985\" data-end=\"1042\">Pflaster, Lutscher, Injektionsl\u00f6sungen alebo Tabletten<\/strong> (z. B. Fentanyl-Tabletten) erh\u00e4ltlich. k\u00fapi\u0165 fentanyl<\/p>\n<p data-start=\"1085\" data-end=\"1223\">Ak je fentanyl vecou pou\u017eitia, tr\u00fafnite si na to. <strong data-start=\"1136\" data-end=\"1204\">Pozrite sa bli\u017e\u0161ie a s u\u017eito\u010dn\u00fdmi radami<\/strong> zvykn\u00fa\u0165 si.<\/p>\n<hr data-start=\"1225\" data-end=\"1228\" \/>\n<h2 data-start=\"1230\" data-end=\"1263\"><strong data-start=\"1233\" data-end=\"1263\">\u00da\u010dinky fentanylu<\/strong><\/h2>\n<p data-start=\"1265\" data-end=\"1442\">Fentanyl \u00fa\u010dinkuje priamo na <strong data-start=\"1295\" data-end=\"1340\">Opioidreceptoren im Gehirn und R\u00fcckenmark<\/strong>. Po\u010das t\u00fdchto spojen\u00ed Schmerzsignale blockiert und die Schmerzwahrnehmung deutlich reduziert.<\/p>\n<p data-start=\"1444\" data-end=\"1593\">Die Wirkung tritt in der Regel <strong data-start=\"1475\" data-end=\"1495\">ve\u013emi r\u00fdchlo<\/strong> \u2013 str\u00e1vte p\u00e1r min\u00fat vo vn\u00fatri \u2013 a pokra\u010dujte so spracovan\u00edm formul\u00e1ra <strong data-start=\"1568\" data-end=\"1587\">nieko\u013eko hod\u00edn<\/strong> a.<\/p>\n<p data-start=\"1595\" data-end=\"1799\">Neben der Schmerzlinderung kann Fentanyl jedoch tie\u017e <strong data-start=\"1648\" data-end=\"1666\">Nebezpe\u010denstv\u00e1<\/strong> kto Schl\u00e4frigkeit, \u00dcbelkeit, Verstopfung oder Atemdepression verursachen, weshalb die <strong data-start=\"1753\" data-end=\"1786\">D\u00e1vkovanie s kontrolovanou silou<\/strong> boli zm\u00e4ten\u00e9.<\/p>\n<hr data-start=\"1801\" data-end=\"1804\" \/>\n<h2 data-start=\"1806\" data-end=\"1839\"><strong data-start=\"1809\" data-end=\"1839\">Hlavn\u00fd liek proti fentanylu<\/strong><\/h2>\n<div class=\"_tableContainer_1rjym_1\">\n<div class=\"group _tableWrapper_1rjym_13 flex w-fit flex-col-reverse\" tabindex=\"-1\">\n<table class=\"w-fit min-w-(--thread-content-width)\" data-start=\"1841\" data-end=\"2363\">\n<thead data-start=\"1841\" data-end=\"1871\">\n<tr data-start=\"1841\" data-end=\"1871\">\n<th data-start=\"1841\" data-end=\"1855\" data-col-size=\"sm\">Nehnute\u013enos\u0165<\/th>\n<th data-start=\"1855\" data-end=\"1871\" data-col-size=\"md\">Popis<\/th>\n<\/tr>\n<\/thead>\n<tbody data-start=\"1904\" data-end=\"2363\">\n<tr data-start=\"1904\" data-end=\"1961\">\n<td data-start=\"1904\" data-end=\"1926\" data-col-size=\"sm\"><strong data-start=\"1906\" data-end=\"1925\">Trieda materi\u00e1lu<\/strong><\/td>\n<td data-col-size=\"md\" data-start=\"1926\" data-end=\"1961\">Syntetick\u00e9 opioidn\u00e9 analgetikum<\/td>\n<\/tr>\n<tr data-start=\"1962\" data-end=\"2016\">\n<td data-start=\"1962\" data-end=\"1979\" data-col-size=\"sm\"><strong data-start=\"1964\" data-end=\"1978\">Pracovn\u00e9 siln\u00e9 str\u00e1nky<\/strong><\/td>\n<td data-col-size=\"md\" data-start=\"1979\" data-end=\"2016\">Etwa 50\u2013100 \u00d7 star\u0161ia ako Morphin<\/td>\n<\/tr>\n<tr data-start=\"2017\" data-end=\"2098\">\n<td data-start=\"2017\" data-end=\"2042\" data-col-size=\"sm\"><strong data-start=\"2019\" data-end=\"2041\">Obj\u00edmky<\/strong><\/td>\n<td data-col-size=\"md\" data-start=\"2042\" data-end=\"2098\">Pflaster, Tablety, Lutscher, Nasenspray, Injektion<\/td>\n<\/tr>\n<tr data-start=\"2099\" data-end=\"2178\">\n<td data-start=\"2099\" data-end=\"2122\" data-col-size=\"sm\"><strong data-start=\"2101\" data-end=\"2121\">Oblas\u0165 pou\u017eitia<\/strong><\/td>\n<td data-col-size=\"md\" data-start=\"2122\" data-end=\"2178\">Lie\u010dba je sk\u00f4r chronick\u00e1 alebo ak\u00fatna<\/td>\n<\/tr>\n<tr data-start=\"2179\" data-end=\"2236\">\n<td data-start=\"2179\" data-end=\"2207\" data-col-size=\"sm\"><strong data-start=\"2181\" data-end=\"2206\">Odpisov\u00e1 kos\u0165<\/strong><\/td>\n<td data-col-size=\"md\" data-start=\"2207\" data-end=\"2236\">Len na z\u00e1klade receptu<\/td>\n<\/tr>\n<tr data-start=\"2237\" data-end=\"2293\">\n<td data-start=\"2237\" data-end=\"2258\" data-col-size=\"sm\"><strong data-start=\"2239\" data-end=\"2257\">Za\u010diatok \u00fa\u010dinku<\/strong><\/td>\n<td data-col-size=\"md\" data-start=\"2258\" data-end=\"2293\">Schnell \u2013 innerhalb von Minuten<\/td>\n<\/tr>\n<tr data-start=\"2294\" data-end=\"2363\">\n<td data-start=\"2294\" data-end=\"2318\" data-col-size=\"sm\"><strong data-start=\"2296\" data-end=\"2317\">Pracovn\u00fd \u010das<\/strong><\/td>\n<td data-col-size=\"md\" data-start=\"2318\" data-end=\"2363\">Viac Stunden, je nach Applicationform<\/td>\n<\/tr>\n<\/tbody>\n<\/table>\n<\/div>\n<\/div>\n<hr data-start=\"2365\" data-end=\"2368\" \/>\n<h2 data-start=\"2370\" data-end=\"2410\"><strong data-start=\"2373\" data-end=\"2410\">Zdravotn\u00e9 a lek\u00e1rske v\u00fdhody<\/strong><\/h2>\n<ul data-start=\"2412\" data-end=\"2929\">\n<li data-start=\"2412\" data-end=\"2517\">\n<p data-start=\"2414\" data-end=\"2517\"><strong data-start=\"2414\" data-end=\"2442\">Starkeho s\u0165a\u017enos\u0165:<\/strong> V Eingriffene ur\u010dite pracujte s n\u00e1dorov\u00fdmi bunkami alebo podst\u00fapte chirurgick\u00e9 z\u00e1kroky.<\/p>\n<\/li>\n<li data-start=\"2518\" data-end=\"2613\">\n<p data-start=\"2520\" data-end=\"2613\"><strong data-start=\"2520\" data-end=\"2551\">R\u00fdchla \u00fakonov\u00e1 \u00fa\u010dinnos\u0165:<\/strong> Ide\u00e1lne s pl\u00f6tzlichen Schmerzspitzen (Durchbruchschmerzen).<\/p>\n<\/li>\n<li data-start=\"2614\" data-end=\"2715\">\n<p data-start=\"2616\" data-end=\"2715\"><strong data-start=\"2616\" data-end=\"2639\">Rozmanit\u00e9 formy:<\/strong> Flexibiln\u00e1 lie\u010dba \u2013 z transderm\u00e1lnych tabliet Pflastern bis zu oralen.<\/p>\n<\/li>\n<li data-start=\"2716\" data-end=\"2810\">\n<p data-start=\"2718\" data-end=\"2810\"><strong data-start=\"2718\" data-end=\"2750\">Kontrolovan\u00e1 dokument\u00e1cia:<\/strong> Erm\u00f6glicht genaue Anpassung jednotlivca Schmerzgrade.<\/p>\n<\/li>\n<li data-start=\"2811\" data-end=\"2929\">\n<p data-start=\"2813\" data-end=\"2929\"><strong data-start=\"2813\" data-end=\"2856\">Podpora paliat\u00edvnej terapie:<\/strong> Zlep\u0161uje kvalitu \u017eivota pacientov s chronickou boles\u0165ou.<\/p>\n<\/li>\n<\/ul>\n<hr data-start=\"2931\" data-end=\"2934\" \/>\n<h2 data-start=\"2936\" data-end=\"2966\"><strong data-start=\"2939\" data-end=\"2966\">Pou\u017eitie a d\u00e1vkovanie<\/strong><\/h2>\n<p data-start=\"2968\" data-end=\"3055\">To <strong data-start=\"2972\" data-end=\"2998\">Aplik\u00e1cia fentanylu<\/strong> \u00faspe\u0161n\u00fd <strong data-start=\"3022\" data-end=\"3052\">podradn\u00e9 pou\u017eitie<\/strong>.<\/p>\n<ul data-start=\"3057\" data-end=\"3381\">\n<li data-start=\"3057\" data-end=\"3164\">\n<p data-start=\"3059\" data-end=\"3164\"><strong data-start=\"3059\" data-end=\"3081\">Fentanyl Pflester:<\/strong> Wird auf die Haut klebt und gibt de Wirkstoff \u00fcber 72 Stunden gleichm\u00e4\u00dfig ab.<\/p>\n<\/li>\n<li data-start=\"3165\" data-end=\"3274\">\n<p data-start=\"3167\" data-end=\"3274\"><strong data-start=\"3167\" data-end=\"3204\">Fentanyl tablety alebo Lutscher:<\/strong> Pre \u010derstv\u00e9 Schmerzspitzen, najm\u00e4 s Durchbruchschmerzen.<\/p>\n<\/li>\n<li data-start=\"3275\" data-end=\"3381\">\n<p data-start=\"3277\" data-end=\"3381\"><strong data-start=\"3277\" data-end=\"3309\">Injekcie alebo inf\u00fazie:<\/strong> V pr\u00edpade choroby absolvuj\u00fa poopera\u010dn\u00fa Schmerztherapie alebo An\u00e4sthesie.<\/p>\n<\/li>\n<\/ul>\n<p data-start=\"3383\" data-end=\"3578\"><strong data-start=\"3383\" data-end=\"3405\">D\u00f4le\u017eit\u00e1 pozn\u00e1mka:<\/strong><br data-start=\"3405\" data-end=\"3408\" \/>Fentanyl darf <strong data-start=\"3422\" data-end=\"3476\">nie je jedine\u010dn\u00fd alebo nez\u00e1visl\u00fd od vlastnej kontroly<\/strong> boli vykonan\u00e9. M\u00f4\u017ee sa vykona\u0165 falo\u0161n\u00e1 zmena <strong data-start=\"3534\" data-end=\"3570\">podpora \u017eivota<\/strong> vies\u0165.<\/p>\n<hr data-start=\"3580\" data-end=\"3583\" \/>\n<h2 data-start=\"3585\" data-end=\"3621\"><strong data-start=\"3588\" data-end=\"3621\">Bezpe\u010dnostn\u00e9 a v\u00fdstra\u017en\u00e9 pokyny<\/strong><\/h2>\n<ul data-start=\"3623\" data-end=\"3919\">\n<li data-start=\"3623\" data-end=\"3681\">\n<p data-start=\"3625\" data-end=\"3681\">Nie s alkoholom alebo jeho kombin\u00e1ciami.<\/p>\n<\/li>\n<li data-start=\"3682\" data-end=\"3735\">\n<p data-start=\"3684\" data-end=\"3735\">Au\u00dferhalb der Reichweite von Kindern aufbewahren.<\/p>\n<\/li>\n<li data-start=\"3736\" data-end=\"3815\">\n<p data-start=\"3738\" data-end=\"3815\">Pros\u00edm, informujte n\u00e1s, ak m\u00e1te ak\u00e9ko\u013evek probl\u00e9my s astmou alebo alergie na opioidy.<\/p>\n<\/li>\n<li data-start=\"3816\" data-end=\"3878\">\n<p data-start=\"3818\" data-end=\"3878\">Entsorgung gebrauchter Pflaster nach \u00e4rztlicher Anweisung.<\/p>\n<\/li>\n<li data-start=\"3879\" data-end=\"3919\">\n<p data-start=\"3881\" data-end=\"3919\">Nie bez samolie\u010dby!<\/p>\n<\/li>\n<\/ul>\n<hr data-start=\"3921\" data-end=\"3924\" \/>\n<h2 data-start=\"3926\" data-end=\"3952\"><strong data-start=\"3929\" data-end=\"3952\">Pr\u00e1vne upozornenie<\/strong><\/h2>\n<p data-start=\"3954\" data-end=\"4260\">V Nemecku fentanyl spad\u00e1 pod t\u00fato skupinu. <strong data-start=\"3994\" data-end=\"4027\">Z\u00e1kon o poplatkoch za slu\u017eby (BtMG)<\/strong>.<br data-start=\"4028\" data-end=\"4031\" \/>V\u00fdstup a pr\u00edstup cez z\u00e1plavov\u00fa sie\u0165 s\u00fa pr\u00edsne regulovan\u00e9, tak\u017ee prem\u00e1vka je zak\u00e1zan\u00e1.<br data-start=\"4113\" data-end=\"4116\" \/>Nur approbierte \u00c4rzte d\u00fcrfen Fentanyl schreiben, und pharmacies geben es ausschlie\u00dflich gegen Vorlage eines <strong data-start=\"4226\" data-end=\"4253\">Recepty na v\u00fddajn\u00e9 n\u00e1poje<\/strong> z.<\/p>\n<p data-start=\"4262\" data-end=\"4414\">\u010eal\u0161ie inform\u00e1cie n\u00e1jdete na webovej str\u00e1nke \u00faradu <strong data-start=\"4325\" data-end=\"4413\"><a class=\"decorated-link cursor-pointer\" target=\"_new\" rel=\"noopener\" data-start=\"4327\" data-end=\"4411\">Feder\u00e1lny in\u0161tit\u00fat pre zdravotn\u00fa starostlivos\u0165 a lek\u00e1rske v\u00fdrobky (BfArM)<\/a><\/strong>.<\/p>\n<hr data-start=\"4416\" data-end=\"4419\" \/>\n<h2 data-start=\"4421\" data-end=\"4457\"><strong data-start=\"4424\" data-end=\"4457\">\u010casto kladen\u00e9 ot\u00e1zky (FAQ)<\/strong><\/h2>\n<p data-start=\"4459\" data-end=\"4637\"><strong data-start=\"4459\" data-end=\"4490\">1\ufe0f\u20e3 Bol fentanyl v poriadku?<\/strong><br data-start=\"4490\" data-end=\"4493\" \/>Fentanyl je siln\u00e1 syntetick\u00e1 l\u00e1tka zo skupiny opioidov. Je d\u00f4le\u017eit\u00e9 ma\u0165 na pam\u00e4ti, \u017ee pacienti rezistentn\u00ed na lie\u010dbu ho bud\u00fa schopn\u00ed zvl\u00e1dnu\u0165.<\/p>\n<p data-start=\"4639\" data-end=\"4807\"><strong data-start=\"4639\" data-end=\"4672\">2\ufe0f\u20e3 Kto dlhodobo u\u017e\u00edva Fentanyl?<\/strong><br data-start=\"4672\" data-end=\"4675\" \/>Je nach Darreichungsform wirkt Fentanyl zischen 2 und 72 Stunden. Pflaster geben den Wirkstoff \u00fcber meerere Tage kontinuierlich ab.<\/p>\n<p data-start=\"4809\" data-end=\"5034\"><strong data-start=\"4809\" data-end=\"4846\">3\ufe0f\u20e3 D\u00e1 sa fentanyl bezpe\u010dne pou\u017e\u00edva\u0165?<\/strong><br data-start=\"4846\" data-end=\"4849\" \/>\u00c1no. Kto m\u00f4\u017ee u\u017e\u00edva\u0165 in\u00e9 opioidy s Fentanylom dlh\u0161ie obdobie? <strong data-start=\"4914\" data-end=\"4957\">fyzick\u00e1 a psychick\u00e1 pohoda<\/strong> verursachen. Deshalb bude sledova\u0165 lie\u010dbu z lek\u00e1rskeho h\u013eadiska.<\/p>\n<h3 data-start=\"230\" data-end=\"288\"><a style=\"font-size: 16px;\" href=\"https:\/\/onderzoekschemicals.com\/sk\/shop\/okategoriserad\/4mmc-kopen\/\"><span dir=\"auto\" style=\"vertical-align: inherit;\"><span dir=\"auto\" style=\"vertical-align: inherit;\"><span dir=\"auto\" style=\"vertical-align: inherit;\"><span dir=\"auto\" style=\"vertical-align: inherit;\">K\u00fapi\u0165 4mmc <\/span><\/span><\/span><\/span><\/a><a style=\"font-size: 16px;\" href=\"https:\/\/onderzoekschemicals.com\/sk\/shop\/iboga-ibogaine\/iboga-root-bark\/\"><span dir=\"auto\" style=\"vertical-align: inherit;\"><span dir=\"auto\" style=\"vertical-align: inherit;\"><span dir=\"auto\" style=\"vertical-align: inherit;\"><span dir=\"auto\" style=\"vertical-align: inherit;\">k\u00f4ra kore\u0148a iboga<\/span><\/span><\/span><\/span><\/a><a style=\"font-size: 16px;\" href=\"https:\/\/onderzoekschemicals.com\/sk\/shop\/iboga-ibogaine\/buy-ibogaine-hcl-online\/\"><span dir=\"auto\" style=\"vertical-align: inherit;\"><span dir=\"auto\" style=\"vertical-align: inherit;\"><span dir=\"auto\" style=\"vertical-align: inherit;\"><span dir=\"auto\" style=\"vertical-align: inherit;\">k\u00fapi\u0165 iboga\u00edn hydrochlorid online<\/span><\/span><\/span><\/span><\/a><a style=\"font-size: 16px;\" href=\"https:\/\/onderzoekschemicals.com\/sk\/shop\/lysergamides\/1cp-lsd\/\"><span dir=\"auto\" style=\"vertical-align: inherit;\"><span dir=\"auto\" style=\"vertical-align: inherit;\"><span dir=\"auto\" style=\"vertical-align: inherit;\"><span dir=\"auto\" style=\"vertical-align: inherit;\">1 cp lsd <\/span><\/span><\/span><\/span><\/a><a style=\"font-size: 16px;\" href=\"https:\/\/onderzoekschemicals.com\/sk\/shop\/pellets-for-pellet\/o-dsmt-50mg-pellets\/\"><span dir=\"auto\" style=\"vertical-align: inherit;\"><span dir=\"auto\" style=\"vertical-align: inherit;\"><span dir=\"auto\" style=\"vertical-align: inherit;\"><span dir=\"auto\" style=\"vertical-align: inherit;\">o-dsmt<\/span><\/span><\/span><\/span><\/a><\/h3>","protected":false},"excerpt":{"rendered":"<p>\u00da\u010dinnos\u0165 fentanylu Fentanyl je syntetick\u00fd opioid, ktor\u00fd sa pou\u017e\u00edva pri lie\u010dbe siln\u00fdch liekov a\u017e do konca d\u0148a.<\/p>","protected":false},"featured_media":27450,"comment_status":"open","ping_status":"closed","template":"","meta":[],"product_brand":[],"product_cat":[1085],"product_tag":[1089,1088],"class_list":{"0":"post-27449","1":"product","2":"type-product","3":"status-publish","4":"has-post-thumbnail","6":"product_cat-okategoriserad","7":"product_tag-fentanyl-kopen","8":"product_tag-fentanyl-tablet","10":"first","11":"instock","12":"taxable","13":"shipping-taxable","14":"purchasable","15":"product-type-variable"},"_links":{"self":[{"href":"https:\/\/onderzoekschemicals.com\/sk\/wp-json\/wp\/v2\/product\/27449","targetHints":{"allow":["GET"]}}],"collection":[{"href":"https:\/\/onderzoekschemicals.com\/sk\/wp-json\/wp\/v2\/product"}],"about":[{"href":"https:\/\/onderzoekschemicals.com\/sk\/wp-json\/wp\/v2\/types\/product"}],"replies":[{"embeddable":true,"href":"https:\/\/onderzoekschemicals.com\/sk\/wp-json\/wp\/v2\/comments?post=27449"}],"version-history":[{"count":4,"href":"https:\/\/onderzoekschemicals.com\/sk\/wp-json\/wp\/v2\/product\/27449\/revisions"}],"predecessor-version":[{"id":27706,"href":"https:\/\/onderzoekschemicals.com\/sk\/wp-json\/wp\/v2\/product\/27449\/revisions\/27706"}],"wp:featuredmedia":[{"embeddable":true,"href":"https:\/\/onderzoekschemicals.com\/sk\/wp-json\/wp\/v2\/media\/27450"}],"wp:attachment":[{"href":"https:\/\/onderzoekschemicals.com\/sk\/wp-json\/wp\/v2\/media?parent=27449"}],"wp:term":[{"taxonomy":"product_brand","embeddable":true,"href":"https:\/\/onderzoekschemicals.com\/sk\/wp-json\/wp\/v2\/product_brand?post=27449"},{"taxonomy":"product_cat","embeddable":true,"href":"https:\/\/onderzoekschemicals.com\/sk\/wp-json\/wp\/v2\/product_cat?post=27449"},{"taxonomy":"product_tag","embeddable":true,"href":"https:\/\/onderzoekschemicals.com\/sk\/wp-json\/wp\/v2\/product_tag?post=27449"}],"curies":[{"name":"pracovn\u00fd list","href":"https:\/\/api.w.org\/{rel}","templated":true}]}}