{"id":24533,"date":"2025-10-20T17:41:54","date_gmt":"2025-10-20T17:41:54","guid":{"rendered":"https:\/\/onderzoekschemicals.com\/?post_type=product&#038;p=24533"},"modified":"2025-10-21T16:01:39","modified_gmt":"2025-10-21T16:01:39","slug":"2c-d-kopen","status":"publish","type":"product","link":"https:\/\/onderzoekschemicals.com\/sk\/shop\/b2b\/2c-d-kopen\/","title":{"rendered":"Blister na pelety 2C-D 10 MG"},"content":{"rendered":"<h3 data-start=\"4002\" data-end=\"4023\"><strong data-start=\"4006\" data-end=\"4021\">\u00davod<\/strong><\/h3>\n<p data-start=\"4024\" data-end=\"4294\"><strong data-start=\"4024\" data-end=\"4066\">2C-D 10 mg pelety (blistrov\u00e9 balenie)<\/strong> obsahuj\u00fa <strong data-start=\"4080\" data-end=\"4123\">presne d\u00e1vkovan\u00e9 mno\u017estvo 10 mg<\/strong> od <strong data-start=\"4128\" data-end=\"4174\">2C-D (2,5-dimetoxy-4-metylfenetylam\u00edn)<\/strong> - Jeden <strong data-start=\"4181\" data-end=\"4211\">syntetick\u00fd fenetylam\u00edn<\/strong> z <strong data-start=\"4219\" data-end=\"4233\">Rodina 2C<\/strong>, p\u00f4vodne vyvinut\u00fd spolo\u010dnos\u0165ou <strong data-start=\"4266\" data-end=\"4291\">Dr. Alexander \u0160ulgin<\/strong>K\u00fapi\u0165 2c-d<\/p>\n<p data-start=\"4296\" data-end=\"4682\">Vn\u00fatri <strong data-start=\"4303\" data-end=\"4355\">chemick\u00fd, farmakologick\u00fd a analytick\u00fd v\u00fdskum<\/strong> 2C-D sa pou\u017e\u00edva ako <strong data-start=\"4380\" data-end=\"4398\">referen\u010dn\u00e1 l\u00e1tka<\/strong> pre <strong data-start=\"4404\" data-end=\"4445\">vz\u0165ah medzi \u0161trukt\u00farou a aktivitou (SAR)<\/strong>-\u0161t\u00fadie, <strong data-start=\"4455\" data-end=\"4484\">v\u00fdskum v\u00e4zby na receptory<\/strong> a <strong data-start=\"4488\" data-end=\"4517\">chromatografick\u00e1 anal\u00fdza<\/strong>.<br data-start=\"4518\" data-end=\"4521\" \/>Tieto pelety sa vyr\u00e1baj\u00fa pod\u013ea <strong data-start=\"4562\" data-end=\"4606\">laborat\u00f3rna kvalita (\u010distota \u2265 98%)<\/strong> a zabalen\u00e9 v <strong data-start=\"4621\" data-end=\"4638\">blistrov\u00e9 p\u00e1sy<\/strong> pre optim\u00e1lnu ochranu a stabilitu.<\/p>\n<blockquote data-start=\"4684\" data-end=\"4839\">\n<p data-start=\"4686\" data-end=\"4839\">\u26a0\ufe0f <strong data-start=\"4689\" data-end=\"4700\">Pozn\u00e1mka:<\/strong> Pelety 2C-D s\u00fa ur\u010den\u00e9 len na <strong data-start=\"4744\" data-end=\"4785\">laborat\u00f3rny a analytick\u00fd v\u00fdskum<\/strong> \u2014 <strong data-start=\"4788\" data-end=\"4836\">nie je ur\u010den\u00e9 na \u013eudsk\u00fa ani \u017eivo\u010d\u00ed\u0161nu spotrebu<\/strong>.<\/p>\n<\/blockquote>\n<hr data-start=\"4841\" data-end=\"4844\" \/>\n<h3 data-start=\"4846\" data-end=\"4877\"><strong data-start=\"4850\" data-end=\"4877\">K\u013e\u00fa\u010dov\u00e9 vlastnosti<\/strong><\/h3>\n<div class=\"_tableContainer_1rjym_1\">\n<div class=\"group _tableWrapper_1rjym_13 flex w-fit flex-col-reverse\" tabindex=\"-1\">\n<table class=\"w-fit min-w-(--thread-content-width)\" data-start=\"4879\" data-end=\"5360\">\n<thead data-start=\"4879\" data-end=\"4905\">\n<tr data-start=\"4879\" data-end=\"4905\">\n<th data-start=\"4879\" data-end=\"4889\" data-col-size=\"sm\">Funkcia<\/th>\n<th data-start=\"4889\" data-end=\"4905\" data-col-size=\"md\">Popis<\/th>\n<\/tr>\n<\/thead>\n<tbody data-start=\"4934\" data-end=\"5360\">\n<tr data-start=\"4934\" data-end=\"4994\">\n<td data-start=\"4934\" data-end=\"4955\" data-col-size=\"sm\"><strong data-start=\"4936\" data-end=\"4954\">Chemick\u00fd n\u00e1zov<\/strong><\/td>\n<td data-start=\"4955\" data-end=\"4994\" data-col-size=\"md\">2,5-dimetoxy-4-metylfenetylam\u00edn<\/td>\n<\/tr>\n<tr data-start=\"4995\" data-end=\"5028\">\n<td data-start=\"4995\" data-end=\"5020\" data-col-size=\"sm\"><strong data-start=\"4997\" data-end=\"5019\">Be\u017en\u00fd n\u00e1zov<\/strong><\/td>\n<td data-start=\"5020\" data-end=\"5028\" data-col-size=\"md\">2C-D<\/td>\n<\/tr>\n<tr data-start=\"5029\" data-end=\"5064\">\n<td data-start=\"5029\" data-end=\"5044\" data-col-size=\"sm\"><strong data-start=\"5031\" data-end=\"5043\">D\u00e1vkovanie<\/strong><\/td>\n<td data-start=\"5044\" data-end=\"5064\" data-col-size=\"md\">10 mg na peletu<\/td>\n<\/tr>\n<tr data-start=\"5065\" data-end=\"5113\">\n<td data-start=\"5065\" data-end=\"5076\" data-col-size=\"sm\"><strong data-start=\"5067\" data-end=\"5075\">Formul\u00e1r<\/strong><\/td>\n<td data-start=\"5076\" data-end=\"5113\" data-col-size=\"md\">Pevn\u00e9 pelety (blistrov\u00e9 balenie)<\/td>\n<\/tr>\n<tr data-start=\"5114\" data-end=\"5165\">\n<td data-start=\"5114\" data-end=\"5131\" data-col-size=\"sm\"><strong data-start=\"5116\" data-end=\"5130\">\u010cistota<\/strong><\/td>\n<td data-start=\"5131\" data-end=\"5165\" data-col-size=\"md\">\u2265 98% (testovan\u00e9 pomocou HPLC a NMR)<\/td>\n<\/tr>\n<tr data-start=\"5166\" data-end=\"5235\">\n<td data-start=\"5166\" data-end=\"5189\" data-col-size=\"sm\"><strong data-start=\"5168\" data-end=\"5188\">Chemick\u00e1 trieda<\/strong><\/td>\n<td data-start=\"5189\" data-end=\"5235\" data-col-size=\"md\">Substituovan\u00fd fenetylam\u00edn (rodina 2C)<\/td>\n<\/tr>\n<tr data-start=\"5236\" data-end=\"5285\">\n<td data-start=\"5236\" data-end=\"5253\" data-col-size=\"sm\"><strong data-start=\"5238\" data-end=\"5252\">Balenie<\/strong><\/td>\n<td data-start=\"5253\" data-end=\"5285\" data-col-size=\"md\">Zape\u010daten\u00e9 blistrov\u00e9 balenie<\/td>\n<\/tr>\n<tr data-start=\"5286\" data-end=\"5360\">\n<td data-start=\"5286\" data-end=\"5300\" data-col-size=\"sm\"><strong data-start=\"5288\" data-end=\"5299\">Pou\u017eitie<\/strong><\/td>\n<td data-start=\"5300\" data-end=\"5360\" data-col-size=\"md\">Len na analytick\u00fd, forenzn\u00fd a chemick\u00fd v\u00fdskum<\/td>\n<\/tr>\n<\/tbody>\n<\/table>\n<\/div>\n<\/div>\n<hr data-start=\"5362\" data-end=\"5365\" \/>\n<h3 data-start=\"5367\" data-end=\"5384\"><strong data-start=\"5371\" data-end=\"5384\">V\u00fdhody<\/strong><\/h3>\n<ul data-start=\"5386\" data-end=\"5834\">\n<li data-start=\"5386\" data-end=\"5484\">\n<p data-start=\"5388\" data-end=\"5484\"><strong data-start=\"5388\" data-end=\"5412\">Presne d\u00e1vkovan\u00e9<\/strong> \u2013 Ka\u017ed\u00e1 peleta obsahuje 10 mg 2C-D pre spo\u013eahliv\u00e9 v\u00fdsledky v\u00fdskumu.<\/p>\n<\/li>\n<li data-start=\"5485\" data-end=\"5565\">\n<p data-start=\"5487\" data-end=\"5565\"><strong data-start=\"5487\" data-end=\"5517\">Vysok\u00e1 laborat\u00f3rna kvalita<\/strong> \u2013 Vhodn\u00e9 pre GC\/MS, HPLC a NMR anal\u00fdzu.<\/p>\n<\/li>\n<li data-start=\"5566\" data-end=\"5655\">\n<p data-start=\"5568\" data-end=\"5655\"><strong data-start=\"5568\" data-end=\"5591\">Stabiln\u00e9 balenie<\/strong> \u2013 Blistrov\u00e9 balenie chr\u00e1ni pred kontamin\u00e1ciou a vlhkos\u0165ou.<\/p>\n<\/li>\n<li data-start=\"5656\" data-end=\"5735\">\n<p data-start=\"5658\" data-end=\"5735\"><strong data-start=\"5658\" data-end=\"5685\">Vysok\u00e1 \u010distota<\/strong> \u2013 \u010distota \u2265 98% pre konzistentn\u00e9 v\u00fdsledky.<\/p>\n<\/li>\n<li data-start=\"5736\" data-end=\"5834\">\n<p data-start=\"5738\" data-end=\"5834\"><strong data-start=\"5738\" data-end=\"5758\">Hodnota v\u00fdskumu<\/strong> \u2013 Vhodn\u00e9 na porovn\u00e1vacie \u0161t\u00fadie s anal\u00f3gmi 2C, ako s\u00fa 2C-B a 2C-E.<\/p>\n<\/li>\n<\/ul>\n<hr data-start=\"5836\" data-end=\"5839\" \/>\n<h3 data-start=\"5841\" data-end=\"5893\"><strong data-start=\"5845\" data-end=\"5891\">Pou\u017eitie (len na v\u00fdskumn\u00e9 \u00fa\u010dely)<\/strong><\/h3>\n<ol data-start=\"5895\" data-end=\"6319\">\n<li data-start=\"5895\" data-end=\"6001\">\n<p data-start=\"5898\" data-end=\"6001\"><strong data-start=\"5898\" data-end=\"5913\">Manipul\u00e1cia:<\/strong> Noste rukavice, ochrann\u00e9 okuliare a laborat\u00f3rny pl\u00e1\u0161\u0165; pracujte v kontrolovanom prostred\u00ed.<\/p>\n<\/li>\n<li data-start=\"6002\" data-end=\"6090\">\n<p data-start=\"6005\" data-end=\"6090\"><strong data-start=\"6005\" data-end=\"6018\">Rozmery:<\/strong> Ka\u017ed\u00e1 peleta obsahuje presne 10 mg; neupravujte mimo laborat\u00f3ria.<\/p>\n<\/li>\n<li data-start=\"6091\" data-end=\"6180\">\n<p data-start=\"6094\" data-end=\"6180\"><strong data-start=\"6094\" data-end=\"6105\">Skladovanie:<\/strong> Skladujte v chlade (2\u20138 \u00b0C), suchu a tme v p\u00f4vodnom blistri.<\/p>\n<\/li>\n<li data-start=\"6181\" data-end=\"6245\">\n<p data-start=\"6184\" data-end=\"6245\"><strong data-start=\"6184\" data-end=\"6196\">Anal\u00fdza:<\/strong> Vhodn\u00e9 pre GC\/MS, LC-MS, HPLC, FTIR a NMR.<\/p>\n<\/li>\n<li data-start=\"6246\" data-end=\"6319\">\n<p data-start=\"6249\" data-end=\"6319\"><strong data-start=\"6249\" data-end=\"6266\">Dokument\u00e1cia:<\/strong> Zaznamenajte \u010d\u00edsla \u0161ar\u017e\u00ed, \u010distotu a v\u00fdsledky testov.<\/p>\n<\/li>\n<\/ol>\n<hr data-start=\"6321\" data-end=\"6324\" \/>\n<h3 data-start=\"6326\" data-end=\"6361\"><strong data-start=\"6330\" data-end=\"6359\">\u010casto kladen\u00e9 ot\u00e1zky (FAQ)<\/strong><\/h3>\n<p data-start=\"6363\" data-end=\"6563\"><strong data-start=\"6363\" data-end=\"6382\">1. \u010co je 2C-D?<\/strong><br data-start=\"6382\" data-end=\"6385\" \/>2C-D (2,5-dimetoxy-4-metylfenetylam\u00edn) je <strong data-start=\"6435\" data-end=\"6465\">syntetick\u00fd fenetylam\u00edn<\/strong> ktor\u00fd sa pou\u017e\u00edva v chemickom a farmakologickom v\u00fdskume v\u00e4zby na receptory a \u0161t\u00fadi\u00e1ch SAR.<\/p>\n<p data-start=\"6565\" data-end=\"6740\"><strong data-start=\"6565\" data-end=\"6616\">2. Na \u010do sa pou\u017e\u00edvaj\u00fa pelety 2C-D 10 mg?<\/strong><br data-start=\"6616\" data-end=\"6619\" \/>Pelety s\u00fa ur\u010den\u00e9 na <strong data-start=\"6648\" data-end=\"6686\">analytick\u00fd a forenzn\u00fd v\u00fdskum<\/strong>, napr\u00edklad pre chromatografiu a spektroskopiu.<\/p>\n<p data-start=\"6742\" data-end=\"6950\"><strong data-start=\"6742\" data-end=\"6780\">3. Je leg\u00e1lne k\u00fapi\u0165 2C-D?<\/strong><br data-start=\"6780\" data-end=\"6783\" \/>The <strong data-start=\"6786\" data-end=\"6809\">z\u00e1konnos\u0165 2C-D<\/strong> sa l\u00ed\u0161i v z\u00e1vislosti od krajiny. V niektor\u00fdch krajin\u00e1ch sa pova\u017euje za kontrolovan\u00fa l\u00e1tku. Pred pou\u017eit\u00edm si v\u017edy overte miestne predpisy. <strong data-start=\"6933\" data-end=\"6947\">2C-D n\u00e1kupy<\/strong>.<\/p>","protected":false},"excerpt":{"rendered":"<h2><strong>2C-D 10 MG pelety<\/strong><\/h2>\n<ul>\n<li><strong>Maloobchodn\u00e9 balenie<br \/>\n<\/strong><\/li>\n<li><strong>Po\u010det peliet v blistri: 10<\/strong><\/li>\n<li><strong>Ceny s\u00fa bez DPH 21%<\/strong><\/li>\n<li><strong>Odpor\u00fa\u010dan\u00e1 maloobchodn\u00e1 cena: 49,95 \u20ac vr. DPH<\/strong><\/li>\n<\/ul>","protected":false},"featured_media":24548,"comment_status":"closed","ping_status":"closed","template":"","meta":[],"product_brand":[82],"product_cat":[555],"product_tag":[661,794,791,792,793,326],"class_list":{"0":"post-24533","1":"product","2":"type-product","3":"status-publish","4":"has-post-thumbnail","6":"product_brand-research-chemical","7":"product_cat-b2b","8":"product_tag-2c-d","9":"product_tag-2c-d-bestsellen","10":"product_tag-2c-d-kopen","11":"product_tag-2c-d-reddit","12":"product_tag-2cd-pellets","13":"product_tag-nl","15":"first","16":"instock","17":"taxable","18":"shipping-taxable","19":"purchasable","20":"product-type-variable"},"_links":{"self":[{"href":"https:\/\/onderzoekschemicals.com\/sk\/wp-json\/wp\/v2\/product\/24533","targetHints":{"allow":["GET"]}}],"collection":[{"href":"https:\/\/onderzoekschemicals.com\/sk\/wp-json\/wp\/v2\/product"}],"about":[{"href":"https:\/\/onderzoekschemicals.com\/sk\/wp-json\/wp\/v2\/types\/product"}],"replies":[{"embeddable":true,"href":"https:\/\/onderzoekschemicals.com\/sk\/wp-json\/wp\/v2\/comments?post=24533"}],"version-history":[{"count":5,"href":"https:\/\/onderzoekschemicals.com\/sk\/wp-json\/wp\/v2\/product\/24533\/revisions"}],"predecessor-version":[{"id":27774,"href":"https:\/\/onderzoekschemicals.com\/sk\/wp-json\/wp\/v2\/product\/24533\/revisions\/27774"}],"wp:featuredmedia":[{"embeddable":true,"href":"https:\/\/onderzoekschemicals.com\/sk\/wp-json\/wp\/v2\/media\/24548"}],"wp:attachment":[{"href":"https:\/\/onderzoekschemicals.com\/sk\/wp-json\/wp\/v2\/media?parent=24533"}],"wp:term":[{"taxonomy":"product_brand","embeddable":true,"href":"https:\/\/onderzoekschemicals.com\/sk\/wp-json\/wp\/v2\/product_brand?post=24533"},{"taxonomy":"product_cat","embeddable":true,"href":"https:\/\/onderzoekschemicals.com\/sk\/wp-json\/wp\/v2\/product_cat?post=24533"},{"taxonomy":"product_tag","embeddable":true,"href":"https:\/\/onderzoekschemicals.com\/sk\/wp-json\/wp\/v2\/product_tag?post=24533"}],"curies":[{"name":"pracovn\u00fd list","href":"https:\/\/api.w.org\/{rel}","templated":true}]}}