{"id":24490,"date":"2025-10-20T17:41:49","date_gmt":"2025-10-20T17:41:49","guid":{"rendered":"https:\/\/onderzoekschemicals.com\/?post_type=product&#038;p=24490"},"modified":"2025-10-21T16:11:58","modified_gmt":"2025-10-21T16:11:58","slug":"fluor-mix-zakje-1gr-4-fma","status":"publish","type":"product","link":"https:\/\/onderzoekschemicals.com\/sk\/shop\/b2b\/fluor-mix-zakje-1gr-4-fma\/","title":{"rendered":"Vrec\u00fa\u0161ko na zmes flu\u00f3ru 1g"},"content":{"rendered":"<h3 data-start=\"4116\" data-end=\"4137\"><strong data-start=\"4120\" data-end=\"4135\">\u00davod<\/strong><\/h3>\n<p data-start=\"4138\" data-end=\"4536\"><strong data-start=\"4138\" data-end=\"4162\">Vrecko s flu\u00f3rovou zmesou (1 g)<\/strong> obsahuje <strong data-start=\"4169\" data-end=\"4222\">1 gram vysoko \u010dist\u00fdch flu\u00f3rovan\u00fdch v\u00fdskumn\u00fdch l\u00e1tok<\/strong>, \u0161peci\u00e1lne vyvinut\u00fd pre <strong data-start=\"4249\" data-end=\"4309\">analytick\u00fd, forenzn\u00fd a chemick\u00fd laborat\u00f3rny v\u00fdskum<\/strong>4 FMA<br data-start=\"4310\" data-end=\"4313\" \/>T\u00e1to zmes obsahuje <strong data-start=\"4328\" data-end=\"4354\">flu\u00f3rovan\u00e9 anal\u00f3gy<\/strong> vybran\u00fdch v\u00fdskumn\u00fdch zl\u00fa\u010den\u00edn, ide\u00e1lnych pre <strong data-start=\"4412\" data-end=\"4463\">v\u00fdskum vz\u0165ahu \u0161trukt\u00fary a aktivity (SAR)<\/strong>, <strong data-start=\"4465\" data-end=\"4495\">chromatografick\u00e9 anal\u00fdzy<\/strong> a <strong data-start=\"4499\" data-end=\"4533\">spektroskopick\u00e1 identifik\u00e1cia<\/strong>.<\/p>\n<p data-start=\"4538\" data-end=\"4856\">Ka\u017ed\u00e1 \u0161ar\u017ea sa vyr\u00e1ba za podmienok <strong data-start=\"4574\" data-end=\"4619\">kontrolovan\u00e9 laborat\u00f3rne podmienky<\/strong> a testovan\u00e9 na <strong data-start=\"4637\" data-end=\"4661\">\u010distota \u2265 98%<\/strong>, \u010do zabezpe\u010duje konzistentn\u00e9 a spo\u013eahliv\u00e9 v\u00fdsledky v\u00fdskumu.<br data-start=\"4726\" data-end=\"4729\" \/>Zmes sa dod\u00e1va v <strong data-start=\"4758\" data-end=\"4807\">laborat\u00f3rne vrecko odoln\u00e9 vo\u010di vlhkosti, ktor\u00e9 sa d\u00e1 znovu uzatv\u00e1ra\u0165<\/strong> pre bezpe\u010dn\u00e9 skladovanie a dlhodob\u00fa stabilitu.<\/p>\n<blockquote data-start=\"4858\" data-end=\"5002\">\n<p data-start=\"4860\" data-end=\"5002\">\u26a0\ufe0f <strong data-start=\"4863\" data-end=\"4874\">Pozn\u00e1mka:<\/strong> Fluor Mix je ur\u010den\u00fd len na <strong data-start=\"4913\" data-end=\"4948\">v\u00fdskumn\u00e9 a analytick\u00e9 vyu\u017eitie<\/strong> \u2014 <strong data-start=\"4951\" data-end=\"4999\">nie je ur\u010den\u00e9 na \u013eudsk\u00fa ani \u017eivo\u010d\u00ed\u0161nu spotrebu<\/strong>.<\/p>\n<\/blockquote>\n<hr data-start=\"5004\" data-end=\"5007\" \/>\n<h3 data-start=\"5009\" data-end=\"5040\"><strong data-start=\"5013\" data-end=\"5040\">K\u013e\u00fa\u010dov\u00e9 vlastnosti<\/strong><\/h3>\n<div class=\"_tableContainer_1rjym_1\">\n<div class=\"group _tableWrapper_1rjym_13 flex w-fit flex-col-reverse\" tabindex=\"-1\">\n<table class=\"w-fit min-w-(--thread-content-width)\" data-start=\"5042\" data-end=\"5582\">\n<thead data-start=\"5042\" data-end=\"5068\">\n<tr data-start=\"5042\" data-end=\"5068\">\n<th data-start=\"5042\" data-end=\"5052\" data-col-size=\"sm\">Funkcia<\/th>\n<th data-start=\"5052\" data-end=\"5068\" data-col-size=\"md\">Popis<\/th>\n<\/tr>\n<\/thead>\n<tbody data-start=\"5097\" data-end=\"5582\">\n<tr data-start=\"5097\" data-end=\"5128\">\n<td data-start=\"5097\" data-end=\"5115\" data-col-size=\"sm\"><strong data-start=\"5099\" data-end=\"5114\">N\u00e1zov produktu<\/strong><\/td>\n<td data-start=\"5115\" data-end=\"5128\" data-col-size=\"md\">Zmes flu\u00f3ru<\/td>\n<\/tr>\n<tr data-start=\"5129\" data-end=\"5167\">\n<td data-start=\"5129\" data-end=\"5147\" data-col-size=\"sm\"><strong data-start=\"5131\" data-end=\"5146\">Mno\u017estvo<\/strong><\/td>\n<td data-start=\"5147\" data-end=\"5167\" data-col-size=\"md\">1 gram na vrecko<\/td>\n<\/tr>\n<tr data-start=\"5168\" data-end=\"5206\">\n<td data-start=\"5168\" data-end=\"5179\" data-col-size=\"sm\"><strong data-start=\"5170\" data-end=\"5178\">Formul\u00e1r<\/strong><\/td>\n<td data-start=\"5179\" data-end=\"5206\" data-col-size=\"md\">Jemn\u00fd kry\u0161talick\u00fd pr\u00e1\u0161ok<\/td>\n<\/tr>\n<tr data-start=\"5207\" data-end=\"5260\">\n<td data-start=\"5207\" data-end=\"5224\" data-col-size=\"sm\"><strong data-start=\"5209\" data-end=\"5223\">\u010cistota<\/strong><\/td>\n<td data-start=\"5224\" data-end=\"5260\" data-col-size=\"md\">\u2265 98% (testovan\u00e9 pomocou HPLC a GC\/MS)<\/td>\n<\/tr>\n<tr data-start=\"5261\" data-end=\"5346\">\n<td data-start=\"5261\" data-end=\"5281\" data-col-size=\"sm\"><strong data-start=\"5263\" data-end=\"5280\">Zlo\u017een\u00e9<\/strong><\/td>\n<td data-start=\"5281\" data-end=\"5346\" data-col-size=\"md\">Zmes flu\u00f3rovan\u00fdch v\u00fdskumn\u00fdch l\u00e1tok (z\u00e1vis\u00ed od \u0161ar\u017ee)<\/td>\n<\/tr>\n<tr data-start=\"5347\" data-end=\"5423\">\n<td data-start=\"5347\" data-end=\"5368\" data-col-size=\"sm\"><strong data-start=\"5349\" data-end=\"5367\">Chemick\u00fd typ<\/strong><\/td>\n<td data-start=\"5368\" data-end=\"5423\" data-col-size=\"md\">Zmes flu\u00f3rovan\u00fdch anal\u00f3gov \/ analytick\u00fdch \u0161tandardov<\/td>\n<\/tr>\n<tr data-start=\"5424\" data-end=\"5498\">\n<td data-start=\"5424\" data-end=\"5438\" data-col-size=\"sm\"><strong data-start=\"5426\" data-end=\"5437\">Pou\u017eitie<\/strong><\/td>\n<td data-start=\"5438\" data-end=\"5498\" data-col-size=\"md\">Len na analytick\u00fd, forenzn\u00fd a chemick\u00fd v\u00fdskum<\/td>\n<\/tr>\n<tr data-start=\"5499\" data-end=\"5582\">\n<td data-start=\"5499\" data-end=\"5516\" data-col-size=\"sm\"><strong data-start=\"5501\" data-end=\"5515\">Balenie<\/strong><\/td>\n<td data-start=\"5516\" data-end=\"5582\" data-col-size=\"md\">Znovu uzatv\u00e1rate\u013en\u00e9, antistatick\u00e9 a vlhkuvzdorn\u00e9 laborat\u00f3rne vrecko<\/td>\n<\/tr>\n<\/tbody>\n<\/table>\n<\/div>\n<\/div>\n<hr data-start=\"5584\" data-end=\"5587\" \/>\n<h3 data-start=\"5589\" data-end=\"5606\"><strong data-start=\"5593\" data-end=\"5606\">V\u00fdhody<\/strong><\/h3>\n<ul data-start=\"5608\" data-end=\"6045\">\n<li data-start=\"5608\" data-end=\"5688\">\n<p data-start=\"5610\" data-end=\"5688\"><strong data-start=\"5610\" data-end=\"5629\">Vysok\u00e1 \u010distota<\/strong> \u2013 \u2265 98% laborat\u00f3rna kvalita pre spo\u013eahliv\u00e9 anal\u00fdzy.<\/p>\n<\/li>\n<li data-start=\"5689\" data-end=\"5779\">\n<p data-start=\"5691\" data-end=\"5779\"><strong data-start=\"5691\" data-end=\"5716\">Vzorec obsahuj\u00faci flu\u00f3r<\/strong> \u2013 Obsahuje starostlivo vybran\u00e9 anal\u00f3gy na porovnanie.<\/p>\n<\/li>\n<li data-start=\"5780\" data-end=\"5875\">\n<p data-start=\"5782\" data-end=\"5875\"><strong data-start=\"5782\" data-end=\"5812\">\u0160iroko aplikovate\u013en\u00e9 na v\u00fdskum<\/strong> \u2013 Vhodn\u00e9 pre chromatografick\u00e9 a spektroskopick\u00e9 testy.<\/p>\n<\/li>\n<li data-start=\"5876\" data-end=\"5968\">\n<p data-start=\"5878\" data-end=\"5968\"><strong data-start=\"5878\" data-end=\"5906\">Kontrolovan\u00e1 v\u00fdroba<\/strong> \u2013 Ka\u017ed\u00e1 \u0161ar\u017ea sa vyr\u00e1ba v laborat\u00f3rnych podmienkach.<\/p>\n<\/li>\n<li data-start=\"5969\" data-end=\"6045\">\n<p data-start=\"5971\" data-end=\"6045\"><strong data-start=\"5971\" data-end=\"5993\">Dlh\u00e1 trvanlivos\u0165<\/strong> \u2013 Obal chr\u00e1ni pred vlhkos\u0165ou a degrad\u00e1ciou.<\/p>\n<\/li>\n<\/ul>\n<hr data-start=\"6047\" data-end=\"6050\" \/>\n<h3 data-start=\"6052\" data-end=\"6104\"><strong data-start=\"6056\" data-end=\"6102\">Pou\u017eitie (len na v\u00fdskumn\u00e9 \u00fa\u010dely)<\/strong><\/h3>\n<ol data-start=\"6106\" data-end=\"6508\">\n<li data-start=\"6106\" data-end=\"6212\">\n<p data-start=\"6109\" data-end=\"6212\"><strong data-start=\"6109\" data-end=\"6124\">Manipul\u00e1cia:<\/strong> Noste rukavice, ochrann\u00e9 okuliare a laborat\u00f3rny pl\u00e1\u0161\u0165; pracujte v kontrolovanom prostred\u00ed.<\/p>\n<\/li>\n<li data-start=\"6213\" data-end=\"6288\">\n<p data-start=\"6216\" data-end=\"6288\"><strong data-start=\"6216\" data-end=\"6229\">Rozmery:<\/strong> Pou\u017e\u00edvajte kalibrovan\u00e9 laborat\u00f3rne v\u00e1hy a pr\u00edstroje.<\/p>\n<\/li>\n<li data-start=\"6289\" data-end=\"6367\">\n<p data-start=\"6292\" data-end=\"6367\"><strong data-start=\"6292\" data-end=\"6303\">Skladovanie:<\/strong> Skladujte v chlade (2\u20138 \u00b0C), suchu a tme v p\u00f4vodnom obale.<\/p>\n<\/li>\n<li data-start=\"6368\" data-end=\"6432\">\n<p data-start=\"6371\" data-end=\"6432\"><strong data-start=\"6371\" data-end=\"6383\">Anal\u00fdza:<\/strong> Vhodn\u00e9 pre GC\/MS, LC-MS, HPLC, FTIR a NMR. 4 fma<\/p>\n<\/li>\n<li data-start=\"6433\" data-end=\"6508\">\n<p data-start=\"6436\" data-end=\"6508\"><strong data-start=\"6436\" data-end=\"6453\">Dokument\u00e1cia:<\/strong> Zaznamenajte \u010d\u00edsla \u0161ar\u017e\u00ed a v\u00fdsledky testov, aby ste zistili s\u00falad.<\/p>\n<\/li>\n<\/ol>\n<hr data-start=\"6510\" data-end=\"6513\" \/>\n<h3 data-start=\"6515\" data-end=\"6550\"><strong data-start=\"6519\" data-end=\"6548\">\u010casto kladen\u00e9 ot\u00e1zky (FAQ)<\/strong><\/h3>\n<p data-start=\"6552\" data-end=\"6689\"><strong data-start=\"6552\" data-end=\"6576\">1. \u010co je flu\u00f3rov\u00e1 zmes?<\/strong><br data-start=\"6576\" data-end=\"6579\" \/><strong data-start=\"6579\" data-end=\"6592\">Zmes flu\u00f3ru<\/strong> je <strong data-start=\"6600\" data-end=\"6646\">zmes flu\u00f3rovan\u00fdch v\u00fdskumn\u00fdch l\u00e1tok<\/strong> pre analytick\u00fd a forenzn\u00fd v\u00fdskum.<\/p>\n<p data-start=\"6691\" data-end=\"6829\"><strong data-start=\"6691\" data-end=\"6737\">2. \u010co obsahuje vrecko s flu\u00f3rovou zmesou (1 g)?<\/strong><br data-start=\"6737\" data-end=\"6740\" \/>Ta\u0161ka obsahuje <strong data-start=\"6756\" data-end=\"6812\">1 gram vysoko \u010dist\u00fdch flu\u00f3rovan\u00fdch zl\u00fa\u010den\u00edn (\u2265 98%)<\/strong> vo forme pr\u00e1\u0161ku.<\/p>\n<p data-start=\"6831\" data-end=\"7016\"><strong data-start=\"6831\" data-end=\"6874\">3. Je leg\u00e1lne k\u00fapi\u0165 si Fluor Mix?<\/strong><br data-start=\"6874\" data-end=\"6877\" \/>The <strong data-start=\"6880\" data-end=\"6908\">z\u00e1konnos\u0165 flu\u00f3rovej zmesi<\/strong> l\u00ed\u0161i sa v z\u00e1vislosti od krajiny a zlo\u017eenia. Pred pou\u017eit\u00edm si v\u017edy overte miestne predpisy. <strong data-start=\"6994\" data-end=\"7013\">N\u00e1kup Fluor Mixu<\/strong>.<\/p>","protected":false},"excerpt":{"rendered":"<h2><strong><span dir=\"auto\" style=\"vertical-align: inherit;\"><span dir=\"auto\" style=\"vertical-align: inherit;\">Vrecko so zmesou flu\u00f3ru (4-FMA, 2-FMA, 2-FA) s 1 gramom<\/span><\/span><\/strong><\/h2>","protected":false},"featured_media":21609,"comment_status":"closed","ping_status":"closed","template":"","meta":[],"product_brand":[],"product_cat":[555],"product_tag":[629,644,326],"class_list":{"0":"post-24490","1":"product","2":"type-product","3":"status-publish","4":"has-post-thumbnail","6":"product_cat-b2b","7":"product_tag-4-fma-kopen","8":"product_tag-4-fma","9":"product_tag-nl","11":"first","12":"instock","13":"taxable","14":"shipping-taxable","15":"purchasable","16":"product-type-variable"},"_links":{"self":[{"href":"https:\/\/onderzoekschemicals.com\/sk\/wp-json\/wp\/v2\/product\/24490","targetHints":{"allow":["GET"]}}],"collection":[{"href":"https:\/\/onderzoekschemicals.com\/sk\/wp-json\/wp\/v2\/product"}],"about":[{"href":"https:\/\/onderzoekschemicals.com\/sk\/wp-json\/wp\/v2\/types\/product"}],"replies":[{"embeddable":true,"href":"https:\/\/onderzoekschemicals.com\/sk\/wp-json\/wp\/v2\/comments?post=24490"}],"version-history":[{"count":5,"href":"https:\/\/onderzoekschemicals.com\/sk\/wp-json\/wp\/v2\/product\/24490\/revisions"}],"predecessor-version":[{"id":27781,"href":"https:\/\/onderzoekschemicals.com\/sk\/wp-json\/wp\/v2\/product\/24490\/revisions\/27781"}],"wp:featuredmedia":[{"embeddable":true,"href":"https:\/\/onderzoekschemicals.com\/sk\/wp-json\/wp\/v2\/media\/21609"}],"wp:attachment":[{"href":"https:\/\/onderzoekschemicals.com\/sk\/wp-json\/wp\/v2\/media?parent=24490"}],"wp:term":[{"taxonomy":"product_brand","embeddable":true,"href":"https:\/\/onderzoekschemicals.com\/sk\/wp-json\/wp\/v2\/product_brand?post=24490"},{"taxonomy":"product_cat","embeddable":true,"href":"https:\/\/onderzoekschemicals.com\/sk\/wp-json\/wp\/v2\/product_cat?post=24490"},{"taxonomy":"product_tag","embeddable":true,"href":"https:\/\/onderzoekschemicals.com\/sk\/wp-json\/wp\/v2\/product_tag?post=24490"}],"curies":[{"name":"pracovn\u00fd list","href":"https:\/\/api.w.org\/{rel}","templated":true}]}}