{"id":24439,"date":"2025-10-20T17:41:44","date_gmt":"2025-10-20T17:41:44","guid":{"rendered":"https:\/\/onderzoekschemicals.com\/?post_type=product&#038;p=24439"},"modified":"2025-10-21T16:15:03","modified_gmt":"2025-10-21T16:15:03","slug":"1ks-lsd-sacok-1-pijavica","status":"publish","type":"product","link":"https:\/\/onderzoekschemicals.com\/sk\/obchod\/b2b\/1ks-lsd-sacok-1-pijavica\/","title":{"rendered":"1P-LSD vrecko 1 pijavica"},"content":{"rendered":"<h3 data-start=\"4209\" data-end=\"4230\"><strong data-start=\"4213\" data-end=\"4228\">\u00davod<\/strong><\/h3>\n<p data-start=\"4231\" data-end=\"4639\"><strong data-start=\"4231\" data-end=\"4259\">1P-LSD vrecko (1 pijav\u00fd papier)<\/strong> obsahuje <strong data-start=\"4266\" data-end=\"4302\">jeden presne odv\u00e1\u017een\u00fd pijav\u00fd papier<\/strong> impregnovan\u00e9 s <strong data-start=\"4321\" data-end=\"4371\">1P-LSD (dietylamid kyseliny 1-propionyllysergovej)<\/strong> - Jeden <strong data-start=\"4378\" data-end=\"4404\">lysergamidov\u00e1 zl\u00fa\u010denina<\/strong> ktor\u00fd \u0161truktur\u00e1lne s\u00favis\u00ed s <strong data-start=\"4436\" data-end=\"4446\">LSD-25<\/strong>1p k\u00fapi\u0165 LSD<br data-start=\"4447\" data-end=\"4450\" \/>Vn\u00fatri <strong data-start=\"4457\" data-end=\"4498\">analytick\u00fd a neurochemick\u00fd v\u00fdskum<\/strong> 1P-LSD sa pou\u017e\u00edva ako <strong data-start=\"4525\" data-end=\"4543\">referen\u010dn\u00e1 l\u00e1tka<\/strong> v \u0161t\u00fadi\u00e1ch o <strong data-start=\"4561\" data-end=\"4580\">v\u00e4zba na receptor<\/strong>, <strong data-start=\"4582\" data-end=\"4597\">metabolizmus<\/strong> a <strong data-start=\"4601\" data-end=\"4636\">chromatografick\u00e1 identifik\u00e1cia<\/strong>.<\/p>\n<p data-start=\"4641\" data-end=\"4856\">Ka\u017ed\u00fd pijav\u00fd papier sa vyr\u00e1ba pod <strong data-start=\"4679\" data-end=\"4724\">kontrolovan\u00e9 laborat\u00f3rne podmienky<\/strong>okam\u017eite <strong data-start=\"4734\" data-end=\"4758\">\u010distota \u2265 98%<\/strong>, potvrden\u00e9 <strong data-start=\"4775\" data-end=\"4799\">HPLC a NMR anal\u00fdza<\/strong>a zabalen\u00e9 v <strong data-start=\"4819\" data-end=\"4853\">ta\u0161ka odoln\u00e1 vo\u010di svetlu a vlhkosti<\/strong>.<\/p>\n<blockquote data-start=\"4858\" data-end=\"4999\">\n<p data-start=\"4860\" data-end=\"4999\">\u26a0\ufe0f <strong data-start=\"4863\" data-end=\"4874\">Pozn\u00e1mka:<\/strong> 1P-LSD je ur\u010den\u00fd len pre <strong data-start=\"4910\" data-end=\"4945\">v\u00fdskumn\u00e9 a analytick\u00e9 vyu\u017eitie<\/strong> \u2014 <strong data-start=\"4948\" data-end=\"4996\">nie je ur\u010den\u00e9 na \u013eudsk\u00fa ani \u017eivo\u010d\u00ed\u0161nu spotrebu<\/strong>.<\/p>\n<\/blockquote>\n<hr data-start=\"5001\" data-end=\"5004\" \/>\n<h3 data-start=\"5006\" data-end=\"5037\"><strong data-start=\"5010\" data-end=\"5037\">K\u013e\u00fa\u010dov\u00e9 vlastnosti<\/strong><\/h3>\n<div class=\"_tableContainer_1rjym_1\">\n<div class=\"group _tableWrapper_1rjym_13 flex w-fit flex-col-reverse\" tabindex=\"-1\">\n<table class=\"w-fit min-w-(--thread-content-width)\" data-start=\"5039\" data-end=\"5602\">\n<thead data-start=\"5039\" data-end=\"5065\">\n<tr data-start=\"5039\" data-end=\"5065\">\n<th data-start=\"5039\" data-end=\"5049\" data-col-size=\"sm\">Funkcia<\/th>\n<th data-start=\"5049\" data-end=\"5065\" data-col-size=\"md\">Popis<\/th>\n<\/tr>\n<\/thead>\n<tbody data-start=\"5094\" data-end=\"5602\">\n<tr data-start=\"5094\" data-end=\"5156\">\n<td data-start=\"5094\" data-end=\"5115\" data-col-size=\"sm\"><strong data-start=\"5096\" data-end=\"5114\">Chemick\u00fd n\u00e1zov<\/strong><\/td>\n<td data-start=\"5115\" data-end=\"5156\" data-col-size=\"md\">Dietylamid kyseliny 1-propionyllysergovej<\/td>\n<\/tr>\n<tr data-start=\"5157\" data-end=\"5192\">\n<td data-start=\"5157\" data-end=\"5182\" data-col-size=\"sm\"><strong data-start=\"5159\" data-end=\"5181\">Be\u017en\u00fd n\u00e1zov<\/strong><\/td>\n<td data-start=\"5182\" data-end=\"5192\" data-col-size=\"md\">1P-LSD<\/td>\n<\/tr>\n<tr data-start=\"5193\" data-end=\"5231\">\n<td data-start=\"5193\" data-end=\"5217\" data-col-size=\"sm\"><strong data-start=\"5195\" data-end=\"5216\">Chemick\u00fd vzorec<\/strong><\/td>\n<td data-start=\"5217\" data-end=\"5231\" data-col-size=\"md\">C\u2082\u2083H\u2082\u2089N\u2083O\u2082<\/td>\n<\/tr>\n<tr data-start=\"5232\" data-end=\"5270\">\n<td data-start=\"5232\" data-end=\"5254\" data-col-size=\"sm\"><strong data-start=\"5234\" data-end=\"5253\">Molekulov\u00e1 hmotnos\u0165<\/strong><\/td>\n<td data-start=\"5254\" data-end=\"5270\" data-col-size=\"md\">379,50 g\/mol<\/td>\n<\/tr>\n<tr data-start=\"5271\" data-end=\"5302\">\n<td data-start=\"5271\" data-end=\"5282\" data-col-size=\"sm\"><strong data-start=\"5273\" data-end=\"5281\">Formul\u00e1r<\/strong><\/td>\n<td data-start=\"5282\" data-end=\"5302\" data-col-size=\"md\">Pija\u010dka (1 kus)<\/td>\n<\/tr>\n<tr data-start=\"5303\" data-end=\"5347\">\n<td data-start=\"5303\" data-end=\"5318\" data-col-size=\"sm\"><strong data-start=\"5305\" data-end=\"5317\">D\u00e1vkovanie<\/strong><\/td>\n<td data-start=\"5318\" data-end=\"5347\" data-col-size=\"md\">1 pijav\u00fd papier (zvy\u010dajne 100 \u00b5g)<\/td>\n<\/tr>\n<tr data-start=\"5348\" data-end=\"5399\">\n<td data-start=\"5348\" data-end=\"5365\" data-col-size=\"sm\"><strong data-start=\"5350\" data-end=\"5364\">\u010cistota<\/strong><\/td>\n<td data-start=\"5365\" data-end=\"5399\" data-col-size=\"md\">\u2265 98% (testovan\u00e9 pomocou HPLC a NMR)<\/td>\n<\/tr>\n<tr data-start=\"5400\" data-end=\"5458\">\n<td data-start=\"5400\" data-end=\"5423\" data-col-size=\"sm\"><strong data-start=\"5402\" data-end=\"5422\">Chemick\u00e1 trieda<\/strong><\/td>\n<td data-start=\"5423\" data-end=\"5458\" data-col-size=\"md\">Deriv\u00e1t lysergamidu\/ergol\u00ednu<\/td>\n<\/tr>\n<tr data-start=\"5459\" data-end=\"5538\">\n<td data-start=\"5459\" data-end=\"5473\" data-col-size=\"sm\"><strong data-start=\"5461\" data-end=\"5472\">Pou\u017eitie<\/strong><\/td>\n<td data-start=\"5473\" data-end=\"5538\" data-col-size=\"md\">Len na analytick\u00fd, forenzn\u00fd a neurochemick\u00fd v\u00fdskum<\/td>\n<\/tr>\n<tr data-start=\"5539\" data-end=\"5602\">\n<td data-start=\"5539\" data-end=\"5556\" data-col-size=\"sm\"><strong data-start=\"5541\" data-end=\"5555\">Balenie<\/strong><\/td>\n<td data-start=\"5556\" data-end=\"5602\" data-col-size=\"md\">F\u00f3liov\u00e9 balenie odoln\u00e9 vo\u010di svetlu a vlhkosti<\/td>\n<\/tr>\n<\/tbody>\n<\/table>\n<\/div>\n<\/div>\n<hr data-start=\"5604\" data-end=\"5607\" \/>\n<h3 data-start=\"5609\" data-end=\"5626\"><strong data-start=\"5613\" data-end=\"5626\">V\u00fdhody<\/strong><\/h3>\n<ul data-start=\"5628\" data-end=\"6044\">\n<li data-start=\"5628\" data-end=\"5720\">\n<p data-start=\"5630\" data-end=\"5720\"><strong data-start=\"5630\" data-end=\"5649\">Vysok\u00e1 \u010distota<\/strong> \u2013 \u2265 98% laborat\u00f3rna kvalita pre spo\u013eahliv\u00e9 v\u00fdsledky v\u00fdskumu.<\/p>\n<\/li>\n<li data-start=\"5721\" data-end=\"5794\">\n<p data-start=\"5723\" data-end=\"5794\"><strong data-start=\"5723\" data-end=\"5747\">Presn\u00e9 d\u00e1vkovanie<\/strong> \u2013 Ka\u017ed\u00fd pijav\u00fd papier obsahuje presne odmeran\u00e9 mno\u017estvo 1P-LSD.<\/p>\n<\/li>\n<li data-start=\"5795\" data-end=\"5880\">\n<p data-start=\"5797\" data-end=\"5880\"><strong data-start=\"5797\" data-end=\"5822\">Ochrann\u00e9 balenie<\/strong> \u2013 Odoln\u00e9 vo\u010di svetlu a vlhkosti pre dlh\u00fa \u017eivotnos\u0165.<\/p>\n<\/li>\n<li data-start=\"5881\" data-end=\"5965\">\n<p data-start=\"5883\" data-end=\"5965\"><strong data-start=\"5883\" data-end=\"5907\">Plne sledovate\u013en\u00e9<\/strong> \u2013 V\u00fdroba za kontrolovan\u00fdch laborat\u00f3rnych podmienok.<\/p>\n<\/li>\n<li data-start=\"5966\" data-end=\"6044\">\n<p data-start=\"5968\" data-end=\"6044\"><strong data-start=\"5968\" data-end=\"5998\">\u0160iroko aplikovate\u013en\u00e9 na v\u00fdskum<\/strong> Vhodn\u00e9 pre GC\/MS, LC-MS, FTIR a HPLC. K\u00fapte si 1p LSD<\/p>\n<\/li>\n<\/ul>\n<hr data-start=\"6046\" data-end=\"6049\" \/>\n<h3 data-start=\"6051\" data-end=\"6103\"><strong data-start=\"6055\" data-end=\"6101\">Pou\u017eitie (len na v\u00fdskumn\u00e9 \u00fa\u010dely)<\/strong><\/h3>\n<ol data-start=\"6105\" data-end=\"6490\">\n<li data-start=\"6105\" data-end=\"6198\">\n<p data-start=\"6108\" data-end=\"6198\"><strong data-start=\"6108\" data-end=\"6123\">Manipul\u00e1cia:<\/strong> Noste rukavice, ochrann\u00e9 okuliare a laborat\u00f3rny pl\u00e1\u0161\u0165; vyh\u00fdbajte sa priamemu kontaktu.<\/p>\n<\/li>\n<li data-start=\"6199\" data-end=\"6274\">\n<p data-start=\"6202\" data-end=\"6274\"><strong data-start=\"6202\" data-end=\"6215\">Rozmery:<\/strong> Zaznamenajte d\u00e1vkovanie, \u010d\u00edslo \u0161ar\u017ee a \u010distotu pre anal\u00fdzu.<\/p>\n<\/li>\n<li data-start=\"6275\" data-end=\"6329\">\n<p data-start=\"6278\" data-end=\"6329\"><strong data-start=\"6278\" data-end=\"6289\">Skladovanie:<\/strong> Skladujte v chlade (2\u20138 \u00b0C), suchu a tme.<\/p>\n<\/li>\n<li data-start=\"6330\" data-end=\"6413\">\n<p data-start=\"6333\" data-end=\"6413\"><strong data-start=\"6333\" data-end=\"6345\">Anal\u00fdza:<\/strong> Vhodn\u00e9 pre chromatografiu, spektroskopiu a v\u00fdskum receptorov.<\/p>\n<\/li>\n<li data-start=\"6414\" data-end=\"6490\">\n<p data-start=\"6417\" data-end=\"6490\"><strong data-start=\"6417\" data-end=\"6434\">Dokument\u00e1cia:<\/strong> Zaznamenajte v\u00fdsledky v\u00fdskumu pre opakovate\u013enos\u0165.<\/p>\n<\/li>\n<\/ol>\n<hr data-start=\"6492\" data-end=\"6495\" \/>\n<h3 data-start=\"6497\" data-end=\"6532\"><strong data-start=\"6501\" data-end=\"6530\">\u010casto kladen\u00e9 ot\u00e1zky (FAQ)<\/strong><\/h3>\n<p data-start=\"6534\" data-end=\"6725\"><strong data-start=\"6534\" data-end=\"6555\">1. \u010co je 1P-LSD?<\/strong><br data-start=\"6555\" data-end=\"6558\" \/><strong data-start=\"6558\" data-end=\"6568\">1P-LSD<\/strong> je <strong data-start=\"6576\" data-end=\"6602\">lysergamidov\u00e1 zl\u00fa\u010denina<\/strong> ktor\u00fd je \u0161truktur\u00e1lne pr\u00edbuzn\u00fd s LSD-25 a pou\u017e\u00edva sa na v\u00fdskum v\u00e4zby na receptory a neurochemick\u00fdch procesov.<\/p>\n<p data-start=\"6727\" data-end=\"6884\"><strong data-start=\"6727\" data-end=\"6777\">2. \u010co obsahuje 1P-LSD vrecko (1 pijav\u00fd papier)?<\/strong><br data-start=\"6777\" data-end=\"6780\" \/>Ta\u0161ka obsahuje <strong data-start=\"6796\" data-end=\"6841\">jeden blotter s 1P-LSD (\u010distota \u2265 98%)<\/strong> pre analytick\u00fd a forenzn\u00fd v\u00fdskum.<\/p>\n<p data-start=\"6886\" data-end=\"7100\"><strong data-start=\"6886\" data-end=\"6926\">3. Je leg\u00e1lne k\u00fapi\u0165 1P-LSD?<\/strong><br data-start=\"6926\" data-end=\"6929\" \/>The <strong data-start=\"6932\" data-end=\"6957\">z\u00e1konnos\u0165 1P-LSD<\/strong> sa l\u00ed\u0161i v z\u00e1vislosti od krajiny. V niektor\u00fdch krajin\u00e1ch sa pova\u017euje za kontrolovan\u00fa l\u00e1tku. Pred pou\u017eit\u00edm si v\u017edy overte miestne predpisy. <strong data-start=\"7081\" data-end=\"7097\">K\u00fapi\u0165 1P-LSD<\/strong>.<\/p>\n<div class=\"markdown-table-wrapper\"><\/div>","protected":false},"excerpt":{"rendered":"<h2><strong><span dir=\"auto\" style=\"vertical-align: inherit;\"><span dir=\"auto\" style=\"vertical-align: inherit;\">1P-LSD vrecko s 1 pijav\u00fdm papierom<\/span><\/span><\/strong><\/h2>\n<ul>\n<li><strong><span dir=\"auto\" style=\"vertical-align: inherit;\"><span dir=\"auto\" style=\"vertical-align: inherit;\">Maloobchodn\u00e9 balenie<\/span><\/span><br \/>\n<\/strong><\/li>\n<li><strong><span dir=\"auto\" style=\"vertical-align: inherit;\"><span dir=\"auto\" style=\"vertical-align: inherit;\">Po\u010det pijav\u00fdch papierov na vrecko: 1<\/span><\/span><\/strong><\/li>\n<li><strong><span dir=\"auto\" style=\"vertical-align: inherit;\"><span dir=\"auto\" style=\"vertical-align: inherit;\">Ceny s\u00fa bez DPH 21%<\/span><\/span><\/strong><\/li>\n<li><strong><span dir=\"auto\" style=\"vertical-align: inherit;\"><span dir=\"auto\" style=\"vertical-align: inherit;\">Odpor\u00fa\u010dan\u00e1 maloobchodn\u00e1 cena: 10,00 \u20ac vr\u00e1tane DPH<\/span><\/span><\/strong><\/li>\n<\/ul>","protected":false},"featured_media":21565,"comment_status":"closed","ping_status":"closed","template":"","meta":[],"product_brand":[],"product_cat":[555],"product_tag":[929,926,590,326],"class_list":{"0":"post-24439","1":"product","2":"type-product","3":"status-publish","4":"has-post-thumbnail","6":"product_cat-b2b","7":"product_tag-1p-lsd","8":"product_tag-1p-lsd-kopen","9":"product_tag-microdose-1p-lsd","10":"product_tag-nl","12":"first","13":"instock","14":"taxable","15":"shipping-taxable","16":"purchasable","17":"product-type-variable"},"_links":{"self":[{"href":"https:\/\/onderzoekschemicals.com\/sk\/wp-json\/wp\/v2\/product\/24439","targetHints":{"allow":["GET"]}}],"collection":[{"href":"https:\/\/onderzoekschemicals.com\/sk\/wp-json\/wp\/v2\/product"}],"about":[{"href":"https:\/\/onderzoekschemicals.com\/sk\/wp-json\/wp\/v2\/types\/product"}],"replies":[{"embeddable":true,"href":"https:\/\/onderzoekschemicals.com\/sk\/wp-json\/wp\/v2\/comments?post=24439"}],"version-history":[{"count":5,"href":"https:\/\/onderzoekschemicals.com\/sk\/wp-json\/wp\/v2\/product\/24439\/revisions"}],"predecessor-version":[{"id":27790,"href":"https:\/\/onderzoekschemicals.com\/sk\/wp-json\/wp\/v2\/product\/24439\/revisions\/27790"}],"wp:featuredmedia":[{"embeddable":true,"href":"https:\/\/onderzoekschemicals.com\/sk\/wp-json\/wp\/v2\/media\/21565"}],"wp:attachment":[{"href":"https:\/\/onderzoekschemicals.com\/sk\/wp-json\/wp\/v2\/media?parent=24439"}],"wp:term":[{"taxonomy":"product_brand","embeddable":true,"href":"https:\/\/onderzoekschemicals.com\/sk\/wp-json\/wp\/v2\/product_brand?post=24439"},{"taxonomy":"product_cat","embeddable":true,"href":"https:\/\/onderzoekschemicals.com\/sk\/wp-json\/wp\/v2\/product_cat?post=24439"},{"taxonomy":"product_tag","embeddable":true,"href":"https:\/\/onderzoekschemicals.com\/sk\/wp-json\/wp\/v2\/product_tag?post=24439"}],"curies":[{"name":"pracovn\u00fd list","href":"https:\/\/api.w.org\/{rel}","templated":true}]}}