{"id":24365,"date":"2025-04-13T17:41:35","date_gmt":"2025-04-13T17:41:35","guid":{"rendered":"https:\/\/onderzoekschemicals.com\/?post_type=product&#038;p=24365"},"modified":"2025-10-12T09:28:04","modified_gmt":"2025-10-12T09:28:04","slug":"2-fea-2","status":"publish","type":"product","link":"https:\/\/onderzoekschemicals.com\/sk\/shop\/2-fea\/2-fea-2\/","title":{"rendered":"Newphoria 2\/3-FEA 35 MG\/100 MG pelety"},"content":{"rendered":"<h3 data-start=\"4220\" data-end=\"4241\"><strong data-start=\"4224\" data-end=\"4239\">\u00davod<\/strong><\/h3>\n<p data-start=\"4242\" data-end=\"4512\"><strong data-start=\"4242\" data-end=\"4284\">Newphoria 2\/3-FEA 35 mg \/ 100 mg pelety<\/strong> obsahuj\u00fa presn\u00fa kombin\u00e1ciu <strong data-start=\"4322\" data-end=\"4357\">2-FEA (2-flu\u00f3retylamfetam\u00edn)<\/strong> a <strong data-start=\"4361\" data-end=\"4396\">3-FEA (3-flu\u00f3retylamfetam\u00edn)<\/strong> - dva <strong data-start=\"4404\" data-end=\"4442\">flu\u00f3rom substituovan\u00e9 anal\u00f3gy amfetam\u00ednu<\/strong> ktor\u00e9 sa \u0161iroko pou\u017e\u00edvaj\u00fa v <strong data-start=\"4471\" data-end=\"4509\">forenzn\u00fd a analytick\u00fd v\u00fdskum<\/strong>2 fea<\/p>\n<p data-start=\"4514\" data-end=\"4730\">V\u010faka <strong data-start=\"4525\" data-end=\"4554\">2- a 3-flu\u00f3rsubstit\u00facie<\/strong> V\u010faka \u0161trukt\u00fare fenetylam\u00ednu s\u00fa tieto zl\u00fa\u010deniny ide\u00e1lne na v\u00fdskum... <strong data-start=\"4635\" data-end=\"4677\">vz\u0165ahy medzi \u0161trukt\u00farou a aktivitou (SAR)<\/strong> a <strong data-start=\"4681\" data-end=\"4700\">v\u00e4zba na receptor<\/strong> v r\u00e1mci triedy amfetam\u00ednov.<\/p>\n<p data-start=\"4732\" data-end=\"4950\">Ka\u017ed\u00e1 peleta obsahuje <strong data-start=\"4750\" data-end=\"4767\">35 mg alebo 100 mg<\/strong> akt\u00edvneho v\u00fdskumn\u00e9ho vzorca s <strong data-start=\"4809\" data-end=\"4833\">\u010distota \u2265 98%<\/strong>, testovan\u00e9 prostredn\u00edctvom <strong data-start=\"4846\" data-end=\"4861\">HPLC a NMR<\/strong>Pelety s\u00fa <strong data-start=\"4879\" data-end=\"4897\">blistrov\u00e9 balenie<\/strong> pre optim\u00e1lnu ochranu a presn\u00e9 d\u00e1vkovanie.<\/p>\n<blockquote data-start=\"4952\" data-end=\"5098\">\n<p data-start=\"4954\" data-end=\"5098\">\u26a0\ufe0f <strong data-start=\"4957\" data-end=\"4968\">Pozn\u00e1mka:<\/strong> Tento produkt je ur\u010den\u00fd len na pou\u017eitie <strong data-start=\"5009\" data-end=\"5044\">v\u00fdskumn\u00e9 a analytick\u00e9 vyu\u017eitie<\/strong> \u2014 <strong data-start=\"5047\" data-end=\"5095\">nie je ur\u010den\u00e9 na \u013eudsk\u00fa ani \u017eivo\u010d\u00ed\u0161nu spotrebu<\/strong>.<\/p>\n<\/blockquote>\n<hr data-start=\"5100\" data-end=\"5103\" \/>\n<h3 data-start=\"5105\" data-end=\"5136\"><strong data-start=\"5109\" data-end=\"5136\">K\u013e\u00fa\u010dov\u00e9 vlastnosti<\/strong><\/h3>\n<div class=\"_tableContainer_1rjym_1\">\n<div class=\"group _tableWrapper_1rjym_13 flex w-fit flex-col-reverse\" tabindex=\"-1\">\n<table class=\"w-fit min-w-(--thread-content-width)\" data-start=\"5138\" data-end=\"5755\">\n<thead data-start=\"5138\" data-end=\"5164\">\n<tr data-start=\"5138\" data-end=\"5164\">\n<th data-start=\"5138\" data-end=\"5148\" data-col-size=\"sm\">Funkcia<\/th>\n<th data-start=\"5148\" data-end=\"5164\" data-col-size=\"md\">Popis<\/th>\n<\/tr>\n<\/thead>\n<tbody data-start=\"5193\" data-end=\"5755\">\n<tr data-start=\"5193\" data-end=\"5240\">\n<td data-start=\"5193\" data-end=\"5211\" data-col-size=\"sm\"><strong data-start=\"5195\" data-end=\"5210\">N\u00e1zov produktu<\/strong><\/td>\n<td data-start=\"5211\" data-end=\"5240\" data-col-size=\"md\">Pelety Newphoria 2\/3-FEA<\/td>\n<\/tr>\n<tr data-start=\"5241\" data-end=\"5324\">\n<td data-start=\"5241\" data-end=\"5271\" data-col-size=\"sm\"><strong data-start=\"5243\" data-end=\"5270\">Chemick\u00e9 zlo\u017eenie<\/strong><\/td>\n<td data-start=\"5271\" data-end=\"5324\" data-col-size=\"md\">2-flu\u00f3retylamfetam\u00edn a 3-flu\u00f3retylamfetam\u00edn<\/td>\n<\/tr>\n<tr data-start=\"5325\" data-end=\"5370\">\n<td data-start=\"5325\" data-end=\"5342\" data-col-size=\"sm\"><strong data-start=\"5327\" data-end=\"5341\">D\u00e1vkovanie<\/strong><\/td>\n<td data-start=\"5342\" data-end=\"5370\" data-col-size=\"md\">35 mg alebo 100 mg na peletu<\/td>\n<\/tr>\n<tr data-start=\"5371\" data-end=\"5407\">\n<td data-start=\"5371\" data-end=\"5395\" data-col-size=\"sm\"><strong data-start=\"5373\" data-end=\"5394\">Chemick\u00fd vzorec<\/strong><\/td>\n<td data-start=\"5395\" data-end=\"5407\" data-col-size=\"md\">C\u2081\u2081H\u2081\u2086FN<\/td>\n<\/tr>\n<tr data-start=\"5408\" data-end=\"5446\">\n<td data-start=\"5408\" data-end=\"5430\" data-col-size=\"sm\"><strong data-start=\"5410\" data-end=\"5429\">Molekulov\u00e1 hmotnos\u0165<\/strong><\/td>\n<td data-start=\"5430\" data-end=\"5446\" data-col-size=\"md\">181,25 g\/mol<\/td>\n<\/tr>\n<tr data-start=\"5447\" data-end=\"5494\">\n<td data-start=\"5447\" data-end=\"5458\" data-col-size=\"sm\"><strong data-start=\"5449\" data-end=\"5457\">Formul\u00e1r<\/strong><\/td>\n<td data-start=\"5458\" data-end=\"5494\" data-col-size=\"md\">Pevn\u00e9 pelety (blistrov\u00e9 balenie)<\/td>\n<\/tr>\n<tr data-start=\"5495\" data-end=\"5546\">\n<td data-start=\"5495\" data-end=\"5512\" data-col-size=\"sm\"><strong data-start=\"5497\" data-end=\"5511\">\u010cistota<\/strong><\/td>\n<td data-start=\"5512\" data-end=\"5546\" data-col-size=\"md\">\u2265 98% (testovan\u00e9 pomocou HPLC a NMR)<\/td>\n<\/tr>\n<tr data-start=\"5547\" data-end=\"5613\">\n<td data-start=\"5547\" data-end=\"5570\" data-col-size=\"sm\"><strong data-start=\"5549\" data-end=\"5569\">Chemick\u00e1 trieda<\/strong><\/td>\n<td data-start=\"5570\" data-end=\"5613\" data-col-size=\"md\">Anal\u00f3g flu\u00f3ramfetam\u00ednu \/ fenetylam\u00ednu<\/td>\n<\/tr>\n<tr data-start=\"5614\" data-end=\"5693\">\n<td data-start=\"5614\" data-end=\"5628\" data-col-size=\"sm\"><strong data-start=\"5616\" data-end=\"5627\">Pou\u017eitie<\/strong><\/td>\n<td data-start=\"5628\" data-end=\"5693\" data-col-size=\"md\">Len na analytick\u00fd, forenzn\u00fd a neurochemick\u00fd v\u00fdskum<\/td>\n<\/tr>\n<tr data-start=\"5694\" data-end=\"5755\">\n<td data-start=\"5694\" data-end=\"5711\" data-col-size=\"sm\"><strong data-start=\"5696\" data-end=\"5710\">Balenie<\/strong><\/td>\n<td data-start=\"5711\" data-end=\"5755\" data-col-size=\"md\">Blistrov\u00fd p\u00e1s s tesnen\u00edm proti vlhkosti<\/td>\n<\/tr>\n<\/tbody>\n<\/table>\n<\/div>\n<\/div>\n<hr data-start=\"5757\" data-end=\"5760\" \/>\n<h3 data-start=\"5762\" data-end=\"5779\"><strong data-start=\"5766\" data-end=\"5779\">V\u00fdhody<\/strong><\/h3>\n<ul data-start=\"5781\" data-end=\"6184\">\n<li data-start=\"5781\" data-end=\"5866\">\n<p data-start=\"5783\" data-end=\"5866\"><strong data-start=\"5783\" data-end=\"5812\">Vzorec dvojit\u00e9ho v\u00fdskumu<\/strong> \u2013 Zah\u0155\u0148a 2-FEA a 3-FEA pre porovn\u00e1vac\u00ed v\u00fdskum.<\/p>\n<\/li>\n<li data-start=\"5867\" data-end=\"5949\">\n<p data-start=\"5869\" data-end=\"5949\"><strong data-start=\"5869\" data-end=\"5888\">Vysok\u00e1 \u010distota<\/strong> \u2013 \u2265 98% laborat\u00f3rna kvalita pre spo\u013eahliv\u00e9 v\u00fdsledky.<\/p>\n<\/li>\n<li data-start=\"5950\" data-end=\"6028\">\n<p data-start=\"5952\" data-end=\"6028\"><strong data-start=\"5952\" data-end=\"5971\">Dve d\u00e1vky<\/strong> \u2013 Dostupn\u00e9 v d\u00e1vke 35 mg a 100 mg pre flexibiln\u00e9 pou\u017eitie.<\/p>\n<\/li>\n<li data-start=\"6029\" data-end=\"6115\">\n<p data-start=\"6031\" data-end=\"6115\"><strong data-start=\"6031\" data-end=\"6056\">Ochrann\u00e9 balenie<\/strong> \u2013 Blistrov\u00e9 balenie zabra\u0148uje degrad\u00e1cii a kontamin\u00e1cii.<\/p>\n<\/li>\n<li data-start=\"6116\" data-end=\"6184\">\n<p data-start=\"6118\" data-end=\"6184\"><strong data-start=\"6118\" data-end=\"6146\">Kontrolovan\u00e1 v\u00fdroba<\/strong> \u2013 Ka\u017ed\u00e1 \u0161ar\u017ea je testovan\u00e1 a sledovate\u013en\u00e1.<\/p>\n<\/li>\n<\/ul>\n<hr data-start=\"6186\" data-end=\"6189\" \/>\n<h3 data-start=\"6191\" data-end=\"6243\"><strong data-start=\"6195\" data-end=\"6241\">Pou\u017eitie (len na v\u00fdskumn\u00e9 \u00fa\u010dely)<\/strong><\/h3>\n<ol data-start=\"6245\" data-end=\"6588\">\n<li data-start=\"6245\" data-end=\"6314\">\n<p data-start=\"6248\" data-end=\"6314\"><strong data-start=\"6248\" data-end=\"6263\">Manipul\u00e1cia:<\/strong> Noste rukavice, ochrann\u00e9 okuliare a laborat\u00f3rny pl\u00e1\u0161\u0165.<\/p>\n<\/li>\n<li data-start=\"6315\" data-end=\"6386\">\n<p data-start=\"6318\" data-end=\"6386\"><strong data-start=\"6318\" data-end=\"6331\">Rozmery:<\/strong> Ka\u017ed\u00e1 peleta je presne odv\u00e1\u017een\u00e1 (35 mg alebo 100 mg). 2 fea\u200b<\/p>\n<\/li>\n<li data-start=\"6387\" data-end=\"6465\">\n<p data-start=\"6390\" data-end=\"6465\"><strong data-start=\"6390\" data-end=\"6401\">Skladovanie:<\/strong> Skladujte v chlade (2\u20138 \u00b0C), suchu a tme v p\u00f4vodnom obale.<\/p>\n<\/li>\n<li data-start=\"6466\" data-end=\"6525\">\n<p data-start=\"6469\" data-end=\"6525\"><strong data-start=\"6469\" data-end=\"6481\">Anal\u00fdza:<\/strong> Vhodn\u00e9 pre GC\/MS, LC-MS, FTIR a HPLC.<\/p>\n<\/li>\n<li data-start=\"6526\" data-end=\"6588\">\n<p data-start=\"6529\" data-end=\"6588\"><strong data-start=\"6529\" data-end=\"6546\">Dokument\u00e1cia:<\/strong> Zaznamenajte \u010d\u00edsla \u0161ar\u017e\u00ed a analytick\u00e9 met\u00f3dy.<\/p>\n<\/li>\n<\/ol>\n<hr data-start=\"6590\" data-end=\"6593\" \/>\n<h3 data-start=\"6595\" data-end=\"6630\"><strong data-start=\"6599\" data-end=\"6628\">\u010casto kladen\u00e9 ot\u00e1zky (FAQ)<\/strong><\/h3>\n<p data-start=\"6632\" data-end=\"6773\"><strong data-start=\"6632\" data-end=\"6664\">1. \u010co je Newphoria 2\/3-FEA?<\/strong><br data-start=\"6664\" data-end=\"6667\" \/>A <strong data-start=\"6671\" data-end=\"6690\">v\u00fdskumn\u00e1 zmes<\/strong> od <strong data-start=\"6695\" data-end=\"6713\">2-FEA a 3-FEA<\/strong>, vyvinut\u00fd pre analytick\u00e9 a forenzn\u00e9 aplik\u00e1cie.<\/p>\n<p data-start=\"6775\" data-end=\"6890\"><strong data-start=\"6775\" data-end=\"6807\">2. Ak\u00e9 d\u00e1vkovanie je k dispoz\u00edcii?<\/strong><br data-start=\"6807\" data-end=\"6810\" \/>Dostupn\u00e9 v <strong data-start=\"6826\" data-end=\"6843\">35 mg alebo 100 mg<\/strong> na peletu s \u010distotou <strong data-start=\"6878\" data-end=\"6887\">\u2265 98%<\/strong>.<\/p>\n<p data-start=\"6892\" data-end=\"7092\"><strong data-start=\"6892\" data-end=\"6943\">3. Je leg\u00e1lne k\u00fapi\u0165 Newphoriu 2\/3-FEA?<\/strong><br data-start=\"6943\" data-end=\"6946\" \/>The <strong data-start=\"6949\" data-end=\"6993\">leg\u00e1lnos\u0165 anal\u00f3gov flu\u00f3ramfetam\u00ednu<\/strong> sa l\u00ed\u0161i v z\u00e1vislosti od krajiny. Pred pou\u017eit\u00edm si v\u017edy overte miestne predpisy. <strong data-start=\"7062\" data-end=\"7089\">Newphoria 2\/3-FEA n\u00e1kupy<\/strong>.<\/p>","protected":false},"excerpt":{"rendered":"<p>Predstavujeme Newphoria 2\/3-FEA 35 mg \/ 100 mg pelety obsahuj\u00fa presn\u00fa kombin\u00e1ciu 2-FEA (2-flu\u00f3retylamfetam\u00edn) a 3-FEA (3-flu\u00f3retylamfetam\u00edn) \u2013 dvoch flu\u00f3rom substituovan\u00fdch zl\u00fa\u010den\u00edn.<\/p>","protected":false},"featured_media":21479,"comment_status":"closed","ping_status":"closed","template":"","meta":[],"product_brand":[82],"product_cat":[437,439,438,440,322,333,324],"product_tag":[655,840,842,839,326],"class_list":{"0":"post-24365","1":"product","2":"type-product","3":"status-publish","4":"has-post-thumbnail","6":"product_brand-research-chemical","7":"product_cat-2-fea","8":"product_cat-2-fea-pellets","9":"product_cat-3-fea","10":"product_cat-3-fea-pellets","11":"product_cat-bijna-verboden","12":"product_cat-gefluoreerden","13":"product_cat-pellets-for-pellet","14":"product_tag-2-fea","15":"product_tag-2-fea-3-fea-research-chemical","16":"product_tag-newphoria-35mg-pellets","17":"product_tag-newphoria-pellets","18":"product_tag-nl","20":"first","21":"instock","22":"taxable","23":"shipping-taxable","24":"purchasable","25":"product-type-variable"},"_links":{"self":[{"href":"https:\/\/onderzoekschemicals.com\/sk\/wp-json\/wp\/v2\/product\/24365","targetHints":{"allow":["GET"]}}],"collection":[{"href":"https:\/\/onderzoekschemicals.com\/sk\/wp-json\/wp\/v2\/product"}],"about":[{"href":"https:\/\/onderzoekschemicals.com\/sk\/wp-json\/wp\/v2\/types\/product"}],"replies":[{"embeddable":true,"href":"https:\/\/onderzoekschemicals.com\/sk\/wp-json\/wp\/v2\/comments?post=24365"}],"version-history":[{"count":6,"href":"https:\/\/onderzoekschemicals.com\/sk\/wp-json\/wp\/v2\/product\/24365\/revisions"}],"predecessor-version":[{"id":27799,"href":"https:\/\/onderzoekschemicals.com\/sk\/wp-json\/wp\/v2\/product\/24365\/revisions\/27799"}],"wp:featuredmedia":[{"embeddable":true,"href":"https:\/\/onderzoekschemicals.com\/sk\/wp-json\/wp\/v2\/media\/21479"}],"wp:attachment":[{"href":"https:\/\/onderzoekschemicals.com\/sk\/wp-json\/wp\/v2\/media?parent=24365"}],"wp:term":[{"taxonomy":"product_brand","embeddable":true,"href":"https:\/\/onderzoekschemicals.com\/sk\/wp-json\/wp\/v2\/product_brand?post=24365"},{"taxonomy":"product_cat","embeddable":true,"href":"https:\/\/onderzoekschemicals.com\/sk\/wp-json\/wp\/v2\/product_cat?post=24365"},{"taxonomy":"product_tag","embeddable":true,"href":"https:\/\/onderzoekschemicals.com\/sk\/wp-json\/wp\/v2\/product_tag?post=24365"}],"curies":[{"name":"pracovn\u00fd list","href":"https:\/\/api.w.org\/{rel}","templated":true}]}}