{"id":24334,"date":"2025-04-13T17:41:30","date_gmt":"2025-04-13T17:41:30","guid":{"rendered":"https:\/\/onderzoekschemicals.com\/?post_type=product&#038;p=24334"},"modified":"2025-10-12T14:01:08","modified_gmt":"2025-10-12T14:01:08","slug":"benzo-fury-100mg-blister","status":"publish","type":"product","link":"https:\/\/onderzoekschemicals.com\/sk\/shop\/b2b\/benzo-fury-100mg-blister\/","title":{"rendered":"Blister RC+ Benzo Fury 100 mg"},"content":{"rendered":"<h3 data-start=\"4226\" data-end=\"4247\"><strong data-start=\"4230\" data-end=\"4245\">\u00davod<\/strong><\/h3>\n<p data-start=\"4248\" data-end=\"4639\"><strong data-start=\"4248\" data-end=\"4280\">Blister RC+ Benzo Fury 100 mg<\/strong> obsahuje <strong data-start=\"4287\" data-end=\"4341\">100 miligramov 6-APB (6-(2-aminopropyl)benzofur\u00e1n)<\/strong> - Jeden <strong data-start=\"4348\" data-end=\"4373\">benzofur\u00e1nov\u00e1 zl\u00fa\u010denina<\/strong> ktor\u00fd \u0161truktur\u00e1lne s\u00favis\u00ed s <strong data-start=\"4405\" data-end=\"4412\">MDA<\/strong> a \u010fal\u0161\u00ed <strong data-start=\"4423\" data-end=\"4449\">anal\u00f3gy fenetylam\u00ednu<\/strong>benzo z\u00farivos\u0165<br data-start=\"4450\" data-end=\"4453\" \/>6-APB sa pou\u017e\u00edva v <strong data-start=\"4477\" data-end=\"4515\">forenzn\u00fd a analytick\u00fd v\u00fdskum<\/strong> k <strong data-start=\"4519\" data-end=\"4555\">interakcie monoam\u00ednov\u00fdch transport\u00e9rov<\/strong>, <strong data-start=\"4557\" data-end=\"4576\">v\u00e4zba na receptor<\/strong> a <strong data-start=\"4580\" data-end=\"4622\">vz\u0165ahy medzi \u0161trukt\u00farou a aktivitou (SAR)<\/strong> \u0161tudova\u0165.<\/p>\n<p data-start=\"4641\" data-end=\"4868\">Ka\u017ed\u00e1 peleta je <strong data-start=\"4656\" data-end=\"4694\">presne odv\u00e1\u017een\u00e9 s presnos\u0165ou na 100 mg \u00b1 2 mg<\/strong> a testovan\u00e9 na <strong data-start=\"4712\" data-end=\"4736\">\u010distota \u2265 98%<\/strong> cez <strong data-start=\"4741\" data-end=\"4756\">HPLC a NMR<\/strong>Ten\/T\u00e1\/To <strong data-start=\"4761\" data-end=\"4782\">blistrov\u00e9 balenie<\/strong> poskytuje ochranu pred svetlom a vlhkos\u0165ou, \u010d\u00edm zachov\u00e1va kvalitu.<\/p>\n<blockquote data-start=\"4870\" data-end=\"5019\">\n<p data-start=\"4872\" data-end=\"5019\">\u26a0\ufe0f <strong data-start=\"4875\" data-end=\"4886\">Pozn\u00e1mka:<\/strong> RC+ Benzo Fury je ur\u010den\u00fd v\u00fdhradne pre <strong data-start=\"4930\" data-end=\"4965\">v\u00fdskumn\u00e9 a analytick\u00e9 vyu\u017eitie<\/strong> \u2014 <strong data-start=\"4968\" data-end=\"5016\">nie je ur\u010den\u00e9 na \u013eudsk\u00fa ani \u017eivo\u010d\u00ed\u0161nu spotrebu<\/strong>.<\/p>\n<\/blockquote>\n<hr data-start=\"5021\" data-end=\"5024\" \/>\n<h3 data-start=\"5026\" data-end=\"5057\"><strong data-start=\"5030\" data-end=\"5057\">K\u013e\u00fa\u010dov\u00e9 vlastnosti<\/strong><\/h3>\n<div class=\"_tableContainer_1rjym_1\">\n<div class=\"group _tableWrapper_1rjym_13 flex w-fit flex-col-reverse\" tabindex=\"-1\">\n<table class=\"w-fit min-w-(--thread-content-width)\" data-start=\"5059\" data-end=\"5734\">\n<thead data-start=\"5059\" data-end=\"5085\">\n<tr data-start=\"5059\" data-end=\"5085\">\n<th data-start=\"5059\" data-end=\"5069\" data-col-size=\"sm\">Funkcia<\/th>\n<th data-start=\"5069\" data-end=\"5085\" data-col-size=\"md\">Popis<\/th>\n<\/tr>\n<\/thead>\n<tbody data-start=\"5114\" data-end=\"5734\">\n<tr data-start=\"5114\" data-end=\"5181\">\n<td data-start=\"5114\" data-end=\"5135\" data-col-size=\"sm\"><strong data-start=\"5116\" data-end=\"5134\">Chemick\u00fd n\u00e1zov<\/strong><\/td>\n<td data-start=\"5135\" data-end=\"5181\" data-col-size=\"md\">6-(2-aminopropyl)benzofur\u00e1n hydrochlorid<\/td>\n<\/tr>\n<tr data-start=\"5182\" data-end=\"5229\">\n<td data-start=\"5182\" data-end=\"5207\" data-col-size=\"sm\"><strong data-start=\"5184\" data-end=\"5206\">Be\u017en\u00fd n\u00e1zov<\/strong><\/td>\n<td data-start=\"5207\" data-end=\"5229\" data-col-size=\"md\">6-APB \/ Benzo Fury<\/td>\n<\/tr>\n<tr data-start=\"5230\" data-end=\"5280\">\n<td data-start=\"5230\" data-end=\"5248\" data-col-size=\"sm\"><strong data-start=\"5232\" data-end=\"5247\">N\u00e1zov produktu<\/strong><\/td>\n<td data-start=\"5248\" data-end=\"5280\" data-col-size=\"md\">Blister RC+ Benzo Fury 100 mg<\/td>\n<\/tr>\n<tr data-start=\"5281\" data-end=\"5321\">\n<td data-start=\"5281\" data-end=\"5305\" data-col-size=\"sm\"><strong data-start=\"5283\" data-end=\"5304\">Chemick\u00fd vzorec<\/strong><\/td>\n<td data-start=\"5305\" data-end=\"5321\" data-col-size=\"md\">C\u2081\u2081H\u2081\u2083NO\u00b7HCl<\/td>\n<\/tr>\n<tr data-start=\"5322\" data-end=\"5360\">\n<td data-start=\"5322\" data-end=\"5344\" data-col-size=\"sm\"><strong data-start=\"5324\" data-end=\"5343\">Molekulov\u00e1 hmotnos\u0165<\/strong><\/td>\n<td data-start=\"5344\" data-end=\"5360\" data-col-size=\"md\">211,69 g\/mol<\/td>\n<\/tr>\n<tr data-start=\"5361\" data-end=\"5396\">\n<td data-start=\"5361\" data-end=\"5376\" data-col-size=\"sm\"><strong data-start=\"5363\" data-end=\"5375\">D\u00e1vkovanie<\/strong><\/td>\n<td data-start=\"5376\" data-end=\"5396\" data-col-size=\"md\">100 mg na peletu<\/td>\n<\/tr>\n<tr data-start=\"5397\" data-end=\"5444\">\n<td data-start=\"5397\" data-end=\"5408\" data-col-size=\"sm\"><strong data-start=\"5399\" data-end=\"5407\">Formul\u00e1r<\/strong><\/td>\n<td data-start=\"5408\" data-end=\"5444\" data-col-size=\"md\">Pevn\u00e9 pelety (blistrov\u00e9 balenie)<\/td>\n<\/tr>\n<tr data-start=\"5445\" data-end=\"5496\">\n<td data-start=\"5445\" data-end=\"5462\" data-col-size=\"sm\"><strong data-start=\"5447\" data-end=\"5461\">\u010cistota<\/strong><\/td>\n<td data-start=\"5462\" data-end=\"5496\" data-col-size=\"md\">\u2265 98% (testovan\u00e9 pomocou HPLC a NMR)<\/td>\n<\/tr>\n<tr data-start=\"5497\" data-end=\"5559\">\n<td data-start=\"5497\" data-end=\"5520\" data-col-size=\"sm\"><strong data-start=\"5499\" data-end=\"5519\">Chemick\u00e1 trieda<\/strong><\/td>\n<td data-start=\"5520\" data-end=\"5559\" data-col-size=\"md\">Benzofur\u00e1n \/ anal\u00f3g fenetylam\u00ednu<\/td>\n<\/tr>\n<tr data-start=\"5560\" data-end=\"5639\">\n<td data-start=\"5560\" data-end=\"5574\" data-col-size=\"sm\"><strong data-start=\"5562\" data-end=\"5573\">Pou\u017eitie<\/strong><\/td>\n<td data-start=\"5574\" data-end=\"5639\" data-col-size=\"md\">Len na analytick\u00fd, forenzn\u00fd a neurochemick\u00fd v\u00fdskum<\/td>\n<\/tr>\n<tr data-start=\"5640\" data-end=\"5684\">\n<td data-start=\"5640\" data-end=\"5657\" data-col-size=\"sm\"><strong data-start=\"5642\" data-end=\"5656\">Balenie<\/strong><\/td>\n<td data-start=\"5657\" data-end=\"5684\" data-col-size=\"md\">Zataven\u00fd blister<\/td>\n<\/tr>\n<tr data-start=\"5685\" data-end=\"5734\">\n<td data-start=\"5685\" data-end=\"5703\" data-col-size=\"sm\"><strong data-start=\"5687\" data-end=\"5702\">Mno\u017estvo<\/strong><\/td>\n<td data-start=\"5703\" data-end=\"5734\" data-col-size=\"md\">1 blister so 100 mg peletami<\/td>\n<\/tr>\n<\/tbody>\n<\/table>\n<\/div>\n<\/div>\n<hr data-start=\"5736\" data-end=\"5739\" \/>\n<h3 data-start=\"5741\" data-end=\"5758\"><strong data-start=\"5745\" data-end=\"5758\">V\u00fdhody<\/strong><\/h3>\n<ul data-start=\"5760\" data-end=\"6165\">\n<li data-start=\"5760\" data-end=\"5852\">\n<p data-start=\"5762\" data-end=\"5852\"><strong data-start=\"5762\" data-end=\"5781\">Vysok\u00e1 \u010distota<\/strong> \u2013 \u2265 98% laborat\u00f3rna kvalita pre spo\u013eahliv\u00e9 v\u00fdsledky v\u00fdskumu.<\/p>\n<\/li>\n<li data-start=\"5853\" data-end=\"5934\">\n<p data-start=\"5855\" data-end=\"5934\"><strong data-start=\"5855\" data-end=\"5886\">\u0160tandardizovan\u00e9 d\u00e1vkovanie<\/strong> \u2013 100 mg na peletu pre konzistentn\u00fa anal\u00fdzu.<\/p>\n<\/li>\n<li data-start=\"5935\" data-end=\"6018\">\n<p data-start=\"5937\" data-end=\"6018\"><strong data-start=\"5937\" data-end=\"5959\">Bezpe\u010dn\u00e9 balenie<\/strong> \u2013 Blistrov\u00e9 balenie zabra\u0148uje degrad\u00e1cii a kontamin\u00e1cii.<\/p>\n<\/li>\n<li data-start=\"6019\" data-end=\"6097\">\n<p data-start=\"6021\" data-end=\"6097\"><strong data-start=\"6021\" data-end=\"6051\">\u0160iroko aplikovate\u013en\u00e9 na v\u00fdskum<\/strong> \u2013 Vhodn\u00e9 pre HPLC, GC\/MS, FTIR a LC-MS.<\/p>\n<\/li>\n<li data-start=\"6098\" data-end=\"6165\">\n<p data-start=\"6100\" data-end=\"6165\"><strong data-start=\"6100\" data-end=\"6127\">Overen\u00e1 kvalita<\/strong> \u2013 Ka\u017ed\u00e1 \u0161ar\u017ea je testovan\u00e1 a sledovate\u013en\u00e1.<\/p>\n<\/li>\n<\/ul>\n<hr data-start=\"6167\" data-end=\"6170\" \/>\n<h3 data-start=\"6172\" data-end=\"6224\"><strong data-start=\"6176\" data-end=\"6222\">Pou\u017eitie (len na v\u00fdskumn\u00e9 \u00fa\u010dely)<\/strong><\/h3>\n<ol data-start=\"6226\" data-end=\"6580\">\n<li data-start=\"6226\" data-end=\"6295\">\n<p data-start=\"6229\" data-end=\"6295\"><strong data-start=\"6229\" data-end=\"6244\">Manipul\u00e1cia:<\/strong> Noste rukavice, ochrann\u00e9 okuliare a laborat\u00f3rny pl\u00e1\u0161\u0165.<\/p>\n<\/li>\n<li data-start=\"6296\" data-end=\"6366\">\n<p data-start=\"6299\" data-end=\"6366\"><strong data-start=\"6299\" data-end=\"6312\">Rozmery:<\/strong> Ka\u017ed\u00e1 peleta obsahuje 100 mg \u00b1 2 mg; zaznamenajte \u00fadaje o \u0161ar\u017ei.<\/p>\n<\/li>\n<li data-start=\"6367\" data-end=\"6446\">\n<p data-start=\"6370\" data-end=\"6446\"><strong data-start=\"6370\" data-end=\"6381\">Skladovanie:<\/strong> Uchov\u00e1vajte v p\u00f4vodnom blistri, chladnom (2\u20138 \u00b0C) a tme. benzo fury<\/p>\n<\/li>\n<li data-start=\"6447\" data-end=\"6511\">\n<p data-start=\"6450\" data-end=\"6511\"><strong data-start=\"6450\" data-end=\"6462\">Anal\u00fdza:<\/strong> Vhodn\u00e9 pre chromatografiu a spektroskopiu.<\/p>\n<\/li>\n<li data-start=\"6512\" data-end=\"6580\">\n<p data-start=\"6515\" data-end=\"6580\"><strong data-start=\"6515\" data-end=\"6532\">Dokument\u00e1cia:<\/strong> Zaznamenajte v\u00fdsledky testov a met\u00f3dy anal\u00fdzy.<\/p>\n<\/li>\n<\/ol>\n<hr data-start=\"6582\" data-end=\"6585\" \/>\n<h3 data-start=\"6587\" data-end=\"6622\"><strong data-start=\"6591\" data-end=\"6620\">\u010casto kladen\u00e9 ot\u00e1zky (FAQ)<\/strong><\/h3>\n<p data-start=\"6624\" data-end=\"6791\"><strong data-start=\"6624\" data-end=\"6661\">1. \u010co je RC+ Benzo Fury (6-APB)?<\/strong><br data-start=\"6661\" data-end=\"6664\" \/><strong data-start=\"6664\" data-end=\"6682\">RC+ Benzo Fury<\/strong> obsahuje <strong data-start=\"6689\" data-end=\"6698\">6-APB<\/strong>, An <strong data-start=\"6704\" data-end=\"6727\">anal\u00f3g benzofur\u00e1nu<\/strong> z MDA, pou\u017e\u00edvan\u00fd na analytick\u00fd a neurochemick\u00fd v\u00fdskum.<\/p>\n<p data-start=\"6793\" data-end=\"6908\"><strong data-start=\"6793\" data-end=\"6826\">2. Ak\u00e1 \u010dist\u00e1 je l\u00e1tka?<\/strong><br data-start=\"6826\" data-end=\"6829\" \/>Ka\u017ed\u00e1 peleta obsahuje <strong data-start=\"6847\" data-end=\"6881\">100 mg 6-APB (\u010distota \u2265 98%)<\/strong>, testovan\u00e9 pomocou HPLC a NMR.<\/p>\n<p data-start=\"6910\" data-end=\"7084\"><strong data-start=\"6910\" data-end=\"6958\">3. Je leg\u00e1lne k\u00fapi\u0165 RC+ Benzo Fury?<\/strong><br data-start=\"6958\" data-end=\"6961\" \/>The <strong data-start=\"6964\" data-end=\"6988\">z\u00e1konnos\u0165 6-APB<\/strong> sa l\u00ed\u0161i v z\u00e1vislosti od krajiny. Pred pou\u017eit\u00edm si v\u017edy overte miestne predpisy. <strong data-start=\"7057\" data-end=\"7081\">RC+ Benzo Fury k\u00fapi<\/strong>.<\/p>","protected":false},"excerpt":{"rendered":"<p><strong><span dir=\"auto\" style=\"vertical-align: inherit;\"><span dir=\"auto\" style=\"vertical-align: inherit;\">Synonymum<\/span><\/span><\/strong><span dir=\"auto\" style=\"vertical-align: inherit;\"><span dir=\"auto\" style=\"vertical-align: inherit;\"> 6-(2-aminopropyl)benzofur\u00e1n <\/span><\/span><br \/>\n<strong><span dir=\"auto\" style=\"vertical-align: inherit;\"><span dir=\"auto\" style=\"vertical-align: inherit;\">\u010c\u00edslo CAS:<\/span><\/span><\/strong><span dir=\"auto\" style=\"vertical-align: inherit;\"><span dir=\"auto\" style=\"vertical-align: inherit;\"> 286834-85-3 <\/span><\/span><br \/>\n<strong><span dir=\"auto\" style=\"vertical-align: inherit;\"><span dir=\"auto\" style=\"vertical-align: inherit;\">Vzorec<\/span><\/span><\/strong><span dir=\"auto\" style=\"vertical-align: inherit;\"><span dir=\"auto\" style=\"vertical-align: inherit;\"> : <\/span><\/span><span title=\"Uhl\u00edk\"><span dir=\"auto\" style=\"vertical-align: inherit;\"><span dir=\"auto\" style=\"vertical-align: inherit;\">C <\/span><\/span><\/span><sub><span dir=\"auto\" style=\"vertical-align: inherit;\"><span dir=\"auto\" style=\"vertical-align: inherit;\">11 <\/span><\/span><\/sub><span title=\"Vod\u00edk\"><span dir=\"auto\" style=\"vertical-align: inherit;\"><span dir=\"auto\" style=\"vertical-align: inherit;\">H <\/span><\/span><\/span><sub><span dir=\"auto\" style=\"vertical-align: inherit;\"><span dir=\"auto\" style=\"vertical-align: inherit;\">13 <\/span><\/span><\/sub><span title=\"Dus\u00edk\"><span dir=\"auto\" style=\"vertical-align: inherit;\"><span dir=\"auto\" style=\"vertical-align: inherit;\">N <\/span><\/span><\/span><span title=\"Kysl\u00edk\"><span dir=\"auto\" style=\"vertical-align: inherit;\"><span dir=\"auto\" style=\"vertical-align: inherit;\">O <\/span><\/span><\/span><br \/>\n<strong><span dir=\"auto\" style=\"vertical-align: inherit;\"><span dir=\"auto\" style=\"vertical-align: inherit;\">Mol\u00e1rna hmotnos\u0165<\/span><\/span><\/strong><span dir=\"auto\" style=\"vertical-align: inherit;\"><span dir=\"auto\" style=\"vertical-align: inherit;\"> : <\/span><\/span><span class=\"nowrap\"><span dir=\"auto\" style=\"vertical-align: inherit;\"><span dir=\"auto\" style=\"vertical-align: inherit;\">175.231<\/span><\/span><\/span><span dir=\"auto\" style=\"vertical-align: inherit;\"><span dir=\"auto\" style=\"vertical-align: inherit;\"> \u00a0g\/mol <\/span><\/span><br \/>\n<strong><span dir=\"auto\" style=\"vertical-align: inherit;\"><span dir=\"auto\" style=\"vertical-align: inherit;\">\u010cistota<\/span><\/span><\/strong><span dir=\"auto\" style=\"vertical-align: inherit;\"><span dir=\"auto\" style=\"vertical-align: inherit;\"> : &gt;98%<\/span><\/span><\/p>","protected":false},"featured_media":21434,"comment_status":"closed","ping_status":"closed","template":"","meta":[],"product_brand":[82],"product_cat":[555],"product_tag":[117,126,130,850,118,120,119,121,851,326,122],"class_list":{"0":"post-24334","1":"product","2":"type-product","3":"status-publish","4":"has-post-thumbnail","6":"product_brand-research-chemical","7":"product_cat-b2b","8":"product_tag-6-apb-benzo-fury","9":"product_tag-6-apb-kopen","10":"product_tag-6-apb-ervaring","11":"product_tag-6apb","12":"product_tag-benzo-fury","13":"product_tag-benzo-fury-bestellen-nederland","14":"product_tag-benzo-fury-drugs","15":"product_tag-benzo-fury-kopen","16":"product_tag-benzos-drugs","17":"product_tag-nl","18":"product_tag-wat-is-benzo-fury","20":"first","21":"instock","22":"taxable","23":"shipping-taxable","24":"purchasable","25":"product-type-variable"},"_links":{"self":[{"href":"https:\/\/onderzoekschemicals.com\/sk\/wp-json\/wp\/v2\/product\/24334","targetHints":{"allow":["GET"]}}],"collection":[{"href":"https:\/\/onderzoekschemicals.com\/sk\/wp-json\/wp\/v2\/product"}],"about":[{"href":"https:\/\/onderzoekschemicals.com\/sk\/wp-json\/wp\/v2\/types\/product"}],"replies":[{"embeddable":true,"href":"https:\/\/onderzoekschemicals.com\/sk\/wp-json\/wp\/v2\/comments?post=24334"}],"version-history":[{"count":4,"href":"https:\/\/onderzoekschemicals.com\/sk\/wp-json\/wp\/v2\/product\/24334\/revisions"}],"predecessor-version":[{"id":27807,"href":"https:\/\/onderzoekschemicals.com\/sk\/wp-json\/wp\/v2\/product\/24334\/revisions\/27807"}],"wp:featuredmedia":[{"embeddable":true,"href":"https:\/\/onderzoekschemicals.com\/sk\/wp-json\/wp\/v2\/media\/21434"}],"wp:attachment":[{"href":"https:\/\/onderzoekschemicals.com\/sk\/wp-json\/wp\/v2\/media?parent=24334"}],"wp:term":[{"taxonomy":"product_brand","embeddable":true,"href":"https:\/\/onderzoekschemicals.com\/sk\/wp-json\/wp\/v2\/product_brand?post=24334"},{"taxonomy":"product_cat","embeddable":true,"href":"https:\/\/onderzoekschemicals.com\/sk\/wp-json\/wp\/v2\/product_cat?post=24334"},{"taxonomy":"product_tag","embeddable":true,"href":"https:\/\/onderzoekschemicals.com\/sk\/wp-json\/wp\/v2\/product_tag?post=24334"}],"curies":[{"name":"pracovn\u00fd list","href":"https:\/\/api.w.org\/{rel}","templated":true}]}}