{"id":24271,"date":"2025-04-13T17:41:22","date_gmt":"2025-04-13T17:41:22","guid":{"rendered":"https:\/\/onderzoekschemicals.com\/?post_type=product&#038;p=24271"},"modified":"2025-11-28T06:53:32","modified_gmt":"2025-11-28T06:53:32","slug":"bromonordiazepam-25-mg-pelety","status":"publish","type":"product","link":"https:\/\/onderzoekschemicals.com\/sk\/obchod\/benzodiazepiny\/bromonordiazepam-25-mg-pelety\/","title":{"rendered":"Bromonordiazepam 2,5 MG pelety"},"content":{"rendered":"<h3 data-start=\"3959\" data-end=\"3980\"><strong data-start=\"3963\" data-end=\"3978\">\u00davod<\/strong><\/h3>\n<p data-start=\"3981\" data-end=\"4362\"><strong data-start=\"3981\" data-end=\"4015\">Bromonordiazepam 2,5 mg pelety<\/strong> obsahova\u0165 <strong data-start=\"4025\" data-end=\"4059\">2,5 miligramov bromonordiazepamu<\/strong>, An <strong data-start=\"4065\" data-end=\"4106\">dlhodobo p\u00f4sobiaca benzodiazep\u00ednov\u00e1 zl\u00fa\u010denina<\/strong> ktor\u00fd \u0161truktur\u00e1lne s\u00favis\u00ed s <strong data-start=\"4138\" data-end=\"4153\">Nordiazepam<\/strong> a <strong data-start=\"4157\" data-end=\"4169\">Diazepam<\/strong>bromonnordiazepam<br data-start=\"4170\" data-end=\"4173\" \/>Pou\u017e\u00edva sa v <strong data-start=\"4195\" data-end=\"4233\">forenzn\u00fd a analytick\u00fd v\u00fdskum<\/strong> Nepr\u00edjemn\u00e9 <strong data-start=\"4239\" data-end=\"4265\">V\u00e4zba na receptor GABA-A<\/strong>, <strong data-start=\"4267\" data-end=\"4282\">metabolizmus<\/strong> a <strong data-start=\"4286\" data-end=\"4328\">vz\u0165ahy medzi \u0161trukt\u00farou a aktivitou (SAR)<\/strong> v r\u00e1mci triedy benzodiazep\u00ednov.<\/p>\n<p data-start=\"4364\" data-end=\"4583\">Ka\u017ed\u00e1 peleta je <strong data-start=\"4379\" data-end=\"4407\">laborat\u00f3rne vyvinut\u00e9<\/strong> a testovan\u00e9 na <strong data-start=\"4425\" data-end=\"4449\">\u010distota \u2265 98%<\/strong> cez <strong data-start=\"4454\" data-end=\"4469\">HPLC a NMR<\/strong>.<br data-start=\"4470\" data-end=\"4473\" \/>The <strong data-start=\"4476\" data-end=\"4517\">\u0161tandardizovan\u00e1 d\u00e1vka 2,5 mg<\/strong> zabezpe\u010duje reprodukovate\u013en\u00e9 a spo\u013eahliv\u00e9 v\u00fdsledky v\u00fdskumu.<\/p>\n<blockquote data-start=\"4585\" data-end=\"4736\">\n<p data-start=\"4587\" data-end=\"4736\">\u26a0\ufe0f <strong data-start=\"4590\" data-end=\"4601\">Pozn\u00e1mka:<\/strong> Bromonordiazepam je ur\u010den\u00fd len na <strong data-start=\"4647\" data-end=\"4682\">v\u00fdskumn\u00e9 a analytick\u00e9 vyu\u017eitie<\/strong> \u2014 <strong data-start=\"4685\" data-end=\"4734\">nie je ur\u010den\u00e9 na \u013eudsk\u00fa ani \u017eivo\u010d\u00ed\u0161nu spotrebu.<\/strong><\/p>\n<\/blockquote>\n<hr data-start=\"4738\" data-end=\"4741\" \/>\n<h3 data-start=\"4743\" data-end=\"4774\"><strong data-start=\"4747\" data-end=\"4774\">K\u013e\u00fa\u010dov\u00e9 vlastnosti<\/strong><\/h3>\n<div class=\"_tableContainer_1rjym_1\">\n<div class=\"group _tableWrapper_1rjym_13 flex w-fit flex-col-reverse\" tabindex=\"-1\">\n<table class=\"w-fit min-w-(--thread-content-width)\" data-start=\"4776\" data-end=\"5322\">\n<thead data-start=\"4776\" data-end=\"4802\">\n<tr data-start=\"4776\" data-end=\"4802\">\n<th data-start=\"4776\" data-end=\"4786\" data-col-size=\"sm\">Funkcia<\/th>\n<th data-start=\"4786\" data-end=\"4802\" data-col-size=\"md\">Popis<\/th>\n<\/tr>\n<\/thead>\n<tbody data-start=\"4831\" data-end=\"5322\">\n<tr data-start=\"4831\" data-end=\"4872\">\n<td data-start=\"4831\" data-end=\"4852\" data-col-size=\"sm\"><strong data-start=\"4833\" data-end=\"4851\">Chemick\u00fd n\u00e1zov<\/strong><\/td>\n<td data-start=\"4852\" data-end=\"4872\" data-col-size=\"md\">bromonordiazepam<\/td>\n<\/tr>\n<tr data-start=\"4873\" data-end=\"4914\">\n<td data-start=\"4873\" data-end=\"4897\" data-col-size=\"sm\"><strong data-start=\"4875\" data-end=\"4896\">Chemick\u00fd vzorec<\/strong><\/td>\n<td data-start=\"4897\" data-end=\"4914\" data-col-size=\"md\">C\u2081\u2085H\u2081\u2080BrClN\u2082O<\/td>\n<\/tr>\n<tr data-start=\"4915\" data-end=\"4953\">\n<td data-start=\"4915\" data-end=\"4937\" data-col-size=\"sm\"><strong data-start=\"4917\" data-end=\"4936\">Molekulov\u00e1 hmotnos\u0165<\/strong><\/td>\n<td data-start=\"4937\" data-end=\"4953\" data-col-size=\"md\">365,61 g\/mol<\/td>\n<\/tr>\n<tr data-start=\"4954\" data-end=\"4989\">\n<td data-start=\"4954\" data-end=\"4969\" data-col-size=\"sm\"><strong data-start=\"4956\" data-end=\"4968\">D\u00e1vkovanie<\/strong><\/td>\n<td data-start=\"4969\" data-end=\"4989\" data-col-size=\"md\">2,5 mg na peletu<\/td>\n<\/tr>\n<tr data-start=\"4990\" data-end=\"5037\">\n<td data-start=\"4990\" data-end=\"5001\" data-col-size=\"sm\"><strong data-start=\"4992\" data-end=\"5000\">Formul\u00e1r<\/strong><\/td>\n<td data-start=\"5001\" data-end=\"5037\" data-col-size=\"md\">Pevn\u00e9 pelety (blistrov\u00e9 balenie)<\/td>\n<\/tr>\n<tr data-start=\"5038\" data-end=\"5089\">\n<td data-start=\"5038\" data-end=\"5055\" data-col-size=\"sm\"><strong data-start=\"5040\" data-end=\"5054\">\u010cistota<\/strong><\/td>\n<td data-start=\"5055\" data-end=\"5089\" data-col-size=\"md\">\u2265 98% (testovan\u00e9 pomocou HPLC a NMR)<\/td>\n<\/tr>\n<tr data-start=\"5090\" data-end=\"5140\">\n<td data-start=\"5090\" data-end=\"5113\" data-col-size=\"sm\"><strong data-start=\"5092\" data-end=\"5112\">Chemick\u00e1 trieda<\/strong><\/td>\n<td data-start=\"5113\" data-end=\"5140\" data-col-size=\"md\">Deriv\u00e1t benzodiazep\u00ednu<\/td>\n<\/tr>\n<tr data-start=\"5141\" data-end=\"5221\">\n<td data-start=\"5141\" data-end=\"5155\" data-col-size=\"sm\"><strong data-start=\"5143\" data-end=\"5154\">Pou\u017eitie<\/strong><\/td>\n<td data-start=\"5155\" data-end=\"5221\" data-col-size=\"md\">Len na analytick\u00fd, forenzn\u00fd a farmakologick\u00fd v\u00fdskum<\/td>\n<\/tr>\n<tr data-start=\"5222\" data-end=\"5271\">\n<td data-start=\"5222\" data-end=\"5239\" data-col-size=\"sm\"><strong data-start=\"5224\" data-end=\"5238\">Balenie<\/strong><\/td>\n<td data-start=\"5239\" data-end=\"5271\" data-col-size=\"md\">Blister s uz\u00e1verom<\/td>\n<\/tr>\n<tr data-start=\"5272\" data-end=\"5322\">\n<td data-start=\"5272\" data-end=\"5290\" data-col-size=\"sm\"><strong data-start=\"5274\" data-end=\"5289\">Mno\u017estvo<\/strong><\/td>\n<td data-start=\"5290\" data-end=\"5322\" data-col-size=\"md\">Viacero peliet v blistri<\/td>\n<\/tr>\n<\/tbody>\n<\/table>\n<\/div>\n<\/div>\n<hr data-start=\"5324\" data-end=\"5327\" \/>\n<h3 data-start=\"5329\" data-end=\"5346\"><strong data-start=\"5333\" data-end=\"5346\">V\u00fdhody<\/strong><\/h3>\n<ul data-start=\"5348\" data-end=\"5732\">\n<li data-start=\"5348\" data-end=\"5432\">\n<p data-start=\"5350\" data-end=\"5432\"><strong data-start=\"5350\" data-end=\"5377\">Vysok\u00e1 \u010distota (\u2265 98%)<\/strong> \u2013 Laborat\u00f3rna kvalita pre spo\u013eahliv\u00e9 v\u00fdsledky. bromonordiazepam<\/p>\n<\/li>\n<li data-start=\"5433\" data-end=\"5515\">\n<p data-start=\"5435\" data-end=\"5515\"><strong data-start=\"5435\" data-end=\"5474\">\u0160tandardizovan\u00e1 d\u00e1vka (2,5 mg)<\/strong> \u2013 Zais\u0165uje reprodukovate\u013en\u00e9 merania.<\/p>\n<\/li>\n<li data-start=\"5516\" data-end=\"5583\">\n<p data-start=\"5518\" data-end=\"5583\"><strong data-start=\"5518\" data-end=\"5541\">Stabiln\u00e1 tuh\u00e1 forma<\/strong> \u2013 \u013dahk\u00e1 manipul\u00e1cia a skladovanie.<\/p>\n<\/li>\n<li data-start=\"5584\" data-end=\"5664\">\n<p data-start=\"5586\" data-end=\"5664\"><strong data-start=\"5586\" data-end=\"5616\">\u0160iroko aplikovate\u013en\u00e9 na v\u00fdskum<\/strong> \u2013 Vhodn\u00e9 pre GC\/MS, LC-MS a HPLC anal\u00fdzu.<\/p>\n<\/li>\n<li data-start=\"5665\" data-end=\"5732\">\n<p data-start=\"5667\" data-end=\"5732\"><strong data-start=\"5667\" data-end=\"5692\">Sledovate\u013en\u00e1 kvalita<\/strong> \u2013 Ka\u017ed\u00e1 \u0161ar\u017ea testovan\u00e1 a registrovan\u00e1.<\/p>\n<\/li>\n<\/ul>\n<hr data-start=\"5734\" data-end=\"5737\" \/>\n<h3 data-start=\"5739\" data-end=\"5791\"><strong data-start=\"5743\" data-end=\"5789\">Pou\u017eitie (len na v\u00fdskumn\u00e9 \u00fa\u010dely)<\/strong><\/h3>\n<ol data-start=\"5793\" data-end=\"6126\">\n<li data-start=\"5793\" data-end=\"5862\">\n<p data-start=\"5796\" data-end=\"5862\"><strong data-start=\"5796\" data-end=\"5811\">Manipul\u00e1cia:<\/strong> Noste rukavice, ochrann\u00e9 okuliare a laborat\u00f3rny pl\u00e1\u0161\u0165.<\/p>\n<\/li>\n<li data-start=\"5863\" data-end=\"5937\">\n<p data-start=\"5866\" data-end=\"5937\"><strong data-start=\"5866\" data-end=\"5879\">Rozmery:<\/strong> Ka\u017ed\u00e1 peleta obsahuje 2,5 mg \u00b1 0,1 mg; zaznamenajte si inform\u00e1cie o \u0161ar\u017ei.<\/p>\n<\/li>\n<li data-start=\"5938\" data-end=\"5992\">\n<p data-start=\"5941\" data-end=\"5992\"><strong data-start=\"5941\" data-end=\"5952\">Skladovanie:<\/strong> Skladujte v chlade (2\u20138 \u00b0C), suchu a tme.<\/p>\n<\/li>\n<li data-start=\"5993\" data-end=\"6061\">\n<p data-start=\"5996\" data-end=\"6061\"><strong data-start=\"5996\" data-end=\"6008\">Anal\u00fdza:<\/strong> Vhodn\u00e9 pre chromatografiu a v\u00fdskum receptorov.<\/p>\n<\/li>\n<li data-start=\"6062\" data-end=\"6126\">\n<p data-start=\"6065\" data-end=\"6126\"><strong data-start=\"6065\" data-end=\"6082\">Dokument\u00e1cia:<\/strong> Zaznamenajte v\u00fdsledky a met\u00f3dy anal\u00fdzy.<\/p>\n<\/li>\n<\/ol>\n<hr data-start=\"6128\" data-end=\"6131\" \/>\n<h3 data-start=\"6133\" data-end=\"6168\"><strong data-start=\"6137\" data-end=\"6166\">\u010casto kladen\u00e9 ot\u00e1zky (FAQ)<\/strong><\/h3>\n<p data-start=\"6170\" data-end=\"6308\"><strong data-start=\"6170\" data-end=\"6201\">1. \u010co je bromonordiazepam?<\/strong><br data-start=\"6201\" data-end=\"6204\" \/>A <strong data-start=\"6208\" data-end=\"6234\">anal\u00f3g benzodiazep\u00ednu<\/strong> pou\u017e\u00edva sa na v\u00fdskum interakci\u00ed a metabolizmu receptorov GABA-A.<\/p>\n<p data-start=\"6310\" data-end=\"6439\"><strong data-start=\"6310\" data-end=\"6343\">2. Ak\u00e1 \u010dist\u00e1 je l\u00e1tka?<\/strong><br data-start=\"6343\" data-end=\"6346\" \/>Ka\u017ed\u00e1 peleta obsahuje <strong data-start=\"6364\" data-end=\"6409\">2,5 mg bromonordiazepamu (\u010distota \u2265 98%)<\/strong>, potvrden\u00e9 HPLC a NMR.<\/p>\n<p data-start=\"6441\" data-end=\"6630\"><strong data-start=\"6441\" data-end=\"6491\">3. Je leg\u00e1lne k\u00fapi\u0165 bromonordiazepam?<\/strong><br data-start=\"6491\" data-end=\"6494\" \/>The <strong data-start=\"6497\" data-end=\"6532\">z\u00e1konnos\u0165 bromonordiazepamu<\/strong> sa l\u00ed\u0161i v z\u00e1vislosti od krajiny. Pred pou\u017eit\u00edm si v\u017edy overte miestne predpisy. <strong data-start=\"6601\" data-end=\"6627\">K\u00fapi\u0165 bromonordiazepam<\/strong>. <a href=\"https:\/\/onderzoekschemicals.com\/sk\/obchod\/okategoriserad\/kupit-4mmc\/\">k\u00fapi\u0165 4mmc<\/a><\/p>","protected":false},"excerpt":{"rendered":"<p>\u00davod Pelety Bromonordiazepamu 2,5 mg obsahuj\u00fa 2,5 miligramov Bromonordiazepamu, dlhodobo p\u00f4sobiacej benzodiazep\u00ednovej zl\u00fa\u010deniny \u0161truktur\u00e1lne podobnej Nordiazepamu a Diazepamu. bromonordiazepamThe<\/p>","protected":false},"featured_media":29442,"comment_status":"closed","ping_status":"closed","template":"","meta":[],"product_brand":[],"product_cat":[76,385,390,324],"product_tag":[185,326],"class_list":{"0":"post-24271","1":"product","2":"type-product","3":"status-publish","4":"has-post-thumbnail","6":"product_cat-benzodiazepinen","7":"product_cat-bromonordiazepam","8":"product_cat-bromonordiazepam-pellets","9":"product_cat-pellets-for-pellet","10":"product_tag-bromonordiazepam","11":"product_tag-nl","13":"first","14":"instock","15":"taxable","16":"shipping-taxable","17":"purchasable","18":"product-type-variable"},"_links":{"self":[{"href":"https:\/\/onderzoekschemicals.com\/sk\/wp-json\/wp\/v2\/product\/24271","targetHints":{"allow":["GET"]}}],"collection":[{"href":"https:\/\/onderzoekschemicals.com\/sk\/wp-json\/wp\/v2\/product"}],"about":[{"href":"https:\/\/onderzoekschemicals.com\/sk\/wp-json\/wp\/v2\/types\/product"}],"replies":[{"embeddable":true,"href":"https:\/\/onderzoekschemicals.com\/sk\/wp-json\/wp\/v2\/comments?post=24271"}],"version-history":[{"count":4,"href":"https:\/\/onderzoekschemicals.com\/sk\/wp-json\/wp\/v2\/product\/24271\/revisions"}],"predecessor-version":[{"id":27816,"href":"https:\/\/onderzoekschemicals.com\/sk\/wp-json\/wp\/v2\/product\/24271\/revisions\/27816"}],"wp:featuredmedia":[{"embeddable":true,"href":"https:\/\/onderzoekschemicals.com\/sk\/wp-json\/wp\/v2\/media\/29442"}],"wp:attachment":[{"href":"https:\/\/onderzoekschemicals.com\/sk\/wp-json\/wp\/v2\/media?parent=24271"}],"wp:term":[{"taxonomy":"product_brand","embeddable":true,"href":"https:\/\/onderzoekschemicals.com\/sk\/wp-json\/wp\/v2\/product_brand?post=24271"},{"taxonomy":"product_cat","embeddable":true,"href":"https:\/\/onderzoekschemicals.com\/sk\/wp-json\/wp\/v2\/product_cat?post=24271"},{"taxonomy":"product_tag","embeddable":true,"href":"https:\/\/onderzoekschemicals.com\/sk\/wp-json\/wp\/v2\/product_tag?post=24271"}],"curies":[{"name":"pracovn\u00fd list","href":"https:\/\/api.w.org\/{rel}","templated":true}]}}