{"id":24226,"date":"2025-04-13T17:41:17","date_gmt":"2025-04-13T17:41:17","guid":{"rendered":"https:\/\/onderzoekschemicals.com\/?post_type=product&#038;p=24226"},"modified":"2025-11-28T07:03:16","modified_gmt":"2025-11-28T07:03:16","slug":"nm-2-ai-hcl-puur","status":"publish","type":"product","link":"https:\/\/onderzoekschemicals.com\/sk\/shop\/nm-2-ai\/nm-2-ai-hcl-puur\/","title":{"rendered":"NM-2-AI HCl \u010dist\u00fd"},"content":{"rendered":"<h2 data-start=\"3847\" data-end=\"3873\"><strong data-start=\"3850\" data-end=\"3873\">Popis produktu<\/strong><\/h2>\n<p data-start=\"3875\" data-end=\"4203\"><strong data-start=\"3875\" data-end=\"3929\">NM-2-AI HCl (N-metyl-2-aminoind\u00e1n hydrochlorid)<\/strong> je <strong data-start=\"3937\" data-end=\"3975\">vysoko \u010dist\u00e1 v\u00fdskumn\u00e1 l\u00e1tka<\/strong>, patriaci k <strong data-start=\"3993\" data-end=\"4015\">trieda aminoind\u00e1nov<\/strong>.<br data-start=\"4016\" data-end=\"4019\" \/>Pou\u017e\u00edva sa na <strong data-start=\"4043\" data-end=\"4097\">analytick\u00fd, forenzn\u00fd a farmakologick\u00fd v\u00fdskum<\/strong> a sl\u00fa\u017ei ako <strong data-start=\"4111\" data-end=\"4134\">referen\u010dn\u00fd \u0161tandard<\/strong> na \u0161t\u00fadium <strong data-start=\"4159\" data-end=\"4200\">\u0161truktur\u00e1lne a metabolick\u00e9 vlastnosti<\/strong>nm-2-ai<\/p>\n<p data-start=\"4205\" data-end=\"4350\">Ka\u017ed\u00e1 d\u00e1vka <strong data-start=\"4216\" data-end=\"4236\">NM-2-AI HCl \u010dist\u00fd<\/strong> sa vyr\u00e1ba pod pr\u00edsnou kontrolou kvality <strong data-start=\"4292\" data-end=\"4335\">konzistencia, stabilita a \u010distota<\/strong> zaru\u010di\u0165.<\/p>\n<p data-start=\"4352\" data-end=\"4488\">\u26a0\ufe0f <strong data-start=\"4355\" data-end=\"4366\">Pozn\u00e1mka:<\/strong> Tento produkt je <strong data-start=\"4382\" data-end=\"4431\">ur\u010den\u00e9 len na v\u00fdskumn\u00e9 \u00fa\u010dely<\/strong> a <strong data-start=\"4435\" data-end=\"4487\">nie je vhodn\u00e9 pre \u013eud\u00ed ani zvierat\u00e1<\/strong>.<\/p>\n<hr data-start=\"4490\" data-end=\"4493\" \/>\n<h2 data-start=\"4495\" data-end=\"4525\"><strong data-start=\"4498\" data-end=\"4525\">K\u013e\u00fa\u010dov\u00e9 vlastnosti<\/strong><\/h2>\n<ul data-start=\"4527\" data-end=\"4946\">\n<li data-start=\"4527\" data-end=\"4615\">\n<p data-start=\"4529\" data-end=\"4615\"><strong data-start=\"4529\" data-end=\"4549\">Vysok\u00e1 \u010distota:<\/strong> Vhodn\u00e9 pre analytick\u00fd v\u00fdskum a laborat\u00f3rne aplik\u00e1cie.<\/p>\n<\/li>\n<li data-start=\"4616\" data-end=\"4690\">\n<p data-start=\"4618\" data-end=\"4690\"><strong data-start=\"4618\" data-end=\"4640\">Stabiln\u00e1 forma HCl:<\/strong> Odoln\u00fd vo\u010di degrad\u00e1cii po\u010das dlhodob\u00e9ho skladovania.<\/p>\n<\/li>\n<li data-start=\"4691\" data-end=\"4775\">\n<p data-start=\"4693\" data-end=\"4775\"><strong data-start=\"4693\" data-end=\"4723\">Spo\u013eahliv\u00e9 zlo\u017eenie:<\/strong> Vyroben\u00e9 za kontrolovan\u00fdch podmienok.<\/p>\n<\/li>\n<li data-start=\"4776\" data-end=\"4847\">\n<p data-start=\"4778\" data-end=\"4847\"><strong data-start=\"4778\" data-end=\"4801\">Bezpe\u010dn\u00e9 balenie:<\/strong> Vzduchotesn\u00e9 a utesnen\u00e9 proti kontamin\u00e1cii.<\/p>\n<\/li>\n<li data-start=\"4848\" data-end=\"4946\">\n<p data-start=\"4850\" data-end=\"4946\"><strong data-start=\"4850\" data-end=\"4877\">V s\u00falade s predpismi E\u00da:<\/strong> Sp\u013a\u0148a eur\u00f3pske bezpe\u010dnostn\u00e9 normy pre v\u00fdskumn\u00e9 chemik\u00e1lie.<\/p>\n<\/li>\n<\/ul>\n<hr data-start=\"4948\" data-end=\"4951\" \/>\n<h2 data-start=\"4953\" data-end=\"4984\"><strong data-start=\"4956\" data-end=\"4984\">V\u00fdhody pre v\u00fdskum<\/strong><\/h2>\n<ul data-start=\"4986\" data-end=\"5261\">\n<li data-start=\"4986\" data-end=\"5050\">\n<p data-start=\"4988\" data-end=\"5050\">Vhodn\u00e9 pre <strong data-start=\"5002\" data-end=\"5047\">toxikologick\u00fd a farmakologick\u00fd v\u00fdskum<\/strong>.<\/p>\n<\/li>\n<li data-start=\"5051\" data-end=\"5124\">\n<p data-start=\"5053\" data-end=\"5124\">Podporuje <strong data-start=\"5065\" data-end=\"5101\">v\u00fdvoj analytick\u00fdch met\u00f3d<\/strong> (LC-MS, GC-MS, NMR).<\/p>\n<\/li>\n<li data-start=\"5125\" data-end=\"5189\">\n<p data-start=\"5127\" data-end=\"5189\">Sl\u00fa\u017ei ako <strong data-start=\"5137\" data-end=\"5160\">referen\u010dn\u00fd \u0161tandard<\/strong> pre forenzn\u00e9 vy\u0161etrovanie.<\/p>\n<\/li>\n<li data-start=\"5190\" data-end=\"5261\">\n<p data-start=\"5192\" data-end=\"5261\">Zabezpe\u010duje <strong data-start=\"5203\" data-end=\"5258\">reprodukovate\u013en\u00e9 a spo\u013eahliv\u00e9 v\u00fdsledky v\u00fdskumu<\/strong>nm-2-ai<\/p>\n<\/li>\n<\/ul>\n<hr data-start=\"5263\" data-end=\"5266\" \/>\n<h2 data-start=\"5268\" data-end=\"5302\"><strong data-start=\"5271\" data-end=\"5302\">Pou\u017eitie (kontext v\u00fdskumu)<\/strong><\/h2>\n<ol data-start=\"5304\" data-end=\"5509\">\n<li data-start=\"5304\" data-end=\"5349\">\n<p data-start=\"5307\" data-end=\"5349\">Pou\u017e\u00edvajte iba v akreditovan\u00fdch laborat\u00f3ri\u00e1ch.<\/p>\n<\/li>\n<li data-start=\"5350\" data-end=\"5410\">\n<p data-start=\"5353\" data-end=\"5410\">Noste rukavice, ochrann\u00e9 okuliare a laborat\u00f3rny pl\u00e1\u0161\u0165.<\/p>\n<\/li>\n<li data-start=\"5411\" data-end=\"5458\">\n<p data-start=\"5414\" data-end=\"5458\">Skladujte v chlade, suchu a tme (pri teplote do 25 \u00b0C).<\/p>\n<\/li>\n<li data-start=\"5459\" data-end=\"5509\">\n<p data-start=\"5462\" data-end=\"5509\">Zvy\u0161ky zlikvidujte v s\u00falade s miestnymi environment\u00e1lnymi predpismi.<\/p>\n<\/li>\n<\/ol>\n<blockquote data-start=\"5511\" data-end=\"5597\">\n<p data-start=\"5513\" data-end=\"5597\"><strong data-start=\"5513\" data-end=\"5524\">Pozn\u00e1mka:<\/strong> <em data-start=\"5525\" data-end=\"5543\">NM-2-AI HCl \u010dist\u00fd<\/em> je <strong data-start=\"5547\" data-end=\"5596\">ur\u010den\u00e9 len na v\u00fdskumn\u00e9 \u00fa\u010dely<\/strong>.<\/p>\n<\/blockquote>\n<hr data-start=\"5599\" data-end=\"5602\" \/>\n<h2 data-start=\"5604\" data-end=\"5638\"><strong data-start=\"5607\" data-end=\"5638\">\u010casto kladen\u00e9 ot\u00e1zky (FAQ)<\/strong><\/h2>\n<p data-start=\"5640\" data-end=\"5778\"><strong data-start=\"5640\" data-end=\"5683\">1. Na \u010do sa pou\u017e\u00edva NM-2-AI HCl?<\/strong><br data-start=\"5683\" data-end=\"5686\" \/>Pou\u017e\u00edva sa na <strong data-start=\"5710\" data-end=\"5748\">analytick\u00fd a forenzn\u00fd v\u00fdskum<\/strong> na aminoind\u00e1nov\u00e9 zl\u00fa\u010deniny.<\/p>\n<p data-start=\"5780\" data-end=\"5903\"><strong data-start=\"5780\" data-end=\"5832\">2. Je NM-2-AI HCl bezpe\u010dn\u00fd pre \u013eudsk\u00e9 pou\u017eitie?<\/strong><br data-start=\"5832\" data-end=\"5835\" \/>Nie, tento produkt je <strong data-start=\"5855\" data-end=\"5902\">nie je schv\u00e1len\u00e9 na \u013eudsk\u00fa spotrebu<\/strong>.<\/p>\n<p data-start=\"5905\" data-end=\"6058\"><strong data-start=\"5905\" data-end=\"5943\">3. Kto si m\u00f4\u017ee k\u00fapi\u0165 NM-2-AI HCl Pure?<\/strong><br data-start=\"5943\" data-end=\"5946\" \/>Iba <strong data-start=\"5953\" data-end=\"6002\">uzn\u00e1van\u00e9 v\u00fdskumn\u00e9 in\u0161tit\u00facie a laborat\u00f3ri\u00e1<\/strong> s pr\u00edslu\u0161n\u00fdmi povoleniami si m\u00f4\u017eu t\u00fato l\u00e1tku k\u00fapi\u0165.<\/p>","protected":false},"excerpt":{"rendered":"<h2>NM-2-AI HCl \u010dist\u00fd<\/h2>\n<p>NM-2-AI hydrochlorid je l\u00e1tka, ktor\u00fa pred\u00e1vame len na v\u00fdskumn\u00e9 \u00fa\u010dely, a preto nie je ur\u010den\u00e1 na konzum\u00e1ciu. NM-2-AI mo\u017eno sk\u00fama\u0165 a\u017e 2 roky, ak sa skladuje v spr\u00e1vnom prostred\u00ed.2C-E<\/p>","protected":false},"featured_media":29384,"comment_status":"closed","ping_status":"closed","template":"","meta":[],"product_brand":[82],"product_cat":[479,336],"product_tag":[326,879,880],"class_list":{"0":"post-24226","1":"product","2":"type-product","3":"status-publish","4":"has-post-thumbnail","6":"product_brand-research-chemical","7":"product_cat-nm-2-ai","8":"product_cat-overig","9":"product_tag-nl","10":"product_tag-nm-2-ai","11":"product_tag-nm-2-ai-hcl","13":"first","14":"instock","15":"taxable","16":"shipping-taxable","17":"purchasable","18":"product-type-variable"},"_links":{"self":[{"href":"https:\/\/onderzoekschemicals.com\/sk\/wp-json\/wp\/v2\/product\/24226","targetHints":{"allow":["GET"]}}],"collection":[{"href":"https:\/\/onderzoekschemicals.com\/sk\/wp-json\/wp\/v2\/product"}],"about":[{"href":"https:\/\/onderzoekschemicals.com\/sk\/wp-json\/wp\/v2\/types\/product"}],"replies":[{"embeddable":true,"href":"https:\/\/onderzoekschemicals.com\/sk\/wp-json\/wp\/v2\/comments?post=24226"}],"version-history":[{"count":5,"href":"https:\/\/onderzoekschemicals.com\/sk\/wp-json\/wp\/v2\/product\/24226\/revisions"}],"predecessor-version":[{"id":27830,"href":"https:\/\/onderzoekschemicals.com\/sk\/wp-json\/wp\/v2\/product\/24226\/revisions\/27830"}],"wp:featuredmedia":[{"embeddable":true,"href":"https:\/\/onderzoekschemicals.com\/sk\/wp-json\/wp\/v2\/media\/29384"}],"wp:attachment":[{"href":"https:\/\/onderzoekschemicals.com\/sk\/wp-json\/wp\/v2\/media?parent=24226"}],"wp:term":[{"taxonomy":"product_brand","embeddable":true,"href":"https:\/\/onderzoekschemicals.com\/sk\/wp-json\/wp\/v2\/product_brand?post=24226"},{"taxonomy":"product_cat","embeddable":true,"href":"https:\/\/onderzoekschemicals.com\/sk\/wp-json\/wp\/v2\/product_cat?post=24226"},{"taxonomy":"product_tag","embeddable":true,"href":"https:\/\/onderzoekschemicals.com\/sk\/wp-json\/wp\/v2\/product_tag?post=24226"}],"curies":[{"name":"pracovn\u00fd list","href":"https:\/\/api.w.org\/{rel}","templated":true}]}}