{"id":24196,"date":"2025-04-13T17:41:14","date_gmt":"2025-04-13T17:41:14","guid":{"rendered":"https:\/\/onderzoekschemicals.com\/?post_type=product&#038;p=24196"},"modified":"2025-10-12T19:51:32","modified_gmt":"2025-10-12T19:51:32","slug":"2-mmc-hcl-zakje-1gr","status":"publish","type":"product","link":"https:\/\/onderzoekschemicals.com\/sk\/shop\/b2b\/2-mmc-hcl-zakje-1gr\/","title":{"rendered":"2-MMC HCl vrec\u00fa\u0161ko 1g"},"content":{"rendered":"<h2 data-start=\"3615\" data-end=\"3641\"><strong data-start=\"3618\" data-end=\"3641\">Popis produktu<\/strong><\/h2>\n<p data-start=\"3643\" data-end=\"3946\"><strong data-start=\"3643\" data-end=\"3694\">2-MMC HCl (2-metylmetakatin\u00f3n hydrochlorid)<\/strong> je <strong data-start=\"3702\" data-end=\"3746\">v\u00fdskumn\u00fd materi\u00e1l laborat\u00f3rnej kvality<\/strong>, patriaci k <strong data-start=\"3764\" data-end=\"3783\">trieda katin\u00f3nov<\/strong>.<br data-start=\"3784\" data-end=\"3787\" \/>Pou\u017e\u00edva sa na <strong data-start=\"3811\" data-end=\"3864\">analytick\u00fd, toxikologick\u00fd a forenzn\u00fd v\u00fdskum<\/strong>, okrem in\u00e9ho na <strong data-start=\"3883\" data-end=\"3943\">identifik\u00e1cia a porovnanie chemick\u00fdch zl\u00fa\u010den\u00edn<\/strong>2 mmc<\/p>\n<p data-start=\"3948\" data-end=\"4071\">Ka\u017ed\u00fd <strong data-start=\"3952\" data-end=\"3971\">Vrecko s 2-MMC HCl<\/strong> obsahuje <strong data-start=\"3978\" data-end=\"4001\">1 gram \u010distej l\u00e1tky<\/strong>, starostlivo zabalen\u00e9 do <strong data-start=\"4025\" data-end=\"4056\">stabilita a konzistentnos\u0165<\/strong> zaru\u010di\u0165.<\/p>\n<p data-start=\"4073\" data-end=\"4209\">\u26a0\ufe0f <strong data-start=\"4076\" data-end=\"4087\">Pozn\u00e1mka:<\/strong> Tento produkt je <strong data-start=\"4103\" data-end=\"4152\">ur\u010den\u00e9 len na v\u00fdskumn\u00e9 \u00fa\u010dely<\/strong> a <strong data-start=\"4156\" data-end=\"4208\">nie je vhodn\u00e9 pre \u013eud\u00ed ani zvierat\u00e1<\/strong>.<\/p>\n<hr data-start=\"4211\" data-end=\"4214\" \/>\n<h2 data-start=\"4216\" data-end=\"4246\"><strong data-start=\"4219\" data-end=\"4246\">K\u013e\u00fa\u010dov\u00e9 vlastnosti<\/strong><\/h2>\n<ul data-start=\"4248\" data-end=\"4596\">\n<li data-start=\"4248\" data-end=\"4321\">\n<p data-start=\"4250\" data-end=\"4321\"><strong data-start=\"4250\" data-end=\"4270\">Vysok\u00e1 \u010distota:<\/strong> Vhodn\u00e9 pre pokro\u010dil\u00fd laborat\u00f3rny v\u00fdskum.<\/p>\n<\/li>\n<li data-start=\"4322\" data-end=\"4386\">\n<p data-start=\"4324\" data-end=\"4386\"><strong data-start=\"4324\" data-end=\"4346\">Stabiln\u00e1 forma HCl:<\/strong> Odoln\u00fd vo\u010di degrad\u00e1cii a oxid\u00e1cii.<\/p>\n<\/li>\n<li data-start=\"4387\" data-end=\"4443\">\n<p data-start=\"4389\" data-end=\"4443\"><strong data-start=\"4389\" data-end=\"4412\">Presne odv\u00e1\u017een\u00e9:<\/strong> 1 gram na vzduchotesn\u00e9 vrecko.<\/p>\n<\/li>\n<li data-start=\"4444\" data-end=\"4510\">\n<p data-start=\"4446\" data-end=\"4510\"><strong data-start=\"4446\" data-end=\"4469\">Bezpe\u010dn\u00e9 balenie:<\/strong> Chr\u00e1ni pred vlhkos\u0165ou a zne\u010disten\u00edm.<\/p>\n<\/li>\n<li data-start=\"4511\" data-end=\"4596\">\n<p data-start=\"4513\" data-end=\"4596\"><strong data-start=\"4513\" data-end=\"4540\">V s\u00falade s predpismi E\u00da:<\/strong> Vyroben\u00e9 pod\u013ea eur\u00f3pskych bezpe\u010dnostn\u00fdch smern\u00edc.<\/p>\n<\/li>\n<\/ul>\n<hr data-start=\"4598\" data-end=\"4601\" \/>\n<h2 data-start=\"4603\" data-end=\"4634\"><strong data-start=\"4606\" data-end=\"4634\">V\u00fdhody pre v\u00fdskum<\/strong><\/h2>\n<ul data-start=\"4636\" data-end=\"4884\">\n<li data-start=\"4636\" data-end=\"4696\">\n<p data-start=\"4638\" data-end=\"4696\">Vhodn\u00e9 pre <strong data-start=\"4652\" data-end=\"4693\">toxikologick\u00fd a analytick\u00fd v\u00fdskum<\/strong>.<\/p>\n<\/li>\n<li data-start=\"4697\" data-end=\"4757\">\n<p data-start=\"4699\" data-end=\"4757\">Podporuje <strong data-start=\"4711\" data-end=\"4734\">v\u00fdvoj met\u00f3dy<\/strong> (GC-MS, LC-MS, NMR).<\/p>\n<\/li>\n<li data-start=\"4758\" data-end=\"4827\">\n<p data-start=\"4760\" data-end=\"4827\">Ponuky <strong data-start=\"4766\" data-end=\"4800\">spo\u013eahliv\u00e9 referen\u010dn\u00e9 vzorky<\/strong> na forenzn\u00e9 pou\u017eitie. 2 mmc<\/p>\n<\/li>\n<li data-start=\"4828\" data-end=\"4884\">\n<p data-start=\"4830\" data-end=\"4884\">Zabezpe\u010duje <strong data-start=\"4841\" data-end=\"4881\">reprodukovate\u013en\u00e9 v\u00fdsledky v\u00fdskumu<\/strong>.<\/p>\n<\/li>\n<\/ul>\n<hr data-start=\"4886\" data-end=\"4889\" \/>\n<h2 data-start=\"4891\" data-end=\"4925\"><strong data-start=\"4894\" data-end=\"4925\">Pou\u017eitie (kontext v\u00fdskumu)<\/strong><\/h2>\n<ol data-start=\"4927\" data-end=\"5123\">\n<li data-start=\"4927\" data-end=\"4972\">\n<p data-start=\"4930\" data-end=\"4972\">Pou\u017e\u00edvajte iba v akreditovan\u00fdch laborat\u00f3ri\u00e1ch.<\/p>\n<\/li>\n<li data-start=\"4973\" data-end=\"5024\">\n<p data-start=\"4976\" data-end=\"5024\">Noste rukavice, ochrann\u00e9 okuliare a laborat\u00f3rny pl\u00e1\u0161\u0165.<\/p>\n<\/li>\n<li data-start=\"5025\" data-end=\"5072\">\n<p data-start=\"5028\" data-end=\"5072\">Skladujte v chlade, suchu a tme (pri teplote do 25 \u00b0C).<\/p>\n<\/li>\n<li data-start=\"5073\" data-end=\"5123\">\n<p data-start=\"5076\" data-end=\"5123\">Zvy\u0161ky zlikvidujte v s\u00falade s miestnymi environment\u00e1lnymi predpismi.<\/p>\n<\/li>\n<\/ol>\n<blockquote data-start=\"5125\" data-end=\"5214\">\n<p data-start=\"5127\" data-end=\"5214\"><strong data-start=\"5127\" data-end=\"5138\">Pozn\u00e1mka:<\/strong> <em data-start=\"5139\" data-end=\"5160\">2-MMC HCl vrec\u00fa\u0161ko 1g<\/em> je <strong data-start=\"5164\" data-end=\"5213\">ur\u010den\u00e9 len na v\u00fdskumn\u00e9 \u00fa\u010dely<\/strong>.<\/p>\n<\/blockquote>\n<hr data-start=\"5216\" data-end=\"5219\" \/>\n<h2 data-start=\"5221\" data-end=\"5255\"><strong data-start=\"5224\" data-end=\"5255\">\u010casto kladen\u00e9 ot\u00e1zky (FAQ)<\/strong><\/h2>\n<p data-start=\"5257\" data-end=\"5394\"><strong data-start=\"5257\" data-end=\"5298\">1. Na \u010do sa pou\u017e\u00edva 2-MMC HCl?<\/strong><br data-start=\"5298\" data-end=\"5301\" \/>2-MMC HCl sa pou\u017e\u00edva na <strong data-start=\"5331\" data-end=\"5369\">analytick\u00fd a forenzn\u00fd v\u00fdskum<\/strong> na anal\u00f3gy katin\u00f3nu.<\/p>\n<p data-start=\"5396\" data-end=\"5480\"><strong data-start=\"5396\" data-end=\"5432\">2. Ko\u013eko gramov obsahuje jedno vrecko?<\/strong><br data-start=\"5432\" data-end=\"5435\" \/>Ka\u017ed\u00e9 vrecko obsahuje <strong data-start=\"5451\" data-end=\"5479\">1 gram \u010dist\u00e9ho 2-MMC HCl<\/strong>.<\/p>\n<p data-start=\"5482\" data-end=\"5638\"><strong data-start=\"5482\" data-end=\"5528\">3. M\u00f4\u017eem si k\u00fapi\u0165 2-MMC HCl ako s\u00fakromn\u00e1 osoba?<\/strong><br data-start=\"5528\" data-end=\"5531\" \/>Nie, tento produkt je dostupn\u00fd len pre <strong data-start=\"5576\" data-end=\"5610\">uzn\u00e1van\u00e9 v\u00fdskumn\u00e9 in\u0161tit\u00facie<\/strong> s pr\u00edslu\u0161n\u00fdmi povoleniami.<\/p>","protected":false},"excerpt":{"rendered":"<p>Popis produktu 2-MMC HCl (2-metylmetakatin\u00f3n hydrochlorid) je v\u00fdskumn\u00e1 chemik\u00e1lia laborat\u00f3rnej kvality patriaca do triedy katin\u00f3nov. Pou\u017e\u00edva sa na analytick\u00e9, toxikologick\u00e9 a<\/p>","protected":false},"featured_media":21260,"comment_status":"closed","ping_status":"closed","template":"","meta":[],"product_brand":[82],"product_cat":[555],"product_tag":[89,88,83,326,94,93],"class_list":{"0":"post-24196","1":"product","2":"type-product","3":"status-publish","4":"has-post-thumbnail","6":"product_brand-research-chemical","7":"product_cat-b2b","8":"product_tag-2-mmc","9":"product_tag-2-mmc-ervaringen","10":"product_tag-2-mmc-kopen","11":"product_tag-nl","12":"product_tag-wat-doet-2-mmc","13":"product_tag-wat-is-2-mmc","15":"first","16":"instock","17":"taxable","18":"shipping-taxable","19":"purchasable","20":"product-type-variable"},"_links":{"self":[{"href":"https:\/\/onderzoekschemicals.com\/sk\/wp-json\/wp\/v2\/product\/24196","targetHints":{"allow":["GET"]}}],"collection":[{"href":"https:\/\/onderzoekschemicals.com\/sk\/wp-json\/wp\/v2\/product"}],"about":[{"href":"https:\/\/onderzoekschemicals.com\/sk\/wp-json\/wp\/v2\/types\/product"}],"replies":[{"embeddable":true,"href":"https:\/\/onderzoekschemicals.com\/sk\/wp-json\/wp\/v2\/comments?post=24196"}],"version-history":[{"count":4,"href":"https:\/\/onderzoekschemicals.com\/sk\/wp-json\/wp\/v2\/product\/24196\/revisions"}],"predecessor-version":[{"id":27831,"href":"https:\/\/onderzoekschemicals.com\/sk\/wp-json\/wp\/v2\/product\/24196\/revisions\/27831"}],"wp:featuredmedia":[{"embeddable":true,"href":"https:\/\/onderzoekschemicals.com\/sk\/wp-json\/wp\/v2\/media\/21260"}],"wp:attachment":[{"href":"https:\/\/onderzoekschemicals.com\/sk\/wp-json\/wp\/v2\/media?parent=24196"}],"wp:term":[{"taxonomy":"product_brand","embeddable":true,"href":"https:\/\/onderzoekschemicals.com\/sk\/wp-json\/wp\/v2\/product_brand?post=24196"},{"taxonomy":"product_cat","embeddable":true,"href":"https:\/\/onderzoekschemicals.com\/sk\/wp-json\/wp\/v2\/product_cat?post=24196"},{"taxonomy":"product_tag","embeddable":true,"href":"https:\/\/onderzoekschemicals.com\/sk\/wp-json\/wp\/v2\/product_tag?post=24196"}],"curies":[{"name":"pracovn\u00fd list","href":"https:\/\/api.w.org\/{rel}","templated":true}]}}