{"id":24190,"date":"2025-04-13T17:41:13","date_gmt":"2025-04-13T17:41:13","guid":{"rendered":"https:\/\/onderzoekschemicals.com\/?post_type=product&#038;p=24190"},"modified":"2025-10-12T20:41:28","modified_gmt":"2025-10-12T20:41:28","slug":"rc-fluor-4f-mph-30mg-box","status":"publish","type":"product","link":"https:\/\/onderzoekschemicals.com\/sk\/shop\/b2b\/rc-fluor-4f-mph-30mg-box\/","title":{"rendered":"Krabi\u010dka RC+ Fluor 4F-MPH 30 mg"},"content":{"rendered":"<h3 data-start=\"4858\" data-end=\"4877\"><strong data-start=\"4862\" data-end=\"4877\">\u00davod<\/strong><\/h3>\n<p data-start=\"4878\" data-end=\"5294\">The <strong data-start=\"4881\" data-end=\"4910\">Krabi\u010dka RC+ Fluor 4F-MPH 30 mg<\/strong> je <strong data-start=\"4918\" data-end=\"4948\">vysoko \u010dist\u00e1 v\u00fdskumn\u00e1 l\u00e1tka<\/strong> z <strong data-start=\"4956\" data-end=\"4986\">piperid\u00ednov\u00e1 stimula\u010dn\u00e1 trieda<\/strong>, \u00fazko s\u00favisiaci s <strong data-start=\"5005\" data-end=\"5033\">Metylfenid\u00e1t (Ritalin)<\/strong>Chemicky zn\u00e1my ako <strong data-start=\"5055\" data-end=\"5081\">4-Flu\u00f3rmetylfenid\u00e1t<\/strong>, t\u00e1to molekula sa \u0161iroko pou\u017e\u00edva vo v\u00fdskume <strong data-start=\"5138\" data-end=\"5189\">inhib\u00edcia sp\u00e4tn\u00e9ho vychyt\u00e1vania dopam\u00ednu a noradrenal\u00ednu<\/strong>V\u010faka tomu je to d\u00f4le\u017eit\u00e1 t\u00e9ma v r\u00e1mci <strong data-start=\"5237\" data-end=\"5291\">neurofarmakologick\u00fd a psychostimula\u010dn\u00fd v\u00fdskum<\/strong>4 stupne za hodinu<\/p>\n<p data-start=\"5296\" data-end=\"5489\">Ka\u017ed\u00e1 30 mg tableta je <strong data-start=\"5316\" data-end=\"5354\">presne formulovan\u00e9 a zabalen\u00e9<\/strong> pod\u013ea pr\u00edsnych laborat\u00f3rnych \u0161tandardov, \u010do zaru\u010duje <strong data-start=\"5406\" data-end=\"5460\">presnos\u0165, stabilita a reprodukovate\u013enos\u0165<\/strong> v experiment\u00e1lnych prostrediach.<\/p>\n<hr data-start=\"5491\" data-end=\"5494\" \/>\n<h3 data-start=\"5496\" data-end=\"5527\"><strong data-start=\"5500\" data-end=\"5527\">K\u013e\u00fa\u010dov\u00e9 vlastnosti<\/strong><\/h3>\n<ul data-start=\"5528\" data-end=\"6139\">\n<li data-start=\"5528\" data-end=\"5652\">\n<p data-start=\"5530\" data-end=\"5652\"><strong data-start=\"5530\" data-end=\"5562\">Vysok\u00e1 analytick\u00e1 \u010distota:<\/strong> Obsahuje <strong data-start=\"5569\" data-end=\"5600\">30 mg 4-flu\u00f3rmetylfenid\u00e1tu<\/strong> na tabletu pre spo\u013eahliv\u00e9 v\u00fdsledky v\u00fdskumu.<\/p>\n<\/li>\n<li data-start=\"5653\" data-end=\"5780\">\n<p data-start=\"5655\" data-end=\"5780\"><strong data-start=\"5655\" data-end=\"5683\">Profesion\u00e1lna kvalita:<\/strong> Navrhnut\u00e9 pre <strong data-start=\"5699\" data-end=\"5740\">laborat\u00f3rny a analytick\u00fd v\u00fdskum<\/strong>nie je ur\u010den\u00e9 na pou\u017eitie u \u013eud\u00ed.<\/p>\n<\/li>\n<li data-start=\"5781\" data-end=\"5900\">\n<p data-start=\"5783\" data-end=\"5900\"><strong data-start=\"5783\" data-end=\"5806\">Bezpe\u010dn\u00e9 balenie:<\/strong> Doru\u010den\u00e9 v <strong data-start=\"5819\" data-end=\"5843\">RC+ uzavret\u00e9 krabice<\/strong> na udr\u017eanie stability a zabr\u00e1nenie kontamin\u00e1cii.<\/p>\n<\/li>\n<li data-start=\"5901\" data-end=\"6016\">\n<p data-start=\"5903\" data-end=\"6016\"><strong data-start=\"5903\" data-end=\"5935\">Sledovate\u013en\u00e9 inform\u00e1cie o \u0161ar\u017ei:<\/strong> Ka\u017ed\u00e1 krabica obsahuje <strong data-start=\"5952\" data-end=\"5989\">\u010d\u00edsla \u0161ar\u017e\u00ed a certifik\u00e1ty anal\u00fdzy<\/strong> pre zabezpe\u010denie kvality.<\/p>\n<\/li>\n<li data-start=\"6017\" data-end=\"6139\">\n<p data-start=\"6019\" data-end=\"6139\"><strong data-start=\"6019\" data-end=\"6043\">Konzistentn\u00e1 kvalita:<\/strong> Vyroben\u00e9 pod <strong data-start=\"6063\" data-end=\"6096\">kontrolovan\u00fdch podmienkach<\/strong> pre konzistentn\u00fa \u010distotu a \u00fa\u010dinnos\u0165.<\/p>\n<\/li>\n<\/ul>\n<hr data-start=\"6141\" data-end=\"6144\" \/>\n<h3 data-start=\"6146\" data-end=\"6163\"><strong data-start=\"6150\" data-end=\"6163\">V\u00fdhody<\/strong><\/h3>\n<ul data-start=\"6164\" data-end=\"6535\">\n<li data-start=\"6164\" data-end=\"6253\">\n<p data-start=\"6166\" data-end=\"6253\">Podporuje <strong data-start=\"6178\" data-end=\"6204\">porovn\u00e1vac\u00ed v\u00fdskum<\/strong> medzi modifikovan\u00fdmi anal\u00f3gmi metylfenid\u00e1tu.<\/p>\n<\/li>\n<li data-start=\"6254\" data-end=\"6326\">\n<p data-start=\"6256\" data-end=\"6326\">Vhodn\u00e9 pre \u0161t\u00fadie na <strong data-start=\"6283\" data-end=\"6323\">dopaminergn\u00e9 a noradrenergn\u00e9 syst\u00e9my<\/strong>.<\/p>\n<\/li>\n<li data-start=\"6327\" data-end=\"6396\">\n<p data-start=\"6329\" data-end=\"6396\">Pou\u017eite\u013en\u00e9 v <strong data-start=\"6343\" data-end=\"6383\">kognit\u00edvne, behavior\u00e1lne a neurochemick\u00e9<\/strong> v\u00fdskum.<\/p>\n<\/li>\n<li data-start=\"6397\" data-end=\"6464\">\n<p data-start=\"6399\" data-end=\"6464\">Ponuky <strong data-start=\"6405\" data-end=\"6461\">stabiln\u00e9, predv\u00eddate\u013en\u00e9 farmakologick\u00e9 vlastnosti<\/strong>.<\/p>\n<\/li>\n<li data-start=\"6465\" data-end=\"6535\">\n<p data-start=\"6467\" data-end=\"6535\">Ide\u00e1lne pre <strong data-start=\"6479\" data-end=\"6532\">akademick\u00fd, forenzn\u00fd a farmaceutick\u00fd v\u00fdskum<\/strong>4 stupne za hodinu<\/p>\n<\/li>\n<\/ul>\n<hr data-start=\"6537\" data-end=\"6540\" \/>\n<h3 data-start=\"6542\" data-end=\"6557\"><strong data-start=\"6546\" data-end=\"6557\">Pou\u017eitie<\/strong><\/h3>\n<p data-start=\"6558\" data-end=\"6809\">The <strong data-start=\"6561\" data-end=\"6590\">Krabi\u010dka RC+ Fluor 4F-MPH 30 mg<\/strong> je ur\u010den\u00fd v\u00fdhradne pre <strong data-start=\"6619\" data-end=\"6660\">v\u00fdskumn\u00e9 a analytick\u00e9 \u00fa\u010dely<\/strong>V\u00fdskumn\u00edci by mali pou\u017e\u00edva\u0165 <strong data-start=\"6703\" data-end=\"6730\">ochrann\u00e9 vybavenie<\/strong> (rukavice, ochrann\u00e9 okuliare, laborat\u00f3rny pl\u00e1\u0161\u0165) a <strong data-start=\"6772\" data-end=\"6806\">kalibrovan\u00e9 meracie pr\u00edstroje<\/strong>.<\/p>\n<ul data-start=\"6810\" data-end=\"7034\">\n<li data-start=\"6810\" data-end=\"6868\">\n<p data-start=\"6812\" data-end=\"6868\">Ulo\u017ei\u0165 pod <strong data-start=\"6826\" data-end=\"6834\">25 \u00b0C<\/strong> na <strong data-start=\"6842\" data-end=\"6865\">chladnom a suchom mieste<\/strong>.<\/p>\n<\/li>\n<li data-start=\"6869\" data-end=\"6916\">\n<p data-start=\"6871\" data-end=\"6916\">Chr\u00e1\u0148te pred <strong data-start=\"6888\" data-end=\"6913\">svetlo, vzduch a vlhkos\u0165<\/strong>.<\/p>\n<\/li>\n<li data-start=\"6917\" data-end=\"7034\">\n<p data-start=\"6919\" data-end=\"7034\">Pou\u017e\u00edvajte iba v r\u00e1mci <strong data-start=\"6947\" data-end=\"6986\">kontrolovan\u00e9 laborat\u00f3rne prostredie<\/strong> v s\u00falade s platn\u00fdmi bezpe\u010dnostn\u00fdmi predpismi.<\/p>\n<\/li>\n<\/ul>\n<hr data-start=\"7036\" data-end=\"7039\" \/>\n<h3 data-start=\"7041\" data-end=\"7070\"><strong data-start=\"7045\" data-end=\"7070\">Bezpe\u010dnostn\u00e9 inform\u00e1cie<\/strong><\/h3>\n<ul data-start=\"7071\" data-end=\"7288\">\n<li data-start=\"7071\" data-end=\"7111\">\n<p data-start=\"7073\" data-end=\"7111\">Len pre <strong data-start=\"7085\" data-end=\"7108\">laborat\u00f3rne pou\u017eitie<\/strong>.<\/p>\n<\/li>\n<li data-start=\"7112\" data-end=\"7174\">\n<p data-start=\"7114\" data-end=\"7174\"><strong data-start=\"7114\" data-end=\"7171\">Nie je vhodn\u00e9 na \u013eudsk\u00fa ani zvieraciu konzum\u00e1ciu<\/strong>.<\/p>\n<\/li>\n<li data-start=\"7175\" data-end=\"7230\">\n<p data-start=\"7177\" data-end=\"7230\">V\u017edy pou\u017e\u00edvajte <strong data-start=\"7192\" data-end=\"7227\">\u0161tandardn\u00e9 bezpe\u010dnostn\u00e9 vybavenie<\/strong>.<\/p>\n<\/li>\n<li data-start=\"7231\" data-end=\"7288\">\n<p data-start=\"7233\" data-end=\"7288\">Mimo dosahu <strong data-start=\"7251\" data-end=\"7278\">deti a neopr\u00e1vnen\u00e9 osoby<\/strong> udr\u017ea\u0165.<\/p>\n<\/li>\n<\/ul>\n<hr data-start=\"7290\" data-end=\"7293\" \/>\n<h3 data-start=\"7295\" data-end=\"7328\"><strong data-start=\"7299\" data-end=\"7328\">\u010casto kladen\u00e9 ot\u00e1zky (FAQ)<\/strong><\/h3>\n<p data-start=\"7330\" data-end=\"7519\"><strong data-start=\"7330\" data-end=\"7387\">1. Na \u010do sa pou\u017e\u00edva balenie RC+ Fluor 4F-MPH 30 mg?<\/strong><br data-start=\"7387\" data-end=\"7390\" \/>Pou\u017e\u00edva sa v <strong data-start=\"7412\" data-end=\"7437\">laborat\u00f3rny v\u00fdskum<\/strong> Nepr\u00edjemn\u00e9 <strong data-start=\"7443\" data-end=\"7486\">transport\u00e9ry dopam\u00ednu a norepinefr\u00ednu<\/strong> a farmakodynamiku stimulantov.<\/p>\n<p data-start=\"7521\" data-end=\"7714\"><strong data-start=\"7521\" data-end=\"7576\">2. Je tento produkt podobn\u00fd metylfenid\u00e1tu?<\/strong><br data-start=\"7576\" data-end=\"7579\" \/>\u00c1no, 4F-MPH je <strong data-start=\"7597\" data-end=\"7640\">flu\u00f3rovan\u00fd variant metylfenid\u00e1tu<\/strong>, \u0161tudoval pre jeho <strong data-start=\"7666\" data-end=\"7713\">vy\u0161\u0161ia stabilita a selektivita receptorov<\/strong>.<\/p>\n<p data-start=\"7716\" data-end=\"7875\"><strong data-start=\"7716\" data-end=\"7751\">3. Ako by sa mal skladova\u0165?<\/strong><br data-start=\"7751\" data-end=\"7754\" \/>U\u0161etrite na <strong data-start=\"7768\" data-end=\"7800\">chladnom, suchom a tmavom mieste<\/strong>, najlep\u0161ie v <strong data-start=\"7821\" data-end=\"7845\">origin\u00e1lne balenie<\/strong> na zachovanie \u010distoty.<\/p>\n<hr data-start=\"7877\" data-end=\"7880\" \/>\n<h3 data-start=\"7882\" data-end=\"7899\"><strong data-start=\"7886\" data-end=\"7899\">Z\u00e1ver<\/strong><\/h3>\n<p data-start=\"7900\" data-end=\"8251\">The <strong data-start=\"7903\" data-end=\"7932\">Krabi\u010dka RC+ Fluor 4F-MPH 30 mg<\/strong> je <strong data-start=\"7940\" data-end=\"7974\">spo\u013eahliv\u00e1 v\u00fdskumn\u00e1 zl\u00fa\u010denina<\/strong> pre vedcov, ktor\u00ed sa zameriavaj\u00fa na <strong data-start=\"8015\" data-end=\"8095\">farmakol\u00f3gia stimulantov, kognit\u00edvne funkcie a neurochemick\u00e9 procesy<\/strong>V\u010faka <strong data-start=\"8108\" data-end=\"8171\">vysok\u00e1 \u010distota, presn\u00e9 d\u00e1vkovanie a bezpe\u010dn\u00e9 balenie<\/strong> Tento produkt je ide\u00e1lny pre konzistentn\u00fd a reprodukovate\u013en\u00fd laborat\u00f3rny v\u00fdskum.<\/p>","protected":false},"excerpt":{"rendered":"<p>\u00davod RC+ Fluor 4F-MPH 30mg Box je vysoko \u010dist\u00e1 v\u00fdskumn\u00e1 l\u00e1tka zo skupiny stimulantov piperid\u00ednu, ktor\u00e1 je \u00fazko pr\u00edbuzn\u00e1 s metylfenid\u00e1tom (Ritalin). Chemik\u00e1lia<\/p>","protected":false},"featured_media":20577,"comment_status":"closed","ping_status":"closed","template":"","meta":[],"product_brand":[],"product_cat":[555],"product_tag":[571,326],"class_list":{"0":"post-24190","1":"product","2":"type-product","3":"status-publish","4":"has-post-thumbnail","6":"product_cat-b2b","7":"product_tag-4f-mph","8":"product_tag-nl","10":"first","11":"instock","12":"taxable","13":"shipping-taxable","14":"purchasable","15":"product-type-variable"},"_links":{"self":[{"href":"https:\/\/onderzoekschemicals.com\/sk\/wp-json\/wp\/v2\/product\/24190","targetHints":{"allow":["GET"]}}],"collection":[{"href":"https:\/\/onderzoekschemicals.com\/sk\/wp-json\/wp\/v2\/product"}],"about":[{"href":"https:\/\/onderzoekschemicals.com\/sk\/wp-json\/wp\/v2\/types\/product"}],"replies":[{"embeddable":true,"href":"https:\/\/onderzoekschemicals.com\/sk\/wp-json\/wp\/v2\/comments?post=24190"}],"version-history":[{"count":4,"href":"https:\/\/onderzoekschemicals.com\/sk\/wp-json\/wp\/v2\/product\/24190\/revisions"}],"predecessor-version":[{"id":27844,"href":"https:\/\/onderzoekschemicals.com\/sk\/wp-json\/wp\/v2\/product\/24190\/revisions\/27844"}],"wp:featuredmedia":[{"embeddable":true,"href":"https:\/\/onderzoekschemicals.com\/sk\/wp-json\/wp\/v2\/media\/20577"}],"wp:attachment":[{"href":"https:\/\/onderzoekschemicals.com\/sk\/wp-json\/wp\/v2\/media?parent=24190"}],"wp:term":[{"taxonomy":"product_brand","embeddable":true,"href":"https:\/\/onderzoekschemicals.com\/sk\/wp-json\/wp\/v2\/product_brand?post=24190"},{"taxonomy":"product_cat","embeddable":true,"href":"https:\/\/onderzoekschemicals.com\/sk\/wp-json\/wp\/v2\/product_cat?post=24190"},{"taxonomy":"product_tag","embeddable":true,"href":"https:\/\/onderzoekschemicals.com\/sk\/wp-json\/wp\/v2\/product_tag?post=24190"}],"curies":[{"name":"pracovn\u00fd list","href":"https:\/\/api.w.org\/{rel}","templated":true}]}}