{"id":24188,"date":"2025-04-13T17:41:13","date_gmt":"2025-04-13T17:41:13","guid":{"rendered":"https:\/\/onderzoekschemicals.com\/?post_type=product&#038;p=24188"},"modified":"2025-10-12T20:39:18","modified_gmt":"2025-10-12T20:39:18","slug":"deschloroetizolam-5mg-box","status":"publish","type":"product","link":"https:\/\/onderzoekschemicals.com\/sk\/shop\/b2b\/deschloroetizolam-5mg-box\/","title":{"rendered":"Krabi\u010dka RC+ DeschloroEtizolam 5 mg"},"content":{"rendered":"<h3 data-start=\"4306\" data-end=\"4325\"><strong data-start=\"4310\" data-end=\"4325\">\u00davod<\/strong><\/h3>\n<p data-start=\"4326\" data-end=\"4829\">The <strong data-start=\"4329\" data-end=\"4362\">Krabi\u010dka RC+ DeschloroEtizolam 5 mg<\/strong> je <strong data-start=\"4370\" data-end=\"4403\">vysoko \u010dist\u00e1 v\u00fdskumn\u00e1 zl\u00fa\u010denina<\/strong> z <strong data-start=\"4411\" data-end=\"4437\">rodina tienodiazep\u00ednov<\/strong>, \u0161truktur\u00e1lne pr\u00edbuzn\u00fd s Etizolamom, ale bez at\u00f3mu chl\u00f3ru. Vyvinut\u00fd pre <strong data-start=\"4517\" data-end=\"4570\">laborat\u00f3rny v\u00fdskum a analytick\u00e9 aplik\u00e1cie<\/strong>Tento produkt pon\u00faka konzistentn\u00fa kvalitu a stabilitu pre pokro\u010dil\u00e9 neurofarmakologick\u00e9 experimenty. Ka\u017ed\u00e1 5 mg tableta je presne formulovan\u00e1 pod\u013ea modern\u00fdch vedeck\u00fdch \u0161tandardov, \u010do zabezpe\u010duje spo\u013eahliv\u00e9 v\u00fdsledky v r\u00f4znych v\u00fdskumn\u00fdch modeloch.<\/p>\n<hr data-start=\"4831\" data-end=\"4834\" \/>\n<h3 data-start=\"4836\" data-end=\"4867\"><strong data-start=\"4840\" data-end=\"4867\">K\u013e\u00fa\u010dov\u00e9 vlastnosti<\/strong><\/h3>\n<ul data-start=\"4868\" data-end=\"5516\">\n<li data-start=\"4868\" data-end=\"4996\">\n<p data-start=\"4870\" data-end=\"4996\"><strong data-start=\"4870\" data-end=\"4897\">\u010cistota a presnos\u0165:<\/strong> Ka\u017ed\u00e1 tableta obsahuje <strong data-start=\"4916\" data-end=\"4941\">5 mg deschl\u00f3retizolamu<\/strong>, vyroben\u00e9 pod\u013ea najvy\u0161\u0161\u00edch analytick\u00fdch \u0161tandardov.<\/p>\n<\/li>\n<li data-start=\"4997\" data-end=\"5145\">\n<p data-start=\"4999\" data-end=\"5145\"><strong data-start=\"4999\" data-end=\"5025\">Laborat\u00f3rna kvalita:<\/strong> Len na v\u00fdhradn\u00e9 pou\u017eitie <strong data-start=\"5051\" data-end=\"5092\">v\u00fdskumn\u00e9 a analytick\u00e9 \u00fa\u010dely<\/strong>; nie je vhodn\u00e9 na pou\u017eitie u \u013eud\u00ed ani u zvierat.<\/p>\n<\/li>\n<li data-start=\"5146\" data-end=\"5264\">\n<p data-start=\"5148\" data-end=\"5264\"><strong data-start=\"5148\" data-end=\"5171\">Bezpe\u010dn\u00e9 balenie:<\/strong> Doru\u010den\u00e9 v <strong data-start=\"5188\" data-end=\"5224\">uzavret\u00e1, vlhkuvzdorn\u00e1 krabica<\/strong> na zachovanie chemickej integrity.<\/p>\n<\/li>\n<li data-start=\"5265\" data-end=\"5391\">\n<p data-start=\"5267\" data-end=\"5391\"><strong data-start=\"5267\" data-end=\"5300\">Overen\u00e1 pravos\u0165:<\/strong> Jasn\u00e9 ozna\u010denie, \u010d\u00edslo \u0161ar\u017ee a laborat\u00f3rne upozornenia pre sledovate\u013enos\u0165.<\/p>\n<\/li>\n<li data-start=\"5392\" data-end=\"5516\">\n<p data-start=\"5394\" data-end=\"5516\"><strong data-start=\"5394\" data-end=\"5422\">Kon\u0161tantn\u00e9 zlo\u017eenie:<\/strong> Vyroben\u00e9 pod pr\u00edsnou kontrolou kvality pre spo\u013eahliv\u00e9 d\u00e1vkovanie a stabilitu.<\/p>\n<\/li>\n<\/ul>\n<hr data-start=\"5518\" data-end=\"5521\" \/>\n<h3 data-start=\"5523\" data-end=\"5540\"><strong data-start=\"5527\" data-end=\"5540\">V\u00fdhody<\/strong><\/h3>\n<ul data-start=\"5541\" data-end=\"5942\">\n<li data-start=\"5541\" data-end=\"5619\">\n<p data-start=\"5543\" data-end=\"5619\">Vhodn\u00e9 pre <strong data-start=\"5557\" data-end=\"5583\">kontrolovan\u00e9 \u0161t\u00fadie<\/strong> interakci\u00ed GABAergn\u00fdch receptorov.<\/p>\n<\/li>\n<li data-start=\"5620\" data-end=\"5690\">\n<p data-start=\"5622\" data-end=\"5690\">Pou\u017eite\u013en\u00e9 v <strong data-start=\"5636\" data-end=\"5677\">behavior\u00e1lne, kognit\u00edvne a neurochemick\u00e9<\/strong> v\u00fdskum.<\/p>\n<\/li>\n<li data-start=\"5691\" data-end=\"5779\">\n<p data-start=\"5693\" data-end=\"5779\">Pon\u00faka <strong data-start=\"5703\" data-end=\"5738\">stabiln\u00fd a predv\u00eddate\u013en\u00fd profil<\/strong> pre porovn\u00e1vacie testy s Etizolamom.<\/p>\n<\/li>\n<li data-start=\"5780\" data-end=\"5870\">\n<p data-start=\"5782\" data-end=\"5870\">Podporuje <strong data-start=\"5794\" data-end=\"5832\">akademick\u00fd a analytick\u00fd v\u00fdskum<\/strong> v neurovede a farmakol\u00f3gii.<\/p>\n<\/li>\n<li data-start=\"5871\" data-end=\"5942\">\n<p data-start=\"5873\" data-end=\"5942\">Zabezpe\u010duje <strong data-start=\"5884\" data-end=\"5919\">spo\u013eahliv\u00e1 reprodukovate\u013enos\u0165<\/strong> medzi experimentmi.<\/p>\n<\/li>\n<\/ul>\n<hr data-start=\"5944\" data-end=\"5947\" \/>\n<h3 data-start=\"5949\" data-end=\"5964\"><strong data-start=\"5953\" data-end=\"5964\">Pou\u017eitie<\/strong><\/h3>\n<p data-start=\"5965\" data-end=\"6389\">The <strong data-start=\"5968\" data-end=\"6001\">Krabi\u010dka RC+ DeschloroEtizolam 5 mg<\/strong> je ur\u010den\u00fd v\u00fdhradne pre <strong data-start=\"6030\" data-end=\"6054\">v\u00fdskumn\u00e9 \u00fa\u010dely<\/strong>V\u00fdskumn\u00edci by mali s produktom manipulova\u0165 <strong data-start=\"6104\" data-end=\"6131\">ochrann\u00e9 vybavenie<\/strong> (rukavice, ochrann\u00e9 okuliare, laborat\u00f3rny pl\u00e1\u0161\u0165) a zmerajte s <strong data-start=\"6197\" data-end=\"6227\">kalibrovan\u00e9 pr\u00edstroje<\/strong>Ulo\u017ei\u0165 do <strong data-start=\"6243\" data-end=\"6277\">chladnom, suchom a tmavom mieste<\/strong>, najlep\u0161ie pod <strong data-start=\"6298\" data-end=\"6306\">25 \u00b0C<\/strong>Pre zaistenie stability sa vyh\u00fdbajte vystaveniu slne\u010dn\u00e9mu \u017eiareniu, vlhkosti alebo vzduchu.<\/p>\n<hr data-start=\"6391\" data-end=\"6394\" \/>\n<h3 data-start=\"6396\" data-end=\"6425\"><strong data-start=\"6400\" data-end=\"6425\">Bezpe\u010dnostn\u00e9 inform\u00e1cie<\/strong><\/h3>\n<ul data-start=\"6426\" data-end=\"6625\">\n<li data-start=\"6426\" data-end=\"6466\">\n<p data-start=\"6428\" data-end=\"6466\">Len pre <strong data-start=\"6440\" data-end=\"6463\">laborat\u00f3rne pou\u017eitie<\/strong>.<\/p>\n<\/li>\n<li data-start=\"6467\" data-end=\"6507\">\n<p data-start=\"6469\" data-end=\"6507\"><strong data-start=\"6469\" data-end=\"6504\">Nie na \u013eudsk\u00fa spotrebu<\/strong>.<\/p>\n<\/li>\n<li data-start=\"6508\" data-end=\"6567\">\n<p data-start=\"6510\" data-end=\"6567\">Zaobch\u00e1dzajte pod\u013ea <strong data-start=\"6529\" data-end=\"6564\">miestne bezpe\u010dnostn\u00e9 predpisy<\/strong>.<\/p>\n<\/li>\n<li data-start=\"6568\" data-end=\"6625\">\n<p data-start=\"6570\" data-end=\"6625\">Mimo dosahu <strong data-start=\"6588\" data-end=\"6615\">deti a neopr\u00e1vnen\u00e9 osoby<\/strong> udr\u017ea\u0165.<\/p>\n<\/li>\n<\/ul>\n<hr data-start=\"6627\" data-end=\"6630\" \/>\n<h3 data-start=\"6632\" data-end=\"6665\"><strong data-start=\"6636\" data-end=\"6665\">\u010casto kladen\u00e9 ot\u00e1zky (FAQ)<\/strong><\/h3>\n<p data-start=\"6667\" data-end=\"6871\"><strong data-start=\"6667\" data-end=\"6728\">1. Na \u010do sa pou\u017e\u00edva RC+ DeschloroEtizolam 5 mg Box?<\/strong><br data-start=\"6728\" data-end=\"6731\" \/>Pou\u017e\u00edva sa na <strong data-start=\"6755\" data-end=\"6793\">v\u00fdskumn\u00e9 a analytick\u00e9 aplik\u00e1cie<\/strong>, najm\u00e4 v \u0161t\u00fadii aktivity receptora GABA-A a behavior\u00e1lnej farmakol\u00f3gie.<\/p>\n<p data-start=\"6873\" data-end=\"7060\"><strong data-start=\"6873\" data-end=\"6927\">2. Je tento produkt vhodn\u00fd na pou\u017eitie u \u013eud\u00ed?<\/strong><br data-start=\"6927\" data-end=\"6930\" \/>Nie. Tento produkt je <strong data-start=\"6950\" data-end=\"7000\">ur\u010den\u00e9 len na laborat\u00f3rny v\u00fdskum<\/strong> a <strong data-start=\"7004\" data-end=\"7059\">nie je schv\u00e1len\u00e9 na pou\u017eitie u \u013eud\u00ed ani u zvierat<\/strong>.<\/p>\n<p data-start=\"7062\" data-end=\"7233\"><strong data-start=\"7062\" data-end=\"7105\">3. Ako by sa mal produkt skladova\u0165?<\/strong><br data-start=\"7105\" data-end=\"7108\" \/>U\u0161etrite na <strong data-start=\"7122\" data-end=\"7156\">chladnom, suchom a tmavom mieste<\/strong>, chr\u00e1nen\u00e9 pred slne\u010dn\u00fdm \u017eiaren\u00edm a vlhkos\u0165ou, aby sa zachovala chemick\u00e1 stabilita.<\/p>\n<hr data-start=\"7235\" data-end=\"7238\" \/>\n<h3 data-start=\"7240\" data-end=\"7257\"><strong data-start=\"7244\" data-end=\"7257\">Z\u00e1ver<\/strong><\/h3>\n<p data-start=\"7258\" data-end=\"7591\">The <strong data-start=\"7261\" data-end=\"7294\">Krabi\u010dka RC+ DeschloroEtizolam 5 mg<\/strong> je <strong data-start=\"7302\" data-end=\"7341\">spo\u013eahliv\u00e1 vo\u013eba pre v\u00fdskumn\u00edkov<\/strong> Pre t\u00fdch, ktor\u00ed h\u013eadaj\u00fa konzistentn\u00fa a overen\u00fa tienodiazep\u00ednov\u00fa zl\u00fa\u010deninu. Jeho overen\u00e1 \u010distota, presn\u00e9 zlo\u017eenie a profesion\u00e1lne balenie robia z tohto produktu ide\u00e1lny produkt. <strong data-start=\"7530\" data-end=\"7590\">neurofarmakologick\u00fd a behavior\u00e1lny vedeck\u00fd v\u00fdskum<\/strong>.<\/p>","protected":false},"excerpt":{"rendered":"<p>Introductie De RC+ DeschloroEtizolam 5mg Box is een hoogzuiver onderzoekscompound uit de thienodiazepinefamilie, structureel verwant aan Etizolam maar zonder het<\/p>","protected":false},"featured_media":20766,"comment_status":"closed","ping_status":"closed","template":"","meta":[],"product_brand":[82],"product_cat":[555],"product_tag":[166,168,169,170,167,326],"class_list":{"0":"post-24188","1":"product","2":"type-product","3":"status-publish","4":"has-post-thumbnail","6":"product_brand-research-chemical","7":"product_cat-b2b","8":"product_tag-deschloroetizolam","9":"product_tag-deschloroetizolam-ervaring","10":"product_tag-deschloroetizolam-ervaringen","11":"product_tag-deschloroetizolam-half-life","12":"product_tag-deschloroetizolam-werking","13":"product_tag-nl","15":"first","16":"instock","17":"taxable","18":"shipping-taxable","19":"purchasable","20":"product-type-variable"},"_links":{"self":[{"href":"https:\/\/onderzoekschemicals.com\/sk\/wp-json\/wp\/v2\/product\/24188","targetHints":{"allow":["GET"]}}],"collection":[{"href":"https:\/\/onderzoekschemicals.com\/sk\/wp-json\/wp\/v2\/product"}],"about":[{"href":"https:\/\/onderzoekschemicals.com\/sk\/wp-json\/wp\/v2\/types\/product"}],"replies":[{"embeddable":true,"href":"https:\/\/onderzoekschemicals.com\/sk\/wp-json\/wp\/v2\/comments?post=24188"}],"version-history":[{"count":4,"href":"https:\/\/onderzoekschemicals.com\/sk\/wp-json\/wp\/v2\/product\/24188\/revisions"}],"predecessor-version":[{"id":27842,"href":"https:\/\/onderzoekschemicals.com\/sk\/wp-json\/wp\/v2\/product\/24188\/revisions\/27842"}],"wp:featuredmedia":[{"embeddable":true,"href":"https:\/\/onderzoekschemicals.com\/sk\/wp-json\/wp\/v2\/media\/20766"}],"wp:attachment":[{"href":"https:\/\/onderzoekschemicals.com\/sk\/wp-json\/wp\/v2\/media?parent=24188"}],"wp:term":[{"taxonomy":"product_brand","embeddable":true,"href":"https:\/\/onderzoekschemicals.com\/sk\/wp-json\/wp\/v2\/product_brand?post=24188"},{"taxonomy":"product_cat","embeddable":true,"href":"https:\/\/onderzoekschemicals.com\/sk\/wp-json\/wp\/v2\/product_cat?post=24188"},{"taxonomy":"product_tag","embeddable":true,"href":"https:\/\/onderzoekschemicals.com\/sk\/wp-json\/wp\/v2\/product_tag?post=24188"}],"curies":[{"name":"pracovn\u00fd list","href":"https:\/\/api.w.org\/{rel}","templated":true}]}}