{"id":24154,"date":"2025-04-13T17:41:09","date_gmt":"2025-04-13T17:41:09","guid":{"rendered":"https:\/\/onderzoekschemicals.com\/?post_type=product&#038;p=24154"},"modified":"2025-10-12T20:57:52","modified_gmt":"2025-10-12T20:57:52","slug":"green-mandala","status":"publish","type":"product","link":"https:\/\/onderzoekschemicals.com\/sk\/shop\/b2b\/green-mandala\/","title":{"rendered":"Zelen\u00e1 mandala"},"content":{"rendered":"<h3 data-start=\"4598\" data-end=\"4617\"><strong data-start=\"4602\" data-end=\"4617\">\u00davod<\/strong><\/h3>\n<p data-start=\"4618\" data-end=\"4961\">The <strong data-start=\"4621\" data-end=\"4638\">Zelen\u00e1 mandala<\/strong> symbolizuje <strong data-start=\"4652\" data-end=\"4687\">obnova, uzdravenie a rovnov\u00e1ha<\/strong>a prin\u00e1\u0161a telo, myse\u013e a du\u0161u do harm\u00f3nie prostredn\u00edctvom upokojuj\u00facej sily zelenej. Mandaly, poch\u00e1dzaj\u00face zo staroveku <strong data-start=\"4802\" data-end=\"4848\">Hinduistick\u00e9 a budhistick\u00e9 trad\u00edcie<\/strong>, sa u\u017e st\u00e1ro\u010dia pou\u017e\u00edvaj\u00fa ako duchovn\u00e9 n\u00e1stroje na s\u00fastredenie energie a obnovenie rovnov\u00e1hy. K\u00fapi\u0165 4 fma<\/p>\n<p data-start=\"4963\" data-end=\"5283\">Zelen\u00e1, farba pr\u00edrody a \u017eivota, predstavuje <strong data-start=\"5018\" data-end=\"5060\">rast, s\u00facit a emocion\u00e1lne zotavenie<\/strong>V kombin\u00e1cii s posv\u00e4tnou geometriou mandaly to tvor\u00ed siln\u00fd symbol <strong data-start=\"5151\" data-end=\"5198\">vn\u00fatorn\u00fd pokoj, obnova a v\u0161\u00edmavos\u0165<\/strong>Ten\/T\u00e1\/To <strong data-start=\"5203\" data-end=\"5220\">Zelen\u00e1 mandala<\/strong> premen\u00ed ka\u017ed\u00fa miestnos\u0165 na <strong data-start=\"5250\" data-end=\"5282\">o\u00e1za pokoja a mieru<\/strong>.<\/p>\n<hr data-start=\"5285\" data-end=\"5288\" \/>\n<h3 data-start=\"5290\" data-end=\"5321\"><strong data-start=\"5294\" data-end=\"5321\">K\u013e\u00fa\u010dov\u00e9 vlastnosti<\/strong><\/h3>\n<ul data-start=\"5322\" data-end=\"5849\">\n<li data-start=\"5322\" data-end=\"5424\">\n<p data-start=\"5324\" data-end=\"5424\"><strong data-start=\"5324\" data-end=\"5351\">Upokojuj\u00faca zelen\u00e1 paleta:<\/strong> Vytvoren\u00e9 s bohat\u00fdmi zelen\u00fdmi t\u00f3nmi, ktor\u00e9 podporuj\u00fa pokoj, rovnov\u00e1hu a lie\u010denie.<\/p>\n<\/li>\n<li data-start=\"5425\" data-end=\"5551\">\n<p data-start=\"5427\" data-end=\"5551\"><strong data-start=\"5427\" data-end=\"5450\">Symbolick\u00fd dizajn:<\/strong> Predstavuje <strong data-start=\"5471\" data-end=\"5495\">Srdcov\u00e1 \u010dakra (Anahata)<\/strong> \u2013 centrum l\u00e1sky, s\u00facitu a prepojenia.<\/p>\n<\/li>\n<li data-start=\"5552\" data-end=\"5658\">\n<p data-start=\"5554\" data-end=\"5658\"><strong data-start=\"5554\" data-end=\"5573\">Vysok\u00e1 kvalita:<\/strong> Dostupn\u00e9 ako <strong data-start=\"5591\" data-end=\"5623\">pl\u00e1tno, plag\u00e1t alebo gobel\u00edn<\/strong> so \u017eiariv\u00fdmi, dlhotrvaj\u00facimi farbami.<\/p>\n<\/li>\n<li data-start=\"5659\" data-end=\"5761\">\n<p data-start=\"5661\" data-end=\"5761\"><strong data-start=\"5661\" data-end=\"5685\">Zlo\u017eit\u00e1 geometria:<\/strong> Na z\u00e1klade tradi\u010dn\u00e9ho mandalov\u00e9ho umenia, symbolu jednoty a harm\u00f3nie.<\/p>\n<\/li>\n<li data-start=\"5762\" data-end=\"5849\">\n<p data-start=\"5764\" data-end=\"5849\"><strong data-start=\"5764\" data-end=\"5786\">V\u0161estrann\u00fd dizajn:<\/strong> Perfektne sa hod\u00ed do oboch <strong data-start=\"5809\" data-end=\"5846\">modern\u00e9 a duchovn\u00e9 interi\u00e9ry<\/strong>.<\/p>\n<\/li>\n<\/ul>\n<hr data-start=\"5851\" data-end=\"5854\" \/>\n<h3 data-start=\"5856\" data-end=\"5873\"><strong data-start=\"5860\" data-end=\"5873\">V\u00fdhody<\/strong><\/h3>\n<ul data-start=\"5874\" data-end=\"6332\">\n<li data-start=\"5874\" data-end=\"5993\">\n<p data-start=\"5876\" data-end=\"5993\"><strong data-start=\"5876\" data-end=\"5909\">Podporuje lie\u010denie a rovnov\u00e1hu:<\/strong> Zelen\u00e1 pom\u00e1ha <strong data-start=\"5922\" data-end=\"5960\">obnovi\u0165 emocion\u00e1lnu rovnov\u00e1hu<\/strong> a vytvori\u0165 si vn\u00fatorn\u00fd pokoj.<\/p>\n<\/li>\n<li data-start=\"5994\" data-end=\"6073\">\n<p data-start=\"5996\" data-end=\"6073\"><strong data-start=\"5996\" data-end=\"6026\">Podporuje srdcov\u00fa \u010dakru:<\/strong> Zosilnen\u00e9 <strong data-start=\"6037\" data-end=\"6070\">l\u00e1ska, empatia a s\u00facit<\/strong>.<\/p>\n<\/li>\n<li data-start=\"6074\" data-end=\"6153\">\n<p data-start=\"6076\" data-end=\"6153\"><strong data-start=\"6076\" data-end=\"6103\">Stimuluje v\u0161\u00edmavos\u0165:<\/strong> Ide\u00e1lne pre <strong data-start=\"6116\" data-end=\"6150\">joga, medit\u00e1cia alebo relax\u00e1cia<\/strong>.<\/p>\n<\/li>\n<li data-start=\"6154\" data-end=\"6243\">\n<p data-start=\"6156\" data-end=\"6243\"><strong data-start=\"6156\" data-end=\"6178\">Zni\u017euje stres:<\/strong> Pr\u00edrodn\u00e9 farby evokuj\u00fa pocit pokoja a mieru.<\/p>\n<\/li>\n<li data-start=\"6244\" data-end=\"6332\">\n<p data-start=\"6246\" data-end=\"6332\"><strong data-start=\"6246\" data-end=\"6270\">Vylep\u0161en\u00fd interi\u00e9r:<\/strong> Dod\u00e1va ka\u017edej miestnosti <strong data-start=\"6293\" data-end=\"6329\">pokojn\u00fd a \u0161t\u00fdlov\u00fd vzh\u013ead<\/strong>.<\/p>\n<\/li>\n<\/ul>\n<hr data-start=\"6334\" data-end=\"6337\" \/>\n<h3 data-start=\"6339\" data-end=\"6354\"><strong data-start=\"6343\" data-end=\"6354\">Pou\u017eitie<\/strong><\/h3>\n<ol data-start=\"6355\" data-end=\"6774\">\n<li data-start=\"6355\" data-end=\"6461\">\n<p data-start=\"6358\" data-end=\"6461\"><strong data-start=\"6358\" data-end=\"6380\">Ako dekor\u00e1cia na stenu:<\/strong> Zaveste <strong data-start=\"6389\" data-end=\"6406\">Zelen\u00e1 mandala<\/strong> v sp\u00e1l\u0148ach, \u0161t\u00fadi\u00e1ch jogy alebo relaxa\u010dn\u00fdch priestoroch.<\/p>\n<\/li>\n<li data-start=\"6462\" data-end=\"6581\">\n<p data-start=\"6465\" data-end=\"6581\"><strong data-start=\"6465\" data-end=\"6484\">Pre medit\u00e1ciu:<\/strong> Zamerajte svoj poh\u013ead na stred mandaly a zhlboka d\u00fdchajte, zatia\u013e \u010do si vizualizujete zelen\u00fa energiu.<\/p>\n<\/li>\n<li data-start=\"6582\" data-end=\"6679\">\n<p data-start=\"6585\" data-end=\"6679\"><strong data-start=\"6585\" data-end=\"6602\">Po\u010das jogy:<\/strong> Pou\u017eite mandalu ako bod zaostrenia na zlep\u0161enie koncentr\u00e1cie a uzemnenia.<\/p>\n<\/li>\n<li data-start=\"6680\" data-end=\"6774\">\n<p data-start=\"6683\" data-end=\"6774\"><strong data-start=\"6683\" data-end=\"6698\">Ako dar\u010dek:<\/strong> Zmyslupln\u00fd dar\u010dek, ktor\u00fd <strong data-start=\"6729\" data-end=\"6758\">l\u00e1ska, rast a harm\u00f3nia<\/strong> symbolizuje. K\u00fapte si 4 fma<\/p>\n<\/li>\n<\/ol>\n<hr data-start=\"6776\" data-end=\"6779\" \/>\n<h3 data-start=\"6781\" data-end=\"6814\"><strong data-start=\"6785\" data-end=\"6814\">\u010casto kladen\u00e9 ot\u00e1zky (FAQ)<\/strong><\/h3>\n<p data-start=\"6816\" data-end=\"6992\"><strong data-start=\"6816\" data-end=\"6857\">1. \u010co symbolizuje Zelen\u00e1 mandala?<\/strong><br data-start=\"6857\" data-end=\"6860\" \/>The <strong data-start=\"6863\" data-end=\"6880\">Zelen\u00e1 mandala<\/strong> znamen\u00e1 <strong data-start=\"6892\" data-end=\"6930\">lie\u010denie, s\u00facit, rast a rovnov\u00e1ha<\/strong>a pom\u00e1ha zosil\u0148ova\u0165 energiu pr\u00edrody a srdca.<\/p>\n<p data-start=\"6994\" data-end=\"7166\"><strong data-start=\"6994\" data-end=\"7053\">2. D\u00e1 sa Zelen\u00e1 mandala pou\u017ei\u0165 na medit\u00e1ciu?<\/strong><br data-start=\"7053\" data-end=\"7056\" \/>\u00c1no, je to siln\u00fd n\u00e1stroj na <strong data-start=\"7096\" data-end=\"7128\">v\u0161\u00edmavos\u0165 a rovnov\u00e1ha \u010dakier<\/strong>, zameran\u00fd najm\u00e4 na <strong data-start=\"7151\" data-end=\"7165\">Srdcov\u00e1 \u010dakra<\/strong>.<\/p>\n<p data-start=\"7168\" data-end=\"7355\"><strong data-start=\"7168\" data-end=\"7228\">3. Je Zelen\u00e1 mandala vhodn\u00e1 na dekor\u00e1ciu interi\u00e9ru?<\/strong><br data-start=\"7228\" data-end=\"7231\" \/>Ur\u010dite. Pokojn\u00e9 zelen\u00e9 t\u00f3ny a symetrick\u00e9 tvary ho robia ide\u00e1lnym na <strong data-start=\"7310\" data-end=\"7354\">domy, \u0161t\u00fadi\u00e1 jogy a wellness centr\u00e1<\/strong>.<\/p>\n<hr data-start=\"7357\" data-end=\"7360\" \/>\n<h3 data-start=\"7362\" data-end=\"7379\"><strong data-start=\"7366\" data-end=\"7379\">Z\u00e1ver<\/strong><\/h3>\n<p data-start=\"7380\" data-end=\"7678\">The <strong data-start=\"7383\" data-end=\"7400\">Zelen\u00e1 mandala<\/strong> je viac ne\u017e len umeleck\u00e9 dielo \u2013 je to <strong data-start=\"7440\" data-end=\"7489\">symbol mieru, l\u00e1sky a duchovn\u00e9ho rastu<\/strong>Svojimi prirodzen\u00fdmi zelen\u00fdmi t\u00f3nmi a posv\u00e4tnou geometriou prin\u00e1\u0161a <strong data-start=\"7555\" data-end=\"7581\">pokoj, rovnov\u00e1ha a uzdravenie<\/strong> v ka\u017edej miestnosti. Ide\u00e1lne pre ka\u017ed\u00e9ho, kto <strong data-start=\"7624\" data-end=\"7651\">harm\u00f3nia a v\u0161\u00edmavos\u0165<\/strong> chce prinies\u0165 do svojho \u017eivota.<\/p>\n<p><a href=\"https:\/\/onderzoekschemicals.com\/sk\/shop\/lysergamides\/1cp-lsd-150-mcg\/\"><span dir=\"auto\" style=\"vertical-align: inherit;\"><span dir=\"auto\" style=\"vertical-align: inherit;\">Umeleck\u00e9 pijavice 1cP-LSD 150 MCG <\/span><\/span><\/a><a href=\"https:\/\/onderzoekschemicals.com\/sk\/shop\/pellets\/o-dsmt-50mg-pellets\/\"><span dir=\"auto\" style=\"vertical-align: inherit;\"><span dir=\"auto\" style=\"vertical-align: inherit;\">O-DSMT 50 mg pelety <\/span><\/span><\/a><a href=\"https:\/\/onderzoekschemicals.com\/sk\/shop\/lysergamides\/1v-lsd-150-mcg-blotters\/\"><span dir=\"auto\" style=\"vertical-align: inherit;\"><span dir=\"auto\" style=\"vertical-align: inherit;\">1V-LSD 150 MCG pijavice <\/span><\/span><\/a><a href=\"https:\/\/onderzoekschemicals.com\/sk\/shop\/cathinonen\/2-cmc-kopen\/\"><span dir=\"auto\" style=\"vertical-align: inherit;\"><span dir=\"auto\" style=\"vertical-align: inherit;\">2-CMC 250 mg pelety <\/span><\/span><\/a><a href=\"https:\/\/onderzoekschemicals.com\/sk\/shop\/fenethylamine\/2c-ef-2mg-capsules\/\"><span dir=\"auto\" style=\"vertical-align: inherit;\"><span dir=\"auto\" style=\"vertical-align: inherit;\">2C-EF 2 mg kapsuly<\/span><\/span><\/a><\/p>","protected":false},"excerpt":{"rendered":"<p>Introductie De Green Mandala symboliseert vernieuwing, genezing en balans, en brengt lichaam, geest en ziel in harmonie door de rustgevende<\/p>","protected":false},"featured_media":20763,"comment_status":"closed","ping_status":"closed","template":"","meta":[],"product_brand":[],"product_cat":[555],"product_tag":[629,644,326],"class_list":{"0":"post-24154","1":"product","2":"type-product","3":"status-publish","4":"has-post-thumbnail","6":"product_cat-b2b","7":"product_tag-4-fma-kopen","8":"product_tag-4-fma","9":"product_tag-nl","11":"first","12":"instock","13":"taxable","14":"shipping-taxable","15":"purchasable","16":"product-type-variable"},"_links":{"self":[{"href":"https:\/\/onderzoekschemicals.com\/sk\/wp-json\/wp\/v2\/product\/24154","targetHints":{"allow":["GET"]}}],"collection":[{"href":"https:\/\/onderzoekschemicals.com\/sk\/wp-json\/wp\/v2\/product"}],"about":[{"href":"https:\/\/onderzoekschemicals.com\/sk\/wp-json\/wp\/v2\/types\/product"}],"replies":[{"embeddable":true,"href":"https:\/\/onderzoekschemicals.com\/sk\/wp-json\/wp\/v2\/comments?post=24154"}],"version-history":[{"count":4,"href":"https:\/\/onderzoekschemicals.com\/sk\/wp-json\/wp\/v2\/product\/24154\/revisions"}],"predecessor-version":[{"id":27848,"href":"https:\/\/onderzoekschemicals.com\/sk\/wp-json\/wp\/v2\/product\/24154\/revisions\/27848"}],"wp:featuredmedia":[{"embeddable":true,"href":"https:\/\/onderzoekschemicals.com\/sk\/wp-json\/wp\/v2\/media\/20763"}],"wp:attachment":[{"href":"https:\/\/onderzoekschemicals.com\/sk\/wp-json\/wp\/v2\/media?parent=24154"}],"wp:term":[{"taxonomy":"product_brand","embeddable":true,"href":"https:\/\/onderzoekschemicals.com\/sk\/wp-json\/wp\/v2\/product_brand?post=24154"},{"taxonomy":"product_cat","embeddable":true,"href":"https:\/\/onderzoekschemicals.com\/sk\/wp-json\/wp\/v2\/product_cat?post=24154"},{"taxonomy":"product_tag","embeddable":true,"href":"https:\/\/onderzoekschemicals.com\/sk\/wp-json\/wp\/v2\/product_tag?post=24154"}],"curies":[{"name":"pracovn\u00fd list","href":"https:\/\/api.w.org\/{rel}","templated":true}]}}