{"id":24142,"date":"2025-04-13T17:41:08","date_gmt":"2025-04-13T17:41:08","guid":{"rendered":"https:\/\/onderzoekschemicals.com\/?post_type=product&#038;p=24142"},"modified":"2025-10-13T10:33:18","modified_gmt":"2025-10-13T10:33:18","slug":"chem-mist-1cp-lsd-spray","status":"publish","type":"product","link":"https:\/\/onderzoekschemicals.com\/sk\/shop\/b2b\/chem-mist-1cp-lsd-spray\/","title":{"rendered":"Chemick\u00e1 hmla 1cP-LSD sprej"},"content":{"rendered":"<h3 data-start=\"3361\" data-end=\"3382\"><strong data-start=\"3365\" data-end=\"3380\">\u00davod<\/strong><\/h3>\n<p data-start=\"3383\" data-end=\"3872\">Sprej Chem-mist 1cP-LSD je <strong data-start=\"3414\" data-end=\"3451\">profesion\u00e1lne v\u00fdskumn\u00e9 rie\u0161enie<\/strong> \u017ee <strong data-start=\"3456\" data-end=\"3490\">1-cyklopropionyl-LSD (1cP-LSD)<\/strong> obsahuje stabilizovan\u00fd vodn\u00fd sprej. Ur\u010den\u00e9 pre <strong data-start=\"3551\" data-end=\"3594\">kontrolovan\u00e9 laborat\u00f3rne aplik\u00e1cie<\/strong>, rob\u00ed to <strong data-start=\"3606\" data-end=\"3649\">presn\u00e9 a reprodukovate\u013en\u00e9 d\u00e1vkovanie<\/strong> Mo\u017en\u00e9 vo vedeck\u00fdch a analytick\u00fdch experimentoch. Sprejov\u00fd form\u00e1t pon\u00faka konzistentn\u00e9 mikrod\u00e1vkovanie, vynikaj\u00facu stabilitu a zni\u017euje riziko kontamin\u00e1cie.<br data-start=\"3817\" data-end=\"3820\" \/><em data-start=\"3820\" data-end=\"3872\">(Nie je ur\u010den\u00e9 na pou\u017eitie u \u013eud\u00ed ani zvierat.) Sprej Chem-mist 1cP-LSD<\/em><\/p>\n<hr data-start=\"3874\" data-end=\"3877\" \/>\n<h3 data-start=\"3879\" data-end=\"3916\"><strong data-start=\"3883\" data-end=\"3914\">K\u013e\u00fa\u010dov\u00e9 vlastnosti<\/strong><\/h3>\n<ul data-start=\"3917\" data-end=\"4332\">\n<li data-start=\"3917\" data-end=\"4004\">\n<p data-start=\"3919\" data-end=\"4004\"><strong data-start=\"3919\" data-end=\"3945\">Vysok\u00e1 \u010distota (\u226597%)<\/strong> \u2013 Kvalita na v\u00fdskumnej \u00farovni pre spo\u013eahliv\u00e9 v\u00fdsledky<\/p>\n<\/li>\n<li data-start=\"4005\" data-end=\"4080\">\n<p data-start=\"4007\" data-end=\"4080\"><strong data-start=\"4007\" data-end=\"4036\">Konzistentn\u00e9 mikrod\u00e1vkovanie<\/strong> \u2013 Ka\u017ed\u00fd sprej dod\u00e1va fixn\u00e9 mno\u017estvo<\/p>\n<\/li>\n<li data-start=\"4081\" data-end=\"4177\">\n<p data-start=\"4083\" data-end=\"4177\"><strong data-start=\"4083\" data-end=\"4110\">Stabilizovan\u00fd vzorec<\/strong> \u2013 Obsahuje tlmiv\u00e9 l\u00e1tky a konzerva\u010dn\u00e9 l\u00e1tky pre dlh\u00fa trvanlivos\u0165<\/p>\n<\/li>\n<li data-start=\"4178\" data-end=\"4248\">\n<p data-start=\"4180\" data-end=\"4248\"><strong data-start=\"4180\" data-end=\"4201\">Bezpe\u010dn\u00e9 a kompaktn\u00e9<\/strong> \u2013 Zni\u017euje riziko rozliatia alebo vystavenia sa riziku<\/p>\n<\/li>\n<li data-start=\"4249\" data-end=\"4332\">\n<p data-start=\"4251\" data-end=\"4332\"><strong data-start=\"4251\" data-end=\"4278\">Jasne ozna\u010den\u00e9<\/strong> \u2013 \u201eLen na v\u00fdskum\u201c v s\u00falade s bezpe\u010dnostn\u00fdmi normami<\/p>\n<\/li>\n<\/ul>\n<hr data-start=\"4334\" data-end=\"4337\" \/>\n<h3 data-start=\"4339\" data-end=\"4358\"><strong data-start=\"4343\" data-end=\"4356\">V\u00fdhody<\/strong><\/h3>\n<p data-start=\"4359\" data-end=\"4697\">\u2705 <strong data-start=\"4361\" data-end=\"4382\">Presn\u00e9 d\u00e1vkovanie<\/strong> \u2013 Spo\u013eahliv\u00e1 reprodukovate\u013enos\u0165 medzi meraniami<br data-start=\"4432\" data-end=\"4435\" \/>\u2705 <strong data-start=\"4437\" data-end=\"4458\">Efekt\u00edvne vyu\u017eitie<\/strong> \u2013 Pripraven\u00e9 na priame laborat\u00f3rne pou\u017eitie<br data-start=\"4498\" data-end=\"4501\" \/>\u2705 <strong data-start=\"4503\" data-end=\"4523\">\u010cist\u00e9 a bezpe\u010dn\u00e9<\/strong> \u2013 Uzavret\u00fd syst\u00e9m obmedzuje kontamin\u00e1ciu<br data-start=\"4561\" data-end=\"4564\" \/>\u2705 <strong data-start=\"4566\" data-end=\"4594\">Spo\u013eahliv\u00e1 konzistencia<\/strong> \u2013 Ka\u017ed\u00fd sprej m\u00e1 rovnomern\u00fd v\u00fdstup<br data-start=\"4633\" data-end=\"4636\" \/>\u2705 <strong data-start=\"4638\" data-end=\"4660\">Dlh\u00e1 trvanlivos\u0165<\/strong> \u2013 Pri spr\u00e1vnom skladovan\u00ed zost\u00e1va stabiln\u00fd<\/p>\n<hr data-start=\"4699\" data-end=\"4702\" \/>\n<h3 data-start=\"4704\" data-end=\"4756\"><strong data-start=\"4708\" data-end=\"4754\">Pou\u017eitie (len na v\u00fdskumn\u00e9 \u00fa\u010dely)<\/strong><\/h3>\n<blockquote data-start=\"4757\" data-end=\"4873\">\n<p data-start=\"4759\" data-end=\"4873\">\u26a0\ufe0f <strong data-start=\"4762\" data-end=\"4777\">D\u00f4le\u017eit\u00e9:<\/strong> Len na pou\u017eitie v laborat\u00f3rnom alebo v\u00fdskumnom prostred\u00ed s pou\u017eit\u00edm osobn\u00fdch ochrann\u00fdch prostriedkov a bezpe\u010dnostn\u00fdch opatren\u00ed.<\/p>\n<\/blockquote>\n<ol data-start=\"4875\" data-end=\"5135\">\n<li data-start=\"4875\" data-end=\"4932\">\n<p data-start=\"4878\" data-end=\"4932\">Pred prv\u00fdm pou\u017eit\u00edm jemne pretrepte a napl\u0148te trysku.<\/p>\n<\/li>\n<li data-start=\"4933\" data-end=\"4988\">\n<p data-start=\"4936\" data-end=\"4988\">Striekajte z pevne stanovenej vzdialenosti pod\u013ea v\u00fdskumn\u00e9ho protokolu.<\/p>\n<\/li>\n<li data-start=\"4989\" data-end=\"5059\">\n<p data-start=\"4992\" data-end=\"5059\">Dobre zatvorte a skladujte vo zvislej polohe vo <strong data-start=\"5031\" data-end=\"5056\">chladnom, tmavom mieste<\/strong>.<\/p>\n<\/li>\n<li data-start=\"5060\" data-end=\"5135\">\n<p data-start=\"5063\" data-end=\"5135\">Zabr\u00e1\u0148te kontaktu s poko\u017ekou alebo o\u010dami; pozrite si kartu bezpe\u010dnostn\u00fdch \u00fadajov (SDS).<\/p>\n<\/li>\n<\/ol>\n<hr data-start=\"5137\" data-end=\"5140\" \/>\n<h3 data-start=\"5142\" data-end=\"5177\"><strong data-start=\"5146\" data-end=\"5175\">\u010casto kladen\u00e9 ot\u00e1zky (FAQ)<\/strong><\/h3>\n<p data-start=\"5179\" data-end=\"5423\"><strong data-start=\"5179\" data-end=\"5201\">1. \u010co je 1cP-LSD?<\/strong><br data-start=\"5201\" data-end=\"5204\" \/>1cP-LSD (1-cyklopropionyl-LSD) je anal\u00f3g lysergamidu pou\u017e\u00edvan\u00fd vo v\u00fdskume. V niektor\u00fdch biologick\u00fdch syst\u00e9moch sa m\u00f4\u017ee premeni\u0165 na LSD, v\u010faka \u010domu je u\u017eito\u010dn\u00fd pre farmakologick\u00e9 porovn\u00e1vacie \u0161t\u00fadie.<\/p>\n<p data-start=\"5425\" data-end=\"5614\"><strong data-start=\"5425\" data-end=\"5491\">2. Je sprej Chem-mist 1cP-LSD vhodn\u00fd na pou\u017eitie u \u013eud\u00ed?<\/strong><br data-start=\"5491\" data-end=\"5494\" \/>Nie \u2013 tento produkt je <strong data-start=\"5515\" data-end=\"5565\">ur\u010den\u00e9 len na laborat\u00f3rny v\u00fdskum<\/strong>, nie je ur\u010den\u00e9 na \u013eudsk\u00fa alebo \u017eivo\u010d\u00ed\u0161nu spotrebu.<\/p>\n<p data-start=\"5616\" data-end=\"5787\"><strong data-start=\"5616\" data-end=\"5652\">3. Ako m\u00e1m skladova\u0165 sprej?<\/strong><br data-start=\"5652\" data-end=\"5655\" \/>Skladujte tesne uzavret\u00e9, vo zvislej polohe a mimo dosahu svetla, tepla a vlhkosti. Pri spr\u00e1vnom skladovan\u00ed zost\u00e1va sprej dlhodobo stabiln\u00fd.<\/p>","protected":false},"excerpt":{"rendered":"<p>Introductie Chem-mist 1cP-LSD Spray is een professionele onderzoeksoplossing die 1-cyclopropionyl-LSD (1cP-LSD) bevat in een gestabiliseerde waterige spray. Ontworpen voor gecontroleerde<\/p>","protected":false},"featured_media":20819,"comment_status":"closed","ping_status":"closed","template":"","meta":[],"product_brand":[],"product_cat":[555],"product_tag":[326],"class_list":{"0":"post-24142","1":"product","2":"type-product","3":"status-publish","4":"has-post-thumbnail","6":"product_cat-b2b","7":"product_tag-nl","9":"first","10":"instock","11":"taxable","12":"shipping-taxable","13":"purchasable","14":"product-type-variable"},"_links":{"self":[{"href":"https:\/\/onderzoekschemicals.com\/sk\/wp-json\/wp\/v2\/product\/24142","targetHints":{"allow":["GET"]}}],"collection":[{"href":"https:\/\/onderzoekschemicals.com\/sk\/wp-json\/wp\/v2\/product"}],"about":[{"href":"https:\/\/onderzoekschemicals.com\/sk\/wp-json\/wp\/v2\/types\/product"}],"replies":[{"embeddable":true,"href":"https:\/\/onderzoekschemicals.com\/sk\/wp-json\/wp\/v2\/comments?post=24142"}],"version-history":[{"count":3,"href":"https:\/\/onderzoekschemicals.com\/sk\/wp-json\/wp\/v2\/product\/24142\/revisions"}],"predecessor-version":[{"id":27860,"href":"https:\/\/onderzoekschemicals.com\/sk\/wp-json\/wp\/v2\/product\/24142\/revisions\/27860"}],"wp:featuredmedia":[{"embeddable":true,"href":"https:\/\/onderzoekschemicals.com\/sk\/wp-json\/wp\/v2\/media\/20819"}],"wp:attachment":[{"href":"https:\/\/onderzoekschemicals.com\/sk\/wp-json\/wp\/v2\/media?parent=24142"}],"wp:term":[{"taxonomy":"product_brand","embeddable":true,"href":"https:\/\/onderzoekschemicals.com\/sk\/wp-json\/wp\/v2\/product_brand?post=24142"},{"taxonomy":"product_cat","embeddable":true,"href":"https:\/\/onderzoekschemicals.com\/sk\/wp-json\/wp\/v2\/product_cat?post=24142"},{"taxonomy":"product_tag","embeddable":true,"href":"https:\/\/onderzoekschemicals.com\/sk\/wp-json\/wp\/v2\/product_tag?post=24142"}],"curies":[{"name":"pracovn\u00fd list","href":"https:\/\/api.w.org\/{rel}","templated":true}]}}