{"id":24140,"date":"2025-04-13T17:41:08","date_gmt":"2025-04-13T17:41:08","guid":{"rendered":"https:\/\/onderzoekschemicals.com\/?post_type=product&#038;p=24140"},"modified":"2025-10-13T10:29:52","modified_gmt":"2025-10-13T10:29:52","slug":"chem-mist-4f-mph-10-spray","status":"publish","type":"product","link":"https:\/\/onderzoekschemicals.com\/sk\/shop\/b2b\/chem-mist-4f-mph-10-spray\/","title":{"rendered":"Chemick\u00e1 hmla 4F-MPH 10% sprej"},"content":{"rendered":"<h3 data-start=\"688\" data-end=\"712\"><strong data-start=\"692\" data-end=\"712\">Preh\u013ead produktu<\/strong><\/h3>\n<p data-start=\"713\" data-end=\"1201\">Sprej Chem-mist 4F-MPH 10% je <strong data-start=\"747\" data-end=\"793\">prec\u00edzne formulovan\u00e9 v\u00fdskumn\u00e9 rie\u0161enie<\/strong> z <strong data-start=\"798\" data-end=\"833\">4-flu\u00f3rmetylfenid\u00e1t (4F-MPH)<\/strong> v koncentr\u00e1cii 10%. Ur\u010den\u00e9 pre <strong data-start=\"878\" data-end=\"925\">vedeck\u00e9 a analytick\u00e9 \u00fa\u010dely<\/strong>, pon\u00faka <strong data-start=\"941\" data-end=\"983\">kontrolovan\u00e9 a konzistentn\u00e9 d\u00e1vkovanie<\/strong> pomocou \u013eahko pou\u017eite\u013en\u00e9ho spreja \u2013 ide\u00e1lne pre laborat\u00f3ri\u00e1 vykon\u00e1vaj\u00face farmakologick\u00e9, receptorov\u00e9 alebo absorp\u010dn\u00e9 \u0161t\u00fadie. 4f mph<br data-start=\"1106\" data-end=\"1109\" \/><em data-start=\"1109\" data-end=\"1201\">(Len na v\u00fdskumn\u00e9 \u00fa\u010dely \u2013 nie je ur\u010den\u00e9 na pou\u017eitie u \u013eud\u00ed ani zvierat.)<\/em><\/p>\n<hr data-start=\"1203\" data-end=\"1206\" \/>\n<h3 data-start=\"1208\" data-end=\"1239\"><strong data-start=\"1212\" data-end=\"1239\">K\u013e\u00fa\u010dov\u00e9 vlastnosti<\/strong><\/h3>\n<ul data-start=\"1240\" data-end=\"1675\">\n<li data-start=\"1240\" data-end=\"1319\">\n<p data-start=\"1242\" data-end=\"1319\"><strong data-start=\"1242\" data-end=\"1269\">Koncentr\u00e1cia 10% 4F-MPH<\/strong> pre presn\u00e9 a kontrolovan\u00e9 experimenty<\/p>\n<\/li>\n<li data-start=\"1320\" data-end=\"1382\">\n<p data-start=\"1322\" data-end=\"1382\"><strong data-start=\"1322\" data-end=\"1350\">Pribli\u017ene 14 mg na vstrek<\/strong> (viac ako 70 streknut\u00ed na f\u013ea\u0161ti\u010dku)<\/p>\n<\/li>\n<li data-start=\"1383\" data-end=\"1456\">\n<p data-start=\"1385\" data-end=\"1456\"><strong data-start=\"1385\" data-end=\"1417\">Ar\u00f3ma m\u00e4ty piepornej \u201eFresh Focus\u201c<\/strong> pre pohodln\u00e9 laborat\u00f3rne pou\u017eitie<\/p>\n<\/li>\n<li data-start=\"1457\" data-end=\"1525\">\n<p data-start=\"1459\" data-end=\"1525\"><strong data-start=\"1459\" data-end=\"1486\">Stabilizovan\u00fd vzorec<\/strong> s E1520, NaCl a tlmiv\u00fdmi zlo\u017ekami<\/p>\n<\/li>\n<li data-start=\"1526\" data-end=\"1591\">\n<p data-start=\"1528\" data-end=\"1591\"><strong data-start=\"1528\" data-end=\"1554\">Vysok\u00e1 \u010distota (&gt; 98%)<\/strong>, potvrden\u00e9 testovan\u00edm dod\u00e1vate\u013ea<\/p>\n<\/li>\n<li data-start=\"1592\" data-end=\"1675\">\n<p data-start=\"1594\" data-end=\"1675\"><strong data-start=\"1594\" data-end=\"1627\">Len na v\u00fdskumn\u00e9 \u00fa\u010dely<\/strong> \u2013 jasne ozna\u010den\u00e9 pod\u013ea predpisov<\/p>\n<\/li>\n<\/ul>\n<hr data-start=\"1677\" data-end=\"1680\" \/>\n<h3 data-start=\"1682\" data-end=\"1699\"><strong data-start=\"1686\" data-end=\"1699\">V\u00fdhody<\/strong><\/h3>\n<p data-start=\"1700\" data-end=\"2020\">\u2705 <strong data-start=\"1702\" data-end=\"1723\">Presn\u00e9 d\u00e1vkovanie<\/strong> \u2013 Konzistentn\u00fd objem postreku pre reprodukovate\u013en\u00e9 v\u00fdsledky<br data-start=\"1786\" data-end=\"1789\" \/>\u2705 <strong data-start=\"1791\" data-end=\"1819\">Bezpe\u010dn\u00e9 a \u010dist\u00e9 pou\u017e\u00edvanie<\/strong> \u2013 \u017diadne riziko vystavenia sa pr\u00e1\u0161ku alebo kontamin\u00e1cie<br data-start=\"1868\" data-end=\"1871\" \/>\u2705 <strong data-start=\"1873\" data-end=\"1899\">Zlep\u0161en\u00e1 stabilita<\/strong> \u2013 Dlh\u00e1 trvanlivos\u0165 (a\u017e 2 roky) pri spr\u00e1vnom skladovan\u00ed<br data-start=\"1953\" data-end=\"1956\" \/>\u2705 <strong data-start=\"1958\" data-end=\"1975\">Pripraven\u00e9 na pou\u017eitie<\/strong> \u2013 Skracuje \u010das pr\u00edpravy v laborat\u00f3riu<\/p>\n<hr data-start=\"2022\" data-end=\"2025\" \/>\n<h3 data-start=\"2027\" data-end=\"2072\"><strong data-start=\"2031\" data-end=\"2072\">Pou\u017eitie (len na v\u00fdskumn\u00e9 \u00fa\u010dely)<\/strong><\/h3>\n<blockquote data-start=\"2073\" data-end=\"2198\">\n<p data-start=\"2075\" data-end=\"2198\">\u26a0\ufe0f Len na laborat\u00f3rne pou\u017eitie. Nevdychujte ani nepo\u017e\u00edvajte. V\u017edy noste OOPP (osobn\u00e9 ochrann\u00e9 prostriedky).<\/p>\n<\/blockquote>\n<ol data-start=\"2200\" data-end=\"2403\">\n<li data-start=\"2200\" data-end=\"2263\">\n<p data-start=\"2203\" data-end=\"2263\">Pred prv\u00fdm pou\u017eit\u00edm jemne pretrepte a napl\u0148te sprej.<\/p>\n<\/li>\n<li data-start=\"2264\" data-end=\"2331\">\n<p data-start=\"2267\" data-end=\"2331\">Striekajte z pevne stanovenej vzdialenosti pod\u013ea experiment\u00e1lneho protokolu. 4f mph<\/p>\n<\/li>\n<li data-start=\"2332\" data-end=\"2403\">\n<p data-start=\"2335\" data-end=\"2403\">Dobre zatvorte a skladujte vo zvislej polohe vo <strong data-start=\"2375\" data-end=\"2400\">chladnom, tmavom mieste<\/strong>.<\/p>\n<\/li>\n<\/ol>\n<hr data-start=\"2405\" data-end=\"2408\" \/>\n<h3 data-start=\"2410\" data-end=\"2443\"><strong data-start=\"2414\" data-end=\"2443\">\u010casto kladen\u00e9 ot\u00e1zky (FAQ)<\/strong><\/h3>\n<p data-start=\"2445\" data-end=\"2533\"><strong data-start=\"2445\" data-end=\"2484\">1. Ko\u013eko 4F-MPH obsahuje ka\u017ed\u00fd vstrek?<\/strong><br data-start=\"2484\" data-end=\"2487\" \/>Ka\u017ed\u00fd strek dod\u00e1 pribli\u017ene <strong data-start=\"2514\" data-end=\"2523\">14 mg<\/strong> 4F-MPH.<\/p>\n<p data-start=\"2535\" data-end=\"2719\"><strong data-start=\"2535\" data-end=\"2589\">2. Je tento produkt vhodn\u00fd na pou\u017eitie u \u013eud\u00ed?<\/strong><br data-start=\"2589\" data-end=\"2592\" \/>Nie \u2013 tento produkt je <strong data-start=\"2613\" data-end=\"2660\">len na vedeck\u00fd v\u00fdskum<\/strong> a nie je ur\u010den\u00e9 na \u013eudsk\u00fa ani zvieraciu spotrebu.<\/p>\n<p data-start=\"2721\" data-end=\"2856\"><strong data-start=\"2721\" data-end=\"2764\">3. Ako sa m\u00e1 sprej skladova\u0165?<\/strong><br data-start=\"2764\" data-end=\"2767\" \/>Skladujte tesne uzavret\u00e9, vo zvislej polohe a mimo dosahu priameho slne\u010dn\u00e9ho \u017eiarenia. <strong data-start=\"2830\" data-end=\"2853\">chladnom a suchom mieste<\/strong>.<\/p>","protected":false},"excerpt":{"rendered":"<p>Preh\u013ead produktu Sprej Chem-mist 4F-MPH 10% je presne vyvinut\u00fd v\u00fdskumn\u00fd roztok obsahuj\u00faci 4-flu\u00f3rmetylfenid\u00e1t (4F-MPH) v koncentr\u00e1cii 10%. Ur\u010den\u00fd na vedeck\u00e9 \u00fa\u010dely.<\/p>","protected":false},"featured_media":20679,"comment_status":"closed","ping_status":"closed","template":"","meta":[],"product_brand":[],"product_cat":[555],"product_tag":[571,326],"class_list":{"0":"post-24140","1":"product","2":"type-product","3":"status-publish","4":"has-post-thumbnail","6":"product_cat-b2b","7":"product_tag-4f-mph","8":"product_tag-nl","10":"first","11":"instock","12":"taxable","13":"shipping-taxable","14":"purchasable","15":"product-type-variable"},"_links":{"self":[{"href":"https:\/\/onderzoekschemicals.com\/sk\/wp-json\/wp\/v2\/product\/24140","targetHints":{"allow":["GET"]}}],"collection":[{"href":"https:\/\/onderzoekschemicals.com\/sk\/wp-json\/wp\/v2\/product"}],"about":[{"href":"https:\/\/onderzoekschemicals.com\/sk\/wp-json\/wp\/v2\/types\/product"}],"replies":[{"embeddable":true,"href":"https:\/\/onderzoekschemicals.com\/sk\/wp-json\/wp\/v2\/comments?post=24140"}],"version-history":[{"count":4,"href":"https:\/\/onderzoekschemicals.com\/sk\/wp-json\/wp\/v2\/product\/24140\/revisions"}],"predecessor-version":[{"id":27857,"href":"https:\/\/onderzoekschemicals.com\/sk\/wp-json\/wp\/v2\/product\/24140\/revisions\/27857"}],"wp:featuredmedia":[{"embeddable":true,"href":"https:\/\/onderzoekschemicals.com\/sk\/wp-json\/wp\/v2\/media\/20679"}],"wp:attachment":[{"href":"https:\/\/onderzoekschemicals.com\/sk\/wp-json\/wp\/v2\/media?parent=24140"}],"wp:term":[{"taxonomy":"product_brand","embeddable":true,"href":"https:\/\/onderzoekschemicals.com\/sk\/wp-json\/wp\/v2\/product_brand?post=24140"},{"taxonomy":"product_cat","embeddable":true,"href":"https:\/\/onderzoekschemicals.com\/sk\/wp-json\/wp\/v2\/product_cat?post=24140"},{"taxonomy":"product_tag","embeddable":true,"href":"https:\/\/onderzoekschemicals.com\/sk\/wp-json\/wp\/v2\/product_tag?post=24140"}],"curies":[{"name":"pracovn\u00fd list","href":"https:\/\/api.w.org\/{rel}","templated":true}]}}