{"id":24111,"date":"2025-04-13T17:41:04","date_gmt":"2025-04-13T17:41:04","guid":{"rendered":"https:\/\/onderzoekschemicals.com\/?post_type=product&#038;p=24111"},"modified":"2025-10-14T07:59:11","modified_gmt":"2025-10-14T07:59:11","slug":"2-fea-3-fea","status":"publish","type":"product","link":"https:\/\/onderzoekschemicals.com\/sk\/shop\/b2b\/2-fea-3-fea\/","title":{"rendered":"Blister RC+ Newphoria"},"content":{"rendered":"<h3 data-start=\"5056\" data-end=\"5077\"><strong data-start=\"5060\" data-end=\"5075\">\u00davod<\/strong><\/h3>\n<p data-start=\"5078\" data-end=\"5387\">The <strong data-start=\"5081\" data-end=\"5106\">Blister RC+ Newphoria<\/strong> je vysoko kvalitn\u00fd <strong data-start=\"5127\" data-end=\"5152\">formul\u00e1cia v\u00fdskumu<\/strong>, \u0161peci\u00e1lne vyvinut\u00fd pre profesion\u00e1lny laborat\u00f3rny a analytick\u00fd v\u00fdskum. Ka\u017ed\u00fd blister obsahuje <strong data-start=\"5251\" data-end=\"5288\">10 jednotlivo uzavret\u00fdch peliet<\/strong>, ur\u010den\u00fd pre <strong data-start=\"5305\" data-end=\"5384\">presn\u00e9 d\u00e1vkovanie, konzistentn\u00e9 v\u00fdsledky a manipul\u00e1cia bez kontamin\u00e1cie<\/strong>2. 3.<\/p>\n<p data-start=\"5389\" data-end=\"5687\">S kontrolovanou kombin\u00e1ciou <strong data-start=\"5427\" data-end=\"5477\">2-FEA a 3-FEA (izom\u00e9ry flu\u00f3retamfetam\u00ednu)<\/strong> je tento produkt ide\u00e1lny pre <strong data-start=\"5505\" data-end=\"5567\">farmakologick\u00fd, receptorov\u00fd a analytick\u00fd chemick\u00fd v\u00fdskum<\/strong>Blistrov\u00e9 balenie zaru\u010duje <strong data-start=\"5601\" data-end=\"5651\">stabilita, sledovate\u013enos\u0165 a bezpe\u010dn\u00e9 skladovanie<\/strong> v laborat\u00f3rnych podmienkach.<\/p>\n<p data-start=\"5689\" data-end=\"5804\"><em data-start=\"5689\" data-end=\"5804\">(Tento produkt je ur\u010den\u00fd len na v\u00fdskumn\u00e9 \u00fa\u010dely. Nie je vhodn\u00fd na pou\u017eitie u \u013eud\u00ed ani zvierat.)<\/em><\/p>\n<hr data-start=\"5806\" data-end=\"5809\" \/>\n<h3 data-start=\"5811\" data-end=\"5844\"><strong data-start=\"5815\" data-end=\"5842\">K\u013e\u00fa\u010dov\u00e9 vlastnosti<\/strong><\/h3>\n<ul data-start=\"5845\" data-end=\"6426\">\n<li data-start=\"5845\" data-end=\"5952\">\n<p data-start=\"5847\" data-end=\"5952\"><strong data-start=\"5847\" data-end=\"5873\">Zlo\u017eenie 2\/3-FEA:<\/strong> Obsahuje kontrolovan\u00fa zmes 2-FEA a 3-FEA pre porovn\u00e1vac\u00ed v\u00fdskum.<\/p>\n<\/li>\n<li data-start=\"5953\" data-end=\"6043\">\n<p data-start=\"5955\" data-end=\"6043\"><strong data-start=\"5955\" data-end=\"5982\">Vysok\u00e1 \u010distota (\u226598%):<\/strong> Laborat\u00f3rna kvalita potvrden\u00e1 anal\u00fdzou dod\u00e1vate\u013ea.<\/p>\n<\/li>\n<li data-start=\"6044\" data-end=\"6149\">\n<p data-start=\"6046\" data-end=\"6149\"><strong data-start=\"6046\" data-end=\"6084\">10 jednotlivo zataven\u00fdch peliet:<\/strong> Ka\u017ed\u00e1 peleta je jednotlivo zabalen\u00e1 pre maxim\u00e1lnu integritu.<\/p>\n<\/li>\n<li data-start=\"6150\" data-end=\"6238\">\n<p data-start=\"6152\" data-end=\"6238\"><strong data-start=\"6152\" data-end=\"6174\">Blistrov\u00e9 balenie:<\/strong> \u013dahko sa s n\u00edm manipuluje a chr\u00e1ni pred environment\u00e1lnymi faktormi.<\/p>\n<\/li>\n<li data-start=\"6239\" data-end=\"6341\">\n<p data-start=\"6241\" data-end=\"6341\"><strong data-start=\"6241\" data-end=\"6273\">Sledovate\u013enos\u0165 \u0161ar\u017ee a d\u00e1vky:<\/strong> Ka\u017ed\u00fd bal\u00edk obsahuje jedine\u010dn\u00e9 identifika\u010dn\u00e9 \u010d\u00edslo na \u00fa\u010dely dokument\u00e1cie.<\/p>\n<\/li>\n<li data-start=\"6342\" data-end=\"6426\">\n<p data-start=\"6344\" data-end=\"6426\"><strong data-start=\"6344\" data-end=\"6375\">Konzistentn\u00fd tvar a hmotnos\u0165:<\/strong> Zabezpe\u010duje reprodukovate\u013en\u00e9 v\u00fdsledky v\u00fdskumu.<\/p>\n<\/li>\n<\/ul>\n<hr data-start=\"6428\" data-end=\"6431\" \/>\n<h3 data-start=\"6433\" data-end=\"6481\"><strong data-start=\"6437\" data-end=\"6479\">V\u00fdhody (pre laborat\u00f3rny v\u00fdskum)<\/strong><\/h3>\n<p data-start=\"6482\" data-end=\"6577\">\u2705 <strong data-start=\"6484\" data-end=\"6514\">Presnos\u0165 a spo\u013eahlivos\u0165<\/strong> \u2013 Ka\u017ed\u00e1 peleta dod\u00e1va presn\u00fa d\u00e1vku pre konzistentn\u00e9 \u00fadaje.<\/p>\n<p data-start=\"6579\" data-end=\"6668\">\u2705 <strong data-start=\"6581\" data-end=\"6606\">Zv\u00fd\u0161en\u00e1 bezpe\u010dnos\u0165<\/strong> \u2013 Individu\u00e1lne balenie zabra\u0148uje kontamin\u00e1cii a degrad\u00e1cii.<\/p>\n<p data-start=\"6670\" data-end=\"6764\">\u2705 <strong data-start=\"6672\" data-end=\"6698\">R\u00fdchlej\u0161ie pracovn\u00e9 procesy<\/strong> \u2013 Pripraven\u00e9 na pou\u017eitie, nevy\u017eaduje sa v\u00e1\u017eenie ani \u010fal\u0161ia pr\u00edprava.<\/p>\n<p data-start=\"6766\" data-end=\"6851\">\u2705 <strong data-start=\"6768\" data-end=\"6790\">Dlh\u00e1 trvanlivos\u0165<\/strong> \u2013 Ochrann\u00e9 balenie zachov\u00e1va \u010distotu a stabilitu.<\/p>\n<p data-start=\"6853\" data-end=\"6959\">\u2705 <strong data-start=\"6855\" data-end=\"6882\">Jednoduch\u00e1 dokument\u00e1cia<\/strong> \u2013 K\u00f3dy \u0161ar\u017e\u00ed umo\u017e\u0148uj\u00fa jednoduch\u00fa sledovate\u013enos\u0165 a kontrolu kvality.<\/p>\n<hr data-start=\"6961\" data-end=\"6964\" \/>\n<h3 data-start=\"6966\" data-end=\"7018\"><strong data-start=\"6970\" data-end=\"7016\">Pou\u017eitie (len na v\u00fdskumn\u00e9 \u00fa\u010dely)<\/strong><\/h3>\n<blockquote data-start=\"7019\" data-end=\"7204\">\n<p data-start=\"7021\" data-end=\"7204\">\u26a0\ufe0f <strong data-start=\"7024\" data-end=\"7039\">D\u00f4le\u017eit\u00e9:<\/strong> RC+ Newphoria Blister je ur\u010den\u00fd len na vedeck\u00fd a analytick\u00fd v\u00fdskum. V\u017edy noste osobn\u00e9 ochrann\u00e9 prostriedky a dodr\u017eiavajte bezpe\u010dnostn\u00e9 pokyny v laborat\u00f3riu.<\/p>\n<\/blockquote>\n<ol data-start=\"7206\" data-end=\"7975\">\n<li data-start=\"7206\" data-end=\"7322\">\n<p data-start=\"7209\" data-end=\"7224\"><strong data-start=\"7209\" data-end=\"7222\">In\u0161pekcia<\/strong><\/p>\n<ul data-start=\"7228\" data-end=\"7322\">\n<li data-start=\"7228\" data-end=\"7276\">\n<p data-start=\"7230\" data-end=\"7276\">Skontrolujte balenie a \u010d\u00edslo \u0161ar\u017ee.<\/p>\n<\/li>\n<li data-start=\"7280\" data-end=\"7322\">\n<p data-start=\"7282\" data-end=\"7322\">Uistite sa, \u017ee pelety nie s\u00fa po\u0161koden\u00e9.<\/p>\n<\/li>\n<\/ul>\n<\/li>\n<li data-start=\"7324\" data-end=\"7463\">\n<p data-start=\"7327\" data-end=\"7351\"><strong data-start=\"7327\" data-end=\"7349\">Odstr\u00e1nenie peliet<\/strong><\/p>\n<ul data-start=\"7355\" data-end=\"7463\">\n<li data-start=\"7355\" data-end=\"7428\">\n<p data-start=\"7357\" data-end=\"7428\">Opatrne vytla\u010dte jednu peletu z blistra pomocou steriln\u00e9ho n\u00e1stroja.<\/p>\n<\/li>\n<li data-start=\"7432\" data-end=\"7463\">\n<p data-start=\"7434\" data-end=\"7463\">Zabr\u00e1\u0148te priamemu kontaktu s poko\u017ekou.<\/p>\n<\/li>\n<\/ul>\n<\/li>\n<li data-start=\"7465\" data-end=\"7640\">\n<p data-start=\"7468\" data-end=\"7494\"><strong data-start=\"7468\" data-end=\"7492\">Pr\u00edprava vzorky<\/strong><\/p>\n<ul data-start=\"7498\" data-end=\"7640\">\n<li data-start=\"7498\" data-end=\"7594\">\n<p data-start=\"7500\" data-end=\"7594\">Peletu rozpustite vo vhodnom rozp\u00fa\u0161\u0165adle (napr. etanol, destilovan\u00e1 voda alebo tlmiv\u00fd roztok).<\/p>\n<\/li>\n<li data-start=\"7598\" data-end=\"7640\">\n<p data-start=\"7600\" data-end=\"7640\">Jemne mie\u0161ajte, k\u00fdm sa \u00faplne nerozpust\u00ed.<\/p>\n<\/li>\n<\/ul>\n<\/li>\n<li data-start=\"7642\" data-end=\"7797\">\n<p data-start=\"7645\" data-end=\"7674\"><strong data-start=\"7645\" data-end=\"7672\">Pou\u017eitie v experimentoch<\/strong><\/p>\n<ul data-start=\"7678\" data-end=\"7797\">\n<li data-start=\"7678\" data-end=\"7743\">\n<p data-start=\"7680\" data-end=\"7743\">Pou\u017eitie v analytick\u00fdch, receptorov\u00fdch alebo farmakologick\u00fdch \u0161t\u00fadi\u00e1ch.<\/p>\n<\/li>\n<li data-start=\"7747\" data-end=\"7797\">\n<p data-start=\"7749\" data-end=\"7797\">Zaznamenajte ID pelety, koncentr\u00e1ciu a objem rozpustenia.<\/p>\n<\/li>\n<\/ul>\n<\/li>\n<li data-start=\"7799\" data-end=\"7975\">\n<p data-start=\"7802\" data-end=\"7829\"><strong data-start=\"7802\" data-end=\"7827\">Skladovanie a odstra\u0148ovanie<\/strong><\/p>\n<ul data-start=\"7833\" data-end=\"7975\">\n<li data-start=\"7833\" data-end=\"7908\">\n<p data-start=\"7835\" data-end=\"7908\">Nepou\u017eit\u00e9 pelety skladujte v <strong data-start=\"7869\" data-end=\"7896\">chladnom, tmavom a suchom<\/strong> prostredie.<\/p>\n<\/li>\n<li data-start=\"7912\" data-end=\"7975\">\n<p data-start=\"7914\" data-end=\"7975\">Odpad zlikvidujte v s\u00falade s predpismi o chemickej bezpe\u010dnosti. 2 zlo\u017eky 3 zlo\u017eky<\/p>\n<\/li>\n<\/ul>\n<\/li>\n<\/ol>\n<hr data-start=\"7977\" data-end=\"7980\" \/>\n<h3 data-start=\"7982\" data-end=\"8017\"><strong data-start=\"7986\" data-end=\"8015\">\u010casto kladen\u00e9 ot\u00e1zky (FAQ)<\/strong><\/h3>\n<p data-start=\"8019\" data-end=\"8189\"><strong data-start=\"8019\" data-end=\"8058\">1. \u010co obsahuje RC+ Newphoria Blister?<\/strong><br data-start=\"8058\" data-end=\"8061\" \/>Ka\u017ed\u00fd blister obsahuje <strong data-start=\"8080\" data-end=\"8104\">10 v\u00fdskumn\u00fdch peliet<\/strong> s kombin\u00e1ciou <strong data-start=\"8128\" data-end=\"8146\">2-FEA a 3-FEA<\/strong>, len na laborat\u00f3rne testovanie.<\/p>\n<p data-start=\"8191\" data-end=\"8345\"><strong data-start=\"8191\" data-end=\"8239\">2. Ak\u00e1 je \u010distota zl\u00fa\u010den\u00edn?<\/strong><br data-start=\"8239\" data-end=\"8242\" \/>Dod\u00e1vate\u013e garantuje <strong data-start=\"8272\" data-end=\"8295\">\u010distota \u226598%<\/strong>, \u010do zais\u0165uje spo\u013eahlivos\u0165 a konzistentnos\u0165.<\/p>\n<p data-start=\"8347\" data-end=\"8559\"><strong data-start=\"8347\" data-end=\"8431\">3. M\u00f4\u017ee sa RC+ Newphoria Blister pou\u017ei\u0165 u \u013eud\u00ed alebo zvierat?<\/strong><br data-start=\"8431\" data-end=\"8434\" \/>Nie \u2013 tento produkt je <strong data-start=\"8455\" data-end=\"8504\">ur\u010den\u00e9 len na v\u00fdskumn\u00e9 \u00fa\u010dely<\/strong> a <strong data-start=\"8508\" data-end=\"8556\">nie je ur\u010den\u00e9 na \u013eudsk\u00fa ani \u017eivo\u010d\u00ed\u0161nu spotrebu<\/strong>.<\/p>","protected":false},"excerpt":{"rendered":"<p><strong>\u010c\u00edslo CAS<\/strong>: 1780004-19-4<br \/>\n<strong>Vzorec<\/strong>: C11H16FN<br \/>\n<strong>Mol\u00e1rna hmotnos\u0165<\/strong>: 181,25 g\/mol<br \/>\n<strong>\u010cistota<\/strong>: \u226598%<\/p>","protected":false},"featured_media":21160,"comment_status":"closed","ping_status":"closed","template":"","meta":[],"product_brand":[82],"product_cat":[555],"product_tag":[757,755,753,756,326],"class_list":{"0":"post-24111","1":"product","2":"type-product","3":"status-publish","4":"has-post-thumbnail","6":"product_brand-research-chemical","7":"product_cat-b2b","8":"product_tag-2-3-fea-ervaringen","9":"product_tag-2-fea-3-fea","10":"product_tag-2-3-fea-pellets","11":"product_tag-2-3-fea","12":"product_tag-nl","14":"first","15":"instock","16":"taxable","17":"shipping-taxable","18":"purchasable","19":"product-type-variable"},"_links":{"self":[{"href":"https:\/\/onderzoekschemicals.com\/sk\/wp-json\/wp\/v2\/product\/24111","targetHints":{"allow":["GET"]}}],"collection":[{"href":"https:\/\/onderzoekschemicals.com\/sk\/wp-json\/wp\/v2\/product"}],"about":[{"href":"https:\/\/onderzoekschemicals.com\/sk\/wp-json\/wp\/v2\/types\/product"}],"replies":[{"embeddable":true,"href":"https:\/\/onderzoekschemicals.com\/sk\/wp-json\/wp\/v2\/comments?post=24111"}],"version-history":[{"count":4,"href":"https:\/\/onderzoekschemicals.com\/sk\/wp-json\/wp\/v2\/product\/24111\/revisions"}],"predecessor-version":[{"id":27876,"href":"https:\/\/onderzoekschemicals.com\/sk\/wp-json\/wp\/v2\/product\/24111\/revisions\/27876"}],"wp:featuredmedia":[{"embeddable":true,"href":"https:\/\/onderzoekschemicals.com\/sk\/wp-json\/wp\/v2\/media\/21160"}],"wp:attachment":[{"href":"https:\/\/onderzoekschemicals.com\/sk\/wp-json\/wp\/v2\/media?parent=24111"}],"wp:term":[{"taxonomy":"product_brand","embeddable":true,"href":"https:\/\/onderzoekschemicals.com\/sk\/wp-json\/wp\/v2\/product_brand?post=24111"},{"taxonomy":"product_cat","embeddable":true,"href":"https:\/\/onderzoekschemicals.com\/sk\/wp-json\/wp\/v2\/product_cat?post=24111"},{"taxonomy":"product_tag","embeddable":true,"href":"https:\/\/onderzoekschemicals.com\/sk\/wp-json\/wp\/v2\/product_tag?post=24111"}],"curies":[{"name":"pracovn\u00fd list","href":"https:\/\/api.w.org\/{rel}","templated":true}]}}