{"id":24067,"date":"2025-04-13T17:40:59","date_gmt":"2025-04-13T17:40:59","guid":{"rendered":"https:\/\/onderzoekschemicals.com\/?post_type=product&#038;p=24067"},"modified":"2025-11-28T07:07:29","modified_gmt":"2025-11-28T07:07:29","slug":"1d-lsd-bestellen","status":"publish","type":"product","link":"https:\/\/onderzoekschemicals.com\/sk\/shop\/1d-lsd-225mcg-pellets\/1d-lsd-bestellen\/","title":{"rendered":"1D-LSD 225 mcg pelety"},"content":{"rendered":"<h3 data-start=\"5974\" data-end=\"5993\"><strong data-start=\"5978\" data-end=\"5993\">\u00davod<\/strong><\/h3>\n<p data-start=\"5995\" data-end=\"6298\"><strong data-start=\"5995\" data-end=\"6020\">1D-LSD 225 mcg pelety<\/strong> s\u00fa <strong data-start=\"6026\" data-end=\"6073\">v\u00fdskumn\u00e9 l\u00e1tky laborat\u00f3rnej kvality<\/strong>, ur\u010den\u00e9 pre <strong data-start=\"6088\" data-end=\"6132\">vedeck\u00fd a analytick\u00fd v\u00fdskum<\/strong>Ka\u017ed\u00e1 peleta obsahuje <strong data-start=\"6152\" data-end=\"6226\">225 mikrogramov (mcg) 1D-LSD (1-dietylamid-dietylamid kyseliny lysergovej)<\/strong>, formulovan\u00e9 pre <strong data-start=\"6246\" data-end=\"6295\">\u010distota, presnos\u0165 a chemick\u00e1 stabilita<\/strong>Objedna\u0165 1D-LSD<\/p>\n<p data-start=\"6300\" data-end=\"6583\">Pelety s\u00fa ide\u00e1lne na <strong data-start=\"6328\" data-end=\"6367\">v\u00fdskum anal\u00f3gov lysergamidu<\/strong>, <strong data-start=\"6369\" data-end=\"6388\">v\u00e4zba na receptor<\/strong> a <strong data-start=\"6392\" data-end=\"6428\">kvantitat\u00edvne chemick\u00e9 anal\u00fdzy<\/strong>S\u00fa vyroben\u00e9 pod\u013ea pr\u00edsnych <strong data-start=\"6469\" data-end=\"6493\">\u0160tandardy kvality SLP<\/strong> zabezpe\u010di\u0165 konzistentnos\u0165 a spo\u013eahlivos\u0165 v profesion\u00e1lnom v\u00fdskumnom prostred\u00ed.<\/p>\n<blockquote data-start=\"6585\" data-end=\"6723\">\n<p data-start=\"6587\" data-end=\"6723\">\u26a0\ufe0f <strong data-start=\"6590\" data-end=\"6601\">Pozn\u00e1mka:<\/strong> Tento produkt je ur\u010den\u00fd len na pou\u017eitie <strong data-start=\"6642\" data-end=\"6667\">laborat\u00f3rny v\u00fdskum<\/strong>Nie je vhodn\u00e9 na \u013eudsk\u00fa ani zvieraciu konzum\u00e1ciu.<\/p>\n<\/blockquote>\n<hr data-start=\"6725\" data-end=\"6728\" \/>\n<h3 data-start=\"6730\" data-end=\"6761\"><strong data-start=\"6734\" data-end=\"6761\">K\u013e\u00fa\u010dov\u00e9 vlastnosti<\/strong><\/h3>\n<ul data-start=\"6763\" data-end=\"7251\">\n<li data-start=\"6763\" data-end=\"6826\">\n<p data-start=\"6765\" data-end=\"6826\"><strong data-start=\"6765\" data-end=\"6787\">Presn\u00e9 d\u00e1vkovanie:<\/strong> Ka\u017ed\u00e1 peleta obsahuje <strong data-start=\"6806\" data-end=\"6823\">225 mcg 1D-LSD<\/strong>.<\/p>\n<\/li>\n<li data-start=\"6827\" data-end=\"6906\">\n<p data-start=\"6829\" data-end=\"6906\"><strong data-start=\"6829\" data-end=\"6849\">Vysok\u00e1 \u010distota:<\/strong> Laborat\u00f3rna kvalita s analytickou \u010distotou \u226599%.<\/p>\n<\/li>\n<li data-start=\"6907\" data-end=\"6994\">\n<p data-start=\"6909\" data-end=\"6994\"><strong data-start=\"6909\" data-end=\"6935\">Chemick\u00e1 stabilita:<\/strong> Ur\u010den\u00e9 na dlhodob\u00e9 skladovanie a spo\u013eahliv\u00e9 pou\u017e\u00edvanie. Objednajte si 1D-LSD<\/p>\n<\/li>\n<li data-start=\"6995\" data-end=\"7070\">\n<p data-start=\"6997\" data-end=\"7070\"><strong data-start=\"6997\" data-end=\"7024\">Konzistentn\u00e9 v\u00fdsledky:<\/strong> Opakovate\u013en\u00e9 \u00fadaje z viacer\u00fdch experimentov.<\/p>\n<\/li>\n<li data-start=\"7071\" data-end=\"7153\">\n<p data-start=\"7073\" data-end=\"7153\"><strong data-start=\"7073\" data-end=\"7096\">Bezpe\u010dn\u00e9 balenie:<\/strong> Utesnen\u00e9 a odoln\u00e9 vo\u010di vlhkosti pre maxim\u00e1lnu ochranu.<\/p>\n<\/li>\n<li data-start=\"7154\" data-end=\"7251\">\n<p data-start=\"7156\" data-end=\"7251\"><strong data-start=\"7156\" data-end=\"7186\">U\u017e\u00edvate\u013esky pr\u00edvetiv\u00fd tvar:<\/strong> Form\u00e1t peliet zabra\u0148uje kontamin\u00e1cii a u\u013eah\u010duje d\u00e1vkovanie.<\/p>\n<\/li>\n<\/ul>\n<hr data-start=\"7253\" data-end=\"7256\" \/>\n<h3 data-start=\"7258\" data-end=\"7275\"><strong data-start=\"7262\" data-end=\"7275\">V\u00fdhody<\/strong><\/h3>\n<ol data-start=\"7277\" data-end=\"7659\">\n<li data-start=\"7277\" data-end=\"7375\">\n<p data-start=\"7280\" data-end=\"7375\"><strong data-start=\"7280\" data-end=\"7317\">Presn\u00e9 v\u00fdsledky v\u00fdskumu:<\/strong> Vhodn\u00e9 pre \u0161t\u00fadie vy\u017eaduj\u00face mikrod\u00e1vkovanie.<\/p>\n<\/li>\n<li data-start=\"7376\" data-end=\"7444\">\n<p data-start=\"7379\" data-end=\"7444\"><strong data-start=\"7379\" data-end=\"7401\">Bezpe\u010dn\u00e9 pou\u017eitie:<\/strong> Men\u0161ie vystavenie v\u010faka tvaru peliet.<\/p>\n<\/li>\n<li data-start=\"7445\" data-end=\"7516\">\n<p data-start=\"7448\" data-end=\"7516\"><strong data-start=\"7448\" data-end=\"7472\">Konzistentn\u00e1 kvalita:<\/strong> Konzistentn\u00e9 zlo\u017eenie medzi jednotliv\u00fdmi d\u00e1vkami.<\/p>\n<\/li>\n<li data-start=\"7517\" data-end=\"7606\">\n<p data-start=\"7520\" data-end=\"7606\"><strong data-start=\"7520\" data-end=\"7553\">Vedecky spo\u013eahliv\u00e9:<\/strong> Vyroben\u00e9 pod\u013ea laborat\u00f3rnych \u0161tandardov kvality.<\/p>\n<\/li>\n<li data-start=\"7607\" data-end=\"7659\">\n<p data-start=\"7610\" data-end=\"7659\"><strong data-start=\"7610\" data-end=\"7628\">Dlh\u00e1 trvanlivos\u0165:<\/strong> Stabiln\u00fd pri spr\u00e1vnom skladovan\u00ed.<\/p>\n<\/li>\n<\/ol>\n<hr data-start=\"7661\" data-end=\"7664\" \/>\n<h3 data-start=\"7666\" data-end=\"7705\"><strong data-start=\"7670\" data-end=\"7705\">Pou\u017eitie (len na v\u00fdskum)<\/strong><\/h3>\n<ol data-start=\"7707\" data-end=\"8033\">\n<li data-start=\"7707\" data-end=\"7785\">\n<p data-start=\"7710\" data-end=\"7785\"><strong data-start=\"7710\" data-end=\"7742\">Noste ochrann\u00fd odev<\/strong> (rukavice, ochrann\u00e9 okuliare, laborat\u00f3rny pl\u00e1\u0161\u0165).<\/p>\n<\/li>\n<li data-start=\"7786\" data-end=\"7861\">\n<p data-start=\"7789\" data-end=\"7861\"><strong data-start=\"7789\" data-end=\"7827\">Pou\u017e\u00edvajte kalibrovan\u00e9 pr\u00edstroje<\/strong> na presn\u00e9 meranie peliet.<\/p>\n<\/li>\n<li data-start=\"7862\" data-end=\"7913\">\n<p data-start=\"7865\" data-end=\"7913\"><strong data-start=\"7865\" data-end=\"7889\">Zaznamen\u00e1vanie d\u00e1vkov\u00fdch \u00fadajov<\/strong> pre sledovate\u013enos\u0165.<\/p>\n<\/li>\n<li data-start=\"7914\" data-end=\"7973\">\n<p data-start=\"7917\" data-end=\"7973\"><strong data-start=\"7917\" data-end=\"7948\">Ulo\u017ete zvy\u0161n\u00e9 pelety<\/strong> chladnom, suchom a tmavom mieste.<\/p>\n<\/li>\n<li data-start=\"7974\" data-end=\"8033\">\n<p data-start=\"7977\" data-end=\"8033\"><strong data-start=\"7977\" data-end=\"7996\">Odstr\u00e1\u0148te odpad<\/strong> pod\u013ea laborat\u00f3rnych predpisov.<\/p>\n<\/li>\n<\/ol>\n<blockquote data-start=\"8035\" data-end=\"8142\">\n<p data-start=\"8037\" data-end=\"8142\">\u26a0\ufe0f <strong data-start=\"8040\" data-end=\"8098\">Nie je vhodn\u00e9 na \u013eudsk\u00fa ani zvieraciu konzum\u00e1ciu.<\/strong> Len pre <strong data-start=\"8111\" data-end=\"8141\">vedeck\u00fd v\u00fdskum<\/strong>.<\/p>\n<\/blockquote>\n<hr data-start=\"8144\" data-end=\"8147\" \/>\n<h3 data-start=\"8149\" data-end=\"8174\"><strong data-start=\"8153\" data-end=\"8174\">Pokyny na skladovanie<\/strong><\/h3>\n<ul data-start=\"8176\" data-end=\"8341\">\n<li data-start=\"8176\" data-end=\"8218\">\n<p data-start=\"8178\" data-end=\"8218\">Ulo\u017ei\u0165 na <strong data-start=\"8189\" data-end=\"8198\">2\u20138 \u00b0C<\/strong>, tmav\u00e9 a such\u00e9.<\/p>\n<\/li>\n<li data-start=\"8219\" data-end=\"8258\">\n<p data-start=\"8221\" data-end=\"8258\">N\u00e1dobu uchov\u00e1vajte tesne uzavret\u00fa.<\/p>\n<\/li>\n<li data-start=\"8259\" data-end=\"8298\">\n<p data-start=\"8261\" data-end=\"8298\">Zabr\u00e1\u0148te kontaktu s vlhkos\u0165ou a svetlom.<\/p>\n<\/li>\n<li data-start=\"8299\" data-end=\"8341\">\n<p data-start=\"8301\" data-end=\"8341\">Uchov\u00e1vajte mimo dosahu neopr\u00e1vnen\u00fdch os\u00f4b.<\/p>\n<\/li>\n<\/ul>\n<hr data-start=\"8343\" data-end=\"8346\" \/>\n<h3 data-start=\"8348\" data-end=\"8383\"><strong data-start=\"8352\" data-end=\"8383\">\u010casto kladen\u00e9 ot\u00e1zky (FAQ)<\/strong><\/h3>\n<p data-start=\"8385\" data-end=\"8543\"><strong data-start=\"8385\" data-end=\"8439\">1. Na \u010do sa pou\u017e\u00edvaj\u00fa pelety 1D-LSD 225mcg?<\/strong><br data-start=\"8439\" data-end=\"8442\" \/>Pre <strong data-start=\"8447\" data-end=\"8491\">vedeck\u00fd a analytick\u00fd v\u00fdskum<\/strong> na anal\u00f3gy lysergamidu a interakcie s receptormi.<\/p>\n<p data-start=\"8545\" data-end=\"8703\"><strong data-start=\"8545\" data-end=\"8595\">2. S\u00fa tieto pelety vhodn\u00e9 na konzum\u00e1ciu?<\/strong><br data-start=\"8595\" data-end=\"8598\" \/>Nie. S\u00fa. <strong data-start=\"8611\" data-end=\"8661\">ur\u010den\u00e9 len na laborat\u00f3rny v\u00fdskum<\/strong> a <strong data-start=\"8665\" data-end=\"8700\">nie na \u013eudsk\u00fa spotrebu<\/strong>.<\/p>\n<p data-start=\"8705\" data-end=\"8843\"><strong data-start=\"8705\" data-end=\"8739\">3. Ak\u00fd je najlep\u0161\u00ed sp\u00f4sob ich skladovania?<\/strong><br data-start=\"8739\" data-end=\"8742\" \/>Ulo\u017ete ich do <strong data-start=\"8759\" data-end=\"8793\">chladnom, suchom a tmavom mieste<\/strong> medzi <strong data-start=\"8801\" data-end=\"8810\">2\u20138 \u00b0C<\/strong> v dobre uzavretom obale.<\/p>\n<hr data-start=\"8845\" data-end=\"8848\" \/>\n<h3 data-start=\"8850\" data-end=\"8867\"><strong data-start=\"8854\" data-end=\"8867\">Z\u00e1ver<\/strong><\/h3>\n<p data-start=\"8869\" data-end=\"9103\"><strong data-start=\"8869\" data-end=\"8894\">1D-LSD 225 mcg pelety<\/strong> z\u00e1ruka pre <strong data-start=\"8913\" data-end=\"8962\">presnos\u0165, \u010distota a spo\u013eahlivos\u0165<\/strong>, vyvinut\u00fd pre profesion\u00e1lny analytick\u00fd v\u00fdskum. Ide\u00e1lny pre laborat\u00f3ri\u00e1, ktor\u00e9 sa usiluj\u00fa o <strong data-start=\"9058\" data-end=\"9100\">presnos\u0165 a reprodukovate\u013en\u00e9 v\u00fdsledky<\/strong>.<\/p>","protected":false},"excerpt":{"rendered":"<p>\u00davod: 1D-LSD 225mcg pelety s\u00fa v\u00fdskumn\u00e9 l\u00e1tky laborat\u00f3rnej kvality ur\u010den\u00e9 na vedeck\u00fd a analytick\u00fd v\u00fdskum. Ka\u017ed\u00e1 peleta obsahuje 225 mikrogramov (mcg)<\/p>","protected":false},"featured_media":29161,"comment_status":"closed","ping_status":"closed","template":"","meta":[],"product_brand":[],"product_cat":[362,378,358,324],"product_tag":[452,774],"class_list":{"0":"post-24067","1":"product","2":"type-product","3":"status-publish","4":"has-post-thumbnail","6":"product_cat-1d-lsd-225mcg-pellets","7":"product_cat-1d-lsd-pellets","8":"product_cat-lysergamides","9":"product_cat-pellets-for-pellet","10":"product_tag-de","11":"product_tag-lsd-bestellen","13":"first","14":"instock","15":"taxable","16":"shipping-taxable","17":"purchasable","18":"product-type-variable"},"_links":{"self":[{"href":"https:\/\/onderzoekschemicals.com\/sk\/wp-json\/wp\/v2\/product\/24067","targetHints":{"allow":["GET"]}}],"collection":[{"href":"https:\/\/onderzoekschemicals.com\/sk\/wp-json\/wp\/v2\/product"}],"about":[{"href":"https:\/\/onderzoekschemicals.com\/sk\/wp-json\/wp\/v2\/types\/product"}],"replies":[{"embeddable":true,"href":"https:\/\/onderzoekschemicals.com\/sk\/wp-json\/wp\/v2\/comments?post=24067"}],"version-history":[{"count":6,"href":"https:\/\/onderzoekschemicals.com\/sk\/wp-json\/wp\/v2\/product\/24067\/revisions"}],"predecessor-version":[{"id":27887,"href":"https:\/\/onderzoekschemicals.com\/sk\/wp-json\/wp\/v2\/product\/24067\/revisions\/27887"}],"wp:featuredmedia":[{"embeddable":true,"href":"https:\/\/onderzoekschemicals.com\/sk\/wp-json\/wp\/v2\/media\/29161"}],"wp:attachment":[{"href":"https:\/\/onderzoekschemicals.com\/sk\/wp-json\/wp\/v2\/media?parent=24067"}],"wp:term":[{"taxonomy":"product_brand","embeddable":true,"href":"https:\/\/onderzoekschemicals.com\/sk\/wp-json\/wp\/v2\/product_brand?post=24067"},{"taxonomy":"product_cat","embeddable":true,"href":"https:\/\/onderzoekschemicals.com\/sk\/wp-json\/wp\/v2\/product_cat?post=24067"},{"taxonomy":"product_tag","embeddable":true,"href":"https:\/\/onderzoekschemicals.com\/sk\/wp-json\/wp\/v2\/product_tag?post=24067"}],"curies":[{"name":"pracovn\u00fd list","href":"https:\/\/api.w.org\/{rel}","templated":true}]}}