{"id":24045,"date":"2025-10-20T11:40:56","date_gmt":"2025-10-20T11:40:56","guid":{"rendered":"https:\/\/onderzoekschemicals.com\/?post_type=product&#038;p=24045"},"modified":"2025-11-28T06:39:30","modified_gmt":"2025-11-28T06:39:30","slug":"amt-25-mg-pellets","status":"publish","type":"product","link":"https:\/\/onderzoekschemicals.com\/sk\/shop\/amt\/amt-25-mg-pellets\/","title":{"rendered":"aMT 25 mg pelety"},"content":{"rendered":"<h3 data-start=\"5705\" data-end=\"5724\"><strong data-start=\"5709\" data-end=\"5724\">\u00davod<\/strong><\/h3>\n<p data-start=\"5726\" data-end=\"6029\"><strong data-start=\"5726\" data-end=\"5746\">aMT 25mg pelety<\/strong> s\u00fa <strong data-start=\"5752\" data-end=\"5799\">v\u00fdskumn\u00e9 l\u00e1tky laborat\u00f3rnej kvality<\/strong>, vyvinut\u00fd pre <strong data-start=\"5817\" data-end=\"5861\">analytick\u00fd a vedeck\u00fd v\u00fdskum<\/strong>.<br data-start=\"5862\" data-end=\"5865\" \/>Ka\u017ed\u00e1 peleta obsahuje <strong data-start=\"5883\" data-end=\"5924\">25 miligramov \u03b1-metyltryptam\u00ednu (aMT)<\/strong> \u2013 anal\u00f3g tryptam\u00ednu, ktor\u00fd sa sk\u00fama kv\u00f4li svojmu <strong data-start=\"5984\" data-end=\"6026\">chemick\u00e9 a \u0161truktur\u00e1lne vlastnosti<\/strong>aMT 25 mg pelety<\/p>\n<p data-start=\"6031\" data-end=\"6229\">Vyroben\u00e9 pod <strong data-start=\"6050\" data-end=\"6091\">Normy GLP (spr\u00e1vna laborat\u00f3rna prax)<\/strong>, tieto pelety pon\u00fakaj\u00fa <strong data-start=\"6113\" data-end=\"6163\">presnos\u0165, stabilita a opakovate\u013enos\u0165<\/strong>, ide\u00e1lne pre <strong data-start=\"6177\" data-end=\"6226\">chemick\u00e9, analytick\u00e9 a receptorov\u00e9 \u0161t\u00fadie<\/strong>.<\/p>\n<blockquote data-start=\"6231\" data-end=\"6369\">\n<p data-start=\"6233\" data-end=\"6369\">\u26a0\ufe0f <strong data-start=\"6236\" data-end=\"6247\">Pozn\u00e1mka:<\/strong> Tento produkt je ur\u010den\u00fd len na pou\u017eitie <strong data-start=\"6288\" data-end=\"6313\">laborat\u00f3rny v\u00fdskum<\/strong>Nie je vhodn\u00e9 na \u013eudsk\u00fa ani zvieraciu konzum\u00e1ciu.<\/p>\n<\/blockquote>\n<hr data-start=\"6371\" data-end=\"6374\" \/>\n<h3 data-start=\"6376\" data-end=\"6407\"><strong data-start=\"6380\" data-end=\"6407\">K\u013e\u00fa\u010dov\u00e9 vlastnosti<\/strong><\/h3>\n<ul data-start=\"6409\" data-end=\"6891\">\n<li data-start=\"6409\" data-end=\"6486\">\n<p data-start=\"6411\" data-end=\"6486\"><strong data-start=\"6411\" data-end=\"6431\">Presn\u00e9 d\u00e1vkovanie:<\/strong> Ka\u017ed\u00e1 peleta obsahuje <strong data-start=\"6450\" data-end=\"6483\">25 mg \u03b1-metyltryptam\u00ednu (aMT)<\/strong>.<\/p>\n<\/li>\n<li data-start=\"6487\" data-end=\"6577\">\n<p data-start=\"6489\" data-end=\"6577\"><strong data-start=\"6489\" data-end=\"6509\">Vysok\u00e1 \u010distota:<\/strong> Analytick\u00e1 \u010distota \u226599%, testovan\u00e9 v laborat\u00f3rnych podmienkach.<\/p>\n<\/li>\n<li data-start=\"6578\" data-end=\"6670\">\n<p data-start=\"6580\" data-end=\"6670\"><strong data-start=\"6580\" data-end=\"6597\">D\u00e1vkovo testovan\u00e9:<\/strong> Ka\u017ed\u00e1 v\u00fdrobn\u00e1 \u0161ar\u017ea sa kontroluje na \u010distotu a stabilitu.<\/p>\n<\/li>\n<li data-start=\"6671\" data-end=\"6753\">\n<p data-start=\"6673\" data-end=\"6753\"><strong data-start=\"6673\" data-end=\"6697\">Stabiln\u00fd tvar peliet:<\/strong> Zn\u00ed\u017een\u00e9 riziko kontamin\u00e1cie a jednoduch\u00e1 manipul\u00e1cia.<\/p>\n<\/li>\n<li data-start=\"6754\" data-end=\"6822\">\n<p data-start=\"6756\" data-end=\"6822\"><strong data-start=\"6756\" data-end=\"6782\">Laborat\u00f3rna kvalita:<\/strong> Vyroben\u00e9 pod\u013ea smern\u00edc GLP. aMT 25mg pelety<\/p>\n<\/li>\n<li data-start=\"6823\" data-end=\"6891\">\n<p data-start=\"6825\" data-end=\"6891\"><strong data-start=\"6825\" data-end=\"6848\">Bezpe\u010dn\u00e9 balenie:<\/strong> Utesnen\u00e9, vzduchotesn\u00e9 a odoln\u00e9 vo\u010di vlhkosti.<\/p>\n<\/li>\n<\/ul>\n<hr data-start=\"6893\" data-end=\"6896\" \/>\n<h3 data-start=\"6898\" data-end=\"6915\"><strong data-start=\"6902\" data-end=\"6915\">V\u00fdhody<\/strong><\/h3>\n<ol data-start=\"6917\" data-end=\"7330\">\n<li data-start=\"6917\" data-end=\"7013\">\n<p data-start=\"6920\" data-end=\"7013\"><strong data-start=\"6920\" data-end=\"6955\">Kon\u0161tantn\u00e9 v\u00fdsledky v\u00fdskumu:<\/strong> Spo\u013eahliv\u00e9 a reprodukovate\u013en\u00e9 \u00fadaje v ka\u017edom experimente.<\/p>\n<\/li>\n<li data-start=\"7014\" data-end=\"7101\">\n<p data-start=\"7017\" data-end=\"7101\"><strong data-start=\"7017\" data-end=\"7042\">Presn\u00e9 d\u00e1vkovanie:<\/strong> 25 mg na peletu zais\u0165uje jednotn\u00e9 v\u00fdskumn\u00e9 podmienky.<\/p>\n<\/li>\n<li data-start=\"7102\" data-end=\"7173\">\n<p data-start=\"7105\" data-end=\"7173\"><strong data-start=\"7105\" data-end=\"7127\">Bezpe\u010dn\u00e1 manipul\u00e1cia:<\/strong> Forma peliet zni\u017euje rizik\u00e1 po\u010das pou\u017e\u00edvania.<\/p>\n<\/li>\n<li data-start=\"7174\" data-end=\"7249\">\n<p data-start=\"7177\" data-end=\"7249\"><strong data-start=\"7177\" data-end=\"7204\">Dlhodob\u00e1 stabilita:<\/strong> Pri spr\u00e1vnom skladovan\u00ed zost\u00e1va chemicky stabiln\u00fd.<\/p>\n<\/li>\n<li data-start=\"7250\" data-end=\"7330\">\n<p data-start=\"7253\" data-end=\"7330\"><strong data-start=\"7253\" data-end=\"7281\">Profesion\u00e1lna kvalita:<\/strong> Sp\u013a\u0148a medzin\u00e1rodn\u00e9 laborat\u00f3rne \u0161tandardy.<\/p>\n<\/li>\n<\/ol>\n<hr data-start=\"7332\" data-end=\"7335\" \/>\n<h3 data-start=\"7337\" data-end=\"7376\"><strong data-start=\"7341\" data-end=\"7376\">Pou\u017eitie (len na v\u00fdskum)<\/strong><\/h3>\n<ol data-start=\"7378\" data-end=\"7727\">\n<li data-start=\"7378\" data-end=\"7460\">\n<p data-start=\"7381\" data-end=\"7460\"><strong data-start=\"7381\" data-end=\"7411\">Noste ochrann\u00fd odev<\/strong> ako s\u00fa rukavice, laborat\u00f3rny pl\u00e1\u0161\u0165 a ochrann\u00e9 okuliare.<\/p>\n<\/li>\n<li data-start=\"7461\" data-end=\"7536\">\n<p data-start=\"7464\" data-end=\"7536\"><strong data-start=\"7464\" data-end=\"7502\">Pou\u017e\u00edvajte kalibrovan\u00e9 pr\u00edstroje<\/strong> pre presn\u00e9 meranie a v\u00e1\u017eenie.<\/p>\n<\/li>\n<li data-start=\"7537\" data-end=\"7609\">\n<p data-start=\"7540\" data-end=\"7609\"><strong data-start=\"7540\" data-end=\"7579\">Pr\u00e1ca v kontrolovanom prostred\u00ed<\/strong> aby sa zabr\u00e1nilo kontamin\u00e1cii.<\/p>\n<\/li>\n<li data-start=\"7610\" data-end=\"7668\">\n<p data-start=\"7613\" data-end=\"7668\"><strong data-start=\"7613\" data-end=\"7643\">Uskladnite nepou\u017eit\u00e9 pelety<\/strong> chladnom, suchom a tmavom mieste.<\/p>\n<\/li>\n<li data-start=\"7669\" data-end=\"7727\">\n<p data-start=\"7672\" data-end=\"7727\"><strong data-start=\"7672\" data-end=\"7691\">Odstr\u00e1\u0148te odpad<\/strong> pod\u013ea bezpe\u010dnostn\u00fdch predpisov.<\/p>\n<\/li>\n<\/ol>\n<blockquote data-start=\"7729\" data-end=\"7806\">\n<p data-start=\"7731\" data-end=\"7806\">\u2697\ufe0f <strong data-start=\"7734\" data-end=\"7806\">Len na laborat\u00f3rne testovanie \u2013 nie na \u013eudsk\u00fa spotrebu.<\/strong><\/p>\n<\/blockquote>\n<hr data-start=\"7808\" data-end=\"7811\" \/>\n<h3 data-start=\"7813\" data-end=\"7838\"><strong data-start=\"7817\" data-end=\"7838\">Pokyny na skladovanie<\/strong><\/h3>\n<ul data-start=\"7840\" data-end=\"8046\">\n<li data-start=\"7840\" data-end=\"7908\">\n<p data-start=\"7842\" data-end=\"7908\">Ulo\u017ei\u0165 na <strong data-start=\"7853\" data-end=\"7864\">15\u201325 \u00b0C<\/strong>, na <strong data-start=\"7873\" data-end=\"7905\">chladnom, suchom a tmavom mieste<\/strong>.<\/p>\n<\/li>\n<li data-start=\"7909\" data-end=\"7952\">\n<p data-start=\"7911\" data-end=\"7952\">Uschovajte si obal <strong data-start=\"7930\" data-end=\"7949\">dobre zatvoren\u00e9<\/strong>.<\/p>\n<\/li>\n<li data-start=\"7953\" data-end=\"8003\">\n<p data-start=\"7955\" data-end=\"8003\">Vyhnite sa kontaktu s <strong data-start=\"7975\" data-end=\"8000\">svetlo, vlhkos\u0165 a teplo<\/strong>.<\/p>\n<\/li>\n<li data-start=\"8004\" data-end=\"8046\">\n<p data-start=\"8006\" data-end=\"8046\">Uchov\u00e1vajte mimo dosahu neopr\u00e1vnen\u00fdch os\u00f4b.<\/p>\n<\/li>\n<\/ul>\n<hr data-start=\"8048\" data-end=\"8051\" \/>\n<h3 data-start=\"8053\" data-end=\"8088\"><strong data-start=\"8057\" data-end=\"8088\">\u010casto kladen\u00e9 ot\u00e1zky (FAQ)<\/strong><\/h3>\n<p data-start=\"8090\" data-end=\"8233\"><strong data-start=\"8090\" data-end=\"8130\">1. Na \u010do sa pou\u017e\u00edva aMT 25 mg?<\/strong><br data-start=\"8130\" data-end=\"8133\" \/>Pre <strong data-start=\"8138\" data-end=\"8182\">vedeck\u00fd a analytick\u00fd v\u00fdskum<\/strong> na anal\u00f3gy tryptam\u00ednu a interakcie s receptormi.<\/p>\n<p data-start=\"8235\" data-end=\"8404\"><strong data-start=\"8235\" data-end=\"8282\">2. Je tento produkt vhodn\u00fd na konzum\u00e1ciu?<\/strong><br data-start=\"8282\" data-end=\"8285\" \/>Nie. <strong data-start=\"8290\" data-end=\"8310\">aMT 25mg pelety<\/strong> s\u00fa <strong data-start=\"8316\" data-end=\"8366\">ur\u010den\u00e9 len na laborat\u00f3rny v\u00fdskum<\/strong> a nie je ur\u010den\u00e9 na \u013eudsk\u00fa spotrebu.<\/p>\n<p data-start=\"8406\" data-end=\"8551\"><strong data-start=\"8406\" data-end=\"8447\">3. Ako m\u00e1m produkt spr\u00e1vne skladova\u0165?<\/strong><br data-start=\"8447\" data-end=\"8450\" \/>Uchov\u00e1vajte to v <strong data-start=\"8468\" data-end=\"8514\">chladnom, suchom a tmavom prostred\u00ed (15\u201325 \u00b0C)<\/strong> v dobre uzavretej n\u00e1dobe.<\/p>\n<hr data-start=\"8553\" data-end=\"8556\" \/>\n<h3 data-start=\"8558\" data-end=\"8575\"><strong data-start=\"8562\" data-end=\"8575\">Z\u00e1ver<\/strong><\/h3>\n<p data-start=\"8577\" data-end=\"8809\"><strong data-start=\"8577\" data-end=\"8597\">aMT 25mg pelety<\/strong> ponuka <strong data-start=\"8605\" data-end=\"8671\">presn\u00e9 d\u00e1vkovanie, vysok\u00e1 \u010distota a chemick\u00e1 stabilita<\/strong>, ide\u00e1lne pre profesion\u00e1lny analytick\u00fd v\u00fdskum. Perfektn\u00e9 pre laborat\u00f3ri\u00e1 zaoberaj\u00face sa <strong data-start=\"8771\" data-end=\"8806\">\u0161t\u00fadie s\u00favisiace s tryptam\u00ednom<\/strong>.<\/p>","protected":false},"excerpt":{"rendered":"<h3><span style=\"vertical-align: inherit;\"><span style=\"vertical-align: inherit;\">vlastnosti AMT<\/span><\/span><\/h3>\n<p><strong><span style=\"vertical-align: inherit;\"><span style=\"vertical-align: inherit;\">Synonymum:<\/span><\/span><\/strong><span style=\"vertical-align: inherit;\"><span style=\"vertical-align: inherit;\"> alfa-metyltryptam\u00edn <\/span><\/span><br \/>\n<strong><span style=\"vertical-align: inherit;\"><span style=\"vertical-align: inherit;\">\u010c\u00edslo CAS:<\/span><\/span><\/strong><span style=\"vertical-align: inherit;\"><span style=\"vertical-align: inherit;\"> 299-26-3 <\/span><\/span><br \/>\n<strong><span style=\"vertical-align: inherit;\"><span style=\"vertical-align: inherit;\">Vzorec:<\/span><\/span><\/strong><span style=\"vertical-align: inherit;\"><span style=\"vertical-align: inherit;\"> C11H14N2 <\/span><\/span><br \/>\n<strong><span style=\"vertical-align: inherit;\"><span style=\"vertical-align: inherit;\">Mol\u00e1rna hmotnos\u0165:<\/span><\/span><\/strong><span style=\"vertical-align: inherit;\"><span style=\"vertical-align: inherit;\"> 174,247 g mol\u22121 <\/span><\/span><br \/>\n<strong><span style=\"vertical-align: inherit;\"><span style=\"vertical-align: inherit;\">\u010cistota:<\/span><\/span><\/strong><span style=\"vertical-align: inherit;\"><span style=\"vertical-align: inherit;\"> &gt;98%<\/span><\/span><\/p>","protected":false},"featured_media":29289,"comment_status":"closed","ping_status":"closed","template":"","meta":[],"product_brand":[],"product_cat":[404,485,324,381],"product_tag":[1100,326],"class_list":{"0":"post-24045","1":"product","2":"type-product","3":"status-publish","4":"has-post-thumbnail","6":"product_cat-amt","7":"product_cat-amt-pellets","8":"product_cat-pellets-for-pellet","9":"product_cat-tryptamines","10":"product_tag-amt-25mg-pellets","11":"product_tag-nl","13":"first","14":"instock","15":"taxable","16":"shipping-taxable","17":"purchasable","18":"product-type-variable"},"_links":{"self":[{"href":"https:\/\/onderzoekschemicals.com\/sk\/wp-json\/wp\/v2\/product\/24045","targetHints":{"allow":["GET"]}}],"collection":[{"href":"https:\/\/onderzoekschemicals.com\/sk\/wp-json\/wp\/v2\/product"}],"about":[{"href":"https:\/\/onderzoekschemicals.com\/sk\/wp-json\/wp\/v2\/types\/product"}],"replies":[{"embeddable":true,"href":"https:\/\/onderzoekschemicals.com\/sk\/wp-json\/wp\/v2\/comments?post=24045"}],"version-history":[{"count":5,"href":"https:\/\/onderzoekschemicals.com\/sk\/wp-json\/wp\/v2\/product\/24045\/revisions"}],"predecessor-version":[{"id":27891,"href":"https:\/\/onderzoekschemicals.com\/sk\/wp-json\/wp\/v2\/product\/24045\/revisions\/27891"}],"wp:featuredmedia":[{"embeddable":true,"href":"https:\/\/onderzoekschemicals.com\/sk\/wp-json\/wp\/v2\/media\/29289"}],"wp:attachment":[{"href":"https:\/\/onderzoekschemicals.com\/sk\/wp-json\/wp\/v2\/media?parent=24045"}],"wp:term":[{"taxonomy":"product_brand","embeddable":true,"href":"https:\/\/onderzoekschemicals.com\/sk\/wp-json\/wp\/v2\/product_brand?post=24045"},{"taxonomy":"product_cat","embeddable":true,"href":"https:\/\/onderzoekschemicals.com\/sk\/wp-json\/wp\/v2\/product_cat?post=24045"},{"taxonomy":"product_tag","embeddable":true,"href":"https:\/\/onderzoekschemicals.com\/sk\/wp-json\/wp\/v2\/product_tag?post=24045"}],"curies":[{"name":"pracovn\u00fd list","href":"https:\/\/api.w.org\/{rel}","templated":true}]}}