{"id":23611,"date":"2025-04-13T17:40:06","date_gmt":"2025-04-13T17:40:06","guid":{"rendered":"https:\/\/onderzoekschemicals.com\/?post_type=product&#038;p=23611"},"modified":"2025-11-28T07:59:02","modified_gmt":"2025-11-28T07:59:02","slug":"3-fpm-kopen-2","status":"publish","type":"product","link":"https:\/\/onderzoekschemicals.com\/sk\/shop\/3-fpm\/3-fpm-kopen-2\/","title":{"rendered":"3-FPM 50 MG pelety (3-flu\u00f3rfenmetraz\u00edn)"},"content":{"rendered":"<h1><strong><span dir=\"auto\" style=\"vertical-align: inherit;\"><span dir=\"auto\" style=\"vertical-align: inherit;\">3 fpm 50 MG pelety (3-flu\u00f3rfenmetraz\u00edn) \u2013 kvalita a presnos\u0165 vo v\u00fdskume<\/span><\/span><\/strong><\/h1>\n<p data-start=\"3687\" data-end=\"4034\"><strong data-start=\"3687\" data-end=\"3720\">3-FPM (3-flu\u00f3rfenmetraz\u00edn)<\/strong> 50 mg peliet s\u00fa <strong data-start=\"3740\" data-end=\"3786\">vysoko \u010dist\u00e9 v\u00fdskumn\u00e9 zl\u00fa\u010deniny<\/strong>, vyvinut\u00fd pre <strong data-start=\"3804\" data-end=\"3857\">neurovedeck\u00fd a farmakologick\u00fd v\u00fdskum<\/strong>. 3 fpm k\u00fapi\u0165<br data-start=\"3858\" data-end=\"3861\" \/>Ako flu\u00f3rovan\u00fd variant <strong data-start=\"3894\" data-end=\"3911\">fenmetraz\u00edn<\/strong> 3-FPM sa sk\u00fama kv\u00f4li jeho potenci\u00e1lu poskytn\u00fa\u0165 preh\u013ead o <strong data-start=\"3982\" data-end=\"4031\">dopaminergn\u00e9 a noradrenergn\u00e9 transportn\u00e9 syst\u00e9my<\/strong>.<\/p>\n<p data-start=\"4036\" data-end=\"4294\">Ka\u017ed\u00e1 peleta obsahuje <strong data-start=\"4054\" data-end=\"4085\">50 mg 3-flu\u00f3rfenmetraz\u00ednu<\/strong>, starostlivo odmeran\u00e9 pre presn\u00e9 d\u00e1vkovanie a spo\u013eahliv\u00e9 v\u00fdsledky v\u00fdskumu. Tento produkt je ur\u010den\u00fd len pre <strong data-start=\"4211\" data-end=\"4243\">kvalifikovan\u00ed v\u00fdskumn\u00edci<\/strong> a <strong data-start=\"4247\" data-end=\"4291\">nie je vhodn\u00e9 na \u013eudsk\u00fa spotrebu<\/strong>.<\/p>\n<blockquote data-start=\"4296\" data-end=\"4391\">\n<p data-start=\"4298\" data-end=\"4391\">\u26a0\ufe0f <strong data-start=\"4301\" data-end=\"4312\">Pozn\u00e1mka:<\/strong> Pelety 3-FPM 50 MG s\u00fa <strong data-start=\"4338\" data-end=\"4388\">ur\u010den\u00e9 len na laborat\u00f3rny v\u00fdskum<\/strong>.<\/p>\n<\/blockquote>\n<hr data-start=\"4393\" data-end=\"4396\" \/>\n<h3 data-start=\"4398\" data-end=\"4429\"><strong data-start=\"4402\" data-end=\"4429\">K\u013e\u00fa\u010dov\u00e9 vlastnosti<\/strong><\/h3>\n<ul data-start=\"4430\" data-end=\"4879\">\n<li data-start=\"4430\" data-end=\"4525\">\n<p data-start=\"4432\" data-end=\"4525\"><strong data-start=\"4432\" data-end=\"4458\">Vysok\u00e1 \u010distota (\u226599%)<\/strong> \u2013 Laborat\u00f3rne testovan\u00e9 na kvalitu, stabilitu a zlo\u017eenie.<\/p>\n<\/li>\n<li data-start=\"4526\" data-end=\"4614\">\n<p data-start=\"4528\" data-end=\"4614\"><strong data-start=\"4528\" data-end=\"4571\">Presn\u00e9 d\u00e1vkovanie (50 mg na peletu)<\/strong> \u2013 Zais\u0165uje reprodukovate\u013en\u00e9 v\u00fdsledky.<\/p>\n<\/li>\n<li data-start=\"4615\" data-end=\"4704\">\n<p data-start=\"4617\" data-end=\"4704\"><strong data-start=\"4617\" data-end=\"4643\">Zlep\u0161en\u00e1 stabilita<\/strong> \u2013 Peletov\u00e1 forma zabra\u0148uje degrad\u00e1cii a predl\u017euje trvanlivos\u0165.<\/p>\n<\/li>\n<li data-start=\"4705\" data-end=\"4783\">\n<p data-start=\"4707\" data-end=\"4783\"><strong data-start=\"4707\" data-end=\"4732\">V\u00fdroba podobn\u00e1 GMP<\/strong> \u2013 Zaru\u010den\u00e1 konzistentnos\u0165 a spo\u013eahlivos\u0165.<\/p>\n<\/li>\n<li data-start=\"4784\" data-end=\"4879\">\n<p data-start=\"4786\" data-end=\"4879\"><strong data-start=\"4786\" data-end=\"4808\">Bezpe\u010dn\u00e9 balenie<\/strong> \u2013 Vzduchotesn\u00e9 a vlhkos\u0165otesn\u00e9 balenie chr\u00e1ni spojenie. K\u00fapte si 3 fpm<\/p>\n<\/li>\n<\/ul>\n<hr data-start=\"4881\" data-end=\"4884\" \/>\n<h3 data-start=\"4886\" data-end=\"4903\"><strong data-start=\"4890\" data-end=\"4903\">V\u00fdhody<\/strong><\/h3>\n<ul data-start=\"4904\" data-end=\"5187\">\n<li data-start=\"4904\" data-end=\"4980\">\n<p data-start=\"4906\" data-end=\"4980\">Zabezpe\u010duje <strong data-start=\"4917\" data-end=\"4941\">presn\u00e9 d\u00e1vkovanie<\/strong> a spo\u013eahliv\u00e9 v\u00fdsledky v\u00fdskumu.<\/p>\n<\/li>\n<li data-start=\"4981\" data-end=\"5058\">\n<p data-start=\"4983\" data-end=\"5058\">Vhodn\u00e9 pre <strong data-start=\"4997\" data-end=\"5055\">v\u00fdskum stimulantov a neurotransmiterov\u00fdch syst\u00e9mov<\/strong>.<\/p>\n<\/li>\n<li data-start=\"5059\" data-end=\"5107\">\n<p data-start=\"5061\" data-end=\"5107\"><strong data-start=\"5061\" data-end=\"5083\">Dlh\u00e1 trvanlivos\u0165<\/strong> a jednoduch\u00e9 skladovanie.<\/p>\n<\/li>\n<li data-start=\"5108\" data-end=\"5187\">\n<p data-start=\"5110\" data-end=\"5187\"><strong data-start=\"5110\" data-end=\"5143\">Pou\u017e\u00edvate\u013esky pr\u00edvetiv\u00e9 a bezpe\u010dn\u00e9<\/strong> v kontrolovan\u00fdch laborat\u00f3rnych prostrediach.<\/p>\n<\/li>\n<\/ul>\n<hr data-start=\"5189\" data-end=\"5192\" \/>\n<h3 data-start=\"5194\" data-end=\"5209\"><strong data-start=\"5198\" data-end=\"5209\">Pou\u017eitie<\/strong><\/h3>\n<ul data-start=\"5210\" data-end=\"5490\">\n<li data-start=\"5210\" data-end=\"5272\">\n<p data-start=\"5212\" data-end=\"5272\">Len pre <strong data-start=\"5224\" data-end=\"5269\">vedeck\u00fd a laborat\u00f3rny v\u00fdskum<\/strong>.<\/p>\n<\/li>\n<li data-start=\"5273\" data-end=\"5356\">\n<p data-start=\"5275\" data-end=\"5356\">Noste vhodn\u00e9 <strong data-start=\"5291\" data-end=\"5315\">ochrann\u00e9 vybavenie<\/strong> ako s\u00fa rukavice a ochrann\u00e9 okuliare.<\/p>\n<\/li>\n<li data-start=\"5357\" data-end=\"5432\">\n<p data-start=\"5359\" data-end=\"5432\">U\u0161etrite na <strong data-start=\"5374\" data-end=\"5397\">chladnom a suchom mieste<\/strong>, chr\u00e1nen\u00e9 pred svetlom a vlhkos\u0165ou.<\/p>\n<\/li>\n<li data-start=\"5433\" data-end=\"5490\">\n<p data-start=\"5435\" data-end=\"5490\">Nie je ur\u010den\u00e9 na \u013eudsk\u00fa ani zvieraciu spotrebu.<\/p>\n<\/li>\n<\/ul>\n<hr data-start=\"5492\" data-end=\"5495\" \/>\n<h3 data-start=\"5497\" data-end=\"5532\"><strong data-start=\"5501\" data-end=\"5532\">\u010casto kladen\u00e9 ot\u00e1zky (FAQ)<\/strong><\/h3>\n<p data-start=\"5534\" data-end=\"5687\"><strong data-start=\"5534\" data-end=\"5571\">1. Na \u010do sa pou\u017e\u00edva 3-FPM?<\/strong><br data-start=\"5571\" data-end=\"5574\" \/>3-FPM sa pou\u017e\u00edva v <strong data-start=\"5598\" data-end=\"5633\">neurovedeck\u00fd v\u00fdskum<\/strong> na stimulanty a mechanizmy transportu monoam\u00ednov.<\/p>\n<p data-start=\"5689\" data-end=\"5865\"><strong data-start=\"5689\" data-end=\"5743\">2. Je 3-FPM 50 MG vhodn\u00fd na pou\u017eitie u \u013eud\u00ed?<\/strong><br data-start=\"5743\" data-end=\"5746\" \/>Nie. Tento produkt je <strong data-start=\"5766\" data-end=\"5815\">ur\u010den\u00e9 len na v\u00fdskumn\u00e9 \u00fa\u010dely<\/strong> a nie je schv\u00e1len\u00fd na \u013eudsk\u00fa spotrebu.<\/p>\n<p data-start=\"5867\" data-end=\"6035\"><strong data-start=\"5867\" data-end=\"5910\">3. Ako sa m\u00e1 uchov\u00e1va\u0165 3-FPM 50 MG?<\/strong><br data-start=\"5910\" data-end=\"5913\" \/>Skladujte v <strong data-start=\"5928\" data-end=\"5958\">dobre uzavret\u00e9 balenie<\/strong> pri izbovej teplote (15\u201325 \u00b0C), mimo dosahu vlhkosti a priameho slne\u010dn\u00e9ho \u017eiarenia.<\/p>\n<h3><a style=\"font-size: 16px;\" href=\"https:\/\/onderzoekschemicals.com\/sk\/shop\/iboga-ibogaine\/iboga-root-bark\/\"><span dir=\"auto\" style=\"vertical-align: inherit;\"><span dir=\"auto\" style=\"vertical-align: inherit;\">k\u00f4ra kore\u0148a iboga<\/span><\/span><\/a><a style=\"font-size: 16px;\" href=\"https:\/\/onderzoekschemicals.com\/sk\/shop\/iboga-ibogaine\/buy-ibogaine-hcl-online\/\"><span dir=\"auto\" style=\"vertical-align: inherit;\"><span dir=\"auto\" style=\"vertical-align: inherit;\">k\u00fapi\u0165 iboga\u00edn hydrochlorid online<\/span><\/span><\/a><a style=\"font-size: 16px;\" href=\"https:\/\/onderzoekschemicals.com\/sk\/shop\/lysergamides\/1cp-lsd\/\"><span dir=\"auto\" style=\"vertical-align: inherit;\"><span dir=\"auto\" style=\"vertical-align: inherit;\">1 cp lsd <\/span><\/span><\/a><a style=\"font-size: 16px;\" href=\"https:\/\/onderzoekschemicals.com\/sk\/shop\/pellets\/o-dsmt-50mg-pellets\/\"><span dir=\"auto\" style=\"vertical-align: inherit;\"><span dir=\"auto\" style=\"vertical-align: inherit;\">o-dsmt <\/span><\/span><\/a><a style=\"font-size: 16px;\" href=\"https:\/\/onderzoekschemicals.com\/sk\/shop\/lysergamides\/1vlsd\/\"><span dir=\"auto\" style=\"vertical-align: inherit;\"><span dir=\"auto\" style=\"vertical-align: inherit;\">1vlsd<\/span><\/span><\/a><\/h3>","protected":false},"excerpt":{"rendered":"<p>3 fpm 50 MG Pellets (3-Fluorophenmetrazine) \u2013 Quality and Precision in Research 3-FPM (3-Fluorophenmetrazine) 50 MG Pellets zijn onderzoeksverbindingen van<\/p>","protected":false},"featured_media":29215,"comment_status":"closed","ping_status":"closed","template":"","meta":[],"product_brand":[82],"product_cat":[441,442,322,333,324],"product_tag":[606,601,605,326],"class_list":{"0":"post-23611","1":"product","2":"type-product","3":"status-publish","4":"has-post-thumbnail","6":"product_brand-research-chemical","7":"product_cat-3-fpm","8":"product_cat-3-fpm-pellets","9":"product_cat-bijna-verboden","10":"product_cat-gefluoreerden","11":"product_cat-pellets-for-pellet","12":"product_tag-3-fluorophenmetrazine","13":"product_tag-3-fpm","14":"product_tag-3fpm","15":"product_tag-nl","17":"first","18":"instock","19":"taxable","20":"shipping-taxable","21":"purchasable","22":"product-type-variable"},"_links":{"self":[{"href":"https:\/\/onderzoekschemicals.com\/sk\/wp-json\/wp\/v2\/product\/23611","targetHints":{"allow":["GET"]}}],"collection":[{"href":"https:\/\/onderzoekschemicals.com\/sk\/wp-json\/wp\/v2\/product"}],"about":[{"href":"https:\/\/onderzoekschemicals.com\/sk\/wp-json\/wp\/v2\/types\/product"}],"replies":[{"embeddable":true,"href":"https:\/\/onderzoekschemicals.com\/sk\/wp-json\/wp\/v2\/comments?post=23611"}],"version-history":[{"count":5,"href":"https:\/\/onderzoekschemicals.com\/sk\/wp-json\/wp\/v2\/product\/23611\/revisions"}],"predecessor-version":[{"id":27994,"href":"https:\/\/onderzoekschemicals.com\/sk\/wp-json\/wp\/v2\/product\/23611\/revisions\/27994"}],"wp:featuredmedia":[{"embeddable":true,"href":"https:\/\/onderzoekschemicals.com\/sk\/wp-json\/wp\/v2\/media\/29215"}],"wp:attachment":[{"href":"https:\/\/onderzoekschemicals.com\/sk\/wp-json\/wp\/v2\/media?parent=23611"}],"wp:term":[{"taxonomy":"product_brand","embeddable":true,"href":"https:\/\/onderzoekschemicals.com\/sk\/wp-json\/wp\/v2\/product_brand?post=23611"},{"taxonomy":"product_cat","embeddable":true,"href":"https:\/\/onderzoekschemicals.com\/sk\/wp-json\/wp\/v2\/product_cat?post=23611"},{"taxonomy":"product_tag","embeddable":true,"href":"https:\/\/onderzoekschemicals.com\/sk\/wp-json\/wp\/v2\/product_tag?post=23611"}],"curies":[{"name":"pracovn\u00fd list","href":"https:\/\/api.w.org\/{rel}","templated":true}]}}