{"id":23586,"date":"2025-04-13T17:40:01","date_gmt":"2025-04-13T17:40:01","guid":{"rendered":"https:\/\/onderzoekschemicals.com\/?post_type=product&#038;p=23586"},"modified":"2025-11-28T08:04:53","modified_gmt":"2025-11-28T08:04:53","slug":"3-mmc-kopen","status":"publish","type":"product","link":"https:\/\/onderzoekschemicals.com\/sk\/shop\/verboden\/3-mmc-kopen\/","title":{"rendered":"3-MMC 200 MG pelety"},"content":{"rendered":"<h2><span data-sheets-value=\"{\" data-sheets-userformat=\"{\"><strong>3-MMC 200 MG pelety<\/strong> <\/span><\/h2>\n<p data-start=\"3909\" data-end=\"4072\"><strong data-start=\"3909\" data-end=\"3942\">3-MMC (3-metylmetkatin\u00f3n)<\/strong> 200 mg pelety s\u00fa <strong data-start=\"3963\" data-end=\"4009\">vysoko \u010dist\u00e9 v\u00fdskumn\u00e9 zl\u00fa\u010deniny<\/strong>, vyvinut\u00fd pre <strong data-start=\"4027\" data-end=\"4069\">farmakologick\u00fd a analytick\u00fd v\u00fdskum<\/strong>. <span class=\"___SBox_epc1q-ko_ ___SText_zko9t-ko_\" data-ui-name=\"Link.Text\">k\u00fapi\u0165 3mmc<\/span><\/p>\n<p data-start=\"4074\" data-end=\"4296\">Ako \u0161truktur\u00e1lny anal\u00f3g <strong data-start=\"4103\" data-end=\"4125\">mefedr\u00f3n (4-MMC)<\/strong> 3-MMC sa \u010dasto sk\u00fama v \u0161t\u00fadi\u00e1ch zameran\u00fdch na <strong data-start=\"4170\" data-end=\"4190\">neurotransmisia<\/strong>, <strong data-start=\"4192\" data-end=\"4231\">transport\u00e9ry dopam\u00ednu a seroton\u00ednu<\/strong> a <strong data-start=\"4235\" data-end=\"4277\">vz\u0165ahy medzi \u0161trukt\u00farou a aktivitou (SAR)<\/strong> stimulantov.<\/p>\n<p data-start=\"4298\" data-end=\"4435\">Ka\u017ed\u00e1 peleta obsahuje <strong data-start=\"4316\" data-end=\"4340\">200 mg \u010dist\u00e9ho 3-MMC<\/strong>, starostlivo meran\u00e9 pre spo\u013eahliv\u00e9, konzistentn\u00e9 a reprodukovate\u013en\u00e9 v\u00fdsledky v\u00fdskumu.<\/p>\n<blockquote data-start=\"4437\" data-end=\"4575\">\n<p data-start=\"4439\" data-end=\"4575\">\u26a0\ufe0f <strong data-start=\"4442\" data-end=\"4453\">Pozn\u00e1mka:<\/strong> Tento produkt je <strong data-start=\"4469\" data-end=\"4524\">ur\u010den\u00e9 len na vedeck\u00fd v\u00fdskum<\/strong> a <strong data-start=\"4528\" data-end=\"4572\">nie je vhodn\u00e9 na \u013eudsk\u00fa spotrebu<\/strong>.<\/p>\n<\/blockquote>\n<hr data-start=\"4577\" data-end=\"4580\" \/>\n<h3 data-start=\"4582\" data-end=\"4613\"><strong data-start=\"4586\" data-end=\"4613\">K\u013e\u00fa\u010dov\u00e9 vlastnosti<\/strong><\/h3>\n<ul data-start=\"4614\" data-end=\"5034\">\n<li data-start=\"4614\" data-end=\"4697\">\n<p data-start=\"4616\" data-end=\"4697\"><strong data-start=\"4616\" data-end=\"4642\">Vysok\u00e1 \u010distota (\u226599%)<\/strong> \u2013 Laborat\u00f3rne testovan\u00e9 na identitu a zlo\u017eenie.<\/p>\n<\/li>\n<li data-start=\"4698\" data-end=\"4787\">\n<p data-start=\"4700\" data-end=\"4787\"><strong data-start=\"4700\" data-end=\"4744\">Presn\u00e9 d\u00e1vkovanie (200 mg na peletu)<\/strong> \u2013 Zais\u0165uje reprodukovate\u013en\u00e9 v\u00fdsledky.<\/p>\n<\/li>\n<li data-start=\"4788\" data-end=\"4861\">\n<p data-start=\"4790\" data-end=\"4861\"><strong data-start=\"4790\" data-end=\"4816\">Zlep\u0161en\u00e1 stabilita<\/strong> \u2013 Peletov\u00e1 forma zabra\u0148uje degrad\u00e1cii a oxid\u00e1cii.<\/p>\n<\/li>\n<li data-start=\"4862\" data-end=\"4941\">\n<p data-start=\"4864\" data-end=\"4941\"><strong data-start=\"4864\" data-end=\"4898\">Spo\u013eahliv\u00e1 kontrola kvality<\/strong> \u2013 Vyroben\u00e9 pod\u013ea \u0161tandardov podobn\u00fdch GMP.<\/p>\n<\/li>\n<li data-start=\"4942\" data-end=\"5034\">\n<p data-start=\"4944\" data-end=\"5034\"><strong data-start=\"4944\" data-end=\"4966\">Bezpe\u010dn\u00e9 balenie<\/strong> \u2013 Vzduchotesn\u00e9 a vlhkos\u0165odoln\u00e9 balenie pre maxim\u00e1lnu ochranu. <span class=\"___SBox_epc1q-ko_ ___SText_zko9t-ko_\" data-ui-name=\"Link.Text\">k\u00fapi\u0165 3mmc<\/span><\/p>\n<\/li>\n<\/ul>\n<hr data-start=\"5036\" data-end=\"5039\" \/>\n<h3 data-start=\"5041\" data-end=\"5058\"><strong data-start=\"5045\" data-end=\"5058\">V\u00fdhody<\/strong><\/h3>\n<ul data-start=\"5059\" data-end=\"5344\">\n<li data-start=\"5059\" data-end=\"5135\">\n<p data-start=\"5061\" data-end=\"5135\">Zabezpe\u010duje <strong data-start=\"5072\" data-end=\"5096\">presn\u00e9 d\u00e1vkovanie<\/strong> a spo\u013eahliv\u00e9 v\u00fdsledky v\u00fdskumu.<\/p>\n<\/li>\n<li data-start=\"5136\" data-end=\"5212\">\n<p data-start=\"5138\" data-end=\"5212\">Vhodn\u00e9 pre <strong data-start=\"5152\" data-end=\"5209\">v\u00fdskum katin\u00f3nov a neurotransmiterov\u00fdch syst\u00e9mov<\/strong>.<\/p>\n<\/li>\n<li data-start=\"5213\" data-end=\"5266\">\n<p data-start=\"5215\" data-end=\"5266\"><strong data-start=\"5215\" data-end=\"5242\">Zlep\u0161en\u00e1 trvanlivos\u0165<\/strong> a jednoduch\u00e9 skladovanie.<\/p>\n<\/li>\n<li data-start=\"5267\" data-end=\"5344\">\n<p data-start=\"5269\" data-end=\"5344\">Jednoduch\u00e1 a bezpe\u010dn\u00e1 manipul\u00e1cia v kontrolovanom laborat\u00f3rnom prostred\u00ed.<\/p>\n<\/li>\n<\/ul>\n<hr data-start=\"5346\" data-end=\"5349\" \/>\n<h3 data-start=\"5351\" data-end=\"5366\"><strong data-start=\"5355\" data-end=\"5366\">Pou\u017eitie<\/strong><\/h3>\n<ul data-start=\"5367\" data-end=\"5652\">\n<li data-start=\"5367\" data-end=\"5437\">\n<p data-start=\"5369\" data-end=\"5437\">Len na pou\u017eitie <strong data-start=\"5394\" data-end=\"5434\">kvalifikovan\u00fd laborat\u00f3rny person\u00e1l<\/strong>.<\/p>\n<\/li>\n<li data-start=\"5438\" data-end=\"5514\">\n<p data-start=\"5440\" data-end=\"5514\">Pou\u017eite vhodn\u00e9 <strong data-start=\"5458\" data-end=\"5482\">ochrann\u00e9 vybavenie<\/strong> (rukavice, ochrann\u00e9 okuliare, laborat\u00f3rny pl\u00e1\u0161\u0165).<\/p>\n<\/li>\n<li data-start=\"5515\" data-end=\"5593\">\n<p data-start=\"5517\" data-end=\"5593\">U\u0161etrite na <strong data-start=\"5532\" data-end=\"5555\">chladnom a suchom mieste<\/strong>, chr\u00e1nen\u00e9 pred slne\u010dn\u00fdm \u017eiaren\u00edm a vlhkos\u0165ou.<\/p>\n<\/li>\n<li data-start=\"5594\" data-end=\"5652\">\n<p data-start=\"5596\" data-end=\"5652\">Nie je vhodn\u00e9 na \u013eudsk\u00fa ani zvieraciu konzum\u00e1ciu.<\/p>\n<\/li>\n<\/ul>\n<hr data-start=\"5654\" data-end=\"5657\" \/>\n<h3 data-start=\"5659\" data-end=\"5694\"><strong data-start=\"5663\" data-end=\"5694\">\u010casto kladen\u00e9 ot\u00e1zky (FAQ)<\/strong><\/h3>\n<p data-start=\"5696\" data-end=\"5859\"><strong data-start=\"5696\" data-end=\"5733\">1. Na \u010do sa pou\u017e\u00edva 3-MMC?<\/strong><br data-start=\"5733\" data-end=\"5736\" \/>3-MMC sa pou\u017e\u00edva na <strong data-start=\"5762\" data-end=\"5807\">farmakologick\u00fd a neurochemick\u00fd v\u00fdskum<\/strong> na stimulanty a transport\u00e9ry neurotransmiterov.<\/p>\n<p data-start=\"5861\" data-end=\"6038\"><strong data-start=\"5861\" data-end=\"5916\">2. Je 3-MMC 200 MG vhodn\u00fd na pou\u017eitie u \u013eud\u00ed?<\/strong><br data-start=\"5916\" data-end=\"5919\" \/>Nie. Tento produkt je <strong data-start=\"5939\" data-end=\"5988\">ur\u010den\u00e9 len na v\u00fdskumn\u00e9 \u00fa\u010dely<\/strong> a nie je schv\u00e1len\u00fd na \u013eudsk\u00fa spotrebu.<\/p>\n<p data-start=\"6040\" data-end=\"6208\"><strong data-start=\"6040\" data-end=\"6084\">3. Ako sa m\u00e1 uchov\u00e1va\u0165 3-MMC 200 MG?<\/strong><br data-start=\"6084\" data-end=\"6087\" \/>Skladujte v <strong data-start=\"6102\" data-end=\"6132\">dobre uzavret\u00e9 balenie<\/strong> pri izbovej teplote (15\u201325 \u00b0C), chr\u00e1nen\u00e9 pred vlhkos\u0165ou a priamym slne\u010dn\u00fdm \u017eiaren\u00edm.<\/p>","protected":false},"excerpt":{"rendered":"<h2><span data-sheets-value=\"{\" data-sheets-userformat=\"{\">3-MMC pelety <\/span> vlastnosti<\/h2>\n<p><strong>Synonymum<\/strong>2-(metylamino)-1-(3-metylfenyl)-1-propan\u00f3n, monohydrochlorid<br \/>\n<strong>\u010c\u00edslo CAS<\/strong>: 1246816-62-5<br \/>\n<strong>Vzorec<\/strong>: C11h15NO \u2022 HCL<br \/>\n<strong>Mol\u00e1rna hmotnos\u0165<\/strong>: 213,7<br \/>\n<strong>\u010cistota<\/strong>: \u226599%<\/p>","protected":false},"featured_media":29443,"comment_status":"closed","ping_status":"closed","template":"","meta":[],"product_brand":[],"product_cat":[488],"product_tag":[1147,930,326],"class_list":{"0":"post-23586","1":"product","2":"type-product","3":"status-publish","4":"has-post-thumbnail","6":"product_cat-verboden","7":"product_tag-3-mmc","8":"product_tag-3-mmc-kopen","9":"product_tag-nl","11":"first","12":"outofstock","13":"taxable","14":"shipping-taxable","15":"purchasable","16":"product-type-simple"},"_links":{"self":[{"href":"https:\/\/onderzoekschemicals.com\/sk\/wp-json\/wp\/v2\/product\/23586","targetHints":{"allow":["GET"]}}],"collection":[{"href":"https:\/\/onderzoekschemicals.com\/sk\/wp-json\/wp\/v2\/product"}],"about":[{"href":"https:\/\/onderzoekschemicals.com\/sk\/wp-json\/wp\/v2\/types\/product"}],"replies":[{"embeddable":true,"href":"https:\/\/onderzoekschemicals.com\/sk\/wp-json\/wp\/v2\/comments?post=23586"}],"version-history":[{"count":5,"href":"https:\/\/onderzoekschemicals.com\/sk\/wp-json\/wp\/v2\/product\/23586\/revisions"}],"predecessor-version":[{"id":27999,"href":"https:\/\/onderzoekschemicals.com\/sk\/wp-json\/wp\/v2\/product\/23586\/revisions\/27999"}],"wp:featuredmedia":[{"embeddable":true,"href":"https:\/\/onderzoekschemicals.com\/sk\/wp-json\/wp\/v2\/media\/29443"}],"wp:attachment":[{"href":"https:\/\/onderzoekschemicals.com\/sk\/wp-json\/wp\/v2\/media?parent=23586"}],"wp:term":[{"taxonomy":"product_brand","embeddable":true,"href":"https:\/\/onderzoekschemicals.com\/sk\/wp-json\/wp\/v2\/product_brand?post=23586"},{"taxonomy":"product_cat","embeddable":true,"href":"https:\/\/onderzoekschemicals.com\/sk\/wp-json\/wp\/v2\/product_cat?post=23586"},{"taxonomy":"product_tag","embeddable":true,"href":"https:\/\/onderzoekschemicals.com\/sk\/wp-json\/wp\/v2\/product_tag?post=23586"}],"curies":[{"name":"pracovn\u00fd list","href":"https:\/\/api.w.org\/{rel}","templated":true}]}}