{"id":23571,"date":"2025-04-13T17:40:00","date_gmt":"2025-04-13T17:40:00","guid":{"rendered":"https:\/\/onderzoekschemicals.com\/?post_type=product&#038;p=23571"},"modified":"2025-10-18T15:31:03","modified_gmt":"2025-10-18T15:31:03","slug":"ecpla-l-tartrate-puur","status":"publish","type":"product","link":"https:\/\/onderzoekschemicals.com\/sk\/shop\/ecpla\/ecpla-l-tartrate-puur\/","title":{"rendered":"ECPLA L-tartr\u00e1t \u010dist\u00fd"},"content":{"rendered":"<h1><strong><span dir=\"auto\" style=\"vertical-align: inherit;\"><span dir=\"auto\" style=\"vertical-align: inherit;\">ECPLA L-tartar\u00e1t (\u010dist\u00fd) \u2013 vysoko kvalitn\u00fd lysergamid pre pokro\u010dil\u00fd v\u00fdskum<\/span><\/span><\/strong><\/h1>\n<p data-start=\"3901\" data-end=\"4112\"><strong data-start=\"3901\" data-end=\"3975\">ECPLA L-tartar\u00e1t (N6-etyl-6-norlysergov\u00e1 kyselina dietylamid L-tartar\u00e1t)<\/strong> je <strong data-start=\"3983\" data-end=\"4027\">vysoko \u010dist\u00e1 v\u00fdskumn\u00e1 zl\u00fa\u010denina<\/strong>, ur\u010den\u00fd pre <strong data-start=\"4044\" data-end=\"4109\">neurovedeck\u00fd, farmakologick\u00fd a analytick\u00fd v\u00fdskum<\/strong>. ecpla<\/p>\n<p data-start=\"4114\" data-end=\"4409\">Ak <strong data-start=\"4118\" data-end=\"4178\">\u0161truktur\u00e1lny anal\u00f3g LSD (dietylamid kyseliny lysergovej)<\/strong> Obsahuje ECPLA <strong data-start=\"4195\" data-end=\"4243\">etylov\u00e1 substit\u00facia na lysergamidovej \u0161trukt\u00fare<\/strong>, v\u010faka \u010domu je cenn\u00fd pre <strong data-start=\"4276\" data-end=\"4332\">v\u00fdskum seroton\u00ednov\u00fdch receptorov (5-HT2A\/5-HT2C)<\/strong> a <strong data-start=\"4336\" data-end=\"4378\">vz\u0165ahy medzi \u0161trukt\u00farou a aktivitou (SAR)<\/strong> v r\u00e1mci triedy lysergamidu.<\/p>\n<p data-start=\"4411\" data-end=\"4605\">The <strong data-start=\"4414\" data-end=\"4432\">L-tartr\u00e1tov\u00e1 forma<\/strong> zvy\u0161uje <strong data-start=\"4445\" data-end=\"4501\">chemick\u00e1 stabilita, rozpustnos\u0165 a trvanlivos\u0165<\/strong>, v\u010faka \u010domu je tento produkt spo\u013eahliv\u00fd na dlhodob\u00e9 pou\u017e\u00edvanie v kontrolovanom laborat\u00f3rnom prostred\u00ed.<\/p>\n<blockquote data-start=\"4607\" data-end=\"4758\">\n<p data-start=\"4609\" data-end=\"4758\">\u26a0\ufe0f <strong data-start=\"4612\" data-end=\"4623\">Pozn\u00e1mka:<\/strong> Tento produkt je <strong data-start=\"4639\" data-end=\"4694\">ur\u010den\u00e9 len na vedeck\u00fd v\u00fdskum<\/strong> a <strong data-start=\"4698\" data-end=\"4755\">nie je vhodn\u00e9 na \u013eudsk\u00fa ani zvieraciu spotrebu<\/strong>.<\/p>\n<\/blockquote>\n<hr data-start=\"4760\" data-end=\"4763\" \/>\n<h3 data-start=\"4765\" data-end=\"4796\"><strong data-start=\"4769\" data-end=\"4796\">K\u013e\u00fa\u010dov\u00e9 vlastnosti<\/strong><\/h3>\n<ul data-start=\"4797\" data-end=\"5188\">\n<li data-start=\"4797\" data-end=\"4882\">\n<p data-start=\"4799\" data-end=\"4882\"><strong data-start=\"4799\" data-end=\"4825\">Vysok\u00e1 \u010distota (\u226599%)<\/strong> \u2013 Laborat\u00f3rne testovan\u00e9 na identitu a zlo\u017eenie.<\/p>\n<\/li>\n<li data-start=\"4883\" data-end=\"4958\">\n<p data-start=\"4885\" data-end=\"4958\"><strong data-start=\"4885\" data-end=\"4916\">Stabiln\u00e1 forma L-tartr\u00e1tovej soli<\/strong> \u2013 Zvy\u0161uje trvanlivos\u0165 a stabilitu.<\/p>\n<\/li>\n<li data-start=\"4959\" data-end=\"5050\">\n<p data-start=\"4961\" data-end=\"5050\"><strong data-start=\"4961\" data-end=\"4993\">Lysergamid na \u00farovni v\u00fdskumu<\/strong> \u2013 Vhodn\u00e9 pre v\u00fdskum receptorov a farmakologick\u00fd v\u00fdskum.<\/p>\n<\/li>\n<li data-start=\"5051\" data-end=\"5121\">\n<p data-start=\"5053\" data-end=\"5121\"><strong data-start=\"5053\" data-end=\"5078\">Konzistentn\u00e1 kvalita<\/strong> \u2013 Vyroben\u00e9 pod\u013ea \u0161tandardov podobn\u00fdch GMP.<\/p>\n<\/li>\n<li data-start=\"5122\" data-end=\"5188\">\n<p data-start=\"5124\" data-end=\"5188\"><strong data-start=\"5124\" data-end=\"5146\">Bezpe\u010dn\u00e9 balenie<\/strong> \u2013 Vzduchotesn\u00e9 a odoln\u00e9 vo\u010di vlhkosti.<\/p>\n<\/li>\n<\/ul>\n<hr data-start=\"5190\" data-end=\"5193\" \/>\n<h3 data-start=\"5195\" data-end=\"5212\"><strong data-start=\"5199\" data-end=\"5212\">V\u00fdhody<\/strong><\/h3>\n<ul data-start=\"5213\" data-end=\"5513\">\n<li data-start=\"5213\" data-end=\"5294\">\n<p data-start=\"5215\" data-end=\"5294\">Podporuje <strong data-start=\"5227\" data-end=\"5291\">v\u00fdskum seroton\u00ednov\u00fdch receptorov a anal\u00f3gov lysergamidu<\/strong>.<\/p>\n<\/li>\n<li data-start=\"5295\" data-end=\"5370\">\n<p data-start=\"5297\" data-end=\"5370\"><strong data-start=\"5297\" data-end=\"5342\">Spo\u013eahliv\u00e9 a reprodukovate\u013en\u00e9 v\u00fdsledky<\/strong> v laborat\u00f3rnom v\u00fdskume.<\/p>\n<\/li>\n<li data-start=\"5371\" data-end=\"5443\">\n<p data-start=\"5373\" data-end=\"5443\"><strong data-start=\"5373\" data-end=\"5399\">Zlep\u0161en\u00e1 stabilita<\/strong> pre bezpe\u010dn\u00e9 skladovanie a dlhodob\u00e9 pou\u017e\u00edvanie.<\/p>\n<\/li>\n<li data-start=\"5444\" data-end=\"5513\">\n<p data-start=\"5446\" data-end=\"5513\">Vhodn\u00e9 pre <strong data-start=\"5460\" data-end=\"5510\">akademick\u00fd, analytick\u00fd a forenzn\u00fd v\u00fdskum<\/strong>.<\/p>\n<\/li>\n<\/ul>\n<hr data-start=\"5515\" data-end=\"5518\" \/>\n<h3 data-start=\"5520\" data-end=\"5535\"><strong data-start=\"5524\" data-end=\"5535\">Pou\u017eitie<\/strong><\/h3>\n<ul data-start=\"5536\" data-end=\"5840\">\n<li data-start=\"5536\" data-end=\"5606\">\n<p data-start=\"5538\" data-end=\"5606\">Len na pou\u017eitie <strong data-start=\"5563\" data-end=\"5603\">kvalifikovan\u00fd laborat\u00f3rny person\u00e1l<\/strong>.<\/p>\n<\/li>\n<li data-start=\"5607\" data-end=\"5694\">\n<p data-start=\"5609\" data-end=\"5694\">Pou\u017eite vhodn\u00e9 <strong data-start=\"5627\" data-end=\"5651\">ochrann\u00e9 vybavenie<\/strong> (rukavice, ochrann\u00e9 okuliare, laborat\u00f3rny pl\u00e1\u0161\u0165).<\/p>\n<\/li>\n<li data-start=\"5695\" data-end=\"5781\">\n<p data-start=\"5697\" data-end=\"5781\">U\u0161etrite na <strong data-start=\"5712\" data-end=\"5746\">chladnom, suchom a tmavom mieste<\/strong>, chr\u00e1nen\u00e9 pred vlhkos\u0165ou a svetlom.<\/p>\n<\/li>\n<li data-start=\"5782\" data-end=\"5840\">\n<p data-start=\"5784\" data-end=\"5840\">Nie je vhodn\u00e9 na \u013eudsk\u00fa ani zvieraciu konzum\u00e1ciu.<\/p>\n<\/li>\n<\/ul>\n<hr data-start=\"5842\" data-end=\"5845\" \/>\n<h3 data-start=\"5847\" data-end=\"5882\"><strong data-start=\"5851\" data-end=\"5882\">\u010casto kladen\u00e9 ot\u00e1zky (FAQ)<\/strong><\/h3>\n<p data-start=\"5884\" data-end=\"6060\"><strong data-start=\"5884\" data-end=\"5932\">1. Na \u010do sa pou\u017e\u00edva ECPLA L-tartar\u00e1t?<\/strong><br data-start=\"5932\" data-end=\"5935\" \/>ECPLA sa pou\u017e\u00edva na <strong data-start=\"5961\" data-end=\"6006\">farmakologick\u00fd a neurochemick\u00fd v\u00fdskum<\/strong> na seroton\u00ednov\u00e9 receptory a anal\u00f3gy lysergamidu.<\/p>\n<p data-start=\"6062\" data-end=\"6241\"><strong data-start=\"6062\" data-end=\"6119\">2. Je ECPLA L-tartar\u00e1t bezpe\u010dn\u00fd pre \u013eudsk\u00e9 pou\u017eitie?<\/strong><br data-start=\"6119\" data-end=\"6122\" \/>Nie. Tento produkt je <strong data-start=\"6142\" data-end=\"6191\">ur\u010den\u00e9 len na v\u00fdskumn\u00e9 \u00fa\u010dely<\/strong> a nie je schv\u00e1len\u00fd na \u013eudsk\u00fa spotrebu.<\/p>\n<p data-start=\"6243\" data-end=\"6405\"><strong data-start=\"6243\" data-end=\"6291\">3. Ako sa m\u00e1 ECPLA L-tartar\u00e1t skladova\u0165?<\/strong><br data-start=\"6291\" data-end=\"6294\" \/>Skladujte v <strong data-start=\"6309\" data-end=\"6339\">dobre uzavret\u00e9 balenie<\/strong> pri izbovej teplote (15 \u2013 25 \u00b0C), chr\u00e1nen\u00e9 pred svetlom a vlhkos\u0165ou.<\/p>","protected":false},"excerpt":{"rendered":"<h3><span style=\"vertical-align: inherit;\"><span style=\"vertical-align: inherit;\"><span dir=\"auto\" style=\"vertical-align: inherit;\"><span dir=\"auto\" style=\"vertical-align: inherit;\">Vlastnosti L-tartr\u00e1tu ECPLA<\/span><\/span><\/span><\/span><\/h3>\n<p><strong><span style=\"vertical-align: inherit;\"><span style=\"vertical-align: inherit;\"><span dir=\"auto\" style=\"vertical-align: inherit;\"><span dir=\"auto\" style=\"vertical-align: inherit;\">Synonymum:<\/span><\/span><\/span><\/span><\/strong><span style=\"vertical-align: inherit;\"><span style=\"vertical-align: inherit;\"><span dir=\"auto\" style=\"vertical-align: inherit;\"><span dir=\"auto\" style=\"vertical-align: inherit;\"> hemi-L-tartr\u00e1t N-etyl-N-cyklopropylamidu kyseliny lysergovej <\/span><\/span><\/span><\/span><br \/>\n<strong><span style=\"vertical-align: inherit;\"><span style=\"vertical-align: inherit;\"><span dir=\"auto\" style=\"vertical-align: inherit;\"><span dir=\"auto\" style=\"vertical-align: inherit;\">\u010c\u00edslo CAS:<\/span><\/span><\/span><\/span><\/strong><span style=\"vertical-align: inherit;\"><span style=\"vertical-align: inherit;\"><span dir=\"auto\" style=\"vertical-align: inherit;\"><span dir=\"auto\" style=\"vertical-align: inherit;\"> PO <\/span><\/span><\/span><\/span><br \/>\n<strong><span style=\"vertical-align: inherit;\"><span style=\"vertical-align: inherit;\"><span dir=\"auto\" style=\"vertical-align: inherit;\"><span dir=\"auto\" style=\"vertical-align: inherit;\">Vzorec:<\/span><\/span><\/span><\/span><\/strong><span style=\"vertical-align: inherit;\"><span style=\"vertical-align: inherit;\"><span dir=\"auto\" style=\"vertical-align: inherit;\"><span dir=\"auto\" style=\"vertical-align: inherit;\"> (8p)-N-etyl-N-cyklopropyl-6-metyl-9,10-didehydroergol\u00edn-8-karboxamid hemi-L-tartr\u00e1t <\/span><\/span><\/span><\/span><br \/>\n<strong><span style=\"vertical-align: inherit;\"><span style=\"vertical-align: inherit;\"><span dir=\"auto\" style=\"vertical-align: inherit;\"><span dir=\"auto\" style=\"vertical-align: inherit;\">Molov\u00e1 hmotnos\u0165:<\/span><\/span><\/span><\/span><\/strong><span style=\"vertical-align: inherit;\"><span style=\"vertical-align: inherit;\"><span dir=\"auto\" style=\"vertical-align: inherit;\"><span dir=\"auto\" style=\"vertical-align: inherit;\"> 410,5 g\/mol <\/span><\/span><\/span><\/span><br \/>\n<strong><span style=\"vertical-align: inherit;\"><span style=\"vertical-align: inherit;\"><span dir=\"auto\" style=\"vertical-align: inherit;\"><span dir=\"auto\" style=\"vertical-align: inherit;\">\u010cistota:<\/span><\/span><\/span><\/span><\/strong><span style=\"vertical-align: inherit;\"><span style=\"vertical-align: inherit;\"><span dir=\"auto\" style=\"vertical-align: inherit;\"><span dir=\"auto\" style=\"vertical-align: inherit;\"> &gt;97%<\/span><\/span><\/span><\/span><\/p>","protected":false},"featured_media":20487,"comment_status":"closed","ping_status":"closed","template":"","meta":[],"product_brand":[],"product_cat":[547,358],"product_tag":[1151,1152,326],"class_list":{"0":"post-23571","1":"product","2":"type-product","3":"status-publish","4":"has-post-thumbnail","6":"product_cat-ecpla","7":"product_cat-lysergamides","8":"product_tag-ecpla","9":"product_tag-ecpla-kopen","10":"product_tag-nl","12":"first","13":"instock","14":"taxable","15":"shipping-taxable","16":"purchasable","17":"product-type-variable"},"_links":{"self":[{"href":"https:\/\/onderzoekschemicals.com\/sk\/wp-json\/wp\/v2\/product\/23571","targetHints":{"allow":["GET"]}}],"collection":[{"href":"https:\/\/onderzoekschemicals.com\/sk\/wp-json\/wp\/v2\/product"}],"about":[{"href":"https:\/\/onderzoekschemicals.com\/sk\/wp-json\/wp\/v2\/types\/product"}],"replies":[{"embeddable":true,"href":"https:\/\/onderzoekschemicals.com\/sk\/wp-json\/wp\/v2\/comments?post=23571"}],"version-history":[{"count":5,"href":"https:\/\/onderzoekschemicals.com\/sk\/wp-json\/wp\/v2\/product\/23571\/revisions"}],"predecessor-version":[{"id":28005,"href":"https:\/\/onderzoekschemicals.com\/sk\/wp-json\/wp\/v2\/product\/23571\/revisions\/28005"}],"wp:featuredmedia":[{"embeddable":true,"href":"https:\/\/onderzoekschemicals.com\/sk\/wp-json\/wp\/v2\/media\/20487"}],"wp:attachment":[{"href":"https:\/\/onderzoekschemicals.com\/sk\/wp-json\/wp\/v2\/media?parent=23571"}],"wp:term":[{"taxonomy":"product_brand","embeddable":true,"href":"https:\/\/onderzoekschemicals.com\/sk\/wp-json\/wp\/v2\/product_brand?post=23571"},{"taxonomy":"product_cat","embeddable":true,"href":"https:\/\/onderzoekschemicals.com\/sk\/wp-json\/wp\/v2\/product_cat?post=23571"},{"taxonomy":"product_tag","embeddable":true,"href":"https:\/\/onderzoekschemicals.com\/sk\/wp-json\/wp\/v2\/product_tag?post=23571"}],"curies":[{"name":"pracovn\u00fd list","href":"https:\/\/api.w.org\/{rel}","templated":true}]}}