{"id":23504,"date":"2025-04-13T17:39:53","date_gmt":"2025-04-13T17:39:53","guid":{"rendered":"https:\/\/onderzoekschemicals.com\/?post_type=product&#038;p=23504"},"modified":"2025-11-28T10:34:12","modified_gmt":"2025-11-28T10:34:12","slug":"5-meo-dmt-hydrochlorid","status":"publish","type":"product","link":"https:\/\/onderzoekschemicals.com\/sk\/obchod\/5-meo-dmt\/5-meo-dmt-hydrochlorid\/","title":{"rendered":"5-MeO-DMT hydrochlorid"},"content":{"rendered":"<p data-start=\"4011\" data-end=\"4213\"><strong data-start=\"4011\" data-end=\"4077\"><span dir=\"auto\" style=\"vertical-align: inherit;\"><span dir=\"auto\" style=\"vertical-align: inherit;\">5-MeO-DMT hydrochlorid (5-metoxy-N,N-dimetyltryptam\u00edn HCl)<\/span><\/span><\/strong><span dir=\"auto\" style=\"vertical-align: inherit;\"><span dir=\"auto\" style=\"vertical-align: inherit;\"> je <\/span><\/span><strong data-start=\"4085\" data-end=\"4127\"><span dir=\"auto\" style=\"vertical-align: inherit;\"><span dir=\"auto\" style=\"vertical-align: inherit;\">high-purity research compound<\/span><\/span><\/strong><span dir=\"auto\" style=\"vertical-align: inherit;\"><span dir=\"auto\" style=\"vertical-align: inherit;\"> vyvinut\u00e9 pre <\/span><\/span><strong data-start=\"4145\" data-end=\"4210\"><span dir=\"auto\" style=\"vertical-align: inherit;\"><span dir=\"auto\" style=\"vertical-align: inherit;\">neuroscience, pharmacological, and analytical research<\/span><\/span><\/strong><span dir=\"auto\" style=\"vertical-align: inherit;\"><span dir=\"auto\" style=\"vertical-align: inherit;\"> .<\/span><\/span><\/p>\n<p data-start=\"4215\" data-end=\"4497\"><span dir=\"auto\" style=\"vertical-align: inherit;\"><span dir=\"auto\" style=\"vertical-align: inherit;\">As <\/span><\/span><strong data-start=\"4219\" data-end=\"4249\"><span dir=\"auto\" style=\"vertical-align: inherit;\"><span dir=\"auto\" style=\"vertical-align: inherit;\">a natural indole alkaloid,<\/span><\/span><\/strong><span dir=\"auto\" style=\"vertical-align: inherit;\"><span dir=\"auto\" style=\"vertical-align: inherit;\"> 5-MeO-DMT is closely related to <\/span><\/span><strong data-start=\"4280\" data-end=\"4312\"><span dir=\"auto\" style=\"vertical-align: inherit;\"><span dir=\"auto\" style=\"vertical-align: inherit;\">DMT (N,N-dimethyltryptamine)<\/span><\/span><\/strong><span dir=\"auto\" style=\"vertical-align: inherit;\"><span dir=\"auto\" style=\"vertical-align: inherit;\"> a <\/span><\/span><strong data-start=\"4316\" data-end=\"4330\"><span dir=\"auto\" style=\"vertical-align: inherit;\"><span dir=\"auto\" style=\"vertical-align: inherit;\">bufoten\u00edn<\/span><\/span><\/strong><span dir=\"auto\" style=\"vertical-align: inherit;\"><span dir=\"auto\" style=\"vertical-align: inherit;\"> . The <\/span><\/span><strong data-start=\"4335\" data-end=\"4374\"><span dir=\"auto\" style=\"vertical-align: inherit;\"><span dir=\"auto\" style=\"vertical-align: inherit;\">methoxy substitution at the 5-position<\/span><\/span><\/strong><span dir=\"auto\" style=\"vertical-align: inherit;\"><span dir=\"auto\" style=\"vertical-align: inherit;\"> of the indole ring influences its <\/span><\/span><strong data-start=\"4407\" data-end=\"4437\"><span dir=\"auto\" style=\"vertical-align: inherit;\"><span dir=\"auto\" style=\"vertical-align: inherit;\">receptor-binding activity<\/span><\/span><\/strong><span dir=\"auto\" style=\"vertical-align: inherit;\"><span dir=\"auto\" style=\"vertical-align: inherit;\"> , particularly at <\/span><\/span><strong data-start=\"4450\" data-end=\"4494\"><span dir=\"auto\" style=\"vertical-align: inherit;\"><span dir=\"auto\" style=\"vertical-align: inherit;\">serotonin receptors (5-HT1A and 5-HT2A)<\/span><\/span><\/strong><span dir=\"auto\" style=\"vertical-align: inherit;\"><span dir=\"auto\" style=\"vertical-align: inherit;\"> .<\/span><\/span><\/p>\n<p data-start=\"4499\" data-end=\"4681\"><span dir=\"auto\" style=\"vertical-align: inherit;\"><span dir=\"auto\" style=\"vertical-align: inherit;\">Ten\/T\u00e1\/To <\/span><\/span><strong data-start=\"4502\" data-end=\"4529\"><span dir=\"auto\" style=\"vertical-align: inherit;\"><span dir=\"auto\" style=\"vertical-align: inherit;\">hydrochloride form (HCl)<\/span><\/span><\/strong><span dir=\"auto\" style=\"vertical-align: inherit;\"><span dir=\"auto\" style=\"vertical-align: inherit;\"> increases <\/span><\/span><strong data-start=\"4542\" data-end=\"4608\"><span dir=\"auto\" style=\"vertical-align: inherit;\"><span dir=\"auto\" style=\"vertical-align: inherit;\">chemical stability, solubility and safety in use<\/span><\/span><\/strong><span dir=\"auto\" style=\"vertical-align: inherit;\"><span dir=\"auto\" style=\"vertical-align: inherit;\"> , making it ideal for long-term storage and laboratory research.<\/span><\/span><\/p>\n<blockquote data-start=\"4683\" data-end=\"4834\">\n<p data-start=\"4685\" data-end=\"4834\">\u26a0\ufe0f <strong data-start=\"4688\" data-end=\"4699\"><span dir=\"auto\" style=\"vertical-align: inherit;\"><span dir=\"auto\" style=\"vertical-align: inherit;\">Upozornenie:<\/span><\/span><\/strong><span dir=\"auto\" style=\"vertical-align: inherit;\"><span dir=\"auto\" style=\"vertical-align: inherit;\"> Tento produkt je <\/span><\/span><strong data-start=\"4715\" data-end=\"4770\"><span dir=\"auto\" style=\"vertical-align: inherit;\"><span dir=\"auto\" style=\"vertical-align: inherit;\">ur\u010den\u00e9 len na vedeck\u00fd v\u00fdskum<\/span><\/span><\/strong><span dir=\"auto\" style=\"vertical-align: inherit;\"><span dir=\"auto\" style=\"vertical-align: inherit;\"> a <\/span><\/span><strong data-start=\"4774\" data-end=\"4831\"><span dir=\"auto\" style=\"vertical-align: inherit;\"><span dir=\"auto\" style=\"vertical-align: inherit;\">nie je vhodn\u00fd na \u013eudsk\u00fa ani zvieraciu konzum\u00e1ciu<\/span><\/span><\/strong><span dir=\"auto\" style=\"vertical-align: inherit;\"><span dir=\"auto\" style=\"vertical-align: inherit;\"> .<\/span><\/span><\/p>\n<\/blockquote>\n<hr data-start=\"4836\" data-end=\"4839\" \/>\n<h3 data-start=\"4841\" data-end=\"4872\"><strong data-start=\"4845\" data-end=\"4872\"><span dir=\"auto\" style=\"vertical-align: inherit;\"><span dir=\"auto\" style=\"vertical-align: inherit;\">K\u013e\u00fa\u010dov\u00e9 vlastnosti<\/span><\/span><\/strong><\/h3>\n<ul data-start=\"4873\" data-end=\"5277\">\n<li data-start=\"4873\" data-end=\"4960\">\n<p data-start=\"4875\" data-end=\"4960\"><strong data-start=\"4875\" data-end=\"4901\"><span dir=\"auto\" style=\"vertical-align: inherit;\"><span dir=\"auto\" style=\"vertical-align: inherit;\">Vysok\u00e1 \u010distota (\u226599%)<\/span><\/span><\/strong><span dir=\"auto\" style=\"vertical-align: inherit;\"><span dir=\"auto\" style=\"vertical-align: inherit;\"> \u2013 Laboratory tested using advanced analytical techniques.<\/span><\/span><\/p>\n<\/li>\n<li data-start=\"4961\" data-end=\"5037\">\n<p data-start=\"4963\" data-end=\"5037\"><strong data-start=\"4963\" data-end=\"4993\"><span dir=\"auto\" style=\"vertical-align: inherit;\"><span dir=\"auto\" style=\"vertical-align: inherit;\">Stable Hydrochloride form<\/span><\/span><\/strong><span dir=\"auto\" style=\"vertical-align: inherit;\"><span dir=\"auto\" style=\"vertical-align: inherit;\"> \u2013 Increases shelf life and solubility.<\/span><\/span><\/p>\n<\/li>\n<li data-start=\"5038\" data-end=\"5125\">\n<p data-start=\"5040\" data-end=\"5125\"><strong data-start=\"5040\" data-end=\"5079\"><span dir=\"auto\" style=\"vertical-align: inherit;\"><span dir=\"auto\" style=\"vertical-align: inherit;\">Pharmacological Research Standard<\/span><\/span><\/strong><span dir=\"auto\" style=\"vertical-align: inherit;\"><span dir=\"auto\" style=\"vertical-align: inherit;\"> \u2013 Suitable for receptor and SAR research.<\/span><\/span><\/p>\n<\/li>\n<li data-start=\"5126\" data-end=\"5196\">\n<p data-start=\"5128\" data-end=\"5196\"><strong data-start=\"5128\" data-end=\"5153\"><span dir=\"auto\" style=\"vertical-align: inherit;\"><span dir=\"auto\" style=\"vertical-align: inherit;\">Consistent Quality<\/span><\/span><\/strong><span dir=\"auto\" style=\"vertical-align: inherit;\"><span dir=\"auto\" style=\"vertical-align: inherit;\"> \u2013 Manufactured under GMP-like standards.<\/span><\/span><\/p>\n<\/li>\n<li data-start=\"5197\" data-end=\"5277\">\n<p data-start=\"5199\" data-end=\"5277\"><strong data-start=\"5199\" data-end=\"5221\"><span dir=\"auto\" style=\"vertical-align: inherit;\"><span dir=\"auto\" style=\"vertical-align: inherit;\">Bezpe\u010dn\u00e9 balenie<\/span><\/span><\/strong><span dir=\"auto\" style=\"vertical-align: inherit;\"><span dir=\"auto\" style=\"vertical-align: inherit;\"> \u2013 Airtight and lightproof for maximum protection.<\/span><\/span><\/p>\n<\/li>\n<\/ul>\n<hr data-start=\"5279\" data-end=\"5282\" \/>\n<h3 data-start=\"5284\" data-end=\"5301\"><strong data-start=\"5288\" data-end=\"5301\"><span dir=\"auto\" style=\"vertical-align: inherit;\"><span dir=\"auto\" style=\"vertical-align: inherit;\">V\u00fdhody<\/span><\/span><\/strong><\/h3>\n<ul data-start=\"5302\" data-end=\"5577\">\n<li data-start=\"5302\" data-end=\"5382\">\n<p data-start=\"5304\" data-end=\"5382\"><span dir=\"auto\" style=\"vertical-align: inherit;\"><span dir=\"auto\" style=\"vertical-align: inherit;\">Supports <\/span><\/span><strong data-start=\"5316\" data-end=\"5379\"><span dir=\"auto\" style=\"vertical-align: inherit;\"><span dir=\"auto\" style=\"vertical-align: inherit;\">research into serotonin receptors and tryptamine analogs<\/span><\/span><\/strong><span dir=\"auto\" style=\"vertical-align: inherit;\"><span dir=\"auto\" style=\"vertical-align: inherit;\"> .<\/span><\/span><\/p>\n<\/li>\n<li data-start=\"5383\" data-end=\"5461\">\n<p data-start=\"5385\" data-end=\"5461\"><strong data-start=\"5385\" data-end=\"5430\"><span dir=\"auto\" style=\"vertical-align: inherit;\"><span dir=\"auto\" style=\"vertical-align: inherit;\">Reliable and reproducible results<\/span><\/span><\/strong><span dir=\"auto\" style=\"vertical-align: inherit;\"><span dir=\"auto\" style=\"vertical-align: inherit;\"> in pharmacological research.<\/span><\/span><\/p>\n<\/li>\n<li data-start=\"5462\" data-end=\"5509\">\n<p data-start=\"5464\" data-end=\"5509\"><strong data-start=\"5464\" data-end=\"5486\"><span dir=\"auto\" style=\"vertical-align: inherit;\"><span dir=\"auto\" style=\"vertical-align: inherit;\">Better stability<\/span><\/span><\/strong><span dir=\"auto\" style=\"vertical-align: inherit;\"><span dir=\"auto\" style=\"vertical-align: inherit;\"> than the freebase form.<\/span><\/span><\/p>\n<\/li>\n<li data-start=\"5510\" data-end=\"5577\">\n<p data-start=\"5512\" data-end=\"5577\"><span dir=\"auto\" style=\"vertical-align: inherit;\"><span dir=\"auto\" style=\"vertical-align: inherit;\">Ideal for <\/span><\/span><strong data-start=\"5524\" data-end=\"5574\"><span dir=\"auto\" style=\"vertical-align: inherit;\"><span dir=\"auto\" style=\"vertical-align: inherit;\">academic, analytical and forensic research<\/span><\/span><\/strong><span dir=\"auto\" style=\"vertical-align: inherit;\"><span dir=\"auto\" style=\"vertical-align: inherit;\"> .<\/span><\/span><\/p>\n<\/li>\n<\/ul>\n<hr data-start=\"5579\" data-end=\"5582\" \/>\n<h3 data-start=\"5584\" data-end=\"5599\"><strong data-start=\"5588\" data-end=\"5599\"><span dir=\"auto\" style=\"vertical-align: inherit;\"><span dir=\"auto\" style=\"vertical-align: inherit;\">Pou\u017eitie<\/span><\/span><\/strong><\/h3>\n<ul data-start=\"5600\" data-end=\"5871\">\n<li data-start=\"5600\" data-end=\"5670\">\n<p data-start=\"5602\" data-end=\"5670\"><span dir=\"auto\" style=\"vertical-align: inherit;\"><span dir=\"auto\" style=\"vertical-align: inherit;\">For use by <\/span><\/span><strong data-start=\"5627\" data-end=\"5667\"><span dir=\"auto\" style=\"vertical-align: inherit;\"><span dir=\"auto\" style=\"vertical-align: inherit;\">qualified laboratory personnel<\/span><\/span><\/strong><span dir=\"auto\" style=\"vertical-align: inherit;\"><span dir=\"auto\" style=\"vertical-align: inherit;\"> only .<\/span><\/span><\/p>\n<\/li>\n<li data-start=\"5671\" data-end=\"5747\">\n<p data-start=\"5673\" data-end=\"5747\"><span dir=\"auto\" style=\"vertical-align: inherit;\"><span dir=\"auto\" style=\"vertical-align: inherit;\">Wear appropriate <\/span><\/span><strong data-start=\"5691\" data-end=\"5715\"><span dir=\"auto\" style=\"vertical-align: inherit;\"><span dir=\"auto\" style=\"vertical-align: inherit;\">protective equipment<\/span><\/span><\/strong><span dir=\"auto\" style=\"vertical-align: inherit;\"><span dir=\"auto\" style=\"vertical-align: inherit;\"> (gloves, goggles, lab coat).<\/span><\/span><\/p>\n<\/li>\n<li data-start=\"5748\" data-end=\"5812\">\n<p data-start=\"5750\" data-end=\"5812\"><span dir=\"auto\" style=\"vertical-align: inherit;\"><span dir=\"auto\" style=\"vertical-align: inherit;\">Store in a <\/span><\/span><strong data-start=\"5765\" data-end=\"5799\"><span dir=\"auto\" style=\"vertical-align: inherit;\"><span dir=\"auto\" style=\"vertical-align: inherit;\">chladnom, suchom a tmavom mieste<\/span><\/span><\/strong><span dir=\"auto\" style=\"vertical-align: inherit;\"><span dir=\"auto\" style=\"vertical-align: inherit;\"> (15 \u2013 25 \u00b0C).<\/span><\/span><\/p>\n<\/li>\n<li data-start=\"5813\" data-end=\"5871\">\n<p data-start=\"5815\" data-end=\"5871\"><span dir=\"auto\" style=\"vertical-align: inherit;\"><span dir=\"auto\" style=\"vertical-align: inherit;\">Nie je vhodn\u00e9 na \u013eudsk\u00fa ani zvieraciu konzum\u00e1ciu.<\/span><\/span><\/p>\n<\/li>\n<\/ul>\n<hr data-start=\"5873\" data-end=\"5876\" \/>\n<h3 data-start=\"5878\" data-end=\"5913\"><strong data-start=\"5882\" data-end=\"5913\"><span dir=\"auto\" style=\"vertical-align: inherit;\"><span dir=\"auto\" style=\"vertical-align: inherit;\">\u010casto kladen\u00e9 ot\u00e1zky (FAQ)<\/span><\/span><\/strong><\/h3>\n<p data-start=\"5915\" data-end=\"6140\"><strong data-start=\"5915\" data-end=\"5970\"><span dir=\"auto\" style=\"vertical-align: inherit;\"><span dir=\"auto\" style=\"vertical-align: inherit;\">1. What is 5-MeO-DMT Hydrochloride used for?<\/span><\/span><\/strong><br data-start=\"5970\" data-end=\"5973\" \/><span dir=\"auto\" style=\"vertical-align: inherit;\"><span dir=\"auto\" style=\"vertical-align: inherit;\"> 5-MeO-DMT Hydrochloride is used in <\/span><\/span><strong data-start=\"6015\" data-end=\"6068\"><span dir=\"auto\" style=\"vertical-align: inherit;\"><span dir=\"auto\" style=\"vertical-align: inherit;\">neuroscience and pharmacology research<\/span><\/span><\/strong><span dir=\"auto\" style=\"vertical-align: inherit;\"><span dir=\"auto\" style=\"vertical-align: inherit;\"> on serotonin receptors and structure-activity relationships (SAR).<\/span><\/span><\/p>\n<p data-start=\"6142\" data-end=\"6328\"><strong data-start=\"6142\" data-end=\"6206\"><span dir=\"auto\" style=\"vertical-align: inherit;\"><span dir=\"auto\" style=\"vertical-align: inherit;\">2. Is 5-MeO-DMT Hydrochloride safe for human use?<\/span><\/span><\/strong><br data-start=\"6206\" data-end=\"6209\" \/><span dir=\"auto\" style=\"vertical-align: inherit;\"><span dir=\"auto\" style=\"vertical-align: inherit;\"> Nie. Tento produkt je <\/span><\/span><strong data-start=\"6229\" data-end=\"6278\"><span dir=\"auto\" style=\"vertical-align: inherit;\"><span dir=\"auto\" style=\"vertical-align: inherit;\">ur\u010den\u00e9 len na v\u00fdskumn\u00e9 \u00fa\u010dely<\/span><\/span><\/strong><span dir=\"auto\" style=\"vertical-align: inherit;\"><span dir=\"auto\" style=\"vertical-align: inherit;\"> and is not approved for human consumption.<\/span><\/span><\/p>\n<p data-start=\"6330\" data-end=\"6499\"><strong data-start=\"6330\" data-end=\"6385\"><span dir=\"auto\" style=\"vertical-align: inherit;\"><span dir=\"auto\" style=\"vertical-align: inherit;\">3. How should 5-MeO-DMT Hydrochloride be stored?<\/span><\/span><\/strong><br data-start=\"6385\" data-end=\"6388\" \/><span dir=\"auto\" style=\"vertical-align: inherit;\"><span dir=\"auto\" style=\"vertical-align: inherit;\"> Store in a <\/span><\/span><strong data-start=\"6403\" data-end=\"6433\"><span dir=\"auto\" style=\"vertical-align: inherit;\"><span dir=\"auto\" style=\"vertical-align: inherit;\">tightly closed container<\/span><\/span><\/strong><span dir=\"auto\" style=\"vertical-align: inherit;\"><span dir=\"auto\" style=\"vertical-align: inherit;\"> at room temperature (15\u201325\u00b0C), protected from light and moisture.<\/span><\/span><\/p>","protected":false},"excerpt":{"rendered":"<h3><span data-sheets-value=\"{\" data-sheets-userformat=\"{\"><span dir=\"auto\" style=\"vertical-align: inherit;\"><span dir=\"auto\" style=\"vertical-align: inherit;\"><span dir=\"auto\" style=\"vertical-align: inherit;\"><span dir=\"auto\" style=\"vertical-align: inherit;\">5-MeO-DMT hydrochloride properties<\/span><\/span><\/span><\/span><\/span><\/h3>\n<p><strong><span dir=\"auto\" style=\"vertical-align: inherit;\"><span dir=\"auto\" style=\"vertical-align: inherit;\"><span dir=\"auto\" style=\"vertical-align: inherit;\"><span dir=\"auto\" style=\"vertical-align: inherit;\">Synonym:<\/span><\/span><\/span><\/span><\/strong><span dir=\"auto\" style=\"vertical-align: inherit;\"><span dir=\"auto\" style=\"vertical-align: inherit;\"><span dir=\"auto\" style=\"vertical-align: inherit;\"><span dir=\"auto\" style=\"vertical-align: inherit;\"> 5-methoxy-N,N-dimethyltryptamine hydrochloride <\/span><\/span><\/span><\/span><br \/>\n<strong><span dir=\"auto\" style=\"vertical-align: inherit;\"><span dir=\"auto\" style=\"vertical-align: inherit;\"><span dir=\"auto\" style=\"vertical-align: inherit;\"><span dir=\"auto\" style=\"vertical-align: inherit;\">CAS Number:<\/span><\/span><\/span><\/span><\/strong><span dir=\"auto\" style=\"vertical-align: inherit;\"><span dir=\"auto\" style=\"vertical-align: inherit;\"><span dir=\"auto\" style=\"vertical-align: inherit;\"><span dir=\"auto\" style=\"vertical-align: inherit;\"> n\/a <\/span><\/span><\/span><\/span><br \/>\n<strong><span dir=\"auto\" style=\"vertical-align: inherit;\"><span dir=\"auto\" style=\"vertical-align: inherit;\"><span dir=\"auto\" style=\"vertical-align: inherit;\"><span dir=\"auto\" style=\"vertical-align: inherit;\">Formula:<\/span><\/span><\/span><\/span><\/strong><span dir=\"auto\" style=\"vertical-align: inherit;\"><span dir=\"auto\" style=\"vertical-align: inherit;\"><span dir=\"auto\" style=\"vertical-align: inherit;\"><span dir=\"auto\" style=\"vertical-align: inherit;\"> 3-[2-(dimethylamino)ethyl]-5-methoxyindole hydrochloride <\/span><\/span><\/span><\/span><br \/>\n<strong><span dir=\"auto\" style=\"vertical-align: inherit;\"><span dir=\"auto\" style=\"vertical-align: inherit;\"><span dir=\"auto\" style=\"vertical-align: inherit;\"><span dir=\"auto\" style=\"vertical-align: inherit;\">Molar mass:<\/span><\/span><\/span><\/span><\/strong><span dir=\"auto\" style=\"vertical-align: inherit;\"><span dir=\"auto\" style=\"vertical-align: inherit;\"><span dir=\"auto\" style=\"vertical-align: inherit;\"><span dir=\"auto\" style=\"vertical-align: inherit;\"> 254.8 g\/mol <\/span><\/span><\/span><\/span><br \/>\n<strong><span dir=\"auto\" style=\"vertical-align: inherit;\"><span dir=\"auto\" style=\"vertical-align: inherit;\"><span dir=\"auto\" style=\"vertical-align: inherit;\"><span dir=\"auto\" style=\"vertical-align: inherit;\">Purity:<\/span><\/span><\/span><\/span><\/strong><span dir=\"auto\" style=\"vertical-align: inherit;\"><span dir=\"auto\" style=\"vertical-align: inherit;\"><span dir=\"auto\" style=\"vertical-align: inherit;\"><span dir=\"auto\" style=\"vertical-align: inherit;\"> &gt;97%<\/span><\/span><\/span><\/span><\/p>\n","protected":false},"featured_media":29271,"comment_status":"closed","ping_status":"closed","template":"","meta":[],"product_brand":[],"product_cat":[511,381],"product_tag":[1165,1166,326],"class_list":{"0":"post-23504","1":"product","2":"type-product","3":"status-publish","4":"has-post-thumbnail","6":"product_cat-5-meo-dmt-kopen","7":"product_cat-tryptamines","8":"product_tag-5-meo-dmt-hydrochloride","9":"product_tag-5-meo-dmt-hydrochloride-kopen","10":"product_tag-nl","12":"first","13":"instock","14":"taxable","15":"shipping-taxable","16":"purchasable","17":"product-type-variable"},"_links":{"self":[{"href":"https:\/\/onderzoekschemicals.com\/sk\/wp-json\/wp\/v2\/product\/23504","targetHints":{"allow":["GET"]}}],"collection":[{"href":"https:\/\/onderzoekschemicals.com\/sk\/wp-json\/wp\/v2\/product"}],"about":[{"href":"https:\/\/onderzoekschemicals.com\/sk\/wp-json\/wp\/v2\/types\/product"}],"replies":[{"embeddable":true,"href":"https:\/\/onderzoekschemicals.com\/sk\/wp-json\/wp\/v2\/comments?post=23504"}],"version-history":[{"count":6,"href":"https:\/\/onderzoekschemicals.com\/sk\/wp-json\/wp\/v2\/product\/23504\/revisions"}],"predecessor-version":[{"id":28730,"href":"https:\/\/onderzoekschemicals.com\/sk\/wp-json\/wp\/v2\/product\/23504\/revisions\/28730"}],"wp:featuredmedia":[{"embeddable":true,"href":"https:\/\/onderzoekschemicals.com\/sk\/wp-json\/wp\/v2\/media\/29271"}],"wp:attachment":[{"href":"https:\/\/onderzoekschemicals.com\/sk\/wp-json\/wp\/v2\/media?parent=23504"}],"wp:term":[{"taxonomy":"product_brand","embeddable":true,"href":"https:\/\/onderzoekschemicals.com\/sk\/wp-json\/wp\/v2\/product_brand?post=23504"},{"taxonomy":"product_cat","embeddable":true,"href":"https:\/\/onderzoekschemicals.com\/sk\/wp-json\/wp\/v2\/product_cat?post=23504"},{"taxonomy":"product_tag","embeddable":true,"href":"https:\/\/onderzoekschemicals.com\/sk\/wp-json\/wp\/v2\/product_tag?post=23504"}],"curies":[{"name":"pracovn\u00fd list","href":"https:\/\/api.w.org\/{rel}","templated":true}]}}