{"id":23317,"date":"2025-04-13T17:39:34","date_gmt":"2025-04-13T17:39:34","guid":{"rendered":"https:\/\/onderzoekschemicals.com\/?post_type=product&#038;p=23317"},"modified":"2025-11-28T11:31:07","modified_gmt":"2025-11-28T11:31:07","slug":"flubromazepam-werking","status":"publish","type":"product","link":"https:\/\/onderzoekschemicals.com\/sk\/shop\/benzodiazepinen\/flubromazepam-werking\/","title":{"rendered":"Flubromazepam \u010dist\u00fd"},"content":{"rendered":"<h2><span dir=\"auto\" style=\"vertical-align: inherit;\"><span dir=\"auto\" style=\"vertical-align: inherit;\">flubromazepam <\/span><\/span><span class=\"___SText_pr68d-red-team\" data-ui-name=\"Link.Text\"><span dir=\"auto\" style=\"vertical-align: inherit;\"><span dir=\"auto\" style=\"vertical-align: inherit;\">\u00a0\u00fa\u010dinky<\/span><\/span><\/span><\/h2>\n<p><strong><span dir=\"auto\" style=\"vertical-align: inherit;\"><span dir=\"auto\" style=\"vertical-align: inherit;\">Flubromazepam je l\u00e1tka, ktor\u00e1 <\/span><\/span><span class=\"___SText_pr68d-red-team\" data-ui-name=\"Link.Text\"><span dir=\"auto\" style=\"vertical-align: inherit;\"><span dir=\"auto\" style=\"vertical-align: inherit;\">je<\/span><\/span><\/span><\/strong><span dir=\"auto\" style=\"vertical-align: inherit;\"><span dir=\"auto\" style=\"vertical-align: inherit;\"> pred\u00e1va sa len na v\u00fdskumn\u00e9 \u00fa\u010dely, a preto nie je ur\u010den\u00fd na konzum\u00e1ciu.<\/span><\/span><\/p>\n<p><span dir=\"auto\" style=\"vertical-align: inherit;\"><span dir=\"auto\" style=\"vertical-align: inherit;\">Flubromazepam zost\u00e1va pri spr\u00e1vnom skladovan\u00ed stabiln\u00fd a\u017e 2 roky. Flubromazepam je ur\u010den\u00fd na v\u00fdskumn\u00e9 \u00fa\u010dely a nie na \u013eudsk\u00fa spotrebu. Preto je d\u00f4le\u017eit\u00e9 uchov\u00e1va\u0165 liek mimo dosahu det\u00ed a dom\u00e1cich zvierat. <\/span><\/span><a title=\"1V-LSD 150 MCG pijavice\" href=\"https:\/\/onderzoekschemicals.com\/sk\/shop\/lysergamides\/1v-lsd-150-mcg-blotters\/\" target=\"_blank\" rel=\"noopener\"><span dir=\"auto\" style=\"vertical-align: inherit;\"><span dir=\"auto\" style=\"vertical-align: inherit;\">1V-LSD 150 MCG pijavice<\/span><\/span><\/a><\/p>\n<p><span dir=\"auto\" style=\"vertical-align: inherit;\"><span dir=\"auto\" style=\"vertical-align: inherit;\">Pon\u00fakame vysokokvalitn\u00e9 v\u00fdskumn\u00e9 chemik\u00e1lie za rozumn\u00fa cenu. Va\u0161a objedn\u00e1vka sa odosiela ka\u017ed\u00fd de\u0148 do 24 hod\u00edn. Objedna\u0165 <\/span><\/span><em><span dir=\"auto\" style=\"vertical-align: inherit;\"><span dir=\"auto\" style=\"vertical-align: inherit;\">flubromazepam<\/span><\/span><\/em><span dir=\"auto\" style=\"vertical-align: inherit;\"><span dir=\"auto\" style=\"vertical-align: inherit;\"> bezpe\u010dne a r\u00fdchlo online! <\/span><\/span><a title=\"2C-EF 2 mg kapsuly\" href=\"https:\/\/onderzoekschemicals.com\/sk\/shop\/fenethylamine\/2c-ef-2mg-capsules\/\" target=\"_blank\" rel=\"noopener\"><span dir=\"auto\" style=\"vertical-align: inherit;\"><span dir=\"auto\" style=\"vertical-align: inherit;\">2C-EF 2 mg kapsuly<\/span><\/span><\/a><\/p>\n<h3><span dir=\"auto\" style=\"vertical-align: inherit;\"><span dir=\"auto\" style=\"vertical-align: inherit;\">Vlastnosti flubromazepamu<\/span><\/span><\/h3>\n<p><strong><span dir=\"auto\" style=\"vertical-align: inherit;\"><span dir=\"auto\" style=\"vertical-align: inherit;\">Synonymum:<\/span><\/span><\/strong><span dir=\"auto\" style=\"vertical-align: inherit;\"><span dir=\"auto\" style=\"vertical-align: inherit;\"> flubromazepam <\/span><\/span><br \/>\n<strong><span dir=\"auto\" style=\"vertical-align: inherit;\"><span dir=\"auto\" style=\"vertical-align: inherit;\">\u010c\u00edslo CAS:<\/span><\/span><\/strong><span dir=\"auto\" style=\"vertical-align: inherit;\"><span dir=\"auto\" style=\"vertical-align: inherit;\"> 2647-50-9 <\/span><\/span><br \/>\n<strong><span dir=\"auto\" style=\"vertical-align: inherit;\"><span dir=\"auto\" style=\"vertical-align: inherit;\">Vzorec:<\/span><\/span><\/strong><span dir=\"auto\" style=\"vertical-align: inherit;\"><span dir=\"auto\" style=\"vertical-align: inherit;\"> 7-br\u00f3m-5-(2-flu\u00f3rfenyl)-1,3-dihydro-2H-1,4-benzodiazep\u00edn-2-\u00f3n <\/span><\/span><br \/>\n<strong><span dir=\"auto\" style=\"vertical-align: inherit;\"><span dir=\"auto\" style=\"vertical-align: inherit;\">Mol\u00e1rna hmotnos\u0165:<\/span><\/span><\/strong><span dir=\"auto\" style=\"vertical-align: inherit;\"><span dir=\"auto\" style=\"vertical-align: inherit;\"> 333,2 g\/mol <\/span><\/span><br \/>\n<strong><span dir=\"auto\" style=\"vertical-align: inherit;\"><span dir=\"auto\" style=\"vertical-align: inherit;\">\u010cistota:<\/span><\/span><\/strong><span dir=\"auto\" style=\"vertical-align: inherit;\"><span dir=\"auto\" style=\"vertical-align: inherit;\"> &gt;97%<\/span><\/span><\/p>\n<h3><span dir=\"auto\" style=\"vertical-align: inherit;\"><span dir=\"auto\" style=\"vertical-align: inherit;\">\u010co je flubromazepam?<\/span><\/span><\/h3>\n<p><span dir=\"auto\" style=\"vertical-align: inherit;\"><span dir=\"auto\" style=\"vertical-align: inherit;\">Flubromazepam je v\u00fdskumn\u00e1 chemik\u00e1lia patriaca do triedy benzodiazep\u00ednov. Je to syntetick\u00e1 zl\u00fa\u010denina, ktor\u00e1 pritiahla z\u00e1ujem v\u00fdskumn\u00edkov kv\u00f4li svojim potenci\u00e1lnym \u00fa\u010dinkom na centr\u00e1lny nervov\u00fd syst\u00e9m.<\/span><\/span><\/p>\n<p><span dir=\"auto\" style=\"vertical-align: inherit;\"><span dir=\"auto\" style=\"vertical-align: inherit;\">Flubromazepam poch\u00e1dza z rodiny benzodiazep\u00ednov, ktor\u00e9 s\u00fa zn\u00e1me svojimi sedat\u00edvnymi, anxiolytick\u00fdmi a svalovo-relaxa\u010dn\u00fdmi vlastnos\u0165ami. Bol vyvinut\u00fd ako modifik\u00e1cia existuj\u00facich benzodiazep\u00ednov s cie\u013eom presk\u00fama\u0165 vari\u00e1cie vo farmakologickom profile a potenci\u00e1lne terapeutick\u00e9 aplik\u00e1cie. V\u00fdskumn\u00edci sa obzvl\u00e1\u0161\u0165 zauj\u00edmaj\u00fa o \u0161t\u00fadium interakcie flubromazepamu s receptormi GABA-A v mozgu. Tieto receptory hraj\u00fa k\u013e\u00fa\u010dov\u00fa \u00falohu v regul\u00e1cii inhibi\u010dn\u00fdch neurotransmiterov.<\/span><\/span><\/p>\n<p><span dir=\"auto\" style=\"vertical-align: inherit;\"><span dir=\"auto\" style=\"vertical-align: inherit;\">V\u00fdvoj flubromazepamu ako v\u00fdskumnej chemickej l\u00e1tky je poh\u00e1\u0148an\u00fd vedeckou zvedavos\u0165ou a t\u00fa\u017ebou zlep\u0161i\u0165 na\u0161e ch\u00e1panie benzodiazep\u00ednov\u00fdch zl\u00fa\u010den\u00edn. Vedci sa prostredn\u00edctvom d\u00f4kladn\u00e9ho v\u00fdskumu sna\u017eia roz\u0161\u00edri\u0165 na\u0161e poznatky o \u00fa\u010dinkoch tejto zl\u00fa\u010deniny na centr\u00e1lny nervov\u00fd syst\u00e9m a prispie\u0165 k \u0161ir\u0161iemu pochopeniu benzodiazep\u00ednov.<\/span><\/span><\/p>\n<h3><span dir=\"auto\" style=\"vertical-align: inherit;\"><span dir=\"auto\" style=\"vertical-align: inherit;\">Ako vznikol flubromazepam?<\/span><\/span><\/h3>\n<p><span dir=\"auto\" style=\"vertical-align: inherit;\"><span dir=\"auto\" style=\"vertical-align: inherit;\">Hist\u00f3ria chemickej l\u00e1tky flubromazepam je \u00fazko sp\u00e4t\u00e1 s v\u00fdvojom a v\u00fdskumom benzodiazep\u00ednov\u00fdch zl\u00fa\u010den\u00edn. Benzodiazep\u00edny, trieda zn\u00e1ma svojimi sedat\u00edvnymi, anxiolytick\u00fdmi a svalovo-relaxa\u010dn\u00fdmi vlastnos\u0165ami, maj\u00fa dlh\u00fa hist\u00f3riu vo farmaceutickom v\u00fdskume.<\/span><\/span><\/p>\n<p><span dir=\"auto\" style=\"vertical-align: inherit;\"><span dir=\"auto\" style=\"vertical-align: inherit;\">Samotn\u00fd flubromazepam sa v posledn\u00fdch rokoch objavil ako v\u00fdskumn\u00e1 chemik\u00e1lia, ke\u010f\u017ee vedci sa sna\u017eili roz\u0161\u00edri\u0165 svoje znalosti a ch\u00e1panie benzodiazep\u00ednov. T\u00e1to zl\u00fa\u010denina bola vyvinut\u00e1 ako modifik\u00e1cia existuj\u00facich benzodiazep\u00ednov s cie\u013eom presk\u00fama\u0165 potenci\u00e1lne vari\u00e1cie v ich farmakologickom profile a vlastnostiach.<\/span><\/span><\/p>\n<p><span dir=\"auto\" style=\"vertical-align: inherit;\"><span dir=\"auto\" style=\"vertical-align: inherit;\">Synt\u00e9za a \u0161t\u00fadium flubromazepamu prebiehali predov\u0161etk\u00fdm v oblasti vedeck\u00e9ho v\u00fdskumu. V\u00fdskumn\u00edci vr\u00e1tane chemikov, farmakol\u00f3gov a neurovedcov sa zauj\u00edmaj\u00fa o sk\u00famanie chemickej \u0161trukt\u00fary zl\u00fa\u010deniny, jej \u00fa\u010dinkov na centr\u00e1lny nervov\u00fd syst\u00e9m a jej potenci\u00e1lnych terapeutick\u00fdch aplik\u00e1ci\u00ed. <\/span><\/span><a title=\"2-CMC 250 mg pelety\" href=\"https:\/\/onderzoekschemicals.com\/sk\/shop\/cathinonen\/2-cmc-kopen\/\" target=\"_blank\" rel=\"noopener\"><span dir=\"auto\" style=\"vertical-align: inherit;\"><span dir=\"auto\" style=\"vertical-align: inherit;\">2-CMC 250 mg pelety<\/span><\/span><\/a><\/p>\n<h3><span dir=\"auto\" style=\"vertical-align: inherit;\"><span dir=\"auto\" style=\"vertical-align: inherit;\">V\u00fdstra\u017en\u00e9 upozornenie<\/span><\/span><\/h3>\n<p><span dir=\"auto\" style=\"vertical-align: inherit;\"><span dir=\"auto\" style=\"vertical-align: inherit;\">Flubromazepam m\u00f4\u017ee sp\u00f4sobi\u0165 podr\u00e1\u017edenie d\u00fdchac\u00edch ciest <\/span><\/span><br \/>\n<span dir=\"auto\" style=\"vertical-align: inherit;\"><span dir=\"auto\" style=\"vertical-align: inherit;\">Flubromazepam m\u00f4\u017ee sp\u00f4sobi\u0165 podr\u00e1\u017edenie o\u010d\u00ed. <\/span><\/span><br \/>\n<span dir=\"auto\" style=\"vertical-align: inherit;\"><span dir=\"auto\" style=\"vertical-align: inherit;\">Vyp\u00fa\u0161\u0165anie v\u00fdskumn\u00fdch chemik\u00e1li\u00ed do \u017eivotn\u00e9ho prostredia je zak\u00e1zan\u00e9.<\/span><\/span><\/p>\n<p><span dir=\"auto\" style=\"vertical-align: inherit;\"><span dir=\"auto\" style=\"vertical-align: inherit;\">PRI ZASIAHNUT\u00cd O\u010c\u00cd Flubromazepamom: O\u010di jemne vyplachujte vodou p\u00e4\u0165 min\u00fat. Ak je to mo\u017en\u00e9, vyberte kontaktn\u00e9 \u0161o\u0161ovky. <\/span><\/span><a href=\"http:\/\/google.nl\" target=\"_blank\" rel=\"noopener\"><span dir=\"auto\" style=\"vertical-align: inherit;\"><span dir=\"auto\" style=\"vertical-align: inherit;\">.<\/span><\/span><\/a><\/p>\n<p><span dir=\"auto\" style=\"vertical-align: inherit;\"><span dir=\"auto\" style=\"vertical-align: inherit;\">Flubromazepam PRI KONTAKTE S POKO\u017dKOU: Umyte poko\u017eku mydlom a vodou.<\/span><\/span><\/p>\n<p><span dir=\"auto\" style=\"vertical-align: inherit;\"><span dir=\"auto\" style=\"vertical-align: inherit;\">PO VD\u00ddCHNUT\u00cd Flubromazepam: Preneste postihnut\u00e9ho na \u010derstv\u00fd vzduch a ulo\u017ete ho do polohy, ktor\u00e1 mu u\u013eah\u010duje d\u00fdchanie.<\/span><\/span><\/p>","protected":false},"excerpt":{"rendered":"<p>\u00da\u010dinky flubromazepamu Flubromazepam je l\u00e1tka, ktor\u00e1 sa pred\u00e1va iba na v\u00fdskumn\u00e9 \u00fa\u010dely, a preto nie je ur\u010den\u00e1 na konzum\u00e1ciu.<\/p>","protected":false},"featured_media":29338,"comment_status":"closed","ping_status":"closed","template":"","meta":[],"product_brand":[82],"product_cat":[76,386],"product_tag":[138,139,140,142,141,326],"class_list":{"0":"post-23317","1":"product","2":"type-product","3":"status-publish","4":"has-post-thumbnail","6":"product_brand-research-chemical","7":"product_cat-benzodiazepinen","8":"product_cat-flubromazepam","9":"product_tag-flubromazepam","10":"product_tag-flubromazepam-effects","11":"product_tag-flubromazepam-ervaring","12":"product_tag-flubromazepam-halfwaardetijd","13":"product_tag-flubromazepam-werking","14":"product_tag-nl","16":"first","17":"instock","18":"taxable","19":"shipping-taxable","20":"purchasable","21":"product-type-variable"},"_links":{"self":[{"href":"https:\/\/onderzoekschemicals.com\/sk\/wp-json\/wp\/v2\/product\/23317","targetHints":{"allow":["GET"]}}],"collection":[{"href":"https:\/\/onderzoekschemicals.com\/sk\/wp-json\/wp\/v2\/product"}],"about":[{"href":"https:\/\/onderzoekschemicals.com\/sk\/wp-json\/wp\/v2\/types\/product"}],"replies":[{"embeddable":true,"href":"https:\/\/onderzoekschemicals.com\/sk\/wp-json\/wp\/v2\/comments?post=23317"}],"version-history":[{"count":4,"href":"https:\/\/onderzoekschemicals.com\/sk\/wp-json\/wp\/v2\/product\/23317\/revisions"}],"predecessor-version":[{"id":28746,"href":"https:\/\/onderzoekschemicals.com\/sk\/wp-json\/wp\/v2\/product\/23317\/revisions\/28746"}],"wp:featuredmedia":[{"embeddable":true,"href":"https:\/\/onderzoekschemicals.com\/sk\/wp-json\/wp\/v2\/media\/29338"}],"wp:attachment":[{"href":"https:\/\/onderzoekschemicals.com\/sk\/wp-json\/wp\/v2\/media?parent=23317"}],"wp:term":[{"taxonomy":"product_brand","embeddable":true,"href":"https:\/\/onderzoekschemicals.com\/sk\/wp-json\/wp\/v2\/product_brand?post=23317"},{"taxonomy":"product_cat","embeddable":true,"href":"https:\/\/onderzoekschemicals.com\/sk\/wp-json\/wp\/v2\/product_cat?post=23317"},{"taxonomy":"product_tag","embeddable":true,"href":"https:\/\/onderzoekschemicals.com\/sk\/wp-json\/wp\/v2\/product_tag?post=23317"}],"curies":[{"name":"pracovn\u00fd list","href":"https:\/\/api.w.org\/{rel}","templated":true}]}}