{"id":23140,"date":"2025-04-13T17:39:14","date_gmt":"2025-04-13T17:39:14","guid":{"rendered":"https:\/\/onderzoekschemicals.com\/?post_type=product&#038;p=23140"},"modified":"2025-11-28T21:06:22","modified_gmt":"2025-11-28T21:06:22","slug":"3-mmc-kopen-2","status":"publish","type":"product","link":"https:\/\/onderzoekschemicals.com\/sk\/shop\/verboden\/3-mmc-kopen-2\/","title":{"rendered":"3-MMC (3-metylmetkatin\u00f3n)"},"content":{"rendered":"<h3><strong><span dir=\"auto\" style=\"vertical-align: inherit;\"><span dir=\"auto\" style=\"vertical-align: inherit;\">3-MMC (3-metylmetakatin\u00f3n) \u2013 popis produktu, pou\u017eitie, ved\u013eaj\u0161ie \u00fa\u010dinky a naj\u010dastej\u0161ie ot\u00e1zky<\/span><\/span><\/strong><\/h3>\n<p data-start=\"7198\" data-end=\"7512\"><strong data-start=\"7198\" data-end=\"7207\">3-MMC<\/strong>, alebo <strong data-start=\"7212\" data-end=\"7237\">3-metylmetakatin\u00f3n<\/strong>, je a <strong data-start=\"7246\" data-end=\"7281\">syntetick\u00e1 katin\u00f3nov\u00e1 zl\u00fa\u010denina<\/strong> z <strong data-start=\"7289\" data-end=\"7316\">Rodina \u03b2-ketoamfetam\u00ednu<\/strong>, s\u00favisiace s <strong data-start=\"7330\" data-end=\"7352\">mefedr\u00f3n (4-MMC)<\/strong>. <span class=\"___SBox_epc1q-ko_ ___SText_zko9t-ko_\" data-ui-name=\"Link.Text\">k\u00fapi\u0165 3mmc<\/span><br data-start=\"7353\" data-end=\"7356\" \/>Vy\u0161etruje sa to v r\u00e1mci <strong data-start=\"7384\" data-end=\"7411\">forenzn\u00e1 toxikol\u00f3gia<\/strong> a <strong data-start=\"7415\" data-end=\"7437\">analytick\u00e1 ch\u00e9mia<\/strong> ako s\u00fa\u010das\u0165 \u0161t\u00fadie o <strong data-start=\"7471\" data-end=\"7509\">nov\u00e9 psychoakt\u00edvne l\u00e1tky (NPS)<\/strong>.<\/p>\n<p data-start=\"7514\" data-end=\"7604\">3-MMC m\u00e1 <strong data-start=\"7526\" data-end=\"7554\">\u017eiadne lek\u00e1rske vyu\u017eitie<\/strong> a je v mnoh\u00fdch krajin\u00e1ch <strong data-start=\"7576\" data-end=\"7603\">regulovan\u00e9 alebo zak\u00e1zan\u00e9<\/strong>.<\/p>\n<hr data-start=\"7606\" data-end=\"7609\" \/>\n<h2 data-start=\"7611\" data-end=\"7658\"><strong data-start=\"7614\" data-end=\"7658\">Chemick\u00e9 a farmakologick\u00e9 pozadie<\/strong><\/h2>\n<p data-start=\"7660\" data-end=\"7685\"><strong data-start=\"7660\" data-end=\"7685\">D\u00f4le\u017eit\u00e9 inform\u00e1cie:<\/strong><\/p>\n<ul data-start=\"7686\" data-end=\"7959\">\n<li data-start=\"7686\" data-end=\"7750\">\n<p data-start=\"7688\" data-end=\"7750\"><strong data-start=\"7688\" data-end=\"7703\">N\u00e1zov IUPAC:<\/strong> 2-(metylamino)-1-(3-metylfenyl)prop\u00e1n-1-\u00f3n<\/p>\n<\/li>\n<li data-start=\"7751\" data-end=\"7784\">\n<p data-start=\"7753\" data-end=\"7784\"><strong data-start=\"7753\" data-end=\"7773\">Molekulov\u00fd vzorec:<\/strong> C11H15NO<\/p>\n<\/li>\n<li data-start=\"7785\" data-end=\"7821\">\n<p data-start=\"7787\" data-end=\"7821\"><strong data-start=\"7787\" data-end=\"7805\">Molekulov\u00e1 hmotnos\u0165:<\/strong> \u00b1177,25 g\/mol<\/p>\n<\/li>\n<li data-start=\"7822\" data-end=\"7871\">\n<p data-start=\"7824\" data-end=\"7871\"><strong data-start=\"7824\" data-end=\"7845\">Chemick\u00e1 trieda:<\/strong> Syntetick\u00e9 katin\u00f3ny<\/p>\n<\/li>\n<li data-start=\"7872\" data-end=\"7959\">\n<p data-start=\"7874\" data-end=\"7959\"><strong data-start=\"7874\" data-end=\"7894\">Funkcia receptora:<\/strong> Nepriame sympatomimetikum (p\u00f4sob\u00ed na transport\u00e9ry monoam\u00ednov).<\/p>\n<\/li>\n<\/ul>\n<p data-start=\"7961\" data-end=\"8076\">The <strong data-start=\"7964\" data-end=\"7995\">metylov\u00e1 skupina v polohe 3<\/strong> odli\u0161uje 3-MMC od 4-MMC a ovplyv\u0148uje <strong data-start=\"8042\" data-end=\"8075\">farmakologick\u00e9 vlastnosti<\/strong>. <a href=\"https:\/\/onderzoekschemicals.com\/sk\/shop\/lysergamides\/1cp-lsd\/\">1 cp lsd<\/a><\/p>\n<hr data-start=\"8078\" data-end=\"8081\" \/>\n<h2 data-start=\"8083\" data-end=\"8110\"><strong data-start=\"8086\" data-end=\"8110\">V\u00fdskumn\u00e9 \u00fa\u010dely<\/strong><\/h2>\n<p data-start=\"8112\" data-end=\"8138\">3-MMC sa pou\u017e\u00edva na:<\/p>\n<ul data-start=\"8139\" data-end=\"8417\">\n<li data-start=\"8139\" data-end=\"8199\">\n<p data-start=\"8141\" data-end=\"8199\"><strong data-start=\"8141\" data-end=\"8177\">V\u00fdvoj analytick\u00fdch met\u00f3d<\/strong> pomocou GC-MS a LC-MS. <span class=\"___SBox_epc1q-ko_ ___SText_zko9t-ko_\" data-ui-name=\"Link.Text\">k\u00fapi\u0165 3mmc<\/span><\/p>\n<\/li>\n<li data-start=\"8200\" data-end=\"8273\">\n<p data-start=\"8202\" data-end=\"8273\"><strong data-start=\"8202\" data-end=\"8226\">Forenzn\u00e1 detekcia<\/strong> v biologick\u00fdch aj nebiologick\u00fdch vzork\u00e1ch.<\/p>\n<\/li>\n<li data-start=\"8274\" data-end=\"8339\">\n<p data-start=\"8276\" data-end=\"8339\"><strong data-start=\"8276\" data-end=\"8314\">\u0160truktur\u00e1lny porovn\u00e1vac\u00ed v\u00fdskum<\/strong> s in\u00fdmi katin\u00f3nmi.<\/p>\n<\/li>\n<li data-start=\"8340\" data-end=\"8417\">\n<p data-start=\"8342\" data-end=\"8417\"><strong data-start=\"8342\" data-end=\"8371\">V\u00fdskum verejn\u00e9ho zdravia<\/strong> k trendom v oblasti nov\u00fdch stimulantov.<\/p>\n<\/li>\n<\/ul>\n<hr data-start=\"8419\" data-end=\"8422\" \/>\n<h2 data-start=\"8424\" data-end=\"8468\"><strong data-start=\"8427\" data-end=\"8468\">Bezpe\u010dnostn\u00e9 a pr\u00e1vne aspekty<\/strong><\/h2>\n<p data-start=\"8470\" data-end=\"8487\"><strong data-start=\"8470\" data-end=\"8485\">Bezpe\u010dnos\u0165:<\/strong><\/p>\n<ul data-start=\"8488\" data-end=\"8718\">\n<li data-start=\"8488\" data-end=\"8554\">\n<p data-start=\"8490\" data-end=\"8554\">Manipulujte iba s <strong data-start=\"8511\" data-end=\"8551\">kvalifikovan\u00fd laborat\u00f3rny person\u00e1l<\/strong>.<\/p>\n<\/li>\n<li data-start=\"8555\" data-end=\"8628\">\n<p data-start=\"8557\" data-end=\"8628\">Pou\u017eitie <strong data-start=\"8565\" data-end=\"8625\">rukavice, ochrann\u00e9 okuliare a ochrann\u00fd odev<\/strong>.<\/p>\n<\/li>\n<li data-start=\"8629\" data-end=\"8669\">\n<p data-start=\"8631\" data-end=\"8669\">Zabr\u00e1\u0148te priamemu kontaktu alebo vd\u00fdchnutiu.<\/p>\n<\/li>\n<li data-start=\"8670\" data-end=\"8718\">\n<p data-start=\"8672\" data-end=\"8718\">Sledova\u0165 v\u0161etk\u00fdch <strong data-start=\"8682\" data-end=\"8715\">predpisy o odpade a skladovan\u00ed<\/strong>.<\/p>\n<\/li>\n<\/ul>\n<p data-start=\"8720\" data-end=\"8895\"><strong data-start=\"8720\" data-end=\"8742\">Pr\u00e1vny status:<\/strong><br data-start=\"8742\" data-end=\"8745\" \/>3-MMC je dostupn\u00fd v mnoh\u00fdch krajin\u00e1ch <strong data-start=\"8769\" data-end=\"8796\">zak\u00e1zan\u00e9 alebo regulovan\u00e9<\/strong> pod <strong data-start=\"8806\" data-end=\"8818\">\u00f3piov\u00fd z\u00e1kon<\/strong> alebo <strong data-start=\"8822\" data-end=\"8843\">analogick\u00e1 legislat\u00edva<\/strong>. <a href=\"https:\/\/onderzoekschemicals.com\/sk\/shop\/pellets-for-pellet\/o-dsmt-50mg-pellets\/\">o-dsmt<\/a><br data-start=\"8844\" data-end=\"8847\" \/>Pou\u017e\u00edvanie alebo dr\u017eba bez povolenia je trestn\u00e9 zo z\u00e1kona.<\/p>\n<hr data-start=\"8897\" data-end=\"8900\" \/>\n<h2 data-start=\"8902\" data-end=\"8936\"><strong data-start=\"8905\" data-end=\"8936\">\u010casto kladen\u00e9 ot\u00e1zky (FAQ)<\/strong><\/h2>\n<h3 data-start=\"8938\" data-end=\"8981\"><strong data-start=\"8942\" data-end=\"8981\">1. Na \u010do sa 3-MMC sk\u00fama?<\/strong><\/h3>\n<p data-start=\"8982\" data-end=\"9058\">Pre <strong data-start=\"8987\" data-end=\"9025\">analytick\u00fd a forenzn\u00fd v\u00fdskum<\/strong> na detekciu katin\u00f3nov a NPS.<\/p>\n<h3 data-start=\"9060\" data-end=\"9087\"><strong data-start=\"9064\" data-end=\"9087\">2. Je 3-MMC leg\u00e1lny?<\/strong><\/h3>\n<p data-start=\"9088\" data-end=\"9150\">Nie, vo v\u00e4\u010d\u0161ine kraj\u00edn je 3-MMC <strong data-start=\"9122\" data-end=\"9149\">regulovan\u00e9 alebo zak\u00e1zan\u00e9<\/strong>.<\/p>\n<h3 data-start=\"9152\" data-end=\"9203\"><strong data-start=\"9156\" data-end=\"9203\">3. Ako by sa malo bezpe\u010dne zaobch\u00e1dza\u0165 s 3-MMC?<\/strong><\/h3>\n<p data-start=\"9204\" data-end=\"9308\">Iba <strong data-start=\"9211\" data-end=\"9241\">profesion\u00e1lni v\u00fdskumn\u00edci<\/strong> m\u00f4\u017ee s touto l\u00e1tkou manipulova\u0165 <strong data-start=\"9271\" data-end=\"9307\">vhodn\u00e9 bezpe\u010dnostn\u00e9 opatrenia<\/strong>.<\/p>\n<hr data-start=\"9310\" data-end=\"9313\" \/>\n<h2 data-start=\"9315\" data-end=\"9331\"><strong data-start=\"9318\" data-end=\"9331\">Z\u00e1ver<\/strong><\/h2>\n<p data-start=\"9333\" data-end=\"9603\"><em data-start=\"9333\" data-end=\"9364\">3-MMC (3-metylmetkatin\u00f3n)<\/em> je d\u00f4le\u017eit\u00fdm predmetom \u0161t\u00fadia v r\u00e1mci <strong data-start=\"9403\" data-end=\"9425\">forenzn\u00e1 ch\u00e9mia<\/strong> a <strong data-start=\"9429\" data-end=\"9456\">toxikologick\u00fd v\u00fdskum<\/strong>.<br data-start=\"9457\" data-end=\"9460\" \/>Pom\u00e1ha to vedcom <strong data-start=\"9485\" data-end=\"9516\">nov\u00e9 stimula\u010dn\u00e9 l\u00e1tky<\/strong> identifikova\u0165 a pochopi\u0165, za predpokladu <strong data-start=\"9556\" data-end=\"9591\">bezpe\u010dn\u00e9 a pr\u00e1vne zodpovedn\u00e9<\/strong> vy\u0161etrovan\u00e9.<\/p>","protected":false},"excerpt":{"rendered":"<h2><span dir=\"auto\" style=\"vertical-align: inherit;\"><span dir=\"auto\" style=\"vertical-align: inherit;\">Vlastnosti 3-MMC<\/span><\/span><\/h2>\n<p><strong><span dir=\"auto\" style=\"vertical-align: inherit;\"><span dir=\"auto\" style=\"vertical-align: inherit;\">Synonymum<\/span><\/span><\/strong><span dir=\"auto\" style=\"vertical-align: inherit;\"><span dir=\"auto\" style=\"vertical-align: inherit;\"> 2-(metylamino)-1-(3-metylfenyl)-1-propan\u00f3n, monohydrochlorid <\/span><\/span><br \/>\n<strong><span dir=\"auto\" style=\"vertical-align: inherit;\"><span dir=\"auto\" style=\"vertical-align: inherit;\">\u010c\u00edslo CAS<\/span><\/span><\/strong><span dir=\"auto\" style=\"vertical-align: inherit;\"><span dir=\"auto\" style=\"vertical-align: inherit;\"> : 1246816-62-5 <\/span><\/span><br \/>\n<strong><span dir=\"auto\" style=\"vertical-align: inherit;\"><span dir=\"auto\" style=\"vertical-align: inherit;\">Vzorec<\/span><\/span><\/strong><span dir=\"auto\" style=\"vertical-align: inherit;\"><span dir=\"auto\" style=\"vertical-align: inherit;\"> : C11h15NO \u2022 HCL <\/span><\/span><br \/>\n<strong><span dir=\"auto\" style=\"vertical-align: inherit;\"><span dir=\"auto\" style=\"vertical-align: inherit;\">Mol\u00e1rna hmotnos\u0165<\/span><\/span><\/strong><span dir=\"auto\" style=\"vertical-align: inherit;\"><span dir=\"auto\" style=\"vertical-align: inherit;\"> : 213.7 <\/span><\/span><br \/>\n<strong><span dir=\"auto\" style=\"vertical-align: inherit;\"><span dir=\"auto\" style=\"vertical-align: inherit;\">\u010cistota<\/span><\/span><\/strong><span dir=\"auto\" style=\"vertical-align: inherit;\"><span dir=\"auto\" style=\"vertical-align: inherit;\"> : \u226599%<\/span><\/span><\/p>","protected":false},"featured_media":29227,"comment_status":"closed","ping_status":"closed","template":"","meta":[],"product_brand":[],"product_cat":[488],"product_tag":[1147,930,326],"class_list":{"0":"post-23140","1":"product","2":"type-product","3":"status-publish","4":"has-post-thumbnail","6":"product_cat-verboden","7":"product_tag-3-mmc","8":"product_tag-3-mmc-kopen","9":"product_tag-nl","11":"first","12":"instock","13":"taxable","14":"shipping-taxable","15":"purchasable","16":"product-type-variable"},"_links":{"self":[{"href":"https:\/\/onderzoekschemicals.com\/sk\/wp-json\/wp\/v2\/product\/23140","targetHints":{"allow":["GET"]}}],"collection":[{"href":"https:\/\/onderzoekschemicals.com\/sk\/wp-json\/wp\/v2\/product"}],"about":[{"href":"https:\/\/onderzoekschemicals.com\/sk\/wp-json\/wp\/v2\/types\/product"}],"replies":[{"embeddable":true,"href":"https:\/\/onderzoekschemicals.com\/sk\/wp-json\/wp\/v2\/comments?post=23140"}],"version-history":[{"count":5,"href":"https:\/\/onderzoekschemicals.com\/sk\/wp-json\/wp\/v2\/product\/23140\/revisions"}],"predecessor-version":[{"id":28056,"href":"https:\/\/onderzoekschemicals.com\/sk\/wp-json\/wp\/v2\/product\/23140\/revisions\/28056"}],"wp:featuredmedia":[{"embeddable":true,"href":"https:\/\/onderzoekschemicals.com\/sk\/wp-json\/wp\/v2\/media\/29227"}],"wp:attachment":[{"href":"https:\/\/onderzoekschemicals.com\/sk\/wp-json\/wp\/v2\/media?parent=23140"}],"wp:term":[{"taxonomy":"product_brand","embeddable":true,"href":"https:\/\/onderzoekschemicals.com\/sk\/wp-json\/wp\/v2\/product_brand?post=23140"},{"taxonomy":"product_cat","embeddable":true,"href":"https:\/\/onderzoekschemicals.com\/sk\/wp-json\/wp\/v2\/product_cat?post=23140"},{"taxonomy":"product_tag","embeddable":true,"href":"https:\/\/onderzoekschemicals.com\/sk\/wp-json\/wp\/v2\/product_tag?post=23140"}],"curies":[{"name":"pracovn\u00fd list","href":"https:\/\/api.w.org\/{rel}","templated":true}]}}