{"id":26138,"date":"2025-10-20T01:31:18","date_gmt":"2025-10-20T01:31:18","guid":{"rendered":"https:\/\/onderzoekschemicals.com\/?post_type=product&#038;p=26138"},"modified":"2025-10-21T05:55:10","modified_gmt":"2025-10-21T05:55:10","slug":"iboga-capsules","status":"publish","type":"product","link":"https:\/\/onderzoekschemicals.com\/pt\/shop\/iboga-ibogaine\/iboga-capsules\/","title":{"rendered":"C\u00e1psulas de Iboga"},"content":{"rendered":"<h2>Comprar c\u00e1psulas de Iboga<\/h2>\n<p>Iboga se refere a um composto psicoativo extra\u00eddo de plantas que cont\u00eam o alcaloide iboga\u00edna. Somente no Gab\u00e3o, existem in\u00fameras plantas que cont\u00eam esse alcaloide. A principal fonte, no entanto, \u00e9 a planta Tabernanthe Iboga. Essas plantas crescem no solo da selva em regi\u00f5es remotas do centro-oeste da \u00c1frica, incluindo Camar\u00f5es, a Rep\u00fablica do Congo<a href=\"https:\/\/legalerfuhrerschein.com\/\" target=\"_blank\" rel=\"noopener\">,<\/a> Angola e, claro, Gab\u00e3o, o lar f\u00edsico e espiritual da planta. Comprar c\u00e1psulas de iboga<\/p>\n<p>A casca da raiz da planta cont\u00e9m alcaloides psicoativos. Ao raspar a casca da raiz, obtemos uma erva fresca, pronta para consumo, poderosa, antiga e curativa. <a href=\"https:\/\/ibogainerehabilitation.com\/\" target=\"_blank\" rel=\"noopener\">iboga<\/a>. Ap\u00f3s consumir a casca da raiz, os indiv\u00edduos experimentam o in\u00edcio de um modo de consci\u00eancia semelhante ao sonho. Ao longo da jornada, \u00e9 poss\u00edvel (ou n\u00e3o) encontrar descobertas existenciais, vis\u00f5es cristalinas, recorda\u00e7\u00f5es de mem\u00f3rias e in\u00fameras outras coisas maravilhosas. Como v\u00edcio, depress\u00e3o, doen\u00e7as de pele, redu\u00e7\u00e3o corporal e despertar espiritual<\/p>","protected":false},"excerpt":{"rendered":"<p>Comprar c\u00e1psulas de iboga Iboga refere-se a um composto psicoativo retirado de plantas que cont\u00eam o alcaloide iboga\u00edna. S\u00f3 no Gab\u00e3o,<\/p>","protected":false},"featured_media":26151,"comment_status":"closed","ping_status":"closed","template":"","meta":[],"product_brand":[],"product_cat":[908],"product_tag":[],"class_list":{"0":"post-26138","1":"product","2":"type-product","3":"status-publish","4":"has-post-thumbnail","6":"product_cat-iboga-ibogaine","8":"first","9":"instock","10":"taxable","11":"shipping-taxable","12":"purchasable","13":"product-type-variable"},"_links":{"self":[{"href":"https:\/\/onderzoekschemicals.com\/pt\/wp-json\/wp\/v2\/product\/26138","targetHints":{"allow":["GET"]}}],"collection":[{"href":"https:\/\/onderzoekschemicals.com\/pt\/wp-json\/wp\/v2\/product"}],"about":[{"href":"https:\/\/onderzoekschemicals.com\/pt\/wp-json\/wp\/v2\/types\/product"}],"replies":[{"embeddable":true,"href":"https:\/\/onderzoekschemicals.com\/pt\/wp-json\/wp\/v2\/comments?post=26138"}],"version-history":[{"count":1,"href":"https:\/\/onderzoekschemicals.com\/pt\/wp-json\/wp\/v2\/product\/26138\/revisions"}],"predecessor-version":[{"id":26152,"href":"https:\/\/onderzoekschemicals.com\/pt\/wp-json\/wp\/v2\/product\/26138\/revisions\/26152"}],"wp:featuredmedia":[{"embeddable":true,"href":"https:\/\/onderzoekschemicals.com\/pt\/wp-json\/wp\/v2\/media\/26151"}],"wp:attachment":[{"href":"https:\/\/onderzoekschemicals.com\/pt\/wp-json\/wp\/v2\/media?parent=26138"}],"wp:term":[{"taxonomy":"product_brand","embeddable":true,"href":"https:\/\/onderzoekschemicals.com\/pt\/wp-json\/wp\/v2\/product_brand?post=26138"},{"taxonomy":"product_cat","embeddable":true,"href":"https:\/\/onderzoekschemicals.com\/pt\/wp-json\/wp\/v2\/product_cat?post=26138"},{"taxonomy":"product_tag","embeddable":true,"href":"https:\/\/onderzoekschemicals.com\/pt\/wp-json\/wp\/v2\/product_tag?post=26138"}],"curies":[{"name":"wp","href":"https:\/\/api.w.org\/{rel}","templated":true}]}}