{"id":24654,"date":"2025-10-20T17:42:28","date_gmt":"2025-10-20T17:42:28","guid":{"rendered":"https:\/\/onderzoekschemicals.com\/?post_type=product&#038;p=24654"},"modified":"2025-10-21T15:56:08","modified_gmt":"2025-10-21T15:56:08","slug":"digitale-cs-weegschaal","status":"publish","type":"product","link":"https:\/\/onderzoekschemicals.com\/pt\/shop\/weegschalen\/digitale-cs-weegschaal\/","title":{"rendered":"Balan\u00e7a digital CS \u2013 100g x 0,01g"},"content":{"rendered":"<h3 data-start=\"4818\" data-end=\"4837\"><strong data-start=\"4822\" data-end=\"4837\">Introdu\u00e7\u00e3o<\/strong><\/h3>\n<p data-start=\"4838\" data-end=\"5146\">O <strong data-start=\"4841\" data-end=\"4882\">Balan\u00e7a digital CS \u2013 100g x 0,01g<\/strong> \u00e9 um <strong data-start=\"4890\" data-end=\"4925\">balan\u00e7a de precis\u00e3o de alta qualidade<\/strong> projetado para usu\u00e1rios que valorizam precis\u00e3o e confiabilidade.<br data-start=\"5000\" data-end=\"5003\" \/>Seja em um <strong data-start=\"5020\" data-end=\"5061\">laborat\u00f3rio, cozinha ou joalheria<\/strong> ou seja, esta balan\u00e7a compacta oferece <strong data-start=\"5098\" data-end=\"5143\">medi\u00e7\u00f5es precisas com precis\u00e3o de 0,01g<\/strong>.<\/p>\n<p data-start=\"5148\" data-end=\"5394\">Gra\u00e7as ao <strong data-start=\"5160\" data-end=\"5188\">plataforma de a\u00e7o inoxid\u00e1vel<\/strong> e o <strong data-start=\"5196\" data-end=\"5221\">tela LCD transparente<\/strong> combina a escala Digital CS <strong data-start=\"5259\" data-end=\"5285\">precis\u00e3o profissional<\/strong> de <strong data-start=\"5290\" data-end=\"5307\">facilidade de uso<\/strong>Perfeito para pesar p\u00f3s, ervas, joias ou pequenas amostras de pesquisa.<\/p>\n<hr data-start=\"5396\" data-end=\"5399\" \/>\n<h3 data-start=\"5401\" data-end=\"5432\"><strong data-start=\"5405\" data-end=\"5432\">Principais caracter\u00edsticas<\/strong><\/h3>\n<ul data-start=\"5433\" data-end=\"6068\">\n<li data-start=\"5433\" data-end=\"5523\">\n<p data-start=\"5435\" data-end=\"5523\"><strong data-start=\"5435\" data-end=\"5466\">Alta precis\u00e3o (0,01g)<\/strong> \u2013 Ideal para aplica\u00e7\u00f5es anal\u00edticas e laboratoriais.<\/p>\n<\/li>\n<li data-start=\"5524\" data-end=\"5603\">\n<p data-start=\"5526\" data-end=\"5603\"><strong data-start=\"5526\" data-end=\"5549\">Capacidade de 100g<\/strong> \u2013 Adequado para uso di\u00e1rio e profissional.<\/p>\n<\/li>\n<li data-start=\"5604\" data-end=\"5674\">\n<p data-start=\"5606\" data-end=\"5674\"><strong data-start=\"5606\" data-end=\"5630\">Compacto e port\u00e1til<\/strong> \u2013 Leve e f\u00e1cil de transportar.<\/p>\n<\/li>\n<li data-start=\"5675\" data-end=\"5754\">\n<p data-start=\"5677\" data-end=\"5754\"><strong data-start=\"5677\" data-end=\"5718\">Tela LCD com luz de fundo<\/strong> \u2013 F\u00e1cil de ler em qualquer ambiente.<\/p>\n<\/li>\n<li data-start=\"5755\" data-end=\"5839\">\n<p data-start=\"5757\" data-end=\"5839\"><strong data-start=\"5757\" data-end=\"5773\">Fun\u00e7\u00e3o Tara<\/strong> \u2013 Redefina a balan\u00e7a para zero antes de medir em um recipiente.<\/p>\n<\/li>\n<li data-start=\"5840\" data-end=\"5926\">\n<p data-start=\"5842\" data-end=\"5926\"><strong data-start=\"5842\" data-end=\"5866\">Convers\u00e3o de v\u00e1rias unidades<\/strong> \u2013 Alterne facilmente entre gramas, on\u00e7as, quilates e gr\u00e3os.<\/p>\n<\/li>\n<li data-start=\"5927\" data-end=\"5994\">\n<p data-start=\"5929\" data-end=\"5994\"><strong data-start=\"5929\" data-end=\"5946\">Efici\u00eancia energ\u00e9tica<\/strong> \u2013 Desligamento autom\u00e1tico ap\u00f3s inatividade.<\/p>\n<\/li>\n<li data-start=\"5995\" data-end=\"6068\">\n<p data-start=\"5997\" data-end=\"6068\"><strong data-start=\"5997\" data-end=\"6025\">Plataforma de a\u00e7o inoxid\u00e1vel<\/strong> \u2013 Dur\u00e1vel e f\u00e1cil de limpar.<\/p>\n<\/li>\n<\/ul>\n<hr data-start=\"6070\" data-end=\"6073\" \/>\n<h3 data-start=\"6075\" data-end=\"6092\"><strong data-start=\"6079\" data-end=\"6092\">Vantagens<\/strong><\/h3>\n<ul data-start=\"6093\" data-end=\"6471\">\n<li data-start=\"6093\" data-end=\"6169\">\n<p data-start=\"6095\" data-end=\"6169\"><strong data-start=\"6095\" data-end=\"6113\">Sempre preciso<\/strong> \u2013 Garante resultados de medi\u00e7\u00e3o consistentes e confi\u00e1veis.<\/p>\n<\/li>\n<li data-start=\"6170\" data-end=\"6260\">\n<p data-start=\"6172\" data-end=\"6260\"><strong data-start=\"6172\" data-end=\"6194\">Uso Vers\u00e1til<\/strong> \u2013 Perfeito para <strong data-start=\"6210\" data-end=\"6257\">laborat\u00f3rio, joalheria, cozinha ou educa\u00e7\u00e3o<\/strong>.<\/p>\n<\/li>\n<li data-start=\"6261\" data-end=\"6321\">\n<p data-start=\"6263\" data-end=\"6321\"><strong data-start=\"6263\" data-end=\"6282\">Design compacto<\/strong> \u2013 Cabe facilmente no seu bolso ou bolsa.<\/p>\n<\/li>\n<li data-start=\"6322\" data-end=\"6392\">\n<p data-start=\"6324\" data-end=\"6392\"><strong data-start=\"6324\" data-end=\"6349\">Calibra\u00e7\u00e3o Simples<\/strong> \u2013 Pronto para usar em segundos.<\/p>\n<\/li>\n<li data-start=\"6393\" data-end=\"6471\">\n<p data-start=\"6395\" data-end=\"6471\"><strong data-start=\"6395\" data-end=\"6418\">Precis\u00e3o acess\u00edvel<\/strong> \u2013 Qualidade profissional a um pre\u00e7o competitivo.<\/p>\n<\/li>\n<\/ul>\n<hr data-start=\"6473\" data-end=\"6476\" \/>\n<h3 data-start=\"6478\" data-end=\"6493\"><strong data-start=\"6482\" data-end=\"6493\">Uso<\/strong><\/h3>\n<ol data-start=\"6494\" data-end=\"6757\">\n<li data-start=\"6494\" data-end=\"6546\">\n<p data-start=\"6497\" data-end=\"6546\"><strong data-start=\"6497\" data-end=\"6521\">Coloque a balan\u00e7a<\/strong> em uma superf\u00edcie plana.<\/p>\n<\/li>\n<li data-start=\"6547\" data-end=\"6599\">\n<p data-start=\"6550\" data-end=\"6599\"><strong data-start=\"6550\" data-end=\"6564\">Ligar<\/strong> e aguarde at\u00e9 que apare\u00e7a \u201c0,00g\u201d.<\/p>\n<\/li>\n<li data-start=\"6600\" data-end=\"6663\">\n<p data-start=\"6603\" data-end=\"6663\"><strong data-start=\"6603\" data-end=\"6630\">Use a fun\u00e7\u00e3o tara<\/strong> ao usar um cont\u00eainer.<\/p>\n<\/li>\n<li data-start=\"6664\" data-end=\"6707\">\n<p data-start=\"6667\" data-end=\"6707\"><strong data-start=\"6667\" data-end=\"6688\">Coloque o objeto<\/strong> na plataforma.<\/p>\n<\/li>\n<li data-start=\"6708\" data-end=\"6757\">\n<p data-start=\"6711\" data-end=\"6757\"><strong data-start=\"6711\" data-end=\"6733\">Leia o resultado<\/strong> desligado na tela LCD.<\/p>\n<\/li>\n<\/ol>\n<hr data-start=\"6759\" data-end=\"6762\" \/>\n<h3 data-start=\"6764\" data-end=\"6785\"><strong data-start=\"6768\" data-end=\"6785\">Especifica\u00e7\u00f5es<\/strong><\/h3>\n<div class=\"_tableContainer_1rjym_1\">\n<div class=\"group _tableWrapper_1rjym_13 flex w-fit flex-col-reverse\" tabindex=\"-1\">\n<table class=\"w-fit min-w-(--thread-content-width)\" data-start=\"6787\" data-end=\"7132\">\n<thead data-start=\"6787\" data-end=\"6818\">\n<tr data-start=\"6787\" data-end=\"6818\">\n<th data-start=\"6787\" data-end=\"6804\" data-col-size=\"sm\"><strong data-start=\"6789\" data-end=\"6803\">Caracter\u00edstica<\/strong><\/th>\n<th data-start=\"6804\" data-end=\"6818\" data-col-size=\"sm\"><strong data-start=\"6806\" data-end=\"6816\">Detalhe<\/strong><\/th>\n<\/tr>\n<\/thead>\n<tbody data-start=\"6853\" data-end=\"7132\">\n<tr data-start=\"6853\" data-end=\"6874\">\n<td data-start=\"6853\" data-end=\"6866\" data-col-size=\"sm\">Capacidade<\/td>\n<td data-start=\"6866\" data-end=\"6874\" data-col-size=\"sm\">100g<\/td>\n<\/tr>\n<tr data-start=\"6875\" data-end=\"6901\">\n<td data-start=\"6875\" data-end=\"6892\" data-col-size=\"sm\">Precis\u00e3o<\/td>\n<td data-start=\"6892\" data-end=\"6901\" data-col-size=\"sm\">0,01g<\/td>\n<\/tr>\n<tr data-start=\"6902\" data-end=\"6946\">\n<td data-start=\"6902\" data-end=\"6912\" data-col-size=\"sm\">Mostrar<\/td>\n<td data-start=\"6912\" data-end=\"6946\" data-col-size=\"sm\">LCD com luz de fundo<\/td>\n<\/tr>\n<tr data-start=\"6947\" data-end=\"6977\">\n<td data-start=\"6947\" data-end=\"6958\" data-col-size=\"sm\">Plataforma<\/td>\n<td data-start=\"6958\" data-end=\"6977\" data-col-size=\"sm\">A\u00e7o inoxid\u00e1vel<\/td>\n<\/tr>\n<tr data-start=\"6978\" data-end=\"7009\">\n<td data-start=\"6978\" data-end=\"6989\" data-col-size=\"sm\">Unidades<\/td>\n<td data-start=\"6989\" data-end=\"7009\" data-col-size=\"sm\">g \/ oz \/ ct \/ gn<\/td>\n<\/tr>\n<tr data-start=\"7010\" data-end=\"7042\">\n<td data-start=\"7010\" data-end=\"7020\" data-col-size=\"sm\">Fonte de energia<\/td>\n<td data-start=\"7020\" data-end=\"7042\" data-col-size=\"sm\">2 pilhas AAA<\/td>\n<\/tr>\n<tr data-start=\"7043\" data-end=\"7095\">\n<td data-start=\"7043\" data-end=\"7072\" data-col-size=\"sm\">Desligamento autom\u00e1tico<\/td>\n<td data-start=\"7072\" data-end=\"7095\" data-col-size=\"sm\">Sim (ap\u00f3s 60 segundos)<\/td>\n<\/tr>\n<tr data-start=\"7096\" data-end=\"7132\">\n<td data-start=\"7096\" data-end=\"7109\" data-col-size=\"sm\">Dimens\u00f5es<\/td>\n<td data-start=\"7109\" data-end=\"7132\" data-col-size=\"sm\">120 mm \u00d7 65 mm \u00d7 20 mm<\/td>\n<\/tr>\n<\/tbody>\n<\/table>\n<\/div>\n<\/div>\n<hr data-start=\"7134\" data-end=\"7137\" \/>\n<h3 data-start=\"7139\" data-end=\"7166\"><strong data-start=\"7143\" data-end=\"7166\">Perguntas frequentes<\/strong><\/h3>\n<p data-start=\"7168\" data-end=\"7323\"><strong data-start=\"7168\" data-end=\"7225\">1. Para que serve a balan\u00e7a digital CS?<\/strong><br data-start=\"7225\" data-end=\"7228\" \/>A escala \u00e9 ideal para <strong data-start=\"7257\" data-end=\"7277\">medi\u00e7\u00f5es de precis\u00e3o<\/strong> em laborat\u00f3rios, cozinhas e joalherias.<\/p>\n<p data-start=\"7325\" data-end=\"7479\"><strong data-start=\"7325\" data-end=\"7364\">2. Qual \u00e9 a precis\u00e3o da escala?<\/strong><br data-start=\"7364\" data-end=\"7367\" \/>O <strong data-start=\"7370\" data-end=\"7396\">Balan\u00e7a digital CS<\/strong> tem um <strong data-start=\"7407\" data-end=\"7435\">precis\u00e3o de 0,01g<\/strong>, perfeito para pequenos objetos ou tecidos.<\/p>\n<p data-start=\"7481\" data-end=\"7644\"><strong data-start=\"7481\" data-end=\"7531\">3. Como posso comprar a balan\u00e7a Digital CS?<\/strong><br data-start=\"7531\" data-end=\"7534\" \/>Voc\u00ea pode facilmente <strong data-start=\"7554\" data-end=\"7586\">Compre uma balan\u00e7a digital CS<\/strong> por meio de lojas online autorizadas ou fornecedores de laborat\u00f3rio.<\/p>\n<h1><strong>Balan\u00e7a digital CS \u2013 100g x 0,01g<\/strong><\/h1>\n<h3><strong>Descri\u00e7\u00e3o do produto<\/strong><\/h3>\n<p class=\"ds-markdown-paragraph\">O\u00a0<strong>Balan\u00e7a digital CS (100g x 0,01g)<\/strong>\u00a0\u00e9 um\u00a0<strong>balan\u00e7a de medi\u00e7\u00e3o de alta precis\u00e3o<\/strong>\u00a0projetado para uso laboratorial, cient\u00edfico e industrial. Com um\u00a0<strong>faixa de medi\u00e7\u00e3o de 0,01g a 100g<\/strong>\u00a0e um\u00a0<strong>precis\u00e3o de \u00b10,01g<\/strong>, esta escala fornece resultados confi\u00e1veis para aplica\u00e7\u00f5es sens\u00edveis.<\/p>\n<p class=\"ds-markdown-paragraph\"><strong>Principais caracter\u00edsticas:<\/strong><br \/>\n\u2714\u00a0<strong>Sensor de alta qualidade<\/strong>\u00a0\u2013 Preciso para\u00a0<strong>0,01g<\/strong><br \/>\n\u2714\u00a0<strong>Compacto e port\u00e1til<\/strong>\u00a0\u2013 Ideal para trabalho de laborat\u00f3rio e de campo<br \/>\n\u2714\u00a0<strong>V\u00e1rias unidades de medida<\/strong>\u00a0\u2013 Grama (g), miligrama (mg), on\u00e7as (oz), on\u00e7as troy (ozt)<br \/>\n\u2714\u00a0<strong>Fun\u00e7\u00e3o de autocalibra\u00e7\u00e3o e tara<\/strong>\u00a0\u2013 F\u00e1cil de usar<br \/>\n\u2714\u00a0<strong>Design robusto<\/strong>\u00a0\u2013 Inclui capa protetora e peso de calibra\u00e7\u00e3o<\/p>\n<hr \/>\n<h2><strong>Aplica\u00e7\u00f5es<\/strong><\/h2>\n<p class=\"ds-markdown-paragraph\">\u2705\u00a0<strong>Pesquisa de laborat\u00f3rio<\/strong>\u00a0\u2013 Pesagem de precis\u00e3o de produtos qu\u00edmicos e p\u00f3s<br \/>\n\u2705\u00a0<strong>Trabalhos de joalheria<\/strong>\u00a0\u2013 Medi\u00e7\u00e3o de metais preciosos e pedras preciosas<br \/>\n\u2705\u00a0<strong>Ind\u00fastria aliment\u00edcia<\/strong>\u00a0\u2013 Controle de por\u00e7\u00f5es e pesagem de ingredientes<br \/>\n\u2705\u00a0<strong>Educa\u00e7\u00e3o e ci\u00eancia<\/strong>\u00a0\u2013 Experimentos e projetos de pesquisa<br \/>\n\u2705\u00a0<strong>CBD\/Suplementos<\/strong>\u00a0- Dosagem precisa de ingredientes ativos<\/p>\n<hr \/>\n<h2><strong>Desvantagens e Limita\u00e7\u00f5es<\/strong><\/h2>\n<p class=\"ds-markdown-paragraph\">\u26a0\u00a0<strong>Sens\u00edvel a vibra\u00e7\u00f5es<\/strong>\u00a0\u2013 Requer uma superf\u00edcie est\u00e1vel<br \/>\n\u26a0\u00a0<strong>N\u00e3o \u00e9 adequado para l\u00edquidos<\/strong>\u00a0\u2013 Somente para subst\u00e2ncias secas<br \/>\n\u26a0\u00a0<strong>Capacidade m\u00e1xima 100g<\/strong>\u00a0\u2013 N\u00e3o \u00e9 adequado para objetos mais pesados<br \/>\n\u26a0\u00a0<strong>Dependente de bateria<\/strong>\u00a0\u2013 Pilhas inclu\u00eddas, mas sem op\u00e7\u00e3o recarreg\u00e1vel<\/p>\n<hr \/>\n<h2><strong>Instru\u00e7\u00f5es de uso<\/strong><\/h2>\n<ol start=\"1\">\n<li>\n<p class=\"ds-markdown-paragraph\"><strong>Coloque a balan\u00e7a em uma superf\u00edcie plana e livre de vibra\u00e7\u00f5es.<\/strong><\/p>\n<\/li>\n<li>\n<p class=\"ds-markdown-paragraph\"><strong>Pressione o bot\u00e3o liga\/desliga<\/strong>\u00a0e aguarde at\u00e9 que apare\u00e7a \u201c0,00\u201d.<\/p>\n<\/li>\n<li>\n<p class=\"ds-markdown-paragraph\"><strong>Coloque o material a ser pesado<\/strong>\u00a0no meio da plataforma.<\/p>\n<\/li>\n<li>\n<p class=\"ds-markdown-paragraph\"><strong>Use a fun\u00e7\u00e3o tara<\/strong>\u00a0para neutralizar o peso de um recipiente vazio.<\/p>\n<\/li>\n<li>\n<p class=\"ds-markdown-paragraph\"><strong>Observe a medi\u00e7\u00e3o<\/strong>\u00a0e desligue ap\u00f3s o uso.<\/p>\n<\/li>\n<\/ol>\n<hr \/>\n<h2><strong>Perguntas Frequentes (FAQ)<\/strong><\/h2>\n<h3><strong>P: Como calibro a balan\u00e7a?<\/strong><\/h3>\n<p class=\"ds-markdown-paragraph\">A: Use o fornecido\u00a0<strong>Peso de calibra\u00e7\u00e3o de 100g<\/strong>\u00a0e pressione o bot\u00e3o de calibra\u00e7\u00e3o.<\/p>\n<h3><strong>P: Posso usar a balan\u00e7a para l\u00edquidos?<\/strong><\/h3>\n<p class=\"ds-markdown-paragraph\">UM:\u00a0<strong>N\u00e3o<\/strong>Somente para materiais secos. L\u00edquidos podem danificar o sensor.<\/p>\n<h3><strong>P: Qual \u00e9 a precis\u00e3o em pesos baixos?<\/strong><\/h3>\n<p class=\"ds-markdown-paragraph\">UM:\u00a0<strong>\u00b10,01g<\/strong>\u00a0para pesos entre 0,01g e 10g,\u00a0<strong>\u00b10,02g<\/strong>\u00a0acima de 10g.<\/p>\n<h3><strong>P: Quanto tempo duram as baterias?<\/strong><\/h3>\n<p class=\"ds-markdown-paragraph\">UM:\u00a0<strong>\u00b150 horas<\/strong>\u00a0Durante o uso normal. Desliga automaticamente ap\u00f3s 2 minutos de inatividade.<\/p>\n<h3><strong>P: A balan\u00e7a \u00e9 adequada para ouro e prata?<\/strong><\/h3>\n<p class=\"ds-markdown-paragraph\">UM:\u00a0<strong>Sim<\/strong>, perfeito para joalheiros por causa da\u00a0<strong>fun\u00e7\u00e3o on\u00e7a troy (ozt)<\/strong>.<\/p>\n<hr \/>\n<h2><strong>Cen\u00e1rios de uso recomendados<\/strong><\/h2>\n<p class=\"ds-markdown-paragraph\">\ud83d\udd2c\u00a0<strong>Laborat\u00f3rio qu\u00edmico<\/strong>\u00a0\u2013 Pesagem de precis\u00e3o de reagentes<br \/>\n\ud83d\udc8a\u00a0<strong>Pesquisa farmac\u00eautica<\/strong>\u00a0\u2013 Dosagem de ingredientes ativos<br \/>\n\u2696\u00a0<strong>Com\u00e9rcio de metais preciosos<\/strong>\u00a0\u2013 Estradas de ouro, prata e platina<br \/>\n\ud83e\uddea\u00a0<strong>Hobby e fa\u00e7a voc\u00ea mesmo<\/strong>\u00a0\u2013 Medi\u00e7\u00f5es de precis\u00e3o para projetos<\/p>\n<hr \/>\n<h2><strong>Especifica\u00e7\u00f5es t\u00e9cnicas<\/strong><\/h2>\n<ul>\n<li>\n<p class=\"ds-markdown-paragraph\"><strong>Material:<\/strong>\u00a0Plataforma de a\u00e7o inoxid\u00e1vel + carca\u00e7a de ABS<\/p>\n<\/li>\n<li>\n<p class=\"ds-markdown-paragraph\"><strong>Dimens\u00f5es:<\/strong>\u00a0120 mm x 70 mm x 20 mm<\/p>\n<\/li>\n<li>\n<p class=\"ds-markdown-paragraph\"><strong>Fonte de energia:<\/strong>\u00a02 pilhas AAA (inclu\u00eddas)<\/p>\n<\/li>\n<li>\n<p class=\"ds-markdown-paragraph\"><strong>Peso:<\/strong>\u00a0150g<\/p>\n<\/li>\n<\/ul>\n<hr \/>\n<h3><strong>Avisos<\/strong><\/h3>\n<ul>\n<li>\n<p class=\"ds-markdown-paragraph\"><strong>N\u00e3o \u00e9 \u00e0 prova d&#039;\u00e1gua<\/strong>\u00a0\u2013 Evite umidade e poeira<\/p>\n<\/li>\n<li>\n<p class=\"ds-markdown-paragraph\"><strong>N\u00e3o \u00e9 adequado para pesagem industrial a granel<\/strong><\/p>\n<\/li>\n<li>\n<p class=\"ds-markdown-paragraph\"><strong>Mantenha fora do alcance de crian\u00e7as. <a href=\"https:\/\/onderzoekschemicals.com\/pt\/shop\/top-10-research-chemicals\/iboga-seeds\/\">sementes de iboga<\/a><a href=\"https:\/\/onderzoekschemicals.com\/pt\/shop\/top-10-research-chemicals\/caluanie-muelear-oxidize\/\">caluanie muelear oxidar\u200b<\/a><a href=\"https:\/\/onderzoekschemicals.com\/pt\/shop\/weegschalen\/digitale-tank-mini-weegschaal\/\">Mini balan\u00e7a digital para tanques<\/a><a href=\"https:\/\/onderzoekschemicals.com\/pt\/shop\/weegschalen\/digitale-bio-mini-weegschaal\/\">Mini balan\u00e7a digital bio<\/a><a href=\"https:\/\/onderzoekschemicals.com\/pt\/shop\/top-10-research-chemicals\/3-cmc-hcl\/\">3 cmc<\/a><\/strong><\/p>\n<\/li>\n<\/ul>","protected":false},"excerpt":{"rendered":"<p><strong>Especifica\u00e7\u00f5es:<\/strong><\/p>\n<ul>\n<li>Digital<\/li>\n<li>Pesa a partir de 0,01g<\/li>\n<li>Pesa no m\u00e1ximo. 100g<\/li>\n<li>Funciona com: 2 pilhas AAA<\/li>\n<li>Tela LCD<\/li>\n<li>Cor: preto<\/li>\n<\/ul>","protected":false},"featured_media":24678,"comment_status":"closed","ping_status":"closed","template":"","meta":[],"product_brand":[],"product_cat":[451],"product_tag":[452,764,767,765,766,768],"class_list":{"0":"post-24654","1":"product","2":"type-product","3":"status-publish","4":"has-post-thumbnail","6":"product_cat-weegschalen","7":"product_tag-de","8":"product_tag-digitale-cs-weegschaal","9":"product_tag-digitale-microweegschaal","10":"product_tag-milligramweegschaal","11":"product_tag-precise-weegschaal-0-001g","12":"product_tag-weegschaal-voor-research-chemicals","14":"first","15":"instock","16":"taxable","17":"shipping-taxable","18":"purchasable","19":"product-type-simple"},"_links":{"self":[{"href":"https:\/\/onderzoekschemicals.com\/pt\/wp-json\/wp\/v2\/product\/24654","targetHints":{"allow":["GET"]}}],"collection":[{"href":"https:\/\/onderzoekschemicals.com\/pt\/wp-json\/wp\/v2\/product"}],"about":[{"href":"https:\/\/onderzoekschemicals.com\/pt\/wp-json\/wp\/v2\/types\/product"}],"replies":[{"embeddable":true,"href":"https:\/\/onderzoekschemicals.com\/pt\/wp-json\/wp\/v2\/comments?post=24654"}],"version-history":[{"count":7,"href":"https:\/\/onderzoekschemicals.com\/pt\/wp-json\/wp\/v2\/product\/24654\/revisions"}],"predecessor-version":[{"id":27752,"href":"https:\/\/onderzoekschemicals.com\/pt\/wp-json\/wp\/v2\/product\/24654\/revisions\/27752"}],"wp:featuredmedia":[{"embeddable":true,"href":"https:\/\/onderzoekschemicals.com\/pt\/wp-json\/wp\/v2\/media\/24678"}],"wp:attachment":[{"href":"https:\/\/onderzoekschemicals.com\/pt\/wp-json\/wp\/v2\/media?parent=24654"}],"wp:term":[{"taxonomy":"product_brand","embeddable":true,"href":"https:\/\/onderzoekschemicals.com\/pt\/wp-json\/wp\/v2\/product_brand?post=24654"},{"taxonomy":"product_cat","embeddable":true,"href":"https:\/\/onderzoekschemicals.com\/pt\/wp-json\/wp\/v2\/product_cat?post=24654"},{"taxonomy":"product_tag","embeddable":true,"href":"https:\/\/onderzoekschemicals.com\/pt\/wp-json\/wp\/v2\/product_tag?post=24654"}],"curies":[{"name":"wp","href":"https:\/\/api.w.org\/{rel}","templated":true}]}}