{"id":24573,"date":"2025-10-20T17:42:03","date_gmt":"2025-10-20T17:42:03","guid":{"rendered":"https:\/\/onderzoekschemicals.com\/?post_type=product&#038;p=24573"},"modified":"2025-11-28T04:39:59","modified_gmt":"2025-11-28T04:39:59","slug":"hhc-gummy-bear-50mg-red","status":"publish","type":"product","link":"https:\/\/onderzoekschemicals.com\/pt\/shop\/b2b\/hhc-gummy-bear-50mg-red\/","title":{"rendered":"Ursinhos de goma 50mg HHC (vermelho)"},"content":{"rendered":"<h3 data-start=\"3889\" data-end=\"3910\"><strong data-start=\"3893\" data-end=\"3908\">Introdu\u00e7\u00e3o<\/strong><\/h3>\n<p data-start=\"3911\" data-end=\"4184\">Descobrir <strong data-start=\"3918\" data-end=\"3948\">Ursinhos de goma 50 mg HHC (vermelho)<\/strong> \u2014 alta qualidade <strong data-start=\"3964\" data-end=\"3979\">Gomas HHC<\/strong> com um sabor delicioso e dosagem precisa. Cada goma vermelha cont\u00e9m <strong data-start=\"4051\" data-end=\"4086\">50 mg de HHC (hexahidrocanabinol)<\/strong>, que proporciona um efeito mais potente e duradouro do que as variantes mais leves de 10 mg ou 25 mg. ursinho de goma hhc<\/p>\n<p data-start=\"4186\" data-end=\"4346\">Quer voc\u00ea esteja conduzindo uma pesquisa sobre <strong data-start=\"4214\" data-end=\"4229\">Comest\u00edveis HHC<\/strong> ou est\u00e1 considerando <strong data-start=\"4243\" data-end=\"4279\">Compre Gummybears 50 mg HHC (Vermelho).<\/strong>, este produto \u00e9 sin\u00f4nimo de pureza, precis\u00e3o e confiabilidade.<\/p>\n<hr data-start=\"4348\" data-end=\"4351\" \/>\n<h3 data-start=\"4353\" data-end=\"4384\"><strong data-start=\"4357\" data-end=\"4384\">Principais caracter\u00edsticas<\/strong><\/h3>\n<div class=\"_tableContainer_1rjym_1\">\n<div class=\"group _tableWrapper_1rjym_13 flex w-fit flex-col-reverse\" tabindex=\"-1\">\n<table class=\"w-fit min-w-(--thread-content-width)\" data-start=\"4386\" data-end=\"4853\">\n<thead data-start=\"4386\" data-end=\"4412\">\n<tr data-start=\"4386\" data-end=\"4412\">\n<th data-start=\"4386\" data-end=\"4396\" data-col-size=\"sm\">Recurso<\/th>\n<th data-start=\"4396\" data-end=\"4412\" data-col-size=\"md\">Descri\u00e7\u00e3o<\/th>\n<\/tr>\n<\/thead>\n<tbody data-start=\"4423\" data-end=\"4853\">\n<tr data-start=\"4423\" data-end=\"4512\">\n<td data-start=\"4423\" data-end=\"4442\" data-col-size=\"sm\"><strong data-start=\"4425\" data-end=\"4441\">Alta resist\u00eancia<\/strong><\/td>\n<td data-start=\"4442\" data-end=\"4512\" data-col-size=\"md\">Cada goma cont\u00e9m <strong data-start=\"4461\" data-end=\"4474\">50 mg de HHC<\/strong> para um efeito poderoso e cont\u00ednuo.<\/td>\n<\/tr>\n<tr data-start=\"4513\" data-end=\"4585\">\n<td data-start=\"4513\" data-end=\"4532\" data-col-size=\"sm\"><strong data-start=\"4515\" data-end=\"4531\">Sabor Frutado<\/strong><\/td>\n<td data-start=\"4532\" data-end=\"4585\" data-col-size=\"md\">A variedade vermelha tem um sabor doce e agrad\u00e1vel.<\/td>\n<\/tr>\n<tr data-start=\"4586\" data-end=\"4674\">\n<td data-start=\"4586\" data-end=\"4612\" data-col-size=\"sm\"><strong data-start=\"4588\" data-end=\"4611\">Testado em laborat\u00f3rio<\/strong><\/td>\n<td data-start=\"4612\" data-end=\"4674\" data-col-size=\"md\">Testado independentemente quanto \u00e0 pureza, pot\u00eancia e seguran\u00e7a.<\/td>\n<\/tr>\n<tr data-start=\"4675\" data-end=\"4762\">\n<td data-start=\"4675\" data-end=\"4703\" data-col-size=\"sm\"><strong data-start=\"4677\" data-end=\"4702\">Dosagem f\u00e1cil<\/strong><\/td>\n<td data-start=\"4703\" data-end=\"4762\" data-col-size=\"md\">Conte\u00fado preciso por goma para resultados previs\u00edveis.<\/td>\n<\/tr>\n<tr data-start=\"4763\" data-end=\"4853\">\n<td data-start=\"4763\" data-end=\"4791\" data-col-size=\"sm\"><strong data-start=\"4765\" data-end=\"4790\">Embalagem selada<\/strong><\/td>\n<td data-start=\"4791\" data-end=\"4853\" data-col-size=\"md\">Mant\u00e9m o produto fresco, potente e protegido da umidade.<\/td>\n<\/tr>\n<\/tbody>\n<\/table>\n<\/div>\n<\/div>\n<hr data-start=\"4855\" data-end=\"4858\" \/>\n<h3 data-start=\"4860\" data-end=\"4877\"><strong data-start=\"4864\" data-end=\"4877\">Vantagens<\/strong><\/h3>\n<ul data-start=\"4879\" data-end=\"5402\">\n<li data-start=\"4879\" data-end=\"5014\">\n<p data-start=\"4881\" data-end=\"5014\"><strong data-start=\"4881\" data-end=\"4916\">Experi\u00eancia poderosa e duradoura<\/strong> \u2013 A dose de 50 mg proporciona efeitos duradouros, adequada para usu\u00e1rios experientes ou pesquisadores.<\/p>\n<\/li>\n<li data-start=\"5015\" data-end=\"5117\">\n<p data-start=\"5017\" data-end=\"5117\"><strong data-start=\"5017\" data-end=\"5042\">Qualidade confi\u00e1vel<\/strong> \u2013 Cada lote <strong data-start=\"5056\" data-end=\"5071\">Comest\u00edveis HHC<\/strong> \u00e9 testado quanto \u00e0 consist\u00eancia e seguran\u00e7a.<\/p>\n<\/li>\n<li data-start=\"5118\" data-end=\"5209\">\n<p data-start=\"5120\" data-end=\"5209\"><strong data-start=\"5120\" data-end=\"5141\">Discreto e conveniente<\/strong> \u2013 F\u00e1cil de armazenar e usar, sem odor ou necessidade de equipamento.<\/p>\n<\/li>\n<li data-start=\"5210\" data-end=\"5303\">\n<p data-start=\"5212\" data-end=\"5303\"><strong data-start=\"5212\" data-end=\"5234\">For\u00e7a Saborosa<\/strong> \u2013 A variante vermelha combina sabor frutado com um efeito poderoso.<\/p>\n<\/li>\n<li data-start=\"5304\" data-end=\"5402\">\n<p data-start=\"5306\" data-end=\"5402\"><strong data-start=\"5306\" data-end=\"5326\">Valor da pesquisa<\/strong> \u2013 Adequado para estudos sobre <strong data-start=\"5356\" data-end=\"5402\">Metabolismo, estabilidade e absor\u00e7\u00e3o do HHC. Ursinho de goma HHC<\/strong><\/p>\n<\/li>\n<\/ul>\n<hr data-start=\"5404\" data-end=\"5407\" \/>\n<h3 data-start=\"5409\" data-end=\"5445\"><strong data-start=\"5413\" data-end=\"5445\">Uso \/ Instru\u00e7\u00f5es de uso<\/strong><\/h3>\n<blockquote data-start=\"5447\" data-end=\"5572\">\n<p data-start=\"5449\" data-end=\"5572\">\u26a0\ufe0f <strong data-start=\"5452\" data-end=\"5467\">Importante:<\/strong> Use somente em pa\u00edses onde o HHC \u00e9 legal. N\u00e3o \u00e9 adequado para crian\u00e7as, animais ou uso n\u00e3o autorizado.<\/p>\n<\/blockquote>\n<ol data-start=\"5574\" data-end=\"5972\">\n<li data-start=\"5574\" data-end=\"5644\">\n<p data-start=\"5577\" data-end=\"5644\"><strong data-start=\"5577\" data-end=\"5592\">Comece pequeno<\/strong> \u2013 Comece com meia goma (cerca de 25 mg de HHC).<\/p>\n<\/li>\n<li data-start=\"5645\" data-end=\"5726\">\n<p data-start=\"5648\" data-end=\"5726\"><strong data-start=\"5648\" data-end=\"5668\">Espere e avalie<\/strong> - Guarda <strong data-start=\"5677\" data-end=\"5695\">90\u2013120 minutos<\/strong> para qualquer ingest\u00e3o adicional.<\/p>\n<\/li>\n<li data-start=\"5727\" data-end=\"5829\">\n<p data-start=\"5730\" data-end=\"5829\"><strong data-start=\"5730\" data-end=\"5753\">Evite combina\u00e7\u00f5es<\/strong> \u2013 N\u00e3o use em combina\u00e7\u00e3o com \u00e1lcool ou outras subst\u00e2ncias psicoativas.<\/p>\n<\/li>\n<li data-start=\"5830\" data-end=\"5887\">\n<p data-start=\"5833\" data-end=\"5887\"><strong data-start=\"5833\" data-end=\"5843\">Armazenar<\/strong> \u2013 Conservar em local fresco, seco e escuro (\u2264 20 \u00b0C).<\/p>\n<\/li>\n<li data-start=\"5888\" data-end=\"5972\">\n<p data-start=\"5891\" data-end=\"5972\"><strong data-start=\"5891\" data-end=\"5912\">Uso de pesquisa<\/strong> \u2013 Registre o n\u00famero do lote e os resultados dos testes para documenta\u00e7\u00e3o.<\/p>\n<\/li>\n<\/ol>\n<hr data-start=\"5974\" data-end=\"5977\" \/>\n<h3 data-start=\"5979\" data-end=\"6014\"><strong data-start=\"5983\" data-end=\"6012\">Perguntas Frequentes (FAQ)<\/strong><\/h3>\n<p data-start=\"6016\" data-end=\"6181\"><strong data-start=\"6016\" data-end=\"6044\">1. O que s\u00e3o gomas HHC?<\/strong><br data-start=\"6044\" data-end=\"6047\" \/><strong data-start=\"6047\" data-end=\"6062\">Gomas HHC<\/strong> s\u00e3o doces comest\u00edveis com <strong data-start=\"6089\" data-end=\"6112\">Hexahidrocanabinol<\/strong>, um canabinoide hidrogenado com efeito mais suave que o THC.<\/p>\n<p data-start=\"6183\" data-end=\"6361\"><strong data-start=\"6183\" data-end=\"6232\">2. Qu\u00e3o fortes s\u00e3o os Gummy Bears 50 mg HHC (Vermelho)?<\/strong><br data-start=\"6232\" data-end=\"6235\" \/>Cada goma cont\u00e9m 50 mg de HHC \u2014 uma dose alta com efeitos que <strong data-start=\"6296\" data-end=\"6307\">4\u20136 horas<\/strong> pode persistir, dependendo do metabolismo.<\/p>\n<p data-start=\"6363\" data-end=\"6579\"><strong data-start=\"6363\" data-end=\"6422\">3. \u00c9 legal comprar \u201cGummybears 50 mg HHC (Vermelho)\u201d?<\/strong><br data-start=\"6422\" data-end=\"6425\" \/>A legalidade varia de acordo com o pa\u00eds. Em alguns pa\u00edses da UE, <strong data-start=\"6485\" data-end=\"6500\">Comest\u00edveis HHC<\/strong> Regulamentado ou proibido. Sempre verifique as leis locais antes de comprar.<\/p>","protected":false},"excerpt":{"rendered":"<h2><span dir=\"auto\" style=\"vertical-align: inherit;\"><span dir=\"auto\" style=\"vertical-align: inherit;\">Ursinhos de goma 50mg HHC (vermelho)<\/span><\/span><\/h2>\n<ul>\n<li><strong><span dir=\"auto\" style=\"vertical-align: inherit;\"><span dir=\"auto\" style=\"vertical-align: inherit;\">Embalagem de varejo<\/span><\/span><br \/>\n<\/strong><\/li>\n<li><strong><span dir=\"auto\" style=\"vertical-align: inherit;\"><span dir=\"auto\" style=\"vertical-align: inherit;\">N\u00famero de ursinhos de goma por saco: 10<\/span><\/span><\/strong><\/li>\n<li><strong><span dir=\"auto\" style=\"vertical-align: inherit;\"><span dir=\"auto\" style=\"vertical-align: inherit;\">Os pre\u00e7os n\u00e3o incluem IVA 21%<\/span><\/span><\/strong><\/li>\n<li><strong><span dir=\"auto\" style=\"vertical-align: inherit;\"><span dir=\"auto\" style=\"vertical-align: inherit;\">Pre\u00e7o de varejo recomendado por saco: \u20ac 24,95 incl. IVA<\/span><\/span><\/strong><\/li>\n<li><strong><span dir=\"auto\" style=\"vertical-align: inherit;\"><span dir=\"auto\" style=\"vertical-align: inherit;\">Pedido m\u00ednimo: 100 sacos<\/span><\/span><\/strong><\/li>\n<\/ul>","protected":false},"featured_media":29352,"comment_status":"closed","ping_status":"closed","template":"","meta":[],"product_brand":[82],"product_cat":[555],"product_tag":[709,710,707,708,711,713,712],"class_list":{"0":"post-24573","1":"product","2":"type-product","3":"status-publish","4":"has-post-thumbnail","6":"product_brand-research-chemical","7":"product_cat-b2b","8":"product_tag-hhc-50mg","9":"product_tag-hhc-effecten","10":"product_tag-hhc-gummy-bear","11":"product_tag-hhc-gummy-bears","12":"product_tag-hhc-kopen","13":"product_tag-hhc-nederland-belgie","14":"product_tag-legale-cannabis","16":"first","17":"instock","18":"taxable","19":"shipping-taxable","20":"purchasable","21":"product-type-variable"},"_links":{"self":[{"href":"https:\/\/onderzoekschemicals.com\/pt\/wp-json\/wp\/v2\/product\/24573","targetHints":{"allow":["GET"]}}],"collection":[{"href":"https:\/\/onderzoekschemicals.com\/pt\/wp-json\/wp\/v2\/product"}],"about":[{"href":"https:\/\/onderzoekschemicals.com\/pt\/wp-json\/wp\/v2\/types\/product"}],"replies":[{"embeddable":true,"href":"https:\/\/onderzoekschemicals.com\/pt\/wp-json\/wp\/v2\/comments?post=24573"}],"version-history":[{"count":8,"href":"https:\/\/onderzoekschemicals.com\/pt\/wp-json\/wp\/v2\/product\/24573\/revisions"}],"predecessor-version":[{"id":27768,"href":"https:\/\/onderzoekschemicals.com\/pt\/wp-json\/wp\/v2\/product\/24573\/revisions\/27768"}],"wp:featuredmedia":[{"embeddable":true,"href":"https:\/\/onderzoekschemicals.com\/pt\/wp-json\/wp\/v2\/media\/29352"}],"wp:attachment":[{"href":"https:\/\/onderzoekschemicals.com\/pt\/wp-json\/wp\/v2\/media?parent=24573"}],"wp:term":[{"taxonomy":"product_brand","embeddable":true,"href":"https:\/\/onderzoekschemicals.com\/pt\/wp-json\/wp\/v2\/product_brand?post=24573"},{"taxonomy":"product_cat","embeddable":true,"href":"https:\/\/onderzoekschemicals.com\/pt\/wp-json\/wp\/v2\/product_cat?post=24573"},{"taxonomy":"product_tag","embeddable":true,"href":"https:\/\/onderzoekschemicals.com\/pt\/wp-json\/wp\/v2\/product_tag?post=24573"}],"curies":[{"name":"wp","href":"https:\/\/api.w.org\/{rel}","templated":true}]}}