{"id":24529,"date":"2025-10-20T17:41:54","date_gmt":"2025-10-20T17:41:54","guid":{"rendered":"https:\/\/onderzoekschemicals.com\/?post_type=product&#038;p=24529"},"modified":"2025-10-21T16:01:25","modified_gmt":"2025-10-21T16:01:25","slug":"2c-b-fly-10-mg-zakje-3-pellets","status":"publish","type":"product","link":"https:\/\/onderzoekschemicals.com\/pt\/shop\/b2b\/2c-b-fly-10-mg-zakje-3-pellets\/","title":{"rendered":"Saco 2C-B-FLY 10 MG com 3 pellets"},"content":{"rendered":"<h3 data-start=\"3793\" data-end=\"3814\"><strong data-start=\"3797\" data-end=\"3812\">Introdu\u00e7\u00e3o<\/strong><\/h3>\n<p data-start=\"3815\" data-end=\"4074\"><strong data-start=\"3815\" data-end=\"3851\">Sach\u00ea 2C-B-FLY 10 mg (3 pastilhas)<\/strong> cont\u00e9m <strong data-start=\"3858\" data-end=\"3906\">tr\u00eas pellets de 10 mg dosados com precis\u00e3o<\/strong> <strong data-start=\"3907\" data-end=\"3969\">2C-B-FLY (8-bromo-2,3,6,7-benzodi-hidro-difuranotilamina)<\/strong> - Um <strong data-start=\"3976\" data-end=\"4006\">fenetilamina sint\u00e9tica<\/strong> do <strong data-start=\"4014\" data-end=\"4028\">Fam\u00edlia 2C<\/strong>, desenvolvido por <strong data-start=\"4046\" data-end=\"4071\">Dr. Alexander Shulgin<\/strong>.<\/p>\n<p data-start=\"4076\" data-end=\"4431\">Devido \u00e0 sua singularidade <strong data-start=\"4093\" data-end=\"4119\">estrutura do benzodifurano<\/strong> 2C-B-FLY \u00e9 amplamente utilizado em <strong data-start=\"4152\" data-end=\"4209\">pesquisa farmacol\u00f3gica, anal\u00edtica e neuroqu\u00edmica<\/strong> Desagrad\u00e1vel <strong data-start=\"4215\" data-end=\"4234\">liga\u00e7\u00e3o ao receptor<\/strong> e <strong data-start=\"4238\" data-end=\"4280\">rela\u00e7\u00f5es estrutura-atividade (SAR)<\/strong>.<br data-start=\"4281\" data-end=\"4284\" \/>Os pellets t\u00eam uma <strong data-start=\"4306\" data-end=\"4343\">pureza laboratorial de \u2265 98 %<\/strong> e s\u00e3o entregues em um <strong data-start=\"4370\" data-end=\"4408\">saco resistente \u00e0 umidade e resel\u00e1vel<\/strong> para armazenamento seguro.<\/p>\n<blockquote data-start=\"4433\" data-end=\"4580\">\n<p data-start=\"4435\" data-end=\"4580\">\u26a0\ufe0f <strong data-start=\"4438\" data-end=\"4449\">OBS:<\/strong> Este produto destina-se apenas a utiliza\u00e7\u00e3o <strong data-start=\"4490\" data-end=\"4531\">pesquisa laboratorial e anal\u00edtica<\/strong> \u2014 <strong data-start=\"4534\" data-end=\"4577\">n\u00e3o para uso humano ou animal<\/strong>.<\/p>\n<\/blockquote>\n<hr data-start=\"4582\" data-end=\"4585\" \/>\n<h3 data-start=\"4587\" data-end=\"4618\"><strong data-start=\"4591\" data-end=\"4618\">Principais caracter\u00edsticas<\/strong><\/h3>\n<div class=\"_tableContainer_1rjym_1\">\n<div class=\"group _tableWrapper_1rjym_13 flex w-fit flex-col-reverse\" tabindex=\"-1\">\n<table class=\"w-fit min-w-(--thread-content-width)\" data-start=\"4620\" data-end=\"5143\">\n<thead data-start=\"4620\" data-end=\"4646\">\n<tr data-start=\"4620\" data-end=\"4646\">\n<th data-start=\"4620\" data-end=\"4630\" data-col-size=\"sm\">Recurso<\/th>\n<th data-start=\"4630\" data-end=\"4646\" data-col-size=\"md\">Descri\u00e7\u00e3o<\/th>\n<\/tr>\n<\/thead>\n<tbody data-start=\"4675\" data-end=\"5143\">\n<tr data-start=\"4675\" data-end=\"4758\">\n<td data-start=\"4675\" data-end=\"4696\" data-col-size=\"sm\"><strong data-start=\"4677\" data-end=\"4695\">Nome qu\u00edmico<\/strong><\/td>\n<td data-start=\"4696\" data-end=\"4758\" data-col-size=\"md\">8-Broomo-2,3,6,7-benzodi-hidro-difuranotilamina (2C-B-FLY)<\/td>\n<\/tr>\n<tr data-start=\"4759\" data-end=\"4831\">\n<td data-start=\"4759\" data-end=\"4774\" data-col-size=\"sm\"><strong data-start=\"4761\" data-end=\"4773\">Dosagem<\/strong><\/td>\n<td data-start=\"4774\" data-end=\"4831\" data-col-size=\"md\">10 mg por pellet \u2013 total de 30 mg (3 pellets por saco)<\/td>\n<\/tr>\n<tr data-start=\"4832\" data-end=\"4883\">\n<td data-start=\"4832\" data-end=\"4843\" data-col-size=\"sm\"><strong data-start=\"4834\" data-end=\"4842\">Forma<\/strong><\/td>\n<td data-start=\"4843\" data-end=\"4883\" data-col-size=\"md\">Pellets s\u00f3lidos para uso anal\u00edtico<\/td>\n<\/tr>\n<tr data-start=\"4884\" data-end=\"4936\">\n<td data-start=\"4884\" data-end=\"4901\" data-col-size=\"sm\"><strong data-start=\"4886\" data-end=\"4900\">Pureza<\/strong><\/td>\n<td data-start=\"4901\" data-end=\"4936\" data-col-size=\"md\">\u2265 98 % (testado por HPLC e RMN)<\/td>\n<\/tr>\n<tr data-start=\"4937\" data-end=\"5016\">\n<td data-start=\"4937\" data-end=\"4960\" data-col-size=\"sm\"><strong data-start=\"4939\" data-end=\"4959\">Classe Qu\u00edmica<\/strong><\/td>\n<td data-start=\"4960\" data-end=\"5016\" data-col-size=\"md\">An\u00e1logo de fenetilamina\/benzodifurano substitu\u00eddo<\/td>\n<\/tr>\n<tr data-start=\"5017\" data-end=\"5091\">\n<td data-start=\"5017\" data-end=\"5031\" data-col-size=\"sm\"><strong data-start=\"5019\" data-end=\"5030\">Uso<\/strong><\/td>\n<td data-start=\"5031\" data-end=\"5091\" data-col-size=\"md\">Somente para pesquisa anal\u00edtica, forense e qu\u00edmica<\/td>\n<\/tr>\n<tr data-start=\"5092\" data-end=\"5143\">\n<td data-start=\"5092\" data-end=\"5109\" data-col-size=\"sm\"><strong data-start=\"5094\" data-end=\"5108\">Embalagem<\/strong><\/td>\n<td data-start=\"5109\" data-end=\"5143\" data-col-size=\"md\">Saco de laborat\u00f3rio ressel\u00e1vel<\/td>\n<\/tr>\n<\/tbody>\n<\/table>\n<\/div>\n<\/div>\n<hr data-start=\"5145\" data-end=\"5148\" \/>\n<h3 data-start=\"5150\" data-end=\"5167\"><strong data-start=\"5154\" data-end=\"5167\">Vantagens<\/strong><\/h3>\n<ul data-start=\"5169\" data-end=\"5575\">\n<li data-start=\"5169\" data-end=\"5245\">\n<p data-start=\"5171\" data-end=\"5245\"><strong data-start=\"5171\" data-end=\"5195\">Dosagem precisa<\/strong> \u2013 10 mg por pellet para resultados confi\u00e1veis.<\/p>\n<\/li>\n<li data-start=\"5246\" data-end=\"5315\">\n<p data-start=\"5248\" data-end=\"5315\"><strong data-start=\"5248\" data-end=\"5281\">Alta Pureza e Estabilidade<\/strong> \u2013 \u2265 98 % qualidade de laborat\u00f3rio.<\/p>\n<\/li>\n<li data-start=\"5316\" data-end=\"5412\">\n<p data-start=\"5318\" data-end=\"5412\"><strong data-start=\"5318\" data-end=\"5347\">Ideal para pesquisa SAR<\/strong> \u2013 Adequado para compara\u00e7\u00f5es estruturais e estudos de receptores.<\/p>\n<\/li>\n<li data-start=\"5413\" data-end=\"5492\">\n<p data-start=\"5415\" data-end=\"5492\"><strong data-start=\"5415\" data-end=\"5446\">Amplamente aplic\u00e1vel em termos anal\u00edticos<\/strong> \u2013 Compat\u00edvel com GC\/MS, LC-MS, FTIR e RMN.<\/p>\n<\/li>\n<li data-start=\"5493\" data-end=\"5575\">\n<p data-start=\"5495\" data-end=\"5575\"><strong data-start=\"5495\" data-end=\"5513\">Tamanho pr\u00e1tico<\/strong> \u2013 Saco com 3 pellets, ideal para pesquisas em pequena escala.<\/p>\n<\/li>\n<\/ul>\n<hr data-start=\"5577\" data-end=\"5580\" \/>\n<h3 data-start=\"5582\" data-end=\"5634\"><strong data-start=\"5586\" data-end=\"5632\">Uso (somente para fins de pesquisa)<\/strong><\/h3>\n<ol data-start=\"5636\" data-end=\"6016\">\n<li data-start=\"5636\" data-end=\"5734\">\n<p data-start=\"5639\" data-end=\"5734\"><strong data-start=\"5639\" data-end=\"5654\">Manuseio:<\/strong> Use luvas e \u00f3culos de seguran\u00e7a; trabalhe em condi\u00e7\u00f5es controladas.<\/p>\n<\/li>\n<li data-start=\"5735\" data-end=\"5819\">\n<p data-start=\"5738\" data-end=\"5819\"><strong data-start=\"5738\" data-end=\"5751\">Medidas:<\/strong> Cada pellet cont\u00e9m 10 mg \u2013 n\u00e3o ajuste fora do laborat\u00f3rio.<\/p>\n<\/li>\n<li data-start=\"5820\" data-end=\"5875\">\n<p data-start=\"5823\" data-end=\"5875\"><strong data-start=\"5823\" data-end=\"5834\">Armazenar:<\/strong> Conservar em local fresco (2\u20138 \u00b0C), seco e escuro.<\/p>\n<\/li>\n<li data-start=\"5876\" data-end=\"5940\">\n<p data-start=\"5879\" data-end=\"5940\"><strong data-start=\"5879\" data-end=\"5891\">An\u00e1lise:<\/strong> Adequado para GC\/MS, HPLC, FTIR, LC-MS e RMN.<\/p>\n<\/li>\n<li data-start=\"5941\" data-end=\"6016\">\n<p data-start=\"5944\" data-end=\"6016\"><strong data-start=\"5944\" data-end=\"5961\">Documenta\u00e7\u00e3o:<\/strong> Registre os n\u00fameros de lote e os resultados dos testes para verificar a conformidade.<\/p>\n<\/li>\n<\/ol>\n<hr data-start=\"6018\" data-end=\"6021\" \/>\n<h3 data-start=\"6023\" data-end=\"6058\"><strong data-start=\"6027\" data-end=\"6056\">Perguntas Frequentes (FAQ)<\/strong><\/h3>\n<p data-start=\"6060\" data-end=\"6239\"><strong data-start=\"6060\" data-end=\"6083\">1. O que \u00e9 2C-B-FLY?<\/strong><br data-start=\"6083\" data-end=\"6086\" \/><strong data-start=\"6086\" data-end=\"6098\">2C-B-FLY<\/strong> \u00e9 um <strong data-start=\"6106\" data-end=\"6136\">fenetilamina sint\u00e9tica<\/strong> com uma estrutura de benzodifurano usada para estudos de liga\u00e7\u00e3o ao receptor e an\u00e1lise de SAR.<\/p>\n<p data-start=\"6241\" data-end=\"6399\"><strong data-start=\"6241\" data-end=\"6299\">2. O que cont\u00e9m o sach\u00ea 2C-B-FLY 10 mg (3 pastilhas)?<\/strong><br data-start=\"6299\" data-end=\"6302\" \/>A bolsa cont\u00e9m <strong data-start=\"6318\" data-end=\"6357\">tr\u00eas pellets de 10 mg de 2C-B-FLY cada<\/strong> para uso anal\u00edtico (total 30 mg).<\/p>\n<p data-start=\"6401\" data-end=\"6605\"><strong data-start=\"6401\" data-end=\"6443\">3. \u00c9 legal comprar 2C-B-FLY?<\/strong><br data-start=\"6443\" data-end=\"6446\" \/>O <strong data-start=\"6449\" data-end=\"6476\">legalidade do 2C-B-FLY<\/strong> Varia de acordo com o pa\u00eds. Em alguns pa\u00edses, \u00e9 considerada uma subst\u00e2ncia controlada. Sempre verifique a legisla\u00e7\u00e3o local antes de comprar.<\/p>","protected":false},"excerpt":{"rendered":"<h2><strong><span dir=\"auto\" style=\"vertical-align: inherit;\"><span dir=\"auto\" style=\"vertical-align: inherit;\">Sach\u00ea 2C-B-FLY 10 MG com 3 pellets<\/span><\/span><\/strong><\/h2>\n<ul>\n<li><strong><span dir=\"auto\" style=\"vertical-align: inherit;\"><span dir=\"auto\" style=\"vertical-align: inherit;\">Embalagem de varejo<\/span><\/span><br \/>\n<\/strong><\/li>\n<li><strong><span dir=\"auto\" style=\"vertical-align: inherit;\"><span dir=\"auto\" style=\"vertical-align: inherit;\">N\u00famero de pellets por saco: 3<\/span><\/span><\/strong><\/li>\n<li><strong><span dir=\"auto\" style=\"vertical-align: inherit;\"><span dir=\"auto\" style=\"vertical-align: inherit;\">Os pre\u00e7os n\u00e3o incluem IVA 21%<\/span><\/span><\/strong><\/li>\n<li><strong><span dir=\"auto\" style=\"vertical-align: inherit;\"><span dir=\"auto\" style=\"vertical-align: inherit;\">Pre\u00e7o de varejo recomendado: \u20ac 25,00 incl. IVA<\/span><\/span><\/strong><\/li>\n<\/ul>","protected":false},"featured_media":24545,"comment_status":"closed","ping_status":"closed","template":"","meta":[],"product_brand":[82],"product_cat":[555],"product_tag":[193,194,817,198,197,196,199,200,326],"class_list":{"0":"post-24529","1":"product","2":"type-product","3":"status-publish","4":"has-post-thumbnail","6":"product_brand-research-chemical","7":"product_cat-b2b","8":"product_tag-2c-b-fly","9":"product_tag-2c-b-fly-pellets","10":"product_tag-2c-b-fly-psychonau","11":"product_tag-2cb-dosering","12":"product_tag-2cb-drugs","13":"product_tag-2cb-effecten","14":"product_tag-2cb-fly","15":"product_tag-dosering-2cb","16":"product_tag-nl","18":"first","19":"instock","20":"taxable","21":"shipping-taxable","22":"purchasable","23":"product-type-variable"},"_links":{"self":[{"href":"https:\/\/onderzoekschemicals.com\/pt\/wp-json\/wp\/v2\/product\/24529","targetHints":{"allow":["GET"]}}],"collection":[{"href":"https:\/\/onderzoekschemicals.com\/pt\/wp-json\/wp\/v2\/product"}],"about":[{"href":"https:\/\/onderzoekschemicals.com\/pt\/wp-json\/wp\/v2\/types\/product"}],"replies":[{"embeddable":true,"href":"https:\/\/onderzoekschemicals.com\/pt\/wp-json\/wp\/v2\/comments?post=24529"}],"version-history":[{"count":5,"href":"https:\/\/onderzoekschemicals.com\/pt\/wp-json\/wp\/v2\/product\/24529\/revisions"}],"predecessor-version":[{"id":27773,"href":"https:\/\/onderzoekschemicals.com\/pt\/wp-json\/wp\/v2\/product\/24529\/revisions\/27773"}],"wp:featuredmedia":[{"embeddable":true,"href":"https:\/\/onderzoekschemicals.com\/pt\/wp-json\/wp\/v2\/media\/24545"}],"wp:attachment":[{"href":"https:\/\/onderzoekschemicals.com\/pt\/wp-json\/wp\/v2\/media?parent=24529"}],"wp:term":[{"taxonomy":"product_brand","embeddable":true,"href":"https:\/\/onderzoekschemicals.com\/pt\/wp-json\/wp\/v2\/product_brand?post=24529"},{"taxonomy":"product_cat","embeddable":true,"href":"https:\/\/onderzoekschemicals.com\/pt\/wp-json\/wp\/v2\/product_cat?post=24529"},{"taxonomy":"product_tag","embeddable":true,"href":"https:\/\/onderzoekschemicals.com\/pt\/wp-json\/wp\/v2\/product_tag?post=24529"}],"curies":[{"name":"wp","href":"https:\/\/api.w.org\/{rel}","templated":true}]}}