{"id":24494,"date":"2025-10-20T17:41:49","date_gmt":"2025-10-20T17:41:49","guid":{"rendered":"https:\/\/onderzoekschemicals.com\/?post_type=product&#038;p=24494"},"modified":"2025-11-28T04:47:08","modified_gmt":"2025-11-28T04:47:08","slug":"5-mapb-2","status":"publish","type":"product","link":"https:\/\/onderzoekschemicals.com\/pt\/shop\/b2b\/5-mapb-2\/","title":{"rendered":"Tubo 5-MAPB 5ml"},"content":{"rendered":"<ul>\n<li>\n<h3 data-start=\"4017\" data-end=\"4038\"><strong data-start=\"4021\" data-end=\"4036\">Introdu\u00e7\u00e3o<\/strong><\/h3>\n<p data-start=\"4039\" data-end=\"4448\"><strong data-start=\"4039\" data-end=\"4060\">Tubo 5-MAPB 5ml<\/strong> cont\u00e9m um <strong data-start=\"4071\" data-end=\"4115\">solu\u00e7\u00e3o de laborat\u00f3rio preparada com precis\u00e3o<\/strong> por <strong data-start=\"4120\" data-end=\"4166\">5-MAPB (5-(2-metilaminopropil)benzofurano)<\/strong> - Um <strong data-start=\"4173\" data-end=\"4202\">subst\u00e2ncia de pesquisa benzofurano<\/strong> que est\u00e1 estruturalmente relacionado a <strong data-start=\"4234\" data-end=\"4243\">6-APB<\/strong> e <strong data-start=\"4247\" data-end=\"4255\">MDMA<\/strong>. 5 mapas<br data-start=\"4256\" data-end=\"4259\" \/>Dentro <strong data-start=\"4266\" data-end=\"4307\">pesquisa anal\u00edtica e neuroqu\u00edmica<\/strong> O 5-MAPB \u00e9 usado para estudos sobre <strong data-start=\"4348\" data-end=\"4374\">transportadores de monoamina<\/strong>, <strong data-start=\"4376\" data-end=\"4402\">atividade serotonin\u00e9rgica<\/strong> e <strong data-start=\"4406\" data-end=\"4445\">an\u00e1lise cromatogr\u00e1fica de refer\u00eancia<\/strong>.<\/p>\n<p data-start=\"4450\" data-end=\"4650\">A solu\u00e7\u00e3o \u00e9 preparada com <strong data-start=\"4480\" data-end=\"4503\">\u2265 98% 5-MAPB puro<\/strong>, dissolvido em um <strong data-start=\"4521\" data-end=\"4553\">solvente de classe de pesquisa<\/strong>, e embalado em um <strong data-start=\"4573\" data-end=\"4607\">tubo de vidro \u00e2mbar de 5ml<\/strong> para proteger contra luz e oxida\u00e7\u00e3o.<\/p>\n<blockquote data-start=\"4652\" data-end=\"4798\">\n<p data-start=\"4654\" data-end=\"4798\">\u26a0\ufe0f <strong data-start=\"4657\" data-end=\"4668\">OBS:<\/strong> Este produto destina-se apenas a utiliza\u00e7\u00e3o <strong data-start=\"4709\" data-end=\"4744\">pesquisa e uso anal\u00edtico<\/strong> \u2014 <strong data-start=\"4747\" data-end=\"4795\">n\u00e3o para consumo humano ou animal<\/strong>.<\/p>\n<\/blockquote>\n<hr data-start=\"4800\" data-end=\"4803\" \/>\n<h3 data-start=\"4805\" data-end=\"4836\"><strong data-start=\"4809\" data-end=\"4836\">Principais caracter\u00edsticas<\/strong><\/h3>\n<div class=\"_tableContainer_1rjym_1\">\n<div class=\"group _tableWrapper_1rjym_13 flex w-fit flex-col-reverse\" tabindex=\"-1\">\n<table class=\"w-fit min-w-(--thread-content-width)\" data-start=\"4838\" data-end=\"5435\">\n<thead data-start=\"4838\" data-end=\"4864\">\n<tr data-start=\"4838\" data-end=\"4864\">\n<th data-start=\"4838\" data-end=\"4848\" data-col-size=\"sm\">Recurso<\/th>\n<th data-start=\"4848\" data-end=\"4864\" data-col-size=\"md\">Descri\u00e7\u00e3o<\/th>\n<\/tr>\n<\/thead>\n<tbody data-start=\"4893\" data-end=\"5435\">\n<tr data-start=\"4893\" data-end=\"4951\">\n<td data-start=\"4893\" data-end=\"4914\" data-col-size=\"sm\"><strong data-start=\"4895\" data-end=\"4913\">Nome qu\u00edmico<\/strong><\/td>\n<td data-start=\"4914\" data-end=\"4951\" data-col-size=\"md\">5-(2-metilaminopropil)benzofurano<\/td>\n<\/tr>\n<tr data-start=\"4952\" data-end=\"4987\">\n<td data-start=\"4952\" data-end=\"4977\" data-col-size=\"sm\"><strong data-start=\"4954\" data-end=\"4976\">Nome comum<\/strong><\/td>\n<td data-start=\"4977\" data-end=\"4987\" data-col-size=\"md\">5-MAPB<\/td>\n<\/tr>\n<tr data-start=\"4988\" data-end=\"5024\">\n<td data-start=\"4988\" data-end=\"5012\" data-col-size=\"sm\"><strong data-start=\"4990\" data-end=\"5011\">F\u00f3rmula Qu\u00edmica<\/strong><\/td>\n<td data-start=\"5012\" data-end=\"5024\" data-col-size=\"md\">C\u2081\u2082H\u2081\u2087NO<\/td>\n<\/tr>\n<tr data-start=\"5025\" data-end=\"5063\">\n<td data-start=\"5025\" data-end=\"5047\" data-col-size=\"sm\"><strong data-start=\"5027\" data-end=\"5046\">Peso molecular<\/strong><\/td>\n<td data-start=\"5047\" data-end=\"5063\" data-col-size=\"md\">191,27 g\/mol<\/td>\n<\/tr>\n<tr data-start=\"5064\" data-end=\"5125\">\n<td data-start=\"5064\" data-end=\"5075\" data-col-size=\"sm\"><strong data-start=\"5066\" data-end=\"5074\">Forma<\/strong><\/td>\n<td data-start=\"5075\" data-end=\"5125\" data-col-size=\"md\">Solu\u00e7\u00e3o l\u00edquida (no solvente de teste)<\/td>\n<\/tr>\n<tr data-start=\"5126\" data-end=\"5189\">\n<td data-start=\"5126\" data-end=\"5145\" data-col-size=\"sm\"><strong data-start=\"5128\" data-end=\"5144\">Concentra\u00e7\u00e3o<\/strong><\/td>\n<td data-start=\"5145\" data-end=\"5189\" data-col-size=\"md\">Padr\u00e3o de laborat\u00f3rio (dependente do lote)<\/td>\n<\/tr>\n<tr data-start=\"5190\" data-end=\"5237\">\n<td data-start=\"5190\" data-end=\"5203\" data-col-size=\"sm\"><strong data-start=\"5192\" data-end=\"5202\">Volume<\/strong><\/td>\n<td data-start=\"5203\" data-end=\"5237\" data-col-size=\"md\">Tubo de vidro \u00e2mbar de 5ml<\/td>\n<\/tr>\n<tr data-start=\"5238\" data-end=\"5289\">\n<td data-start=\"5238\" data-end=\"5255\" data-col-size=\"sm\"><strong data-start=\"5240\" data-end=\"5254\">Pureza<\/strong><\/td>\n<td data-start=\"5255\" data-end=\"5289\" data-col-size=\"md\">\u2265 98% (testado por HPLC e RMN)<\/td>\n<\/tr>\n<tr data-start=\"5290\" data-end=\"5369\">\n<td data-start=\"5290\" data-end=\"5304\" data-col-size=\"sm\"><strong data-start=\"5292\" data-end=\"5303\">Uso<\/strong><\/td>\n<td data-start=\"5304\" data-end=\"5369\" data-col-size=\"md\">Somente para pesquisa anal\u00edtica, forense e neuroqu\u00edmica<\/td>\n<\/tr>\n<tr data-start=\"5370\" data-end=\"5435\">\n<td data-start=\"5370\" data-end=\"5387\" data-col-size=\"sm\"><strong data-start=\"5372\" data-end=\"5386\">Embalagem<\/strong><\/td>\n<td data-start=\"5387\" data-end=\"5435\" data-col-size=\"md\">Vidro \u00e2mbar com veda\u00e7\u00e3o herm\u00e9tica<\/td>\n<\/tr>\n<\/tbody>\n<\/table>\n<\/div>\n<\/div>\n<hr data-start=\"5437\" data-end=\"5440\" \/>\n<h3 data-start=\"5442\" data-end=\"5459\"><strong data-start=\"5446\" data-end=\"5459\">Vantagens<\/strong><\/h3>\n<ul data-start=\"5461\" data-end=\"5878\">\n<li data-start=\"5461\" data-end=\"5556\">\n<p data-start=\"5463\" data-end=\"5556\"><strong data-start=\"5463\" data-end=\"5482\">Alta Pureza<\/strong> \u2013 Prepare com \u2265 98% 5-MAPB puro para resultados de pesquisa confi\u00e1veis.<\/p>\n<\/li>\n<li data-start=\"5557\" data-end=\"5636\">\n<p data-start=\"5559\" data-end=\"5636\"><strong data-start=\"5559\" data-end=\"5586\">Solu\u00e7\u00e3o pronta para uso<\/strong> \u2013 Tubo de 5 ml simplifica a dosagem e a an\u00e1lise.<\/p>\n<\/li>\n<li data-start=\"5637\" data-end=\"5708\">\n<p data-start=\"5639\" data-end=\"5708\"><strong data-start=\"5639\" data-end=\"5662\">Vidro resistente \u00e0 luz<\/strong> \u2013 Protege a conex\u00e3o contra degrada\u00e7\u00e3o. 5 mapb<\/p>\n<\/li>\n<li data-start=\"5709\" data-end=\"5799\">\n<p data-start=\"5711\" data-end=\"5799\"><strong data-start=\"5711\" data-end=\"5741\">Amplamente aplic\u00e1vel em pesquisa<\/strong> \u2013 Adequado para an\u00e1lise GC\/MS, LC-MS, HPLC, FTIR e UV.<\/p>\n<\/li>\n<li data-start=\"5800\" data-end=\"5878\">\n<p data-start=\"5802\" data-end=\"5878\"><strong data-start=\"5802\" data-end=\"5825\">Controlado por lote<\/strong> \u2013 Cada lote \u00e9 testado quanto \u00e0 concentra\u00e7\u00e3o e pureza.<\/p>\n<\/li>\n<\/ul>\n<hr data-start=\"5880\" data-end=\"5883\" \/>\n<h3 data-start=\"5885\" data-end=\"5937\"><strong data-start=\"5889\" data-end=\"5935\">Uso (somente para fins de pesquisa)<\/strong><\/h3>\n<ol data-start=\"5939\" data-end=\"6330\">\n<li data-start=\"5939\" data-end=\"6033\">\n<p data-start=\"5942\" data-end=\"6033\"><strong data-start=\"5942\" data-end=\"5957\">Manuseio:<\/strong> Use luvas, \u00f3culos de seguran\u00e7a e jaleco; trabalhe sob uma capela de exaust\u00e3o.<\/p>\n<\/li>\n<li data-start=\"6034\" data-end=\"6096\">\n<p data-start=\"6037\" data-end=\"6096\"><strong data-start=\"6037\" data-end=\"6050\">Medidas:<\/strong> Use pipetas para dosagem precisa.<\/p>\n<\/li>\n<li data-start=\"6097\" data-end=\"6167\">\n<p data-start=\"6100\" data-end=\"6167\"><strong data-start=\"6100\" data-end=\"6111\">Armazenar:<\/strong> Conservar em local fresco (2\u20138\u00b0C), seco e escuro; n\u00e3o congelar.<\/p>\n<\/li>\n<li data-start=\"6168\" data-end=\"6263\">\n<p data-start=\"6171\" data-end=\"6263\"><strong data-start=\"6171\" data-end=\"6183\">An\u00e1lise:<\/strong> Adequado para cromatografia, espectroscopia e an\u00e1lise de refer\u00eancia forense.<\/p>\n<\/li>\n<li data-start=\"6264\" data-end=\"6330\">\n<p data-start=\"6267\" data-end=\"6330\"><strong data-start=\"6267\" data-end=\"6284\">Documenta\u00e7\u00e3o:<\/strong> Registre n\u00fameros de lote e certificados de an\u00e1lise.<\/p>\n<\/li>\n<\/ol>\n<hr data-start=\"6332\" data-end=\"6335\" \/>\n<h3 data-start=\"6337\" data-end=\"6372\"><strong data-start=\"6341\" data-end=\"6370\">Perguntas Frequentes (FAQ)<\/strong><\/h3>\n<p data-start=\"6374\" data-end=\"6553\"><strong data-start=\"6374\" data-end=\"6395\">1. O que \u00e9 5-MAPB?<\/strong><br data-start=\"6395\" data-end=\"6398\" \/><strong data-start=\"6398\" data-end=\"6444\">5-MAPB (5-(2-metilaminopropil)benzofurano)<\/strong> \u00e9 um <strong data-start=\"6452\" data-end=\"6490\">composto sint\u00e9tico de benzofurano<\/strong> que \u00e9 usado em pesquisas anal\u00edticas e neuroqu\u00edmicas.<\/p>\n<p data-start=\"6555\" data-end=\"6708\"><strong data-start=\"6555\" data-end=\"6598\">2. O que cont\u00e9m o tubo 5-MAPB de 5 ml?<\/strong><br data-start=\"6598\" data-end=\"6601\" \/>O tubo cont\u00e9m <strong data-start=\"6618\" data-end=\"6642\">Solu\u00e7\u00e3o de 5 ml de 5-MAPB<\/strong> (pureza \u2265 98%), pronto para uso em an\u00e1lises laboratoriais.<\/p>\n<p data-start=\"6710\" data-end=\"6922\"><strong data-start=\"6710\" data-end=\"6750\">3. \u00c9 legal comprar 5-MAPB?<\/strong><br data-start=\"6750\" data-end=\"6753\" \/>O <strong data-start=\"6756\" data-end=\"6781\">legalidade do 5-MAPB<\/strong> varia de acordo com o pa\u00eds. Em alguns pa\u00edses, \u00e9 regulamentado pela Lei do \u00d3pio; sempre verifique as leis locais antes de usar <strong data-start=\"6903\" data-end=\"6919\">5-MAPB compra<\/strong>.<\/p>\n<\/li>\n<\/ul>","protected":false},"excerpt":{"rendered":"<h2><strong><span dir=\"auto\" style=\"vertical-align: inherit;\"><span dir=\"auto\" style=\"vertical-align: inherit;\">Tubo 5-MAPB 5ml<\/span><\/span><\/strong><\/h2>","protected":false},"featured_media":29263,"comment_status":"closed","ping_status":"closed","template":"","meta":[],"product_brand":[],"product_cat":[555],"product_tag":[109,326],"class_list":{"0":"post-24494","1":"product","2":"type-product","3":"status-publish","4":"has-post-thumbnail","6":"product_cat-b2b","7":"product_tag-5-mapb","8":"product_tag-nl","10":"first","11":"instock","12":"taxable","13":"shipping-taxable","14":"purchasable","15":"product-type-variable"},"_links":{"self":[{"href":"https:\/\/onderzoekschemicals.com\/pt\/wp-json\/wp\/v2\/product\/24494","targetHints":{"allow":["GET"]}}],"collection":[{"href":"https:\/\/onderzoekschemicals.com\/pt\/wp-json\/wp\/v2\/product"}],"about":[{"href":"https:\/\/onderzoekschemicals.com\/pt\/wp-json\/wp\/v2\/types\/product"}],"replies":[{"embeddable":true,"href":"https:\/\/onderzoekschemicals.com\/pt\/wp-json\/wp\/v2\/comments?post=24494"}],"version-history":[{"count":5,"href":"https:\/\/onderzoekschemicals.com\/pt\/wp-json\/wp\/v2\/product\/24494\/revisions"}],"predecessor-version":[{"id":27782,"href":"https:\/\/onderzoekschemicals.com\/pt\/wp-json\/wp\/v2\/product\/24494\/revisions\/27782"}],"wp:featuredmedia":[{"embeddable":true,"href":"https:\/\/onderzoekschemicals.com\/pt\/wp-json\/wp\/v2\/media\/29263"}],"wp:attachment":[{"href":"https:\/\/onderzoekschemicals.com\/pt\/wp-json\/wp\/v2\/media?parent=24494"}],"wp:term":[{"taxonomy":"product_brand","embeddable":true,"href":"https:\/\/onderzoekschemicals.com\/pt\/wp-json\/wp\/v2\/product_brand?post=24494"},{"taxonomy":"product_cat","embeddable":true,"href":"https:\/\/onderzoekschemicals.com\/pt\/wp-json\/wp\/v2\/product_cat?post=24494"},{"taxonomy":"product_tag","embeddable":true,"href":"https:\/\/onderzoekschemicals.com\/pt\/wp-json\/wp\/v2\/product_tag?post=24494"}],"curies":[{"name":"wp","href":"https:\/\/api.w.org\/{rel}","templated":true}]}}