{"id":24343,"date":"2025-04-13T17:41:31","date_gmt":"2025-04-13T17:41:31","guid":{"rendered":"https:\/\/onderzoekschemicals.com\/?post_type=product&#038;p=24343"},"modified":"2025-10-12T12:50:39","modified_gmt":"2025-10-12T12:50:39","slug":"digitale-bio-mini-weegschaal","status":"publish","type":"product","link":"https:\/\/onderzoekschemicals.com\/pt\/shop\/weegschalen\/digitale-bio-mini-weegschaal\/","title":{"rendered":"Balan\u00e7a Bio Digital Mini \u2013 20g x 0,001g"},"content":{"rendered":"<h3 data-start=\"4064\" data-end=\"4085\"><strong data-start=\"4068\" data-end=\"4083\">Introdu\u00e7\u00e3o<\/strong><\/h3>\n<p data-start=\"4086\" data-end=\"4354\">O <strong data-start=\"4089\" data-end=\"4136\">Balan\u00e7a Bio Digital Mini \u2013 20g x 0,001g<\/strong> \u00e9 um <strong data-start=\"4144\" data-end=\"4180\">balan\u00e7a de precis\u00e3o profissional<\/strong> projetado para aplica\u00e7\u00f5es onde \u00e9 necess\u00e1ria extrema precis\u00e3o, como <strong data-start=\"4256\" data-end=\"4281\">pesquisa de laborat\u00f3rio<\/strong>, <strong data-start=\"4283\" data-end=\"4304\">an\u00e1lise qu\u00edmica<\/strong>, <strong data-start=\"4306\" data-end=\"4330\">pesquisa biol\u00f3gica<\/strong> e <strong data-start=\"4334\" data-end=\"4351\">trabalho de joalheria<\/strong>.<\/p>\n<p data-start=\"4356\" data-end=\"4670\">Imediatamente <strong data-start=\"4364\" data-end=\"4394\">capacidade de pesagem de 20 gramas<\/strong> e um <strong data-start=\"4402\" data-end=\"4445\">precis\u00e3o de 0,001g (1 miligrama)<\/strong> oferece esta mini balan\u00e7a <strong data-start=\"4473\" data-end=\"4504\">precis\u00e3o de n\u00edvel laboratorial<\/strong> em um <strong data-start=\"4512\" data-end=\"4544\">design compacto e port\u00e1til<\/strong>O <strong data-start=\"4549\" data-end=\"4578\">prato de pesagem de a\u00e7o inoxid\u00e1vel<\/strong> e o <strong data-start=\"4586\" data-end=\"4608\">tela LCD brilhante<\/strong> garantir medi\u00e7\u00f5es claras e est\u00e1veis em qualquer ambiente.<\/p>\n<blockquote data-start=\"4672\" data-end=\"4784\">\n<p data-start=\"4674\" data-end=\"4784\">\u2699\ufe0f <strong data-start=\"4677\" data-end=\"4784\">Perfeito para laborat\u00f3rios, pesquisas bioqu\u00edmicas ou ci\u00eancia de materiais com precis\u00e3o de miligramas.<\/strong><\/p>\n<\/blockquote>\n<hr data-start=\"4786\" data-end=\"4789\" \/>\n<h3 data-start=\"4791\" data-end=\"4822\"><strong data-start=\"4795\" data-end=\"4822\">Principais caracter\u00edsticas<\/strong><\/h3>\n<div class=\"_tableContainer_1rjym_1\">\n<div class=\"group _tableWrapper_1rjym_13 flex w-fit flex-col-reverse\" tabindex=\"-1\">\n<table class=\"w-fit min-w-(--thread-content-width)\" data-start=\"4824\" data-end=\"5359\">\n<thead data-start=\"4824\" data-end=\"4850\">\n<tr data-start=\"4824\" data-end=\"4850\">\n<th data-start=\"4824\" data-end=\"4834\" data-col-size=\"sm\">Recurso<\/th>\n<th data-start=\"4834\" data-end=\"4850\" data-col-size=\"md\">Descri\u00e7\u00e3o<\/th>\n<\/tr>\n<\/thead>\n<tbody data-start=\"4879\" data-end=\"5359\">\n<tr data-start=\"4879\" data-end=\"4923\">\n<td data-start=\"4879\" data-end=\"4891\" data-col-size=\"sm\"><strong data-start=\"4881\" data-end=\"4890\">Modelo<\/strong><\/td>\n<td data-start=\"4891\" data-end=\"4923\" data-col-size=\"md\">Mini balan\u00e7a digital bio<\/td>\n<\/tr>\n<tr data-start=\"4924\" data-end=\"4957\">\n<td data-start=\"4924\" data-end=\"4941\" data-col-size=\"sm\"><strong data-start=\"4926\" data-end=\"4940\">Faixa de pesagem<\/strong><\/td>\n<td data-start=\"4941\" data-end=\"4957\" data-col-size=\"md\">0,001g \u2013 20g<\/td>\n<\/tr>\n<tr data-start=\"4958\" data-end=\"5004\">\n<td data-start=\"4958\" data-end=\"4979\" data-col-size=\"sm\"><strong data-start=\"4960\" data-end=\"4978\">Precis\u00e3o<\/strong><\/td>\n<td data-start=\"4979\" data-end=\"5004\" data-col-size=\"md\">\u00b10,001g (1 miligrama)<\/td>\n<\/tr>\n<tr data-start=\"5005\" data-end=\"5067\">\n<td data-start=\"5005\" data-end=\"5019\" data-col-size=\"sm\"><strong data-start=\"5007\" data-end=\"5018\">Mostrar<\/strong><\/td>\n<td data-start=\"5019\" data-end=\"5067\" data-col-size=\"md\">Visor LCD brilhante com luz de fundo<\/td>\n<\/tr>\n<tr data-start=\"5068\" data-end=\"5106\">\n<td data-start=\"5068\" data-end=\"5084\" data-col-size=\"sm\"><strong data-start=\"5070\" data-end=\"5083\">Unidades de medida<\/strong><\/td>\n<td data-start=\"5084\" data-end=\"5106\" data-col-size=\"md\">g, oz, ct, gn, dwt<\/td>\n<\/tr>\n<tr data-start=\"5107\" data-end=\"5151\">\n<td data-start=\"5107\" data-end=\"5126\" data-col-size=\"sm\"><strong data-start=\"5109\" data-end=\"5125\">Plataforma de pesagem<\/strong><\/td>\n<td data-start=\"5126\" data-end=\"5151\" data-col-size=\"md\">Placa de a\u00e7o inoxid\u00e1vel<\/td>\n<\/tr>\n<tr data-start=\"5152\" data-end=\"5201\">\n<td data-start=\"5152\" data-end=\"5166\" data-col-size=\"sm\"><strong data-start=\"5154\" data-end=\"5165\">Fonte de energia<\/strong><\/td>\n<td data-start=\"5166\" data-end=\"5201\" data-col-size=\"md\">2 pilhas AAA (inclu\u00eddas)<\/td>\n<\/tr>\n<tr data-start=\"5202\" data-end=\"5243\">\n<td data-start=\"5202\" data-end=\"5216\" data-col-size=\"sm\"><strong data-start=\"5204\" data-end=\"5215\">Projeto<\/strong><\/td>\n<td data-start=\"5216\" data-end=\"5243\" data-col-size=\"md\">Compacto e leve<\/td>\n<\/tr>\n<tr data-start=\"5244\" data-end=\"5306\">\n<td data-start=\"5244\" data-end=\"5277\" data-col-size=\"sm\"><strong data-start=\"5246\" data-end=\"5276\">Desligamento autom\u00e1tico<\/strong><\/td>\n<td data-start=\"5277\" data-end=\"5306\" data-col-size=\"md\">Fun\u00e7\u00e3o de economia de energia<\/td>\n<\/tr>\n<tr data-start=\"5307\" data-end=\"5359\">\n<td data-start=\"5307\" data-end=\"5325\" data-col-size=\"sm\"><strong data-start=\"5309\" data-end=\"5324\">Tampa protetora<\/strong><\/td>\n<td data-start=\"5325\" data-end=\"5359\" data-col-size=\"md\">Protege contra poeira e danos<\/td>\n<\/tr>\n<\/tbody>\n<\/table>\n<\/div>\n<\/div>\n<hr data-start=\"5361\" data-end=\"5364\" \/>\n<h3 data-start=\"5366\" data-end=\"5383\"><strong data-start=\"5370\" data-end=\"5383\">Vantagens<\/strong><\/h3>\n<ul data-start=\"5385\" data-end=\"5857\">\n<li data-start=\"5385\" data-end=\"5477\">\n<p data-start=\"5387\" data-end=\"5477\"><strong data-start=\"5387\" data-end=\"5409\">Extremamente preciso<\/strong> \u2013 Pesa at\u00e9 0,001g para pesquisas laboratoriais e biol\u00f3gicas.<\/p>\n<\/li>\n<li data-start=\"5478\" data-end=\"5551\">\n<p data-start=\"5480\" data-end=\"5551\"><strong data-start=\"5480\" data-end=\"5503\">Port\u00e1til e compacto<\/strong> \u2013 Ideal para uso no laborat\u00f3rio ou em tr\u00e2nsito.<\/p>\n<\/li>\n<li data-start=\"5552\" data-end=\"5616\">\n<p data-start=\"5554\" data-end=\"5616\"><strong data-start=\"5554\" data-end=\"5574\">Design Sustent\u00e1vel<\/strong> \u2013 Prato de pesagem em a\u00e7o inoxid\u00e1vel para uso prolongado.<\/p>\n<\/li>\n<li data-start=\"5617\" data-end=\"5711\">\n<p data-start=\"5619\" data-end=\"5711\"><strong data-start=\"5619\" data-end=\"5649\">Diferentes unidades de medida<\/strong> \u2013 Alterne facilmente entre gramas, on\u00e7as, quilates e muito mais.<\/p>\n<\/li>\n<li data-start=\"5712\" data-end=\"5785\">\n<p data-start=\"5714\" data-end=\"5785\"><strong data-start=\"5714\" data-end=\"5737\">Amigo do usu\u00e1rio<\/strong> \u2013 F\u00e1cil opera\u00e7\u00e3o com display LCD claro.<\/p>\n<\/li>\n<li data-start=\"5786\" data-end=\"5857\">\n<p data-start=\"5788\" data-end=\"5857\"><strong data-start=\"5788\" data-end=\"5808\">Economia de energia<\/strong> \u2013 Desligamento autom\u00e1tico em caso de inatividade.<\/p>\n<\/li>\n<\/ul>\n<hr data-start=\"5859\" data-end=\"5862\" \/>\n<h3 data-start=\"5864\" data-end=\"5879\"><strong data-start=\"5868\" data-end=\"5879\">Uso<\/strong><\/h3>\n<ol data-start=\"5881\" data-end=\"6311\">\n<li data-start=\"5881\" data-end=\"5966\">\n<p data-start=\"5884\" data-end=\"5966\"><strong data-start=\"5884\" data-end=\"5916\">Coloque em uma superf\u00edcie plana<\/strong> \u2013 Use em uma mesa est\u00e1vel e sem vibra\u00e7\u00e3o.<\/p>\n<\/li>\n<li data-start=\"5967\" data-end=\"6058\">\n<p data-start=\"5970\" data-end=\"6058\"><strong data-start=\"5970\" data-end=\"5996\">Calibre antes de usar<\/strong> \u2013 Calibre com o peso fornecido (se dispon\u00edvel).<\/p>\n<\/li>\n<li data-start=\"6059\" data-end=\"6129\">\n<p data-start=\"6062\" data-end=\"6129\"><strong data-start=\"6062\" data-end=\"6083\">Selecione a unidade<\/strong> \u2013 Escolha entre grama, on\u00e7a, quilate ou gr\u00e3o.<\/p>\n<\/li>\n<li data-start=\"6130\" data-end=\"6225\">\n<p data-start=\"6133\" data-end=\"6225\"><strong data-start=\"6133\" data-end=\"6160\">Use a fun\u00e7\u00e3o TARA<\/strong> \u2013 Zere o peso dos recipientes para medi\u00e7\u00f5es precisas.<\/p>\n<\/li>\n<li data-start=\"6226\" data-end=\"6311\">\n<p data-start=\"6229\" data-end=\"6311\"><strong data-start=\"6229\" data-end=\"6249\">Pese com cuidado<\/strong> \u2013 Adicione lentamente o material at\u00e9 o peso desejado.<\/p>\n<\/li>\n<\/ol>\n<hr data-start=\"6313\" data-end=\"6316\" \/>\n<h3 data-start=\"6318\" data-end=\"6353\"><strong data-start=\"6322\" data-end=\"6351\">Perguntas Frequentes (FAQ)<\/strong><\/h3>\n<p data-start=\"6355\" data-end=\"6543\"><strong data-start=\"6355\" data-end=\"6414\">1. O que torna a balan\u00e7a digital Bio Mini especial?<\/strong><br data-start=\"6414\" data-end=\"6417\" \/>Esta escala oferece uma <strong data-start=\"6443\" data-end=\"6466\">precis\u00e3o de 0,001g<\/strong>, o que <strong data-start=\"6472\" data-end=\"6498\">dez vezes mais preciso<\/strong> \u00e9 ent\u00e3o uma mini balan\u00e7a padr\u00e3o (0,01g).<\/p>\n<p data-start=\"6545\" data-end=\"6685\"><strong data-start=\"6545\" data-end=\"6594\">2. Isso \u00e9 adequado para uso em laborat\u00f3rio?<\/strong><br data-start=\"6594\" data-end=\"6597\" \/>Sim \u2014 a escala foi projetada para <strong data-start=\"6634\" data-end=\"6682\">pesquisa biol\u00f3gica, qu\u00edmica e anal\u00edtica<\/strong>.<\/p>\n<p data-start=\"6687\" data-end=\"6849\"><strong data-start=\"6687\" data-end=\"6745\">3. As baterias e o peso de calibra\u00e7\u00e3o est\u00e3o inclu\u00eddos?<\/strong><br data-start=\"6745\" data-end=\"6748\" \/>Sim, a balan\u00e7a vem com <strong data-start=\"6785\" data-end=\"6807\">2 pilhas AAA<\/strong> e possivelmente um <strong data-start=\"6825\" data-end=\"6846\">peso de calibra\u00e7\u00e3o<\/strong>.<\/p>","protected":false},"excerpt":{"rendered":"<p><strong><span dir=\"auto\" style=\"vertical-align: inherit;\"><span dir=\"auto\" style=\"vertical-align: inherit;\">Especifica\u00e7\u00f5es:<\/span><\/span><\/strong><\/p>\n<ul>\n<li><span dir=\"auto\" style=\"vertical-align: inherit;\"><span dir=\"auto\" style=\"vertical-align: inherit;\">Digital<\/span><\/span><\/li>\n<li><span dir=\"auto\" style=\"vertical-align: inherit;\"><span dir=\"auto\" style=\"vertical-align: inherit;\">Pesa a partir de 0,001g<\/span><\/span><\/li>\n<li><span dir=\"auto\" style=\"vertical-align: inherit;\"><span dir=\"auto\" style=\"vertical-align: inherit;\">Pesa no m\u00e1ximo 20g<\/span><\/span><\/li>\n<li><span dir=\"auto\" style=\"vertical-align: inherit;\"><span dir=\"auto\" style=\"vertical-align: inherit;\">Funciona com: 2 pilhas AAA<\/span><\/span><\/li>\n<li><span dir=\"auto\" style=\"vertical-align: inherit;\"><span dir=\"auto\" style=\"vertical-align: inherit;\">Tela LCD<\/span><\/span><\/li>\n<li><span dir=\"auto\" style=\"vertical-align: inherit;\"><span dir=\"auto\" style=\"vertical-align: inherit;\">Cor: preto<\/span><\/span><\/li>\n<\/ul>","protected":false},"featured_media":24680,"comment_status":"closed","ping_status":"closed","template":"","meta":[],"product_brand":[],"product_cat":[451],"product_tag":[452,848,764,767,765,766,768],"class_list":{"0":"post-24343","1":"product","2":"type-product","3":"status-publish","4":"has-post-thumbnail","6":"product_cat-weegschalen","7":"product_tag-de","8":"product_tag-digitale-bio-mini-weegschaal","9":"product_tag-digitale-cs-weegschaal","10":"product_tag-digitale-microweegschaal","11":"product_tag-milligramweegschaal","12":"product_tag-precise-weegschaal-0-001g","13":"product_tag-weegschaal-voor-research-chemicals","15":"first","16":"instock","17":"taxable","18":"shipping-taxable","19":"purchasable","20":"product-type-simple"},"_links":{"self":[{"href":"https:\/\/onderzoekschemicals.com\/pt\/wp-json\/wp\/v2\/product\/24343","targetHints":{"allow":["GET"]}}],"collection":[{"href":"https:\/\/onderzoekschemicals.com\/pt\/wp-json\/wp\/v2\/product"}],"about":[{"href":"https:\/\/onderzoekschemicals.com\/pt\/wp-json\/wp\/v2\/types\/product"}],"replies":[{"embeddable":true,"href":"https:\/\/onderzoekschemicals.com\/pt\/wp-json\/wp\/v2\/comments?post=24343"}],"version-history":[{"count":6,"href":"https:\/\/onderzoekschemicals.com\/pt\/wp-json\/wp\/v2\/product\/24343\/revisions"}],"predecessor-version":[{"id":27802,"href":"https:\/\/onderzoekschemicals.com\/pt\/wp-json\/wp\/v2\/product\/24343\/revisions\/27802"}],"wp:featuredmedia":[{"embeddable":true,"href":"https:\/\/onderzoekschemicals.com\/pt\/wp-json\/wp\/v2\/media\/24680"}],"wp:attachment":[{"href":"https:\/\/onderzoekschemicals.com\/pt\/wp-json\/wp\/v2\/media?parent=24343"}],"wp:term":[{"taxonomy":"product_brand","embeddable":true,"href":"https:\/\/onderzoekschemicals.com\/pt\/wp-json\/wp\/v2\/product_brand?post=24343"},{"taxonomy":"product_cat","embeddable":true,"href":"https:\/\/onderzoekschemicals.com\/pt\/wp-json\/wp\/v2\/product_cat?post=24343"},{"taxonomy":"product_tag","embeddable":true,"href":"https:\/\/onderzoekschemicals.com\/pt\/wp-json\/wp\/v2\/product_tag?post=24343"}],"curies":[{"name":"wp","href":"https:\/\/api.w.org\/{rel}","templated":true}]}}