{"id":24259,"date":"2025-04-13T17:41:21","date_gmt":"2025-04-13T17:41:21","guid":{"rendered":"https:\/\/onderzoekschemicals.com\/?post_type=product&#038;p=24259"},"modified":"2025-10-12T19:21:12","modified_gmt":"2025-10-12T19:21:12","slug":"newphoria-kopen","status":"publish","type":"product","link":"https:\/\/onderzoekschemicals.com\/pt\/shop\/b2b\/newphoria-kopen\/","title":{"rendered":"RC+ Newphoria saco 3 pellets"},"content":{"rendered":"<h2 data-start=\"4850\" data-end=\"4876\"><strong data-start=\"4853\" data-end=\"4876\">Descri\u00e7\u00e3o do produto<\/strong><\/h2>\n<p data-start=\"4878\" data-end=\"5143\"><strong data-start=\"4878\" data-end=\"4911\">RC+ Newphoria saco 3 pellets<\/strong> \u00e9 um <strong data-start=\"4919\" data-end=\"4956\">material de pesquisa de alta qualidade<\/strong>, desenvolvido para laborat\u00f3rios anal\u00edticos, toxicol\u00f3gicos e forenses. Este produto da <strong data-start=\"5049\" data-end=\"5062\">S\u00e9rie RC+<\/strong> fornece pureza consistente, excelente estabilidade e dosagem precisa.<\/p>\n<p data-start=\"5145\" data-end=\"5318\">Cada pacote cont\u00e9m <strong data-start=\"5167\" data-end=\"5202\">tr\u00eas pellets padronizados<\/strong>, produzido sob condi\u00e7\u00f5es controladas para garantir resultados de pesquisa confi\u00e1veis e repet\u00edveis.<\/p>\n<p data-start=\"5320\" data-end=\"5451\">\u26a0\ufe0f <strong data-start=\"5323\" data-end=\"5338\">Importante:<\/strong> Este produto \u00e9 <strong data-start=\"5354\" data-end=\"5403\">destinado apenas para fins de pesquisa<\/strong> e <strong data-start=\"5407\" data-end=\"5450\">n\u00e3o para uso humano ou animal<\/strong>.<\/p>\n<hr data-start=\"5453\" data-end=\"5456\" \/>\n<h2 data-start=\"5458\" data-end=\"5488\"><strong data-start=\"5461\" data-end=\"5488\">Principais caracter\u00edsticas<\/strong><\/h2>\n<ul data-start=\"5490\" data-end=\"5884\">\n<li data-start=\"5490\" data-end=\"5569\">\n<p data-start=\"5492\" data-end=\"5569\"><strong data-start=\"5492\" data-end=\"5511\">Alta Pureza<\/strong> para resultados laboratoriais precisos e confi\u00e1veis.<\/p>\n<\/li>\n<li data-start=\"5570\" data-end=\"5635\">\n<p data-start=\"5572\" data-end=\"5635\"><strong data-start=\"5572\" data-end=\"5599\">Formula\u00e7\u00e3o Consistente<\/strong> \u2013 cada pellet \u00e9 dosado com precis\u00e3o.<\/p>\n<\/li>\n<li data-start=\"5636\" data-end=\"5712\">\n<p data-start=\"5638\" data-end=\"5712\"><strong data-start=\"5638\" data-end=\"5664\">Est\u00e1vel e confi\u00e1vel<\/strong> \u2013 adequado para armazenamento e an\u00e1lise de longo prazo.<\/p>\n<\/li>\n<li data-start=\"5713\" data-end=\"5792\">\n<p data-start=\"5715\" data-end=\"5792\"><strong data-start=\"5715\" data-end=\"5737\">Embalagem Segura<\/strong> \u2013 herm\u00e9tico e selado para m\u00e1xima prote\u00e7\u00e3o.<\/p>\n<\/li>\n<li data-start=\"5793\" data-end=\"5884\">\n<p data-start=\"5795\" data-end=\"5884\"><strong data-start=\"5795\" data-end=\"5821\">De acordo com os regulamentos da UE<\/strong> \u2013 produzidos de acordo com as normas de seguran\u00e7a aplic\u00e1veis.<\/p>\n<\/li>\n<\/ul>\n<hr data-start=\"5886\" data-end=\"5889\" \/>\n<h2 data-start=\"5891\" data-end=\"5925\"><strong data-start=\"5894\" data-end=\"5925\">Benef\u00edcios para pesquisadores<\/strong><\/h2>\n<ul data-start=\"5927\" data-end=\"6277\">\n<li data-start=\"5927\" data-end=\"6005\">\n<p data-start=\"5929\" data-end=\"6005\">Adequado para <strong data-start=\"5943\" data-end=\"5967\">pesquisa anal\u00edtica<\/strong> com equipamento LC-MS, GC-MS ou RMN.<\/p>\n<\/li>\n<li data-start=\"6006\" data-end=\"6066\">\n<p data-start=\"6008\" data-end=\"6066\">Suportes <strong data-start=\"6020\" data-end=\"6063\">valida\u00e7\u00e3o forense e toxicol\u00f3gica<\/strong>.<\/p>\n<\/li>\n<li data-start=\"6067\" data-end=\"6144\">\n<p data-start=\"6069\" data-end=\"6144\">Ajuda com <strong data-start=\"6079\" data-end=\"6117\">pesquisa de compara\u00e7\u00e3o estrutural<\/strong> de novas conex\u00f5es.<\/p>\n<\/li>\n<li data-start=\"6145\" data-end=\"6204\">\n<p data-start=\"6147\" data-end=\"6204\">Garantias <strong data-start=\"6158\" data-end=\"6201\">resultados confi\u00e1veis e reproduz\u00edveis<\/strong>.<\/p>\n<\/li>\n<li data-start=\"6205\" data-end=\"6277\">\n<p data-start=\"6207\" data-end=\"6277\">Adequado para <strong data-start=\"6221\" data-end=\"6274\">projetos de pesquisa acad\u00eamica e institucional<\/strong>.<\/p>\n<\/li>\n<\/ul>\n<hr data-start=\"6279\" data-end=\"6282\" \/>\n<h2 data-start=\"6284\" data-end=\"6318\"><strong data-start=\"6287\" data-end=\"6318\">Uso (Contexto de pesquisa)<\/strong><\/h2>\n<ol data-start=\"6320\" data-end=\"6588\">\n<li data-start=\"6320\" data-end=\"6378\">\n<p data-start=\"6323\" data-end=\"6378\">Trabalhar em condi\u00e7\u00f5es controladas de laborat\u00f3rio.<\/p>\n<\/li>\n<li data-start=\"6379\" data-end=\"6439\">\n<p data-start=\"6382\" data-end=\"6439\">Use luvas, \u00f3culos de seguran\u00e7a e jaleco.<\/p>\n<\/li>\n<li data-start=\"6440\" data-end=\"6486\">\n<p data-start=\"6443\" data-end=\"6486\">Use equipamento calibrado para medi\u00e7\u00f5es.<\/p>\n<\/li>\n<li data-start=\"6487\" data-end=\"6538\">\n<p data-start=\"6490\" data-end=\"6538\">Conservar em local fresco, seco e fechado (abaixo de 25\u00b0C).<\/p>\n<\/li>\n<li data-start=\"6539\" data-end=\"6588\">\n<p data-start=\"6542\" data-end=\"6588\">Descarte os res\u00edduos de acordo com as regulamenta\u00e7\u00f5es locais.<\/p>\n<\/li>\n<\/ol>\n<blockquote data-start=\"6590\" data-end=\"6683\">\n<p data-start=\"6592\" data-end=\"6683\"><strong data-start=\"6592\" data-end=\"6603\">OBS:<\/strong> <em data-start=\"6604\" data-end=\"6635\">RC+ Newphoria saco 3 pellets<\/em> \u00e9 <strong data-start=\"6639\" data-end=\"6682\">n\u00e3o destinado ao consumo humano<\/strong>.<\/p>\n<\/blockquote>\n<hr data-start=\"6685\" data-end=\"6688\" \/>\n<h2 data-start=\"6690\" data-end=\"6724\"><strong data-start=\"6693\" data-end=\"6724\">Perguntas Frequentes (FAQ&#039;s)<\/strong><\/h2>\n<h3 data-start=\"6726\" data-end=\"6775\"><strong data-start=\"6730\" data-end=\"6775\">1. Para que \u00e9 usado o RC+ Newphoria?<\/strong><\/h3>\n<p data-start=\"6776\" data-end=\"6872\">RC+ Newphoria \u00e9 usado para <strong data-start=\"6810\" data-end=\"6848\">pesquisa anal\u00edtica e forense<\/strong> em laborat\u00f3rios acreditados.<\/p>\n<hr data-start=\"6874\" data-end=\"6877\" \/>\n<h3 data-start=\"6879\" data-end=\"6922\"><strong data-start=\"6883\" data-end=\"6922\">2. Quantos pellets um saco cont\u00e9m?<\/strong><\/h3>\n<p data-start=\"6923\" data-end=\"6993\">Cada saco cont\u00e9m <strong data-start=\"6939\" data-end=\"6952\">3 pellets<\/strong> de igual pureza e composi\u00e7\u00e3o.<\/p>\n<hr data-start=\"6995\" data-end=\"6998\" \/>\n<h3 data-start=\"7000\" data-end=\"7070\"><strong data-start=\"7004\" data-end=\"7070\">3. Posso comprar pellets RC+ Newphoria em um saco de 3 como indiv\u00edduo?<\/strong><\/h3>\n<p data-start=\"7071\" data-end=\"7173\">N\u00e3o, somente <strong data-start=\"7083\" data-end=\"7117\">institui\u00e7\u00f5es de pesquisa reconhecidas<\/strong> com a devida autoriza\u00e7\u00e3o poder\u00e1 adquirir este produto.<\/p>\n<hr data-start=\"7175\" data-end=\"7178\" \/>\n<h2 data-start=\"7180\" data-end=\"7208\"><strong data-start=\"7183\" data-end=\"7208\">Informa\u00e7\u00f5es de seguran\u00e7a<\/strong><\/h2>\n<ul data-start=\"7210\" data-end=\"7383\">\n<li data-start=\"7210\" data-end=\"7257\">\n<p data-start=\"7212\" data-end=\"7257\">Use somente em ambiente de laborat\u00f3rio.<\/p>\n<\/li>\n<li data-start=\"7258\" data-end=\"7295\">\n<p data-start=\"7260\" data-end=\"7295\">Evite contato com a pele e os olhos.<\/p>\n<\/li>\n<li data-start=\"7296\" data-end=\"7327\">\n<p data-start=\"7298\" data-end=\"7327\">N\u00e3o inale nem engula.<\/p>\n<\/li>\n<li data-start=\"7328\" data-end=\"7383\">\n<p data-start=\"7330\" data-end=\"7383\">Mantenha trancado e fora do alcance de pessoas n\u00e3o autorizadas.<\/p>\n<\/li>\n<\/ul>","protected":false},"excerpt":{"rendered":"<p><strong><span dir=\"auto\" style=\"vertical-align: inherit;\"><span dir=\"auto\" style=\"vertical-align: inherit;\">N\u00famero CAS<\/span><\/span><\/strong><span dir=\"auto\" style=\"vertical-align: inherit;\"><span dir=\"auto\" style=\"vertical-align: inherit;\"> : 1780004-19-4 <\/span><\/span><br \/>\n<strong><span dir=\"auto\" style=\"vertical-align: inherit;\"><span dir=\"auto\" style=\"vertical-align: inherit;\">F\u00f3rmula<\/span><\/span><\/strong><span dir=\"auto\" style=\"vertical-align: inherit;\"><span dir=\"auto\" style=\"vertical-align: inherit;\"> : C11H16FN <\/span><\/span><br \/>\n<strong><span dir=\"auto\" style=\"vertical-align: inherit;\"><span dir=\"auto\" style=\"vertical-align: inherit;\">Massa molar<\/span><\/span><\/strong><span dir=\"auto\" style=\"vertical-align: inherit;\"><span dir=\"auto\" style=\"vertical-align: inherit;\"> : 181,25 g\/mol <\/span><\/span><br \/>\n<strong><span dir=\"auto\" style=\"vertical-align: inherit;\"><span dir=\"auto\" style=\"vertical-align: inherit;\">Pureza<\/span><\/span><\/strong><span dir=\"auto\" style=\"vertical-align: inherit;\"><span dir=\"auto\" style=\"vertical-align: inherit;\"> : \u226598%<\/span><\/span><\/p>","protected":false},"featured_media":21344,"comment_status":"closed","ping_status":"closed","template":"","meta":[],"product_brand":[82],"product_cat":[555],"product_tag":[843,840,844,841,845,846,842,866,865,839,326],"class_list":{"0":"post-24259","1":"product","2":"type-product","3":"status-publish","4":"has-post-thumbnail","6":"product_brand-research-chemical","7":"product_cat-b2b","8":"product_tag-100mg-newphoria-review","9":"product_tag-2-fea-3-fea-research-chemical","10":"product_tag-2-fea-stimulant-effect","11":"product_tag-2-3-fea-ervaring","12":"product_tag-3-fea-comparison","13":"product_tag-fluorinated-amphetamines","14":"product_tag-newphoria-35mg-pellets","15":"product_tag-newphoria-drug","16":"product_tag-newphoria-kopen","17":"product_tag-newphoria-pellets","18":"product_tag-nl","20":"first","21":"instock","22":"taxable","23":"shipping-taxable","24":"purchasable","25":"product-type-variable"},"_links":{"self":[{"href":"https:\/\/onderzoekschemicals.com\/pt\/wp-json\/wp\/v2\/product\/24259","targetHints":{"allow":["GET"]}}],"collection":[{"href":"https:\/\/onderzoekschemicals.com\/pt\/wp-json\/wp\/v2\/product"}],"about":[{"href":"https:\/\/onderzoekschemicals.com\/pt\/wp-json\/wp\/v2\/types\/product"}],"replies":[{"embeddable":true,"href":"https:\/\/onderzoekschemicals.com\/pt\/wp-json\/wp\/v2\/comments?post=24259"}],"version-history":[{"count":4,"href":"https:\/\/onderzoekschemicals.com\/pt\/wp-json\/wp\/v2\/product\/24259\/revisions"}],"predecessor-version":[{"id":27820,"href":"https:\/\/onderzoekschemicals.com\/pt\/wp-json\/wp\/v2\/product\/24259\/revisions\/27820"}],"wp:featuredmedia":[{"embeddable":true,"href":"https:\/\/onderzoekschemicals.com\/pt\/wp-json\/wp\/v2\/media\/21344"}],"wp:attachment":[{"href":"https:\/\/onderzoekschemicals.com\/pt\/wp-json\/wp\/v2\/media?parent=24259"}],"wp:term":[{"taxonomy":"product_brand","embeddable":true,"href":"https:\/\/onderzoekschemicals.com\/pt\/wp-json\/wp\/v2\/product_brand?post=24259"},{"taxonomy":"product_cat","embeddable":true,"href":"https:\/\/onderzoekschemicals.com\/pt\/wp-json\/wp\/v2\/product_cat?post=24259"},{"taxonomy":"product_tag","embeddable":true,"href":"https:\/\/onderzoekschemicals.com\/pt\/wp-json\/wp\/v2\/product_tag?post=24259"}],"curies":[{"name":"wp","href":"https:\/\/api.w.org\/{rel}","templated":true}]}}