{"id":24144,"date":"2025-04-13T17:41:08","date_gmt":"2025-04-13T17:41:08","guid":{"rendered":"https:\/\/onderzoekschemicals.com\/?post_type=product&#038;p=24144"},"modified":"2025-10-12T21:09:18","modified_gmt":"2025-10-12T21:09:18","slug":"chem-mist-noopept-spray","status":"publish","type":"product","link":"https:\/\/onderzoekschemicals.com\/pt\/shop\/b2b\/chem-mist-noopept-spray\/","title":{"rendered":"Spray Chem-mist NOOPEPT"},"content":{"rendered":"<h3 data-start=\"4655\" data-end=\"4674\"><strong data-start=\"4659\" data-end=\"4674\">Introdu\u00e7\u00e3o<\/strong><\/h3>\n<p data-start=\"4675\" data-end=\"5006\">O <strong data-start=\"4678\" data-end=\"4705\">Spray Chem-mist NOOPEPT<\/strong> ofertas <strong data-start=\"4712\" data-end=\"4779\">NOOPEPT de alta pureza (\u00e9ster et\u00edlico de N-fenilacetil-L-prolilglicina)<\/strong> em um <strong data-start=\"4787\" data-end=\"4821\">spray formulado com precis\u00e3o<\/strong>, desenvolvido para fins de pesquisa. NOOPEPT \u00e9 um <strong data-start=\"4876\" data-end=\"4899\">composto nootr\u00f3pico<\/strong> que \u00e9 frequentemente estudado pelos seus poss\u00edveis efeitos sobre <strong data-start=\"4959\" data-end=\"5003\">mem\u00f3ria, capacidade de aprendizagem e neuroprote\u00e7\u00e3o<\/strong>Spray Noopept Chem-mist<\/p>\n<p data-start=\"5008\" data-end=\"5235\">Este spray foi desenvolvido pela Chem-mist para <strong data-start=\"5053\" data-end=\"5078\">pesquisa de laborat\u00f3rio<\/strong> e garantias <strong data-start=\"5093\" data-end=\"5133\">dosagem constante, alta estabilidade<\/strong> e <strong data-start=\"5137\" data-end=\"5164\">facilidade de uso pr\u00e1tica<\/strong>, ideal para estudos sobre <strong data-start=\"5191\" data-end=\"5234\">neuroplasticidade e fun\u00e7\u00e3o cognitiva<\/strong>.<\/p>\n<hr data-start=\"5237\" data-end=\"5240\" \/>\n<h3 data-start=\"5242\" data-end=\"5273\"><strong data-start=\"5246\" data-end=\"5273\">Principais caracter\u00edsticas<\/strong><\/h3>\n<ul data-start=\"5274\" data-end=\"5811\">\n<li data-start=\"5274\" data-end=\"5362\">\n<p data-start=\"5276\" data-end=\"5362\"><strong data-start=\"5276\" data-end=\"5299\">NOOPEPT de alta pureza:<\/strong> Cada spray cont\u00e9m <strong data-start=\"5317\" data-end=\"5333\">10mg NOOPEPT<\/strong> em uma solu\u00e7\u00e3o est\u00e1vel.<\/p>\n<\/li>\n<li data-start=\"5363\" data-end=\"5492\">\n<p data-start=\"5365\" data-end=\"5492\"><strong data-start=\"5365\" data-end=\"5383\">Grava\u00e7\u00e3o r\u00e1pida:<\/strong> Otimizado para <strong data-start=\"5405\" data-end=\"5471\">entrega eficiente e biodisponibilidade confi\u00e1vel<\/strong> durante a pesquisa.<\/p>\n<\/li>\n<li data-start=\"5493\" data-end=\"5588\">\n<p data-start=\"5495\" data-end=\"5588\"><strong data-start=\"5495\" data-end=\"5520\">Dosagem precisa:<\/strong> O spray fornece <strong data-start=\"5541\" data-end=\"5585\">resultados verific\u00e1veis e repet\u00edveis<\/strong>.<\/p>\n<\/li>\n<li data-start=\"5589\" data-end=\"5711\">\n<p data-start=\"5591\" data-end=\"5711\"><strong data-start=\"5591\" data-end=\"5622\">Qualidade do n\u00edvel de pesquisa:<\/strong> Produzido sob <strong data-start=\"5642\" data-end=\"5680\">condi\u00e7\u00f5es rigorosas de laborat\u00f3rio<\/strong> para garantir a pureza.<\/p>\n<\/li>\n<li data-start=\"5712\" data-end=\"5811\">\n<p data-start=\"5714\" data-end=\"5811\"><strong data-start=\"5714\" data-end=\"5736\">Compacto e pr\u00e1tico:<\/strong> Frasco spray de 10 ml, perfeito para uso preciso em ambientes de pesquisa. Spray Chem-mist NOOPEPT<\/p>\n<\/li>\n<\/ul>\n<hr data-start=\"5813\" data-end=\"5816\" \/>\n<h3 data-start=\"5818\" data-end=\"5835\"><strong data-start=\"5822\" data-end=\"5835\">Vantagens<\/strong><\/h3>\n<ul data-start=\"5836\" data-end=\"6403\">\n<li data-start=\"5836\" data-end=\"5972\">\n<p data-start=\"5838\" data-end=\"5972\"><strong data-start=\"5838\" data-end=\"5874\">Apoia a Pesquisa Cognitiva:<\/strong> Sendo estudado por sua influ\u00eancia sobre <strong data-start=\"5913\" data-end=\"5969\">mem\u00f3ria, neuroprote\u00e7\u00e3o e plasticidade sin\u00e1ptica<\/strong>.<\/p>\n<\/li>\n<li data-start=\"5973\" data-end=\"6080\">\n<p data-start=\"5975\" data-end=\"6080\"><strong data-start=\"5975\" data-end=\"6002\">Aplica\u00e7\u00e3o confi\u00e1vel:<\/strong> A f\u00f3rmula l\u00edquida faz <strong data-start=\"6030\" data-end=\"6068\">administra\u00e7\u00e3o precisa e consistente<\/strong> poss\u00edvel.<\/p>\n<\/li>\n<li data-start=\"6081\" data-end=\"6209\">\n<p data-start=\"6083\" data-end=\"6209\"><strong data-start=\"6083\" data-end=\"6136\">Adequado para estudos comportamentais e neuroqu\u00edmicos:<\/strong> Ajuda na pesquisa sobre <strong data-start=\"6162\" data-end=\"6206\">processos de aprendizagem, aten\u00e7\u00e3o e fun\u00e7\u00e3o cerebral<\/strong>.<\/p>\n<\/li>\n<li data-start=\"6210\" data-end=\"6311\">\n<p data-start=\"6212\" data-end=\"6311\"><strong data-start=\"6212\" data-end=\"6236\">Entrega eficiente:<\/strong> O spray fornece <strong data-start=\"6257\" data-end=\"6279\">distribui\u00e7\u00e3o uniforme<\/strong> e minimiza desvios.<\/p>\n<\/li>\n<li data-start=\"6312\" data-end=\"6403\">\n<p data-start=\"6314\" data-end=\"6403\"><strong data-start=\"6314\" data-end=\"6341\">Estabilidade a longo prazo:<\/strong> F\u00f3rmula permanece <strong data-start=\"6357\" data-end=\"6380\">est\u00e1vel e eficaz<\/strong> quando armazenado corretamente.<\/p>\n<\/li>\n<\/ul>\n<hr data-start=\"6405\" data-end=\"6408\" \/>\n<h3 data-start=\"6410\" data-end=\"6425\"><strong data-start=\"6414\" data-end=\"6425\">Uso<\/strong><\/h3>\n<ol data-start=\"6426\" data-end=\"6688\">\n<li data-start=\"6426\" data-end=\"6463\">\n<p data-start=\"6429\" data-end=\"6463\"><strong data-start=\"6429\" data-end=\"6461\">Agite suavemente antes de usar.<\/strong><\/p>\n<\/li>\n<li data-start=\"6464\" data-end=\"6536\">\n<p data-start=\"6467\" data-end=\"6536\"><strong data-start=\"6467\" data-end=\"6480\">Um spray<\/strong> administra uma dose de 10 mg de NOOPEPT (conforme as instru\u00e7\u00f5es).<\/p>\n<\/li>\n<li data-start=\"6537\" data-end=\"6610\">\n<p data-start=\"6540\" data-end=\"6610\"><strong data-start=\"6540\" data-end=\"6571\">Anote a dosagem e o tempo<\/strong> para dados de pesquisa precisos.<\/p>\n<\/li>\n<li data-start=\"6611\" data-end=\"6688\">\n<p data-start=\"6614\" data-end=\"6688\">Economize em um <strong data-start=\"6629\" data-end=\"6652\">lugar fresco e seco<\/strong>, protegido da luz solar direta.<\/p>\n<\/li>\n<\/ol>\n<blockquote data-start=\"6690\" data-end=\"6796\">\n<p data-start=\"6692\" data-end=\"6796\">\u26a0\ufe0f <strong data-start=\"6695\" data-end=\"6741\">Somente para testes de laborat\u00f3rio.<\/strong> N\u00e3o \u00e9 adequado para consumo humano ou animal.<\/p>\n<\/blockquote>\n<hr data-start=\"6798\" data-end=\"6801\" \/>\n<h3 data-start=\"6803\" data-end=\"6836\"><strong data-start=\"6807\" data-end=\"6836\">Perguntas Frequentes (FAQ)<\/strong><\/h3>\n<p data-start=\"6838\" data-end=\"7019\"><strong data-start=\"6838\" data-end=\"6893\">1. Para que \u00e9 usado o spray Chem-mist NOOPEPT?<\/strong><br data-start=\"6893\" data-end=\"6896\" \/>Este spray \u00e9 usado em <strong data-start=\"6925\" data-end=\"6972\">pesquisa cient\u00edfica e neuroqu\u00edmica<\/strong> \u00e0s fun\u00e7\u00f5es cognitivas e \u00e0 neuroplasticidade.<\/p>\n<p data-start=\"7021\" data-end=\"7162\"><strong data-start=\"7021\" data-end=\"7061\">2. Qual a quantidade de NOOPEPT que cada spray cont\u00e9m?<\/strong><br data-start=\"7061\" data-end=\"7064\" \/>Cada pulveriza\u00e7\u00e3o produz uma <strong data-start=\"7092\" data-end=\"7122\">dose precisa de 10mg<\/strong>, verificado por an\u00e1lise laboratorial.<\/p>\n<p data-start=\"7164\" data-end=\"7304\"><strong data-start=\"7164\" data-end=\"7204\">3. Como o spray deve ser armazenado?<\/strong><br data-start=\"7204\" data-end=\"7207\" \/>Guarde a garrafa em um <strong data-start=\"7229\" data-end=\"7263\">local fresco, escuro e seco<\/strong> (abaixo de 25\u00b0C) para manter a estabilidade.<\/p>\n<hr data-start=\"7306\" data-end=\"7309\" \/>\n<h3 data-start=\"7311\" data-end=\"7328\"><strong data-start=\"7315\" data-end=\"7328\">Conclus\u00e3o<\/strong><\/h3>\n<p data-start=\"7329\" data-end=\"7632\">O <strong data-start=\"7332\" data-end=\"7359\">Spray Chem-mist NOOPEPT<\/strong> combina <strong data-start=\"7371\" data-end=\"7404\">precis\u00e3o, pureza e conveni\u00eancia<\/strong> para pesquisas avan\u00e7adas sobre desempenho cognitivo e fun\u00e7\u00f5es cerebrais. Gra\u00e7as ao <strong data-start=\"7489\" data-end=\"7554\">dosagem precisa, absor\u00e7\u00e3o r\u00e1pida e estabilidade a longo prazo<\/strong> Este produto \u00e9 uma excelente escolha para ambientes de pesquisa profissional.<\/p>","protected":false},"excerpt":{"rendered":"<p>Introductie De Chem-mist NOOPEPT Spray biedt hoogzuiver NOOPEPT (N-phenylacetyl-L-prolylglycine ethyl ester) in een nauwkeurig geformuleerde spray, ontwikkeld voor onderzoeksdoeleinden. NOOPEPT<\/p>","protected":false},"featured_media":21202,"comment_status":"closed","ping_status":"closed","template":"","meta":[],"product_brand":[],"product_cat":[555],"product_tag":[326],"class_list":{"0":"post-24144","1":"product","2":"type-product","3":"status-publish","4":"has-post-thumbnail","6":"product_cat-b2b","7":"product_tag-nl","9":"first","10":"instock","11":"taxable","12":"shipping-taxable","13":"purchasable","14":"product-type-variable"},"_links":{"self":[{"href":"https:\/\/onderzoekschemicals.com\/pt\/wp-json\/wp\/v2\/product\/24144","targetHints":{"allow":["GET"]}}],"collection":[{"href":"https:\/\/onderzoekschemicals.com\/pt\/wp-json\/wp\/v2\/product"}],"about":[{"href":"https:\/\/onderzoekschemicals.com\/pt\/wp-json\/wp\/v2\/types\/product"}],"replies":[{"embeddable":true,"href":"https:\/\/onderzoekschemicals.com\/pt\/wp-json\/wp\/v2\/comments?post=24144"}],"version-history":[{"count":3,"href":"https:\/\/onderzoekschemicals.com\/pt\/wp-json\/wp\/v2\/product\/24144\/revisions"}],"predecessor-version":[{"id":27852,"href":"https:\/\/onderzoekschemicals.com\/pt\/wp-json\/wp\/v2\/product\/24144\/revisions\/27852"}],"wp:featuredmedia":[{"embeddable":true,"href":"https:\/\/onderzoekschemicals.com\/pt\/wp-json\/wp\/v2\/media\/21202"}],"wp:attachment":[{"href":"https:\/\/onderzoekschemicals.com\/pt\/wp-json\/wp\/v2\/media?parent=24144"}],"wp:term":[{"taxonomy":"product_brand","embeddable":true,"href":"https:\/\/onderzoekschemicals.com\/pt\/wp-json\/wp\/v2\/product_brand?post=24144"},{"taxonomy":"product_cat","embeddable":true,"href":"https:\/\/onderzoekschemicals.com\/pt\/wp-json\/wp\/v2\/product_cat?post=24144"},{"taxonomy":"product_tag","embeddable":true,"href":"https:\/\/onderzoekschemicals.com\/pt\/wp-json\/wp\/v2\/product_tag?post=24144"}],"curies":[{"name":"wp","href":"https:\/\/api.w.org\/{rel}","templated":true}]}}