{"id":24142,"date":"2025-04-13T17:41:08","date_gmt":"2025-04-13T17:41:08","guid":{"rendered":"https:\/\/onderzoekschemicals.com\/?post_type=product&#038;p=24142"},"modified":"2025-10-13T10:33:18","modified_gmt":"2025-10-13T10:33:18","slug":"chem-mist-1cp-lsd-spray","status":"publish","type":"product","link":"https:\/\/onderzoekschemicals.com\/pt\/shop\/b2b\/chem-mist-1cp-lsd-spray\/","title":{"rendered":"Spray Chem-mist 1cP-LSD"},"content":{"rendered":"<h3 data-start=\"3361\" data-end=\"3382\"><strong data-start=\"3365\" data-end=\"3380\">Introdu\u00e7\u00e3o<\/strong><\/h3>\n<p data-start=\"3383\" data-end=\"3872\">Chem-mist 1cP-LSD Spray \u00e9 um <strong data-start=\"3414\" data-end=\"3451\">solu\u00e7\u00e3o de pesquisa profissional<\/strong> que <strong data-start=\"3456\" data-end=\"3490\">1-ciclopropionil-LSD (1cP-LSD)<\/strong> cont\u00e9m em um spray aquoso estabilizado. Projetado para <strong data-start=\"3551\" data-end=\"3594\">aplica\u00e7\u00f5es controladas de laborat\u00f3rio<\/strong>, faz isso <strong data-start=\"3606\" data-end=\"3649\">dosagem precisa e reprodut\u00edvel<\/strong> Poss\u00edvel em experimentos cient\u00edficos e anal\u00edticos. O formato spray oferece microdosagem consistente, excelente estabilidade e reduz o risco de contamina\u00e7\u00e3o.<br data-start=\"3817\" data-end=\"3820\" \/><em data-start=\"3820\" data-end=\"3872\">(N\u00e3o se destina ao uso humano ou animal.) Chem-mist 1cP-LSD Spray<\/em><\/p>\n<hr data-start=\"3874\" data-end=\"3877\" \/>\n<h3 data-start=\"3879\" data-end=\"3916\"><strong data-start=\"3883\" data-end=\"3914\">Principais caracter\u00edsticas<\/strong><\/h3>\n<ul data-start=\"3917\" data-end=\"4332\">\n<li data-start=\"3917\" data-end=\"4004\">\n<p data-start=\"3919\" data-end=\"4004\"><strong data-start=\"3919\" data-end=\"3945\">Alta Pureza (\u226597%)<\/strong> \u2013 Qualidade de n\u00edvel de pesquisa para resultados confi\u00e1veis<\/p>\n<\/li>\n<li data-start=\"4005\" data-end=\"4080\">\n<p data-start=\"4007\" data-end=\"4080\"><strong data-start=\"4007\" data-end=\"4036\">Microdosagem Consistente<\/strong> \u2013 Cada spray libera uma quantidade fixa<\/p>\n<\/li>\n<li data-start=\"4081\" data-end=\"4177\">\n<p data-start=\"4083\" data-end=\"4177\"><strong data-start=\"4083\" data-end=\"4110\">F\u00f3rmula estabilizada<\/strong> \u2013 Cont\u00e9m tamp\u00f5es e conservantes para longa vida \u00fatil<\/p>\n<\/li>\n<li data-start=\"4178\" data-end=\"4248\">\n<p data-start=\"4180\" data-end=\"4248\"><strong data-start=\"4180\" data-end=\"4201\">Seguro e compacto<\/strong> \u2013 Reduz o risco de derramamento ou exposi\u00e7\u00e3o<\/p>\n<\/li>\n<li data-start=\"4249\" data-end=\"4332\">\n<p data-start=\"4251\" data-end=\"4332\"><strong data-start=\"4251\" data-end=\"4278\">Claramente rotulado<\/strong> \u2013 \u201cSomente para pesquisa\u201d de acordo com os padr\u00f5es de seguran\u00e7a<\/p>\n<\/li>\n<\/ul>\n<hr data-start=\"4334\" data-end=\"4337\" \/>\n<h3 data-start=\"4339\" data-end=\"4358\"><strong data-start=\"4343\" data-end=\"4356\">Vantagens<\/strong><\/h3>\n<p data-start=\"4359\" data-end=\"4697\">\u2705 <strong data-start=\"4361\" data-end=\"4382\">Dosagem precisa<\/strong> \u2013 Reprodutibilidade confi\u00e1vel entre medi\u00e7\u00f5es<br data-start=\"4432\" data-end=\"4435\" \/>\u2705 <strong data-start=\"4437\" data-end=\"4458\">Uso eficiente<\/strong> \u2013 Pronto para uso direto em laborat\u00f3rio<br data-start=\"4498\" data-end=\"4501\" \/>\u2705 <strong data-start=\"4503\" data-end=\"4523\">Limpo e seguro<\/strong> \u2013 Sistema fechado limita a contamina\u00e7\u00e3o<br data-start=\"4561\" data-end=\"4564\" \/>\u2705 <strong data-start=\"4566\" data-end=\"4594\">Consist\u00eancia confi\u00e1vel<\/strong> \u2013 Cada pulveriza\u00e7\u00e3o tem uma sa\u00edda uniforme<br data-start=\"4633\" data-end=\"4636\" \/>\u2705 <strong data-start=\"4638\" data-end=\"4660\">Longa vida \u00fatil<\/strong> \u2013 Permanece est\u00e1vel quando armazenado corretamente<\/p>\n<hr data-start=\"4699\" data-end=\"4702\" \/>\n<h3 data-start=\"4704\" data-end=\"4756\"><strong data-start=\"4708\" data-end=\"4754\">Uso (somente para fins de pesquisa)<\/strong><\/h3>\n<blockquote data-start=\"4757\" data-end=\"4873\">\n<p data-start=\"4759\" data-end=\"4873\">\u26a0\ufe0f <strong data-start=\"4762\" data-end=\"4777\">Importante:<\/strong> Para uso somente em ambientes de laborat\u00f3rio ou pesquisa com EPI e precau\u00e7\u00f5es de seguran\u00e7a.<\/p>\n<\/blockquote>\n<ol data-start=\"4875\" data-end=\"5135\">\n<li data-start=\"4875\" data-end=\"4932\">\n<p data-start=\"4878\" data-end=\"4932\">Agite suavemente e prepare o bico antes do primeiro uso.<\/p>\n<\/li>\n<li data-start=\"4933\" data-end=\"4988\">\n<p data-start=\"4936\" data-end=\"4988\">Pulverize a uma dist\u00e2ncia fixa de acordo com o protocolo de pesquisa.<\/p>\n<\/li>\n<li data-start=\"4989\" data-end=\"5059\">\n<p data-start=\"4992\" data-end=\"5059\">Feche bem e guarde em p\u00e9 em local <strong data-start=\"5031\" data-end=\"5056\">lugar fresco e escuro<\/strong>.<\/p>\n<\/li>\n<li data-start=\"5060\" data-end=\"5135\">\n<p data-start=\"5063\" data-end=\"5135\">Evite contato com a pele ou os olhos; consulte a Ficha de Dados de Seguran\u00e7a (FDS).<\/p>\n<\/li>\n<\/ol>\n<hr data-start=\"5137\" data-end=\"5140\" \/>\n<h3 data-start=\"5142\" data-end=\"5177\"><strong data-start=\"5146\" data-end=\"5175\">Perguntas Frequentes (FAQ)<\/strong><\/h3>\n<p data-start=\"5179\" data-end=\"5423\"><strong data-start=\"5179\" data-end=\"5201\">1. O que \u00e9 1cP-LSD?<\/strong><br data-start=\"5201\" data-end=\"5204\" \/>1cP-LSD (1-ciclopropionil-LSD) \u00e9 um an\u00e1logo da lisergamida utilizado em pesquisas. Em alguns sistemas biol\u00f3gicos, pode ser convertido em LSD, o que o torna \u00fatil para estudos de compara\u00e7\u00e3o farmacol\u00f3gica.<\/p>\n<p data-start=\"5425\" data-end=\"5614\"><strong data-start=\"5425\" data-end=\"5491\">2. O spray Chem-mist 1cP-LSD \u00e9 adequado para uso humano?<\/strong><br data-start=\"5491\" data-end=\"5494\" \/>N\u00e3o \u2013 este produto \u00e9 <strong data-start=\"5515\" data-end=\"5565\">destinado apenas para pesquisa laboratorial<\/strong>, n\u00e3o para consumo humano ou animal.<\/p>\n<p data-start=\"5616\" data-end=\"5787\"><strong data-start=\"5616\" data-end=\"5652\">3. Como devo armazenar o spray?<\/strong><br data-start=\"5652\" data-end=\"5655\" \/>Armazene bem fechado, na vertical e longe da luz, calor e umidade. Quando armazenado corretamente, o spray permanece est\u00e1vel por muito tempo.<\/p>","protected":false},"excerpt":{"rendered":"<p>Introductie Chem-mist 1cP-LSD Spray is een professionele onderzoeksoplossing die 1-cyclopropionyl-LSD (1cP-LSD) bevat in een gestabiliseerde waterige spray. Ontworpen voor gecontroleerde<\/p>","protected":false},"featured_media":20819,"comment_status":"closed","ping_status":"closed","template":"","meta":[],"product_brand":[],"product_cat":[555],"product_tag":[326],"class_list":{"0":"post-24142","1":"product","2":"type-product","3":"status-publish","4":"has-post-thumbnail","6":"product_cat-b2b","7":"product_tag-nl","9":"first","10":"instock","11":"taxable","12":"shipping-taxable","13":"purchasable","14":"product-type-variable"},"_links":{"self":[{"href":"https:\/\/onderzoekschemicals.com\/pt\/wp-json\/wp\/v2\/product\/24142","targetHints":{"allow":["GET"]}}],"collection":[{"href":"https:\/\/onderzoekschemicals.com\/pt\/wp-json\/wp\/v2\/product"}],"about":[{"href":"https:\/\/onderzoekschemicals.com\/pt\/wp-json\/wp\/v2\/types\/product"}],"replies":[{"embeddable":true,"href":"https:\/\/onderzoekschemicals.com\/pt\/wp-json\/wp\/v2\/comments?post=24142"}],"version-history":[{"count":3,"href":"https:\/\/onderzoekschemicals.com\/pt\/wp-json\/wp\/v2\/product\/24142\/revisions"}],"predecessor-version":[{"id":27860,"href":"https:\/\/onderzoekschemicals.com\/pt\/wp-json\/wp\/v2\/product\/24142\/revisions\/27860"}],"wp:featuredmedia":[{"embeddable":true,"href":"https:\/\/onderzoekschemicals.com\/pt\/wp-json\/wp\/v2\/media\/20819"}],"wp:attachment":[{"href":"https:\/\/onderzoekschemicals.com\/pt\/wp-json\/wp\/v2\/media?parent=24142"}],"wp:term":[{"taxonomy":"product_brand","embeddable":true,"href":"https:\/\/onderzoekschemicals.com\/pt\/wp-json\/wp\/v2\/product_brand?post=24142"},{"taxonomy":"product_cat","embeddable":true,"href":"https:\/\/onderzoekschemicals.com\/pt\/wp-json\/wp\/v2\/product_cat?post=24142"},{"taxonomy":"product_tag","embeddable":true,"href":"https:\/\/onderzoekschemicals.com\/pt\/wp-json\/wp\/v2\/product_tag?post=24142"}],"curies":[{"name":"wp","href":"https:\/\/api.w.org\/{rel}","templated":true}]}}