{"id":24140,"date":"2025-04-13T17:41:08","date_gmt":"2025-04-13T17:41:08","guid":{"rendered":"https:\/\/onderzoekschemicals.com\/?post_type=product&#038;p=24140"},"modified":"2025-10-13T10:29:52","modified_gmt":"2025-10-13T10:29:52","slug":"chem-mist-4f-mph-10-spray","status":"publish","type":"product","link":"https:\/\/onderzoekschemicals.com\/pt\/shop\/b2b\/chem-mist-4f-mph-10-spray\/","title":{"rendered":"Spray Chem Mist 4F-MPH 10%"},"content":{"rendered":"<h3 data-start=\"688\" data-end=\"712\"><strong data-start=\"692\" data-end=\"712\">Vis\u00e3o geral do produto<\/strong><\/h3>\n<p data-start=\"713\" data-end=\"1201\">Chem-mist 4F-MPH 10% Spray \u00e9 um <strong data-start=\"747\" data-end=\"793\">solu\u00e7\u00e3o de pesquisa formulada com precis\u00e3o<\/strong> de <strong data-start=\"798\" data-end=\"833\">4-fluorometilfenidato (4F-MPH)<\/strong> em uma concentra\u00e7\u00e3o de 10%. Projetado para <strong data-start=\"878\" data-end=\"925\">fins cient\u00edficos e anal\u00edticos<\/strong>, oferece uma <strong data-start=\"941\" data-end=\"983\">dosagem controlada e consistente<\/strong> por meio de um spray f\u00e1cil de usar \u2013 ideal para laborat\u00f3rios que realizam estudos farmacol\u00f3gicos, de receptor ou de absor\u00e7\u00e3o. 4f mph<br data-start=\"1106\" data-end=\"1109\" \/><em data-start=\"1109\" data-end=\"1201\">(Somente para fins de pesquisa \u2013 n\u00e3o se destina ao uso humano ou animal.)<\/em><\/p>\n<hr data-start=\"1203\" data-end=\"1206\" \/>\n<h3 data-start=\"1208\" data-end=\"1239\"><strong data-start=\"1212\" data-end=\"1239\">Principais caracter\u00edsticas<\/strong><\/h3>\n<ul data-start=\"1240\" data-end=\"1675\">\n<li data-start=\"1240\" data-end=\"1319\">\n<p data-start=\"1242\" data-end=\"1319\"><strong data-start=\"1242\" data-end=\"1269\">Concentra\u00e7\u00e3o de 10% 4F-MPH<\/strong> para experimentos precisos e controlados<\/p>\n<\/li>\n<li data-start=\"1320\" data-end=\"1382\">\n<p data-start=\"1322\" data-end=\"1382\"><strong data-start=\"1322\" data-end=\"1350\">Aproximadamente 14 mg por pulveriza\u00e7\u00e3o<\/strong> (mais de 70 borrifadas por frasco)<\/p>\n<\/li>\n<li data-start=\"1383\" data-end=\"1456\">\n<p data-start=\"1385\" data-end=\"1456\"><strong data-start=\"1385\" data-end=\"1417\">Aroma de hortel\u00e3-pimenta \u201cFresh Focus\u201d<\/strong> para uso confort\u00e1vel em laborat\u00f3rio<\/p>\n<\/li>\n<li data-start=\"1457\" data-end=\"1525\">\n<p data-start=\"1459\" data-end=\"1525\"><strong data-start=\"1459\" data-end=\"1486\">F\u00f3rmula estabilizada<\/strong> com E1520, NaCl e componentes tamp\u00e3o<\/p>\n<\/li>\n<li data-start=\"1526\" data-end=\"1591\">\n<p data-start=\"1528\" data-end=\"1591\"><strong data-start=\"1528\" data-end=\"1554\">Alta pureza (&gt;98%)<\/strong>, confirmado por testes de fornecedores<\/p>\n<\/li>\n<li data-start=\"1592\" data-end=\"1675\">\n<p data-start=\"1594\" data-end=\"1675\"><strong data-start=\"1594\" data-end=\"1627\">Somente para uso em pesquisa<\/strong> \u2013 claramente rotulados de acordo com os regulamentos<\/p>\n<\/li>\n<\/ul>\n<hr data-start=\"1677\" data-end=\"1680\" \/>\n<h3 data-start=\"1682\" data-end=\"1699\"><strong data-start=\"1686\" data-end=\"1699\">Vantagens<\/strong><\/h3>\n<p data-start=\"1700\" data-end=\"2020\">\u2705 <strong data-start=\"1702\" data-end=\"1723\">Dosagem precisa<\/strong> \u2013 Volume de pulveriza\u00e7\u00e3o consistente para resultados reproduz\u00edveis<br data-start=\"1786\" data-end=\"1789\" \/>\u2705 <strong data-start=\"1791\" data-end=\"1819\">Uso seguro e limpo<\/strong> \u2013 Sem risco de exposi\u00e7\u00e3o ao p\u00f3 ou contamina\u00e7\u00e3o<br data-start=\"1868\" data-end=\"1871\" \/>\u2705 <strong data-start=\"1873\" data-end=\"1899\">Estabilidade melhorada<\/strong> \u2013 Longa vida \u00fatil (at\u00e9 2 anos) quando armazenado corretamente<br data-start=\"1953\" data-end=\"1956\" \/>\u2705 <strong data-start=\"1958\" data-end=\"1975\">Pronto para usar<\/strong> \u2013 Reduz o tempo de prepara\u00e7\u00e3o no laborat\u00f3rio<\/p>\n<hr data-start=\"2022\" data-end=\"2025\" \/>\n<h3 data-start=\"2027\" data-end=\"2072\"><strong data-start=\"2031\" data-end=\"2072\">Uso (somente para fins de pesquisa)<\/strong><\/h3>\n<blockquote data-start=\"2073\" data-end=\"2198\">\n<p data-start=\"2075\" data-end=\"2198\">\u26a0\ufe0f Somente para uso em laborat\u00f3rio. N\u00e3o inale nem ingira. Use sempre EPI (equipamento de prote\u00e7\u00e3o individual).<\/p>\n<\/blockquote>\n<ol data-start=\"2200\" data-end=\"2403\">\n<li data-start=\"2200\" data-end=\"2263\">\n<p data-start=\"2203\" data-end=\"2263\">Agite suavemente e prepare o spray antes do primeiro uso.<\/p>\n<\/li>\n<li data-start=\"2264\" data-end=\"2331\">\n<p data-start=\"2267\" data-end=\"2331\">Pulverizar a uma dist\u00e2ncia fixa de acordo com o protocolo experimental. 4f mph<\/p>\n<\/li>\n<li data-start=\"2332\" data-end=\"2403\">\n<p data-start=\"2335\" data-end=\"2403\">Feche bem e guarde em p\u00e9 em local <strong data-start=\"2375\" data-end=\"2400\">lugar fresco e escuro<\/strong>.<\/p>\n<\/li>\n<\/ol>\n<hr data-start=\"2405\" data-end=\"2408\" \/>\n<h3 data-start=\"2410\" data-end=\"2443\"><strong data-start=\"2414\" data-end=\"2443\">Perguntas Frequentes (FAQ)<\/strong><\/h3>\n<p data-start=\"2445\" data-end=\"2533\"><strong data-start=\"2445\" data-end=\"2484\">1. Quanto 4F-MPH cada spray cont\u00e9m?<\/strong><br data-start=\"2484\" data-end=\"2487\" \/>Cada spray fornece aproximadamente <strong data-start=\"2514\" data-end=\"2523\">14 mg<\/strong> 4F-MPH.<\/p>\n<p data-start=\"2535\" data-end=\"2719\"><strong data-start=\"2535\" data-end=\"2589\">2. Este produto \u00e9 adequado para uso humano?<\/strong><br data-start=\"2589\" data-end=\"2592\" \/>N\u00e3o \u2013 este produto \u00e9 <strong data-start=\"2613\" data-end=\"2660\">apenas para pesquisa cient\u00edfica<\/strong> e n\u00e3o se destina ao consumo humano ou animal.<\/p>\n<p data-start=\"2721\" data-end=\"2856\"><strong data-start=\"2721\" data-end=\"2764\">3. Como o spray deve ser armazenado?<\/strong><br data-start=\"2764\" data-end=\"2767\" \/>Conservar bem fechado, na vertical e longe da luz solar direta, em local <strong data-start=\"2830\" data-end=\"2853\">local fresco e seco<\/strong>.<\/p>","protected":false},"excerpt":{"rendered":"<p>Productoverzicht Chem-mist 4F-MPH 10% Spray is een precisie-geformuleerde onderzoeksoplossing met 4-fluoromethylfenidaat (4F-MPH) in een concentratie van 10%. Ontworpen voor wetenschappelijke<\/p>","protected":false},"featured_media":20679,"comment_status":"closed","ping_status":"closed","template":"","meta":[],"product_brand":[],"product_cat":[555],"product_tag":[571,326],"class_list":{"0":"post-24140","1":"product","2":"type-product","3":"status-publish","4":"has-post-thumbnail","6":"product_cat-b2b","7":"product_tag-4f-mph","8":"product_tag-nl","10":"first","11":"instock","12":"taxable","13":"shipping-taxable","14":"purchasable","15":"product-type-variable"},"_links":{"self":[{"href":"https:\/\/onderzoekschemicals.com\/pt\/wp-json\/wp\/v2\/product\/24140","targetHints":{"allow":["GET"]}}],"collection":[{"href":"https:\/\/onderzoekschemicals.com\/pt\/wp-json\/wp\/v2\/product"}],"about":[{"href":"https:\/\/onderzoekschemicals.com\/pt\/wp-json\/wp\/v2\/types\/product"}],"replies":[{"embeddable":true,"href":"https:\/\/onderzoekschemicals.com\/pt\/wp-json\/wp\/v2\/comments?post=24140"}],"version-history":[{"count":4,"href":"https:\/\/onderzoekschemicals.com\/pt\/wp-json\/wp\/v2\/product\/24140\/revisions"}],"predecessor-version":[{"id":27857,"href":"https:\/\/onderzoekschemicals.com\/pt\/wp-json\/wp\/v2\/product\/24140\/revisions\/27857"}],"wp:featuredmedia":[{"embeddable":true,"href":"https:\/\/onderzoekschemicals.com\/pt\/wp-json\/wp\/v2\/media\/20679"}],"wp:attachment":[{"href":"https:\/\/onderzoekschemicals.com\/pt\/wp-json\/wp\/v2\/media?parent=24140"}],"wp:term":[{"taxonomy":"product_brand","embeddable":true,"href":"https:\/\/onderzoekschemicals.com\/pt\/wp-json\/wp\/v2\/product_brand?post=24140"},{"taxonomy":"product_cat","embeddable":true,"href":"https:\/\/onderzoekschemicals.com\/pt\/wp-json\/wp\/v2\/product_cat?post=24140"},{"taxonomy":"product_tag","embeddable":true,"href":"https:\/\/onderzoekschemicals.com\/pt\/wp-json\/wp\/v2\/product_tag?post=24140"}],"curies":[{"name":"wp","href":"https:\/\/api.w.org\/{rel}","templated":true}]}}