{"id":24138,"date":"2025-04-13T17:41:08","date_gmt":"2025-04-13T17:41:08","guid":{"rendered":"https:\/\/onderzoekschemicals.com\/?post_type=product&#038;p=24138"},"modified":"2025-10-13T10:25:12","modified_gmt":"2025-10-13T10:25:12","slug":"chem-mist-2f-dck-30-spray","status":"publish","type":"product","link":"https:\/\/onderzoekschemicals.com\/pt\/shop\/b2b\/chem-mist-2f-dck-30-spray\/","title":{"rendered":"Spray Chem-mist 2F-DCK 30%"},"content":{"rendered":"<p data-start=\"4763\" data-end=\"5327\">O Spray 2F-DCK 30% (Vanilla Sky) \u00e9 uma solu\u00e7\u00e3o qu\u00edmica de pesquisa formulada com precis\u00e3o, projetada para uso laboratorial e cient\u00edfico. O spray libera 2-fluorodesclorocetamina (2F-DCK) na concentra\u00e7\u00e3o de 30 % em uma base aquosa estabilizada, permitindo dosagem controlada por via nasal. Este sistema de libera\u00e7\u00e3o inovador simplifica o manuseio, melhora a consist\u00eancia da dose e otimiza os perfis de absor\u00e7\u00e3o em ambientes experimentais controlados. (N\u00e3o destinado ao uso humano) Spray Chem-mist 2F-DCK 30%<\/p>\n<hr data-start=\"5329\" data-end=\"5332\" \/>\n<h3 data-start=\"5334\" data-end=\"5367\">Principais caracter\u00edsticas<\/h3>\n<ul data-start=\"5368\" data-end=\"6003\">\n<li data-start=\"5368\" data-end=\"5469\">\n<p data-start=\"5370\" data-end=\"5469\"><strong data-start=\"5370\" data-end=\"5398\">Alta concentra\u00e7\u00e3o (30 %)<\/strong>: Fornece uma dose poderosa de 2F-DCK em um spray compacto.<\/p>\n<\/li>\n<li data-start=\"5470\" data-end=\"5546\">\n<p data-start=\"5472\" data-end=\"5546\"><strong data-start=\"5472\" data-end=\"5504\">Sabor Baunilha (\u201cVanilla Sky\u201d)<\/strong>: Aroma suave para mascarar o amargor.<\/p>\n<\/li>\n<li data-start=\"5547\" data-end=\"5636\">\n<p data-start=\"5549\" data-end=\"5636\"><strong data-start=\"5549\" data-end=\"5580\">Mais de 70 borrifadas por frasco<\/strong>: Cada seringa fornece aproximadamente 42 mg de 2F-DCK por acionamento.<\/p>\n<\/li>\n<li data-start=\"5637\" data-end=\"5776\">\n<p data-start=\"5639\" data-end=\"5776\"><strong data-start=\"5639\" data-end=\"5674\">Formulado com estabilizantes<\/strong>: Cont\u00e9m aditivos como E1520, NaCl e formas tamp\u00e3o (E150, E339) para manter o pH e a estabilidade.<\/p>\n<\/li>\n<li data-start=\"5777\" data-end=\"5928\">\n<p data-start=\"5779\" data-end=\"5928\"><strong data-start=\"5779\" data-end=\"5813\">Embalado para uso em pesquisa<\/strong>: Vendido e rotulado apenas para uso em pesquisa cient\u00edfica, com avisos e instru\u00e7\u00f5es de armazenamento.<\/p>\n<\/li>\n<li data-start=\"5929\" data-end=\"6003\">\n<p data-start=\"5931\" data-end=\"6003\"><strong data-start=\"5931\" data-end=\"5958\">Alta pureza (&gt;98 %)<\/strong>Conforme especifica\u00e7\u00f5es do fornecedor. Spray Chem-mist 2F-DCK 30%<\/p>\n<\/li>\n<\/ul>\n<hr data-start=\"6005\" data-end=\"6008\" \/>\n<h3 data-start=\"6010\" data-end=\"6064\">Benef\u00edcios (para uso em pesquisa\/laborat\u00f3rio)<\/h3>\n<ol data-start=\"6065\" data-end=\"6906\">\n<li data-start=\"6065\" data-end=\"6242\">\n<p data-start=\"6068\" data-end=\"6242\"><strong data-start=\"6068\" data-end=\"6097\">Controle preciso da dose<\/strong><br data-start=\"6097\" data-end=\"6100\" \/>O formato de spray permite microdosagem reprodut\u00edvel, reduzindo a variabilidade associada \u00e0 pipetagem ou pesagem.<\/p>\n<\/li>\n<li data-start=\"6244\" data-end=\"6429\">\n<p data-start=\"6247\" data-end=\"6429\"><strong data-start=\"6247\" data-end=\"6279\">Cin\u00e9tica de absor\u00e7\u00e3o melhorada<\/strong><br data-start=\"6279\" data-end=\"6282\" \/>A absor\u00e7\u00e3o pela mucosa nasal \u00e9 geralmente mais r\u00e1pida do que a administra\u00e7\u00e3o oral e pode permitir um in\u00edcio de a\u00e7\u00e3o mais imediato em estudos comparativos.<\/p>\n<\/li>\n<li data-start=\"6431\" data-end=\"6604\">\n<p data-start=\"6434\" data-end=\"6604\"><strong data-start=\"6434\" data-end=\"6469\">F\u00e1cil de usar e armazenar<\/strong><br data-start=\"6469\" data-end=\"6472\" \/>Um spray selado reduz o risco de derramamento, contamina\u00e7\u00e3o ou oxida\u00e7\u00e3o em compara\u00e7\u00e3o com p\u00f3s soltos ou l\u00edquidos a granel.<\/p>\n<\/li>\n<li data-start=\"6606\" data-end=\"6777\">\n<p data-start=\"6609\" data-end=\"6777\"><strong data-start=\"6609\" data-end=\"6651\">Prepara\u00e7\u00e3o consistente da amostra<\/strong><br data-start=\"6651\" data-end=\"6654\" \/>Cada atua\u00e7\u00e3o \u00e9 padronizada, o que garante consist\u00eancia entre as medi\u00e7\u00f5es e reprodutibilidade experimental.<\/p>\n<\/li>\n<li data-start=\"6779\" data-end=\"6906\">\n<p data-start=\"6782\" data-end=\"6906\"><strong data-start=\"6782\" data-end=\"6804\">Menos desperd\u00edcio<\/strong><br data-start=\"6804\" data-end=\"6807\" \/>Geralmente, h\u00e1 pouco res\u00edduo em compara\u00e7\u00e3o aos m\u00e9todos de aplica\u00e7\u00e3o menos controlados.<\/p>\n<\/li>\n<\/ol>\n<hr data-start=\"6908\" data-end=\"6911\" \/>\n<h3 data-start=\"6913\" data-end=\"6970\">Como usar (somente para fins de pesquisa)<\/h3>\n<blockquote data-start=\"6971\" data-end=\"7261\">\n<p data-start=\"6973\" data-end=\"7261\"><strong data-start=\"6973\" data-end=\"7012\">Aviso importante de seguran\u00e7a<\/strong>: Este produto \u00e9 <strong data-start=\"7029\" data-end=\"7037\">n\u00e3o<\/strong> Destinado ao consumo humano. Use somente em ambientes laboratoriais controlados, com equipamento de prote\u00e7\u00e3o individual (EPI) completo, sistemas de exaust\u00e3o e de acordo com os protocolos de seguran\u00e7a da sua institui\u00e7\u00e3o.<\/p>\n<\/blockquote>\n<ol data-start=\"7263\" data-end=\"8267\">\n<li data-start=\"7263\" data-end=\"7515\">\n<p data-start=\"7266\" data-end=\"7296\"><strong data-start=\"7266\" data-end=\"7294\">Verifica\u00e7\u00f5es preparat\u00f3rias<\/strong><\/p>\n<ul data-start=\"7300\" data-end=\"7515\">\n<li data-start=\"7300\" data-end=\"7365\">\n<p data-start=\"7302\" data-end=\"7365\">Verifique se o spray est\u00e1 funcionando (pode ser necess\u00e1rio aplicar primer).<\/p>\n<\/li>\n<li data-start=\"7369\" data-end=\"7411\">\n<p data-start=\"7371\" data-end=\"7411\">Inspecione o bico para verificar se h\u00e1 bloqueios.<\/p>\n<\/li>\n<li data-start=\"7415\" data-end=\"7515\">\n<p data-start=\"7417\" data-end=\"7515\">Certifique-se de que a temperatura ambiente esteja dentro das diretrizes de armazenamento (de prefer\u00eancia fria e escura).<\/p>\n<\/li>\n<\/ul>\n<\/li>\n<li data-start=\"7517\" data-end=\"7798\">\n<p data-start=\"7520\" data-end=\"7534\"><strong data-start=\"7520\" data-end=\"7532\">Dosagem<\/strong><\/p>\n<ul data-start=\"7538\" data-end=\"7798\">\n<li data-start=\"7538\" data-end=\"7683\">\n<p data-start=\"7540\" data-end=\"7683\">Posicione o bico a uma dist\u00e2ncia fixa reproduz\u00edvel (por exemplo, 1\u20132 cm) da superf\u00edcie ou alvo (mucosa nasal in vitro ou ex vivo).<\/p>\n<\/li>\n<li data-start=\"7687\" data-end=\"7762\">\n<p data-start=\"7689\" data-end=\"7762\">Pressione o spray uma vez (ou mais vezes, dependendo do seu protocolo).<\/p>\n<\/li>\n<li data-start=\"7766\" data-end=\"7798\">\n<p data-start=\"7768\" data-end=\"7798\">Observe o n\u00famero de acionamentos.<\/p>\n<\/li>\n<\/ul>\n<\/li>\n<li data-start=\"7800\" data-end=\"8009\">\n<p data-start=\"7803\" data-end=\"7820\"><strong data-start=\"7803\" data-end=\"7818\">Ap\u00f3s a dose<\/strong><\/p>\n<ul data-start=\"7824\" data-end=\"8009\">\n<li data-start=\"7824\" data-end=\"7852\">\n<p data-start=\"7826\" data-end=\"7852\">Recoloque a tampa imediatamente.<\/p>\n<\/li>\n<li data-start=\"7856\" data-end=\"7914\">\n<p data-start=\"7858\" data-end=\"7914\">Armazene em p\u00e9 em local fresco, seco e escuro.<\/p>\n<\/li>\n<li data-start=\"7918\" data-end=\"8009\">\n<p data-start=\"7920\" data-end=\"8009\">Se recomendado, enx\u00e1gue o bico com um solvente adequado (por exemplo, \u00e1gua deionizada).<\/p>\n<\/li>\n<\/ul>\n<\/li>\n<li data-start=\"8011\" data-end=\"8267\">\n<p data-start=\"8014\" data-end=\"8042\"><strong data-start=\"8014\" data-end=\"8040\">Medidas de seguran\u00e7a<\/strong><\/p>\n<ul data-start=\"8046\" data-end=\"8267\">\n<li data-start=\"8046\" data-end=\"8091\">\n<p data-start=\"8048\" data-end=\"8091\">Evite a inala\u00e7\u00e3o direta ou o contato com a pele.<\/p>\n<\/li>\n<li data-start=\"8095\" data-end=\"8194\">\n<p data-start=\"8097\" data-end=\"8194\">Em caso de contato com a pele ou os olhos: enx\u00e1gue com \u00e1gua e consulte a ficha de dados de seguran\u00e7a (SDS).<\/p>\n<\/li>\n<li data-start=\"8198\" data-end=\"8267\">\n<p data-start=\"8200\" data-end=\"8267\">Descarte os res\u00edduos de acordo com as normas de res\u00edduos qu\u00edmicos.<\/p>\n<\/li>\n<\/ul>\n<\/li>\n<\/ol>\n<hr data-start=\"8269\" data-end=\"8272\" \/>\n<h3 data-start=\"8274\" data-end=\"8305\">Perguntas Frequentes (FAQ)<\/h3>\n<p data-start=\"8307\" data-end=\"8569\"><strong data-start=\"8307\" data-end=\"8392\">1. O spray Chem-mist 2F-DCK 30% \u00e9 destinado \u00e0 administra\u00e7\u00e3o em humanos ou animais?<\/strong><br data-start=\"8392\" data-end=\"8395\" \/>N\u00e3o. \u00c9 estritamente para <strong data-start=\"8419\" data-end=\"8450\">apenas para fins de pesquisa<\/strong>O fornecedor e a rotulagem enfatizam que n\u00e3o se trata de um produto m\u00e9dico e n\u00e3o \u00e9 adequado para uso humano.<\/p>\n<p data-start=\"8571\" data-end=\"8726\"><strong data-start=\"8571\" data-end=\"8614\">2. Quantos mg cont\u00e9m uma pulveriza\u00e7\u00e3o?<\/strong><br data-start=\"8614\" data-end=\"8617\" \/>De acordo com o fornecedor, uma atua\u00e7\u00e3o produz aproximadamente <strong data-start=\"8671\" data-end=\"8680\">42 mg<\/strong> Formula\u00e7\u00e3o de 2F-DCK na concentra\u00e7\u00e3o de 30 %.<\/p>\n<p data-start=\"8728\" data-end=\"8963\"><strong data-start=\"8728\" data-end=\"8797\">3. Como o spray deve ser armazenado e qual \u00e9 o seu prazo de validade?<\/strong><br data-start=\"8797\" data-end=\"8800\" \/>Economize em um <strong data-start=\"8814\" data-end=\"8839\">lugar fresco e escuro<\/strong>, bem fechado. Nessas condi\u00e7\u00f5es, ele permanece est\u00e1vel por pelo menos <strong data-start=\"8922\" data-end=\"8932\">2 anos<\/strong>, de acordo com as alega\u00e7\u00f5es do fornecedor.<\/p>","protected":false},"excerpt":{"rendered":"<p>2F-DCK 30% Spray (Vanilla Sky) is een precisie-geformuleerde onderzoekschemische oplossing, ontworpen voor laboratorium- en wetenschappelijk gebruik. De spray levert 2-fluorodeschloroketamine<\/p>","protected":false},"featured_media":20720,"comment_status":"closed","ping_status":"closed","template":"","meta":[],"product_brand":[],"product_cat":[555],"product_tag":[1096,326],"class_list":{"0":"post-24138","1":"product","2":"type-product","3":"status-publish","4":"has-post-thumbnail","6":"product_cat-b2b","7":"product_tag-chem-mist-2f-dck-30-spray","8":"product_tag-nl","10":"first","11":"instock","12":"taxable","13":"shipping-taxable","14":"purchasable","15":"product-type-variable"},"_links":{"self":[{"href":"https:\/\/onderzoekschemicals.com\/pt\/wp-json\/wp\/v2\/product\/24138","targetHints":{"allow":["GET"]}}],"collection":[{"href":"https:\/\/onderzoekschemicals.com\/pt\/wp-json\/wp\/v2\/product"}],"about":[{"href":"https:\/\/onderzoekschemicals.com\/pt\/wp-json\/wp\/v2\/types\/product"}],"replies":[{"embeddable":true,"href":"https:\/\/onderzoekschemicals.com\/pt\/wp-json\/wp\/v2\/comments?post=24138"}],"version-history":[{"count":3,"href":"https:\/\/onderzoekschemicals.com\/pt\/wp-json\/wp\/v2\/product\/24138\/revisions"}],"predecessor-version":[{"id":27856,"href":"https:\/\/onderzoekschemicals.com\/pt\/wp-json\/wp\/v2\/product\/24138\/revisions\/27856"}],"wp:featuredmedia":[{"embeddable":true,"href":"https:\/\/onderzoekschemicals.com\/pt\/wp-json\/wp\/v2\/media\/20720"}],"wp:attachment":[{"href":"https:\/\/onderzoekschemicals.com\/pt\/wp-json\/wp\/v2\/media?parent=24138"}],"wp:term":[{"taxonomy":"product_brand","embeddable":true,"href":"https:\/\/onderzoekschemicals.com\/pt\/wp-json\/wp\/v2\/product_brand?post=24138"},{"taxonomy":"product_cat","embeddable":true,"href":"https:\/\/onderzoekschemicals.com\/pt\/wp-json\/wp\/v2\/product_cat?post=24138"},{"taxonomy":"product_tag","embeddable":true,"href":"https:\/\/onderzoekschemicals.com\/pt\/wp-json\/wp\/v2\/product_tag?post=24138"}],"curies":[{"name":"wp","href":"https:\/\/api.w.org\/{rel}","templated":true}]}}