{"id":24111,"date":"2025-04-13T17:41:04","date_gmt":"2025-04-13T17:41:04","guid":{"rendered":"https:\/\/onderzoekschemicals.com\/?post_type=product&#038;p=24111"},"modified":"2025-10-14T07:59:11","modified_gmt":"2025-10-14T07:59:11","slug":"2-fea-3-fea","status":"publish","type":"product","link":"https:\/\/onderzoekschemicals.com\/pt\/shop\/b2b\/2-fea-3-fea\/","title":{"rendered":"RC+ Newphoria Blister"},"content":{"rendered":"<h3 data-start=\"5056\" data-end=\"5077\"><strong data-start=\"5060\" data-end=\"5075\">Introdu\u00e7\u00e3o<\/strong><\/h3>\n<p data-start=\"5078\" data-end=\"5387\">O <strong data-start=\"5081\" data-end=\"5106\">RC+ Newphoria Blister<\/strong> \u00e9 de alta qualidade <strong data-start=\"5127\" data-end=\"5152\">formula\u00e7\u00e3o de pesquisa<\/strong>, especialmente desenvolvido para pesquisa laboratorial e anal\u00edtica profissional. Cada blister cont\u00e9m <strong data-start=\"5251\" data-end=\"5288\">10 pellets selados individualmente<\/strong>, projetado para <strong data-start=\"5305\" data-end=\"5384\">dosagem precisa, resultados consistentes e manuseio sem contamina\u00e7\u00e3o<\/strong>. 2 fea 3 fea<\/p>\n<p data-start=\"5389\" data-end=\"5687\">Com uma combina\u00e7\u00e3o controlada de <strong data-start=\"5427\" data-end=\"5477\">2-FEA e 3-FEA (is\u00f4meros de fluoroetanfetamina)<\/strong> este produto \u00e9 ideal para <strong data-start=\"5505\" data-end=\"5567\">pesquisa farmacol\u00f3gica, de receptores e qu\u00edmica anal\u00edtica<\/strong>A embalagem blister garante <strong data-start=\"5601\" data-end=\"5651\">estabilidade, rastreabilidade e armazenamento seguro<\/strong> em condi\u00e7\u00f5es de laborat\u00f3rio.<\/p>\n<p data-start=\"5689\" data-end=\"5804\"><em data-start=\"5689\" data-end=\"5804\">(Este produto \u00e9 somente para uso em pesquisa. N\u00e3o \u00e9 adequado para uso humano ou animal.)<\/em><\/p>\n<hr data-start=\"5806\" data-end=\"5809\" \/>\n<h3 data-start=\"5811\" data-end=\"5844\"><strong data-start=\"5815\" data-end=\"5842\">Principais caracter\u00edsticas<\/strong><\/h3>\n<ul data-start=\"5845\" data-end=\"6426\">\n<li data-start=\"5845\" data-end=\"5952\">\n<p data-start=\"5847\" data-end=\"5952\"><strong data-start=\"5847\" data-end=\"5873\">Composi\u00e7\u00e3o 2\/3-FEA:<\/strong> Cont\u00e9m uma mistura controlada de 2-FEA e 3-FEA para pesquisa comparativa.<\/p>\n<\/li>\n<li data-start=\"5953\" data-end=\"6043\">\n<p data-start=\"5955\" data-end=\"6043\"><strong data-start=\"5955\" data-end=\"5982\">Alta Pureza (\u226598%):<\/strong> Qualidade de laborat\u00f3rio, confirmada pela an\u00e1lise do fornecedor.<\/p>\n<\/li>\n<li data-start=\"6044\" data-end=\"6149\">\n<p data-start=\"6046\" data-end=\"6149\"><strong data-start=\"6046\" data-end=\"6084\">10 pellets selados individualmente:<\/strong> Cada pellet \u00e9 embalado individualmente para m\u00e1xima integridade.<\/p>\n<\/li>\n<li data-start=\"6150\" data-end=\"6238\">\n<p data-start=\"6152\" data-end=\"6238\"><strong data-start=\"6152\" data-end=\"6174\">Embalagem blister:<\/strong> F\u00e1cil de manusear e protege contra fatores ambientais.<\/p>\n<\/li>\n<li data-start=\"6239\" data-end=\"6341\">\n<p data-start=\"6241\" data-end=\"6341\"><strong data-start=\"6241\" data-end=\"6273\">Rastreabilidade de lotes e lotes:<\/strong> Cada pacote cont\u00e9m um n\u00famero de identifica\u00e7\u00e3o exclusivo para fins de documenta\u00e7\u00e3o.<\/p>\n<\/li>\n<li data-start=\"6342\" data-end=\"6426\">\n<p data-start=\"6344\" data-end=\"6426\"><strong data-start=\"6344\" data-end=\"6375\">Forma e peso consistentes:<\/strong> Garante resultados de pesquisa reproduz\u00edveis.<\/p>\n<\/li>\n<\/ul>\n<hr data-start=\"6428\" data-end=\"6431\" \/>\n<h3 data-start=\"6433\" data-end=\"6481\"><strong data-start=\"6437\" data-end=\"6479\">Benef\u00edcios (para pesquisa laboratorial)<\/strong><\/h3>\n<p data-start=\"6482\" data-end=\"6577\">\u2705 <strong data-start=\"6484\" data-end=\"6514\">Precis\u00e3o e confiabilidade<\/strong> \u2013 Cada pellet fornece uma dose exata para dados consistentes.<\/p>\n<p data-start=\"6579\" data-end=\"6668\">\u2705 <strong data-start=\"6581\" data-end=\"6606\">Seguran\u00e7a aprimorada<\/strong> \u2013 A embalagem individual evita contamina\u00e7\u00e3o e degrada\u00e7\u00e3o.<\/p>\n<p data-start=\"6670\" data-end=\"6764\">\u2705 <strong data-start=\"6672\" data-end=\"6698\">Processos de trabalho mais r\u00e1pidos<\/strong> \u2013 Pronto para uso, sem necessidade de pesagem ou prepara\u00e7\u00e3o adicional.<\/p>\n<p data-start=\"6766\" data-end=\"6851\">\u2705 <strong data-start=\"6768\" data-end=\"6790\">Longa vida \u00fatil<\/strong> \u2013 A embalagem protetora mant\u00e9m a pureza e a estabilidade.<\/p>\n<p data-start=\"6853\" data-end=\"6959\">\u2705 <strong data-start=\"6855\" data-end=\"6882\">Documenta\u00e7\u00e3o Simples<\/strong> \u2013 Os c\u00f3digos de lote permitem f\u00e1cil rastreabilidade e controle de qualidade.<\/p>\n<hr data-start=\"6961\" data-end=\"6964\" \/>\n<h3 data-start=\"6966\" data-end=\"7018\"><strong data-start=\"6970\" data-end=\"7016\">Uso (somente para fins de pesquisa)<\/strong><\/h3>\n<blockquote data-start=\"7019\" data-end=\"7204\">\n<p data-start=\"7021\" data-end=\"7204\">\u26a0\ufe0f <strong data-start=\"7024\" data-end=\"7039\">Importante:<\/strong> O RC+ Newphoria Blister destina-se apenas a pesquisas cient\u00edficas e anal\u00edticas. Use sempre EPI e siga as diretrizes de seguran\u00e7a do laborat\u00f3rio.<\/p>\n<\/blockquote>\n<ol data-start=\"7206\" data-end=\"7975\">\n<li data-start=\"7206\" data-end=\"7322\">\n<p data-start=\"7209\" data-end=\"7224\"><strong data-start=\"7209\" data-end=\"7222\">Inspe\u00e7\u00e3o<\/strong><\/p>\n<ul data-start=\"7228\" data-end=\"7322\">\n<li data-start=\"7228\" data-end=\"7276\">\n<p data-start=\"7230\" data-end=\"7276\">Verifique a embalagem e o n\u00famero do lote.<\/p>\n<\/li>\n<li data-start=\"7280\" data-end=\"7322\">\n<p data-start=\"7282\" data-end=\"7322\">Certifique-se de que os pellets n\u00e3o estejam danificados.<\/p>\n<\/li>\n<\/ul>\n<\/li>\n<li data-start=\"7324\" data-end=\"7463\">\n<p data-start=\"7327\" data-end=\"7351\"><strong data-start=\"7327\" data-end=\"7349\">Remo\u00e7\u00e3o de pellets<\/strong><\/p>\n<ul data-start=\"7355\" data-end=\"7463\">\n<li data-start=\"7355\" data-end=\"7428\">\n<p data-start=\"7357\" data-end=\"7428\">Esprema cuidadosamente um pellet para fora da bolha usando equipamento est\u00e9ril.<\/p>\n<\/li>\n<li data-start=\"7432\" data-end=\"7463\">\n<p data-start=\"7434\" data-end=\"7463\">Evite contato direto com a pele.<\/p>\n<\/li>\n<\/ul>\n<\/li>\n<li data-start=\"7465\" data-end=\"7640\">\n<p data-start=\"7468\" data-end=\"7494\"><strong data-start=\"7468\" data-end=\"7492\">Prepara\u00e7\u00e3o da amostra<\/strong><\/p>\n<ul data-start=\"7498\" data-end=\"7640\">\n<li data-start=\"7498\" data-end=\"7594\">\n<p data-start=\"7500\" data-end=\"7594\">Dissolva o pellet em um solvente adequado (por exemplo, etanol, \u00e1gua destilada ou tamp\u00e3o).<\/p>\n<\/li>\n<li data-start=\"7598\" data-end=\"7640\">\n<p data-start=\"7600\" data-end=\"7640\">Misture delicadamente at\u00e9 dissolver completamente.<\/p>\n<\/li>\n<\/ul>\n<\/li>\n<li data-start=\"7642\" data-end=\"7797\">\n<p data-start=\"7645\" data-end=\"7674\"><strong data-start=\"7645\" data-end=\"7672\">Uso em Experimentos<\/strong><\/p>\n<ul data-start=\"7678\" data-end=\"7797\">\n<li data-start=\"7678\" data-end=\"7743\">\n<p data-start=\"7680\" data-end=\"7743\">Uso em estudos anal\u00edticos, de receptores ou farmacol\u00f3gicos.<\/p>\n<\/li>\n<li data-start=\"7747\" data-end=\"7797\">\n<p data-start=\"7749\" data-end=\"7797\">Registre a identifica\u00e7\u00e3o do pellet, a concentra\u00e7\u00e3o e o volume de dissolu\u00e7\u00e3o.<\/p>\n<\/li>\n<\/ul>\n<\/li>\n<li data-start=\"7799\" data-end=\"7975\">\n<p data-start=\"7802\" data-end=\"7829\"><strong data-start=\"7802\" data-end=\"7827\">Armazenamento e remo\u00e7\u00e3o<\/strong><\/p>\n<ul data-start=\"7833\" data-end=\"7975\">\n<li data-start=\"7833\" data-end=\"7908\">\n<p data-start=\"7835\" data-end=\"7908\">Armazene os pellets n\u00e3o utilizados em um <strong data-start=\"7869\" data-end=\"7896\">fresco, escuro e seco<\/strong> ambiente.<\/p>\n<\/li>\n<li data-start=\"7912\" data-end=\"7975\">\n<p data-start=\"7914\" data-end=\"7975\">Descarte os res\u00edduos de acordo com os regulamentos de seguran\u00e7a qu\u00edmica. 2 fea 3 fea<\/p>\n<\/li>\n<\/ul>\n<\/li>\n<\/ol>\n<hr data-start=\"7977\" data-end=\"7980\" \/>\n<h3 data-start=\"7982\" data-end=\"8017\"><strong data-start=\"7986\" data-end=\"8015\">Perguntas Frequentes (FAQ)<\/strong><\/h3>\n<p data-start=\"8019\" data-end=\"8189\"><strong data-start=\"8019\" data-end=\"8058\">1. O que cont\u00e9m o RC+ Newphoria Blister?<\/strong><br data-start=\"8058\" data-end=\"8061\" \/>Cada blister cont\u00e9m <strong data-start=\"8080\" data-end=\"8104\">10 pellets de pesquisa<\/strong> com uma combina\u00e7\u00e3o de <strong data-start=\"8128\" data-end=\"8146\">2-FEA e 3-FEA<\/strong>, somente para testes de laborat\u00f3rio.<\/p>\n<p data-start=\"8191\" data-end=\"8345\"><strong data-start=\"8191\" data-end=\"8239\">2. Qual \u00e9 a pureza dos compostos?<\/strong><br data-start=\"8239\" data-end=\"8242\" \/>O fornecedor garante uma <strong data-start=\"8272\" data-end=\"8295\">pureza de \u226598%<\/strong>, o que garante confiabilidade e consist\u00eancia.<\/p>\n<p data-start=\"8347\" data-end=\"8559\"><strong data-start=\"8347\" data-end=\"8431\">3. O RC+ Newphoria Blister pode ser usado para uso humano ou animal?<\/strong><br data-start=\"8431\" data-end=\"8434\" \/>N\u00e3o \u2013 este produto \u00e9 <strong data-start=\"8455\" data-end=\"8504\">destinado apenas para fins de pesquisa<\/strong> e <strong data-start=\"8508\" data-end=\"8556\">n\u00e3o para consumo humano ou animal<\/strong>.<\/p>","protected":false},"excerpt":{"rendered":"<p><strong>N\u00famero CAS<\/strong>: 1780004-19-4<br \/>\n<strong>F\u00f3rmula<\/strong>: C11H16FN<br \/>\n<strong>Massa molar<\/strong>: 181,25 g\/mol<br \/>\n<strong>Pureza<\/strong>: \u226598%<\/p>","protected":false},"featured_media":21160,"comment_status":"closed","ping_status":"closed","template":"","meta":[],"product_brand":[82],"product_cat":[555],"product_tag":[757,755,753,756,326],"class_list":{"0":"post-24111","1":"product","2":"type-product","3":"status-publish","4":"has-post-thumbnail","6":"product_brand-research-chemical","7":"product_cat-b2b","8":"product_tag-2-3-fea-ervaringen","9":"product_tag-2-fea-3-fea","10":"product_tag-2-3-fea-pellets","11":"product_tag-2-3-fea","12":"product_tag-nl","14":"first","15":"instock","16":"taxable","17":"shipping-taxable","18":"purchasable","19":"product-type-variable"},"_links":{"self":[{"href":"https:\/\/onderzoekschemicals.com\/pt\/wp-json\/wp\/v2\/product\/24111","targetHints":{"allow":["GET"]}}],"collection":[{"href":"https:\/\/onderzoekschemicals.com\/pt\/wp-json\/wp\/v2\/product"}],"about":[{"href":"https:\/\/onderzoekschemicals.com\/pt\/wp-json\/wp\/v2\/types\/product"}],"replies":[{"embeddable":true,"href":"https:\/\/onderzoekschemicals.com\/pt\/wp-json\/wp\/v2\/comments?post=24111"}],"version-history":[{"count":4,"href":"https:\/\/onderzoekschemicals.com\/pt\/wp-json\/wp\/v2\/product\/24111\/revisions"}],"predecessor-version":[{"id":27876,"href":"https:\/\/onderzoekschemicals.com\/pt\/wp-json\/wp\/v2\/product\/24111\/revisions\/27876"}],"wp:featuredmedia":[{"embeddable":true,"href":"https:\/\/onderzoekschemicals.com\/pt\/wp-json\/wp\/v2\/media\/21160"}],"wp:attachment":[{"href":"https:\/\/onderzoekschemicals.com\/pt\/wp-json\/wp\/v2\/media?parent=24111"}],"wp:term":[{"taxonomy":"product_brand","embeddable":true,"href":"https:\/\/onderzoekschemicals.com\/pt\/wp-json\/wp\/v2\/product_brand?post=24111"},{"taxonomy":"product_cat","embeddable":true,"href":"https:\/\/onderzoekschemicals.com\/pt\/wp-json\/wp\/v2\/product_cat?post=24111"},{"taxonomy":"product_tag","embeddable":true,"href":"https:\/\/onderzoekschemicals.com\/pt\/wp-json\/wp\/v2\/product_tag?post=24111"}],"curies":[{"name":"wp","href":"https:\/\/api.w.org\/{rel}","templated":true}]}}