{"id":24083,"date":"2025-04-13T17:41:00","date_gmt":"2025-04-13T17:41:00","guid":{"rendered":"https:\/\/onderzoekschemicals.com\/?post_type=product&#038;p=24083"},"modified":"2025-10-14T11:19:17","modified_gmt":"2025-10-14T11:19:17","slug":"mini-balanca-digital-profissional-50g-x-0001g","status":"publish","type":"product","link":"https:\/\/onderzoekschemicals.com\/pt\/comprar\/escalas\/mini-balanca-digital-profissional-50g-x-0001g\/","title":{"rendered":"Mini balan\u00e7a digital profissional \u2013 50g x 0,001g"},"content":{"rendered":"<h3 data-start=\"5323\" data-end=\"5342\"><strong data-start=\"5327\" data-end=\"5342\">Introdu\u00e7\u00e3o<\/strong><\/h3>\n<p data-start=\"5344\" data-end=\"5695\">O <strong data-start=\"5347\" data-end=\"5404\">Mini balan\u00e7a digital profissional \u2013 50g x 0,001g<\/strong> \u00e9 um <strong data-start=\"5412\" data-end=\"5447\">balan\u00e7a de precis\u00e3o de alta qualidade<\/strong>, projetado para usu\u00e1rios que <strong data-start=\"5479\" data-end=\"5516\">precis\u00e3o e confiabilidade<\/strong> requisitos. Com uma precis\u00e3o de <strong data-start=\"5545\" data-end=\"5573\">0,001 grama (1 miligrama)<\/strong> Esta mini balan\u00e7a \u00e9 ideal para <strong data-start=\"5610\" data-end=\"5692\">an\u00e1lises laboratoriais, pesagem de joias, prepara\u00e7\u00f5es qu\u00edmicas e microdosagem<\/strong>. Mini balan\u00e7a digital<\/p>\n<p data-start=\"5697\" data-end=\"5861\">A escala combina <strong data-start=\"5722\" data-end=\"5754\">tecnologia de precis\u00e3o digital<\/strong> imediatamente <strong data-start=\"5763\" data-end=\"5794\">design compacto e dur\u00e1vel<\/strong>, tornando-o perfeito tanto para profissionais quanto para amadores.<\/p>\n<hr data-start=\"5863\" data-end=\"5866\" \/>\n<h3 data-start=\"5868\" data-end=\"5899\"><strong data-start=\"5872\" data-end=\"5899\">Principais caracter\u00edsticas<\/strong><\/h3>\n<ul data-start=\"5901\" data-end=\"6491\">\n<li data-start=\"5901\" data-end=\"5988\">\n<p data-start=\"5903\" data-end=\"5988\"><strong data-start=\"5903\" data-end=\"5926\">Extremamente preciso:<\/strong> Medir at\u00e9 <strong data-start=\"5936\" data-end=\"5947\">50 gramas<\/strong> com uma precis\u00e3o de <strong data-start=\"5969\" data-end=\"5985\">0,001g (1mg)<\/strong>.<\/p>\n<\/li>\n<li data-start=\"5989\" data-end=\"6081\">\n<p data-start=\"5991\" data-end=\"6081\"><strong data-start=\"5991\" data-end=\"6016\">Visor LCD claro:<\/strong> Visor iluminado para f\u00e1cil leitura em todas as condi\u00e7\u00f5es de ilumina\u00e7\u00e3o.<\/p>\n<\/li>\n<li data-start=\"6082\" data-end=\"6173\">\n<p data-start=\"6084\" data-end=\"6173\"><strong data-start=\"6084\" data-end=\"6106\">Unidades m\u00faltiplas:<\/strong> Suportes <strong data-start=\"6119\" data-end=\"6146\">g, mg, oz, ozt, dwt, ct<\/strong> para medi\u00e7\u00f5es flex\u00edveis.<\/p>\n<\/li>\n<li data-start=\"6174\" data-end=\"6251\">\n<p data-start=\"6176\" data-end=\"6251\"><strong data-start=\"6176\" data-end=\"6201\">Compacto e port\u00e1til:<\/strong> Design leve, f\u00e1cil de transportar.<\/p>\n<\/li>\n<li data-start=\"6252\" data-end=\"6322\">\n<p data-start=\"6254\" data-end=\"6322\"><strong data-start=\"6254\" data-end=\"6270\">Tampa protetora:<\/strong> Protege a superf\u00edcie de pesagem contra poeira e danos.<\/p>\n<\/li>\n<li data-start=\"6323\" data-end=\"6410\">\n<p data-start=\"6325\" data-end=\"6410\"><strong data-start=\"6325\" data-end=\"6353\">Calibra\u00e7\u00e3o autom\u00e1tica:<\/strong> Inclui pesos de calibra\u00e7\u00e3o para precis\u00e3o cont\u00ednua.<\/p>\n<\/li>\n<li data-start=\"6411\" data-end=\"6491\">\n<p data-start=\"6413\" data-end=\"6491\"><strong data-start=\"6413\" data-end=\"6431\">Efici\u00eancia energ\u00e9tica:<\/strong> Fun\u00e7\u00e3o de desligamento autom\u00e1tico para maior dura\u00e7\u00e3o da bateria.<\/p>\n<\/li>\n<\/ul>\n<hr data-start=\"6493\" data-end=\"6496\" \/>\n<h3 data-start=\"6498\" data-end=\"6515\"><strong data-start=\"6502\" data-end=\"6515\">Vantagens<\/strong><\/h3>\n<ol data-start=\"6517\" data-end=\"6895\">\n<li data-start=\"6517\" data-end=\"6602\">\n<p data-start=\"6520\" data-end=\"6602\"><strong data-start=\"6520\" data-end=\"6544\">Alta precis\u00e3o:<\/strong> Perfeito para laborat\u00f3rios, joias ou materiais finos.<\/p>\n<\/li>\n<li data-start=\"6603\" data-end=\"6677\">\n<p data-start=\"6606\" data-end=\"6677\"><strong data-start=\"6606\" data-end=\"6630\">Amigo do usu\u00e1rio:<\/strong> Painel de controle simples de dois bot\u00f5es.<\/p>\n<\/li>\n<li data-start=\"6678\" data-end=\"6756\">\n<p data-start=\"6681\" data-end=\"6756\"><strong data-start=\"6681\" data-end=\"6696\">Vers\u00e1til:<\/strong> Adequado para cientistas, estudantes e profissionais.<\/p>\n<\/li>\n<li data-start=\"6757\" data-end=\"6840\">\n<p data-start=\"6760\" data-end=\"6840\"><strong data-start=\"6760\" data-end=\"6781\">Design sustent\u00e1vel:<\/strong> Plataforma de pesagem em a\u00e7o inoxid\u00e1vel para uso a longo prazo.<\/p>\n<\/li>\n<li data-start=\"6841\" data-end=\"6895\">\n<p data-start=\"6844\" data-end=\"6895\"><strong data-start=\"6844\" data-end=\"6858\">Port\u00e1til:<\/strong> Precis\u00e3o que cabe no seu bolso.<\/p>\n<\/li>\n<\/ol>\n<hr data-start=\"6897\" data-end=\"6900\" \/>\n<h3 data-start=\"6902\" data-end=\"6928\"><strong data-start=\"6906\" data-end=\"6928\">Instru\u00e7\u00f5es de uso<\/strong><\/h3>\n<ol data-start=\"6930\" data-end=\"7205\">\n<li data-start=\"6930\" data-end=\"6985\">\n<p data-start=\"6933\" data-end=\"6985\"><strong data-start=\"6933\" data-end=\"6957\">Coloque a balan\u00e7a<\/strong> em uma superf\u00edcie plana.<\/p>\n<\/li>\n<li data-start=\"6986\" data-end=\"7038\">\n<p data-start=\"6989\" data-end=\"7038\"><strong data-start=\"6989\" data-end=\"7016\">Pressione o bot\u00e3o liga\/desliga<\/strong> para habilitar.<\/p>\n<\/li>\n<li data-start=\"7039\" data-end=\"7096\">\n<p data-start=\"7042\" data-end=\"7096\"><strong data-start=\"7042\" data-end=\"7069\">Aguarde a calibra\u00e7\u00e3o<\/strong> \u00e9 conclu\u00eddo automaticamente.<\/p>\n<\/li>\n<li data-start=\"7097\" data-end=\"7149\">\n<p data-start=\"7100\" data-end=\"7149\"><strong data-start=\"7100\" data-end=\"7130\">Coloque o objeto a ser pesado<\/strong> na plataforma.<\/p>\n<\/li>\n<li data-start=\"7150\" data-end=\"7205\">\n<p data-start=\"7153\" data-end=\"7205\"><strong data-start=\"7153\" data-end=\"7175\">Leia o resultado<\/strong> desligado na tela iluminada.<\/p>\n<\/li>\n<\/ol>\n<p data-start=\"7207\" data-end=\"7322\">\ud83d\udca1 <strong data-start=\"7210\" data-end=\"7218\">Dica:<\/strong> Calibre regularmente para manter a m\u00e1xima precis\u00e3o, especialmente para uso qu\u00edmico ou anal\u00edtico.<\/p>\n<hr data-start=\"7324\" data-end=\"7327\" \/>\n<h3 data-start=\"7329\" data-end=\"7361\"><strong data-start=\"7333\" data-end=\"7361\">Especifica\u00e7\u00f5es t\u00e9cnicas<\/strong><\/h3>\n<div class=\"_tableContainer_1rjym_1\">\n<div class=\"group _tableWrapper_1rjym_13 flex w-fit flex-col-reverse\" tabindex=\"-1\">\n<table class=\"w-fit min-w-(--thread-content-width)\" data-start=\"7363\" data-end=\"7824\">\n<thead data-start=\"7363\" data-end=\"7397\">\n<tr data-start=\"7363\" data-end=\"7397\">\n<th data-start=\"7363\" data-end=\"7382\" data-col-size=\"sm\"><strong data-start=\"7365\" data-end=\"7381\">Especifica\u00e7\u00e3o<\/strong><\/th>\n<th data-start=\"7382\" data-end=\"7397\" data-col-size=\"sm\"><strong data-start=\"7384\" data-end=\"7395\">Detalhes<\/strong><\/th>\n<\/tr>\n<\/thead>\n<tbody data-start=\"7434\" data-end=\"7824\">\n<tr data-start=\"7434\" data-end=\"7471\">\n<td data-start=\"7434\" data-end=\"7460\" data-col-size=\"sm\"><strong data-start=\"7436\" data-end=\"7459\">Capacidade m\u00e1xima<\/strong><\/td>\n<td data-start=\"7460\" data-end=\"7471\" data-col-size=\"sm\">50 gramas<\/td>\n<\/tr>\n<tr data-start=\"7472\" data-end=\"7520\">\n<td data-start=\"7472\" data-end=\"7504\" data-col-size=\"sm\"><strong data-start=\"7474\" data-end=\"7503\">Precis\u00e3o \/ Legibilidade<\/strong><\/td>\n<td data-col-size=\"sm\" data-start=\"7504\" data-end=\"7520\">0,001g (1mg)<\/td>\n<\/tr>\n<tr data-start=\"7521\" data-end=\"7563\">\n<td data-start=\"7521\" data-end=\"7536\" data-col-size=\"sm\"><strong data-start=\"7523\" data-end=\"7535\">Unidades<\/strong><\/td>\n<td data-col-size=\"sm\" data-start=\"7536\" data-end=\"7563\">g, mg, oz, ozt, dwt, ct<\/td>\n<\/tr>\n<tr data-start=\"7564\" data-end=\"7598\">\n<td data-start=\"7564\" data-end=\"7582\" data-col-size=\"sm\"><strong data-start=\"7566\" data-end=\"7581\">Tipo de exibi\u00e7\u00e3o<\/strong><\/td>\n<td data-col-size=\"sm\" data-start=\"7582\" data-end=\"7598\">LCD iluminado<\/td>\n<\/tr>\n<tr data-start=\"7599\" data-end=\"7635\">\n<td data-start=\"7599\" data-end=\"7613\" data-col-size=\"sm\"><strong data-start=\"7601\" data-end=\"7612\">Fonte de energia<\/strong><\/td>\n<td data-start=\"7613\" data-end=\"7635\" data-col-size=\"sm\">2 pilhas AAA<\/td>\n<\/tr>\n<tr data-start=\"7636\" data-end=\"7679\">\n<td data-start=\"7636\" data-end=\"7660\" data-col-size=\"sm\"><strong data-start=\"7638\" data-end=\"7659\">Material da plataforma<\/strong><\/td>\n<td data-col-size=\"sm\" data-start=\"7660\" data-end=\"7679\">A\u00e7o inoxid\u00e1vel<\/td>\n<\/tr>\n<tr data-start=\"7680\" data-end=\"7719\">\n<td data-start=\"7680\" data-end=\"7713\" data-col-size=\"sm\"><strong data-start=\"7682\" data-end=\"7712\">Desligamento autom\u00e1tico<\/strong><\/td>\n<td data-col-size=\"sm\" data-start=\"7713\" data-end=\"7719\">Sim<\/td>\n<\/tr>\n<tr data-start=\"7720\" data-end=\"7764\">\n<td data-start=\"7720\" data-end=\"7737\" data-col-size=\"sm\"><strong data-start=\"7722\" data-end=\"7736\">Calibra\u00e7\u00e3o<\/strong><\/td>\n<td data-col-size=\"sm\" data-start=\"7737\" data-end=\"7764\">Manual e Autom\u00e1tico<\/td>\n<\/tr>\n<tr data-start=\"7765\" data-end=\"7800\">\n<td data-start=\"7765\" data-end=\"7782\" data-col-size=\"sm\"><strong data-start=\"7767\" data-end=\"7781\">Dimens\u00f5es<\/strong><\/td>\n<td data-start=\"7782\" data-end=\"7800\" data-col-size=\"sm\">\u00b112 \u00d7 6 \u00d7 2 cm<\/td>\n<\/tr>\n<tr data-start=\"7801\" data-end=\"7824\">\n<td data-start=\"7801\" data-end=\"7815\" data-col-size=\"sm\"><strong data-start=\"7803\" data-end=\"7814\">Peso<\/strong><\/td>\n<td data-col-size=\"sm\" data-start=\"7815\" data-end=\"7824\">\u00b1150g<\/td>\n<\/tr>\n<\/tbody>\n<\/table>\n<\/div>\n<\/div>\n<hr data-start=\"7826\" data-end=\"7829\" \/>\n<h3 data-start=\"7831\" data-end=\"7866\"><strong data-start=\"7835\" data-end=\"7866\">Perguntas Frequentes (FAQ&#039;s)<\/strong><\/h3>\n<p data-start=\"7868\" data-end=\"8004\"><strong data-start=\"7868\" data-end=\"7923\">1. Qual \u00e9 a capacidade m\u00e1xima da balan\u00e7a?<\/strong><br data-start=\"7923\" data-end=\"7926\" \/>A escala pode medir at\u00e9 <strong data-start=\"7948\" data-end=\"7959\">50 gramas<\/strong> medir com precis\u00e3o de <strong data-start=\"7987\" data-end=\"8001\">0,001 grama<\/strong>. Mini balan\u00e7a digital<\/p>\n<p data-start=\"8006\" data-end=\"8149\"><strong data-start=\"8006\" data-end=\"8066\">2. Esta balan\u00e7a \u00e9 adequada para uso em laborat\u00f3rio?<\/strong><br data-start=\"8066\" data-end=\"8069\" \/>Sim, perfeito para <strong data-start=\"8086\" data-end=\"8146\">laborat\u00f3rios, institui\u00e7\u00f5es de ensino e an\u00e1lises qu\u00edmicas<\/strong>.<\/p>\n<p data-start=\"8151\" data-end=\"8269\"><strong data-start=\"8151\" data-end=\"8186\">3. Com que frequ\u00eancia devo calibrar?<\/strong><br data-start=\"8186\" data-end=\"8189\" \/>A calibra\u00e7\u00e3o \u00e9 necess\u00e1ria para medi\u00e7\u00f5es confi\u00e1veis <strong data-start=\"8232\" data-end=\"8255\">uma vez a cada poucas semanas<\/strong> recomendado.<\/p>\n<hr data-start=\"8271\" data-end=\"8274\" \/>\n<h3 data-start=\"8276\" data-end=\"8293\"><strong data-start=\"8280\" data-end=\"8293\">Conclus\u00e3o<\/strong><\/h3>\n<p data-start=\"8295\" data-end=\"8566\">O <strong data-start=\"8298\" data-end=\"8355\">Mini balan\u00e7a digital profissional \u2013 50g x 0,001g<\/strong> combina <strong data-start=\"8367\" data-end=\"8417\">precis\u00e3o, portabilidade e facilidade de uso<\/strong>Quer voc\u00ea trabalhe em um laborat\u00f3rio, fa\u00e7a joias ou fa\u00e7a micro medi\u00e7\u00f5es, esta balan\u00e7a digital oferece <strong data-start=\"8530\" data-end=\"8563\">resultados sempre confi\u00e1veis<\/strong>.<\/p>","protected":false},"excerpt":{"rendered":"<p><strong>Especifica\u00e7\u00f5es:<\/strong><\/p>\n<ul>\n<li>Digital<\/li>\n<li>Pesa a partir de 0,001g<\/li>\n<li>Pesa no m\u00e1ximo. 50g<\/li>\n<li>Funciona com: 2 pilhas AAA<\/li>\n<li>Tela LCD<\/li>\n<li>Cor: preto<\/li>\n<\/ul>","protected":false},"featured_media":21116,"comment_status":"closed","ping_status":"closed","template":"","meta":[],"product_brand":[],"product_cat":[451],"product_tag":[452,764,767,847,765,766,768],"class_list":{"0":"post-24083","1":"product","2":"type-product","3":"status-publish","4":"has-post-thumbnail","6":"product_cat-weegschalen","7":"product_tag-de","8":"product_tag-digitale-cs-weegschaal","9":"product_tag-digitale-microweegschaal","10":"product_tag-digitale-mini-weegschaal","11":"product_tag-milligramweegschaal","12":"product_tag-precise-weegschaal-0-001g","13":"product_tag-weegschaal-voor-research-chemicals","15":"first","16":"instock","17":"taxable","18":"shipping-taxable","19":"purchasable","20":"product-type-simple"},"_links":{"self":[{"href":"https:\/\/onderzoekschemicals.com\/pt\/wp-json\/wp\/v2\/product\/24083","targetHints":{"allow":["GET"]}}],"collection":[{"href":"https:\/\/onderzoekschemicals.com\/pt\/wp-json\/wp\/v2\/product"}],"about":[{"href":"https:\/\/onderzoekschemicals.com\/pt\/wp-json\/wp\/v2\/types\/product"}],"replies":[{"embeddable":true,"href":"https:\/\/onderzoekschemicals.com\/pt\/wp-json\/wp\/v2\/comments?post=24083"}],"version-history":[{"count":5,"href":"https:\/\/onderzoekschemicals.com\/pt\/wp-json\/wp\/v2\/product\/24083\/revisions"}],"predecessor-version":[{"id":27885,"href":"https:\/\/onderzoekschemicals.com\/pt\/wp-json\/wp\/v2\/product\/24083\/revisions\/27885"}],"wp:featuredmedia":[{"embeddable":true,"href":"https:\/\/onderzoekschemicals.com\/pt\/wp-json\/wp\/v2\/media\/21116"}],"wp:attachment":[{"href":"https:\/\/onderzoekschemicals.com\/pt\/wp-json\/wp\/v2\/media?parent=24083"}],"wp:term":[{"taxonomy":"product_brand","embeddable":true,"href":"https:\/\/onderzoekschemicals.com\/pt\/wp-json\/wp\/v2\/product_brand?post=24083"},{"taxonomy":"product_cat","embeddable":true,"href":"https:\/\/onderzoekschemicals.com\/pt\/wp-json\/wp\/v2\/product_cat?post=24083"},{"taxonomy":"product_tag","embeddable":true,"href":"https:\/\/onderzoekschemicals.com\/pt\/wp-json\/wp\/v2\/product_tag?post=24083"}],"curies":[{"name":"wp","href":"https:\/\/api.w.org\/{rel}","templated":true}]}}