{"id":23878,"date":"2025-04-13T17:40:36","date_gmt":"2025-04-13T17:40:36","guid":{"rendered":"https:\/\/onderzoekschemicals.com\/?post_type=product&#038;p=23878"},"modified":"2025-11-28T07:28:30","modified_gmt":"2025-11-28T07:28:30","slug":"hxe-hydroxetamine","status":"publish","type":"product","link":"https:\/\/onderzoekschemicals.com\/pt\/shop\/arylcyclohexylamine\/hxe-hydroxetamine\/","title":{"rendered":"HXE (Hidroxetamina)"},"content":{"rendered":"<p data-start=\"6163\" data-end=\"6541\"><strong data-start=\"6163\" data-end=\"6186\">HXE (Hidroxetamina)<\/strong>, tamb\u00e9m conhecido como <strong data-start=\"6203\" data-end=\"6226\">3-Hidroxi-2-oxo-PCE<\/strong>, \u00e9 um <strong data-start=\"6235\" data-end=\"6293\">subst\u00e2ncia de pesquisa dissociativa de qualidade anal\u00edtica<\/strong> que pertence ao <strong data-start=\"6313\" data-end=\"6342\">classe de arilciclohexilamina<\/strong>. HXE<br data-start=\"6343\" data-end=\"6346\" \/>Est\u00e1 estruturalmente relacionado a <strong data-start=\"6377\" data-end=\"6386\">O-PCE<\/strong> e <strong data-start=\"6390\" data-end=\"6402\">cetamina<\/strong>, mas se distingue por uma <strong data-start=\"6436\" data-end=\"6468\">grupo hidroxila na posi\u00e7\u00e3o 3<\/strong>, o que afeta suas propriedades qu\u00edmicas e perfil de liga\u00e7\u00e3o.<\/p>\n<p data-start=\"6543\" data-end=\"6821\">HXE \u00e9 usado em <strong data-start=\"6565\" data-end=\"6620\">pesquisa forense, anal\u00edtica e de liga\u00e7\u00e3o de receptores<\/strong>, especialmente no estudo de <strong data-start=\"6649\" data-end=\"6681\">an\u00e1logos de arilciclohexilamina<\/strong>.<br data-start=\"6682\" data-end=\"6685\" \/>Produzido sob <strong data-start=\"6704\" data-end=\"6738\">Boas Pr\u00e1ticas de Laborat\u00f3rio (BPL)<\/strong>, garante uma <strong data-start=\"6759\" data-end=\"6782\">pureza de \u226599%<\/strong> e resultados de pesquisa consistentes.<\/p>\n<blockquote data-start=\"6823\" data-end=\"6967\">\n<p data-start=\"6825\" data-end=\"6967\">\u26a0\ufe0f <strong data-start=\"6828\" data-end=\"6839\">OBS:<\/strong> Este produto \u00e9 <strong data-start=\"6855\" data-end=\"6905\">destinado apenas para pesquisa laboratorial<\/strong> e <strong data-start=\"6909\" data-end=\"6966\">n\u00e3o \u00e9 adequado para consumo humano ou animal<\/strong>.<\/p>\n<\/blockquote>\n<hr data-start=\"6969\" data-end=\"6972\" \/>\n<h3 data-start=\"6974\" data-end=\"7005\"><strong data-start=\"6978\" data-end=\"7005\">Principais caracter\u00edsticas<\/strong><\/h3>\n<ul data-start=\"7007\" data-end=\"7510\">\n<li data-start=\"7007\" data-end=\"7108\">\n<p data-start=\"7009\" data-end=\"7108\"><strong data-start=\"7009\" data-end=\"7041\">Alta pureza anal\u00edtica:<\/strong> \u226599%, testado por m\u00e9todos cromatogr\u00e1ficos e espectrosc\u00f3picos.<\/p>\n<\/li>\n<li data-start=\"7109\" data-end=\"7189\">\n<p data-start=\"7111\" data-end=\"7189\"><strong data-start=\"7111\" data-end=\"7144\">Derivado de arilciclohexilamina:<\/strong> Estruturalmente relacionado \u00e0 cetamina e O-PCE.<\/p>\n<\/li>\n<li data-start=\"7190\" data-end=\"7256\">\n<p data-start=\"7192\" data-end=\"7256\"><strong data-start=\"7192\" data-end=\"7213\">Quimicamente est\u00e1vel:<\/strong> Resistente \u00e0 decomposi\u00e7\u00e3o quando armazenado corretamente.<\/p>\n<\/li>\n<li data-start=\"7257\" data-end=\"7342\">\n<p data-start=\"7259\" data-end=\"7342\"><strong data-start=\"7259\" data-end=\"7277\">Produ\u00e7\u00e3o de GLP:<\/strong> Produzido de acordo com <strong data-start=\"7299\" data-end=\"7327\">Boas Pr\u00e1ticas de Laborat\u00f3rio<\/strong>-diretrizes.<\/p>\n<\/li>\n<li data-start=\"7343\" data-end=\"7432\">\n<p data-start=\"7345\" data-end=\"7432\"><strong data-start=\"7345\" data-end=\"7362\">Testado em lote:<\/strong> Cada lote foi verificado quanto \u00e0 identidade, pureza e consist\u00eancia.<\/p>\n<\/li>\n<li data-start=\"7433\" data-end=\"7510\">\n<p data-start=\"7435\" data-end=\"7510\"><strong data-start=\"7435\" data-end=\"7458\">Embalagem segura:<\/strong> Herm\u00e9tico e selado para manter a qualidade.<\/p>\n<\/li>\n<\/ul>\n<hr data-start=\"7512\" data-end=\"7515\" \/>\n<h3 data-start=\"7517\" data-end=\"7534\"><strong data-start=\"7521\" data-end=\"7534\">Vantagens<\/strong><\/h3>\n<ol data-start=\"7536\" data-end=\"7981\">\n<li data-start=\"7536\" data-end=\"7623\">\n<p data-start=\"7539\" data-end=\"7623\"><strong data-start=\"7539\" data-end=\"7576\">Resultados de pesquisa confi\u00e1veis:<\/strong> Alta pureza garante dados precisos.<\/p>\n<\/li>\n<li data-start=\"7624\" data-end=\"7719\">\n<p data-start=\"7627\" data-end=\"7719\"><strong data-start=\"7627\" data-end=\"7647\">Amplamente aplic\u00e1vel:<\/strong> Adequado para <strong data-start=\"7662\" data-end=\"7716\">cromatografia, espectroscopia e pesquisa de receptores<\/strong>.<\/p>\n<\/li>\n<li data-start=\"7720\" data-end=\"7800\">\n<p data-start=\"7723\" data-end=\"7800\"><strong data-start=\"7723\" data-end=\"7750\">Estabilidade a longo prazo:<\/strong> Resistente \u00e0 luz e \u00e0 umidade quando armazenado corretamente.<\/p>\n<\/li>\n<li data-start=\"7801\" data-end=\"7895\">\n<p data-start=\"7804\" data-end=\"7895\"><strong data-start=\"7804\" data-end=\"7833\">Aplica\u00e7\u00f5es forenses:<\/strong> Usado em <strong data-start=\"7853\" data-end=\"7892\">pesquisa toxicol\u00f3gica e qu\u00edmica<\/strong>.<\/p>\n<\/li>\n<li data-start=\"7896\" data-end=\"7981\">\n<p data-start=\"7899\" data-end=\"7981\"><strong data-start=\"7899\" data-end=\"7927\">Qualidade profissional:<\/strong> Projetado para uso em laborat\u00f3rios avan\u00e7ados.<\/p>\n<\/li>\n<\/ol>\n<hr data-start=\"7983\" data-end=\"7986\" \/>\n<h3 data-start=\"7988\" data-end=\"8027\"><strong data-start=\"7992\" data-end=\"8027\">Uso (somente para pesquisa)<\/strong><\/h3>\n<ol data-start=\"8029\" data-end=\"8437\">\n<li data-start=\"8029\" data-end=\"8116\">\n<p data-start=\"8032\" data-end=\"8116\"><strong data-start=\"8032\" data-end=\"8063\">Use roupas de prote\u00e7\u00e3o:<\/strong> Luvas, \u00f3culos de seguran\u00e7a e jaleco s\u00e3o obrigat\u00f3rios.<\/p>\n<\/li>\n<li data-start=\"8117\" data-end=\"8205\">\n<p data-start=\"8120\" data-end=\"8205\"><strong data-start=\"8120\" data-end=\"8156\">Trabalhar em ambiente controlado:<\/strong> Por exemplo, em uma capela de exaust\u00e3o ou bancada de trabalho esterilizada.<\/p>\n<\/li>\n<li data-start=\"8206\" data-end=\"8265\">\n<p data-start=\"8209\" data-end=\"8265\"><strong data-start=\"8209\" data-end=\"8229\">Me\u00e7a com precis\u00e3o:<\/strong> Utilize equipamento calibrado.<\/p>\n<\/li>\n<li data-start=\"8266\" data-end=\"8345\">\n<p data-start=\"8269\" data-end=\"8345\"><strong data-start=\"8269\" data-end=\"8296\">Observe as informa\u00e7\u00f5es do lote:<\/strong> Registre o n\u00famero do lote e as condi\u00e7\u00f5es do teste.<\/p>\n<\/li>\n<li data-start=\"8346\" data-end=\"8437\">\n<p data-start=\"8349\" data-end=\"8437\"><strong data-start=\"8349\" data-end=\"8382\">Descarte os res\u00edduos com seguran\u00e7a:<\/strong> Siga as diretrizes de seguran\u00e7a do laborat\u00f3rio.<\/p>\n<\/li>\n<\/ol>\n<blockquote data-start=\"8439\" data-end=\"8524\">\n<p data-start=\"8441\" data-end=\"8524\">\u2697\ufe0f <strong data-start=\"8444\" data-end=\"8524\">Somente para testes de laborat\u00f3rio \u2013 n\u00e3o para consumo humano.<\/strong><\/p>\n<\/blockquote>\n<hr data-start=\"8526\" data-end=\"8529\" \/>\n<h3 data-start=\"8531\" data-end=\"8556\"><strong data-start=\"8535\" data-end=\"8556\">Instru\u00e7\u00f5es de armazenamento<\/strong><\/h3>\n<ul data-start=\"8558\" data-end=\"8769\">\n<li data-start=\"8558\" data-end=\"8626\">\n<p data-start=\"8560\" data-end=\"8626\">Economize em <strong data-start=\"8571\" data-end=\"8580\">2\u20138\u00b0C<\/strong>, em um <strong data-start=\"8589\" data-end=\"8623\">local fresco, seco e escuro<\/strong>.<\/p>\n<\/li>\n<li data-start=\"8627\" data-end=\"8663\">\n<p data-start=\"8629\" data-end=\"8663\">Mantenha o recipiente bem fechado.<\/p>\n<\/li>\n<li data-start=\"8664\" data-end=\"8709\">\n<p data-start=\"8666\" data-end=\"8709\">Proteger contra <strong data-start=\"8681\" data-end=\"8706\">luz, umidade e calor<\/strong>.<\/p>\n<\/li>\n<li data-start=\"8710\" data-end=\"8769\">\n<p data-start=\"8712\" data-end=\"8769\">Acess\u00edvel somente ao pessoal autorizado do laborat\u00f3rio.<\/p>\n<\/li>\n<\/ul>\n<hr data-start=\"8771\" data-end=\"8774\" \/>\n<h3 data-start=\"8776\" data-end=\"8811\"><strong data-start=\"8780\" data-end=\"8811\">Perguntas Frequentes (FAQ&#039;s)<\/strong><\/h3>\n<p data-start=\"8813\" data-end=\"9027\"><strong data-start=\"8813\" data-end=\"8864\">1. Para que \u00e9 usado o HXE (Hidroxetamina)?<\/strong><br data-start=\"8864\" data-end=\"8867\" \/>HXE \u00e9 usado para <strong data-start=\"8891\" data-end=\"8929\">pesquisa anal\u00edtica e forense<\/strong>, especialmente em <strong data-start=\"8943\" data-end=\"8987\">estudos estruturais e de liga\u00e7\u00e3o ao receptor<\/strong> de compostos de arilciclohexilamina.<\/p>\n<p data-start=\"9029\" data-end=\"9233\"><strong data-start=\"9029\" data-end=\"9079\">2. O HXE \u00e9 adequado para consumo humano?<\/strong><br data-start=\"9079\" data-end=\"9082\" \/>N\u00e3o. <strong data-start=\"9087\" data-end=\"9110\">HXE (Hidroxetamina)<\/strong> \u00e9 <strong data-start=\"9114\" data-end=\"9169\">destinado apenas \u00e0 pesquisa cient\u00edfica<\/strong> e <strong data-start=\"9173\" data-end=\"9230\">n\u00e3o \u00e9 adequado para consumo humano ou animal<\/strong>.<\/p>\n<p data-start=\"9235\" data-end=\"9410\"><strong data-start=\"9235\" data-end=\"9270\">3. Como o HXE deve ser armazenado?<\/strong><br data-start=\"9270\" data-end=\"9273\" \/>Economize em um <strong data-start=\"9287\" data-end=\"9329\">local fresco, seco e escuro (2\u20138\u00b0C)<\/strong> em um <strong data-start=\"9337\" data-end=\"9363\">embalagem herm\u00e9tica<\/strong> para manter a estabilidade e a pureza.<\/p>\n<hr data-start=\"9412\" data-end=\"9415\" \/>\n<h3 data-start=\"9417\" data-end=\"9434\"><strong data-start=\"9421\" data-end=\"9434\">Conclus\u00e3o<\/strong><\/h3>\n<p data-start=\"9436\" data-end=\"9714\"><strong data-start=\"9436\" data-end=\"9459\">HXE (Hidroxetamina)<\/strong> \u00e9 um <strong data-start=\"9467\" data-end=\"9511\">material de pesquisa anal\u00edtica de alta qualidade<\/strong> com excelente <strong data-start=\"9528\" data-end=\"9578\">estabilidade, pureza e reprodutibilidade<\/strong>.<br data-start=\"9579\" data-end=\"9582\" \/>\u00c9 a escolha ideal para laborat\u00f3rios focados em <strong data-start=\"9642\" data-end=\"9711\">an\u00e1lise de arilciclohexilamina, estudos toxicol\u00f3gicos e estruturais<\/strong>.<\/p>","protected":false},"excerpt":{"rendered":"<h3><span style=\"vertical-align: inherit;\"><span style=\"vertical-align: inherit;\"><span dir=\"auto\" style=\"vertical-align: inherit;\"><span dir=\"auto\" style=\"vertical-align: inherit;\">Propriedades HXE<\/span><\/span><\/span><\/span><\/h3>\n<p><strong><span style=\"vertical-align: inherit;\"><span style=\"vertical-align: inherit;\"><span dir=\"auto\" style=\"vertical-align: inherit;\"><span dir=\"auto\" style=\"vertical-align: inherit;\">Sin\u00f4nimo: <\/span><\/span><\/span><\/span><\/strong> <b><span style=\"vertical-align: inherit;\"><span style=\"vertical-align: inherit;\"><span dir=\"auto\" style=\"vertical-align: inherit;\"><span dir=\"auto\" style=\"vertical-align: inherit;\">3&#039;-hidroxi-2-oxo-PCE<\/span><\/span><\/span><\/span><\/b><span style=\"vertical-align: inherit;\"><span style=\"vertical-align: inherit;\"><span dir=\"auto\" style=\"vertical-align: inherit;\"><span dir=\"auto\" style=\"vertical-align: inherit;\"> , <\/span><\/span><\/span><\/span><b><span style=\"vertical-align: inherit;\"><span style=\"vertical-align: inherit;\"><span dir=\"auto\" style=\"vertical-align: inherit;\"><span dir=\"auto\" style=\"vertical-align: inherit;\">O-desmetilmetoxetamina<\/span><\/span><\/span><\/span><\/b><span style=\"vertical-align: inherit;\"><span style=\"vertical-align: inherit;\"><span dir=\"auto\" style=\"vertical-align: inherit;\"><span dir=\"auto\" style=\"vertical-align: inherit;\"> , <\/span><\/span><\/span><\/span><b><span style=\"vertical-align: inherit;\"><span style=\"vertical-align: inherit;\"><span dir=\"auto\" style=\"vertical-align: inherit;\"><span dir=\"auto\" style=\"vertical-align: inherit;\">HXE <\/span><\/span><\/span><\/span><\/b><br \/>\n<strong><span style=\"vertical-align: inherit;\"><span style=\"vertical-align: inherit;\"><span dir=\"auto\" style=\"vertical-align: inherit;\"><span dir=\"auto\" style=\"vertical-align: inherit;\">N\u00famero CAS:<\/span><\/span><\/span><\/span><\/strong><span style=\"vertical-align: inherit;\"><span style=\"vertical-align: inherit;\"><span dir=\"auto\" style=\"vertical-align: inherit;\"><span dir=\"auto\" style=\"vertical-align: inherit;\"> 1620054-73-0 <\/span><\/span><\/span><\/span><br \/>\n<strong><span style=\"vertical-align: inherit;\"><span style=\"vertical-align: inherit;\"><span dir=\"auto\" style=\"vertical-align: inherit;\"><span dir=\"auto\" style=\"vertical-align: inherit;\">F\u00f3rmula:<\/span><\/span><\/span><\/span><\/strong><span style=\"vertical-align: inherit;\"><span style=\"vertical-align: inherit;\"><span dir=\"auto\" style=\"vertical-align: inherit;\"><span dir=\"auto\" style=\"vertical-align: inherit;\"> C14H19NO2 <\/span><\/span><\/span><\/span><br \/>\n<strong><span style=\"vertical-align: inherit;\"><span style=\"vertical-align: inherit;\"><span dir=\"auto\" style=\"vertical-align: inherit;\"><span dir=\"auto\" style=\"vertical-align: inherit;\">Massa molar:<\/span><\/span><\/span><\/span><\/strong><span style=\"vertical-align: inherit;\"><span style=\"vertical-align: inherit;\"><span dir=\"auto\" style=\"vertical-align: inherit;\"><span dir=\"auto\" style=\"vertical-align: inherit;\"> 233,311 g mol\u22121 <\/span><\/span><\/span><\/span><br \/>\n<strong><span style=\"vertical-align: inherit;\"><span style=\"vertical-align: inherit;\"><span dir=\"auto\" style=\"vertical-align: inherit;\"><span dir=\"auto\" style=\"vertical-align: inherit;\">Pureza:<\/span><\/span><\/span><\/span><\/strong><span style=\"vertical-align: inherit;\"><span style=\"vertical-align: inherit;\"><span dir=\"auto\" style=\"vertical-align: inherit;\"><span dir=\"auto\" style=\"vertical-align: inherit;\"> &gt;99%<\/span><\/span><\/span><\/span><\/p>","protected":false},"featured_media":29354,"comment_status":"closed","ping_status":"closed","template":"","meta":[],"product_brand":[],"product_cat":[71,492],"product_tag":[287,326],"class_list":{"0":"post-23878","1":"product","2":"type-product","3":"status-publish","4":"has-post-thumbnail","6":"product_cat-arylcyclohexylamine","7":"product_cat-hxe","8":"product_tag-hxe","9":"product_tag-nl","11":"first","12":"instock","13":"taxable","14":"shipping-taxable","15":"purchasable","16":"product-type-variable"},"_links":{"self":[{"href":"https:\/\/onderzoekschemicals.com\/pt\/wp-json\/wp\/v2\/product\/23878","targetHints":{"allow":["GET"]}}],"collection":[{"href":"https:\/\/onderzoekschemicals.com\/pt\/wp-json\/wp\/v2\/product"}],"about":[{"href":"https:\/\/onderzoekschemicals.com\/pt\/wp-json\/wp\/v2\/types\/product"}],"replies":[{"embeddable":true,"href":"https:\/\/onderzoekschemicals.com\/pt\/wp-json\/wp\/v2\/comments?post=23878"}],"version-history":[{"count":5,"href":"https:\/\/onderzoekschemicals.com\/pt\/wp-json\/wp\/v2\/product\/23878\/revisions"}],"predecessor-version":[{"id":27929,"href":"https:\/\/onderzoekschemicals.com\/pt\/wp-json\/wp\/v2\/product\/23878\/revisions\/27929"}],"wp:featuredmedia":[{"embeddable":true,"href":"https:\/\/onderzoekschemicals.com\/pt\/wp-json\/wp\/v2\/media\/29354"}],"wp:attachment":[{"href":"https:\/\/onderzoekschemicals.com\/pt\/wp-json\/wp\/v2\/media?parent=23878"}],"wp:term":[{"taxonomy":"product_brand","embeddable":true,"href":"https:\/\/onderzoekschemicals.com\/pt\/wp-json\/wp\/v2\/product_brand?post=23878"},{"taxonomy":"product_cat","embeddable":true,"href":"https:\/\/onderzoekschemicals.com\/pt\/wp-json\/wp\/v2\/product_cat?post=23878"},{"taxonomy":"product_tag","embeddable":true,"href":"https:\/\/onderzoekschemicals.com\/pt\/wp-json\/wp\/v2\/product_tag?post=23878"}],"curies":[{"name":"wp","href":"https:\/\/api.w.org\/{rel}","templated":true}]}}