{"id":23869,"date":"2025-04-13T17:40:36","date_gmt":"2025-04-13T17:40:36","guid":{"rendered":"https:\/\/onderzoekschemicals.com\/?post_type=product&#038;p=23869"},"modified":"2025-11-28T07:27:56","modified_gmt":"2025-11-28T07:27:56","slug":"34-dmmc-kopen","status":"publish","type":"product","link":"https:\/\/onderzoekschemicals.com\/pt\/shop\/3\/34-dmmc-kopen\/","title":{"rendered":"3,4-DMMC (3,4-Dimetilmetcatinona)"},"content":{"rendered":"<p data-start=\"4596\" data-end=\"4908\"><strong data-start=\"4596\" data-end=\"4636\">3,4-DMMC (3,4-Dimetilmetcatinona)<\/strong> \u00e9 um <strong data-start=\"4644\" data-end=\"4679\">composto estimulante de designer<\/strong> dentro da classe de <strong data-start=\"4701\" data-end=\"4725\">substituir catinonas<\/strong>.\u00a0<br data-start=\"4764\" data-end=\"4767\" \/>Foi detectado pela primeira vez por volta de 2010 como um an\u00e1logo da mefedrona e outras catinonas. <span class=\"___SBox_epc1q-ko_ ___SText_zko9t-ko_\" data-ui-name=\"Link.Text\">Compre 34 dmmc<\/span><\/p>\n<p data-start=\"4910\" data-end=\"5190\">Como um produto qu\u00edmico de pesquisa, o 3,4-DMMC \u00e9 usado em <strong data-start=\"4966\" data-end=\"5017\">estudos anal\u00edticos, estruturais e forenses<\/strong> de novas subst\u00e2ncias psicoativas (NPS). Serve como padr\u00e3o de refer\u00eancia em laborat\u00f3rios que investigam intera\u00e7\u00f5es de transportadores, metab\u00f3litos e identifica\u00e7\u00e3o espectral.<\/p>\n<hr data-start=\"5192\" data-end=\"5195\" \/>\n<h3 data-start=\"5197\" data-end=\"5228\"><strong data-start=\"5201\" data-end=\"5228\">Principais caracter\u00edsticas<\/strong><\/h3>\n<ul data-start=\"5230\" data-end=\"6038\">\n<li data-start=\"5230\" data-end=\"5319\">\n<p data-start=\"5232\" data-end=\"5319\"><strong data-start=\"5232\" data-end=\"5264\">Alta pureza anal\u00edtica:<\/strong> Geralmente \u2265 98\u201399% de pureza (dependente do lote).<\/p>\n<\/li>\n<li data-start=\"5320\" data-end=\"5456\">\n<p data-start=\"5322\" data-end=\"5456\"><strong data-start=\"5322\" data-end=\"5346\">Estruturalmente an\u00e1logo:<\/strong> Catinona com grupos metil nas posi\u00e7\u00f5es 3 e 4 do anel fenil.<\/p>\n<\/li>\n<li data-start=\"5457\" data-end=\"5650\">\n<p data-start=\"5459\" data-end=\"5650\"><strong data-start=\"5459\" data-end=\"5495\">Atividade do transportador de monoamina:<\/strong> Funciona como substrato\/inibidor dos transportadores de serotonina e noradrenalina; menor efeito na recapta\u00e7\u00e3o de dopamina.<\/p>\n<\/li>\n<li data-start=\"5651\" data-end=\"5785\">\n<p data-start=\"5653\" data-end=\"5785\"><strong data-start=\"5653\" data-end=\"5689\">Dados de caracteriza\u00e7\u00e3o robustos:<\/strong> Totalmente caracterizado por GC\/MS, IR, RMN, UV\/vis.<\/p>\n<\/li>\n<li data-start=\"5786\" data-end=\"5946\">\n<p data-start=\"5788\" data-end=\"5946\"><strong data-start=\"5788\" data-end=\"5815\">Tempo de reten\u00e7\u00e3o exclusivo do GC:<\/strong> Embora os perfis de IR\/UV sejam semelhantes aos da mefedrona, os tempos de reten\u00e7\u00e3o e fragmenta\u00e7\u00e3o s\u00e3o diferentes.<\/p>\n<\/li>\n<li data-start=\"5947\" data-end=\"6038\">\n<p data-start=\"5949\" data-end=\"6038\"><strong data-start=\"5949\" data-end=\"5979\">Est\u00e1vel quando armazenado corretamente:<\/strong> Mant\u00e9m a integridade quando devidamente coberto e protegido.<\/p>\n<\/li>\n<\/ul>\n<hr data-start=\"6040\" data-end=\"6043\" \/>\n<h3 data-start=\"6045\" data-end=\"6062\"><strong data-start=\"6049\" data-end=\"6062\">Vantagens<\/strong><\/h3>\n<ol data-start=\"6064\" data-end=\"6583\">\n<li data-start=\"6064\" data-end=\"6166\">\n<p data-start=\"6067\" data-end=\"6166\"><strong data-start=\"6067\" data-end=\"6098\">Subst\u00e2ncia de refer\u00eancia confi\u00e1vel:<\/strong> Use como ferramenta de calibra\u00e7\u00e3o e compara\u00e7\u00e3o em laborat\u00f3rios forenses.<\/p>\n<\/li>\n<li data-start=\"6167\" data-end=\"6262\">\n<p data-start=\"6170\" data-end=\"6262\"><strong data-start=\"6170\" data-end=\"6194\">Desafio Espectral:<\/strong> Serve como um an\u00e1logo desafiador para testar a seletividade do instrumento.<\/p>\n<\/li>\n<li data-start=\"6263\" data-end=\"6359\">\n<p data-start=\"6266\" data-end=\"6359\"><strong data-start=\"6266\" data-end=\"6291\">Pesquisa de transportadores:<\/strong> Valioso na pesquisa farmacol\u00f3gica sobre serotonina\/noradrenalina.<\/p>\n<\/li>\n<li data-start=\"6360\" data-end=\"6468\">\n<p data-start=\"6363\" data-end=\"6468\"><strong data-start=\"6363\" data-end=\"6387\">Pesquisa de metab\u00f3litos:<\/strong> Ajuda no mapeamento de vias metab\u00f3licas em amostras biol\u00f3gicas.<\/p>\n<\/li>\n<li data-start=\"6469\" data-end=\"6583\">\n<p data-start=\"6472\" data-end=\"6583\"><strong data-start=\"6472\" data-end=\"6509\">Oferece suporte \u00e0 investiga\u00e7\u00e3o forense:<\/strong> Facilita a constru\u00e7\u00e3o de bancos de dados espectrais para subst\u00e2ncias emergentes.<\/p>\n<\/li>\n<\/ol>\n<hr data-start=\"6585\" data-end=\"6588\" \/>\n<h3 data-start=\"6590\" data-end=\"6650\"><strong data-start=\"6594\" data-end=\"6650\">Como usar (somente para uso em laborat\u00f3rio)<\/strong><\/h3>\n<ol data-start=\"6652\" data-end=\"7071\">\n<li data-start=\"6652\" data-end=\"6737\">\n<p data-start=\"6655\" data-end=\"6737\"><strong data-start=\"6655\" data-end=\"6696\">Use equipamento de prote\u00e7\u00e3o completo:<\/strong> luvas, \u00f3culos de seguran\u00e7a, jaleco.<\/p>\n<\/li>\n<li data-start=\"6738\" data-end=\"6819\">\n<p data-start=\"6741\" data-end=\"6819\"><strong data-start=\"6741\" data-end=\"6781\">Trabalhar em ambiente controlado:<\/strong> por exemplo, capela de exaust\u00e3o, espa\u00e7o de trabalho limpo.<\/p>\n<\/li>\n<li data-start=\"6820\" data-end=\"6896\">\n<p data-start=\"6823\" data-end=\"6896\"><strong data-start=\"6823\" data-end=\"6857\">Use instrumentos precisos:<\/strong> balan\u00e7as, pipetas, espectr\u00f4metros etc.<\/p>\n<\/li>\n<li data-start=\"6897\" data-end=\"6984\">\n<p data-start=\"6900\" data-end=\"6984\"><strong data-start=\"6900\" data-end=\"6932\">Dados de amostra do documento:<\/strong> n\u00famero do lote, peso, pureza, condi\u00e7\u00f5es.<\/p>\n<\/li>\n<li data-start=\"6985\" data-end=\"7071\">\n<p data-start=\"6988\" data-end=\"7071\"><strong data-start=\"6988\" data-end=\"7018\">Remova os res\u00edduos com seguran\u00e7a:<\/strong> de acordo com os protocolos de seguran\u00e7a da sua institui\u00e7\u00e3o.<\/p>\n<\/li>\n<\/ol>\n<blockquote data-start=\"7073\" data-end=\"7189\">\n<p data-start=\"7075\" data-end=\"7189\">\u2697\ufe0f <strong data-start=\"7078\" data-end=\"7189\">Somente para fins de pesquisa anal\u00edtica\/cient\u00edfica \u2013 n\u00e3o para consumo humano ou animal.<\/strong><\/p>\n<\/blockquote>\n<hr data-start=\"7191\" data-end=\"7194\" \/>\n<h3 data-start=\"7196\" data-end=\"7221\"><strong data-start=\"7200\" data-end=\"7221\">Instru\u00e7\u00f5es de armazenamento<\/strong><\/h3>\n<ul data-start=\"7223\" data-end=\"7494\">\n<li data-start=\"7223\" data-end=\"7283\">\n<p data-start=\"7225\" data-end=\"7283\">Economize em <strong data-start=\"7236\" data-end=\"7246\">2\u20138 \u00b0C<\/strong> em local fresco, seco e escuro.<\/p>\n<\/li>\n<li data-start=\"7284\" data-end=\"7370\">\n<p data-start=\"7286\" data-end=\"7370\">Use recipientes inertes e herm\u00e9ticos (por exemplo, frascos \u00e2mbar) para proteger da umidade e da luz.<\/p>\n<\/li>\n<li data-start=\"7371\" data-end=\"7430\">\n<p data-start=\"7373\" data-end=\"7430\">Evite exposi\u00e7\u00e3o repetida ao calor ou \u00e0 luz.<\/p>\n<\/li>\n<li data-start=\"7431\" data-end=\"7494\">\n<p data-start=\"7433\" data-end=\"7494\">Acess\u00edvel somente a pessoal anal\u00edtico qualificado. <span class=\"___SBox_epc1q-ko_ ___SText_zko9t-ko_\" data-ui-name=\"Link.Text\">Compre 34 dmmc<\/span><\/p>\n<\/li>\n<\/ul>\n<hr data-start=\"7496\" data-end=\"7499\" \/>\n<h3 data-start=\"7501\" data-end=\"7536\"><strong data-start=\"7505\" data-end=\"7536\">Perguntas Frequentes (FAQ&#039;s)<\/strong><\/h3>\n<p data-start=\"7538\" data-end=\"7781\"><strong data-start=\"7538\" data-end=\"7587\">1. Qual \u00e9 o mecanismo de a\u00e7\u00e3o do 3,4-DMMC?<\/strong><br data-start=\"7587\" data-end=\"7590\" \/>In vitro, ele funciona como um substrato\/inibidor dos transportadores de serotonina e noradrenalina; seu efeito na recapta\u00e7\u00e3o de dopamina \u00e9 relativamente mais fraco.<\/p>\n<p data-start=\"7783\" data-end=\"8013\"><strong data-start=\"7783\" data-end=\"7850\">2. O 3,4-DMMC pode ser distinguido analiticamente da mefedrona?<\/strong><br data-start=\"7850\" data-end=\"7853\" \/>Sim. Embora os perfis de IR\/UV possam se sobrepor, os tempos de reten\u00e7\u00e3o do GC e a fragmenta\u00e7\u00e3o em massa fazem a diferen\u00e7a.<\/p>\n<p data-start=\"8015\" data-end=\"8234\"><strong data-start=\"8015\" data-end=\"8058\">3. O 3,4-DMMC \u00e9 regulamentado ou ilegal?<\/strong><br data-start=\"8058\" data-end=\"8061\" \/>Em muitos pa\u00edses, o 3,4-DMMC \u00e9 regulamentado como uma catinona sint\u00e9tica. Nos EUA, \u00e9 classificado como uma droga de Classe I como um is\u00f4mero posicional do 4-MEC. <a href=\"https:\/\/onderzoekschemicals.com\/pt\/shop\/pellets-for-pellet\/1p-lsd-microdose\/\">Microdose de 1P-LSD<\/a><\/p>","protected":false},"excerpt":{"rendered":"<h3><span style=\"vertical-align: inherit;\"><span style=\"vertical-align: inherit;\">3,4-DMMC \u00e9 uma subst\u00e2ncia relacionada ao 3-MMC\/3-CMC<\/span><\/span><\/h3>\n<p><span style=\"vertical-align: inherit;\"><span style=\"vertical-align: inherit;\">3,4-DMMC\/3,4-Dimetilmetcatinona \u00e9 uma subst\u00e2ncia que vendemos apenas para fins de pesquisa e, portanto, n\u00e3o se destina ao consumo. A subst\u00e2ncia pertence \u00e0 categoria das catinonas. O 3,4-DMMC \u00e9 fornecido em p\u00f3 e pode ser usado em pesquisas por at\u00e9 2 anos, desde que armazenado em ambiente adequado.<\/span><\/span><\/p>","protected":false},"featured_media":29203,"comment_status":"closed","ping_status":"closed","template":"","meta":[],"product_brand":[],"product_cat":[493,494,322,79],"product_tag":[1105,326],"class_list":{"0":"post-23869","1":"product","2":"type-product","3":"status-publish","4":"has-post-thumbnail","6":"product_cat-493","7":"product_cat-4-dmmc","8":"product_cat-bijna-verboden","9":"product_cat-cathinonen","10":"product_tag-34-dmmc-kopen","11":"product_tag-nl","13":"first","14":"instock","15":"taxable","16":"shipping-taxable","17":"purchasable","18":"product-type-variable"},"_links":{"self":[{"href":"https:\/\/onderzoekschemicals.com\/pt\/wp-json\/wp\/v2\/product\/23869","targetHints":{"allow":["GET"]}}],"collection":[{"href":"https:\/\/onderzoekschemicals.com\/pt\/wp-json\/wp\/v2\/product"}],"about":[{"href":"https:\/\/onderzoekschemicals.com\/pt\/wp-json\/wp\/v2\/types\/product"}],"replies":[{"embeddable":true,"href":"https:\/\/onderzoekschemicals.com\/pt\/wp-json\/wp\/v2\/comments?post=23869"}],"version-history":[{"count":5,"href":"https:\/\/onderzoekschemicals.com\/pt\/wp-json\/wp\/v2\/product\/23869\/revisions"}],"predecessor-version":[{"id":27928,"href":"https:\/\/onderzoekschemicals.com\/pt\/wp-json\/wp\/v2\/product\/23869\/revisions\/27928"}],"wp:featuredmedia":[{"embeddable":true,"href":"https:\/\/onderzoekschemicals.com\/pt\/wp-json\/wp\/v2\/media\/29203"}],"wp:attachment":[{"href":"https:\/\/onderzoekschemicals.com\/pt\/wp-json\/wp\/v2\/media?parent=23869"}],"wp:term":[{"taxonomy":"product_brand","embeddable":true,"href":"https:\/\/onderzoekschemicals.com\/pt\/wp-json\/wp\/v2\/product_brand?post=23869"},{"taxonomy":"product_cat","embeddable":true,"href":"https:\/\/onderzoekschemicals.com\/pt\/wp-json\/wp\/v2\/product_cat?post=23869"},{"taxonomy":"product_tag","embeddable":true,"href":"https:\/\/onderzoekschemicals.com\/pt\/wp-json\/wp\/v2\/product_tag?post=23869"}],"curies":[{"name":"wp","href":"https:\/\/api.w.org\/{rel}","templated":true}]}}