{"id":23801,"date":"2025-04-13T17:40:27","date_gmt":"2025-04-13T17:40:27","guid":{"rendered":"https:\/\/onderzoekschemicals.com\/?post_type=product&#038;p=23801"},"modified":"2025-11-28T07:38:00","modified_gmt":"2025-11-28T07:38:00","slug":"4fmar","status":"publish","type":"product","link":"https:\/\/onderzoekschemicals.com\/pt\/shop\/aminorex\/4fmar\/","title":{"rendered":"4F-MAR (4-Fluoro-4-metilaminorex)"},"content":{"rendered":"<p data-start=\"4818\" data-end=\"5118\"><strong data-start=\"4818\" data-end=\"4856\">4F-MAR (4-Fluoro-4-metilaminorex)<\/strong> \u00e9 um <strong data-start=\"4864\" data-end=\"4897\">derivado sint\u00e9tico do aminorex<\/strong> que pertence ao <strong data-start=\"4917\" data-end=\"4937\">classe oxazolina<\/strong>\u00c9 usado como <strong data-start=\"4962\" data-end=\"4985\">material de refer\u00eancia<\/strong> em laborat\u00f3rios anal\u00edticos e forenses para estudar a estrutura qu\u00edmica e as propriedades de compostos semelhantes. 4FMAR<\/p>\n<p data-start=\"5120\" data-end=\"5377\">Este produto \u00e9 <strong data-start=\"5135\" data-end=\"5190\">destinado apenas \u00e0 pesquisa cient\u00edfica<\/strong> e <strong data-start=\"5194\" data-end=\"5251\">n\u00e3o \u00e9 adequado para consumo humano ou animal<\/strong>A pesquisa sobre 4F-MAR contribui para o desenvolvimento de m\u00e9todos de detec\u00e7\u00e3o e an\u00e1lise em toxicologia forense.<\/p>\n<hr data-start=\"5379\" data-end=\"5382\" \/>\n<h3 data-start=\"5384\" data-end=\"5415\"><strong data-start=\"5388\" data-end=\"5415\">Principais caracter\u00edsticas<\/strong><\/h3>\n<ul data-start=\"5417\" data-end=\"5939\">\n<li data-start=\"5417\" data-end=\"5519\">\n<p data-start=\"5419\" data-end=\"5519\"><strong data-start=\"5419\" data-end=\"5439\">Alta Pureza:<\/strong> Fabricado sob condi\u00e7\u00f5es controladas para resultados confi\u00e1veis.<\/p>\n<\/li>\n<li data-start=\"5520\" data-end=\"5629\">\n<p data-start=\"5522\" data-end=\"5629\"><strong data-start=\"5522\" data-end=\"5561\">Material de refer\u00eancia certificado:<\/strong> Fornecido com <strong data-start=\"5575\" data-end=\"5603\">certificado de an\u00e1lise (COA)<\/strong> e dados de pureza.<\/p>\n<\/li>\n<li data-start=\"5630\" data-end=\"5734\">\n<p data-start=\"5632\" data-end=\"5734\"><strong data-start=\"5632\" data-end=\"5658\">Aplic\u00e1vel forensemente:<\/strong> Adequado para perfis qu\u00edmicos e pesquisa de refer\u00eancia toxicol\u00f3gica. 4FMAR<\/p>\n<\/li>\n<li data-start=\"5735\" data-end=\"5837\">\n<p data-start=\"5737\" data-end=\"5837\"><strong data-start=\"5737\" data-end=\"5774\">Compat\u00edvel com equipamentos de an\u00e1lise:<\/strong> Adequado para uso com <strong data-start=\"5801\" data-end=\"5810\">GC-MS<\/strong>, <strong data-start=\"5812\" data-end=\"5821\">LC-MS<\/strong>, e <strong data-start=\"5826\" data-end=\"5834\">HPLC<\/strong>.<\/p>\n<\/li>\n<li data-start=\"5838\" data-end=\"5939\">\n<p data-start=\"5840\" data-end=\"5939\"><strong data-start=\"5840\" data-end=\"5860\">Produto Est\u00e1vel:<\/strong> Projetado para armazenamento de longo prazo em condi\u00e7\u00f5es padr\u00e3o de laborat\u00f3rio.<\/p>\n<\/li>\n<\/ul>\n<hr data-start=\"5941\" data-end=\"5944\" \/>\n<h3 data-start=\"5946\" data-end=\"5963\"><strong data-start=\"5950\" data-end=\"5963\">Vantagens<\/strong><\/h3>\n<ul data-start=\"5965\" data-end=\"6483\">\n<li data-start=\"5965\" data-end=\"6078\">\n<p data-start=\"5967\" data-end=\"6078\"><strong data-start=\"5967\" data-end=\"6003\">Suporta an\u00e1lise forense:<\/strong> Ajuda a identificar an\u00e1logos de aminorex em amostras de pesquisa.<\/p>\n<\/li>\n<li data-start=\"6079\" data-end=\"6182\">\n<p data-start=\"6081\" data-end=\"6182\"><strong data-start=\"6081\" data-end=\"6121\">Aumenta a precis\u00e3o anal\u00edtica:<\/strong> Fornece uma refer\u00eancia confi\u00e1vel para calibra\u00e7\u00e3o de laborat\u00f3rio.<\/p>\n<\/li>\n<li data-start=\"6183\" data-end=\"6284\">\n<p data-start=\"6185\" data-end=\"6284\"><strong data-start=\"6185\" data-end=\"6218\">Relev\u00e2ncia cient\u00edfica:<\/strong> Adequado para estudos qu\u00edmicos, estruturais e toxicol\u00f3gicos.<\/p>\n<\/li>\n<li data-start=\"6285\" data-end=\"6383\">\n<p data-start=\"6287\" data-end=\"6383\"><strong data-start=\"6287\" data-end=\"6320\">Atende aos padr\u00f5es de qualidade:<\/strong> Fabricado de acordo com diretrizes laboratoriais internacionais.<\/p>\n<\/li>\n<li data-start=\"6384\" data-end=\"6483\">\n<p data-start=\"6386\" data-end=\"6483\"><strong data-start=\"6386\" data-end=\"6417\">Ampla aplicabilidade em pesquisa:<\/strong> Usado em educa\u00e7\u00e3o e pesquisa toxicol\u00f3gica e anal\u00edtica.<\/p>\n<\/li>\n<\/ul>\n<hr data-start=\"6485\" data-end=\"6488\" \/>\n<h3 data-start=\"6490\" data-end=\"6551\"><strong data-start=\"6494\" data-end=\"6551\">Instru\u00e7\u00f5es de uso (somente para fins de pesquisa)<\/strong><\/h3>\n<ol data-start=\"6553\" data-end=\"6940\">\n<li data-start=\"6553\" data-end=\"6655\">\n<p data-start=\"6556\" data-end=\"6655\"><strong data-start=\"6556\" data-end=\"6570\">Manuseio:<\/strong> Use somente em laborat\u00f3rios credenciados com equipamentos de seguran\u00e7a adequados.<\/p>\n<\/li>\n<li data-start=\"6656\" data-end=\"6746\">\n<p data-start=\"6659\" data-end=\"6746\"><strong data-start=\"6659\" data-end=\"6677\">Prepara\u00e7\u00e3o:<\/strong> Preparado de acordo com protocolos validados para testes anal\u00edticos.<\/p>\n<\/li>\n<li data-start=\"6747\" data-end=\"6848\">\n<p data-start=\"6750\" data-end=\"6848\"><strong data-start=\"6750\" data-end=\"6761\">Armazenar:<\/strong> Conservar em local fresco, seco e escuro, bem fechado, em recipiente resistente a produtos qu\u00edmicos.<\/p>\n<\/li>\n<li data-start=\"6849\" data-end=\"6940\">\n<p data-start=\"6852\" data-end=\"6940\"><strong data-start=\"6852\" data-end=\"6863\">Disposi\u00e7\u00e3o:<\/strong> Descarte os res\u00edduos de acordo com as diretrizes locais para gerenciamento de res\u00edduos qu\u00edmicos.<\/p>\n<\/li>\n<\/ol>\n<hr data-start=\"6942\" data-end=\"6945\" \/>\n<h3 data-start=\"6947\" data-end=\"6981\"><strong data-start=\"6951\" data-end=\"6981\">Seguran\u00e7a e Conformidade<\/strong><\/h3>\n<ul data-start=\"6983\" data-end=\"7382\">\n<li data-start=\"6983\" data-end=\"7077\">\n<p data-start=\"6985\" data-end=\"7077\"><strong data-start=\"6985\" data-end=\"7021\">Somente para uso em laborat\u00f3rio:<\/strong> N\u00e3o se destina ao consumo humano ou animal.<\/p>\n<\/li>\n<li data-start=\"7078\" data-end=\"7200\">\n<p data-start=\"7080\" data-end=\"7200\"><strong data-start=\"7080\" data-end=\"7108\">Considera\u00e7\u00f5es legais:<\/strong> Sempre verifique as leis locais sobre a posse e o uso do 4F-MAR.<\/p>\n<\/li>\n<li data-start=\"7201\" data-end=\"7257\">\n<p data-start=\"7203\" data-end=\"7257\"><strong data-start=\"7203\" data-end=\"7221\">Trabalho seguro:<\/strong> Evite a inala\u00e7\u00e3o e o contato com a pele.<\/p>\n<\/li>\n<li data-start=\"7258\" data-end=\"7382\">\n<p data-start=\"7260\" data-end=\"7382\"><strong data-start=\"7260\" data-end=\"7277\">Documenta\u00e7\u00e3o:<\/strong> UM <strong data-start=\"7282\" data-end=\"7318\">ficha de dados de seguran\u00e7a (FISPQ)<\/strong> e <strong data-start=\"7322\" data-end=\"7350\">certificado de an\u00e1lise (COA)<\/strong> est\u00e3o dispon\u00edveis mediante solicita\u00e7\u00e3o.<\/p>\n<\/li>\n<\/ul>\n<hr data-start=\"7384\" data-end=\"7387\" \/>\n<h3 data-start=\"7389\" data-end=\"7424\"><strong data-start=\"7393\" data-end=\"7424\">Perguntas Frequentes (FAQ&#039;s)<\/strong><\/h3>\n<p data-start=\"7426\" data-end=\"7579\"><strong data-start=\"7426\" data-end=\"7464\">1. Para que \u00e9 usado o 4F-MAR?<\/strong><br data-start=\"7464\" data-end=\"7467\" \/>4F-MAR \u00e9 usado como <strong data-start=\"7493\" data-end=\"7511\">subst\u00e2ncia de refer\u00eancia<\/strong> para estudos anal\u00edticos e forenses de an\u00e1logos de aminorex.<\/p>\n<p data-start=\"7581\" data-end=\"7755\"><strong data-start=\"7581\" data-end=\"7632\">2. O 4F-MAR \u00e9 seguro para consumo humano?<\/strong><br data-start=\"7632\" data-end=\"7635\" \/>N\u00e3o. Este produto \u00e9 <strong data-start=\"7655\" data-end=\"7693\">destinado apenas para fins de pesquisa<\/strong> e <strong data-start=\"7697\" data-end=\"7754\">n\u00e3o \u00e9 adequado para consumo humano ou animal<\/strong>.<\/p>\n<p data-start=\"7757\" data-end=\"7871\"><strong data-start=\"7757\" data-end=\"7798\">3. Como o 4F-MAR deve ser armazenado?<\/strong><br data-start=\"7798\" data-end=\"7801\" \/>Armazene em local fresco e escuro, bem fechado, fora do alcance de pessoas n\u00e3o autorizadas.<\/p>\n<p><em>.<a href=\"https:\/\/onderzoekschemicals.com\/pt\/shop\/iboga-ibogaine\/iboga-root-bark\/\">casca da raiz de iboga<\/a> <a href=\"https:\/\/onderzoekschemicals.com\/pt\/shop\/iboga-ibogaine\/buy-ibogaine-hcl-online\/\">comprar cloridrato de iboga\u00edna online<\/a> <a href=\"https:\/\/onderzoekschemicals.com\/pt\/shop\/lysergamides\/1cp-lsd\/\">1 comprimido de LSD<\/a> <a href=\"https:\/\/onderzoekschemicals.com\/pt\/shop\/pellets\/o-dsmt-50mg-pellets\/\">o-dsmt<\/a> <a href=\"https:\/\/onderzoekschemicals.com\/pt\/shop\/lysergamides\/1vlsd\/\">1vlsd\u200b<\/a>\u00a0<\/em><\/p>","protected":false},"excerpt":{"rendered":"<h2>4F-MAR \/ <b>4\u2032-Fluoro-4-metilaminorex \/ 4-FPO<\/b> propriedades<\/h2>\n<p><strong>N\u00famero CAS<\/strong>: 1364933-64-1<br \/>\n<strong>F\u00f3rmula<\/strong>: <span title=\"Carbono\">C<\/span><sub>10<\/sub><span title=\"Hidrog\u00eanio\">H<\/span><sub>11<\/sub><span title=\"Fl\u00faor\">F<\/span><span title=\"Azoto\">N<\/span><sub>2<\/sub><span title=\"Oxig\u00eanio\">O<\/span><br \/>\n<strong>Massa molar<\/strong>: <span class=\"nowrap\">194.209<\/span> g mol<br \/>\n<strong>Pureza<\/strong>: \u226598%<\/p>","protected":false},"featured_media":29246,"comment_status":"closed","ping_status":"closed","template":"","meta":[],"product_brand":[],"product_cat":[552],"product_tag":[776,1110,326],"class_list":{"0":"post-23801","1":"product","2":"type-product","3":"status-publish","4":"has-post-thumbnail","6":"product_cat-aminorex","7":"product_tag-4fma","8":"product_tag-4fmar-kopen","9":"product_tag-nl","11":"first","12":"instock","13":"taxable","14":"shipping-taxable","15":"purchasable","16":"product-type-variable"},"_links":{"self":[{"href":"https:\/\/onderzoekschemicals.com\/pt\/wp-json\/wp\/v2\/product\/23801","targetHints":{"allow":["GET"]}}],"collection":[{"href":"https:\/\/onderzoekschemicals.com\/pt\/wp-json\/wp\/v2\/product"}],"about":[{"href":"https:\/\/onderzoekschemicals.com\/pt\/wp-json\/wp\/v2\/types\/product"}],"replies":[{"embeddable":true,"href":"https:\/\/onderzoekschemicals.com\/pt\/wp-json\/wp\/v2\/comments?post=23801"}],"version-history":[{"count":6,"href":"https:\/\/onderzoekschemicals.com\/pt\/wp-json\/wp\/v2\/product\/23801\/revisions"}],"predecessor-version":[{"id":27951,"href":"https:\/\/onderzoekschemicals.com\/pt\/wp-json\/wp\/v2\/product\/23801\/revisions\/27951"}],"wp:featuredmedia":[{"embeddable":true,"href":"https:\/\/onderzoekschemicals.com\/pt\/wp-json\/wp\/v2\/media\/29246"}],"wp:attachment":[{"href":"https:\/\/onderzoekschemicals.com\/pt\/wp-json\/wp\/v2\/media?parent=23801"}],"wp:term":[{"taxonomy":"product_brand","embeddable":true,"href":"https:\/\/onderzoekschemicals.com\/pt\/wp-json\/wp\/v2\/product_brand?post=23801"},{"taxonomy":"product_cat","embeddable":true,"href":"https:\/\/onderzoekschemicals.com\/pt\/wp-json\/wp\/v2\/product_cat?post=23801"},{"taxonomy":"product_tag","embeddable":true,"href":"https:\/\/onderzoekschemicals.com\/pt\/wp-json\/wp\/v2\/product_tag?post=23801"}],"curies":[{"name":"wp","href":"https:\/\/api.w.org\/{rel}","templated":true}]}}