{"id":23670,"date":"2025-04-13T17:40:12","date_gmt":"2025-04-13T17:40:12","guid":{"rendered":"https:\/\/onderzoekschemicals.com\/?post_type=product&#038;p=23670"},"modified":"2025-10-18T13:08:25","modified_gmt":"2025-10-18T13:08:25","slug":"1cp-mipla-200-mcg-blotters","status":"publish","type":"product","link":"https:\/\/onderzoekschemicals.com\/pt\/shop\/1cp-mipla\/1cp-mipla-200-mcg-blotters\/","title":{"rendered":"Blotters 1cP-MiPLA 200 MCG"},"content":{"rendered":"<h1><span dir=\"auto\" style=\"vertical-align: inherit;\"><span dir=\"auto\" style=\"vertical-align: inherit;\">Blotters 1cP-MiPLA 200 mcg \u2013 Descri\u00e7\u00e3o do produto cient\u00edfico<\/span><\/span><\/h1>\n<p data-start=\"5212\" data-end=\"5495\"><strong data-start=\"5212\" data-end=\"5276\">1cP-MiPLA (1-ciclopropionil-N-metil-N-isopropillisergamida)<\/strong> \u00e9 um <strong data-start=\"5284\" data-end=\"5310\">composto de lisergamida<\/strong>, relacionado a <strong data-start=\"5324\" data-end=\"5331\">LSD<\/strong> e <strong data-start=\"5335\" data-end=\"5344\">MiPLA<\/strong>.<br data-start=\"5345\" data-end=\"5348\" \/>\u00c9 usado como <strong data-start=\"5371\" data-end=\"5389\">subst\u00e2ncia de refer\u00eancia<\/strong> em <strong data-start=\"5393\" data-end=\"5435\">laborat\u00f3rios forenses e anal\u00edticos<\/strong> para <strong data-start=\"5441\" data-end=\"5492\">valida\u00e7\u00e3o, calibra\u00e7\u00e3o e compara\u00e7\u00e3o espectral<\/strong>.<\/p>\n<p data-start=\"5497\" data-end=\"5737\">O <strong data-start=\"5500\" data-end=\"5522\">Forma de blotter de 200 \u00b5g<\/strong> fornece dosagem padronizada para an\u00e1lises precisas e reprodut\u00edveis.<br data-start=\"5602\" data-end=\"5605\" \/>Este produto \u00e9 <strong data-start=\"5620\" data-end=\"5675\">destinado apenas \u00e0 pesquisa cient\u00edfica<\/strong> e <strong data-start=\"5679\" data-end=\"5736\">n\u00e3o \u00e9 adequado para consumo humano ou animal<\/strong>.<\/p>\n<hr data-start=\"5739\" data-end=\"5742\" \/>\n<h3 data-start=\"5744\" data-end=\"5775\"><strong data-start=\"5748\" data-end=\"5775\">Principais caracter\u00edsticas<\/strong><\/h3>\n<ul data-start=\"5777\" data-end=\"6221\">\n<li data-start=\"5777\" data-end=\"5858\">\n<p data-start=\"5779\" data-end=\"5858\"><strong data-start=\"5779\" data-end=\"5799\">Alta Pureza:<\/strong> Produzido em condi\u00e7\u00f5es controladas de laborat\u00f3rio.<\/p>\n<\/li>\n<li data-start=\"5859\" data-end=\"5948\">\n<p data-start=\"5861\" data-end=\"5948\"><strong data-start=\"5861\" data-end=\"5893\">Dosagem padronizada:<\/strong> 200 \u00b5g por blotter para m\u00e9todos anal\u00edticos consistentes.<\/p>\n<\/li>\n<li data-start=\"5949\" data-end=\"6054\">\n<p data-start=\"5951\" data-end=\"6054\"><strong data-start=\"5951\" data-end=\"5990\">Material de refer\u00eancia certificado:<\/strong> Fornecido com <strong data-start=\"6004\" data-end=\"6032\">certificado de an\u00e1lise (COA)<\/strong> e informa\u00e7\u00f5es de lote.<\/p>\n<\/li>\n<li data-start=\"6055\" data-end=\"6150\">\n<p data-start=\"6057\" data-end=\"6150\"><strong data-start=\"6057\" data-end=\"6088\">Anal\u00edtico amplamente implant\u00e1vel:<\/strong> Adequado para <strong data-start=\"6103\" data-end=\"6111\">HPLC<\/strong>, <strong data-start=\"6113\" data-end=\"6125\">LC-MS\/MS<\/strong>, e <strong data-start=\"6130\" data-end=\"6138\">FTIR<\/strong> an\u00e1lises.<\/p>\n<\/li>\n<li data-start=\"6151\" data-end=\"6221\">\n<p data-start=\"6153\" data-end=\"6221\"><strong data-start=\"6153\" data-end=\"6178\">Formula\u00e7\u00e3o est\u00e1vel:<\/strong> Mant\u00e9m a estabilidade quando armazenado corretamente.<\/p>\n<\/li>\n<\/ul>\n<hr data-start=\"6223\" data-end=\"6226\" \/>\n<h3 data-start=\"6228\" data-end=\"6245\"><strong data-start=\"6232\" data-end=\"6245\">Vantagens<\/strong><\/h3>\n<ul data-start=\"6247\" data-end=\"6660\">\n<li data-start=\"6247\" data-end=\"6328\">\n<p data-start=\"6249\" data-end=\"6328\"><strong data-start=\"6249\" data-end=\"6276\">Aplica\u00e7\u00e3o Forense:<\/strong> Auxilia na identifica\u00e7\u00e3o de an\u00e1logos de lisergamida.<\/p>\n<\/li>\n<li data-start=\"6329\" data-end=\"6418\">\n<p data-start=\"6331\" data-end=\"6418\"><strong data-start=\"6331\" data-end=\"6358\">Calibra\u00e7\u00e3o confi\u00e1vel:<\/strong> Garante resultados de medi\u00e7\u00e3o consistentes e reproduz\u00edveis.<\/p>\n<\/li>\n<li data-start=\"6419\" data-end=\"6494\">\n<p data-start=\"6421\" data-end=\"6494\"><strong data-start=\"6421\" data-end=\"6443\">Valor Educacional:<\/strong> Adequado para programas de pesquisa acad\u00eamica.<\/p>\n<\/li>\n<li data-start=\"6495\" data-end=\"6560\">\n<p data-start=\"6497\" data-end=\"6560\"><strong data-start=\"6497\" data-end=\"6524\">Documenta\u00e7\u00e3o completa:<\/strong> Fornecido com <strong data-start=\"6538\" data-end=\"6546\">FISPQ<\/strong> e <strong data-start=\"6550\" data-end=\"6557\">Certificado de Aprova\u00e7\u00e3o<\/strong>.<\/p>\n<\/li>\n<li data-start=\"6561\" data-end=\"6660\">\n<p data-start=\"6563\" data-end=\"6660\"><strong data-start=\"6563\" data-end=\"6597\">Atende aos padr\u00f5es de seguran\u00e7a:<\/strong> Fabricado de acordo com diretrizes laboratoriais internacionais.<\/p>\n<\/li>\n<\/ul>\n<hr data-start=\"6662\" data-end=\"6665\" \/>\n<h3 data-start=\"6667\" data-end=\"6728\"><strong data-start=\"6671\" data-end=\"6728\">Instru\u00e7\u00f5es de uso (somente para fins de pesquisa)<\/strong><\/h3>\n<ol data-start=\"6730\" data-end=\"7058\">\n<li data-start=\"6730\" data-end=\"6827\">\n<p data-start=\"6733\" data-end=\"6827\"><strong data-start=\"6733\" data-end=\"6747\">Manuseio:<\/strong> Use somente em laborat\u00f3rios credenciados com equipamentos de seguran\u00e7a adequados.<\/p>\n<\/li>\n<li data-start=\"6828\" data-end=\"6903\">\n<p data-start=\"6831\" data-end=\"6903\"><strong data-start=\"6831\" data-end=\"6846\">Aplicativo:<\/strong> Use blotters para estudos de calibra\u00e7\u00e3o ou detec\u00e7\u00e3o.<\/p>\n<\/li>\n<li data-start=\"6904\" data-end=\"6967\">\n<p data-start=\"6907\" data-end=\"6967\"><strong data-start=\"6907\" data-end=\"6918\">Armazenar:<\/strong> Conservar em local fresco, seco e escuro, bem fechado.<\/p>\n<\/li>\n<li data-start=\"6968\" data-end=\"7058\">\n<p data-start=\"6971\" data-end=\"7058\"><strong data-start=\"6971\" data-end=\"6982\">Disposi\u00e7\u00e3o:<\/strong> Descarte os res\u00edduos de acordo com as regulamenta\u00e7\u00f5es locais para gerenciamento de res\u00edduos qu\u00edmicos.<\/p>\n<\/li>\n<\/ol>\n<hr data-start=\"7060\" data-end=\"7063\" \/>\n<h3 data-start=\"7065\" data-end=\"7099\"><strong data-start=\"7069\" data-end=\"7099\">Seguran\u00e7a e Conformidade<\/strong><\/h3>\n<ul data-start=\"7101\" data-end=\"7510\">\n<li data-start=\"7101\" data-end=\"7196\">\n<p data-start=\"7103\" data-end=\"7196\"><strong data-start=\"7103\" data-end=\"7139\">Somente para uso em laborat\u00f3rio:<\/strong> N\u00e3o \u00e9 adequado para consumo humano ou animal.<\/p>\n<\/li>\n<li data-start=\"7197\" data-end=\"7301\">\n<p data-start=\"7199\" data-end=\"7301\"><strong data-start=\"7199\" data-end=\"7227\">Considera\u00e7\u00f5es legais:<\/strong> Verifique sempre as regulamenta\u00e7\u00f5es locais relativas aos compostos de lisergamida.<\/p>\n<\/li>\n<li data-start=\"7302\" data-end=\"7385\">\n<p data-start=\"7304\" data-end=\"7385\"><strong data-start=\"7304\" data-end=\"7332\">Sa\u00fade e Seguran\u00e7a:<\/strong> Evite contato ou inala\u00e7\u00e3o; use EPI adequado.<\/p>\n<\/li>\n<li data-start=\"7386\" data-end=\"7510\">\n<p data-start=\"7388\" data-end=\"7510\"><strong data-start=\"7388\" data-end=\"7405\">Documenta\u00e7\u00e3o:<\/strong> UM <strong data-start=\"7410\" data-end=\"7446\">ficha de dados de seguran\u00e7a (FISPQ)<\/strong> e <strong data-start=\"7450\" data-end=\"7478\">certificado de an\u00e1lise (COA)<\/strong> est\u00e3o dispon\u00edveis mediante solicita\u00e7\u00e3o.<\/p>\n<\/li>\n<\/ul>\n<hr data-start=\"7512\" data-end=\"7515\" \/>\n<h3 data-start=\"7517\" data-end=\"7552\"><strong data-start=\"7521\" data-end=\"7552\">Perguntas Frequentes (FAQ&#039;s)<\/strong><\/h3>\n<p data-start=\"7554\" data-end=\"7704\"><strong data-start=\"7554\" data-end=\"7612\">1. Para que s\u00e3o usados os blotters 1cP-MiPLA 200 \u00b5g?<\/strong><br data-start=\"7612\" data-end=\"7615\" \/>Eles s\u00e3o usados como <strong data-start=\"7638\" data-end=\"7661\">material de refer\u00eancia<\/strong> em laborat\u00f3rios forenses e qu\u00edmicos.<\/p>\n<p data-start=\"7706\" data-end=\"7879\"><strong data-start=\"7706\" data-end=\"7768\">2. Esses mata-borr\u00f5es s\u00e3o adequados para consumo humano?<\/strong><br data-start=\"7768\" data-end=\"7771\" \/>N\u00e3o. Este produto \u00e9 <strong data-start=\"7791\" data-end=\"7829\">destinado apenas para fins de pesquisa<\/strong> e <strong data-start=\"7833\" data-end=\"7876\">n\u00e3o aprovado para uso humano<\/strong>.<\/p>\n<p data-start=\"7881\" data-end=\"8020\"><strong data-start=\"7881\" data-end=\"7936\">3. Como os blotters 1cP-MiPLA devem ser armazenados?<\/strong><br data-start=\"7936\" data-end=\"7939\" \/>Conservar em local fresco, seco e escuro, bem fechado e fora do alcance de pessoas n\u00e3o autorizadas.<\/p>\n<p><a href=\"https:\/\/onderzoekschemicals.com\/pt\/shop\/bijna-verboden\/6-cl-adba\/\"><span dir=\"auto\" style=\"vertical-align: inherit;\"><span dir=\"auto\" style=\"vertical-align: inherit;\">6-CL-ADBA <\/span><\/span><\/a><a href=\"https:\/\/onderzoekschemicals.com\/pt\/shop\/cathinonen\/2-cmc-kopen\/\"><span dir=\"auto\" style=\"vertical-align: inherit;\"><span dir=\"auto\" style=\"vertical-align: inherit;\">Pellets de 2-CMC 250 mg <\/span><\/span><\/a><a href=\"https:\/\/onderzoekschemicals.com\/pt\/shop\/fenethylamine\/2c-ef-2mg-capsules\/\"><span dir=\"auto\" style=\"vertical-align: inherit;\"><span dir=\"auto\" style=\"vertical-align: inherit;\">C\u00e1psulas 2C-EF 2mg <\/span><\/span><\/a><a href=\"https:\/\/onderzoekschemicals.com\/pt\/shop\/overig\/meai\/\"><span dir=\"auto\" style=\"vertical-align: inherit;\"><span dir=\"auto\" style=\"vertical-align: inherit;\">MEAI<\/span><\/span><\/a><\/p>","protected":false},"excerpt":{"rendered":"<h3><span data-sheets-value=\"{\" data-sheets-userformat=\"{\"><span dir=\"auto\" style=\"vertical-align: inherit;\"><span dir=\"auto\" style=\"vertical-align: inherit;\">1cP-MIPLA 200 MCG Blotters properties<\/span><\/span><\/span><\/h3>\n<p><strong><span dir=\"auto\" style=\"vertical-align: inherit;\"><span dir=\"auto\" style=\"vertical-align: inherit;\">Synonym:<\/span><\/span><\/strong><span dir=\"auto\" style=\"vertical-align: inherit;\"><span dir=\"auto\" style=\"vertical-align: inherit;\"> 1-cyclopropionyl-lysergic acid N, N-methylisopropylamide <\/span><\/span><br \/>\n<strong><span dir=\"auto\" style=\"vertical-align: inherit;\"><span dir=\"auto\" style=\"vertical-align: inherit;\">CAS Number:<\/span><\/span><\/strong><span dir=\"auto\" style=\"vertical-align: inherit;\"><span dir=\"auto\" style=\"vertical-align: inherit;\"> n\/a <\/span><\/span><br \/>\n<strong><span dir=\"auto\" style=\"vertical-align: inherit;\"><span dir=\"auto\" style=\"vertical-align: inherit;\">Formula:<\/span><\/span><\/strong><span dir=\"auto\" style=\"vertical-align: inherit;\"><span dir=\"auto\" style=\"vertical-align: inherit;\"> (6aR,9R)-4-(cyclopropanecarbonyl)-N-isopropyl-N,7-dimethyl-4,6,6a,7,8,9-hexahydroindolo[4,3-fg]quinoline-9-carboxamide <\/span><\/span><br \/>\n<strong><span dir=\"auto\" style=\"vertical-align: inherit;\"><span dir=\"auto\" style=\"vertical-align: inherit;\">Molar mass:<\/span><\/span><\/strong><span dir=\"auto\" style=\"vertical-align: inherit;\"><span dir=\"auto\" style=\"vertical-align: inherit;\"> 454.5 g\/mol <\/span><\/span><br \/>\n<strong><span dir=\"auto\" style=\"vertical-align: inherit;\"><span dir=\"auto\" style=\"vertical-align: inherit;\">Purity:<\/span><\/span><\/strong><span dir=\"auto\" style=\"vertical-align: inherit;\"><span dir=\"auto\" style=\"vertical-align: inherit;\"> &gt;97%<\/span><\/span><\/p>\n","protected":false},"featured_media":20620,"comment_status":"closed","ping_status":"closed","template":"","meta":[],"product_brand":[82],"product_cat":[361,358],"product_tag":[1136,642,326],"class_list":{"0":"post-23670","1":"product","2":"type-product","3":"status-publish","4":"has-post-thumbnail","6":"product_brand-research-chemical","7":"product_cat-1cp-mipla","8":"product_cat-lysergamides","9":"product_tag-1cp-mipla-kopen","10":"product_tag-1cp-mipla","11":"product_tag-nl","13":"first","14":"instock","15":"taxable","16":"shipping-taxable","17":"purchasable","18":"product-type-variable"},"_links":{"self":[{"href":"https:\/\/onderzoekschemicals.com\/pt\/wp-json\/wp\/v2\/product\/23670","targetHints":{"allow":["GET"]}}],"collection":[{"href":"https:\/\/onderzoekschemicals.com\/pt\/wp-json\/wp\/v2\/product"}],"about":[{"href":"https:\/\/onderzoekschemicals.com\/pt\/wp-json\/wp\/v2\/types\/product"}],"replies":[{"embeddable":true,"href":"https:\/\/onderzoekschemicals.com\/pt\/wp-json\/wp\/v2\/comments?post=23670"}],"version-history":[{"count":5,"href":"https:\/\/onderzoekschemicals.com\/pt\/wp-json\/wp\/v2\/product\/23670\/revisions"}],"predecessor-version":[{"id":27984,"href":"https:\/\/onderzoekschemicals.com\/pt\/wp-json\/wp\/v2\/product\/23670\/revisions\/27984"}],"wp:featuredmedia":[{"embeddable":true,"href":"https:\/\/onderzoekschemicals.com\/pt\/wp-json\/wp\/v2\/media\/20620"}],"wp:attachment":[{"href":"https:\/\/onderzoekschemicals.com\/pt\/wp-json\/wp\/v2\/media?parent=23670"}],"wp:term":[{"taxonomy":"product_brand","embeddable":true,"href":"https:\/\/onderzoekschemicals.com\/pt\/wp-json\/wp\/v2\/product_brand?post=23670"},{"taxonomy":"product_cat","embeddable":true,"href":"https:\/\/onderzoekschemicals.com\/pt\/wp-json\/wp\/v2\/product_cat?post=23670"},{"taxonomy":"product_tag","embeddable":true,"href":"https:\/\/onderzoekschemicals.com\/pt\/wp-json\/wp\/v2\/product_tag?post=23670"}],"curies":[{"name":"wp","href":"https:\/\/api.w.org\/{rel}","templated":true}]}}